{"id":9875,"date":"2019-12-20T09:15:48","date_gmt":"2019-12-20T06:15:48","guid":{"rendered":"https:\/\/test3.aenima.gr\/product\/seim-es-20-st-stirrup-bender-with-and-without-speed-variator-%e2%88%85-16\/"},"modified":"2021-02-11T22:47:01","modified_gmt":"2021-02-11T19:47:01","slug":"seim-es-20-machine-pour-etriers-avec-et-sans-variateur-de-vitesse-%e2%88%85-16","status":"publish","type":"product","link":"https:\/\/abcon.gr\/fr\/produit\/seim-es-20-machine-pour-etriers-avec-et-sans-variateur-de-vitesse-%e2%88%85-16\/","title":{"rendered":"SEIM ES 20 MACHINE POUR ETRIERS &#8211; AVEC ET SANS VARIATEUR DE VITESSE \u2205 16"},"content":{"rendered":"","protected":false},"excerpt":{"rendered":"<p>Le Machine pour \u00c9triers ES20 peut produire une grande quantit\u00e9 des etri\u00e8rs avec une pr\u00e9cision extr\u00eame gr\u00e2ce \u00e0 l\u2019outil pour les \u00e9triers equipment de serie d\u00e9di\u00e9.<\/p>\n<p><strong>\u00a0<\/strong><\/p>\n<table width=\"460\">\n<tbody>\n<tr>\n<td colspan=\"2\" width=\"401\"><strong>CARACTERISTIQUES GENERALES<\/strong><\/td>\n<\/tr>\n<tr>\n<td>RPM pour 1&prime;<\/td>\n<td>9 &#8211; 18<\/td>\n<\/tr>\n<tr>\n<td>Puissance Kw<\/td>\n<td>0,75<\/td>\n<\/tr>\n<tr>\n<td>Poids Kg<\/td>\n<td>230<\/td>\n<\/tr>\n<tr>\n<td>Dimensions (LxLxH)<\/td>\n<td>70x80x86<\/td>\n<\/tr>\n<\/tbody>\n<\/table>\n<p>&nbsp;<\/p>\n<table width=\"460\">\n<tbody>\n<tr>\n<td width=\"116\">&nbsp;<\/td>\n<td colspan=\"5\" width=\"373\"><strong>CAPACIT\u00c9 DE PLIAGE AVEC 9 RPM POUR 1&prime;<\/strong><\/td>\n<\/tr>\n<tr>\n<td rowspan=\"2\">Fer<\/td>\n<td width=\"75\">No.barres<\/td>\n<td width=\"75\">No.barres<\/td>\n<td width=\"75\">No.barres<\/td>\n<td width=\"75\">No.barres<\/td>\n<td width=\"75\">No.barres<\/td>\n<\/tr>\n<tr>\n<td>1<\/td>\n<td>2<\/td>\n<td>3<\/td>\n<td>4<\/td>\n<td>5<\/td>\n<\/tr>\n<tr>\n<td width=\"116\">Res.650N\/mm\u00b2<\/td>\n<td>\u00d8 max 18<\/td>\n<td>\u00d8 max 16<\/td>\n<td>\u00d8 max 14<\/td>\n<td>\u00d8 max 12<\/td>\n<td>\u00d8 max 10<\/td>\n<\/tr>\n<tr>\n<td width=\"116\">Res.850N\/mm\u00b2<\/td>\n<td>\u00d8 max 16<\/td>\n<td>\u00d8 max 14<\/td>\n<td>\u00d8 max 12<\/td>\n<td>\u00d8 max 10<\/td>\n<td>\u00d8 max 10<\/td>\n<\/tr>\n<\/tbody>\n<\/table>\n<p>&nbsp;<\/p>\n<table width=\"460\">\n<tbody>\n<tr>\n<td width=\"116\">&nbsp;<\/td>\n<td colspan=\"5\" width=\"373\"><strong>CAPACIT\u00c9 DE PLIAGE AVEC 18 RPM POUR 1&prime;<\/strong><\/td>\n<\/tr>\n<tr>\n<td rowspan=\"2\">Fer<\/td>\n<td width=\"75\">No.barres<\/td>\n<td width=\"75\">No.barres<\/td>\n<td width=\"75\">No.barres<\/td>\n<td width=\"75\">No.barres<\/td>\n<td width=\"75\">No.barres<\/td>\n<\/tr>\n<tr>\n<td>1<\/td>\n<td>2<\/td>\n<td>3<\/td>\n<td>4<\/td>\n<td>5<\/td>\n<\/tr>\n<tr>\n<td width=\"116\">Res.650N\/mm\u00b2<\/td>\n<td>\u00d8 max 14<\/td>\n<td>\u00d8 max 12<\/td>\n<td>\u00d8 max 10<\/td>\n<td>\u00d8 max 10<\/td>\n<td>\u00d8 max 8<\/td>\n<\/tr>\n<tr>\n<td width=\"116\">Res.850N\/mm\u00b2<\/td>\n<td>\u00d8 max 12<\/td>\n<td>\u00d8 max 10<\/td>\n<td>\u00d8 max 8<\/td>\n<td>\u00d8 max 8<\/td>\n<td>\u00d8 max 6<\/td>\n<\/tr>\n<\/tbody>\n<\/table>\n<p>&nbsp;<\/p>\n","protected":false},"featured_media":4391,"template":"","meta":{"_exactmetrics_skip_tracking":false,"_exactmetrics_sitenote_active":false,"_exactmetrics_sitenote_note":"","_exactmetrics_sitenote_category":0},"product_brand":[],"product_cat":[290,291,307],"product_tag":[327],"class_list":{"0":"post-9875","1":"product","2":"type-product","3":"status-publish","4":"has-post-thumbnail","6":"product_cat-machines-pour-le-travail-du-fer-a-beton","7":"product_cat-coupe-et-pliage","8":"product_cat-etriers","9":"product_tag-tecmor-fr","11":"first","12":"instock","13":"shipping-taxable","14":"product-type-simple"},"yoast_head":"<!-- This site is optimized with the Yoast SEO plugin v26.8 - https:\/\/yoast.com\/product\/yoast-seo-wordpress\/ -->\n<title>SEIM ES 20 MACHINE POUR ETRIERS - AVEC ET SANS VARIATEUR DE VITESSE \u2205 16 - A.B.CON.<\/title>\n<meta name=\"robots\" content=\"index, follow, max-snippet:-1, max-image-preview:large, max-video-preview:-1\" \/>\n<link rel=\"canonical\" href=\"https:\/\/abcon.gr\/fr\/produit\/seim-es-20-machine-pour-etriers-avec-et-sans-variateur-de-vitesse-\u2205-16\/\" \/>\n<meta property=\"og:locale\" content=\"fr_FR\" \/>\n<meta property=\"og:type\" content=\"article\" \/>\n<meta property=\"og:title\" content=\"SEIM ES 20 MACHINE POUR ETRIERS - AVEC ET SANS VARIATEUR DE VITESSE \u2205 16 - A.B.CON.\" \/>\n<meta property=\"og:description\" content=\"Le Machine pour \u00c9triers ES20 peut produire une grande quantit\u00e9 des etri\u00e8rs avec une pr\u00e9cision extr\u00eame gr\u00e2ce \u00e0 l\u2019outil pour les \u00e9triers equipment de serie d\u00e9di\u00e9.  \u00a0    CARACTERISTIQUES GENERALES   RPM pour 1&#039; 9 - 18   Puissance Kw 0,75   Poids Kg 230   Dimensions (LxLxH) 70x80x86    &nbsp;    &nbsp; CAPACIT\u00c9 DE PLIAGE AVEC 9 RPM POUR 1&#039;   Fer No.barres No.barres No.barres No.barres No.barres   1 2 3 4 5   Res.650N\/mm\u00b2 \u00d8 max 18 \u00d8 max 16 \u00d8 max 14 \u00d8 max 12 \u00d8 max 10   Res.850N\/mm\u00b2 \u00d8 max 16 \u00d8 max 14 \u00d8 max 12 \u00d8 max 10 \u00d8 max 10    &nbsp;    &nbsp; CAPACIT\u00c9 DE PLIAGE AVEC 18 RPM POUR 1&#039;   Fer No.barres No.barres No.barres No.barres No.barres   1 2 3 4 5   Res.650N\/mm\u00b2 \u00d8 max 14 \u00d8 max 12 \u00d8 max 10 \u00d8 max 10 \u00d8 max 8   Res.850N\/mm\u00b2 \u00d8 max 12 \u00d8 max 10 \u00d8 max 8 \u00d8 max 8 \u00d8 max 6    &nbsp;\" \/>\n<meta property=\"og:url\" content=\"https:\/\/abcon.gr\/fr\/produit\/seim-es-20-machine-pour-etriers-avec-et-sans-variateur-de-vitesse-\u2205-16\/\" \/>\n<meta property=\"og:site_name\" content=\"A.B.CON.\" \/>\n<meta property=\"article:publisher\" content=\"https:\/\/www.facebook.com\/Steel.Precast.Solutions.ABCON\/\" \/>\n<meta property=\"article:modified_time\" content=\"2021-02-11T19:47:01+00:00\" \/>\n<meta property=\"og:image\" content=\"https:\/\/abcon.gr\/wp-content\/uploads\/2018\/04\/Untitled-1-copy-3-1.jpg\" \/>\n\t<meta property=\"og:image:width\" content=\"750\" \/>\n\t<meta property=\"og:image:height\" content=\"500\" \/>\n\t<meta property=\"og:image:type\" content=\"image\/jpeg\" \/>\n<meta name=\"twitter:card\" content=\"summary_large_image\" \/>\n<script type=\"application\/ld+json\" class=\"yoast-schema-graph\">{\"@context\":\"https:\/\/schema.org\",\"@graph\":[{\"@type\":\"WebPage\",\"@id\":\"https:\/\/abcon.gr\/fr\/produit\/seim-es-20-machine-pour-etriers-avec-et-sans-variateur-de-vitesse-%e2%88%85-16\/\",\"url\":\"https:\/\/abcon.gr\/fr\/produit\/seim-es-20-machine-pour-etriers-avec-et-sans-variateur-de-vitesse-%e2%88%85-16\/\",\"name\":\"SEIM ES 20 MACHINE POUR ETRIERS - AVEC ET SANS VARIATEUR DE VITESSE \u2205 16 - A.B.CON.\",\"isPartOf\":{\"@id\":\"https:\/\/abcon.gr\/fr\/#website\"},\"primaryImageOfPage\":{\"@id\":\"https:\/\/abcon.gr\/fr\/produit\/seim-es-20-machine-pour-etriers-avec-et-sans-variateur-de-vitesse-%e2%88%85-16\/#primaryimage\"},\"image\":{\"@id\":\"https:\/\/abcon.gr\/fr\/produit\/seim-es-20-machine-pour-etriers-avec-et-sans-variateur-de-vitesse-%e2%88%85-16\/#primaryimage\"},\"thumbnailUrl\":\"https:\/\/abcon.gr\/wp-content\/uploads\/2018\/04\/Untitled-1-copy-3-1.jpg\",\"datePublished\":\"2019-12-20T06:15:48+00:00\",\"dateModified\":\"2021-02-11T19:47:01+00:00\",\"breadcrumb\":{\"@id\":\"https:\/\/abcon.gr\/fr\/produit\/seim-es-20-machine-pour-etriers-avec-et-sans-variateur-de-vitesse-%e2%88%85-16\/#breadcrumb\"},\"inLanguage\":\"fr-FR\",\"potentialAction\":[{\"@type\":\"ReadAction\",\"target\":[\"https:\/\/abcon.gr\/fr\/produit\/seim-es-20-machine-pour-etriers-avec-et-sans-variateur-de-vitesse-%e2%88%85-16\/\"]}]},{\"@type\":\"ImageObject\",\"inLanguage\":\"fr-FR\",\"@id\":\"https:\/\/abcon.gr\/fr\/produit\/seim-es-20-machine-pour-etriers-avec-et-sans-variateur-de-vitesse-%e2%88%85-16\/#primaryimage\",\"url\":\"https:\/\/abcon.gr\/wp-content\/uploads\/2018\/04\/Untitled-1-copy-3-1.jpg\",\"contentUrl\":\"https:\/\/abcon.gr\/wp-content\/uploads\/2018\/04\/Untitled-1-copy-3-1.jpg\",\"width\":750,\"height\":500,\"caption\":\"Untitled 1 copy 3 1\"},{\"@type\":\"BreadcrumbList\",\"@id\":\"https:\/\/abcon.gr\/fr\/produit\/seim-es-20-machine-pour-etriers-avec-et-sans-variateur-de-vitesse-%e2%88%85-16\/#breadcrumb\",\"itemListElement\":[{\"@type\":\"ListItem\",\"position\":1,\"name\":\"\u0391\u03c1\u03c7\u03b9\u03ba\u03ae\",\"item\":\"https:\/\/abcon.gr\/fr\/\"},{\"@type\":\"ListItem\",\"position\":2,\"name\":\"\u039a\u03b1\u03c4\u03ac\u03c3\u03c4\u03b7\u03bc\u03b1\",\"item\":\"https:\/\/abcon.gr\/fr\/%ce%ba%ce%b1%cf%84%ce%ac%cf%83%cf%84%ce%b7%ce%bc%ce%b1\/\"},{\"@type\":\"ListItem\",\"position\":3,\"name\":\"SEIM ES 20 MACHINE POUR ETRIERS &#8211; AVEC ET SANS VARIATEUR DE VITESSE \u2205 16\"}]},{\"@type\":\"WebSite\",\"@id\":\"https:\/\/abcon.gr\/fr\/#website\",\"url\":\"https:\/\/abcon.gr\/fr\/\",\"name\":\"A.B.CON. - \u039c\u03b7\u03c7\u03b1\u03bd\u03ad\u03c2 \u0395\u03c0\u03b5\u03be\u03b5\u03c1\u03b3\u03b1\u03c3\u03af\u03b1\u03c2 \u03a3\u03ba\u03c5\u03c1\u03bf\u03b4\u03ad\u03bc\u03b1\u03c4\u03bf\u03c2 & \u03a0\u03c1\u03bf\u03ba\u03b1\u03c4\u03b1\u03c3\u03ba\u03b5\u03c5\u03ae\u03c2\",\"description\":\"\u039c\u03b7\u03c7\u03b1\u03bd\u03ad\u03c2 \u0395\u03c0\u03b5\u03be\u03b5\u03c1\u03b3\u03b1\u03c3\u03af\u03b1\u03c2 \u03a3\u03ba\u03c5\u03c1\u03bf\u03b4\u03ad\u03bc\u03b1\u03c4\u03bf\u03c2 &amp; \u03a0\u03c1\u03bf\u03ba\u03b1\u03c4\u03b1\u03c3\u03ba\u03b5\u03c5\u03ae\u03c2\",\"publisher\":{\"@id\":\"https:\/\/abcon.gr\/fr\/#organization\"},\"potentialAction\":[{\"@type\":\"SearchAction\",\"target\":{\"@type\":\"EntryPoint\",\"urlTemplate\":\"https:\/\/abcon.gr\/fr\/?s={search_term_string}\"},\"query-input\":{\"@type\":\"PropertyValueSpecification\",\"valueRequired\":true,\"valueName\":\"search_term_string\"}}],\"inLanguage\":\"fr-FR\"},{\"@type\":\"Organization\",\"@id\":\"https:\/\/abcon.gr\/fr\/#organization\",\"name\":\"A.B.CON. - \u039c\u03b7\u03c7\u03b1\u03bd\u03ad\u03c2 \u0395\u03c0\u03b5\u03be\u03b5\u03c1\u03b3\u03b1\u03c3\u03af\u03b1\u03c2 \u03a3\u03ba\u03c5\u03c1\u03bf\u03b4\u03ad\u03bc\u03b1\u03c4\u03bf\u03c2 & \u03a0\u03c1\u03bf\u03ba\u03b1\u03c4\u03b1\u03c3\u03ba\u03b5\u03c5\u03ae\u03c2\",\"url\":\"https:\/\/abcon.gr\/fr\/\",\"logo\":{\"@type\":\"ImageObject\",\"inLanguage\":\"fr-FR\",\"@id\":\"https:\/\/abcon.gr\/fr\/#\/schema\/logo\/image\/\",\"url\":\"https:\/\/abcon.gr\/wp-content\/uploads\/2021\/04\/logo_150.png\",\"contentUrl\":\"https:\/\/abcon.gr\/wp-content\/uploads\/2021\/04\/logo_150.png\",\"width\":150,\"height\":74,\"caption\":\"A.B.CON. - \u039c\u03b7\u03c7\u03b1\u03bd\u03ad\u03c2 \u0395\u03c0\u03b5\u03be\u03b5\u03c1\u03b3\u03b1\u03c3\u03af\u03b1\u03c2 \u03a3\u03ba\u03c5\u03c1\u03bf\u03b4\u03ad\u03bc\u03b1\u03c4\u03bf\u03c2 & \u03a0\u03c1\u03bf\u03ba\u03b1\u03c4\u03b1\u03c3\u03ba\u03b5\u03c5\u03ae\u03c2\"},\"image\":{\"@id\":\"https:\/\/abcon.gr\/fr\/#\/schema\/logo\/image\/\"},\"sameAs\":[\"https:\/\/www.facebook.com\/Steel.Precast.Solutions.ABCON\/\"]}]}<\/script>\n<!-- \/ Yoast SEO plugin. -->","yoast_head_json":{"title":"SEIM ES 20 MACHINE POUR ETRIERS - AVEC ET SANS VARIATEUR DE VITESSE \u2205 16 - A.B.CON.","robots":{"index":"index","follow":"follow","max-snippet":"max-snippet:-1","max-image-preview":"max-image-preview:large","max-video-preview":"max-video-preview:-1"},"canonical":"https:\/\/abcon.gr\/fr\/produit\/seim-es-20-machine-pour-etriers-avec-et-sans-variateur-de-vitesse-\u2205-16\/","og_locale":"fr_FR","og_type":"article","og_title":"SEIM ES 20 MACHINE POUR ETRIERS - AVEC ET SANS VARIATEUR DE VITESSE \u2205 16 - A.B.CON.","og_description":"Le Machine pour \u00c9triers ES20 peut produire une grande quantit\u00e9 des etri\u00e8rs avec une pr\u00e9cision extr\u00eame gr\u00e2ce \u00e0 l\u2019outil pour les \u00e9triers equipment de serie d\u00e9di\u00e9.  \u00a0    CARACTERISTIQUES GENERALES   RPM pour 1' 9 - 18   Puissance Kw 0,75   Poids Kg 230   Dimensions (LxLxH) 70x80x86    &nbsp;    &nbsp; CAPACIT\u00c9 DE PLIAGE AVEC 9 RPM POUR 1'   Fer No.barres No.barres No.barres No.barres No.barres   1 2 3 4 5   Res.650N\/mm\u00b2 \u00d8 max 18 \u00d8 max 16 \u00d8 max 14 \u00d8 max 12 \u00d8 max 10   Res.850N\/mm\u00b2 \u00d8 max 16 \u00d8 max 14 \u00d8 max 12 \u00d8 max 10 \u00d8 max 10    &nbsp;    &nbsp; CAPACIT\u00c9 DE PLIAGE AVEC 18 RPM POUR 1'   Fer No.barres No.barres No.barres No.barres No.barres   1 2 3 4 5   Res.650N\/mm\u00b2 \u00d8 max 14 \u00d8 max 12 \u00d8 max 10 \u00d8 max 10 \u00d8 max 8   Res.850N\/mm\u00b2 \u00d8 max 12 \u00d8 max 10 \u00d8 max 8 \u00d8 max 8 \u00d8 max 6    &nbsp;","og_url":"https:\/\/abcon.gr\/fr\/produit\/seim-es-20-machine-pour-etriers-avec-et-sans-variateur-de-vitesse-\u2205-16\/","og_site_name":"A.B.CON.","article_publisher":"https:\/\/www.facebook.com\/Steel.Precast.Solutions.ABCON\/","article_modified_time":"2021-02-11T19:47:01+00:00","og_image":[{"width":750,"height":500,"url":"https:\/\/abcon.gr\/wp-content\/uploads\/2018\/04\/Untitled-1-copy-3-1.jpg","type":"image\/jpeg"}],"twitter_card":"summary_large_image","schema":{"@context":"https:\/\/schema.org","@graph":[{"@type":"WebPage","@id":"https:\/\/abcon.gr\/fr\/produit\/seim-es-20-machine-pour-etriers-avec-et-sans-variateur-de-vitesse-%e2%88%85-16\/","url":"https:\/\/abcon.gr\/fr\/produit\/seim-es-20-machine-pour-etriers-avec-et-sans-variateur-de-vitesse-%e2%88%85-16\/","name":"SEIM ES 20 MACHINE POUR ETRIERS - AVEC ET SANS VARIATEUR DE VITESSE \u2205 16 - A.B.CON.","isPartOf":{"@id":"https:\/\/abcon.gr\/fr\/#website"},"primaryImageOfPage":{"@id":"https:\/\/abcon.gr\/fr\/produit\/seim-es-20-machine-pour-etriers-avec-et-sans-variateur-de-vitesse-%e2%88%85-16\/#primaryimage"},"image":{"@id":"https:\/\/abcon.gr\/fr\/produit\/seim-es-20-machine-pour-etriers-avec-et-sans-variateur-de-vitesse-%e2%88%85-16\/#primaryimage"},"thumbnailUrl":"https:\/\/abcon.gr\/wp-content\/uploads\/2018\/04\/Untitled-1-copy-3-1.jpg","datePublished":"2019-12-20T06:15:48+00:00","dateModified":"2021-02-11T19:47:01+00:00","breadcrumb":{"@id":"https:\/\/abcon.gr\/fr\/produit\/seim-es-20-machine-pour-etriers-avec-et-sans-variateur-de-vitesse-%e2%88%85-16\/#breadcrumb"},"inLanguage":"fr-FR","potentialAction":[{"@type":"ReadAction","target":["https:\/\/abcon.gr\/fr\/produit\/seim-es-20-machine-pour-etriers-avec-et-sans-variateur-de-vitesse-%e2%88%85-16\/"]}]},{"@type":"ImageObject","inLanguage":"fr-FR","@id":"https:\/\/abcon.gr\/fr\/produit\/seim-es-20-machine-pour-etriers-avec-et-sans-variateur-de-vitesse-%e2%88%85-16\/#primaryimage","url":"https:\/\/abcon.gr\/wp-content\/uploads\/2018\/04\/Untitled-1-copy-3-1.jpg","contentUrl":"https:\/\/abcon.gr\/wp-content\/uploads\/2018\/04\/Untitled-1-copy-3-1.jpg","width":750,"height":500,"caption":"Untitled 1 copy 3 1"},{"@type":"BreadcrumbList","@id":"https:\/\/abcon.gr\/fr\/produit\/seim-es-20-machine-pour-etriers-avec-et-sans-variateur-de-vitesse-%e2%88%85-16\/#breadcrumb","itemListElement":[{"@type":"ListItem","position":1,"name":"\u0391\u03c1\u03c7\u03b9\u03ba\u03ae","item":"https:\/\/abcon.gr\/fr\/"},{"@type":"ListItem","position":2,"name":"\u039a\u03b1\u03c4\u03ac\u03c3\u03c4\u03b7\u03bc\u03b1","item":"https:\/\/abcon.gr\/fr\/%ce%ba%ce%b1%cf%84%ce%ac%cf%83%cf%84%ce%b7%ce%bc%ce%b1\/"},{"@type":"ListItem","position":3,"name":"SEIM ES 20 MACHINE POUR ETRIERS &#8211; AVEC ET SANS VARIATEUR DE VITESSE \u2205 16"}]},{"@type":"WebSite","@id":"https:\/\/abcon.gr\/fr\/#website","url":"https:\/\/abcon.gr\/fr\/","name":"A.B.CON. - \u039c\u03b7\u03c7\u03b1\u03bd\u03ad\u03c2 \u0395\u03c0\u03b5\u03be\u03b5\u03c1\u03b3\u03b1\u03c3\u03af\u03b1\u03c2 \u03a3\u03ba\u03c5\u03c1\u03bf\u03b4\u03ad\u03bc\u03b1\u03c4\u03bf\u03c2 & \u03a0\u03c1\u03bf\u03ba\u03b1\u03c4\u03b1\u03c3\u03ba\u03b5\u03c5\u03ae\u03c2","description":"\u039c\u03b7\u03c7\u03b1\u03bd\u03ad\u03c2 \u0395\u03c0\u03b5\u03be\u03b5\u03c1\u03b3\u03b1\u03c3\u03af\u03b1\u03c2 \u03a3\u03ba\u03c5\u03c1\u03bf\u03b4\u03ad\u03bc\u03b1\u03c4\u03bf\u03c2 &amp; \u03a0\u03c1\u03bf\u03ba\u03b1\u03c4\u03b1\u03c3\u03ba\u03b5\u03c5\u03ae\u03c2","publisher":{"@id":"https:\/\/abcon.gr\/fr\/#organization"},"potentialAction":[{"@type":"SearchAction","target":{"@type":"EntryPoint","urlTemplate":"https:\/\/abcon.gr\/fr\/?s={search_term_string}"},"query-input":{"@type":"PropertyValueSpecification","valueRequired":true,"valueName":"search_term_string"}}],"inLanguage":"fr-FR"},{"@type":"Organization","@id":"https:\/\/abcon.gr\/fr\/#organization","name":"A.B.CON. - \u039c\u03b7\u03c7\u03b1\u03bd\u03ad\u03c2 \u0395\u03c0\u03b5\u03be\u03b5\u03c1\u03b3\u03b1\u03c3\u03af\u03b1\u03c2 \u03a3\u03ba\u03c5\u03c1\u03bf\u03b4\u03ad\u03bc\u03b1\u03c4\u03bf\u03c2 & \u03a0\u03c1\u03bf\u03ba\u03b1\u03c4\u03b1\u03c3\u03ba\u03b5\u03c5\u03ae\u03c2","url":"https:\/\/abcon.gr\/fr\/","logo":{"@type":"ImageObject","inLanguage":"fr-FR","@id":"https:\/\/abcon.gr\/fr\/#\/schema\/logo\/image\/","url":"https:\/\/abcon.gr\/wp-content\/uploads\/2021\/04\/logo_150.png","contentUrl":"https:\/\/abcon.gr\/wp-content\/uploads\/2021\/04\/logo_150.png","width":150,"height":74,"caption":"A.B.CON. - \u039c\u03b7\u03c7\u03b1\u03bd\u03ad\u03c2 \u0395\u03c0\u03b5\u03be\u03b5\u03c1\u03b3\u03b1\u03c3\u03af\u03b1\u03c2 \u03a3\u03ba\u03c5\u03c1\u03bf\u03b4\u03ad\u03bc\u03b1\u03c4\u03bf\u03c2 & \u03a0\u03c1\u03bf\u03ba\u03b1\u03c4\u03b1\u03c3\u03ba\u03b5\u03c5\u03ae\u03c2"},"image":{"@id":"https:\/\/abcon.gr\/fr\/#\/schema\/logo\/image\/"},"sameAs":["https:\/\/www.facebook.com\/Steel.Precast.Solutions.ABCON\/"]}]}},"_links":{"self":[{"href":"https:\/\/abcon.gr\/fr\/wp-json\/wp\/v2\/product\/9875","targetHints":{"allow":["GET"]}}],"collection":[{"href":"https:\/\/abcon.gr\/fr\/wp-json\/wp\/v2\/product"}],"about":[{"href":"https:\/\/abcon.gr\/fr\/wp-json\/wp\/v2\/types\/product"}],"wp:featuredmedia":[{"embeddable":true,"href":"https:\/\/abcon.gr\/fr\/wp-json\/wp\/v2\/media\/4391"}],"wp:attachment":[{"href":"https:\/\/abcon.gr\/fr\/wp-json\/wp\/v2\/media?parent=9875"}],"wp:term":[{"taxonomy":"product_brand","embeddable":true,"href":"https:\/\/abcon.gr\/fr\/wp-json\/wp\/v2\/product_brand?post=9875"},{"taxonomy":"product_cat","embeddable":true,"href":"https:\/\/abcon.gr\/fr\/wp-json\/wp\/v2\/product_cat?post=9875"},{"taxonomy":"product_tag","embeddable":true,"href":"https:\/\/abcon.gr\/fr\/wp-json\/wp\/v2\/product_tag?post=9875"}],"curies":[{"name":"wp","href":"https:\/\/api.w.org\/{rel}","templated":true}]}}