{"id":9006,"date":"2018-04-04T09:36:25","date_gmt":"2018-04-04T06:36:25","guid":{"rendered":"http:\/\/test3.aenima.grproduct\/pf-55-s-%cf%84%cf%81%ce%b9%cf%86%ce%b1%cf%83%ce%b9%ce%ba%ce%bf-%ce%bc%ce%b5-%cf%81%cf%85%ce%b8%ce%bc%ce%b9%cf%83%cf%84%ce%b7-%cf%84%ce%b1%cf%87%cf%85%cf%84%ce%b7%cf%84%ce%b1%cf%83-%e2%88%85-46\/"},"modified":"2018-04-04T09:36:25","modified_gmt":"2018-04-04T06:36:25","slug":"pf-55-s-%cf%84%cf%81%ce%b9%cf%86%ce%b1%cf%83%ce%b9%ce%ba%ce%bf-%ce%bc%ce%b5-%cf%81%cf%85%ce%b8%ce%bc%ce%b9%cf%83%cf%84%ce%b7-%cf%84%ce%b1%cf%87%cf%85%cf%84%ce%b7%cf%84%ce%b1%cf%83-%e2%88%85-46","status":"publish","type":"product","link":"https:\/\/abcon.gr\/fr\/produit\/pf-55-s-%cf%84%cf%81%ce%b9%cf%86%ce%b1%cf%83%ce%b9%ce%ba%ce%bf-%ce%bc%ce%b5-%cf%81%cf%85%ce%b8%ce%bc%ce%b9%cf%83%cf%84%ce%b7-%cf%84%ce%b1%cf%87%cf%85%cf%84%ce%b7%cf%84%ce%b1%cf%83-%e2%88%85-46\/","title":{"rendered":"PF 55 S TRIPHAS\u00c9 AVEC VARIATEUR DE VITESSE \u2205 46"},"content":{"rendered":"","protected":false},"excerpt":{"rendered":"<p>Les machines type S viennent ainsi appel\u00e9es pour la diff\u00e9rente pr\u00e9disposition du plan de travail, constitu\u00e9 par un disque de pliage pr\u00e9par\u00e9 pour travaux ambivalents, avec deux glissi\u00e8res que, en traversant tout le plan de travail permettent les travaux en quatre positionnes diff\u00e9rentes. De plus, tout est pr\u00e9par\u00e9 pour le pliage des grands rayons, comme demand\u00e9 par les normatives de pliage qu&rsquo;ils pr\u00e9voient mandrins avec des diam\u00e8tres 10 &#8211; 12 fois le diam\u00e8tre du fer. Ce n\u2019 est pas possible avec des machines d&rsquo;autre type.<\/p>\n<table width=\"0\">\n<tbody>\n<tr>\n<td colspan=\"2\" width=\"460\"><strong>CARACTERISTIQUES GENERALES<\/strong><\/td>\n<\/tr>\n<tr>\n<td width=\"350\">RPM pour 1&prime;<\/td>\n<td>5 &#8211; 12<\/td>\n<\/tr>\n<tr>\n<td>Puissance Kw<\/td>\n<td>5,5<\/td>\n<\/tr>\n<tr>\n<td>Poids Kg<\/td>\n<td>800<\/td>\n<\/tr>\n<tr>\n<td>Dimensions\u00a0 (LxLxH)<\/td>\n<td>114x90x88<\/td>\n<\/tr>\n<\/tbody>\n<\/table>\n<p>&nbsp;<\/p>\n<table width=\"0\">\n<tbody>\n<tr>\n<td width=\"108\">&nbsp;<\/td>\n<td colspan=\"5\" width=\"352\"><strong>CAPACIT\u00c9 DE PLIAGE AVEC 5 RPM POUR 1&prime;<\/strong><\/td>\n<\/tr>\n<tr>\n<td rowspan=\"2\">Fer<\/td>\n<td width=\"70\">No.barres<\/td>\n<td width=\"70\">No.barres<\/td>\n<td width=\"70\">No.barres<\/td>\n<td width=\"70\">No.barres<\/td>\n<td width=\"70\">No.barres<\/td>\n<\/tr>\n<tr>\n<td>1<\/td>\n<td>2<\/td>\n<td>3<\/td>\n<td>4<\/td>\n<td>5<\/td>\n<\/tr>\n<tr>\n<td width=\"108\">Res.650N\/mm\u00b2<\/td>\n<td>\u00d8 max 46<\/td>\n<td>\u00d8 max 32<\/td>\n<td>\u00d8 max 26<\/td>\n<td>\u00d8 max 20<\/td>\n<td>\u00d8 max 16<\/td>\n<\/tr>\n<tr>\n<td width=\"108\">Res.850N\/mm\u00b2<\/td>\n<td>\u00d8 max 40<\/td>\n<td>\u00d8 max 28<\/td>\n<td>\u00d8 max 22<\/td>\n<td>\u00d8 max 16<\/td>\n<td>\u00d8 max 12<\/td>\n<\/tr>\n<\/tbody>\n<\/table>\n<p>&nbsp;<\/p>\n","protected":false},"featured_media":5314,"template":"","meta":{"_exactmetrics_skip_tracking":false,"_exactmetrics_sitenote_active":false,"_exactmetrics_sitenote_note":"","_exactmetrics_sitenote_category":0},"product_brand":[],"product_cat":[290,291,304],"product_tag":[327],"class_list":{"0":"post-9006","1":"product","2":"type-product","3":"status-publish","4":"has-post-thumbnail","6":"product_cat-machines-pour-le-travail-du-fer-a-beton","7":"product_cat-coupe-et-pliage","8":"product_cat-cintreuses-cisailles-cintreuses-a-rayon","9":"product_tag-tecmor-fr","11":"first","12":"instock","13":"shipping-taxable","14":"product-type-simple"},"yoast_head":"<!-- This site is optimized with the Yoast SEO plugin v26.8 - https:\/\/yoast.com\/product\/yoast-seo-wordpress\/ -->\n<title>PF 55 S TRIPHAS\u00c9 AVEC VARIATEUR DE VITESSE \u2205 46 - A.B.CON.<\/title>\n<meta name=\"robots\" content=\"index, follow, max-snippet:-1, max-image-preview:large, max-video-preview:-1\" \/>\n<link rel=\"canonical\" href=\"https:\/\/abcon.gr\/fr\/produit\/pf-55-s-\u03c4\u03c1\u03b9\u03c6\u03b1\u03c3\u03b9\u03ba\u03bf-\u03bc\u03b5-\u03c1\u03c5\u03b8\u03bc\u03b9\u03c3\u03c4\u03b7-\u03c4\u03b1\u03c7\u03c5\u03c4\u03b7\u03c4\u03b1\u03c3-\u2205-46\/\" \/>\n<meta property=\"og:locale\" content=\"fr_FR\" \/>\n<meta property=\"og:type\" content=\"article\" \/>\n<meta property=\"og:title\" content=\"PF 55 S TRIPHAS\u00c9 AVEC VARIATEUR DE VITESSE \u2205 46 - A.B.CON.\" \/>\n<meta property=\"og:description\" content=\"Les machines type S viennent ainsi appel\u00e9es pour la diff\u00e9rente pr\u00e9disposition du plan de travail, constitu\u00e9 par un disque de pliage pr\u00e9par\u00e9 pour travaux ambivalents, avec deux glissi\u00e8res que, en traversant tout le plan de travail permettent les travaux en quatre positionnes diff\u00e9rentes. De plus, tout est pr\u00e9par\u00e9 pour le pliage des grands rayons, comme demand\u00e9 par les normatives de pliage qu&#039;ils pr\u00e9voient mandrins avec des diam\u00e8tres 10 - 12 fois le diam\u00e8tre du fer. Ce n\u2019 est pas possible avec des machines d&#039;autre type.    CARACTERISTIQUES GENERALES   RPM pour 1&#039; 5 - 12   Puissance Kw 5,5   Poids Kg 800   Dimensions\u00a0 (LxLxH) 114x90x88    &nbsp;    &nbsp; CAPACIT\u00c9 DE PLIAGE AVEC 5 RPM POUR 1&#039;   Fer No.barres No.barres No.barres No.barres No.barres   1 2 3 4 5   Res.650N\/mm\u00b2 \u00d8 max 46 \u00d8 max 32 \u00d8 max 26 \u00d8 max 20 \u00d8 max 16   Res.850N\/mm\u00b2 \u00d8 max 40 \u00d8 max 28 \u00d8 max 22 \u00d8 max 16 \u00d8 max 12    &nbsp;\" \/>\n<meta property=\"og:url\" content=\"https:\/\/abcon.gr\/fr\/produit\/pf-55-s-\u03c4\u03c1\u03b9\u03c6\u03b1\u03c3\u03b9\u03ba\u03bf-\u03bc\u03b5-\u03c1\u03c5\u03b8\u03bc\u03b9\u03c3\u03c4\u03b7-\u03c4\u03b1\u03c7\u03c5\u03c4\u03b7\u03c4\u03b1\u03c3-\u2205-46\/\" \/>\n<meta property=\"og:site_name\" content=\"A.B.CON.\" \/>\n<meta property=\"article:publisher\" content=\"https:\/\/www.facebook.com\/Steel.Precast.Solutions.ABCON\/\" \/>\n<meta property=\"og:image\" content=\"https:\/\/abcon.gr\/wp-content\/uploads\/2018\/04\/286926620_PF34S-9x9.jpg\" \/>\n\t<meta property=\"og:image:width\" content=\"780\" \/>\n\t<meta property=\"og:image:height\" content=\"838\" \/>\n\t<meta property=\"og:image:type\" content=\"image\/jpeg\" \/>\n<meta name=\"twitter:card\" content=\"summary_large_image\" \/>\n<script type=\"application\/ld+json\" class=\"yoast-schema-graph\">{\"@context\":\"https:\/\/schema.org\",\"@graph\":[{\"@type\":\"WebPage\",\"@id\":\"https:\/\/abcon.gr\/fr\/produit\/pf-55-s-%cf%84%cf%81%ce%b9%cf%86%ce%b1%cf%83%ce%b9%ce%ba%ce%bf-%ce%bc%ce%b5-%cf%81%cf%85%ce%b8%ce%bc%ce%b9%cf%83%cf%84%ce%b7-%cf%84%ce%b1%cf%87%cf%85%cf%84%ce%b7%cf%84%ce%b1%cf%83-%e2%88%85-46\/\",\"url\":\"https:\/\/abcon.gr\/fr\/produit\/pf-55-s-%cf%84%cf%81%ce%b9%cf%86%ce%b1%cf%83%ce%b9%ce%ba%ce%bf-%ce%bc%ce%b5-%cf%81%cf%85%ce%b8%ce%bc%ce%b9%cf%83%cf%84%ce%b7-%cf%84%ce%b1%cf%87%cf%85%cf%84%ce%b7%cf%84%ce%b1%cf%83-%e2%88%85-46\/\",\"name\":\"PF 55 S TRIPHAS\u00c9 AVEC VARIATEUR DE VITESSE \u2205 46 - A.B.CON.\",\"isPartOf\":{\"@id\":\"https:\/\/abcon.gr\/fr\/#website\"},\"primaryImageOfPage\":{\"@id\":\"https:\/\/abcon.gr\/fr\/produit\/pf-55-s-%cf%84%cf%81%ce%b9%cf%86%ce%b1%cf%83%ce%b9%ce%ba%ce%bf-%ce%bc%ce%b5-%cf%81%cf%85%ce%b8%ce%bc%ce%b9%cf%83%cf%84%ce%b7-%cf%84%ce%b1%cf%87%cf%85%cf%84%ce%b7%cf%84%ce%b1%cf%83-%e2%88%85-46\/#primaryimage\"},\"image\":{\"@id\":\"https:\/\/abcon.gr\/fr\/produit\/pf-55-s-%cf%84%cf%81%ce%b9%cf%86%ce%b1%cf%83%ce%b9%ce%ba%ce%bf-%ce%bc%ce%b5-%cf%81%cf%85%ce%b8%ce%bc%ce%b9%cf%83%cf%84%ce%b7-%cf%84%ce%b1%cf%87%cf%85%cf%84%ce%b7%cf%84%ce%b1%cf%83-%e2%88%85-46\/#primaryimage\"},\"thumbnailUrl\":\"https:\/\/abcon.gr\/wp-content\/uploads\/2018\/04\/286926620_PF34S-9x9.jpg\",\"datePublished\":\"2018-04-04T06:36:25+00:00\",\"breadcrumb\":{\"@id\":\"https:\/\/abcon.gr\/fr\/produit\/pf-55-s-%cf%84%cf%81%ce%b9%cf%86%ce%b1%cf%83%ce%b9%ce%ba%ce%bf-%ce%bc%ce%b5-%cf%81%cf%85%ce%b8%ce%bc%ce%b9%cf%83%cf%84%ce%b7-%cf%84%ce%b1%cf%87%cf%85%cf%84%ce%b7%cf%84%ce%b1%cf%83-%e2%88%85-46\/#breadcrumb\"},\"inLanguage\":\"fr-FR\",\"potentialAction\":[{\"@type\":\"ReadAction\",\"target\":[\"https:\/\/abcon.gr\/fr\/produit\/pf-55-s-%cf%84%cf%81%ce%b9%cf%86%ce%b1%cf%83%ce%b9%ce%ba%ce%bf-%ce%bc%ce%b5-%cf%81%cf%85%ce%b8%ce%bc%ce%b9%cf%83%cf%84%ce%b7-%cf%84%ce%b1%cf%87%cf%85%cf%84%ce%b7%cf%84%ce%b1%cf%83-%e2%88%85-46\/\"]}]},{\"@type\":\"ImageObject\",\"inLanguage\":\"fr-FR\",\"@id\":\"https:\/\/abcon.gr\/fr\/produit\/pf-55-s-%cf%84%cf%81%ce%b9%cf%86%ce%b1%cf%83%ce%b9%ce%ba%ce%bf-%ce%bc%ce%b5-%cf%81%cf%85%ce%b8%ce%bc%ce%b9%cf%83%cf%84%ce%b7-%cf%84%ce%b1%cf%87%cf%85%cf%84%ce%b7%cf%84%ce%b1%cf%83-%e2%88%85-46\/#primaryimage\",\"url\":\"https:\/\/abcon.gr\/wp-content\/uploads\/2018\/04\/286926620_PF34S-9x9.jpg\",\"contentUrl\":\"https:\/\/abcon.gr\/wp-content\/uploads\/2018\/04\/286926620_PF34S-9x9.jpg\",\"width\":780,\"height\":838,\"caption\":\"286926620 PF34S 9x9\"},{\"@type\":\"BreadcrumbList\",\"@id\":\"https:\/\/abcon.gr\/fr\/produit\/pf-55-s-%cf%84%cf%81%ce%b9%cf%86%ce%b1%cf%83%ce%b9%ce%ba%ce%bf-%ce%bc%ce%b5-%cf%81%cf%85%ce%b8%ce%bc%ce%b9%cf%83%cf%84%ce%b7-%cf%84%ce%b1%cf%87%cf%85%cf%84%ce%b7%cf%84%ce%b1%cf%83-%e2%88%85-46\/#breadcrumb\",\"itemListElement\":[{\"@type\":\"ListItem\",\"position\":1,\"name\":\"\u0391\u03c1\u03c7\u03b9\u03ba\u03ae\",\"item\":\"https:\/\/abcon.gr\/fr\/\"},{\"@type\":\"ListItem\",\"position\":2,\"name\":\"\u039a\u03b1\u03c4\u03ac\u03c3\u03c4\u03b7\u03bc\u03b1\",\"item\":\"https:\/\/abcon.gr\/fr\/%ce%ba%ce%b1%cf%84%ce%ac%cf%83%cf%84%ce%b7%ce%bc%ce%b1\/\"},{\"@type\":\"ListItem\",\"position\":3,\"name\":\"PF 55 S TRIPHAS\u00c9 AVEC VARIATEUR DE VITESSE \u2205 46\"}]},{\"@type\":\"WebSite\",\"@id\":\"https:\/\/abcon.gr\/fr\/#website\",\"url\":\"https:\/\/abcon.gr\/fr\/\",\"name\":\"A.B.CON. - \u039c\u03b7\u03c7\u03b1\u03bd\u03ad\u03c2 \u0395\u03c0\u03b5\u03be\u03b5\u03c1\u03b3\u03b1\u03c3\u03af\u03b1\u03c2 \u03a3\u03ba\u03c5\u03c1\u03bf\u03b4\u03ad\u03bc\u03b1\u03c4\u03bf\u03c2 & \u03a0\u03c1\u03bf\u03ba\u03b1\u03c4\u03b1\u03c3\u03ba\u03b5\u03c5\u03ae\u03c2\",\"description\":\"\u039c\u03b7\u03c7\u03b1\u03bd\u03ad\u03c2 \u0395\u03c0\u03b5\u03be\u03b5\u03c1\u03b3\u03b1\u03c3\u03af\u03b1\u03c2 \u03a3\u03ba\u03c5\u03c1\u03bf\u03b4\u03ad\u03bc\u03b1\u03c4\u03bf\u03c2 &amp; \u03a0\u03c1\u03bf\u03ba\u03b1\u03c4\u03b1\u03c3\u03ba\u03b5\u03c5\u03ae\u03c2\",\"publisher\":{\"@id\":\"https:\/\/abcon.gr\/fr\/#organization\"},\"potentialAction\":[{\"@type\":\"SearchAction\",\"target\":{\"@type\":\"EntryPoint\",\"urlTemplate\":\"https:\/\/abcon.gr\/fr\/?s={search_term_string}\"},\"query-input\":{\"@type\":\"PropertyValueSpecification\",\"valueRequired\":true,\"valueName\":\"search_term_string\"}}],\"inLanguage\":\"fr-FR\"},{\"@type\":\"Organization\",\"@id\":\"https:\/\/abcon.gr\/fr\/#organization\",\"name\":\"A.B.CON. - \u039c\u03b7\u03c7\u03b1\u03bd\u03ad\u03c2 \u0395\u03c0\u03b5\u03be\u03b5\u03c1\u03b3\u03b1\u03c3\u03af\u03b1\u03c2 \u03a3\u03ba\u03c5\u03c1\u03bf\u03b4\u03ad\u03bc\u03b1\u03c4\u03bf\u03c2 & \u03a0\u03c1\u03bf\u03ba\u03b1\u03c4\u03b1\u03c3\u03ba\u03b5\u03c5\u03ae\u03c2\",\"url\":\"https:\/\/abcon.gr\/fr\/\",\"logo\":{\"@type\":\"ImageObject\",\"inLanguage\":\"fr-FR\",\"@id\":\"https:\/\/abcon.gr\/fr\/#\/schema\/logo\/image\/\",\"url\":\"https:\/\/abcon.gr\/wp-content\/uploads\/2021\/04\/logo_150.png\",\"contentUrl\":\"https:\/\/abcon.gr\/wp-content\/uploads\/2021\/04\/logo_150.png\",\"width\":150,\"height\":74,\"caption\":\"A.B.CON. - \u039c\u03b7\u03c7\u03b1\u03bd\u03ad\u03c2 \u0395\u03c0\u03b5\u03be\u03b5\u03c1\u03b3\u03b1\u03c3\u03af\u03b1\u03c2 \u03a3\u03ba\u03c5\u03c1\u03bf\u03b4\u03ad\u03bc\u03b1\u03c4\u03bf\u03c2 & \u03a0\u03c1\u03bf\u03ba\u03b1\u03c4\u03b1\u03c3\u03ba\u03b5\u03c5\u03ae\u03c2\"},\"image\":{\"@id\":\"https:\/\/abcon.gr\/fr\/#\/schema\/logo\/image\/\"},\"sameAs\":[\"https:\/\/www.facebook.com\/Steel.Precast.Solutions.ABCON\/\"]}]}<\/script>\n<!-- \/ Yoast SEO plugin. -->","yoast_head_json":{"title":"PF 55 S TRIPHAS\u00c9 AVEC VARIATEUR DE VITESSE \u2205 46 - A.B.CON.","robots":{"index":"index","follow":"follow","max-snippet":"max-snippet:-1","max-image-preview":"max-image-preview:large","max-video-preview":"max-video-preview:-1"},"canonical":"https:\/\/abcon.gr\/fr\/produit\/pf-55-s-\u03c4\u03c1\u03b9\u03c6\u03b1\u03c3\u03b9\u03ba\u03bf-\u03bc\u03b5-\u03c1\u03c5\u03b8\u03bc\u03b9\u03c3\u03c4\u03b7-\u03c4\u03b1\u03c7\u03c5\u03c4\u03b7\u03c4\u03b1\u03c3-\u2205-46\/","og_locale":"fr_FR","og_type":"article","og_title":"PF 55 S TRIPHAS\u00c9 AVEC VARIATEUR DE VITESSE \u2205 46 - A.B.CON.","og_description":"Les machines type S viennent ainsi appel\u00e9es pour la diff\u00e9rente pr\u00e9disposition du plan de travail, constitu\u00e9 par un disque de pliage pr\u00e9par\u00e9 pour travaux ambivalents, avec deux glissi\u00e8res que, en traversant tout le plan de travail permettent les travaux en quatre positionnes diff\u00e9rentes. De plus, tout est pr\u00e9par\u00e9 pour le pliage des grands rayons, comme demand\u00e9 par les normatives de pliage qu'ils pr\u00e9voient mandrins avec des diam\u00e8tres 10 - 12 fois le diam\u00e8tre du fer. Ce n\u2019 est pas possible avec des machines d'autre type.    CARACTERISTIQUES GENERALES   RPM pour 1' 5 - 12   Puissance Kw 5,5   Poids Kg 800   Dimensions\u00a0 (LxLxH) 114x90x88    &nbsp;    &nbsp; CAPACIT\u00c9 DE PLIAGE AVEC 5 RPM POUR 1'   Fer No.barres No.barres No.barres No.barres No.barres   1 2 3 4 5   Res.650N\/mm\u00b2 \u00d8 max 46 \u00d8 max 32 \u00d8 max 26 \u00d8 max 20 \u00d8 max 16   Res.850N\/mm\u00b2 \u00d8 max 40 \u00d8 max 28 \u00d8 max 22 \u00d8 max 16 \u00d8 max 12    &nbsp;","og_url":"https:\/\/abcon.gr\/fr\/produit\/pf-55-s-\u03c4\u03c1\u03b9\u03c6\u03b1\u03c3\u03b9\u03ba\u03bf-\u03bc\u03b5-\u03c1\u03c5\u03b8\u03bc\u03b9\u03c3\u03c4\u03b7-\u03c4\u03b1\u03c7\u03c5\u03c4\u03b7\u03c4\u03b1\u03c3-\u2205-46\/","og_site_name":"A.B.CON.","article_publisher":"https:\/\/www.facebook.com\/Steel.Precast.Solutions.ABCON\/","og_image":[{"width":780,"height":838,"url":"https:\/\/abcon.gr\/wp-content\/uploads\/2018\/04\/286926620_PF34S-9x9.jpg","type":"image\/jpeg"}],"twitter_card":"summary_large_image","schema":{"@context":"https:\/\/schema.org","@graph":[{"@type":"WebPage","@id":"https:\/\/abcon.gr\/fr\/produit\/pf-55-s-%cf%84%cf%81%ce%b9%cf%86%ce%b1%cf%83%ce%b9%ce%ba%ce%bf-%ce%bc%ce%b5-%cf%81%cf%85%ce%b8%ce%bc%ce%b9%cf%83%cf%84%ce%b7-%cf%84%ce%b1%cf%87%cf%85%cf%84%ce%b7%cf%84%ce%b1%cf%83-%e2%88%85-46\/","url":"https:\/\/abcon.gr\/fr\/produit\/pf-55-s-%cf%84%cf%81%ce%b9%cf%86%ce%b1%cf%83%ce%b9%ce%ba%ce%bf-%ce%bc%ce%b5-%cf%81%cf%85%ce%b8%ce%bc%ce%b9%cf%83%cf%84%ce%b7-%cf%84%ce%b1%cf%87%cf%85%cf%84%ce%b7%cf%84%ce%b1%cf%83-%e2%88%85-46\/","name":"PF 55 S TRIPHAS\u00c9 AVEC VARIATEUR DE VITESSE \u2205 46 - A.B.CON.","isPartOf":{"@id":"https:\/\/abcon.gr\/fr\/#website"},"primaryImageOfPage":{"@id":"https:\/\/abcon.gr\/fr\/produit\/pf-55-s-%cf%84%cf%81%ce%b9%cf%86%ce%b1%cf%83%ce%b9%ce%ba%ce%bf-%ce%bc%ce%b5-%cf%81%cf%85%ce%b8%ce%bc%ce%b9%cf%83%cf%84%ce%b7-%cf%84%ce%b1%cf%87%cf%85%cf%84%ce%b7%cf%84%ce%b1%cf%83-%e2%88%85-46\/#primaryimage"},"image":{"@id":"https:\/\/abcon.gr\/fr\/produit\/pf-55-s-%cf%84%cf%81%ce%b9%cf%86%ce%b1%cf%83%ce%b9%ce%ba%ce%bf-%ce%bc%ce%b5-%cf%81%cf%85%ce%b8%ce%bc%ce%b9%cf%83%cf%84%ce%b7-%cf%84%ce%b1%cf%87%cf%85%cf%84%ce%b7%cf%84%ce%b1%cf%83-%e2%88%85-46\/#primaryimage"},"thumbnailUrl":"https:\/\/abcon.gr\/wp-content\/uploads\/2018\/04\/286926620_PF34S-9x9.jpg","datePublished":"2018-04-04T06:36:25+00:00","breadcrumb":{"@id":"https:\/\/abcon.gr\/fr\/produit\/pf-55-s-%cf%84%cf%81%ce%b9%cf%86%ce%b1%cf%83%ce%b9%ce%ba%ce%bf-%ce%bc%ce%b5-%cf%81%cf%85%ce%b8%ce%bc%ce%b9%cf%83%cf%84%ce%b7-%cf%84%ce%b1%cf%87%cf%85%cf%84%ce%b7%cf%84%ce%b1%cf%83-%e2%88%85-46\/#breadcrumb"},"inLanguage":"fr-FR","potentialAction":[{"@type":"ReadAction","target":["https:\/\/abcon.gr\/fr\/produit\/pf-55-s-%cf%84%cf%81%ce%b9%cf%86%ce%b1%cf%83%ce%b9%ce%ba%ce%bf-%ce%bc%ce%b5-%cf%81%cf%85%ce%b8%ce%bc%ce%b9%cf%83%cf%84%ce%b7-%cf%84%ce%b1%cf%87%cf%85%cf%84%ce%b7%cf%84%ce%b1%cf%83-%e2%88%85-46\/"]}]},{"@type":"ImageObject","inLanguage":"fr-FR","@id":"https:\/\/abcon.gr\/fr\/produit\/pf-55-s-%cf%84%cf%81%ce%b9%cf%86%ce%b1%cf%83%ce%b9%ce%ba%ce%bf-%ce%bc%ce%b5-%cf%81%cf%85%ce%b8%ce%bc%ce%b9%cf%83%cf%84%ce%b7-%cf%84%ce%b1%cf%87%cf%85%cf%84%ce%b7%cf%84%ce%b1%cf%83-%e2%88%85-46\/#primaryimage","url":"https:\/\/abcon.gr\/wp-content\/uploads\/2018\/04\/286926620_PF34S-9x9.jpg","contentUrl":"https:\/\/abcon.gr\/wp-content\/uploads\/2018\/04\/286926620_PF34S-9x9.jpg","width":780,"height":838,"caption":"286926620 PF34S 9x9"},{"@type":"BreadcrumbList","@id":"https:\/\/abcon.gr\/fr\/produit\/pf-55-s-%cf%84%cf%81%ce%b9%cf%86%ce%b1%cf%83%ce%b9%ce%ba%ce%bf-%ce%bc%ce%b5-%cf%81%cf%85%ce%b8%ce%bc%ce%b9%cf%83%cf%84%ce%b7-%cf%84%ce%b1%cf%87%cf%85%cf%84%ce%b7%cf%84%ce%b1%cf%83-%e2%88%85-46\/#breadcrumb","itemListElement":[{"@type":"ListItem","position":1,"name":"\u0391\u03c1\u03c7\u03b9\u03ba\u03ae","item":"https:\/\/abcon.gr\/fr\/"},{"@type":"ListItem","position":2,"name":"\u039a\u03b1\u03c4\u03ac\u03c3\u03c4\u03b7\u03bc\u03b1","item":"https:\/\/abcon.gr\/fr\/%ce%ba%ce%b1%cf%84%ce%ac%cf%83%cf%84%ce%b7%ce%bc%ce%b1\/"},{"@type":"ListItem","position":3,"name":"PF 55 S TRIPHAS\u00c9 AVEC VARIATEUR DE VITESSE \u2205 46"}]},{"@type":"WebSite","@id":"https:\/\/abcon.gr\/fr\/#website","url":"https:\/\/abcon.gr\/fr\/","name":"A.B.CON. - \u039c\u03b7\u03c7\u03b1\u03bd\u03ad\u03c2 \u0395\u03c0\u03b5\u03be\u03b5\u03c1\u03b3\u03b1\u03c3\u03af\u03b1\u03c2 \u03a3\u03ba\u03c5\u03c1\u03bf\u03b4\u03ad\u03bc\u03b1\u03c4\u03bf\u03c2 & \u03a0\u03c1\u03bf\u03ba\u03b1\u03c4\u03b1\u03c3\u03ba\u03b5\u03c5\u03ae\u03c2","description":"\u039c\u03b7\u03c7\u03b1\u03bd\u03ad\u03c2 \u0395\u03c0\u03b5\u03be\u03b5\u03c1\u03b3\u03b1\u03c3\u03af\u03b1\u03c2 \u03a3\u03ba\u03c5\u03c1\u03bf\u03b4\u03ad\u03bc\u03b1\u03c4\u03bf\u03c2 &amp; \u03a0\u03c1\u03bf\u03ba\u03b1\u03c4\u03b1\u03c3\u03ba\u03b5\u03c5\u03ae\u03c2","publisher":{"@id":"https:\/\/abcon.gr\/fr\/#organization"},"potentialAction":[{"@type":"SearchAction","target":{"@type":"EntryPoint","urlTemplate":"https:\/\/abcon.gr\/fr\/?s={search_term_string}"},"query-input":{"@type":"PropertyValueSpecification","valueRequired":true,"valueName":"search_term_string"}}],"inLanguage":"fr-FR"},{"@type":"Organization","@id":"https:\/\/abcon.gr\/fr\/#organization","name":"A.B.CON. - \u039c\u03b7\u03c7\u03b1\u03bd\u03ad\u03c2 \u0395\u03c0\u03b5\u03be\u03b5\u03c1\u03b3\u03b1\u03c3\u03af\u03b1\u03c2 \u03a3\u03ba\u03c5\u03c1\u03bf\u03b4\u03ad\u03bc\u03b1\u03c4\u03bf\u03c2 & \u03a0\u03c1\u03bf\u03ba\u03b1\u03c4\u03b1\u03c3\u03ba\u03b5\u03c5\u03ae\u03c2","url":"https:\/\/abcon.gr\/fr\/","logo":{"@type":"ImageObject","inLanguage":"fr-FR","@id":"https:\/\/abcon.gr\/fr\/#\/schema\/logo\/image\/","url":"https:\/\/abcon.gr\/wp-content\/uploads\/2021\/04\/logo_150.png","contentUrl":"https:\/\/abcon.gr\/wp-content\/uploads\/2021\/04\/logo_150.png","width":150,"height":74,"caption":"A.B.CON. - \u039c\u03b7\u03c7\u03b1\u03bd\u03ad\u03c2 \u0395\u03c0\u03b5\u03be\u03b5\u03c1\u03b3\u03b1\u03c3\u03af\u03b1\u03c2 \u03a3\u03ba\u03c5\u03c1\u03bf\u03b4\u03ad\u03bc\u03b1\u03c4\u03bf\u03c2 & \u03a0\u03c1\u03bf\u03ba\u03b1\u03c4\u03b1\u03c3\u03ba\u03b5\u03c5\u03ae\u03c2"},"image":{"@id":"https:\/\/abcon.gr\/fr\/#\/schema\/logo\/image\/"},"sameAs":["https:\/\/www.facebook.com\/Steel.Precast.Solutions.ABCON\/"]}]}},"_links":{"self":[{"href":"https:\/\/abcon.gr\/fr\/wp-json\/wp\/v2\/product\/9006","targetHints":{"allow":["GET"]}}],"collection":[{"href":"https:\/\/abcon.gr\/fr\/wp-json\/wp\/v2\/product"}],"about":[{"href":"https:\/\/abcon.gr\/fr\/wp-json\/wp\/v2\/types\/product"}],"wp:featuredmedia":[{"embeddable":true,"href":"https:\/\/abcon.gr\/fr\/wp-json\/wp\/v2\/media\/5314"}],"wp:attachment":[{"href":"https:\/\/abcon.gr\/fr\/wp-json\/wp\/v2\/media?parent=9006"}],"wp:term":[{"taxonomy":"product_brand","embeddable":true,"href":"https:\/\/abcon.gr\/fr\/wp-json\/wp\/v2\/product_brand?post=9006"},{"taxonomy":"product_cat","embeddable":true,"href":"https:\/\/abcon.gr\/fr\/wp-json\/wp\/v2\/product_cat?post=9006"},{"taxonomy":"product_tag","embeddable":true,"href":"https:\/\/abcon.gr\/fr\/wp-json\/wp\/v2\/product_tag?post=9006"}],"curies":[{"name":"wp","href":"https:\/\/api.w.org\/{rel}","templated":true}]}}