{"id":8993,"date":"2018-04-04T10:05:35","date_gmt":"2018-04-04T07:05:35","guid":{"rendered":"http:\/\/test3.aenima.grproduct\/sp-22-%ce%bc%ce%b7%cf%87%ce%b1%ce%bd%ce%b7-%ce%b3%ce%b9%ce%b1-%cf%83%cf%80%ce%b9%cf%81%ce%b1%ce%bb-%e2%88%85-22\/"},"modified":"2018-08-29T15:07:13","modified_gmt":"2018-08-29T12:07:13","slug":"sp-22-%ce%bc%ce%b7%cf%87%ce%b1%ce%bd%ce%b7-%ce%b3%ce%b9%ce%b1-%cf%83%cf%80%ce%b9%cf%81%ce%b1%ce%bb-%e2%88%85-22","status":"publish","type":"product","link":"https:\/\/abcon.gr\/fr\/produit\/sp-22-%ce%bc%ce%b7%cf%87%ce%b1%ce%bd%ce%b7-%ce%b3%ce%b9%ce%b1-%cf%83%cf%80%ce%b9%cf%81%ce%b1%ce%bb-%e2%88%85-22\/","title":{"rendered":"SP 22 MACHINE POUR SPIRALES \u2205 22"},"content":{"rendered":"","protected":false},"excerpt":{"rendered":"<p>Machine expr\u00e8s construite pour la formation de cercles et spirales avec maximum diam\u00e8tre illimit\u00e9.<\/p>\n<table width=\"0\">\n<tbody>\n<tr>\n<td colspan=\"2\" width=\"460\"><strong>CARACTERISTIQUES GENERALES<\/strong><\/td>\n<\/tr>\n<tr>\n<td width=\"397\">RPM pour 1&prime;<\/td>\n<td>22<\/td>\n<\/tr>\n<tr>\n<td>Puissance Kw<\/td>\n<td>0,75<\/td>\n<\/tr>\n<tr>\n<td>Poids Kg<\/td>\n<td>200<\/td>\n<\/tr>\n<tr>\n<td>Dimensions (LxLxH)<\/td>\n<td>76x62x94<\/td>\n<\/tr>\n<\/tbody>\n<\/table>\n<p>&nbsp;<\/p>\n<table width=\"0\">\n<tbody>\n<tr>\n<td width=\"102\">&nbsp;<\/td>\n<td colspan=\"10\" width=\"358\"><strong>CAPACIT\u00c9 DE PLIAGE<\/strong><\/td>\n<\/tr>\n<tr>\n<td rowspan=\"2\">Fer<\/td>\n<td width=\"59\">\u00d8 max 6<\/td>\n<td width=\"59\">\u00d8 max 8<\/td>\n<td width=\"59\">\u00d8 max 10<\/td>\n<td width=\"59\">\u00d8 max 12<\/td>\n<td width=\"59\">\u00d8 max 18<\/td>\n<td width=\"59\">\u00d8 max 22<\/td>\n<td><\/td>\n<td><\/td>\n<td><\/td>\n<td><\/td>\n<\/tr>\n<tr>\n<td>\u00f8 min. spirale<\/td>\n<td>\u00f8 min. spirale<\/td>\n<td>\u00f8 min. spirale<\/td>\n<td>\u00f8 min. spirale<\/td>\n<td>\u00f8 min. spirale<\/td>\n<td>\u00f8 min. spirale<\/td>\n<td><\/td>\n<td><\/td>\n<td><\/td>\n<td><\/td>\n<\/tr>\n<tr>\n<td width=\"102\">Res.650N\/mm\u00b2<\/td>\n<td>120<\/td>\n<td>120<\/td>\n<td>140<\/td>\n<td>150<\/td>\n<td>600<\/td>\n<td>900<\/td>\n<td><\/td>\n<td><\/td>\n<td><\/td>\n<td><\/td>\n<\/tr>\n<tr>\n<td width=\"102\">Res.850N\/mm\u00b2<\/td>\n<td>120<\/td>\n<td>120<\/td>\n<td>140<\/td>\n<td>150<\/td>\n<td>600<\/td>\n<td>900<\/td>\n<td><\/td>\n<td><\/td>\n<td><\/td>\n<td><\/td>\n<\/tr>\n<\/tbody>\n<\/table>\n<p>&nbsp;<\/p>\n<p>&nbsp;<\/p>\n","protected":false},"featured_media":5334,"template":"","meta":{"_exactmetrics_skip_tracking":false,"_exactmetrics_sitenote_active":false,"_exactmetrics_sitenote_note":"","_exactmetrics_sitenote_category":0},"product_brand":[],"product_cat":[290,291,304],"product_tag":[327],"class_list":{"0":"post-8993","1":"product","2":"type-product","3":"status-publish","4":"has-post-thumbnail","6":"product_cat-machines-pour-le-travail-du-fer-a-beton","7":"product_cat-coupe-et-pliage","8":"product_cat-cintreuses-cisailles-cintreuses-a-rayon","9":"product_tag-tecmor-fr","11":"first","12":"instock","13":"shipping-taxable","14":"product-type-simple"},"yoast_head":"<!-- This site is optimized with the Yoast SEO plugin v26.8 - https:\/\/yoast.com\/product\/yoast-seo-wordpress\/ -->\n<title>SP 22 MACHINE POUR SPIRALES \u2205 22 - A.B.CON.<\/title>\n<meta name=\"robots\" content=\"index, follow, max-snippet:-1, max-image-preview:large, max-video-preview:-1\" \/>\n<link rel=\"canonical\" href=\"https:\/\/abcon.gr\/fr\/produit\/sp-22-\u03bc\u03b7\u03c7\u03b1\u03bd\u03b7-\u03b3\u03b9\u03b1-\u03c3\u03c0\u03b9\u03c1\u03b1\u03bb-\u2205-22\/\" \/>\n<meta property=\"og:locale\" content=\"fr_FR\" \/>\n<meta property=\"og:type\" content=\"article\" \/>\n<meta property=\"og:title\" content=\"SP 22 MACHINE POUR SPIRALES \u2205 22 - A.B.CON.\" \/>\n<meta property=\"og:description\" content=\"Machine expr\u00e8s construite pour la formation de cercles et spirales avec maximum diam\u00e8tre illimit\u00e9.    CARACTERISTIQUES GENERALES   RPM pour 1&#039; 22   Puissance Kw 0,75   Poids Kg 200   Dimensions (LxLxH) 76x62x94    &nbsp;    &nbsp; CAPACIT\u00c9 DE PLIAGE   Fer \u00d8 max 6 \u00d8 max 8 \u00d8 max 10 \u00d8 max 12 \u00d8 max 18 \u00d8 max 22       \u00f8 min. spirale \u00f8 min. spirale \u00f8 min. spirale \u00f8 min. spirale \u00f8 min. spirale \u00f8 min. spirale       Res.650N\/mm\u00b2 120 120 140 150 600 900       Res.850N\/mm\u00b2 120 120 140 150 600 900        &nbsp;  &nbsp;\" \/>\n<meta property=\"og:url\" content=\"https:\/\/abcon.gr\/fr\/produit\/sp-22-\u03bc\u03b7\u03c7\u03b1\u03bd\u03b7-\u03b3\u03b9\u03b1-\u03c3\u03c0\u03b9\u03c1\u03b1\u03bb-\u2205-22\/\" \/>\n<meta property=\"og:site_name\" content=\"A.B.CON.\" \/>\n<meta property=\"article:publisher\" content=\"https:\/\/www.facebook.com\/Steel.Precast.Solutions.ABCON\/\" \/>\n<meta property=\"article:modified_time\" content=\"2018-08-29T12:07:13+00:00\" \/>\n<meta property=\"og:image\" content=\"https:\/\/abcon.gr\/wp-content\/uploads\/2018\/04\/small_66131348_SP30-New.jpg\" \/>\n\t<meta property=\"og:image:width\" content=\"200\" \/>\n\t<meta property=\"og:image:height\" content=\"200\" \/>\n\t<meta property=\"og:image:type\" content=\"image\/jpeg\" \/>\n<meta name=\"twitter:card\" content=\"summary_large_image\" \/>\n<script type=\"application\/ld+json\" class=\"yoast-schema-graph\">{\"@context\":\"https:\/\/schema.org\",\"@graph\":[{\"@type\":\"WebPage\",\"@id\":\"https:\/\/abcon.gr\/fr\/produit\/sp-22-%ce%bc%ce%b7%cf%87%ce%b1%ce%bd%ce%b7-%ce%b3%ce%b9%ce%b1-%cf%83%cf%80%ce%b9%cf%81%ce%b1%ce%bb-%e2%88%85-22\/\",\"url\":\"https:\/\/abcon.gr\/fr\/produit\/sp-22-%ce%bc%ce%b7%cf%87%ce%b1%ce%bd%ce%b7-%ce%b3%ce%b9%ce%b1-%cf%83%cf%80%ce%b9%cf%81%ce%b1%ce%bb-%e2%88%85-22\/\",\"name\":\"SP 22 MACHINE POUR SPIRALES \u2205 22 - A.B.CON.\",\"isPartOf\":{\"@id\":\"https:\/\/abcon.gr\/fr\/#website\"},\"primaryImageOfPage\":{\"@id\":\"https:\/\/abcon.gr\/fr\/produit\/sp-22-%ce%bc%ce%b7%cf%87%ce%b1%ce%bd%ce%b7-%ce%b3%ce%b9%ce%b1-%cf%83%cf%80%ce%b9%cf%81%ce%b1%ce%bb-%e2%88%85-22\/#primaryimage\"},\"image\":{\"@id\":\"https:\/\/abcon.gr\/fr\/produit\/sp-22-%ce%bc%ce%b7%cf%87%ce%b1%ce%bd%ce%b7-%ce%b3%ce%b9%ce%b1-%cf%83%cf%80%ce%b9%cf%81%ce%b1%ce%bb-%e2%88%85-22\/#primaryimage\"},\"thumbnailUrl\":\"https:\/\/abcon.gr\/wp-content\/uploads\/2018\/04\/small_66131348_SP30-New.jpg\",\"datePublished\":\"2018-04-04T07:05:35+00:00\",\"dateModified\":\"2018-08-29T12:07:13+00:00\",\"breadcrumb\":{\"@id\":\"https:\/\/abcon.gr\/fr\/produit\/sp-22-%ce%bc%ce%b7%cf%87%ce%b1%ce%bd%ce%b7-%ce%b3%ce%b9%ce%b1-%cf%83%cf%80%ce%b9%cf%81%ce%b1%ce%bb-%e2%88%85-22\/#breadcrumb\"},\"inLanguage\":\"fr-FR\",\"potentialAction\":[{\"@type\":\"ReadAction\",\"target\":[\"https:\/\/abcon.gr\/fr\/produit\/sp-22-%ce%bc%ce%b7%cf%87%ce%b1%ce%bd%ce%b7-%ce%b3%ce%b9%ce%b1-%cf%83%cf%80%ce%b9%cf%81%ce%b1%ce%bb-%e2%88%85-22\/\"]}]},{\"@type\":\"ImageObject\",\"inLanguage\":\"fr-FR\",\"@id\":\"https:\/\/abcon.gr\/fr\/produit\/sp-22-%ce%bc%ce%b7%cf%87%ce%b1%ce%bd%ce%b7-%ce%b3%ce%b9%ce%b1-%cf%83%cf%80%ce%b9%cf%81%ce%b1%ce%bb-%e2%88%85-22\/#primaryimage\",\"url\":\"https:\/\/abcon.gr\/wp-content\/uploads\/2018\/04\/small_66131348_SP30-New.jpg\",\"contentUrl\":\"https:\/\/abcon.gr\/wp-content\/uploads\/2018\/04\/small_66131348_SP30-New.jpg\",\"width\":200,\"height\":200,\"caption\":\"small 66131348 SP30 New\"},{\"@type\":\"BreadcrumbList\",\"@id\":\"https:\/\/abcon.gr\/fr\/produit\/sp-22-%ce%bc%ce%b7%cf%87%ce%b1%ce%bd%ce%b7-%ce%b3%ce%b9%ce%b1-%cf%83%cf%80%ce%b9%cf%81%ce%b1%ce%bb-%e2%88%85-22\/#breadcrumb\",\"itemListElement\":[{\"@type\":\"ListItem\",\"position\":1,\"name\":\"\u0391\u03c1\u03c7\u03b9\u03ba\u03ae\",\"item\":\"https:\/\/abcon.gr\/fr\/\"},{\"@type\":\"ListItem\",\"position\":2,\"name\":\"\u039a\u03b1\u03c4\u03ac\u03c3\u03c4\u03b7\u03bc\u03b1\",\"item\":\"https:\/\/abcon.gr\/fr\/%ce%ba%ce%b1%cf%84%ce%ac%cf%83%cf%84%ce%b7%ce%bc%ce%b1\/\"},{\"@type\":\"ListItem\",\"position\":3,\"name\":\"SP 22 MACHINE POUR SPIRALES \u2205 22\"}]},{\"@type\":\"WebSite\",\"@id\":\"https:\/\/abcon.gr\/fr\/#website\",\"url\":\"https:\/\/abcon.gr\/fr\/\",\"name\":\"A.B.CON. - \u039c\u03b7\u03c7\u03b1\u03bd\u03ad\u03c2 \u0395\u03c0\u03b5\u03be\u03b5\u03c1\u03b3\u03b1\u03c3\u03af\u03b1\u03c2 \u03a3\u03ba\u03c5\u03c1\u03bf\u03b4\u03ad\u03bc\u03b1\u03c4\u03bf\u03c2 & \u03a0\u03c1\u03bf\u03ba\u03b1\u03c4\u03b1\u03c3\u03ba\u03b5\u03c5\u03ae\u03c2\",\"description\":\"\u039c\u03b7\u03c7\u03b1\u03bd\u03ad\u03c2 \u0395\u03c0\u03b5\u03be\u03b5\u03c1\u03b3\u03b1\u03c3\u03af\u03b1\u03c2 \u03a3\u03ba\u03c5\u03c1\u03bf\u03b4\u03ad\u03bc\u03b1\u03c4\u03bf\u03c2 &amp; \u03a0\u03c1\u03bf\u03ba\u03b1\u03c4\u03b1\u03c3\u03ba\u03b5\u03c5\u03ae\u03c2\",\"publisher\":{\"@id\":\"https:\/\/abcon.gr\/fr\/#organization\"},\"potentialAction\":[{\"@type\":\"SearchAction\",\"target\":{\"@type\":\"EntryPoint\",\"urlTemplate\":\"https:\/\/abcon.gr\/fr\/?s={search_term_string}\"},\"query-input\":{\"@type\":\"PropertyValueSpecification\",\"valueRequired\":true,\"valueName\":\"search_term_string\"}}],\"inLanguage\":\"fr-FR\"},{\"@type\":\"Organization\",\"@id\":\"https:\/\/abcon.gr\/fr\/#organization\",\"name\":\"A.B.CON. - \u039c\u03b7\u03c7\u03b1\u03bd\u03ad\u03c2 \u0395\u03c0\u03b5\u03be\u03b5\u03c1\u03b3\u03b1\u03c3\u03af\u03b1\u03c2 \u03a3\u03ba\u03c5\u03c1\u03bf\u03b4\u03ad\u03bc\u03b1\u03c4\u03bf\u03c2 & \u03a0\u03c1\u03bf\u03ba\u03b1\u03c4\u03b1\u03c3\u03ba\u03b5\u03c5\u03ae\u03c2\",\"url\":\"https:\/\/abcon.gr\/fr\/\",\"logo\":{\"@type\":\"ImageObject\",\"inLanguage\":\"fr-FR\",\"@id\":\"https:\/\/abcon.gr\/fr\/#\/schema\/logo\/image\/\",\"url\":\"https:\/\/abcon.gr\/wp-content\/uploads\/2021\/04\/logo_150.png\",\"contentUrl\":\"https:\/\/abcon.gr\/wp-content\/uploads\/2021\/04\/logo_150.png\",\"width\":150,\"height\":74,\"caption\":\"A.B.CON. - \u039c\u03b7\u03c7\u03b1\u03bd\u03ad\u03c2 \u0395\u03c0\u03b5\u03be\u03b5\u03c1\u03b3\u03b1\u03c3\u03af\u03b1\u03c2 \u03a3\u03ba\u03c5\u03c1\u03bf\u03b4\u03ad\u03bc\u03b1\u03c4\u03bf\u03c2 & \u03a0\u03c1\u03bf\u03ba\u03b1\u03c4\u03b1\u03c3\u03ba\u03b5\u03c5\u03ae\u03c2\"},\"image\":{\"@id\":\"https:\/\/abcon.gr\/fr\/#\/schema\/logo\/image\/\"},\"sameAs\":[\"https:\/\/www.facebook.com\/Steel.Precast.Solutions.ABCON\/\"]}]}<\/script>\n<!-- \/ Yoast SEO plugin. -->","yoast_head_json":{"title":"SP 22 MACHINE POUR SPIRALES \u2205 22 - A.B.CON.","robots":{"index":"index","follow":"follow","max-snippet":"max-snippet:-1","max-image-preview":"max-image-preview:large","max-video-preview":"max-video-preview:-1"},"canonical":"https:\/\/abcon.gr\/fr\/produit\/sp-22-\u03bc\u03b7\u03c7\u03b1\u03bd\u03b7-\u03b3\u03b9\u03b1-\u03c3\u03c0\u03b9\u03c1\u03b1\u03bb-\u2205-22\/","og_locale":"fr_FR","og_type":"article","og_title":"SP 22 MACHINE POUR SPIRALES \u2205 22 - A.B.CON.","og_description":"Machine expr\u00e8s construite pour la formation de cercles et spirales avec maximum diam\u00e8tre illimit\u00e9.    CARACTERISTIQUES GENERALES   RPM pour 1' 22   Puissance Kw 0,75   Poids Kg 200   Dimensions (LxLxH) 76x62x94    &nbsp;    &nbsp; CAPACIT\u00c9 DE PLIAGE   Fer \u00d8 max 6 \u00d8 max 8 \u00d8 max 10 \u00d8 max 12 \u00d8 max 18 \u00d8 max 22       \u00f8 min. spirale \u00f8 min. spirale \u00f8 min. spirale \u00f8 min. spirale \u00f8 min. spirale \u00f8 min. spirale       Res.650N\/mm\u00b2 120 120 140 150 600 900       Res.850N\/mm\u00b2 120 120 140 150 600 900        &nbsp;  &nbsp;","og_url":"https:\/\/abcon.gr\/fr\/produit\/sp-22-\u03bc\u03b7\u03c7\u03b1\u03bd\u03b7-\u03b3\u03b9\u03b1-\u03c3\u03c0\u03b9\u03c1\u03b1\u03bb-\u2205-22\/","og_site_name":"A.B.CON.","article_publisher":"https:\/\/www.facebook.com\/Steel.Precast.Solutions.ABCON\/","article_modified_time":"2018-08-29T12:07:13+00:00","og_image":[{"width":200,"height":200,"url":"https:\/\/abcon.gr\/wp-content\/uploads\/2018\/04\/small_66131348_SP30-New.jpg","type":"image\/jpeg"}],"twitter_card":"summary_large_image","schema":{"@context":"https:\/\/schema.org","@graph":[{"@type":"WebPage","@id":"https:\/\/abcon.gr\/fr\/produit\/sp-22-%ce%bc%ce%b7%cf%87%ce%b1%ce%bd%ce%b7-%ce%b3%ce%b9%ce%b1-%cf%83%cf%80%ce%b9%cf%81%ce%b1%ce%bb-%e2%88%85-22\/","url":"https:\/\/abcon.gr\/fr\/produit\/sp-22-%ce%bc%ce%b7%cf%87%ce%b1%ce%bd%ce%b7-%ce%b3%ce%b9%ce%b1-%cf%83%cf%80%ce%b9%cf%81%ce%b1%ce%bb-%e2%88%85-22\/","name":"SP 22 MACHINE POUR SPIRALES \u2205 22 - A.B.CON.","isPartOf":{"@id":"https:\/\/abcon.gr\/fr\/#website"},"primaryImageOfPage":{"@id":"https:\/\/abcon.gr\/fr\/produit\/sp-22-%ce%bc%ce%b7%cf%87%ce%b1%ce%bd%ce%b7-%ce%b3%ce%b9%ce%b1-%cf%83%cf%80%ce%b9%cf%81%ce%b1%ce%bb-%e2%88%85-22\/#primaryimage"},"image":{"@id":"https:\/\/abcon.gr\/fr\/produit\/sp-22-%ce%bc%ce%b7%cf%87%ce%b1%ce%bd%ce%b7-%ce%b3%ce%b9%ce%b1-%cf%83%cf%80%ce%b9%cf%81%ce%b1%ce%bb-%e2%88%85-22\/#primaryimage"},"thumbnailUrl":"https:\/\/abcon.gr\/wp-content\/uploads\/2018\/04\/small_66131348_SP30-New.jpg","datePublished":"2018-04-04T07:05:35+00:00","dateModified":"2018-08-29T12:07:13+00:00","breadcrumb":{"@id":"https:\/\/abcon.gr\/fr\/produit\/sp-22-%ce%bc%ce%b7%cf%87%ce%b1%ce%bd%ce%b7-%ce%b3%ce%b9%ce%b1-%cf%83%cf%80%ce%b9%cf%81%ce%b1%ce%bb-%e2%88%85-22\/#breadcrumb"},"inLanguage":"fr-FR","potentialAction":[{"@type":"ReadAction","target":["https:\/\/abcon.gr\/fr\/produit\/sp-22-%ce%bc%ce%b7%cf%87%ce%b1%ce%bd%ce%b7-%ce%b3%ce%b9%ce%b1-%cf%83%cf%80%ce%b9%cf%81%ce%b1%ce%bb-%e2%88%85-22\/"]}]},{"@type":"ImageObject","inLanguage":"fr-FR","@id":"https:\/\/abcon.gr\/fr\/produit\/sp-22-%ce%bc%ce%b7%cf%87%ce%b1%ce%bd%ce%b7-%ce%b3%ce%b9%ce%b1-%cf%83%cf%80%ce%b9%cf%81%ce%b1%ce%bb-%e2%88%85-22\/#primaryimage","url":"https:\/\/abcon.gr\/wp-content\/uploads\/2018\/04\/small_66131348_SP30-New.jpg","contentUrl":"https:\/\/abcon.gr\/wp-content\/uploads\/2018\/04\/small_66131348_SP30-New.jpg","width":200,"height":200,"caption":"small 66131348 SP30 New"},{"@type":"BreadcrumbList","@id":"https:\/\/abcon.gr\/fr\/produit\/sp-22-%ce%bc%ce%b7%cf%87%ce%b1%ce%bd%ce%b7-%ce%b3%ce%b9%ce%b1-%cf%83%cf%80%ce%b9%cf%81%ce%b1%ce%bb-%e2%88%85-22\/#breadcrumb","itemListElement":[{"@type":"ListItem","position":1,"name":"\u0391\u03c1\u03c7\u03b9\u03ba\u03ae","item":"https:\/\/abcon.gr\/fr\/"},{"@type":"ListItem","position":2,"name":"\u039a\u03b1\u03c4\u03ac\u03c3\u03c4\u03b7\u03bc\u03b1","item":"https:\/\/abcon.gr\/fr\/%ce%ba%ce%b1%cf%84%ce%ac%cf%83%cf%84%ce%b7%ce%bc%ce%b1\/"},{"@type":"ListItem","position":3,"name":"SP 22 MACHINE POUR SPIRALES \u2205 22"}]},{"@type":"WebSite","@id":"https:\/\/abcon.gr\/fr\/#website","url":"https:\/\/abcon.gr\/fr\/","name":"A.B.CON. - \u039c\u03b7\u03c7\u03b1\u03bd\u03ad\u03c2 \u0395\u03c0\u03b5\u03be\u03b5\u03c1\u03b3\u03b1\u03c3\u03af\u03b1\u03c2 \u03a3\u03ba\u03c5\u03c1\u03bf\u03b4\u03ad\u03bc\u03b1\u03c4\u03bf\u03c2 & \u03a0\u03c1\u03bf\u03ba\u03b1\u03c4\u03b1\u03c3\u03ba\u03b5\u03c5\u03ae\u03c2","description":"\u039c\u03b7\u03c7\u03b1\u03bd\u03ad\u03c2 \u0395\u03c0\u03b5\u03be\u03b5\u03c1\u03b3\u03b1\u03c3\u03af\u03b1\u03c2 \u03a3\u03ba\u03c5\u03c1\u03bf\u03b4\u03ad\u03bc\u03b1\u03c4\u03bf\u03c2 &amp; \u03a0\u03c1\u03bf\u03ba\u03b1\u03c4\u03b1\u03c3\u03ba\u03b5\u03c5\u03ae\u03c2","publisher":{"@id":"https:\/\/abcon.gr\/fr\/#organization"},"potentialAction":[{"@type":"SearchAction","target":{"@type":"EntryPoint","urlTemplate":"https:\/\/abcon.gr\/fr\/?s={search_term_string}"},"query-input":{"@type":"PropertyValueSpecification","valueRequired":true,"valueName":"search_term_string"}}],"inLanguage":"fr-FR"},{"@type":"Organization","@id":"https:\/\/abcon.gr\/fr\/#organization","name":"A.B.CON. - \u039c\u03b7\u03c7\u03b1\u03bd\u03ad\u03c2 \u0395\u03c0\u03b5\u03be\u03b5\u03c1\u03b3\u03b1\u03c3\u03af\u03b1\u03c2 \u03a3\u03ba\u03c5\u03c1\u03bf\u03b4\u03ad\u03bc\u03b1\u03c4\u03bf\u03c2 & \u03a0\u03c1\u03bf\u03ba\u03b1\u03c4\u03b1\u03c3\u03ba\u03b5\u03c5\u03ae\u03c2","url":"https:\/\/abcon.gr\/fr\/","logo":{"@type":"ImageObject","inLanguage":"fr-FR","@id":"https:\/\/abcon.gr\/fr\/#\/schema\/logo\/image\/","url":"https:\/\/abcon.gr\/wp-content\/uploads\/2021\/04\/logo_150.png","contentUrl":"https:\/\/abcon.gr\/wp-content\/uploads\/2021\/04\/logo_150.png","width":150,"height":74,"caption":"A.B.CON. - \u039c\u03b7\u03c7\u03b1\u03bd\u03ad\u03c2 \u0395\u03c0\u03b5\u03be\u03b5\u03c1\u03b3\u03b1\u03c3\u03af\u03b1\u03c2 \u03a3\u03ba\u03c5\u03c1\u03bf\u03b4\u03ad\u03bc\u03b1\u03c4\u03bf\u03c2 & \u03a0\u03c1\u03bf\u03ba\u03b1\u03c4\u03b1\u03c3\u03ba\u03b5\u03c5\u03ae\u03c2"},"image":{"@id":"https:\/\/abcon.gr\/fr\/#\/schema\/logo\/image\/"},"sameAs":["https:\/\/www.facebook.com\/Steel.Precast.Solutions.ABCON\/"]}]}},"_links":{"self":[{"href":"https:\/\/abcon.gr\/fr\/wp-json\/wp\/v2\/product\/8993","targetHints":{"allow":["GET"]}}],"collection":[{"href":"https:\/\/abcon.gr\/fr\/wp-json\/wp\/v2\/product"}],"about":[{"href":"https:\/\/abcon.gr\/fr\/wp-json\/wp\/v2\/types\/product"}],"wp:featuredmedia":[{"embeddable":true,"href":"https:\/\/abcon.gr\/fr\/wp-json\/wp\/v2\/media\/5334"}],"wp:attachment":[{"href":"https:\/\/abcon.gr\/fr\/wp-json\/wp\/v2\/media?parent=8993"}],"wp:term":[{"taxonomy":"product_brand","embeddable":true,"href":"https:\/\/abcon.gr\/fr\/wp-json\/wp\/v2\/product_brand?post=8993"},{"taxonomy":"product_cat","embeddable":true,"href":"https:\/\/abcon.gr\/fr\/wp-json\/wp\/v2\/product_cat?post=8993"},{"taxonomy":"product_tag","embeddable":true,"href":"https:\/\/abcon.gr\/fr\/wp-json\/wp\/v2\/product_tag?post=8993"}],"curies":[{"name":"wp","href":"https:\/\/api.w.org\/{rel}","templated":true}]}}