{"id":8977,"date":"2018-04-04T10:13:44","date_gmt":"2018-04-04T07:13:44","guid":{"rendered":"http:\/\/test3.aenima.grproduct\/c-55-%cf%84%cf%81%ce%b9%cf%86%ce%b1%cf%83%ce%b9%ce%ba%ce%bf-%e2%88%85-46\/"},"modified":"2018-08-29T13:55:35","modified_gmt":"2018-08-29T10:55:35","slug":"c-55-%cf%84%cf%81%ce%b9%cf%86%ce%b1%cf%83%ce%b9%ce%ba%ce%bf-%e2%88%85-46","status":"publish","type":"product","link":"https:\/\/abcon.gr\/fr\/produit\/c-55-%cf%84%cf%81%ce%b9%cf%86%ce%b1%cf%83%ce%b9%ce%ba%ce%bf-%e2%88%85-46\/","title":{"rendered":"C 55 TRIPHAS\u00c9 \u2205 46"},"content":{"rendered":"","protected":false},"excerpt":{"rendered":"<p>Corps en monobloc en acier moul\u00e9 d&rsquo;haute qualit\u00e9 et renforc\u00e9 dans les points les plus sollicit\u00e9s, compl\u00e8tement exempt d&rsquo;\u00e9l\u00e9ments de charpenterie. Couteaux en acier sp\u00e9cial tremp\u00e9 expr\u00e8s con\u00e7us pour la coupe de fer avec petits et grands diam\u00e8tres. Les engrenages sont en acier trait\u00e9 anti-usure \u00e0 graissage constant et les parties mouvantes sont en acier tremp\u00e9 et rectifi\u00e9.<\/p>\n<table width=\"0\">\n<tbody>\n<tr>\n<td colspan=\"2\" width=\"460\"><strong>CARACTERISTIQUES GENERALES<\/strong><\/td>\n<\/tr>\n<tr>\n<td width=\"383\">RPM pour 1&prime;<\/td>\n<td>50<\/td>\n<\/tr>\n<tr>\n<td>Puissance Kw<\/td>\n<td>4<\/td>\n<\/tr>\n<tr>\n<td>Poids Kg<\/td>\n<td>850<\/td>\n<\/tr>\n<tr>\n<td>DImension (LxLxH)<\/td>\n<td>130x69x110<\/td>\n<\/tr>\n<\/tbody>\n<\/table>\n<p>&nbsp;<\/p>\n<table width=\"0\">\n<tbody>\n<tr>\n<td width=\"108\">&nbsp;<\/td>\n<td colspan=\"5\" width=\"352\"><strong>CAPACIT\u00c9 DE COUPE<\/strong><\/td>\n<\/tr>\n<tr>\n<td rowspan=\"2\">Fer<\/td>\n<td width=\"70\">No.barres<\/td>\n<td width=\"70\">No.barres<\/td>\n<td width=\"70\">No.barres<\/td>\n<td width=\"70\">No.barres<\/td>\n<td width=\"70\">No.barres<\/td>\n<\/tr>\n<tr>\n<td>1<\/td>\n<td>2<\/td>\n<td>3<\/td>\n<td>4<\/td>\n<td>5<\/td>\n<\/tr>\n<tr>\n<td width=\"108\">Res.650N\/mm\u00b2<\/td>\n<td>\u00d8 max 46<\/td>\n<td>\u00d8 max 32<\/td>\n<td>\u00d8 max 26<\/td>\n<td>\u00d8 max 20<\/td>\n<td>\u00d8 max 18<\/td>\n<\/tr>\n<tr>\n<td width=\"108\">Res.850N\/mm\u00b2<\/td>\n<td>\u00d8 max 40<\/td>\n<td>\u00d8 max 26<\/td>\n<td>\u00d8 max 24<\/td>\n<td>\u00d8 max 18<\/td>\n<td>\u00d8 max 16<\/td>\n<\/tr>\n<\/tbody>\n<\/table>\n<p>&nbsp;<\/p>\n<p>&nbsp;<\/p>\n<p>&nbsp;<\/p>\n","protected":false},"featured_media":5364,"template":"","meta":{"_exactmetrics_skip_tracking":false,"_exactmetrics_sitenote_active":false,"_exactmetrics_sitenote_note":"","_exactmetrics_sitenote_category":0},"product_brand":[],"product_cat":[290,291,304],"product_tag":[327],"class_list":{"0":"post-8977","1":"product","2":"type-product","3":"status-publish","4":"has-post-thumbnail","6":"product_cat-machines-pour-le-travail-du-fer-a-beton","7":"product_cat-coupe-et-pliage","8":"product_cat-cintreuses-cisailles-cintreuses-a-rayon","9":"product_tag-tecmor-fr","11":"first","12":"instock","13":"shipping-taxable","14":"product-type-simple"},"yoast_head":"<!-- This site is optimized with the Yoast SEO plugin v26.8 - https:\/\/yoast.com\/product\/yoast-seo-wordpress\/ -->\n<title>C 55 TRIPHAS\u00c9 \u2205 46 - A.B.CON.<\/title>\n<meta name=\"robots\" content=\"index, follow, max-snippet:-1, max-image-preview:large, max-video-preview:-1\" \/>\n<link rel=\"canonical\" href=\"https:\/\/abcon.gr\/fr\/produit\/c-55-\u03c4\u03c1\u03b9\u03c6\u03b1\u03c3\u03b9\u03ba\u03bf-\u2205-46\/\" \/>\n<meta property=\"og:locale\" content=\"fr_FR\" \/>\n<meta property=\"og:type\" content=\"article\" \/>\n<meta property=\"og:title\" content=\"C 55 TRIPHAS\u00c9 \u2205 46 - A.B.CON.\" \/>\n<meta property=\"og:description\" content=\"Corps en monobloc en acier moul\u00e9 d&#039;haute qualit\u00e9 et renforc\u00e9 dans les points les plus sollicit\u00e9s, compl\u00e8tement exempt d&#039;\u00e9l\u00e9ments de charpenterie. Couteaux en acier sp\u00e9cial tremp\u00e9 expr\u00e8s con\u00e7us pour la coupe de fer avec petits et grands diam\u00e8tres. Les engrenages sont en acier trait\u00e9 anti-usure \u00e0 graissage constant et les parties mouvantes sont en acier tremp\u00e9 et rectifi\u00e9.    CARACTERISTIQUES GENERALES   RPM pour 1&#039; 50   Puissance Kw 4   Poids Kg 850   DImension (LxLxH) 130x69x110    &nbsp;    &nbsp; CAPACIT\u00c9 DE COUPE   Fer No.barres No.barres No.barres No.barres No.barres   1 2 3 4 5   Res.650N\/mm\u00b2 \u00d8 max 46 \u00d8 max 32 \u00d8 max 26 \u00d8 max 20 \u00d8 max 18   Res.850N\/mm\u00b2 \u00d8 max 40 \u00d8 max 26 \u00d8 max 24 \u00d8 max 18 \u00d8 max 16    &nbsp;  &nbsp;  &nbsp;\" \/>\n<meta property=\"og:url\" content=\"https:\/\/abcon.gr\/fr\/produit\/c-55-\u03c4\u03c1\u03b9\u03c6\u03b1\u03c3\u03b9\u03ba\u03bf-\u2205-46\/\" \/>\n<meta property=\"og:site_name\" content=\"A.B.CON.\" \/>\n<meta property=\"article:publisher\" content=\"https:\/\/www.facebook.com\/Steel.Precast.Solutions.ABCON\/\" \/>\n<meta property=\"article:modified_time\" content=\"2018-08-29T10:55:35+00:00\" \/>\n<meta property=\"og:image\" content=\"https:\/\/abcon.gr\/wp-content\/uploads\/2018\/04\/small_1515500541_C55-con-pedale.jpg\" \/>\n\t<meta property=\"og:image:width\" content=\"200\" \/>\n\t<meta property=\"og:image:height\" content=\"235\" \/>\n\t<meta property=\"og:image:type\" content=\"image\/jpeg\" \/>\n<meta name=\"twitter:card\" content=\"summary_large_image\" \/>\n<script type=\"application\/ld+json\" class=\"yoast-schema-graph\">{\"@context\":\"https:\/\/schema.org\",\"@graph\":[{\"@type\":\"WebPage\",\"@id\":\"https:\/\/abcon.gr\/fr\/produit\/c-55-%cf%84%cf%81%ce%b9%cf%86%ce%b1%cf%83%ce%b9%ce%ba%ce%bf-%e2%88%85-46\/\",\"url\":\"https:\/\/abcon.gr\/fr\/produit\/c-55-%cf%84%cf%81%ce%b9%cf%86%ce%b1%cf%83%ce%b9%ce%ba%ce%bf-%e2%88%85-46\/\",\"name\":\"C 55 TRIPHAS\u00c9 \u2205 46 - A.B.CON.\",\"isPartOf\":{\"@id\":\"https:\/\/abcon.gr\/fr\/#website\"},\"primaryImageOfPage\":{\"@id\":\"https:\/\/abcon.gr\/fr\/produit\/c-55-%cf%84%cf%81%ce%b9%cf%86%ce%b1%cf%83%ce%b9%ce%ba%ce%bf-%e2%88%85-46\/#primaryimage\"},\"image\":{\"@id\":\"https:\/\/abcon.gr\/fr\/produit\/c-55-%cf%84%cf%81%ce%b9%cf%86%ce%b1%cf%83%ce%b9%ce%ba%ce%bf-%e2%88%85-46\/#primaryimage\"},\"thumbnailUrl\":\"https:\/\/abcon.gr\/wp-content\/uploads\/2018\/04\/small_1515500541_C55-con-pedale.jpg\",\"datePublished\":\"2018-04-04T07:13:44+00:00\",\"dateModified\":\"2018-08-29T10:55:35+00:00\",\"breadcrumb\":{\"@id\":\"https:\/\/abcon.gr\/fr\/produit\/c-55-%cf%84%cf%81%ce%b9%cf%86%ce%b1%cf%83%ce%b9%ce%ba%ce%bf-%e2%88%85-46\/#breadcrumb\"},\"inLanguage\":\"fr-FR\",\"potentialAction\":[{\"@type\":\"ReadAction\",\"target\":[\"https:\/\/abcon.gr\/fr\/produit\/c-55-%cf%84%cf%81%ce%b9%cf%86%ce%b1%cf%83%ce%b9%ce%ba%ce%bf-%e2%88%85-46\/\"]}]},{\"@type\":\"ImageObject\",\"inLanguage\":\"fr-FR\",\"@id\":\"https:\/\/abcon.gr\/fr\/produit\/c-55-%cf%84%cf%81%ce%b9%cf%86%ce%b1%cf%83%ce%b9%ce%ba%ce%bf-%e2%88%85-46\/#primaryimage\",\"url\":\"https:\/\/abcon.gr\/wp-content\/uploads\/2018\/04\/small_1515500541_C55-con-pedale.jpg\",\"contentUrl\":\"https:\/\/abcon.gr\/wp-content\/uploads\/2018\/04\/small_1515500541_C55-con-pedale.jpg\",\"width\":200,\"height\":235,\"caption\":\"small 1515500541 C55 con pedale\"},{\"@type\":\"BreadcrumbList\",\"@id\":\"https:\/\/abcon.gr\/fr\/produit\/c-55-%cf%84%cf%81%ce%b9%cf%86%ce%b1%cf%83%ce%b9%ce%ba%ce%bf-%e2%88%85-46\/#breadcrumb\",\"itemListElement\":[{\"@type\":\"ListItem\",\"position\":1,\"name\":\"\u0391\u03c1\u03c7\u03b9\u03ba\u03ae\",\"item\":\"https:\/\/abcon.gr\/fr\/\"},{\"@type\":\"ListItem\",\"position\":2,\"name\":\"\u039a\u03b1\u03c4\u03ac\u03c3\u03c4\u03b7\u03bc\u03b1\",\"item\":\"https:\/\/abcon.gr\/fr\/%ce%ba%ce%b1%cf%84%ce%ac%cf%83%cf%84%ce%b7%ce%bc%ce%b1\/\"},{\"@type\":\"ListItem\",\"position\":3,\"name\":\"C 55 TRIPHAS\u00c9 \u2205 46\"}]},{\"@type\":\"WebSite\",\"@id\":\"https:\/\/abcon.gr\/fr\/#website\",\"url\":\"https:\/\/abcon.gr\/fr\/\",\"name\":\"A.B.CON. - \u039c\u03b7\u03c7\u03b1\u03bd\u03ad\u03c2 \u0395\u03c0\u03b5\u03be\u03b5\u03c1\u03b3\u03b1\u03c3\u03af\u03b1\u03c2 \u03a3\u03ba\u03c5\u03c1\u03bf\u03b4\u03ad\u03bc\u03b1\u03c4\u03bf\u03c2 & \u03a0\u03c1\u03bf\u03ba\u03b1\u03c4\u03b1\u03c3\u03ba\u03b5\u03c5\u03ae\u03c2\",\"description\":\"\u039c\u03b7\u03c7\u03b1\u03bd\u03ad\u03c2 \u0395\u03c0\u03b5\u03be\u03b5\u03c1\u03b3\u03b1\u03c3\u03af\u03b1\u03c2 \u03a3\u03ba\u03c5\u03c1\u03bf\u03b4\u03ad\u03bc\u03b1\u03c4\u03bf\u03c2 &amp; \u03a0\u03c1\u03bf\u03ba\u03b1\u03c4\u03b1\u03c3\u03ba\u03b5\u03c5\u03ae\u03c2\",\"publisher\":{\"@id\":\"https:\/\/abcon.gr\/fr\/#organization\"},\"potentialAction\":[{\"@type\":\"SearchAction\",\"target\":{\"@type\":\"EntryPoint\",\"urlTemplate\":\"https:\/\/abcon.gr\/fr\/?s={search_term_string}\"},\"query-input\":{\"@type\":\"PropertyValueSpecification\",\"valueRequired\":true,\"valueName\":\"search_term_string\"}}],\"inLanguage\":\"fr-FR\"},{\"@type\":\"Organization\",\"@id\":\"https:\/\/abcon.gr\/fr\/#organization\",\"name\":\"A.B.CON. - \u039c\u03b7\u03c7\u03b1\u03bd\u03ad\u03c2 \u0395\u03c0\u03b5\u03be\u03b5\u03c1\u03b3\u03b1\u03c3\u03af\u03b1\u03c2 \u03a3\u03ba\u03c5\u03c1\u03bf\u03b4\u03ad\u03bc\u03b1\u03c4\u03bf\u03c2 & \u03a0\u03c1\u03bf\u03ba\u03b1\u03c4\u03b1\u03c3\u03ba\u03b5\u03c5\u03ae\u03c2\",\"url\":\"https:\/\/abcon.gr\/fr\/\",\"logo\":{\"@type\":\"ImageObject\",\"inLanguage\":\"fr-FR\",\"@id\":\"https:\/\/abcon.gr\/fr\/#\/schema\/logo\/image\/\",\"url\":\"https:\/\/abcon.gr\/wp-content\/uploads\/2021\/04\/logo_150.png\",\"contentUrl\":\"https:\/\/abcon.gr\/wp-content\/uploads\/2021\/04\/logo_150.png\",\"width\":150,\"height\":74,\"caption\":\"A.B.CON. - \u039c\u03b7\u03c7\u03b1\u03bd\u03ad\u03c2 \u0395\u03c0\u03b5\u03be\u03b5\u03c1\u03b3\u03b1\u03c3\u03af\u03b1\u03c2 \u03a3\u03ba\u03c5\u03c1\u03bf\u03b4\u03ad\u03bc\u03b1\u03c4\u03bf\u03c2 & \u03a0\u03c1\u03bf\u03ba\u03b1\u03c4\u03b1\u03c3\u03ba\u03b5\u03c5\u03ae\u03c2\"},\"image\":{\"@id\":\"https:\/\/abcon.gr\/fr\/#\/schema\/logo\/image\/\"},\"sameAs\":[\"https:\/\/www.facebook.com\/Steel.Precast.Solutions.ABCON\/\"]}]}<\/script>\n<!-- \/ Yoast SEO plugin. -->","yoast_head_json":{"title":"C 55 TRIPHAS\u00c9 \u2205 46 - A.B.CON.","robots":{"index":"index","follow":"follow","max-snippet":"max-snippet:-1","max-image-preview":"max-image-preview:large","max-video-preview":"max-video-preview:-1"},"canonical":"https:\/\/abcon.gr\/fr\/produit\/c-55-\u03c4\u03c1\u03b9\u03c6\u03b1\u03c3\u03b9\u03ba\u03bf-\u2205-46\/","og_locale":"fr_FR","og_type":"article","og_title":"C 55 TRIPHAS\u00c9 \u2205 46 - A.B.CON.","og_description":"Corps en monobloc en acier moul\u00e9 d'haute qualit\u00e9 et renforc\u00e9 dans les points les plus sollicit\u00e9s, compl\u00e8tement exempt d'\u00e9l\u00e9ments de charpenterie. Couteaux en acier sp\u00e9cial tremp\u00e9 expr\u00e8s con\u00e7us pour la coupe de fer avec petits et grands diam\u00e8tres. Les engrenages sont en acier trait\u00e9 anti-usure \u00e0 graissage constant et les parties mouvantes sont en acier tremp\u00e9 et rectifi\u00e9.    CARACTERISTIQUES GENERALES   RPM pour 1' 50   Puissance Kw 4   Poids Kg 850   DImension (LxLxH) 130x69x110    &nbsp;    &nbsp; CAPACIT\u00c9 DE COUPE   Fer No.barres No.barres No.barres No.barres No.barres   1 2 3 4 5   Res.650N\/mm\u00b2 \u00d8 max 46 \u00d8 max 32 \u00d8 max 26 \u00d8 max 20 \u00d8 max 18   Res.850N\/mm\u00b2 \u00d8 max 40 \u00d8 max 26 \u00d8 max 24 \u00d8 max 18 \u00d8 max 16    &nbsp;  &nbsp;  &nbsp;","og_url":"https:\/\/abcon.gr\/fr\/produit\/c-55-\u03c4\u03c1\u03b9\u03c6\u03b1\u03c3\u03b9\u03ba\u03bf-\u2205-46\/","og_site_name":"A.B.CON.","article_publisher":"https:\/\/www.facebook.com\/Steel.Precast.Solutions.ABCON\/","article_modified_time":"2018-08-29T10:55:35+00:00","og_image":[{"width":200,"height":235,"url":"https:\/\/abcon.gr\/wp-content\/uploads\/2018\/04\/small_1515500541_C55-con-pedale.jpg","type":"image\/jpeg"}],"twitter_card":"summary_large_image","schema":{"@context":"https:\/\/schema.org","@graph":[{"@type":"WebPage","@id":"https:\/\/abcon.gr\/fr\/produit\/c-55-%cf%84%cf%81%ce%b9%cf%86%ce%b1%cf%83%ce%b9%ce%ba%ce%bf-%e2%88%85-46\/","url":"https:\/\/abcon.gr\/fr\/produit\/c-55-%cf%84%cf%81%ce%b9%cf%86%ce%b1%cf%83%ce%b9%ce%ba%ce%bf-%e2%88%85-46\/","name":"C 55 TRIPHAS\u00c9 \u2205 46 - A.B.CON.","isPartOf":{"@id":"https:\/\/abcon.gr\/fr\/#website"},"primaryImageOfPage":{"@id":"https:\/\/abcon.gr\/fr\/produit\/c-55-%cf%84%cf%81%ce%b9%cf%86%ce%b1%cf%83%ce%b9%ce%ba%ce%bf-%e2%88%85-46\/#primaryimage"},"image":{"@id":"https:\/\/abcon.gr\/fr\/produit\/c-55-%cf%84%cf%81%ce%b9%cf%86%ce%b1%cf%83%ce%b9%ce%ba%ce%bf-%e2%88%85-46\/#primaryimage"},"thumbnailUrl":"https:\/\/abcon.gr\/wp-content\/uploads\/2018\/04\/small_1515500541_C55-con-pedale.jpg","datePublished":"2018-04-04T07:13:44+00:00","dateModified":"2018-08-29T10:55:35+00:00","breadcrumb":{"@id":"https:\/\/abcon.gr\/fr\/produit\/c-55-%cf%84%cf%81%ce%b9%cf%86%ce%b1%cf%83%ce%b9%ce%ba%ce%bf-%e2%88%85-46\/#breadcrumb"},"inLanguage":"fr-FR","potentialAction":[{"@type":"ReadAction","target":["https:\/\/abcon.gr\/fr\/produit\/c-55-%cf%84%cf%81%ce%b9%cf%86%ce%b1%cf%83%ce%b9%ce%ba%ce%bf-%e2%88%85-46\/"]}]},{"@type":"ImageObject","inLanguage":"fr-FR","@id":"https:\/\/abcon.gr\/fr\/produit\/c-55-%cf%84%cf%81%ce%b9%cf%86%ce%b1%cf%83%ce%b9%ce%ba%ce%bf-%e2%88%85-46\/#primaryimage","url":"https:\/\/abcon.gr\/wp-content\/uploads\/2018\/04\/small_1515500541_C55-con-pedale.jpg","contentUrl":"https:\/\/abcon.gr\/wp-content\/uploads\/2018\/04\/small_1515500541_C55-con-pedale.jpg","width":200,"height":235,"caption":"small 1515500541 C55 con pedale"},{"@type":"BreadcrumbList","@id":"https:\/\/abcon.gr\/fr\/produit\/c-55-%cf%84%cf%81%ce%b9%cf%86%ce%b1%cf%83%ce%b9%ce%ba%ce%bf-%e2%88%85-46\/#breadcrumb","itemListElement":[{"@type":"ListItem","position":1,"name":"\u0391\u03c1\u03c7\u03b9\u03ba\u03ae","item":"https:\/\/abcon.gr\/fr\/"},{"@type":"ListItem","position":2,"name":"\u039a\u03b1\u03c4\u03ac\u03c3\u03c4\u03b7\u03bc\u03b1","item":"https:\/\/abcon.gr\/fr\/%ce%ba%ce%b1%cf%84%ce%ac%cf%83%cf%84%ce%b7%ce%bc%ce%b1\/"},{"@type":"ListItem","position":3,"name":"C 55 TRIPHAS\u00c9 \u2205 46"}]},{"@type":"WebSite","@id":"https:\/\/abcon.gr\/fr\/#website","url":"https:\/\/abcon.gr\/fr\/","name":"A.B.CON. - \u039c\u03b7\u03c7\u03b1\u03bd\u03ad\u03c2 \u0395\u03c0\u03b5\u03be\u03b5\u03c1\u03b3\u03b1\u03c3\u03af\u03b1\u03c2 \u03a3\u03ba\u03c5\u03c1\u03bf\u03b4\u03ad\u03bc\u03b1\u03c4\u03bf\u03c2 & \u03a0\u03c1\u03bf\u03ba\u03b1\u03c4\u03b1\u03c3\u03ba\u03b5\u03c5\u03ae\u03c2","description":"\u039c\u03b7\u03c7\u03b1\u03bd\u03ad\u03c2 \u0395\u03c0\u03b5\u03be\u03b5\u03c1\u03b3\u03b1\u03c3\u03af\u03b1\u03c2 \u03a3\u03ba\u03c5\u03c1\u03bf\u03b4\u03ad\u03bc\u03b1\u03c4\u03bf\u03c2 &amp; \u03a0\u03c1\u03bf\u03ba\u03b1\u03c4\u03b1\u03c3\u03ba\u03b5\u03c5\u03ae\u03c2","publisher":{"@id":"https:\/\/abcon.gr\/fr\/#organization"},"potentialAction":[{"@type":"SearchAction","target":{"@type":"EntryPoint","urlTemplate":"https:\/\/abcon.gr\/fr\/?s={search_term_string}"},"query-input":{"@type":"PropertyValueSpecification","valueRequired":true,"valueName":"search_term_string"}}],"inLanguage":"fr-FR"},{"@type":"Organization","@id":"https:\/\/abcon.gr\/fr\/#organization","name":"A.B.CON. - \u039c\u03b7\u03c7\u03b1\u03bd\u03ad\u03c2 \u0395\u03c0\u03b5\u03be\u03b5\u03c1\u03b3\u03b1\u03c3\u03af\u03b1\u03c2 \u03a3\u03ba\u03c5\u03c1\u03bf\u03b4\u03ad\u03bc\u03b1\u03c4\u03bf\u03c2 & \u03a0\u03c1\u03bf\u03ba\u03b1\u03c4\u03b1\u03c3\u03ba\u03b5\u03c5\u03ae\u03c2","url":"https:\/\/abcon.gr\/fr\/","logo":{"@type":"ImageObject","inLanguage":"fr-FR","@id":"https:\/\/abcon.gr\/fr\/#\/schema\/logo\/image\/","url":"https:\/\/abcon.gr\/wp-content\/uploads\/2021\/04\/logo_150.png","contentUrl":"https:\/\/abcon.gr\/wp-content\/uploads\/2021\/04\/logo_150.png","width":150,"height":74,"caption":"A.B.CON. - \u039c\u03b7\u03c7\u03b1\u03bd\u03ad\u03c2 \u0395\u03c0\u03b5\u03be\u03b5\u03c1\u03b3\u03b1\u03c3\u03af\u03b1\u03c2 \u03a3\u03ba\u03c5\u03c1\u03bf\u03b4\u03ad\u03bc\u03b1\u03c4\u03bf\u03c2 & \u03a0\u03c1\u03bf\u03ba\u03b1\u03c4\u03b1\u03c3\u03ba\u03b5\u03c5\u03ae\u03c2"},"image":{"@id":"https:\/\/abcon.gr\/fr\/#\/schema\/logo\/image\/"},"sameAs":["https:\/\/www.facebook.com\/Steel.Precast.Solutions.ABCON\/"]}]}},"_links":{"self":[{"href":"https:\/\/abcon.gr\/fr\/wp-json\/wp\/v2\/product\/8977","targetHints":{"allow":["GET"]}}],"collection":[{"href":"https:\/\/abcon.gr\/fr\/wp-json\/wp\/v2\/product"}],"about":[{"href":"https:\/\/abcon.gr\/fr\/wp-json\/wp\/v2\/types\/product"}],"wp:featuredmedia":[{"embeddable":true,"href":"https:\/\/abcon.gr\/fr\/wp-json\/wp\/v2\/media\/5364"}],"wp:attachment":[{"href":"https:\/\/abcon.gr\/fr\/wp-json\/wp\/v2\/media?parent=8977"}],"wp:term":[{"taxonomy":"product_brand","embeddable":true,"href":"https:\/\/abcon.gr\/fr\/wp-json\/wp\/v2\/product_brand?post=8977"},{"taxonomy":"product_cat","embeddable":true,"href":"https:\/\/abcon.gr\/fr\/wp-json\/wp\/v2\/product_cat?post=8977"},{"taxonomy":"product_tag","embeddable":true,"href":"https:\/\/abcon.gr\/fr\/wp-json\/wp\/v2\/product_tag?post=8977"}],"curies":[{"name":"wp","href":"https:\/\/api.w.org\/{rel}","templated":true}]}}