{"id":8894,"date":"2018-06-21T11:52:57","date_gmt":"2018-06-21T08:52:57","guid":{"rendered":"http:\/\/test3.aenima.grproduct\/couvertures-tt\/"},"modified":"2018-06-21T11:52:57","modified_gmt":"2018-06-21T08:52:57","slug":"couvertures-tt","status":"publish","type":"product","link":"https:\/\/abcon.gr\/fr\/produit\/couvertures-tt\/","title":{"rendered":"Couvertures TT"},"content":{"rendered":"","protected":false},"excerpt":{"rendered":"<p>Pistes pour pr\u00e9contrainte \u00e0 fils adh\u00e9rents pour couvertures TT<br \/>\nLongueur: 36\u00a0 &#8211; 65.5 &#8211; 72 &#8211; jusqu&rsquo;\u00e0 120 m.<br \/>\nActions de pr\u00e9contrainte: 250 &#8211; 350 &#8211; 500 &#8211; jusqu&rsquo;\u00e0 800 t<br \/>\nSection avec des hauteurs de 300 \u00e0 1 200 mm et largeurs de 1 200 \u00e0 2 800 mm<br \/>\nSyst\u00e8me de mouvement : hydraulique ou manuel<br \/>\nPossibilit\u00e9 de r\u00e9alisation du moule type &lsquo;lent&rsquo;, auto-reactant ou avec des chev\u00eatres.<\/p>\n","protected":false},"featured_media":8450,"template":"","meta":{"_exactmetrics_skip_tracking":false,"_exactmetrics_sitenote_active":false,"_exactmetrics_sitenote_note":"","_exactmetrics_sitenote_category":0},"product_brand":[],"product_cat":[214,217],"product_tag":[325],"class_list":{"0":"post-8894","1":"product","2":"type-product","3":"status-publish","4":"has-post-thumbnail","6":"product_cat-equipement-precast","7":"product_cat-moules","8":"product_tag-bianchi-fr","10":"first","11":"instock","12":"shipping-taxable","13":"product-type-simple"},"yoast_head":"<!-- This site is optimized with the Yoast SEO plugin v26.8 - https:\/\/yoast.com\/product\/yoast-seo-wordpress\/ -->\n<title>Couvertures TT - A.B.CON.<\/title>\n<meta name=\"robots\" content=\"index, follow, max-snippet:-1, max-image-preview:large, max-video-preview:-1\" \/>\n<link rel=\"canonical\" href=\"https:\/\/abcon.gr\/produit\/\u03c3\u03c4\u03bf\u03b9\u03c7\u03b5\u03b9\u03b1-tt\/\" \/>\n<meta property=\"og:locale\" content=\"fr_FR\" \/>\n<meta property=\"og:type\" content=\"article\" \/>\n<meta property=\"og:title\" content=\"Couvertures TT - A.B.CON.\" \/>\n<meta property=\"og:description\" content=\"Pistes pour pr\u00e9contrainte \u00e0 fils adh\u00e9rents pour couvertures TT Longueur: 36\u00a0 - 65.5 - 72 - jusqu&#039;\u00e0 120 m. Actions de pr\u00e9contrainte: 250 - 350 - 500 - jusqu&#039;\u00e0 800 t Section avec des hauteurs de 300 \u00e0 1 200 mm et largeurs de 1 200 \u00e0 2 800 mm Syst\u00e8me de mouvement : hydraulique ou manuel Possibilit\u00e9 de r\u00e9alisation du moule type &#039;lent&#039;, auto-reactant ou avec des chev\u00eatres.\" \/>\n<meta property=\"og:url\" content=\"https:\/\/abcon.gr\/produit\/\u03c3\u03c4\u03bf\u03b9\u03c7\u03b5\u03b9\u03b1-tt\/\" \/>\n<meta property=\"og:site_name\" content=\"A.B.CON.\" \/>\n<meta property=\"article:publisher\" content=\"https:\/\/www.facebook.com\/Steel.Precast.Solutions.ABCON\/\" \/>\n<meta property=\"og:image\" content=\"https:\/\/abcon.gr\/wp-content\/uploads\/2018\/06\/TT-Elements-1.jpg\" \/>\n\t<meta property=\"og:image:width\" content=\"180\" \/>\n\t<meta property=\"og:image:height\" content=\"135\" \/>\n\t<meta property=\"og:image:type\" content=\"image\/jpeg\" \/>\n<meta name=\"twitter:card\" content=\"summary_large_image\" \/>\n<script type=\"application\/ld+json\" class=\"yoast-schema-graph\">{\"@context\":\"https:\/\/schema.org\",\"@graph\":[{\"@type\":\"WebPage\",\"@id\":\"https:\/\/abcon.gr\/produit\/%cf%83%cf%84%ce%bf%ce%b9%cf%87%ce%b5%ce%b9%ce%b1-tt\/\",\"url\":\"https:\/\/abcon.gr\/produit\/%cf%83%cf%84%ce%bf%ce%b9%cf%87%ce%b5%ce%b9%ce%b1-tt\/\",\"name\":\"Couvertures TT - A.B.CON.\",\"isPartOf\":{\"@id\":\"https:\/\/abcon.gr\/fr\/#website\"},\"primaryImageOfPage\":{\"@id\":\"https:\/\/abcon.gr\/produit\/%cf%83%cf%84%ce%bf%ce%b9%cf%87%ce%b5%ce%b9%ce%b1-tt\/#primaryimage\"},\"image\":{\"@id\":\"https:\/\/abcon.gr\/produit\/%cf%83%cf%84%ce%bf%ce%b9%cf%87%ce%b5%ce%b9%ce%b1-tt\/#primaryimage\"},\"thumbnailUrl\":\"https:\/\/abcon.gr\/wp-content\/uploads\/2018\/06\/TT-Elements-1.jpg\",\"datePublished\":\"2018-06-21T08:52:57+00:00\",\"breadcrumb\":{\"@id\":\"https:\/\/abcon.gr\/produit\/%cf%83%cf%84%ce%bf%ce%b9%cf%87%ce%b5%ce%b9%ce%b1-tt\/#breadcrumb\"},\"inLanguage\":\"fr-FR\",\"potentialAction\":[{\"@type\":\"ReadAction\",\"target\":[\"https:\/\/abcon.gr\/produit\/%cf%83%cf%84%ce%bf%ce%b9%cf%87%ce%b5%ce%b9%ce%b1-tt\/\"]}]},{\"@type\":\"ImageObject\",\"inLanguage\":\"fr-FR\",\"@id\":\"https:\/\/abcon.gr\/produit\/%cf%83%cf%84%ce%bf%ce%b9%cf%87%ce%b5%ce%b9%ce%b1-tt\/#primaryimage\",\"url\":\"https:\/\/abcon.gr\/wp-content\/uploads\/2018\/06\/TT-Elements-1.jpg\",\"contentUrl\":\"https:\/\/abcon.gr\/wp-content\/uploads\/2018\/06\/TT-Elements-1.jpg\",\"width\":180,\"height\":135,\"caption\":\"TT Elements 1\"},{\"@type\":\"BreadcrumbList\",\"@id\":\"https:\/\/abcon.gr\/produit\/%cf%83%cf%84%ce%bf%ce%b9%cf%87%ce%b5%ce%b9%ce%b1-tt\/#breadcrumb\",\"itemListElement\":[{\"@type\":\"ListItem\",\"position\":1,\"name\":\"\u0391\u03c1\u03c7\u03b9\u03ba\u03ae\",\"item\":\"https:\/\/abcon.gr\/fr\/\"},{\"@type\":\"ListItem\",\"position\":2,\"name\":\"\u039a\u03b1\u03c4\u03ac\u03c3\u03c4\u03b7\u03bc\u03b1\",\"item\":\"https:\/\/abcon.gr\/fr\/%ce%ba%ce%b1%cf%84%ce%ac%cf%83%cf%84%ce%b7%ce%bc%ce%b1\/\"},{\"@type\":\"ListItem\",\"position\":3,\"name\":\"Couvertures TT\"}]},{\"@type\":\"WebSite\",\"@id\":\"https:\/\/abcon.gr\/fr\/#website\",\"url\":\"https:\/\/abcon.gr\/fr\/\",\"name\":\"A.B.CON. - \u039c\u03b7\u03c7\u03b1\u03bd\u03ad\u03c2 \u0395\u03c0\u03b5\u03be\u03b5\u03c1\u03b3\u03b1\u03c3\u03af\u03b1\u03c2 \u03a3\u03ba\u03c5\u03c1\u03bf\u03b4\u03ad\u03bc\u03b1\u03c4\u03bf\u03c2 & \u03a0\u03c1\u03bf\u03ba\u03b1\u03c4\u03b1\u03c3\u03ba\u03b5\u03c5\u03ae\u03c2\",\"description\":\"\u039c\u03b7\u03c7\u03b1\u03bd\u03ad\u03c2 \u0395\u03c0\u03b5\u03be\u03b5\u03c1\u03b3\u03b1\u03c3\u03af\u03b1\u03c2 \u03a3\u03ba\u03c5\u03c1\u03bf\u03b4\u03ad\u03bc\u03b1\u03c4\u03bf\u03c2 &amp; \u03a0\u03c1\u03bf\u03ba\u03b1\u03c4\u03b1\u03c3\u03ba\u03b5\u03c5\u03ae\u03c2\",\"publisher\":{\"@id\":\"https:\/\/abcon.gr\/fr\/#organization\"},\"potentialAction\":[{\"@type\":\"SearchAction\",\"target\":{\"@type\":\"EntryPoint\",\"urlTemplate\":\"https:\/\/abcon.gr\/fr\/?s={search_term_string}\"},\"query-input\":{\"@type\":\"PropertyValueSpecification\",\"valueRequired\":true,\"valueName\":\"search_term_string\"}}],\"inLanguage\":\"fr-FR\"},{\"@type\":\"Organization\",\"@id\":\"https:\/\/abcon.gr\/fr\/#organization\",\"name\":\"A.B.CON. - \u039c\u03b7\u03c7\u03b1\u03bd\u03ad\u03c2 \u0395\u03c0\u03b5\u03be\u03b5\u03c1\u03b3\u03b1\u03c3\u03af\u03b1\u03c2 \u03a3\u03ba\u03c5\u03c1\u03bf\u03b4\u03ad\u03bc\u03b1\u03c4\u03bf\u03c2 & \u03a0\u03c1\u03bf\u03ba\u03b1\u03c4\u03b1\u03c3\u03ba\u03b5\u03c5\u03ae\u03c2\",\"url\":\"https:\/\/abcon.gr\/fr\/\",\"logo\":{\"@type\":\"ImageObject\",\"inLanguage\":\"fr-FR\",\"@id\":\"https:\/\/abcon.gr\/fr\/#\/schema\/logo\/image\/\",\"url\":\"https:\/\/abcon.gr\/wp-content\/uploads\/2021\/04\/logo_150.png\",\"contentUrl\":\"https:\/\/abcon.gr\/wp-content\/uploads\/2021\/04\/logo_150.png\",\"width\":150,\"height\":74,\"caption\":\"A.B.CON. - \u039c\u03b7\u03c7\u03b1\u03bd\u03ad\u03c2 \u0395\u03c0\u03b5\u03be\u03b5\u03c1\u03b3\u03b1\u03c3\u03af\u03b1\u03c2 \u03a3\u03ba\u03c5\u03c1\u03bf\u03b4\u03ad\u03bc\u03b1\u03c4\u03bf\u03c2 & \u03a0\u03c1\u03bf\u03ba\u03b1\u03c4\u03b1\u03c3\u03ba\u03b5\u03c5\u03ae\u03c2\"},\"image\":{\"@id\":\"https:\/\/abcon.gr\/fr\/#\/schema\/logo\/image\/\"},\"sameAs\":[\"https:\/\/www.facebook.com\/Steel.Precast.Solutions.ABCON\/\"]}]}<\/script>\n<!-- \/ Yoast SEO plugin. -->","yoast_head_json":{"title":"Couvertures TT - A.B.CON.","robots":{"index":"index","follow":"follow","max-snippet":"max-snippet:-1","max-image-preview":"max-image-preview:large","max-video-preview":"max-video-preview:-1"},"canonical":"https:\/\/abcon.gr\/produit\/\u03c3\u03c4\u03bf\u03b9\u03c7\u03b5\u03b9\u03b1-tt\/","og_locale":"fr_FR","og_type":"article","og_title":"Couvertures TT - A.B.CON.","og_description":"Pistes pour pr\u00e9contrainte \u00e0 fils adh\u00e9rents pour couvertures TT Longueur: 36\u00a0 - 65.5 - 72 - jusqu'\u00e0 120 m. Actions de pr\u00e9contrainte: 250 - 350 - 500 - jusqu'\u00e0 800 t Section avec des hauteurs de 300 \u00e0 1 200 mm et largeurs de 1 200 \u00e0 2 800 mm Syst\u00e8me de mouvement : hydraulique ou manuel Possibilit\u00e9 de r\u00e9alisation du moule type 'lent', auto-reactant ou avec des chev\u00eatres.","og_url":"https:\/\/abcon.gr\/produit\/\u03c3\u03c4\u03bf\u03b9\u03c7\u03b5\u03b9\u03b1-tt\/","og_site_name":"A.B.CON.","article_publisher":"https:\/\/www.facebook.com\/Steel.Precast.Solutions.ABCON\/","og_image":[{"width":180,"height":135,"url":"https:\/\/abcon.gr\/wp-content\/uploads\/2018\/06\/TT-Elements-1.jpg","type":"image\/jpeg"}],"twitter_card":"summary_large_image","schema":{"@context":"https:\/\/schema.org","@graph":[{"@type":"WebPage","@id":"https:\/\/abcon.gr\/produit\/%cf%83%cf%84%ce%bf%ce%b9%cf%87%ce%b5%ce%b9%ce%b1-tt\/","url":"https:\/\/abcon.gr\/produit\/%cf%83%cf%84%ce%bf%ce%b9%cf%87%ce%b5%ce%b9%ce%b1-tt\/","name":"Couvertures TT - A.B.CON.","isPartOf":{"@id":"https:\/\/abcon.gr\/fr\/#website"},"primaryImageOfPage":{"@id":"https:\/\/abcon.gr\/produit\/%cf%83%cf%84%ce%bf%ce%b9%cf%87%ce%b5%ce%b9%ce%b1-tt\/#primaryimage"},"image":{"@id":"https:\/\/abcon.gr\/produit\/%cf%83%cf%84%ce%bf%ce%b9%cf%87%ce%b5%ce%b9%ce%b1-tt\/#primaryimage"},"thumbnailUrl":"https:\/\/abcon.gr\/wp-content\/uploads\/2018\/06\/TT-Elements-1.jpg","datePublished":"2018-06-21T08:52:57+00:00","breadcrumb":{"@id":"https:\/\/abcon.gr\/produit\/%cf%83%cf%84%ce%bf%ce%b9%cf%87%ce%b5%ce%b9%ce%b1-tt\/#breadcrumb"},"inLanguage":"fr-FR","potentialAction":[{"@type":"ReadAction","target":["https:\/\/abcon.gr\/produit\/%cf%83%cf%84%ce%bf%ce%b9%cf%87%ce%b5%ce%b9%ce%b1-tt\/"]}]},{"@type":"ImageObject","inLanguage":"fr-FR","@id":"https:\/\/abcon.gr\/produit\/%cf%83%cf%84%ce%bf%ce%b9%cf%87%ce%b5%ce%b9%ce%b1-tt\/#primaryimage","url":"https:\/\/abcon.gr\/wp-content\/uploads\/2018\/06\/TT-Elements-1.jpg","contentUrl":"https:\/\/abcon.gr\/wp-content\/uploads\/2018\/06\/TT-Elements-1.jpg","width":180,"height":135,"caption":"TT Elements 1"},{"@type":"BreadcrumbList","@id":"https:\/\/abcon.gr\/produit\/%cf%83%cf%84%ce%bf%ce%b9%cf%87%ce%b5%ce%b9%ce%b1-tt\/#breadcrumb","itemListElement":[{"@type":"ListItem","position":1,"name":"\u0391\u03c1\u03c7\u03b9\u03ba\u03ae","item":"https:\/\/abcon.gr\/fr\/"},{"@type":"ListItem","position":2,"name":"\u039a\u03b1\u03c4\u03ac\u03c3\u03c4\u03b7\u03bc\u03b1","item":"https:\/\/abcon.gr\/fr\/%ce%ba%ce%b1%cf%84%ce%ac%cf%83%cf%84%ce%b7%ce%bc%ce%b1\/"},{"@type":"ListItem","position":3,"name":"Couvertures TT"}]},{"@type":"WebSite","@id":"https:\/\/abcon.gr\/fr\/#website","url":"https:\/\/abcon.gr\/fr\/","name":"A.B.CON. - \u039c\u03b7\u03c7\u03b1\u03bd\u03ad\u03c2 \u0395\u03c0\u03b5\u03be\u03b5\u03c1\u03b3\u03b1\u03c3\u03af\u03b1\u03c2 \u03a3\u03ba\u03c5\u03c1\u03bf\u03b4\u03ad\u03bc\u03b1\u03c4\u03bf\u03c2 & \u03a0\u03c1\u03bf\u03ba\u03b1\u03c4\u03b1\u03c3\u03ba\u03b5\u03c5\u03ae\u03c2","description":"\u039c\u03b7\u03c7\u03b1\u03bd\u03ad\u03c2 \u0395\u03c0\u03b5\u03be\u03b5\u03c1\u03b3\u03b1\u03c3\u03af\u03b1\u03c2 \u03a3\u03ba\u03c5\u03c1\u03bf\u03b4\u03ad\u03bc\u03b1\u03c4\u03bf\u03c2 &amp; \u03a0\u03c1\u03bf\u03ba\u03b1\u03c4\u03b1\u03c3\u03ba\u03b5\u03c5\u03ae\u03c2","publisher":{"@id":"https:\/\/abcon.gr\/fr\/#organization"},"potentialAction":[{"@type":"SearchAction","target":{"@type":"EntryPoint","urlTemplate":"https:\/\/abcon.gr\/fr\/?s={search_term_string}"},"query-input":{"@type":"PropertyValueSpecification","valueRequired":true,"valueName":"search_term_string"}}],"inLanguage":"fr-FR"},{"@type":"Organization","@id":"https:\/\/abcon.gr\/fr\/#organization","name":"A.B.CON. - \u039c\u03b7\u03c7\u03b1\u03bd\u03ad\u03c2 \u0395\u03c0\u03b5\u03be\u03b5\u03c1\u03b3\u03b1\u03c3\u03af\u03b1\u03c2 \u03a3\u03ba\u03c5\u03c1\u03bf\u03b4\u03ad\u03bc\u03b1\u03c4\u03bf\u03c2 & \u03a0\u03c1\u03bf\u03ba\u03b1\u03c4\u03b1\u03c3\u03ba\u03b5\u03c5\u03ae\u03c2","url":"https:\/\/abcon.gr\/fr\/","logo":{"@type":"ImageObject","inLanguage":"fr-FR","@id":"https:\/\/abcon.gr\/fr\/#\/schema\/logo\/image\/","url":"https:\/\/abcon.gr\/wp-content\/uploads\/2021\/04\/logo_150.png","contentUrl":"https:\/\/abcon.gr\/wp-content\/uploads\/2021\/04\/logo_150.png","width":150,"height":74,"caption":"A.B.CON. - \u039c\u03b7\u03c7\u03b1\u03bd\u03ad\u03c2 \u0395\u03c0\u03b5\u03be\u03b5\u03c1\u03b3\u03b1\u03c3\u03af\u03b1\u03c2 \u03a3\u03ba\u03c5\u03c1\u03bf\u03b4\u03ad\u03bc\u03b1\u03c4\u03bf\u03c2 & \u03a0\u03c1\u03bf\u03ba\u03b1\u03c4\u03b1\u03c3\u03ba\u03b5\u03c5\u03ae\u03c2"},"image":{"@id":"https:\/\/abcon.gr\/fr\/#\/schema\/logo\/image\/"},"sameAs":["https:\/\/www.facebook.com\/Steel.Precast.Solutions.ABCON\/"]}]}},"_links":{"self":[{"href":"https:\/\/abcon.gr\/fr\/wp-json\/wp\/v2\/product\/8894","targetHints":{"allow":["GET"]}}],"collection":[{"href":"https:\/\/abcon.gr\/fr\/wp-json\/wp\/v2\/product"}],"about":[{"href":"https:\/\/abcon.gr\/fr\/wp-json\/wp\/v2\/types\/product"}],"wp:featuredmedia":[{"embeddable":true,"href":"https:\/\/abcon.gr\/fr\/wp-json\/wp\/v2\/media\/8450"}],"wp:attachment":[{"href":"https:\/\/abcon.gr\/fr\/wp-json\/wp\/v2\/media?parent=8894"}],"wp:term":[{"taxonomy":"product_brand","embeddable":true,"href":"https:\/\/abcon.gr\/fr\/wp-json\/wp\/v2\/product_brand?post=8894"},{"taxonomy":"product_cat","embeddable":true,"href":"https:\/\/abcon.gr\/fr\/wp-json\/wp\/v2\/product_cat?post=8894"},{"taxonomy":"product_tag","embeddable":true,"href":"https:\/\/abcon.gr\/fr\/wp-json\/wp\/v2\/product_tag?post=8894"}],"curies":[{"name":"wp","href":"https:\/\/api.w.org\/{rel}","templated":true}]}}