{"id":8892,"date":"2018-06-21T11:56:26","date_gmt":"2018-06-21T08:56:26","guid":{"rendered":"http:\/\/test3.aenima.grproduct\/batteries-pour-la-production-de-panneaux\/"},"modified":"2018-06-21T11:56:26","modified_gmt":"2018-06-21T08:56:26","slug":"batteries-pour-la-production-de-panneaux","status":"publish","type":"product","link":"https:\/\/abcon.gr\/fr\/produit\/batteries-pour-la-production-de-panneaux\/","title":{"rendered":"Batteries pour la production de panneaux"},"content":{"rendered":"","protected":false},"excerpt":{"rendered":"<p>Pour la construction de panneaux avec deux surfaces lisses au fond du moule:<br \/>\nDimension des panneaux: \u00e9paisseurs variables de 80 \u00e0 400 mm &#8211; hauteurs de 2 000 \u00e0 4 500mm &#8211; longueurs de 6 000 \u00e0 12 000 mm;<br \/>\nPossibilit\u00e9 de produire de 4 \u00e0 20 panneaux simultan\u00e9ment;<br \/>\nPossibilit\u00e9 de batteries en tandem n+n panneaux, 4 + 4 \/ 6 + 6 \/ 10 + 10);<br \/>\nSyst\u00e8me de mouvement hydraulique ou \u00e9lectrom\u00e9canique.<\/p>\n","protected":false},"featured_media":8452,"template":"","meta":{"_exactmetrics_skip_tracking":false,"_exactmetrics_sitenote_active":false,"_exactmetrics_sitenote_note":"","_exactmetrics_sitenote_category":0},"product_brand":[],"product_cat":[214,217],"product_tag":[325],"class_list":{"0":"post-8892","1":"product","2":"type-product","3":"status-publish","4":"has-post-thumbnail","6":"product_cat-equipement-precast","7":"product_cat-moules","8":"product_tag-bianchi-fr","10":"first","11":"instock","12":"shipping-taxable","13":"product-type-simple"},"yoast_head":"<!-- This site is optimized with the Yoast SEO plugin v26.8 - https:\/\/yoast.com\/product\/yoast-seo-wordpress\/ -->\n<title>Batteries pour la production de panneaux - A.B.CON.<\/title>\n<meta name=\"robots\" content=\"index, follow, max-snippet:-1, max-image-preview:large, max-video-preview:-1\" \/>\n<link rel=\"canonical\" href=\"https:\/\/abcon.gr\/produit\/\u03ba\u03b1\u03bb\u03bf\u03c5\u03c0\u03b9\u03b1-battery-mould\/\" \/>\n<meta property=\"og:locale\" content=\"fr_FR\" \/>\n<meta property=\"og:type\" content=\"article\" \/>\n<meta property=\"og:title\" content=\"Batteries pour la production de panneaux - A.B.CON.\" \/>\n<meta property=\"og:description\" content=\"Pour la construction de panneaux avec deux surfaces lisses au fond du moule: Dimension des panneaux: \u00e9paisseurs variables de 80 \u00e0 400 mm - hauteurs de 2 000 \u00e0 4 500mm - longueurs de 6 000 \u00e0 12 000 mm; Possibilit\u00e9 de produire de 4 \u00e0 20 panneaux simultan\u00e9ment; Possibilit\u00e9 de batteries en tandem n+n panneaux, 4 + 4 \/ 6 + 6 \/ 10 + 10); Syst\u00e8me de mouvement hydraulique ou \u00e9lectrom\u00e9canique.\" \/>\n<meta property=\"og:url\" content=\"https:\/\/abcon.gr\/produit\/\u03ba\u03b1\u03bb\u03bf\u03c5\u03c0\u03b9\u03b1-battery-mould\/\" \/>\n<meta property=\"og:site_name\" content=\"A.B.CON.\" \/>\n<meta property=\"article:publisher\" content=\"https:\/\/www.facebook.com\/Steel.Precast.Solutions.ABCON\/\" \/>\n<meta property=\"og:image\" content=\"https:\/\/abcon.gr\/wp-content\/uploads\/2018\/06\/Batteries-for-production-of-panels.jpg\" \/>\n\t<meta property=\"og:image:width\" content=\"180\" \/>\n\t<meta property=\"og:image:height\" content=\"135\" \/>\n\t<meta property=\"og:image:type\" content=\"image\/jpeg\" \/>\n<meta name=\"twitter:card\" content=\"summary_large_image\" \/>\n<script type=\"application\/ld+json\" class=\"yoast-schema-graph\">{\"@context\":\"https:\/\/schema.org\",\"@graph\":[{\"@type\":\"WebPage\",\"@id\":\"https:\/\/abcon.gr\/produit\/%ce%ba%ce%b1%ce%bb%ce%bf%cf%85%cf%80%ce%b9%ce%b1-battery-mould\/\",\"url\":\"https:\/\/abcon.gr\/produit\/%ce%ba%ce%b1%ce%bb%ce%bf%cf%85%cf%80%ce%b9%ce%b1-battery-mould\/\",\"name\":\"Batteries pour la production de panneaux - A.B.CON.\",\"isPartOf\":{\"@id\":\"https:\/\/abcon.gr\/fr\/#website\"},\"primaryImageOfPage\":{\"@id\":\"https:\/\/abcon.gr\/produit\/%ce%ba%ce%b1%ce%bb%ce%bf%cf%85%cf%80%ce%b9%ce%b1-battery-mould\/#primaryimage\"},\"image\":{\"@id\":\"https:\/\/abcon.gr\/produit\/%ce%ba%ce%b1%ce%bb%ce%bf%cf%85%cf%80%ce%b9%ce%b1-battery-mould\/#primaryimage\"},\"thumbnailUrl\":\"https:\/\/abcon.gr\/wp-content\/uploads\/2018\/06\/Batteries-for-production-of-panels.jpg\",\"datePublished\":\"2018-06-21T08:56:26+00:00\",\"breadcrumb\":{\"@id\":\"https:\/\/abcon.gr\/produit\/%ce%ba%ce%b1%ce%bb%ce%bf%cf%85%cf%80%ce%b9%ce%b1-battery-mould\/#breadcrumb\"},\"inLanguage\":\"fr-FR\",\"potentialAction\":[{\"@type\":\"ReadAction\",\"target\":[\"https:\/\/abcon.gr\/produit\/%ce%ba%ce%b1%ce%bb%ce%bf%cf%85%cf%80%ce%b9%ce%b1-battery-mould\/\"]}]},{\"@type\":\"ImageObject\",\"inLanguage\":\"fr-FR\",\"@id\":\"https:\/\/abcon.gr\/produit\/%ce%ba%ce%b1%ce%bb%ce%bf%cf%85%cf%80%ce%b9%ce%b1-battery-mould\/#primaryimage\",\"url\":\"https:\/\/abcon.gr\/wp-content\/uploads\/2018\/06\/Batteries-for-production-of-panels.jpg\",\"contentUrl\":\"https:\/\/abcon.gr\/wp-content\/uploads\/2018\/06\/Batteries-for-production-of-panels.jpg\",\"width\":180,\"height\":135,\"caption\":\"Batteries for production of panels\"},{\"@type\":\"BreadcrumbList\",\"@id\":\"https:\/\/abcon.gr\/produit\/%ce%ba%ce%b1%ce%bb%ce%bf%cf%85%cf%80%ce%b9%ce%b1-battery-mould\/#breadcrumb\",\"itemListElement\":[{\"@type\":\"ListItem\",\"position\":1,\"name\":\"\u0391\u03c1\u03c7\u03b9\u03ba\u03ae\",\"item\":\"https:\/\/abcon.gr\/fr\/\"},{\"@type\":\"ListItem\",\"position\":2,\"name\":\"\u039a\u03b1\u03c4\u03ac\u03c3\u03c4\u03b7\u03bc\u03b1\",\"item\":\"https:\/\/abcon.gr\/fr\/%ce%ba%ce%b1%cf%84%ce%ac%cf%83%cf%84%ce%b7%ce%bc%ce%b1\/\"},{\"@type\":\"ListItem\",\"position\":3,\"name\":\"Batteries pour la production de panneaux\"}]},{\"@type\":\"WebSite\",\"@id\":\"https:\/\/abcon.gr\/fr\/#website\",\"url\":\"https:\/\/abcon.gr\/fr\/\",\"name\":\"A.B.CON. - \u039c\u03b7\u03c7\u03b1\u03bd\u03ad\u03c2 \u0395\u03c0\u03b5\u03be\u03b5\u03c1\u03b3\u03b1\u03c3\u03af\u03b1\u03c2 \u03a3\u03ba\u03c5\u03c1\u03bf\u03b4\u03ad\u03bc\u03b1\u03c4\u03bf\u03c2 & \u03a0\u03c1\u03bf\u03ba\u03b1\u03c4\u03b1\u03c3\u03ba\u03b5\u03c5\u03ae\u03c2\",\"description\":\"\u039c\u03b7\u03c7\u03b1\u03bd\u03ad\u03c2 \u0395\u03c0\u03b5\u03be\u03b5\u03c1\u03b3\u03b1\u03c3\u03af\u03b1\u03c2 \u03a3\u03ba\u03c5\u03c1\u03bf\u03b4\u03ad\u03bc\u03b1\u03c4\u03bf\u03c2 &amp; \u03a0\u03c1\u03bf\u03ba\u03b1\u03c4\u03b1\u03c3\u03ba\u03b5\u03c5\u03ae\u03c2\",\"publisher\":{\"@id\":\"https:\/\/abcon.gr\/fr\/#organization\"},\"potentialAction\":[{\"@type\":\"SearchAction\",\"target\":{\"@type\":\"EntryPoint\",\"urlTemplate\":\"https:\/\/abcon.gr\/fr\/?s={search_term_string}\"},\"query-input\":{\"@type\":\"PropertyValueSpecification\",\"valueRequired\":true,\"valueName\":\"search_term_string\"}}],\"inLanguage\":\"fr-FR\"},{\"@type\":\"Organization\",\"@id\":\"https:\/\/abcon.gr\/fr\/#organization\",\"name\":\"A.B.CON. - \u039c\u03b7\u03c7\u03b1\u03bd\u03ad\u03c2 \u0395\u03c0\u03b5\u03be\u03b5\u03c1\u03b3\u03b1\u03c3\u03af\u03b1\u03c2 \u03a3\u03ba\u03c5\u03c1\u03bf\u03b4\u03ad\u03bc\u03b1\u03c4\u03bf\u03c2 & \u03a0\u03c1\u03bf\u03ba\u03b1\u03c4\u03b1\u03c3\u03ba\u03b5\u03c5\u03ae\u03c2\",\"url\":\"https:\/\/abcon.gr\/fr\/\",\"logo\":{\"@type\":\"ImageObject\",\"inLanguage\":\"fr-FR\",\"@id\":\"https:\/\/abcon.gr\/fr\/#\/schema\/logo\/image\/\",\"url\":\"https:\/\/abcon.gr\/wp-content\/uploads\/2021\/04\/logo_150.png\",\"contentUrl\":\"https:\/\/abcon.gr\/wp-content\/uploads\/2021\/04\/logo_150.png\",\"width\":150,\"height\":74,\"caption\":\"A.B.CON. - \u039c\u03b7\u03c7\u03b1\u03bd\u03ad\u03c2 \u0395\u03c0\u03b5\u03be\u03b5\u03c1\u03b3\u03b1\u03c3\u03af\u03b1\u03c2 \u03a3\u03ba\u03c5\u03c1\u03bf\u03b4\u03ad\u03bc\u03b1\u03c4\u03bf\u03c2 & \u03a0\u03c1\u03bf\u03ba\u03b1\u03c4\u03b1\u03c3\u03ba\u03b5\u03c5\u03ae\u03c2\"},\"image\":{\"@id\":\"https:\/\/abcon.gr\/fr\/#\/schema\/logo\/image\/\"},\"sameAs\":[\"https:\/\/www.facebook.com\/Steel.Precast.Solutions.ABCON\/\"]}]}<\/script>\n<!-- \/ Yoast SEO plugin. -->","yoast_head_json":{"title":"Batteries pour la production de panneaux - A.B.CON.","robots":{"index":"index","follow":"follow","max-snippet":"max-snippet:-1","max-image-preview":"max-image-preview:large","max-video-preview":"max-video-preview:-1"},"canonical":"https:\/\/abcon.gr\/produit\/\u03ba\u03b1\u03bb\u03bf\u03c5\u03c0\u03b9\u03b1-battery-mould\/","og_locale":"fr_FR","og_type":"article","og_title":"Batteries pour la production de panneaux - A.B.CON.","og_description":"Pour la construction de panneaux avec deux surfaces lisses au fond du moule: Dimension des panneaux: \u00e9paisseurs variables de 80 \u00e0 400 mm - hauteurs de 2 000 \u00e0 4 500mm - longueurs de 6 000 \u00e0 12 000 mm; Possibilit\u00e9 de produire de 4 \u00e0 20 panneaux simultan\u00e9ment; Possibilit\u00e9 de batteries en tandem n+n panneaux, 4 + 4 \/ 6 + 6 \/ 10 + 10); Syst\u00e8me de mouvement hydraulique ou \u00e9lectrom\u00e9canique.","og_url":"https:\/\/abcon.gr\/produit\/\u03ba\u03b1\u03bb\u03bf\u03c5\u03c0\u03b9\u03b1-battery-mould\/","og_site_name":"A.B.CON.","article_publisher":"https:\/\/www.facebook.com\/Steel.Precast.Solutions.ABCON\/","og_image":[{"width":180,"height":135,"url":"https:\/\/abcon.gr\/wp-content\/uploads\/2018\/06\/Batteries-for-production-of-panels.jpg","type":"image\/jpeg"}],"twitter_card":"summary_large_image","schema":{"@context":"https:\/\/schema.org","@graph":[{"@type":"WebPage","@id":"https:\/\/abcon.gr\/produit\/%ce%ba%ce%b1%ce%bb%ce%bf%cf%85%cf%80%ce%b9%ce%b1-battery-mould\/","url":"https:\/\/abcon.gr\/produit\/%ce%ba%ce%b1%ce%bb%ce%bf%cf%85%cf%80%ce%b9%ce%b1-battery-mould\/","name":"Batteries pour la production de panneaux - A.B.CON.","isPartOf":{"@id":"https:\/\/abcon.gr\/fr\/#website"},"primaryImageOfPage":{"@id":"https:\/\/abcon.gr\/produit\/%ce%ba%ce%b1%ce%bb%ce%bf%cf%85%cf%80%ce%b9%ce%b1-battery-mould\/#primaryimage"},"image":{"@id":"https:\/\/abcon.gr\/produit\/%ce%ba%ce%b1%ce%bb%ce%bf%cf%85%cf%80%ce%b9%ce%b1-battery-mould\/#primaryimage"},"thumbnailUrl":"https:\/\/abcon.gr\/wp-content\/uploads\/2018\/06\/Batteries-for-production-of-panels.jpg","datePublished":"2018-06-21T08:56:26+00:00","breadcrumb":{"@id":"https:\/\/abcon.gr\/produit\/%ce%ba%ce%b1%ce%bb%ce%bf%cf%85%cf%80%ce%b9%ce%b1-battery-mould\/#breadcrumb"},"inLanguage":"fr-FR","potentialAction":[{"@type":"ReadAction","target":["https:\/\/abcon.gr\/produit\/%ce%ba%ce%b1%ce%bb%ce%bf%cf%85%cf%80%ce%b9%ce%b1-battery-mould\/"]}]},{"@type":"ImageObject","inLanguage":"fr-FR","@id":"https:\/\/abcon.gr\/produit\/%ce%ba%ce%b1%ce%bb%ce%bf%cf%85%cf%80%ce%b9%ce%b1-battery-mould\/#primaryimage","url":"https:\/\/abcon.gr\/wp-content\/uploads\/2018\/06\/Batteries-for-production-of-panels.jpg","contentUrl":"https:\/\/abcon.gr\/wp-content\/uploads\/2018\/06\/Batteries-for-production-of-panels.jpg","width":180,"height":135,"caption":"Batteries for production of panels"},{"@type":"BreadcrumbList","@id":"https:\/\/abcon.gr\/produit\/%ce%ba%ce%b1%ce%bb%ce%bf%cf%85%cf%80%ce%b9%ce%b1-battery-mould\/#breadcrumb","itemListElement":[{"@type":"ListItem","position":1,"name":"\u0391\u03c1\u03c7\u03b9\u03ba\u03ae","item":"https:\/\/abcon.gr\/fr\/"},{"@type":"ListItem","position":2,"name":"\u039a\u03b1\u03c4\u03ac\u03c3\u03c4\u03b7\u03bc\u03b1","item":"https:\/\/abcon.gr\/fr\/%ce%ba%ce%b1%cf%84%ce%ac%cf%83%cf%84%ce%b7%ce%bc%ce%b1\/"},{"@type":"ListItem","position":3,"name":"Batteries pour la production de panneaux"}]},{"@type":"WebSite","@id":"https:\/\/abcon.gr\/fr\/#website","url":"https:\/\/abcon.gr\/fr\/","name":"A.B.CON. - \u039c\u03b7\u03c7\u03b1\u03bd\u03ad\u03c2 \u0395\u03c0\u03b5\u03be\u03b5\u03c1\u03b3\u03b1\u03c3\u03af\u03b1\u03c2 \u03a3\u03ba\u03c5\u03c1\u03bf\u03b4\u03ad\u03bc\u03b1\u03c4\u03bf\u03c2 & \u03a0\u03c1\u03bf\u03ba\u03b1\u03c4\u03b1\u03c3\u03ba\u03b5\u03c5\u03ae\u03c2","description":"\u039c\u03b7\u03c7\u03b1\u03bd\u03ad\u03c2 \u0395\u03c0\u03b5\u03be\u03b5\u03c1\u03b3\u03b1\u03c3\u03af\u03b1\u03c2 \u03a3\u03ba\u03c5\u03c1\u03bf\u03b4\u03ad\u03bc\u03b1\u03c4\u03bf\u03c2 &amp; \u03a0\u03c1\u03bf\u03ba\u03b1\u03c4\u03b1\u03c3\u03ba\u03b5\u03c5\u03ae\u03c2","publisher":{"@id":"https:\/\/abcon.gr\/fr\/#organization"},"potentialAction":[{"@type":"SearchAction","target":{"@type":"EntryPoint","urlTemplate":"https:\/\/abcon.gr\/fr\/?s={search_term_string}"},"query-input":{"@type":"PropertyValueSpecification","valueRequired":true,"valueName":"search_term_string"}}],"inLanguage":"fr-FR"},{"@type":"Organization","@id":"https:\/\/abcon.gr\/fr\/#organization","name":"A.B.CON. - \u039c\u03b7\u03c7\u03b1\u03bd\u03ad\u03c2 \u0395\u03c0\u03b5\u03be\u03b5\u03c1\u03b3\u03b1\u03c3\u03af\u03b1\u03c2 \u03a3\u03ba\u03c5\u03c1\u03bf\u03b4\u03ad\u03bc\u03b1\u03c4\u03bf\u03c2 & \u03a0\u03c1\u03bf\u03ba\u03b1\u03c4\u03b1\u03c3\u03ba\u03b5\u03c5\u03ae\u03c2","url":"https:\/\/abcon.gr\/fr\/","logo":{"@type":"ImageObject","inLanguage":"fr-FR","@id":"https:\/\/abcon.gr\/fr\/#\/schema\/logo\/image\/","url":"https:\/\/abcon.gr\/wp-content\/uploads\/2021\/04\/logo_150.png","contentUrl":"https:\/\/abcon.gr\/wp-content\/uploads\/2021\/04\/logo_150.png","width":150,"height":74,"caption":"A.B.CON. - \u039c\u03b7\u03c7\u03b1\u03bd\u03ad\u03c2 \u0395\u03c0\u03b5\u03be\u03b5\u03c1\u03b3\u03b1\u03c3\u03af\u03b1\u03c2 \u03a3\u03ba\u03c5\u03c1\u03bf\u03b4\u03ad\u03bc\u03b1\u03c4\u03bf\u03c2 & \u03a0\u03c1\u03bf\u03ba\u03b1\u03c4\u03b1\u03c3\u03ba\u03b5\u03c5\u03ae\u03c2"},"image":{"@id":"https:\/\/abcon.gr\/fr\/#\/schema\/logo\/image\/"},"sameAs":["https:\/\/www.facebook.com\/Steel.Precast.Solutions.ABCON\/"]}]}},"_links":{"self":[{"href":"https:\/\/abcon.gr\/fr\/wp-json\/wp\/v2\/product\/8892","targetHints":{"allow":["GET"]}}],"collection":[{"href":"https:\/\/abcon.gr\/fr\/wp-json\/wp\/v2\/product"}],"about":[{"href":"https:\/\/abcon.gr\/fr\/wp-json\/wp\/v2\/types\/product"}],"wp:featuredmedia":[{"embeddable":true,"href":"https:\/\/abcon.gr\/fr\/wp-json\/wp\/v2\/media\/8452"}],"wp:attachment":[{"href":"https:\/\/abcon.gr\/fr\/wp-json\/wp\/v2\/media?parent=8892"}],"wp:term":[{"taxonomy":"product_brand","embeddable":true,"href":"https:\/\/abcon.gr\/fr\/wp-json\/wp\/v2\/product_brand?post=8892"},{"taxonomy":"product_cat","embeddable":true,"href":"https:\/\/abcon.gr\/fr\/wp-json\/wp\/v2\/product_cat?post=8892"},{"taxonomy":"product_tag","embeddable":true,"href":"https:\/\/abcon.gr\/fr\/wp-json\/wp\/v2\/product_tag?post=8892"}],"curies":[{"name":"wp","href":"https:\/\/api.w.org\/{rel}","templated":true}]}}