{"id":8844,"date":"2018-04-03T21:01:00","date_gmt":"2018-04-03T18:01:00","guid":{"rendered":"http:\/\/test3.aenima.grproduct\/idea\/"},"modified":"2018-08-28T11:28:28","modified_gmt":"2018-08-28T08:28:28","slug":"idea","status":"publish","type":"product","link":"https:\/\/abcon.gr\/fr\/produit\/idea\/","title":{"rendered":"IDEA"},"content":{"rendered":"","protected":false},"excerpt":{"rendered":"<p>Machine pour assembler les cages, appliquant le &lsquo;Schnell System&rsquo; exclusif (brevet\u00e9): gr\u00e2ce \u00e0 trois fils longitudinaux de petit diam\u00e8tre, positionnables en n&rsquo;importe quel point externe de l&rsquo;\u00e9trier, IDEA assemble une &lsquo;cage d&rsquo;armature interm\u00e9diaire&rsquo; \u00e0 partir d&rsquo;\u00e9triers de n&rsquo;importe quelle forme et dimension.<\/p>\n<p>L&rsquo;utilisation est tr\u00e8s simple: on ins\u00e8re les \u00e9triers; puis, les pinces soudent les \u00e9triers aux trois fils longitudinaux; toute la cage d&rsquo;armature se d\u00e9place vers l&rsquo;avant avec des mouvements contr\u00f4l\u00e9s et programmables. A la cage d&rsquo;armature ainsi obtenue l&rsquo;on fixe ensuite les barres portantes de la structure: les \u00e9triers \u00e9tant d\u00e9j\u00e0 fix\u00e9s et espac\u00e9s il suffit de lier les barres tous les 5-6 \u00e9triers.<\/p>\n<p>T\u00eate fixe. 3 groupes de soudure. Chaque groupe est positionnable en hauteur et en largeur avec possibilit\u00e9 de pivoter pour trouver le point de soudure le meilleur. Le positionnement vertical a lieu au moyen d&rsquo;un motor\u00e9ducteur.<\/p>\n<p>T\u00eate fixe. 3 groupes de soudure. Chaque groupe est positionnable en hauteur et en largeur avec possibilit\u00e9 de pivoter pour trouver le point de soudure le meilleur. Le positionnement vertical a lieu au moyen d&rsquo;un motor\u00e9ducteur.<\/p>\n<p>T\u00eate mobile<br \/>\nCompos\u00e9e de: 1 t\u00eate d&rsquo;entra\u00eenement sur le ch\u00e2ssis (au moyen de moteur contr\u00f4l\u00e9 \u00e9lectroniquement), \u00e9quip\u00e9e avec 3 \u00e9taux pour le blocage-d\u00e9blocage pneumatique des fils longitudinaux.<br \/>\nStructure pour l&rsquo;entra\u00eenement de la cage d&rsquo;armature interm\u00e9diaire, dont le &lsquo;pas&rsquo; est d\u00e9fini par ordinateur.<\/p>\n<p>Poutre centrale. Compos\u00e9e de: 1 ch\u00e2ssis pour le d\u00e9placement en avant et le soutien de la cage d&rsquo;armature interm\u00e9diaire durant sa formation. Dot\u00e9e en outre de couloirs inclin\u00e9s pour l&rsquo;\u00e9vacuation des cages d&rsquo;armatures soud\u00e9es.<\/p>\n<p>Ordinateur industriel mod\u00e8le &lsquo;Idea-Control&rsquo;, en mesure d&rsquo;op\u00e9rer \u00e9galement dans les milieux les plus hostiles. Dot\u00e9 d&rsquo;\u00e9cran vid\u00e9o alphanum\u00e9rique pour la gestion des multiples fonctions de la machine.<\/p>\n","protected":false},"featured_media":6701,"template":"","meta":{"_exactmetrics_skip_tracking":false,"_exactmetrics_sitenote_active":false,"_exactmetrics_sitenote_note":"","_exactmetrics_sitenote_category":0},"product_brand":[],"product_cat":[290,291,299],"product_tag":[321],"class_list":{"0":"post-8844","1":"product","2":"type-product","3":"status-publish","4":"has-post-thumbnail","6":"product_cat-machines-pour-le-travail-du-fer-a-beton","7":"product_cat-coupe-et-pliage","8":"product_cat-assemblage-cages","9":"product_tag-schnell-fr","11":"first","12":"instock","13":"shipping-taxable","14":"product-type-simple"},"yoast_head":"<!-- This site is optimized with the Yoast SEO plugin v26.8 - https:\/\/yoast.com\/product\/yoast-seo-wordpress\/ -->\n<title>IDEA - A.B.CON.<\/title>\n<meta name=\"robots\" content=\"index, follow, max-snippet:-1, max-image-preview:large, max-video-preview:-1\" \/>\n<link rel=\"canonical\" href=\"https:\/\/abcon.gr\/fr\/produit\/idea\/\" \/>\n<meta property=\"og:locale\" content=\"fr_FR\" \/>\n<meta property=\"og:type\" content=\"article\" \/>\n<meta property=\"og:title\" content=\"IDEA - A.B.CON.\" \/>\n<meta property=\"og:description\" content=\"Machine pour assembler les cages, appliquant le &#039;Schnell System&#039; exclusif (brevet\u00e9): gr\u00e2ce \u00e0 trois fils longitudinaux de petit diam\u00e8tre, positionnables en n&#039;importe quel point externe de l&#039;\u00e9trier, IDEA assemble une &#039;cage d&#039;armature interm\u00e9diaire&#039; \u00e0 partir d&#039;\u00e9triers de n&#039;importe quelle forme et dimension.  L&#039;utilisation est tr\u00e8s simple: on ins\u00e8re les \u00e9triers; puis, les pinces soudent les \u00e9triers aux trois fils longitudinaux; toute la cage d&#039;armature se d\u00e9place vers l&#039;avant avec des mouvements contr\u00f4l\u00e9s et programmables. A la cage d&#039;armature ainsi obtenue l&#039;on fixe ensuite les barres portantes de la structure: les \u00e9triers \u00e9tant d\u00e9j\u00e0 fix\u00e9s et espac\u00e9s il suffit de lier les barres tous les 5-6 \u00e9triers.  T\u00eate fixe. 3 groupes de soudure. Chaque groupe est positionnable en hauteur et en largeur avec possibilit\u00e9 de pivoter pour trouver le point de soudure le meilleur. Le positionnement vertical a lieu au moyen d&#039;un motor\u00e9ducteur.  T\u00eate fixe. 3 groupes de soudure. Chaque groupe est positionnable en hauteur et en largeur avec possibilit\u00e9 de pivoter pour trouver le point de soudure le meilleur. Le positionnement vertical a lieu au moyen d&#039;un motor\u00e9ducteur.  T\u00eate mobile Compos\u00e9e de: 1 t\u00eate d&#039;entra\u00eenement sur le ch\u00e2ssis (au moyen de moteur contr\u00f4l\u00e9 \u00e9lectroniquement), \u00e9quip\u00e9e avec 3 \u00e9taux pour le blocage-d\u00e9blocage pneumatique des fils longitudinaux. Structure pour l&#039;entra\u00eenement de la cage d&#039;armature interm\u00e9diaire, dont le &#039;pas&#039; est d\u00e9fini par ordinateur.  Poutre centrale. Compos\u00e9e de: 1 ch\u00e2ssis pour le d\u00e9placement en avant et le soutien de la cage d&#039;armature interm\u00e9diaire durant sa formation. Dot\u00e9e en outre de couloirs inclin\u00e9s pour l&#039;\u00e9vacuation des cages d&#039;armatures soud\u00e9es.  Ordinateur industriel mod\u00e8le &#039;Idea-Control&#039;, en mesure d&#039;op\u00e9rer \u00e9galement dans les milieux les plus hostiles. Dot\u00e9 d&#039;\u00e9cran vid\u00e9o alphanum\u00e9rique pour la gestion des multiples fonctions de la machine.\" \/>\n<meta property=\"og:url\" content=\"https:\/\/abcon.gr\/fr\/produit\/idea\/\" \/>\n<meta property=\"og:site_name\" content=\"A.B.CON.\" \/>\n<meta property=\"article:publisher\" content=\"https:\/\/www.facebook.com\/Steel.Precast.Solutions.ABCON\/\" \/>\n<meta property=\"article:modified_time\" content=\"2018-08-28T08:28:28+00:00\" \/>\n<meta property=\"og:image\" content=\"https:\/\/abcon.gr\/wp-content\/uploads\/2018\/04\/IDEA-1.jpg\" \/>\n\t<meta property=\"og:image:width\" content=\"471\" \/>\n\t<meta property=\"og:image:height\" content=\"310\" \/>\n\t<meta property=\"og:image:type\" content=\"image\/jpeg\" \/>\n<meta name=\"twitter:card\" content=\"summary_large_image\" \/>\n<script type=\"application\/ld+json\" class=\"yoast-schema-graph\">{\"@context\":\"https:\/\/schema.org\",\"@graph\":[{\"@type\":\"WebPage\",\"@id\":\"https:\/\/abcon.gr\/fr\/produit\/idea\/\",\"url\":\"https:\/\/abcon.gr\/fr\/produit\/idea\/\",\"name\":\"IDEA - A.B.CON.\",\"isPartOf\":{\"@id\":\"https:\/\/abcon.gr\/fr\/#website\"},\"primaryImageOfPage\":{\"@id\":\"https:\/\/abcon.gr\/fr\/produit\/idea\/#primaryimage\"},\"image\":{\"@id\":\"https:\/\/abcon.gr\/fr\/produit\/idea\/#primaryimage\"},\"thumbnailUrl\":\"https:\/\/abcon.gr\/wp-content\/uploads\/2018\/04\/IDEA-1.jpg\",\"datePublished\":\"2018-04-03T18:01:00+00:00\",\"dateModified\":\"2018-08-28T08:28:28+00:00\",\"breadcrumb\":{\"@id\":\"https:\/\/abcon.gr\/fr\/produit\/idea\/#breadcrumb\"},\"inLanguage\":\"fr-FR\",\"potentialAction\":[{\"@type\":\"ReadAction\",\"target\":[\"https:\/\/abcon.gr\/fr\/produit\/idea\/\"]}]},{\"@type\":\"ImageObject\",\"inLanguage\":\"fr-FR\",\"@id\":\"https:\/\/abcon.gr\/fr\/produit\/idea\/#primaryimage\",\"url\":\"https:\/\/abcon.gr\/wp-content\/uploads\/2018\/04\/IDEA-1.jpg\",\"contentUrl\":\"https:\/\/abcon.gr\/wp-content\/uploads\/2018\/04\/IDEA-1.jpg\",\"width\":471,\"height\":310,\"caption\":\"IDEA 1\"},{\"@type\":\"BreadcrumbList\",\"@id\":\"https:\/\/abcon.gr\/fr\/produit\/idea\/#breadcrumb\",\"itemListElement\":[{\"@type\":\"ListItem\",\"position\":1,\"name\":\"\u0391\u03c1\u03c7\u03b9\u03ba\u03ae\",\"item\":\"https:\/\/abcon.gr\/fr\/\"},{\"@type\":\"ListItem\",\"position\":2,\"name\":\"\u039a\u03b1\u03c4\u03ac\u03c3\u03c4\u03b7\u03bc\u03b1\",\"item\":\"https:\/\/abcon.gr\/fr\/%ce%ba%ce%b1%cf%84%ce%ac%cf%83%cf%84%ce%b7%ce%bc%ce%b1\/\"},{\"@type\":\"ListItem\",\"position\":3,\"name\":\"IDEA\"}]},{\"@type\":\"WebSite\",\"@id\":\"https:\/\/abcon.gr\/fr\/#website\",\"url\":\"https:\/\/abcon.gr\/fr\/\",\"name\":\"A.B.CON. - \u039c\u03b7\u03c7\u03b1\u03bd\u03ad\u03c2 \u0395\u03c0\u03b5\u03be\u03b5\u03c1\u03b3\u03b1\u03c3\u03af\u03b1\u03c2 \u03a3\u03ba\u03c5\u03c1\u03bf\u03b4\u03ad\u03bc\u03b1\u03c4\u03bf\u03c2 & \u03a0\u03c1\u03bf\u03ba\u03b1\u03c4\u03b1\u03c3\u03ba\u03b5\u03c5\u03ae\u03c2\",\"description\":\"\u039c\u03b7\u03c7\u03b1\u03bd\u03ad\u03c2 \u0395\u03c0\u03b5\u03be\u03b5\u03c1\u03b3\u03b1\u03c3\u03af\u03b1\u03c2 \u03a3\u03ba\u03c5\u03c1\u03bf\u03b4\u03ad\u03bc\u03b1\u03c4\u03bf\u03c2 &amp; \u03a0\u03c1\u03bf\u03ba\u03b1\u03c4\u03b1\u03c3\u03ba\u03b5\u03c5\u03ae\u03c2\",\"publisher\":{\"@id\":\"https:\/\/abcon.gr\/fr\/#organization\"},\"potentialAction\":[{\"@type\":\"SearchAction\",\"target\":{\"@type\":\"EntryPoint\",\"urlTemplate\":\"https:\/\/abcon.gr\/fr\/?s={search_term_string}\"},\"query-input\":{\"@type\":\"PropertyValueSpecification\",\"valueRequired\":true,\"valueName\":\"search_term_string\"}}],\"inLanguage\":\"fr-FR\"},{\"@type\":\"Organization\",\"@id\":\"https:\/\/abcon.gr\/fr\/#organization\",\"name\":\"A.B.CON. - \u039c\u03b7\u03c7\u03b1\u03bd\u03ad\u03c2 \u0395\u03c0\u03b5\u03be\u03b5\u03c1\u03b3\u03b1\u03c3\u03af\u03b1\u03c2 \u03a3\u03ba\u03c5\u03c1\u03bf\u03b4\u03ad\u03bc\u03b1\u03c4\u03bf\u03c2 & \u03a0\u03c1\u03bf\u03ba\u03b1\u03c4\u03b1\u03c3\u03ba\u03b5\u03c5\u03ae\u03c2\",\"url\":\"https:\/\/abcon.gr\/fr\/\",\"logo\":{\"@type\":\"ImageObject\",\"inLanguage\":\"fr-FR\",\"@id\":\"https:\/\/abcon.gr\/fr\/#\/schema\/logo\/image\/\",\"url\":\"https:\/\/abcon.gr\/wp-content\/uploads\/2021\/04\/logo_150.png\",\"contentUrl\":\"https:\/\/abcon.gr\/wp-content\/uploads\/2021\/04\/logo_150.png\",\"width\":150,\"height\":74,\"caption\":\"A.B.CON. - \u039c\u03b7\u03c7\u03b1\u03bd\u03ad\u03c2 \u0395\u03c0\u03b5\u03be\u03b5\u03c1\u03b3\u03b1\u03c3\u03af\u03b1\u03c2 \u03a3\u03ba\u03c5\u03c1\u03bf\u03b4\u03ad\u03bc\u03b1\u03c4\u03bf\u03c2 & \u03a0\u03c1\u03bf\u03ba\u03b1\u03c4\u03b1\u03c3\u03ba\u03b5\u03c5\u03ae\u03c2\"},\"image\":{\"@id\":\"https:\/\/abcon.gr\/fr\/#\/schema\/logo\/image\/\"},\"sameAs\":[\"https:\/\/www.facebook.com\/Steel.Precast.Solutions.ABCON\/\"]}]}<\/script>\n<!-- \/ Yoast SEO plugin. -->","yoast_head_json":{"title":"IDEA - A.B.CON.","robots":{"index":"index","follow":"follow","max-snippet":"max-snippet:-1","max-image-preview":"max-image-preview:large","max-video-preview":"max-video-preview:-1"},"canonical":"https:\/\/abcon.gr\/fr\/produit\/idea\/","og_locale":"fr_FR","og_type":"article","og_title":"IDEA - A.B.CON.","og_description":"Machine pour assembler les cages, appliquant le 'Schnell System' exclusif (brevet\u00e9): gr\u00e2ce \u00e0 trois fils longitudinaux de petit diam\u00e8tre, positionnables en n'importe quel point externe de l'\u00e9trier, IDEA assemble une 'cage d'armature interm\u00e9diaire' \u00e0 partir d'\u00e9triers de n'importe quelle forme et dimension.  L'utilisation est tr\u00e8s simple: on ins\u00e8re les \u00e9triers; puis, les pinces soudent les \u00e9triers aux trois fils longitudinaux; toute la cage d'armature se d\u00e9place vers l'avant avec des mouvements contr\u00f4l\u00e9s et programmables. A la cage d'armature ainsi obtenue l'on fixe ensuite les barres portantes de la structure: les \u00e9triers \u00e9tant d\u00e9j\u00e0 fix\u00e9s et espac\u00e9s il suffit de lier les barres tous les 5-6 \u00e9triers.  T\u00eate fixe. 3 groupes de soudure. Chaque groupe est positionnable en hauteur et en largeur avec possibilit\u00e9 de pivoter pour trouver le point de soudure le meilleur. Le positionnement vertical a lieu au moyen d'un motor\u00e9ducteur.  T\u00eate fixe. 3 groupes de soudure. Chaque groupe est positionnable en hauteur et en largeur avec possibilit\u00e9 de pivoter pour trouver le point de soudure le meilleur. Le positionnement vertical a lieu au moyen d'un motor\u00e9ducteur.  T\u00eate mobile Compos\u00e9e de: 1 t\u00eate d'entra\u00eenement sur le ch\u00e2ssis (au moyen de moteur contr\u00f4l\u00e9 \u00e9lectroniquement), \u00e9quip\u00e9e avec 3 \u00e9taux pour le blocage-d\u00e9blocage pneumatique des fils longitudinaux. Structure pour l'entra\u00eenement de la cage d'armature interm\u00e9diaire, dont le 'pas' est d\u00e9fini par ordinateur.  Poutre centrale. Compos\u00e9e de: 1 ch\u00e2ssis pour le d\u00e9placement en avant et le soutien de la cage d'armature interm\u00e9diaire durant sa formation. Dot\u00e9e en outre de couloirs inclin\u00e9s pour l'\u00e9vacuation des cages d'armatures soud\u00e9es.  Ordinateur industriel mod\u00e8le 'Idea-Control', en mesure d'op\u00e9rer \u00e9galement dans les milieux les plus hostiles. Dot\u00e9 d'\u00e9cran vid\u00e9o alphanum\u00e9rique pour la gestion des multiples fonctions de la machine.","og_url":"https:\/\/abcon.gr\/fr\/produit\/idea\/","og_site_name":"A.B.CON.","article_publisher":"https:\/\/www.facebook.com\/Steel.Precast.Solutions.ABCON\/","article_modified_time":"2018-08-28T08:28:28+00:00","og_image":[{"width":471,"height":310,"url":"https:\/\/abcon.gr\/wp-content\/uploads\/2018\/04\/IDEA-1.jpg","type":"image\/jpeg"}],"twitter_card":"summary_large_image","schema":{"@context":"https:\/\/schema.org","@graph":[{"@type":"WebPage","@id":"https:\/\/abcon.gr\/fr\/produit\/idea\/","url":"https:\/\/abcon.gr\/fr\/produit\/idea\/","name":"IDEA - A.B.CON.","isPartOf":{"@id":"https:\/\/abcon.gr\/fr\/#website"},"primaryImageOfPage":{"@id":"https:\/\/abcon.gr\/fr\/produit\/idea\/#primaryimage"},"image":{"@id":"https:\/\/abcon.gr\/fr\/produit\/idea\/#primaryimage"},"thumbnailUrl":"https:\/\/abcon.gr\/wp-content\/uploads\/2018\/04\/IDEA-1.jpg","datePublished":"2018-04-03T18:01:00+00:00","dateModified":"2018-08-28T08:28:28+00:00","breadcrumb":{"@id":"https:\/\/abcon.gr\/fr\/produit\/idea\/#breadcrumb"},"inLanguage":"fr-FR","potentialAction":[{"@type":"ReadAction","target":["https:\/\/abcon.gr\/fr\/produit\/idea\/"]}]},{"@type":"ImageObject","inLanguage":"fr-FR","@id":"https:\/\/abcon.gr\/fr\/produit\/idea\/#primaryimage","url":"https:\/\/abcon.gr\/wp-content\/uploads\/2018\/04\/IDEA-1.jpg","contentUrl":"https:\/\/abcon.gr\/wp-content\/uploads\/2018\/04\/IDEA-1.jpg","width":471,"height":310,"caption":"IDEA 1"},{"@type":"BreadcrumbList","@id":"https:\/\/abcon.gr\/fr\/produit\/idea\/#breadcrumb","itemListElement":[{"@type":"ListItem","position":1,"name":"\u0391\u03c1\u03c7\u03b9\u03ba\u03ae","item":"https:\/\/abcon.gr\/fr\/"},{"@type":"ListItem","position":2,"name":"\u039a\u03b1\u03c4\u03ac\u03c3\u03c4\u03b7\u03bc\u03b1","item":"https:\/\/abcon.gr\/fr\/%ce%ba%ce%b1%cf%84%ce%ac%cf%83%cf%84%ce%b7%ce%bc%ce%b1\/"},{"@type":"ListItem","position":3,"name":"IDEA"}]},{"@type":"WebSite","@id":"https:\/\/abcon.gr\/fr\/#website","url":"https:\/\/abcon.gr\/fr\/","name":"A.B.CON. - \u039c\u03b7\u03c7\u03b1\u03bd\u03ad\u03c2 \u0395\u03c0\u03b5\u03be\u03b5\u03c1\u03b3\u03b1\u03c3\u03af\u03b1\u03c2 \u03a3\u03ba\u03c5\u03c1\u03bf\u03b4\u03ad\u03bc\u03b1\u03c4\u03bf\u03c2 & \u03a0\u03c1\u03bf\u03ba\u03b1\u03c4\u03b1\u03c3\u03ba\u03b5\u03c5\u03ae\u03c2","description":"\u039c\u03b7\u03c7\u03b1\u03bd\u03ad\u03c2 \u0395\u03c0\u03b5\u03be\u03b5\u03c1\u03b3\u03b1\u03c3\u03af\u03b1\u03c2 \u03a3\u03ba\u03c5\u03c1\u03bf\u03b4\u03ad\u03bc\u03b1\u03c4\u03bf\u03c2 &amp; \u03a0\u03c1\u03bf\u03ba\u03b1\u03c4\u03b1\u03c3\u03ba\u03b5\u03c5\u03ae\u03c2","publisher":{"@id":"https:\/\/abcon.gr\/fr\/#organization"},"potentialAction":[{"@type":"SearchAction","target":{"@type":"EntryPoint","urlTemplate":"https:\/\/abcon.gr\/fr\/?s={search_term_string}"},"query-input":{"@type":"PropertyValueSpecification","valueRequired":true,"valueName":"search_term_string"}}],"inLanguage":"fr-FR"},{"@type":"Organization","@id":"https:\/\/abcon.gr\/fr\/#organization","name":"A.B.CON. - \u039c\u03b7\u03c7\u03b1\u03bd\u03ad\u03c2 \u0395\u03c0\u03b5\u03be\u03b5\u03c1\u03b3\u03b1\u03c3\u03af\u03b1\u03c2 \u03a3\u03ba\u03c5\u03c1\u03bf\u03b4\u03ad\u03bc\u03b1\u03c4\u03bf\u03c2 & \u03a0\u03c1\u03bf\u03ba\u03b1\u03c4\u03b1\u03c3\u03ba\u03b5\u03c5\u03ae\u03c2","url":"https:\/\/abcon.gr\/fr\/","logo":{"@type":"ImageObject","inLanguage":"fr-FR","@id":"https:\/\/abcon.gr\/fr\/#\/schema\/logo\/image\/","url":"https:\/\/abcon.gr\/wp-content\/uploads\/2021\/04\/logo_150.png","contentUrl":"https:\/\/abcon.gr\/wp-content\/uploads\/2021\/04\/logo_150.png","width":150,"height":74,"caption":"A.B.CON. - \u039c\u03b7\u03c7\u03b1\u03bd\u03ad\u03c2 \u0395\u03c0\u03b5\u03be\u03b5\u03c1\u03b3\u03b1\u03c3\u03af\u03b1\u03c2 \u03a3\u03ba\u03c5\u03c1\u03bf\u03b4\u03ad\u03bc\u03b1\u03c4\u03bf\u03c2 & \u03a0\u03c1\u03bf\u03ba\u03b1\u03c4\u03b1\u03c3\u03ba\u03b5\u03c5\u03ae\u03c2"},"image":{"@id":"https:\/\/abcon.gr\/fr\/#\/schema\/logo\/image\/"},"sameAs":["https:\/\/www.facebook.com\/Steel.Precast.Solutions.ABCON\/"]}]}},"_links":{"self":[{"href":"https:\/\/abcon.gr\/fr\/wp-json\/wp\/v2\/product\/8844","targetHints":{"allow":["GET"]}}],"collection":[{"href":"https:\/\/abcon.gr\/fr\/wp-json\/wp\/v2\/product"}],"about":[{"href":"https:\/\/abcon.gr\/fr\/wp-json\/wp\/v2\/types\/product"}],"wp:featuredmedia":[{"embeddable":true,"href":"https:\/\/abcon.gr\/fr\/wp-json\/wp\/v2\/media\/6701"}],"wp:attachment":[{"href":"https:\/\/abcon.gr\/fr\/wp-json\/wp\/v2\/media?parent=8844"}],"wp:term":[{"taxonomy":"product_brand","embeddable":true,"href":"https:\/\/abcon.gr\/fr\/wp-json\/wp\/v2\/product_brand?post=8844"},{"taxonomy":"product_cat","embeddable":true,"href":"https:\/\/abcon.gr\/fr\/wp-json\/wp\/v2\/product_cat?post=8844"},{"taxonomy":"product_tag","embeddable":true,"href":"https:\/\/abcon.gr\/fr\/wp-json\/wp\/v2\/product_tag?post=8844"}],"curies":[{"name":"wp","href":"https:\/\/api.w.org\/{rel}","templated":true}]}}