{"id":8842,"date":"2018-04-03T21:02:36","date_gmt":"2018-04-03T18:02:36","guid":{"rendered":"http:\/\/test3.aenima.grproduct\/cm-pro-telescope\/"},"modified":"2018-08-28T11:23:12","modified_gmt":"2018-08-28T08:23:12","slug":"cm-pro-telescope","status":"publish","type":"product","link":"https:\/\/abcon.gr\/fr\/produit\/cm-pro-telescope\/","title":{"rendered":"CM PRO TELESCOPE"},"content":{"rendered":"","protected":false},"excerpt":{"rendered":"<p>Machine pour le fa\u00e7onnage de pieux cylindriques \u00e0 spirale soud\u00e9e et pas programmable. La machine se caract\u00e9rise par son encombrement longitudinal r\u00e9duit, parce que la soudure est effectu\u00e9e \u00e0 bord d\u2019une t\u00eate mobile et que la zone de chargement des barres est de type t\u00e9lescopique, dont l\u2019encombrement diminue au fur et \u00e0 mesure que la t\u00eate de soudure avance.<\/p>\n<p>Touret d\u00e9rouleur<br \/>\nPositionn\u00e9 lat\u00e9ralement par rapport au corps de la machine, il contient la bobine du fil qui formera la spirale. Le touret bouge avec le disque mobile sur lequel est mont\u00e9e la soudeuse.<\/p>\n<p>Rayonnage<br \/>\nIl a le but de s\u00e9parer entre elle les barres qui iront former la cage. Le rayonnage est mont\u00e9 sur le disque mobile, il a donc le m\u00eame mouvement de rotation de ce dernier et il diminue au fur et \u00e0 mesure que la t\u00eate de soudure avance.<\/p>\n<p>Ils ont la fonction de soutenir la cage durant sa formation, ils se soul\u00e8vent automatiquement et ils s&rsquo;arr\u00eatent d\u00e8s que les rouleaux d&rsquo;appui du support touchent la cage.<\/p>\n<p>Disque fixe<br \/>\nDisque perc\u00e9 qui tourne de fa\u00e7on synchronis\u00e9e avec le disque mobile ; sur celui-ci sont fix\u00e9es les pinces qui servent \u00e0 bloquer les barres.<\/p>\n<p>Disque mobile<br \/>\nDisque ayant le m\u00eame per\u00e7age que le disque fixe. Une fois le diam\u00e8tre de la barre \u00e0 r\u00e9aliser \u00e9tabli, sur le disque fixe sont appliqu\u00e9es et fix\u00e9es les douilles, \u00e0 travers lesquelles on fait avancer les barres couch\u00e9es sur le rayonnage. C&rsquo;est la structure qui en se d\u00e9pla\u00e7ant en avant permettra la formation de la cage et le pas de la spirale.<\/p>\n<p>Disque fixe<br \/>\nDisque perc\u00e9 qui tourne de fa\u00e7on synchronis\u00e9e avec le disque mobile ; sur celui-ci sont fix\u00e9es les pinces qui servent \u00e0 bloquer les barres.<\/p>\n<p>Disque mobile<br \/>\nDisque ayant le m\u00eame per\u00e7age que le disque fixe. Une fois le diam\u00e8tre de la barre \u00e0 r\u00e9aliser \u00e9tabli, sur le disque fixe sont appliqu\u00e9es et fix\u00e9es les douilles, \u00e0 travers lesquelles on fait avancer les barres couch\u00e9es sur le rayonnage. C&rsquo;est la structure qui en se d\u00e9pla\u00e7ant en avant permettra la formation de la cage et le pas de la spirale.<\/p>\n<p>&nbsp;<\/p>\n<p>Le nouveau contr\u00f4le de la GTCM PRO Telescope a \u00e9t\u00e9 incorpor\u00e9 sur la structure de base, permettant ainsi de diminuer les cotes d&rsquo;encombrement de la machine tout en d\u00e9gageant la zone de travail de l&rsquo;op\u00e9rateur. Il est \u00e9quip\u00e9 d&rsquo;un \u00e9cran tactile, d&rsquo;une m\u00e9moire flash et d&rsquo;une adaptation pour la ligne s\u00e9rie. Il permet \u00e9galement de varier la vitesse d&rsquo;ex\u00e9cution de la cage, sans interruptions du cycle d&rsquo;usinage; r\u00e9aliser des cages \u00e0 pas variable, d\u00e9finir combien il faut souder de croisillons et soulever les supports en automatique.<\/p>\n<p>&nbsp;<\/p>\n","protected":false},"featured_media":5250,"template":"","meta":{"_exactmetrics_skip_tracking":false,"_exactmetrics_sitenote_active":false,"_exactmetrics_sitenote_note":"","_exactmetrics_sitenote_category":0},"product_brand":[],"product_cat":[290,291,299],"product_tag":[321],"class_list":{"0":"post-8842","1":"product","2":"type-product","3":"status-publish","4":"has-post-thumbnail","6":"product_cat-machines-pour-le-travail-du-fer-a-beton","7":"product_cat-coupe-et-pliage","8":"product_cat-assemblage-cages","9":"product_tag-schnell-fr","11":"first","12":"instock","13":"shipping-taxable","14":"product-type-simple"},"yoast_head":"<!-- This site is optimized with the Yoast SEO plugin v26.8 - https:\/\/yoast.com\/product\/yoast-seo-wordpress\/ -->\n<title>CM PRO TELESCOPE - A.B.CON.<\/title>\n<meta name=\"robots\" content=\"index, follow, max-snippet:-1, max-image-preview:large, max-video-preview:-1\" \/>\n<link rel=\"canonical\" href=\"https:\/\/abcon.gr\/fr\/produit\/cm-pro-telescope\/\" \/>\n<meta property=\"og:locale\" content=\"fr_FR\" \/>\n<meta property=\"og:type\" content=\"article\" \/>\n<meta property=\"og:title\" content=\"CM PRO TELESCOPE - A.B.CON.\" \/>\n<meta property=\"og:description\" content=\"Machine pour le fa\u00e7onnage de pieux cylindriques \u00e0 spirale soud\u00e9e et pas programmable. La machine se caract\u00e9rise par son encombrement longitudinal r\u00e9duit, parce que la soudure est effectu\u00e9e \u00e0 bord d\u2019une t\u00eate mobile et que la zone de chargement des barres est de type t\u00e9lescopique, dont l\u2019encombrement diminue au fur et \u00e0 mesure que la t\u00eate de soudure avance.  Touret d\u00e9rouleur Positionn\u00e9 lat\u00e9ralement par rapport au corps de la machine, il contient la bobine du fil qui formera la spirale. Le touret bouge avec le disque mobile sur lequel est mont\u00e9e la soudeuse.  Rayonnage Il a le but de s\u00e9parer entre elle les barres qui iront former la cage. Le rayonnage est mont\u00e9 sur le disque mobile, il a donc le m\u00eame mouvement de rotation de ce dernier et il diminue au fur et \u00e0 mesure que la t\u00eate de soudure avance.  Ils ont la fonction de soutenir la cage durant sa formation, ils se soul\u00e8vent automatiquement et ils s&#039;arr\u00eatent d\u00e8s que les rouleaux d&#039;appui du support touchent la cage.  Disque fixe Disque perc\u00e9 qui tourne de fa\u00e7on synchronis\u00e9e avec le disque mobile ; sur celui-ci sont fix\u00e9es les pinces qui servent \u00e0 bloquer les barres.  Disque mobile Disque ayant le m\u00eame per\u00e7age que le disque fixe. Une fois le diam\u00e8tre de la barre \u00e0 r\u00e9aliser \u00e9tabli, sur le disque fixe sont appliqu\u00e9es et fix\u00e9es les douilles, \u00e0 travers lesquelles on fait avancer les barres couch\u00e9es sur le rayonnage. C&#039;est la structure qui en se d\u00e9pla\u00e7ant en avant permettra la formation de la cage et le pas de la spirale.  Disque fixe Disque perc\u00e9 qui tourne de fa\u00e7on synchronis\u00e9e avec le disque mobile ; sur celui-ci sont fix\u00e9es les pinces qui servent \u00e0 bloquer les barres.  Disque mobile Disque ayant le m\u00eame per\u00e7age que le disque fixe. Une fois le diam\u00e8tre de la barre \u00e0 r\u00e9aliser \u00e9tabli, sur le disque fixe sont appliqu\u00e9es et fix\u00e9es les douilles, \u00e0 travers lesquelles on fait avancer les barres couch\u00e9es sur le rayonnage. C&#039;est la structure qui en se d\u00e9pla\u00e7ant en avant permettra la formation de la cage et le pas de la spirale.  &nbsp;  Le nouveau contr\u00f4le de la GTCM PRO Telescope a \u00e9t\u00e9 incorpor\u00e9 sur la structure de base, permettant ainsi de diminuer les cotes d&#039;encombrement de la machine tout en d\u00e9gageant la zone de travail de l&#039;op\u00e9rateur. Il est \u00e9quip\u00e9 d&#039;un \u00e9cran tactile, d&#039;une m\u00e9moire flash et d&#039;une adaptation pour la ligne s\u00e9rie. Il permet \u00e9galement de varier la vitesse d&#039;ex\u00e9cution de la cage, sans interruptions du cycle d&#039;usinage; r\u00e9aliser des cages \u00e0 pas variable, d\u00e9finir combien il faut souder de croisillons et soulever les supports en automatique.  &nbsp;\" \/>\n<meta property=\"og:url\" content=\"https:\/\/abcon.gr\/fr\/produit\/cm-pro-telescope\/\" \/>\n<meta property=\"og:site_name\" content=\"A.B.CON.\" \/>\n<meta property=\"article:publisher\" content=\"https:\/\/www.facebook.com\/Steel.Precast.Solutions.ABCON\/\" \/>\n<meta property=\"article:modified_time\" content=\"2018-08-28T08:23:12+00:00\" \/>\n<meta property=\"og:image\" content=\"https:\/\/abcon.gr\/wp-content\/uploads\/2018\/04\/CM-Pro-1600-telescopicasssssssssssssss-1.jpg\" \/>\n\t<meta property=\"og:image:width\" content=\"750\" \/>\n\t<meta property=\"og:image:height\" content=\"500\" \/>\n\t<meta property=\"og:image:type\" content=\"image\/jpeg\" \/>\n<meta name=\"twitter:card\" content=\"summary_large_image\" \/>\n<script type=\"application\/ld+json\" class=\"yoast-schema-graph\">{\"@context\":\"https:\/\/schema.org\",\"@graph\":[{\"@type\":\"WebPage\",\"@id\":\"https:\/\/abcon.gr\/fr\/produit\/cm-pro-telescope\/\",\"url\":\"https:\/\/abcon.gr\/fr\/produit\/cm-pro-telescope\/\",\"name\":\"CM PRO TELESCOPE - A.B.CON.\",\"isPartOf\":{\"@id\":\"https:\/\/abcon.gr\/fr\/#website\"},\"primaryImageOfPage\":{\"@id\":\"https:\/\/abcon.gr\/fr\/produit\/cm-pro-telescope\/#primaryimage\"},\"image\":{\"@id\":\"https:\/\/abcon.gr\/fr\/produit\/cm-pro-telescope\/#primaryimage\"},\"thumbnailUrl\":\"https:\/\/abcon.gr\/wp-content\/uploads\/2018\/04\/CM-Pro-1600-telescopicasssssssssssssss-1.jpg\",\"datePublished\":\"2018-04-03T18:02:36+00:00\",\"dateModified\":\"2018-08-28T08:23:12+00:00\",\"breadcrumb\":{\"@id\":\"https:\/\/abcon.gr\/fr\/produit\/cm-pro-telescope\/#breadcrumb\"},\"inLanguage\":\"fr-FR\",\"potentialAction\":[{\"@type\":\"ReadAction\",\"target\":[\"https:\/\/abcon.gr\/fr\/produit\/cm-pro-telescope\/\"]}]},{\"@type\":\"ImageObject\",\"inLanguage\":\"fr-FR\",\"@id\":\"https:\/\/abcon.gr\/fr\/produit\/cm-pro-telescope\/#primaryimage\",\"url\":\"https:\/\/abcon.gr\/wp-content\/uploads\/2018\/04\/CM-Pro-1600-telescopicasssssssssssssss-1.jpg\",\"contentUrl\":\"https:\/\/abcon.gr\/wp-content\/uploads\/2018\/04\/CM-Pro-1600-telescopicasssssssssssssss-1.jpg\",\"width\":750,\"height\":500,\"caption\":\"CM Pro 1600 telescopicasssssssssssssss 1\"},{\"@type\":\"BreadcrumbList\",\"@id\":\"https:\/\/abcon.gr\/fr\/produit\/cm-pro-telescope\/#breadcrumb\",\"itemListElement\":[{\"@type\":\"ListItem\",\"position\":1,\"name\":\"\u0391\u03c1\u03c7\u03b9\u03ba\u03ae\",\"item\":\"https:\/\/abcon.gr\/fr\/\"},{\"@type\":\"ListItem\",\"position\":2,\"name\":\"\u039a\u03b1\u03c4\u03ac\u03c3\u03c4\u03b7\u03bc\u03b1\",\"item\":\"https:\/\/abcon.gr\/fr\/%ce%ba%ce%b1%cf%84%ce%ac%cf%83%cf%84%ce%b7%ce%bc%ce%b1\/\"},{\"@type\":\"ListItem\",\"position\":3,\"name\":\"CM PRO TELESCOPE\"}]},{\"@type\":\"WebSite\",\"@id\":\"https:\/\/abcon.gr\/fr\/#website\",\"url\":\"https:\/\/abcon.gr\/fr\/\",\"name\":\"A.B.CON. - \u039c\u03b7\u03c7\u03b1\u03bd\u03ad\u03c2 \u0395\u03c0\u03b5\u03be\u03b5\u03c1\u03b3\u03b1\u03c3\u03af\u03b1\u03c2 \u03a3\u03ba\u03c5\u03c1\u03bf\u03b4\u03ad\u03bc\u03b1\u03c4\u03bf\u03c2 & \u03a0\u03c1\u03bf\u03ba\u03b1\u03c4\u03b1\u03c3\u03ba\u03b5\u03c5\u03ae\u03c2\",\"description\":\"\u039c\u03b7\u03c7\u03b1\u03bd\u03ad\u03c2 \u0395\u03c0\u03b5\u03be\u03b5\u03c1\u03b3\u03b1\u03c3\u03af\u03b1\u03c2 \u03a3\u03ba\u03c5\u03c1\u03bf\u03b4\u03ad\u03bc\u03b1\u03c4\u03bf\u03c2 &amp; \u03a0\u03c1\u03bf\u03ba\u03b1\u03c4\u03b1\u03c3\u03ba\u03b5\u03c5\u03ae\u03c2\",\"publisher\":{\"@id\":\"https:\/\/abcon.gr\/fr\/#organization\"},\"potentialAction\":[{\"@type\":\"SearchAction\",\"target\":{\"@type\":\"EntryPoint\",\"urlTemplate\":\"https:\/\/abcon.gr\/fr\/?s={search_term_string}\"},\"query-input\":{\"@type\":\"PropertyValueSpecification\",\"valueRequired\":true,\"valueName\":\"search_term_string\"}}],\"inLanguage\":\"fr-FR\"},{\"@type\":\"Organization\",\"@id\":\"https:\/\/abcon.gr\/fr\/#organization\",\"name\":\"A.B.CON. - \u039c\u03b7\u03c7\u03b1\u03bd\u03ad\u03c2 \u0395\u03c0\u03b5\u03be\u03b5\u03c1\u03b3\u03b1\u03c3\u03af\u03b1\u03c2 \u03a3\u03ba\u03c5\u03c1\u03bf\u03b4\u03ad\u03bc\u03b1\u03c4\u03bf\u03c2 & \u03a0\u03c1\u03bf\u03ba\u03b1\u03c4\u03b1\u03c3\u03ba\u03b5\u03c5\u03ae\u03c2\",\"url\":\"https:\/\/abcon.gr\/fr\/\",\"logo\":{\"@type\":\"ImageObject\",\"inLanguage\":\"fr-FR\",\"@id\":\"https:\/\/abcon.gr\/fr\/#\/schema\/logo\/image\/\",\"url\":\"https:\/\/abcon.gr\/wp-content\/uploads\/2021\/04\/logo_150.png\",\"contentUrl\":\"https:\/\/abcon.gr\/wp-content\/uploads\/2021\/04\/logo_150.png\",\"width\":150,\"height\":74,\"caption\":\"A.B.CON. - \u039c\u03b7\u03c7\u03b1\u03bd\u03ad\u03c2 \u0395\u03c0\u03b5\u03be\u03b5\u03c1\u03b3\u03b1\u03c3\u03af\u03b1\u03c2 \u03a3\u03ba\u03c5\u03c1\u03bf\u03b4\u03ad\u03bc\u03b1\u03c4\u03bf\u03c2 & \u03a0\u03c1\u03bf\u03ba\u03b1\u03c4\u03b1\u03c3\u03ba\u03b5\u03c5\u03ae\u03c2\"},\"image\":{\"@id\":\"https:\/\/abcon.gr\/fr\/#\/schema\/logo\/image\/\"},\"sameAs\":[\"https:\/\/www.facebook.com\/Steel.Precast.Solutions.ABCON\/\"]}]}<\/script>\n<!-- \/ Yoast SEO plugin. -->","yoast_head_json":{"title":"CM PRO TELESCOPE - A.B.CON.","robots":{"index":"index","follow":"follow","max-snippet":"max-snippet:-1","max-image-preview":"max-image-preview:large","max-video-preview":"max-video-preview:-1"},"canonical":"https:\/\/abcon.gr\/fr\/produit\/cm-pro-telescope\/","og_locale":"fr_FR","og_type":"article","og_title":"CM PRO TELESCOPE - A.B.CON.","og_description":"Machine pour le fa\u00e7onnage de pieux cylindriques \u00e0 spirale soud\u00e9e et pas programmable. La machine se caract\u00e9rise par son encombrement longitudinal r\u00e9duit, parce que la soudure est effectu\u00e9e \u00e0 bord d\u2019une t\u00eate mobile et que la zone de chargement des barres est de type t\u00e9lescopique, dont l\u2019encombrement diminue au fur et \u00e0 mesure que la t\u00eate de soudure avance.  Touret d\u00e9rouleur Positionn\u00e9 lat\u00e9ralement par rapport au corps de la machine, il contient la bobine du fil qui formera la spirale. Le touret bouge avec le disque mobile sur lequel est mont\u00e9e la soudeuse.  Rayonnage Il a le but de s\u00e9parer entre elle les barres qui iront former la cage. Le rayonnage est mont\u00e9 sur le disque mobile, il a donc le m\u00eame mouvement de rotation de ce dernier et il diminue au fur et \u00e0 mesure que la t\u00eate de soudure avance.  Ils ont la fonction de soutenir la cage durant sa formation, ils se soul\u00e8vent automatiquement et ils s'arr\u00eatent d\u00e8s que les rouleaux d'appui du support touchent la cage.  Disque fixe Disque perc\u00e9 qui tourne de fa\u00e7on synchronis\u00e9e avec le disque mobile ; sur celui-ci sont fix\u00e9es les pinces qui servent \u00e0 bloquer les barres.  Disque mobile Disque ayant le m\u00eame per\u00e7age que le disque fixe. Une fois le diam\u00e8tre de la barre \u00e0 r\u00e9aliser \u00e9tabli, sur le disque fixe sont appliqu\u00e9es et fix\u00e9es les douilles, \u00e0 travers lesquelles on fait avancer les barres couch\u00e9es sur le rayonnage. C'est la structure qui en se d\u00e9pla\u00e7ant en avant permettra la formation de la cage et le pas de la spirale.  Disque fixe Disque perc\u00e9 qui tourne de fa\u00e7on synchronis\u00e9e avec le disque mobile ; sur celui-ci sont fix\u00e9es les pinces qui servent \u00e0 bloquer les barres.  Disque mobile Disque ayant le m\u00eame per\u00e7age que le disque fixe. Une fois le diam\u00e8tre de la barre \u00e0 r\u00e9aliser \u00e9tabli, sur le disque fixe sont appliqu\u00e9es et fix\u00e9es les douilles, \u00e0 travers lesquelles on fait avancer les barres couch\u00e9es sur le rayonnage. C'est la structure qui en se d\u00e9pla\u00e7ant en avant permettra la formation de la cage et le pas de la spirale.  &nbsp;  Le nouveau contr\u00f4le de la GTCM PRO Telescope a \u00e9t\u00e9 incorpor\u00e9 sur la structure de base, permettant ainsi de diminuer les cotes d'encombrement de la machine tout en d\u00e9gageant la zone de travail de l'op\u00e9rateur. Il est \u00e9quip\u00e9 d'un \u00e9cran tactile, d'une m\u00e9moire flash et d'une adaptation pour la ligne s\u00e9rie. Il permet \u00e9galement de varier la vitesse d'ex\u00e9cution de la cage, sans interruptions du cycle d'usinage; r\u00e9aliser des cages \u00e0 pas variable, d\u00e9finir combien il faut souder de croisillons et soulever les supports en automatique.  &nbsp;","og_url":"https:\/\/abcon.gr\/fr\/produit\/cm-pro-telescope\/","og_site_name":"A.B.CON.","article_publisher":"https:\/\/www.facebook.com\/Steel.Precast.Solutions.ABCON\/","article_modified_time":"2018-08-28T08:23:12+00:00","og_image":[{"width":750,"height":500,"url":"https:\/\/abcon.gr\/wp-content\/uploads\/2018\/04\/CM-Pro-1600-telescopicasssssssssssssss-1.jpg","type":"image\/jpeg"}],"twitter_card":"summary_large_image","schema":{"@context":"https:\/\/schema.org","@graph":[{"@type":"WebPage","@id":"https:\/\/abcon.gr\/fr\/produit\/cm-pro-telescope\/","url":"https:\/\/abcon.gr\/fr\/produit\/cm-pro-telescope\/","name":"CM PRO TELESCOPE - A.B.CON.","isPartOf":{"@id":"https:\/\/abcon.gr\/fr\/#website"},"primaryImageOfPage":{"@id":"https:\/\/abcon.gr\/fr\/produit\/cm-pro-telescope\/#primaryimage"},"image":{"@id":"https:\/\/abcon.gr\/fr\/produit\/cm-pro-telescope\/#primaryimage"},"thumbnailUrl":"https:\/\/abcon.gr\/wp-content\/uploads\/2018\/04\/CM-Pro-1600-telescopicasssssssssssssss-1.jpg","datePublished":"2018-04-03T18:02:36+00:00","dateModified":"2018-08-28T08:23:12+00:00","breadcrumb":{"@id":"https:\/\/abcon.gr\/fr\/produit\/cm-pro-telescope\/#breadcrumb"},"inLanguage":"fr-FR","potentialAction":[{"@type":"ReadAction","target":["https:\/\/abcon.gr\/fr\/produit\/cm-pro-telescope\/"]}]},{"@type":"ImageObject","inLanguage":"fr-FR","@id":"https:\/\/abcon.gr\/fr\/produit\/cm-pro-telescope\/#primaryimage","url":"https:\/\/abcon.gr\/wp-content\/uploads\/2018\/04\/CM-Pro-1600-telescopicasssssssssssssss-1.jpg","contentUrl":"https:\/\/abcon.gr\/wp-content\/uploads\/2018\/04\/CM-Pro-1600-telescopicasssssssssssssss-1.jpg","width":750,"height":500,"caption":"CM Pro 1600 telescopicasssssssssssssss 1"},{"@type":"BreadcrumbList","@id":"https:\/\/abcon.gr\/fr\/produit\/cm-pro-telescope\/#breadcrumb","itemListElement":[{"@type":"ListItem","position":1,"name":"\u0391\u03c1\u03c7\u03b9\u03ba\u03ae","item":"https:\/\/abcon.gr\/fr\/"},{"@type":"ListItem","position":2,"name":"\u039a\u03b1\u03c4\u03ac\u03c3\u03c4\u03b7\u03bc\u03b1","item":"https:\/\/abcon.gr\/fr\/%ce%ba%ce%b1%cf%84%ce%ac%cf%83%cf%84%ce%b7%ce%bc%ce%b1\/"},{"@type":"ListItem","position":3,"name":"CM PRO TELESCOPE"}]},{"@type":"WebSite","@id":"https:\/\/abcon.gr\/fr\/#website","url":"https:\/\/abcon.gr\/fr\/","name":"A.B.CON. - \u039c\u03b7\u03c7\u03b1\u03bd\u03ad\u03c2 \u0395\u03c0\u03b5\u03be\u03b5\u03c1\u03b3\u03b1\u03c3\u03af\u03b1\u03c2 \u03a3\u03ba\u03c5\u03c1\u03bf\u03b4\u03ad\u03bc\u03b1\u03c4\u03bf\u03c2 & \u03a0\u03c1\u03bf\u03ba\u03b1\u03c4\u03b1\u03c3\u03ba\u03b5\u03c5\u03ae\u03c2","description":"\u039c\u03b7\u03c7\u03b1\u03bd\u03ad\u03c2 \u0395\u03c0\u03b5\u03be\u03b5\u03c1\u03b3\u03b1\u03c3\u03af\u03b1\u03c2 \u03a3\u03ba\u03c5\u03c1\u03bf\u03b4\u03ad\u03bc\u03b1\u03c4\u03bf\u03c2 &amp; \u03a0\u03c1\u03bf\u03ba\u03b1\u03c4\u03b1\u03c3\u03ba\u03b5\u03c5\u03ae\u03c2","publisher":{"@id":"https:\/\/abcon.gr\/fr\/#organization"},"potentialAction":[{"@type":"SearchAction","target":{"@type":"EntryPoint","urlTemplate":"https:\/\/abcon.gr\/fr\/?s={search_term_string}"},"query-input":{"@type":"PropertyValueSpecification","valueRequired":true,"valueName":"search_term_string"}}],"inLanguage":"fr-FR"},{"@type":"Organization","@id":"https:\/\/abcon.gr\/fr\/#organization","name":"A.B.CON. - \u039c\u03b7\u03c7\u03b1\u03bd\u03ad\u03c2 \u0395\u03c0\u03b5\u03be\u03b5\u03c1\u03b3\u03b1\u03c3\u03af\u03b1\u03c2 \u03a3\u03ba\u03c5\u03c1\u03bf\u03b4\u03ad\u03bc\u03b1\u03c4\u03bf\u03c2 & \u03a0\u03c1\u03bf\u03ba\u03b1\u03c4\u03b1\u03c3\u03ba\u03b5\u03c5\u03ae\u03c2","url":"https:\/\/abcon.gr\/fr\/","logo":{"@type":"ImageObject","inLanguage":"fr-FR","@id":"https:\/\/abcon.gr\/fr\/#\/schema\/logo\/image\/","url":"https:\/\/abcon.gr\/wp-content\/uploads\/2021\/04\/logo_150.png","contentUrl":"https:\/\/abcon.gr\/wp-content\/uploads\/2021\/04\/logo_150.png","width":150,"height":74,"caption":"A.B.CON. - \u039c\u03b7\u03c7\u03b1\u03bd\u03ad\u03c2 \u0395\u03c0\u03b5\u03be\u03b5\u03c1\u03b3\u03b1\u03c3\u03af\u03b1\u03c2 \u03a3\u03ba\u03c5\u03c1\u03bf\u03b4\u03ad\u03bc\u03b1\u03c4\u03bf\u03c2 & \u03a0\u03c1\u03bf\u03ba\u03b1\u03c4\u03b1\u03c3\u03ba\u03b5\u03c5\u03ae\u03c2"},"image":{"@id":"https:\/\/abcon.gr\/fr\/#\/schema\/logo\/image\/"},"sameAs":["https:\/\/www.facebook.com\/Steel.Precast.Solutions.ABCON\/"]}]}},"_links":{"self":[{"href":"https:\/\/abcon.gr\/fr\/wp-json\/wp\/v2\/product\/8842","targetHints":{"allow":["GET"]}}],"collection":[{"href":"https:\/\/abcon.gr\/fr\/wp-json\/wp\/v2\/product"}],"about":[{"href":"https:\/\/abcon.gr\/fr\/wp-json\/wp\/v2\/types\/product"}],"wp:featuredmedia":[{"embeddable":true,"href":"https:\/\/abcon.gr\/fr\/wp-json\/wp\/v2\/media\/5250"}],"wp:attachment":[{"href":"https:\/\/abcon.gr\/fr\/wp-json\/wp\/v2\/media?parent=8842"}],"wp:term":[{"taxonomy":"product_brand","embeddable":true,"href":"https:\/\/abcon.gr\/fr\/wp-json\/wp\/v2\/product_brand?post=8842"},{"taxonomy":"product_cat","embeddable":true,"href":"https:\/\/abcon.gr\/fr\/wp-json\/wp\/v2\/product_cat?post=8842"},{"taxonomy":"product_tag","embeddable":true,"href":"https:\/\/abcon.gr\/fr\/wp-json\/wp\/v2\/product_tag?post=8842"}],"curies":[{"name":"wp","href":"https:\/\/api.w.org\/{rel}","templated":true}]}}