{"id":8837,"date":"2018-04-03T10:56:19","date_gmt":"2018-04-03T07:56:19","guid":{"rendered":"http:\/\/test3.aenima.grproduct\/aiguilles-vibrantes-electriques-h-f-avec-convertisseur\/"},"modified":"2018-04-03T10:56:19","modified_gmt":"2018-04-03T07:56:19","slug":"aiguilles-vibrantes-electriques-h-f-avec-convertisseur","status":"publish","type":"product","link":"https:\/\/abcon.gr\/fr\/produit\/aiguilles-vibrantes-electriques-h-f-avec-convertisseur\/","title":{"rendered":"Aiguilles vibrantes \u00e9lectriques H.F. avec convertisseur"},"content":{"rendered":"","protected":false},"excerpt":{"rendered":"<p>Pour la vibration ponctuelle du b\u00e9ton, lorsque la vibration au coffrage n\u2019est pas possible ou sur des chantiers d\u2019acc\u00e8s difficile, la solution est notre aiguille vibrante \u00e9lectrique \u00e0 H.F. avec convertisseur fonctionnant m\u00eame par courant monophas\u00e9 et sans entretien.<br \/>\nCes aiguilles vibrantes \u00e9lectriques \u00e0 H.F. sont form\u00e9es par une partie immerg\u00e9e avec moteur \u00e9lectrique sp\u00e9cial \u00e0 protection H, tuyau en caoutchouc antiabrasion de 5 m de long, c\u00e2ble d\u2019alimentation de 10 m, interrupteur en bo\u00eete \u00e9tanche, fiche CEE 42V \/ 32A.<br \/>\nToutes les aiguilles sont aliment\u00e9es par courant 42V \u2013 200Hz. Pour un bon refroidissement du moteur, lorsque l\u2019aiguille est en fonction, elle doit \u00eatre compl\u00e8tement plong\u00e9e dans le b\u00e9ton.<\/p>\n<p>Pour alimenter l\u2019aiguille avec 400V \u2013 50Hz ou 230V &#8211; 50Hz, il faut utiliser un convertisseur de tension et fr\u00e9quence solide, maniable, de petites dimensions.<\/p>\n","protected":false},"featured_media":4553,"template":"","meta":{"_exactmetrics_skip_tracking":false,"_exactmetrics_sitenote_active":false,"_exactmetrics_sitenote_note":"","_exactmetrics_sitenote_category":0},"product_brand":[],"product_cat":[214,239,244],"product_tag":[325],"class_list":{"0":"post-8837","1":"product","2":"type-product","3":"status-publish","4":"has-post-thumbnail","6":"product_cat-equipement-precast","7":"product_cat-vibrateurs","8":"product_cat-aigiulles-vibrantes","9":"product_tag-bianchi-fr","11":"first","12":"instock","13":"shipping-taxable","14":"product-type-simple"},"yoast_head":"<!-- This site is optimized with the Yoast SEO plugin v26.8 - https:\/\/yoast.com\/product\/yoast-seo-wordpress\/ -->\n<title>Aiguilles vibrantes \u00e9lectriques H.F. avec convertisseur - A.B.CON.<\/title>\n<meta name=\"robots\" content=\"index, follow, max-snippet:-1, max-image-preview:large, max-video-preview:-1\" \/>\n<link rel=\"canonical\" href=\"https:\/\/abcon.gr\/produit\/\u03b7\u03bb\u03b5\u03ba\u03c4\u03c1\u03b9\u03ba\u03b5\u03c3-\u03b4\u03bf\u03bd\u03b7\u03c4\u03b9\u03ba\u03b5\u03c3-\u03b2\u03b5\u03bb\u03bf\u03bd\u03b5\u03c3-h-f-\u03bc\u03b5-\u03bc\u03b5\u03c4\u03b1\/\" \/>\n<meta property=\"og:locale\" content=\"fr_FR\" \/>\n<meta property=\"og:type\" content=\"article\" \/>\n<meta property=\"og:title\" content=\"Aiguilles vibrantes \u00e9lectriques H.F. avec convertisseur - A.B.CON.\" \/>\n<meta property=\"og:description\" content=\"Pour la vibration ponctuelle du b\u00e9ton, lorsque la vibration au coffrage n\u2019est pas possible ou sur des chantiers d\u2019acc\u00e8s difficile, la solution est notre aiguille vibrante \u00e9lectrique \u00e0 H.F. avec convertisseur fonctionnant m\u00eame par courant monophas\u00e9 et sans entretien. Ces aiguilles vibrantes \u00e9lectriques \u00e0 H.F. sont form\u00e9es par une partie immerg\u00e9e avec moteur \u00e9lectrique sp\u00e9cial \u00e0 protection H, tuyau en caoutchouc antiabrasion de 5 m de long, c\u00e2ble d\u2019alimentation de 10 m, interrupteur en bo\u00eete \u00e9tanche, fiche CEE 42V \/ 32A. Toutes les aiguilles sont aliment\u00e9es par courant 42V \u2013 200Hz. Pour un bon refroidissement du moteur, lorsque l\u2019aiguille est en fonction, elle doit \u00eatre compl\u00e8tement plong\u00e9e dans le b\u00e9ton.  Pour alimenter l\u2019aiguille avec 400V \u2013 50Hz ou 230V - 50Hz, il faut utiliser un convertisseur de tension et fr\u00e9quence solide, maniable, de petites dimensions.\" \/>\n<meta property=\"og:url\" content=\"https:\/\/abcon.gr\/produit\/\u03b7\u03bb\u03b5\u03ba\u03c4\u03c1\u03b9\u03ba\u03b5\u03c3-\u03b4\u03bf\u03bd\u03b7\u03c4\u03b9\u03ba\u03b5\u03c3-\u03b2\u03b5\u03bb\u03bf\u03bd\u03b5\u03c3-h-f-\u03bc\u03b5-\u03bc\u03b5\u03c4\u03b1\/\" \/>\n<meta property=\"og:site_name\" content=\"A.B.CON.\" \/>\n<meta property=\"article:publisher\" content=\"https:\/\/www.facebook.com\/Steel.Precast.Solutions.ABCON\/\" \/>\n<meta property=\"og:image\" content=\"https:\/\/abcon.gr\/wp-content\/uploads\/2018\/04\/Electrical-H.F.-vibrating-pokers-with-converter-1.jpg\" \/>\n\t<meta property=\"og:image:width\" content=\"180\" \/>\n\t<meta property=\"og:image:height\" content=\"149\" \/>\n\t<meta property=\"og:image:type\" content=\"image\/jpeg\" \/>\n<meta name=\"twitter:card\" content=\"summary_large_image\" \/>\n<script type=\"application\/ld+json\" class=\"yoast-schema-graph\">{\"@context\":\"https:\/\/schema.org\",\"@graph\":[{\"@type\":\"WebPage\",\"@id\":\"https:\/\/abcon.gr\/produit\/%ce%b7%ce%bb%ce%b5%ce%ba%cf%84%cf%81%ce%b9%ce%ba%ce%b5%cf%83-%ce%b4%ce%bf%ce%bd%ce%b7%cf%84%ce%b9%ce%ba%ce%b5%cf%83-%ce%b2%ce%b5%ce%bb%ce%bf%ce%bd%ce%b5%cf%83-h-f-%ce%bc%ce%b5-%ce%bc%ce%b5%cf%84%ce%b1\/\",\"url\":\"https:\/\/abcon.gr\/produit\/%ce%b7%ce%bb%ce%b5%ce%ba%cf%84%cf%81%ce%b9%ce%ba%ce%b5%cf%83-%ce%b4%ce%bf%ce%bd%ce%b7%cf%84%ce%b9%ce%ba%ce%b5%cf%83-%ce%b2%ce%b5%ce%bb%ce%bf%ce%bd%ce%b5%cf%83-h-f-%ce%bc%ce%b5-%ce%bc%ce%b5%cf%84%ce%b1\/\",\"name\":\"Aiguilles vibrantes \u00e9lectriques H.F. avec convertisseur - A.B.CON.\",\"isPartOf\":{\"@id\":\"https:\/\/abcon.gr\/fr\/#website\"},\"primaryImageOfPage\":{\"@id\":\"https:\/\/abcon.gr\/produit\/%ce%b7%ce%bb%ce%b5%ce%ba%cf%84%cf%81%ce%b9%ce%ba%ce%b5%cf%83-%ce%b4%ce%bf%ce%bd%ce%b7%cf%84%ce%b9%ce%ba%ce%b5%cf%83-%ce%b2%ce%b5%ce%bb%ce%bf%ce%bd%ce%b5%cf%83-h-f-%ce%bc%ce%b5-%ce%bc%ce%b5%cf%84%ce%b1\/#primaryimage\"},\"image\":{\"@id\":\"https:\/\/abcon.gr\/produit\/%ce%b7%ce%bb%ce%b5%ce%ba%cf%84%cf%81%ce%b9%ce%ba%ce%b5%cf%83-%ce%b4%ce%bf%ce%bd%ce%b7%cf%84%ce%b9%ce%ba%ce%b5%cf%83-%ce%b2%ce%b5%ce%bb%ce%bf%ce%bd%ce%b5%cf%83-h-f-%ce%bc%ce%b5-%ce%bc%ce%b5%cf%84%ce%b1\/#primaryimage\"},\"thumbnailUrl\":\"https:\/\/abcon.gr\/wp-content\/uploads\/2018\/04\/Electrical-H.F.-vibrating-pokers-with-converter-1.jpg\",\"datePublished\":\"2018-04-03T07:56:19+00:00\",\"breadcrumb\":{\"@id\":\"https:\/\/abcon.gr\/produit\/%ce%b7%ce%bb%ce%b5%ce%ba%cf%84%cf%81%ce%b9%ce%ba%ce%b5%cf%83-%ce%b4%ce%bf%ce%bd%ce%b7%cf%84%ce%b9%ce%ba%ce%b5%cf%83-%ce%b2%ce%b5%ce%bb%ce%bf%ce%bd%ce%b5%cf%83-h-f-%ce%bc%ce%b5-%ce%bc%ce%b5%cf%84%ce%b1\/#breadcrumb\"},\"inLanguage\":\"fr-FR\",\"potentialAction\":[{\"@type\":\"ReadAction\",\"target\":[\"https:\/\/abcon.gr\/produit\/%ce%b7%ce%bb%ce%b5%ce%ba%cf%84%cf%81%ce%b9%ce%ba%ce%b5%cf%83-%ce%b4%ce%bf%ce%bd%ce%b7%cf%84%ce%b9%ce%ba%ce%b5%cf%83-%ce%b2%ce%b5%ce%bb%ce%bf%ce%bd%ce%b5%cf%83-h-f-%ce%bc%ce%b5-%ce%bc%ce%b5%cf%84%ce%b1\/\"]}]},{\"@type\":\"ImageObject\",\"inLanguage\":\"fr-FR\",\"@id\":\"https:\/\/abcon.gr\/produit\/%ce%b7%ce%bb%ce%b5%ce%ba%cf%84%cf%81%ce%b9%ce%ba%ce%b5%cf%83-%ce%b4%ce%bf%ce%bd%ce%b7%cf%84%ce%b9%ce%ba%ce%b5%cf%83-%ce%b2%ce%b5%ce%bb%ce%bf%ce%bd%ce%b5%cf%83-h-f-%ce%bc%ce%b5-%ce%bc%ce%b5%cf%84%ce%b1\/#primaryimage\",\"url\":\"https:\/\/abcon.gr\/wp-content\/uploads\/2018\/04\/Electrical-H.F.-vibrating-pokers-with-converter-1.jpg\",\"contentUrl\":\"https:\/\/abcon.gr\/wp-content\/uploads\/2018\/04\/Electrical-H.F.-vibrating-pokers-with-converter-1.jpg\",\"width\":180,\"height\":149,\"caption\":\"Electrical H.F. vibrating pokers with converter 1\"},{\"@type\":\"BreadcrumbList\",\"@id\":\"https:\/\/abcon.gr\/produit\/%ce%b7%ce%bb%ce%b5%ce%ba%cf%84%cf%81%ce%b9%ce%ba%ce%b5%cf%83-%ce%b4%ce%bf%ce%bd%ce%b7%cf%84%ce%b9%ce%ba%ce%b5%cf%83-%ce%b2%ce%b5%ce%bb%ce%bf%ce%bd%ce%b5%cf%83-h-f-%ce%bc%ce%b5-%ce%bc%ce%b5%cf%84%ce%b1\/#breadcrumb\",\"itemListElement\":[{\"@type\":\"ListItem\",\"position\":1,\"name\":\"\u0391\u03c1\u03c7\u03b9\u03ba\u03ae\",\"item\":\"https:\/\/abcon.gr\/fr\/\"},{\"@type\":\"ListItem\",\"position\":2,\"name\":\"\u039a\u03b1\u03c4\u03ac\u03c3\u03c4\u03b7\u03bc\u03b1\",\"item\":\"https:\/\/abcon.gr\/fr\/%ce%ba%ce%b1%cf%84%ce%ac%cf%83%cf%84%ce%b7%ce%bc%ce%b1\/\"},{\"@type\":\"ListItem\",\"position\":3,\"name\":\"Aiguilles vibrantes \u00e9lectriques H.F. avec convertisseur\"}]},{\"@type\":\"WebSite\",\"@id\":\"https:\/\/abcon.gr\/fr\/#website\",\"url\":\"https:\/\/abcon.gr\/fr\/\",\"name\":\"A.B.CON. - \u039c\u03b7\u03c7\u03b1\u03bd\u03ad\u03c2 \u0395\u03c0\u03b5\u03be\u03b5\u03c1\u03b3\u03b1\u03c3\u03af\u03b1\u03c2 \u03a3\u03ba\u03c5\u03c1\u03bf\u03b4\u03ad\u03bc\u03b1\u03c4\u03bf\u03c2 & \u03a0\u03c1\u03bf\u03ba\u03b1\u03c4\u03b1\u03c3\u03ba\u03b5\u03c5\u03ae\u03c2\",\"description\":\"\u039c\u03b7\u03c7\u03b1\u03bd\u03ad\u03c2 \u0395\u03c0\u03b5\u03be\u03b5\u03c1\u03b3\u03b1\u03c3\u03af\u03b1\u03c2 \u03a3\u03ba\u03c5\u03c1\u03bf\u03b4\u03ad\u03bc\u03b1\u03c4\u03bf\u03c2 &amp; \u03a0\u03c1\u03bf\u03ba\u03b1\u03c4\u03b1\u03c3\u03ba\u03b5\u03c5\u03ae\u03c2\",\"publisher\":{\"@id\":\"https:\/\/abcon.gr\/fr\/#organization\"},\"potentialAction\":[{\"@type\":\"SearchAction\",\"target\":{\"@type\":\"EntryPoint\",\"urlTemplate\":\"https:\/\/abcon.gr\/fr\/?s={search_term_string}\"},\"query-input\":{\"@type\":\"PropertyValueSpecification\",\"valueRequired\":true,\"valueName\":\"search_term_string\"}}],\"inLanguage\":\"fr-FR\"},{\"@type\":\"Organization\",\"@id\":\"https:\/\/abcon.gr\/fr\/#organization\",\"name\":\"A.B.CON. - \u039c\u03b7\u03c7\u03b1\u03bd\u03ad\u03c2 \u0395\u03c0\u03b5\u03be\u03b5\u03c1\u03b3\u03b1\u03c3\u03af\u03b1\u03c2 \u03a3\u03ba\u03c5\u03c1\u03bf\u03b4\u03ad\u03bc\u03b1\u03c4\u03bf\u03c2 & \u03a0\u03c1\u03bf\u03ba\u03b1\u03c4\u03b1\u03c3\u03ba\u03b5\u03c5\u03ae\u03c2\",\"url\":\"https:\/\/abcon.gr\/fr\/\",\"logo\":{\"@type\":\"ImageObject\",\"inLanguage\":\"fr-FR\",\"@id\":\"https:\/\/abcon.gr\/fr\/#\/schema\/logo\/image\/\",\"url\":\"https:\/\/abcon.gr\/wp-content\/uploads\/2021\/04\/logo_150.png\",\"contentUrl\":\"https:\/\/abcon.gr\/wp-content\/uploads\/2021\/04\/logo_150.png\",\"width\":150,\"height\":74,\"caption\":\"A.B.CON. - \u039c\u03b7\u03c7\u03b1\u03bd\u03ad\u03c2 \u0395\u03c0\u03b5\u03be\u03b5\u03c1\u03b3\u03b1\u03c3\u03af\u03b1\u03c2 \u03a3\u03ba\u03c5\u03c1\u03bf\u03b4\u03ad\u03bc\u03b1\u03c4\u03bf\u03c2 & \u03a0\u03c1\u03bf\u03ba\u03b1\u03c4\u03b1\u03c3\u03ba\u03b5\u03c5\u03ae\u03c2\"},\"image\":{\"@id\":\"https:\/\/abcon.gr\/fr\/#\/schema\/logo\/image\/\"},\"sameAs\":[\"https:\/\/www.facebook.com\/Steel.Precast.Solutions.ABCON\/\"]}]}<\/script>\n<!-- \/ Yoast SEO plugin. -->","yoast_head_json":{"title":"Aiguilles vibrantes \u00e9lectriques H.F. avec convertisseur - A.B.CON.","robots":{"index":"index","follow":"follow","max-snippet":"max-snippet:-1","max-image-preview":"max-image-preview:large","max-video-preview":"max-video-preview:-1"},"canonical":"https:\/\/abcon.gr\/produit\/\u03b7\u03bb\u03b5\u03ba\u03c4\u03c1\u03b9\u03ba\u03b5\u03c3-\u03b4\u03bf\u03bd\u03b7\u03c4\u03b9\u03ba\u03b5\u03c3-\u03b2\u03b5\u03bb\u03bf\u03bd\u03b5\u03c3-h-f-\u03bc\u03b5-\u03bc\u03b5\u03c4\u03b1\/","og_locale":"fr_FR","og_type":"article","og_title":"Aiguilles vibrantes \u00e9lectriques H.F. avec convertisseur - A.B.CON.","og_description":"Pour la vibration ponctuelle du b\u00e9ton, lorsque la vibration au coffrage n\u2019est pas possible ou sur des chantiers d\u2019acc\u00e8s difficile, la solution est notre aiguille vibrante \u00e9lectrique \u00e0 H.F. avec convertisseur fonctionnant m\u00eame par courant monophas\u00e9 et sans entretien. Ces aiguilles vibrantes \u00e9lectriques \u00e0 H.F. sont form\u00e9es par une partie immerg\u00e9e avec moteur \u00e9lectrique sp\u00e9cial \u00e0 protection H, tuyau en caoutchouc antiabrasion de 5 m de long, c\u00e2ble d\u2019alimentation de 10 m, interrupteur en bo\u00eete \u00e9tanche, fiche CEE 42V \/ 32A. Toutes les aiguilles sont aliment\u00e9es par courant 42V \u2013 200Hz. Pour un bon refroidissement du moteur, lorsque l\u2019aiguille est en fonction, elle doit \u00eatre compl\u00e8tement plong\u00e9e dans le b\u00e9ton.  Pour alimenter l\u2019aiguille avec 400V \u2013 50Hz ou 230V - 50Hz, il faut utiliser un convertisseur de tension et fr\u00e9quence solide, maniable, de petites dimensions.","og_url":"https:\/\/abcon.gr\/produit\/\u03b7\u03bb\u03b5\u03ba\u03c4\u03c1\u03b9\u03ba\u03b5\u03c3-\u03b4\u03bf\u03bd\u03b7\u03c4\u03b9\u03ba\u03b5\u03c3-\u03b2\u03b5\u03bb\u03bf\u03bd\u03b5\u03c3-h-f-\u03bc\u03b5-\u03bc\u03b5\u03c4\u03b1\/","og_site_name":"A.B.CON.","article_publisher":"https:\/\/www.facebook.com\/Steel.Precast.Solutions.ABCON\/","og_image":[{"width":180,"height":149,"url":"https:\/\/abcon.gr\/wp-content\/uploads\/2018\/04\/Electrical-H.F.-vibrating-pokers-with-converter-1.jpg","type":"image\/jpeg"}],"twitter_card":"summary_large_image","schema":{"@context":"https:\/\/schema.org","@graph":[{"@type":"WebPage","@id":"https:\/\/abcon.gr\/produit\/%ce%b7%ce%bb%ce%b5%ce%ba%cf%84%cf%81%ce%b9%ce%ba%ce%b5%cf%83-%ce%b4%ce%bf%ce%bd%ce%b7%cf%84%ce%b9%ce%ba%ce%b5%cf%83-%ce%b2%ce%b5%ce%bb%ce%bf%ce%bd%ce%b5%cf%83-h-f-%ce%bc%ce%b5-%ce%bc%ce%b5%cf%84%ce%b1\/","url":"https:\/\/abcon.gr\/produit\/%ce%b7%ce%bb%ce%b5%ce%ba%cf%84%cf%81%ce%b9%ce%ba%ce%b5%cf%83-%ce%b4%ce%bf%ce%bd%ce%b7%cf%84%ce%b9%ce%ba%ce%b5%cf%83-%ce%b2%ce%b5%ce%bb%ce%bf%ce%bd%ce%b5%cf%83-h-f-%ce%bc%ce%b5-%ce%bc%ce%b5%cf%84%ce%b1\/","name":"Aiguilles vibrantes \u00e9lectriques H.F. avec convertisseur - A.B.CON.","isPartOf":{"@id":"https:\/\/abcon.gr\/fr\/#website"},"primaryImageOfPage":{"@id":"https:\/\/abcon.gr\/produit\/%ce%b7%ce%bb%ce%b5%ce%ba%cf%84%cf%81%ce%b9%ce%ba%ce%b5%cf%83-%ce%b4%ce%bf%ce%bd%ce%b7%cf%84%ce%b9%ce%ba%ce%b5%cf%83-%ce%b2%ce%b5%ce%bb%ce%bf%ce%bd%ce%b5%cf%83-h-f-%ce%bc%ce%b5-%ce%bc%ce%b5%cf%84%ce%b1\/#primaryimage"},"image":{"@id":"https:\/\/abcon.gr\/produit\/%ce%b7%ce%bb%ce%b5%ce%ba%cf%84%cf%81%ce%b9%ce%ba%ce%b5%cf%83-%ce%b4%ce%bf%ce%bd%ce%b7%cf%84%ce%b9%ce%ba%ce%b5%cf%83-%ce%b2%ce%b5%ce%bb%ce%bf%ce%bd%ce%b5%cf%83-h-f-%ce%bc%ce%b5-%ce%bc%ce%b5%cf%84%ce%b1\/#primaryimage"},"thumbnailUrl":"https:\/\/abcon.gr\/wp-content\/uploads\/2018\/04\/Electrical-H.F.-vibrating-pokers-with-converter-1.jpg","datePublished":"2018-04-03T07:56:19+00:00","breadcrumb":{"@id":"https:\/\/abcon.gr\/produit\/%ce%b7%ce%bb%ce%b5%ce%ba%cf%84%cf%81%ce%b9%ce%ba%ce%b5%cf%83-%ce%b4%ce%bf%ce%bd%ce%b7%cf%84%ce%b9%ce%ba%ce%b5%cf%83-%ce%b2%ce%b5%ce%bb%ce%bf%ce%bd%ce%b5%cf%83-h-f-%ce%bc%ce%b5-%ce%bc%ce%b5%cf%84%ce%b1\/#breadcrumb"},"inLanguage":"fr-FR","potentialAction":[{"@type":"ReadAction","target":["https:\/\/abcon.gr\/produit\/%ce%b7%ce%bb%ce%b5%ce%ba%cf%84%cf%81%ce%b9%ce%ba%ce%b5%cf%83-%ce%b4%ce%bf%ce%bd%ce%b7%cf%84%ce%b9%ce%ba%ce%b5%cf%83-%ce%b2%ce%b5%ce%bb%ce%bf%ce%bd%ce%b5%cf%83-h-f-%ce%bc%ce%b5-%ce%bc%ce%b5%cf%84%ce%b1\/"]}]},{"@type":"ImageObject","inLanguage":"fr-FR","@id":"https:\/\/abcon.gr\/produit\/%ce%b7%ce%bb%ce%b5%ce%ba%cf%84%cf%81%ce%b9%ce%ba%ce%b5%cf%83-%ce%b4%ce%bf%ce%bd%ce%b7%cf%84%ce%b9%ce%ba%ce%b5%cf%83-%ce%b2%ce%b5%ce%bb%ce%bf%ce%bd%ce%b5%cf%83-h-f-%ce%bc%ce%b5-%ce%bc%ce%b5%cf%84%ce%b1\/#primaryimage","url":"https:\/\/abcon.gr\/wp-content\/uploads\/2018\/04\/Electrical-H.F.-vibrating-pokers-with-converter-1.jpg","contentUrl":"https:\/\/abcon.gr\/wp-content\/uploads\/2018\/04\/Electrical-H.F.-vibrating-pokers-with-converter-1.jpg","width":180,"height":149,"caption":"Electrical H.F. vibrating pokers with converter 1"},{"@type":"BreadcrumbList","@id":"https:\/\/abcon.gr\/produit\/%ce%b7%ce%bb%ce%b5%ce%ba%cf%84%cf%81%ce%b9%ce%ba%ce%b5%cf%83-%ce%b4%ce%bf%ce%bd%ce%b7%cf%84%ce%b9%ce%ba%ce%b5%cf%83-%ce%b2%ce%b5%ce%bb%ce%bf%ce%bd%ce%b5%cf%83-h-f-%ce%bc%ce%b5-%ce%bc%ce%b5%cf%84%ce%b1\/#breadcrumb","itemListElement":[{"@type":"ListItem","position":1,"name":"\u0391\u03c1\u03c7\u03b9\u03ba\u03ae","item":"https:\/\/abcon.gr\/fr\/"},{"@type":"ListItem","position":2,"name":"\u039a\u03b1\u03c4\u03ac\u03c3\u03c4\u03b7\u03bc\u03b1","item":"https:\/\/abcon.gr\/fr\/%ce%ba%ce%b1%cf%84%ce%ac%cf%83%cf%84%ce%b7%ce%bc%ce%b1\/"},{"@type":"ListItem","position":3,"name":"Aiguilles vibrantes \u00e9lectriques H.F. avec convertisseur"}]},{"@type":"WebSite","@id":"https:\/\/abcon.gr\/fr\/#website","url":"https:\/\/abcon.gr\/fr\/","name":"A.B.CON. - \u039c\u03b7\u03c7\u03b1\u03bd\u03ad\u03c2 \u0395\u03c0\u03b5\u03be\u03b5\u03c1\u03b3\u03b1\u03c3\u03af\u03b1\u03c2 \u03a3\u03ba\u03c5\u03c1\u03bf\u03b4\u03ad\u03bc\u03b1\u03c4\u03bf\u03c2 & \u03a0\u03c1\u03bf\u03ba\u03b1\u03c4\u03b1\u03c3\u03ba\u03b5\u03c5\u03ae\u03c2","description":"\u039c\u03b7\u03c7\u03b1\u03bd\u03ad\u03c2 \u0395\u03c0\u03b5\u03be\u03b5\u03c1\u03b3\u03b1\u03c3\u03af\u03b1\u03c2 \u03a3\u03ba\u03c5\u03c1\u03bf\u03b4\u03ad\u03bc\u03b1\u03c4\u03bf\u03c2 &amp; \u03a0\u03c1\u03bf\u03ba\u03b1\u03c4\u03b1\u03c3\u03ba\u03b5\u03c5\u03ae\u03c2","publisher":{"@id":"https:\/\/abcon.gr\/fr\/#organization"},"potentialAction":[{"@type":"SearchAction","target":{"@type":"EntryPoint","urlTemplate":"https:\/\/abcon.gr\/fr\/?s={search_term_string}"},"query-input":{"@type":"PropertyValueSpecification","valueRequired":true,"valueName":"search_term_string"}}],"inLanguage":"fr-FR"},{"@type":"Organization","@id":"https:\/\/abcon.gr\/fr\/#organization","name":"A.B.CON. - \u039c\u03b7\u03c7\u03b1\u03bd\u03ad\u03c2 \u0395\u03c0\u03b5\u03be\u03b5\u03c1\u03b3\u03b1\u03c3\u03af\u03b1\u03c2 \u03a3\u03ba\u03c5\u03c1\u03bf\u03b4\u03ad\u03bc\u03b1\u03c4\u03bf\u03c2 & \u03a0\u03c1\u03bf\u03ba\u03b1\u03c4\u03b1\u03c3\u03ba\u03b5\u03c5\u03ae\u03c2","url":"https:\/\/abcon.gr\/fr\/","logo":{"@type":"ImageObject","inLanguage":"fr-FR","@id":"https:\/\/abcon.gr\/fr\/#\/schema\/logo\/image\/","url":"https:\/\/abcon.gr\/wp-content\/uploads\/2021\/04\/logo_150.png","contentUrl":"https:\/\/abcon.gr\/wp-content\/uploads\/2021\/04\/logo_150.png","width":150,"height":74,"caption":"A.B.CON. - \u039c\u03b7\u03c7\u03b1\u03bd\u03ad\u03c2 \u0395\u03c0\u03b5\u03be\u03b5\u03c1\u03b3\u03b1\u03c3\u03af\u03b1\u03c2 \u03a3\u03ba\u03c5\u03c1\u03bf\u03b4\u03ad\u03bc\u03b1\u03c4\u03bf\u03c2 & \u03a0\u03c1\u03bf\u03ba\u03b1\u03c4\u03b1\u03c3\u03ba\u03b5\u03c5\u03ae\u03c2"},"image":{"@id":"https:\/\/abcon.gr\/fr\/#\/schema\/logo\/image\/"},"sameAs":["https:\/\/www.facebook.com\/Steel.Precast.Solutions.ABCON\/"]}]}},"_links":{"self":[{"href":"https:\/\/abcon.gr\/fr\/wp-json\/wp\/v2\/product\/8837","targetHints":{"allow":["GET"]}}],"collection":[{"href":"https:\/\/abcon.gr\/fr\/wp-json\/wp\/v2\/product"}],"about":[{"href":"https:\/\/abcon.gr\/fr\/wp-json\/wp\/v2\/types\/product"}],"wp:featuredmedia":[{"embeddable":true,"href":"https:\/\/abcon.gr\/fr\/wp-json\/wp\/v2\/media\/4553"}],"wp:attachment":[{"href":"https:\/\/abcon.gr\/fr\/wp-json\/wp\/v2\/media?parent=8837"}],"wp:term":[{"taxonomy":"product_brand","embeddable":true,"href":"https:\/\/abcon.gr\/fr\/wp-json\/wp\/v2\/product_brand?post=8837"},{"taxonomy":"product_cat","embeddable":true,"href":"https:\/\/abcon.gr\/fr\/wp-json\/wp\/v2\/product_cat?post=8837"},{"taxonomy":"product_tag","embeddable":true,"href":"https:\/\/abcon.gr\/fr\/wp-json\/wp\/v2\/product_tag?post=8837"}],"curies":[{"name":"wp","href":"https:\/\/api.w.org\/{rel}","templated":true}]}}