{"id":8830,"date":"2018-04-03T10:44:26","date_gmt":"2018-04-03T07:44:26","guid":{"rendered":"http:\/\/test3.aenima.grproduct\/vibrateurs-electriques-a-frequence-de-reseau\/"},"modified":"2018-04-03T10:44:26","modified_gmt":"2018-04-03T07:44:26","slug":"vibrateurs-electriques-a-frequence-de-reseau","status":"publish","type":"product","link":"https:\/\/abcon.gr\/fr\/produit\/vibrateurs-electriques-a-frequence-de-reseau\/","title":{"rendered":"Vibrateurs \u00e9lectriques \u00e0 fr\u00e9quence de r\u00e9seau"},"content":{"rendered":"","protected":false},"excerpt":{"rendered":"<p>Pour la pr\u00e9fabrication de petits objets, dans les installations industrielles, sur tables vibrantes, le vibrateur \u00e9lectrique \u00e0 fr\u00e9quence standard est la solution id\u00e9ale.<br \/>\nR\u00e9alis\u00e9s avec moteurs asynchrones triphas\u00e9s, support\u00e9s par une robuste ossature et assembl\u00e9s pour une protection IP 65.7, ils sont \u00e0 m\u00eame de satisfaire d\u00e9finitivement toute exigence de vibration.<br \/>\nLes vibrateurs de la s\u00e9rie BF satisfont presque toutes les applications de vibration industrielle.<\/p>\n","protected":false},"featured_media":6520,"template":"","meta":{"_exactmetrics_skip_tracking":false,"_exactmetrics_sitenote_active":false,"_exactmetrics_sitenote_note":"","_exactmetrics_sitenote_category":0},"product_brand":[],"product_cat":[214,239,247],"product_tag":[325],"class_list":{"0":"post-8830","1":"product","2":"type-product","3":"status-publish","4":"has-post-thumbnail","6":"product_cat-equipement-precast","7":"product_cat-vibrateurs","8":"product_cat-vibrations-electiques","9":"product_tag-bianchi-fr","11":"first","12":"instock","13":"shipping-taxable","14":"product-type-simple"},"yoast_head":"<!-- This site is optimized with the Yoast SEO plugin v26.8 - https:\/\/yoast.com\/product\/yoast-seo-wordpress\/ -->\n<title>Vibrateurs \u00e9lectriques \u00e0 fr\u00e9quence de r\u00e9seau - A.B.CON.<\/title>\n<meta name=\"robots\" content=\"index, follow, max-snippet:-1, max-image-preview:large, max-video-preview:-1\" \/>\n<link rel=\"canonical\" href=\"https:\/\/abcon.gr\/produit\/\u03b7\u03bb\u03b5\u03ba\u03c4\u03c1\u03b9\u03ba\u03bf\u03c3-\u03b4\u03bf\u03bd\u03b7\u03c4\u03b7\u03c3-\u03c3\u03c5\u03c7\u03bd\u03bf\u03c4\u03b7\u03c4\u03b1\u03c3-\u03b4\u03b9\u03ba\u03c4\u03c5\/\" \/>\n<meta property=\"og:locale\" content=\"fr_FR\" \/>\n<meta property=\"og:type\" content=\"article\" \/>\n<meta property=\"og:title\" content=\"Vibrateurs \u00e9lectriques \u00e0 fr\u00e9quence de r\u00e9seau - A.B.CON.\" \/>\n<meta property=\"og:description\" content=\"Pour la pr\u00e9fabrication de petits objets, dans les installations industrielles, sur tables vibrantes, le vibrateur \u00e9lectrique \u00e0 fr\u00e9quence standard est la solution id\u00e9ale. R\u00e9alis\u00e9s avec moteurs asynchrones triphas\u00e9s, support\u00e9s par une robuste ossature et assembl\u00e9s pour une protection IP 65.7, ils sont \u00e0 m\u00eame de satisfaire d\u00e9finitivement toute exigence de vibration. Les vibrateurs de la s\u00e9rie BF satisfont presque toutes les applications de vibration industrielle.\" \/>\n<meta property=\"og:url\" content=\"https:\/\/abcon.gr\/produit\/\u03b7\u03bb\u03b5\u03ba\u03c4\u03c1\u03b9\u03ba\u03bf\u03c3-\u03b4\u03bf\u03bd\u03b7\u03c4\u03b7\u03c3-\u03c3\u03c5\u03c7\u03bd\u03bf\u03c4\u03b7\u03c4\u03b1\u03c3-\u03b4\u03b9\u03ba\u03c4\u03c5\/\" \/>\n<meta property=\"og:site_name\" content=\"A.B.CON.\" \/>\n<meta property=\"article:publisher\" content=\"https:\/\/www.facebook.com\/Steel.Precast.Solutions.ABCON\/\" \/>\n<meta property=\"og:image\" content=\"https:\/\/abcon.gr\/wp-content\/uploads\/2018\/04\/Network-Frequency-electric-vibrator.jpg\" \/>\n\t<meta property=\"og:image:width\" content=\"180\" \/>\n\t<meta property=\"og:image:height\" content=\"135\" \/>\n\t<meta property=\"og:image:type\" content=\"image\/jpeg\" \/>\n<meta name=\"twitter:card\" content=\"summary_large_image\" \/>\n<script type=\"application\/ld+json\" class=\"yoast-schema-graph\">{\"@context\":\"https:\/\/schema.org\",\"@graph\":[{\"@type\":\"WebPage\",\"@id\":\"https:\/\/abcon.gr\/produit\/%ce%b7%ce%bb%ce%b5%ce%ba%cf%84%cf%81%ce%b9%ce%ba%ce%bf%cf%83-%ce%b4%ce%bf%ce%bd%ce%b7%cf%84%ce%b7%cf%83-%cf%83%cf%85%cf%87%ce%bd%ce%bf%cf%84%ce%b7%cf%84%ce%b1%cf%83-%ce%b4%ce%b9%ce%ba%cf%84%cf%85\/\",\"url\":\"https:\/\/abcon.gr\/produit\/%ce%b7%ce%bb%ce%b5%ce%ba%cf%84%cf%81%ce%b9%ce%ba%ce%bf%cf%83-%ce%b4%ce%bf%ce%bd%ce%b7%cf%84%ce%b7%cf%83-%cf%83%cf%85%cf%87%ce%bd%ce%bf%cf%84%ce%b7%cf%84%ce%b1%cf%83-%ce%b4%ce%b9%ce%ba%cf%84%cf%85\/\",\"name\":\"Vibrateurs \u00e9lectriques \u00e0 fr\u00e9quence de r\u00e9seau - A.B.CON.\",\"isPartOf\":{\"@id\":\"https:\/\/abcon.gr\/fr\/#website\"},\"primaryImageOfPage\":{\"@id\":\"https:\/\/abcon.gr\/produit\/%ce%b7%ce%bb%ce%b5%ce%ba%cf%84%cf%81%ce%b9%ce%ba%ce%bf%cf%83-%ce%b4%ce%bf%ce%bd%ce%b7%cf%84%ce%b7%cf%83-%cf%83%cf%85%cf%87%ce%bd%ce%bf%cf%84%ce%b7%cf%84%ce%b1%cf%83-%ce%b4%ce%b9%ce%ba%cf%84%cf%85\/#primaryimage\"},\"image\":{\"@id\":\"https:\/\/abcon.gr\/produit\/%ce%b7%ce%bb%ce%b5%ce%ba%cf%84%cf%81%ce%b9%ce%ba%ce%bf%cf%83-%ce%b4%ce%bf%ce%bd%ce%b7%cf%84%ce%b7%cf%83-%cf%83%cf%85%cf%87%ce%bd%ce%bf%cf%84%ce%b7%cf%84%ce%b1%cf%83-%ce%b4%ce%b9%ce%ba%cf%84%cf%85\/#primaryimage\"},\"thumbnailUrl\":\"https:\/\/abcon.gr\/wp-content\/uploads\/2018\/04\/Network-Frequency-electric-vibrator.jpg\",\"datePublished\":\"2018-04-03T07:44:26+00:00\",\"breadcrumb\":{\"@id\":\"https:\/\/abcon.gr\/produit\/%ce%b7%ce%bb%ce%b5%ce%ba%cf%84%cf%81%ce%b9%ce%ba%ce%bf%cf%83-%ce%b4%ce%bf%ce%bd%ce%b7%cf%84%ce%b7%cf%83-%cf%83%cf%85%cf%87%ce%bd%ce%bf%cf%84%ce%b7%cf%84%ce%b1%cf%83-%ce%b4%ce%b9%ce%ba%cf%84%cf%85\/#breadcrumb\"},\"inLanguage\":\"fr-FR\",\"potentialAction\":[{\"@type\":\"ReadAction\",\"target\":[\"https:\/\/abcon.gr\/produit\/%ce%b7%ce%bb%ce%b5%ce%ba%cf%84%cf%81%ce%b9%ce%ba%ce%bf%cf%83-%ce%b4%ce%bf%ce%bd%ce%b7%cf%84%ce%b7%cf%83-%cf%83%cf%85%cf%87%ce%bd%ce%bf%cf%84%ce%b7%cf%84%ce%b1%cf%83-%ce%b4%ce%b9%ce%ba%cf%84%cf%85\/\"]}]},{\"@type\":\"ImageObject\",\"inLanguage\":\"fr-FR\",\"@id\":\"https:\/\/abcon.gr\/produit\/%ce%b7%ce%bb%ce%b5%ce%ba%cf%84%cf%81%ce%b9%ce%ba%ce%bf%cf%83-%ce%b4%ce%bf%ce%bd%ce%b7%cf%84%ce%b7%cf%83-%cf%83%cf%85%cf%87%ce%bd%ce%bf%cf%84%ce%b7%cf%84%ce%b1%cf%83-%ce%b4%ce%b9%ce%ba%cf%84%cf%85\/#primaryimage\",\"url\":\"https:\/\/abcon.gr\/wp-content\/uploads\/2018\/04\/Network-Frequency-electric-vibrator.jpg\",\"contentUrl\":\"https:\/\/abcon.gr\/wp-content\/uploads\/2018\/04\/Network-Frequency-electric-vibrator.jpg\",\"width\":180,\"height\":135,\"caption\":\"Network Frequency electric vibrator\"},{\"@type\":\"BreadcrumbList\",\"@id\":\"https:\/\/abcon.gr\/produit\/%ce%b7%ce%bb%ce%b5%ce%ba%cf%84%cf%81%ce%b9%ce%ba%ce%bf%cf%83-%ce%b4%ce%bf%ce%bd%ce%b7%cf%84%ce%b7%cf%83-%cf%83%cf%85%cf%87%ce%bd%ce%bf%cf%84%ce%b7%cf%84%ce%b1%cf%83-%ce%b4%ce%b9%ce%ba%cf%84%cf%85\/#breadcrumb\",\"itemListElement\":[{\"@type\":\"ListItem\",\"position\":1,\"name\":\"\u0391\u03c1\u03c7\u03b9\u03ba\u03ae\",\"item\":\"https:\/\/abcon.gr\/fr\/\"},{\"@type\":\"ListItem\",\"position\":2,\"name\":\"\u039a\u03b1\u03c4\u03ac\u03c3\u03c4\u03b7\u03bc\u03b1\",\"item\":\"https:\/\/abcon.gr\/fr\/%ce%ba%ce%b1%cf%84%ce%ac%cf%83%cf%84%ce%b7%ce%bc%ce%b1\/\"},{\"@type\":\"ListItem\",\"position\":3,\"name\":\"Vibrateurs \u00e9lectriques \u00e0 fr\u00e9quence de r\u00e9seau\"}]},{\"@type\":\"WebSite\",\"@id\":\"https:\/\/abcon.gr\/fr\/#website\",\"url\":\"https:\/\/abcon.gr\/fr\/\",\"name\":\"A.B.CON. - \u039c\u03b7\u03c7\u03b1\u03bd\u03ad\u03c2 \u0395\u03c0\u03b5\u03be\u03b5\u03c1\u03b3\u03b1\u03c3\u03af\u03b1\u03c2 \u03a3\u03ba\u03c5\u03c1\u03bf\u03b4\u03ad\u03bc\u03b1\u03c4\u03bf\u03c2 & \u03a0\u03c1\u03bf\u03ba\u03b1\u03c4\u03b1\u03c3\u03ba\u03b5\u03c5\u03ae\u03c2\",\"description\":\"\u039c\u03b7\u03c7\u03b1\u03bd\u03ad\u03c2 \u0395\u03c0\u03b5\u03be\u03b5\u03c1\u03b3\u03b1\u03c3\u03af\u03b1\u03c2 \u03a3\u03ba\u03c5\u03c1\u03bf\u03b4\u03ad\u03bc\u03b1\u03c4\u03bf\u03c2 &amp; \u03a0\u03c1\u03bf\u03ba\u03b1\u03c4\u03b1\u03c3\u03ba\u03b5\u03c5\u03ae\u03c2\",\"publisher\":{\"@id\":\"https:\/\/abcon.gr\/fr\/#organization\"},\"potentialAction\":[{\"@type\":\"SearchAction\",\"target\":{\"@type\":\"EntryPoint\",\"urlTemplate\":\"https:\/\/abcon.gr\/fr\/?s={search_term_string}\"},\"query-input\":{\"@type\":\"PropertyValueSpecification\",\"valueRequired\":true,\"valueName\":\"search_term_string\"}}],\"inLanguage\":\"fr-FR\"},{\"@type\":\"Organization\",\"@id\":\"https:\/\/abcon.gr\/fr\/#organization\",\"name\":\"A.B.CON. - \u039c\u03b7\u03c7\u03b1\u03bd\u03ad\u03c2 \u0395\u03c0\u03b5\u03be\u03b5\u03c1\u03b3\u03b1\u03c3\u03af\u03b1\u03c2 \u03a3\u03ba\u03c5\u03c1\u03bf\u03b4\u03ad\u03bc\u03b1\u03c4\u03bf\u03c2 & \u03a0\u03c1\u03bf\u03ba\u03b1\u03c4\u03b1\u03c3\u03ba\u03b5\u03c5\u03ae\u03c2\",\"url\":\"https:\/\/abcon.gr\/fr\/\",\"logo\":{\"@type\":\"ImageObject\",\"inLanguage\":\"fr-FR\",\"@id\":\"https:\/\/abcon.gr\/fr\/#\/schema\/logo\/image\/\",\"url\":\"https:\/\/abcon.gr\/wp-content\/uploads\/2021\/04\/logo_150.png\",\"contentUrl\":\"https:\/\/abcon.gr\/wp-content\/uploads\/2021\/04\/logo_150.png\",\"width\":150,\"height\":74,\"caption\":\"A.B.CON. - \u039c\u03b7\u03c7\u03b1\u03bd\u03ad\u03c2 \u0395\u03c0\u03b5\u03be\u03b5\u03c1\u03b3\u03b1\u03c3\u03af\u03b1\u03c2 \u03a3\u03ba\u03c5\u03c1\u03bf\u03b4\u03ad\u03bc\u03b1\u03c4\u03bf\u03c2 & \u03a0\u03c1\u03bf\u03ba\u03b1\u03c4\u03b1\u03c3\u03ba\u03b5\u03c5\u03ae\u03c2\"},\"image\":{\"@id\":\"https:\/\/abcon.gr\/fr\/#\/schema\/logo\/image\/\"},\"sameAs\":[\"https:\/\/www.facebook.com\/Steel.Precast.Solutions.ABCON\/\"]}]}<\/script>\n<!-- \/ Yoast SEO plugin. -->","yoast_head_json":{"title":"Vibrateurs \u00e9lectriques \u00e0 fr\u00e9quence de r\u00e9seau - A.B.CON.","robots":{"index":"index","follow":"follow","max-snippet":"max-snippet:-1","max-image-preview":"max-image-preview:large","max-video-preview":"max-video-preview:-1"},"canonical":"https:\/\/abcon.gr\/produit\/\u03b7\u03bb\u03b5\u03ba\u03c4\u03c1\u03b9\u03ba\u03bf\u03c3-\u03b4\u03bf\u03bd\u03b7\u03c4\u03b7\u03c3-\u03c3\u03c5\u03c7\u03bd\u03bf\u03c4\u03b7\u03c4\u03b1\u03c3-\u03b4\u03b9\u03ba\u03c4\u03c5\/","og_locale":"fr_FR","og_type":"article","og_title":"Vibrateurs \u00e9lectriques \u00e0 fr\u00e9quence de r\u00e9seau - A.B.CON.","og_description":"Pour la pr\u00e9fabrication de petits objets, dans les installations industrielles, sur tables vibrantes, le vibrateur \u00e9lectrique \u00e0 fr\u00e9quence standard est la solution id\u00e9ale. R\u00e9alis\u00e9s avec moteurs asynchrones triphas\u00e9s, support\u00e9s par une robuste ossature et assembl\u00e9s pour une protection IP 65.7, ils sont \u00e0 m\u00eame de satisfaire d\u00e9finitivement toute exigence de vibration. Les vibrateurs de la s\u00e9rie BF satisfont presque toutes les applications de vibration industrielle.","og_url":"https:\/\/abcon.gr\/produit\/\u03b7\u03bb\u03b5\u03ba\u03c4\u03c1\u03b9\u03ba\u03bf\u03c3-\u03b4\u03bf\u03bd\u03b7\u03c4\u03b7\u03c3-\u03c3\u03c5\u03c7\u03bd\u03bf\u03c4\u03b7\u03c4\u03b1\u03c3-\u03b4\u03b9\u03ba\u03c4\u03c5\/","og_site_name":"A.B.CON.","article_publisher":"https:\/\/www.facebook.com\/Steel.Precast.Solutions.ABCON\/","og_image":[{"width":180,"height":135,"url":"https:\/\/abcon.gr\/wp-content\/uploads\/2018\/04\/Network-Frequency-electric-vibrator.jpg","type":"image\/jpeg"}],"twitter_card":"summary_large_image","schema":{"@context":"https:\/\/schema.org","@graph":[{"@type":"WebPage","@id":"https:\/\/abcon.gr\/produit\/%ce%b7%ce%bb%ce%b5%ce%ba%cf%84%cf%81%ce%b9%ce%ba%ce%bf%cf%83-%ce%b4%ce%bf%ce%bd%ce%b7%cf%84%ce%b7%cf%83-%cf%83%cf%85%cf%87%ce%bd%ce%bf%cf%84%ce%b7%cf%84%ce%b1%cf%83-%ce%b4%ce%b9%ce%ba%cf%84%cf%85\/","url":"https:\/\/abcon.gr\/produit\/%ce%b7%ce%bb%ce%b5%ce%ba%cf%84%cf%81%ce%b9%ce%ba%ce%bf%cf%83-%ce%b4%ce%bf%ce%bd%ce%b7%cf%84%ce%b7%cf%83-%cf%83%cf%85%cf%87%ce%bd%ce%bf%cf%84%ce%b7%cf%84%ce%b1%cf%83-%ce%b4%ce%b9%ce%ba%cf%84%cf%85\/","name":"Vibrateurs \u00e9lectriques \u00e0 fr\u00e9quence de r\u00e9seau - A.B.CON.","isPartOf":{"@id":"https:\/\/abcon.gr\/fr\/#website"},"primaryImageOfPage":{"@id":"https:\/\/abcon.gr\/produit\/%ce%b7%ce%bb%ce%b5%ce%ba%cf%84%cf%81%ce%b9%ce%ba%ce%bf%cf%83-%ce%b4%ce%bf%ce%bd%ce%b7%cf%84%ce%b7%cf%83-%cf%83%cf%85%cf%87%ce%bd%ce%bf%cf%84%ce%b7%cf%84%ce%b1%cf%83-%ce%b4%ce%b9%ce%ba%cf%84%cf%85\/#primaryimage"},"image":{"@id":"https:\/\/abcon.gr\/produit\/%ce%b7%ce%bb%ce%b5%ce%ba%cf%84%cf%81%ce%b9%ce%ba%ce%bf%cf%83-%ce%b4%ce%bf%ce%bd%ce%b7%cf%84%ce%b7%cf%83-%cf%83%cf%85%cf%87%ce%bd%ce%bf%cf%84%ce%b7%cf%84%ce%b1%cf%83-%ce%b4%ce%b9%ce%ba%cf%84%cf%85\/#primaryimage"},"thumbnailUrl":"https:\/\/abcon.gr\/wp-content\/uploads\/2018\/04\/Network-Frequency-electric-vibrator.jpg","datePublished":"2018-04-03T07:44:26+00:00","breadcrumb":{"@id":"https:\/\/abcon.gr\/produit\/%ce%b7%ce%bb%ce%b5%ce%ba%cf%84%cf%81%ce%b9%ce%ba%ce%bf%cf%83-%ce%b4%ce%bf%ce%bd%ce%b7%cf%84%ce%b7%cf%83-%cf%83%cf%85%cf%87%ce%bd%ce%bf%cf%84%ce%b7%cf%84%ce%b1%cf%83-%ce%b4%ce%b9%ce%ba%cf%84%cf%85\/#breadcrumb"},"inLanguage":"fr-FR","potentialAction":[{"@type":"ReadAction","target":["https:\/\/abcon.gr\/produit\/%ce%b7%ce%bb%ce%b5%ce%ba%cf%84%cf%81%ce%b9%ce%ba%ce%bf%cf%83-%ce%b4%ce%bf%ce%bd%ce%b7%cf%84%ce%b7%cf%83-%cf%83%cf%85%cf%87%ce%bd%ce%bf%cf%84%ce%b7%cf%84%ce%b1%cf%83-%ce%b4%ce%b9%ce%ba%cf%84%cf%85\/"]}]},{"@type":"ImageObject","inLanguage":"fr-FR","@id":"https:\/\/abcon.gr\/produit\/%ce%b7%ce%bb%ce%b5%ce%ba%cf%84%cf%81%ce%b9%ce%ba%ce%bf%cf%83-%ce%b4%ce%bf%ce%bd%ce%b7%cf%84%ce%b7%cf%83-%cf%83%cf%85%cf%87%ce%bd%ce%bf%cf%84%ce%b7%cf%84%ce%b1%cf%83-%ce%b4%ce%b9%ce%ba%cf%84%cf%85\/#primaryimage","url":"https:\/\/abcon.gr\/wp-content\/uploads\/2018\/04\/Network-Frequency-electric-vibrator.jpg","contentUrl":"https:\/\/abcon.gr\/wp-content\/uploads\/2018\/04\/Network-Frequency-electric-vibrator.jpg","width":180,"height":135,"caption":"Network Frequency electric vibrator"},{"@type":"BreadcrumbList","@id":"https:\/\/abcon.gr\/produit\/%ce%b7%ce%bb%ce%b5%ce%ba%cf%84%cf%81%ce%b9%ce%ba%ce%bf%cf%83-%ce%b4%ce%bf%ce%bd%ce%b7%cf%84%ce%b7%cf%83-%cf%83%cf%85%cf%87%ce%bd%ce%bf%cf%84%ce%b7%cf%84%ce%b1%cf%83-%ce%b4%ce%b9%ce%ba%cf%84%cf%85\/#breadcrumb","itemListElement":[{"@type":"ListItem","position":1,"name":"\u0391\u03c1\u03c7\u03b9\u03ba\u03ae","item":"https:\/\/abcon.gr\/fr\/"},{"@type":"ListItem","position":2,"name":"\u039a\u03b1\u03c4\u03ac\u03c3\u03c4\u03b7\u03bc\u03b1","item":"https:\/\/abcon.gr\/fr\/%ce%ba%ce%b1%cf%84%ce%ac%cf%83%cf%84%ce%b7%ce%bc%ce%b1\/"},{"@type":"ListItem","position":3,"name":"Vibrateurs \u00e9lectriques \u00e0 fr\u00e9quence de r\u00e9seau"}]},{"@type":"WebSite","@id":"https:\/\/abcon.gr\/fr\/#website","url":"https:\/\/abcon.gr\/fr\/","name":"A.B.CON. - \u039c\u03b7\u03c7\u03b1\u03bd\u03ad\u03c2 \u0395\u03c0\u03b5\u03be\u03b5\u03c1\u03b3\u03b1\u03c3\u03af\u03b1\u03c2 \u03a3\u03ba\u03c5\u03c1\u03bf\u03b4\u03ad\u03bc\u03b1\u03c4\u03bf\u03c2 & \u03a0\u03c1\u03bf\u03ba\u03b1\u03c4\u03b1\u03c3\u03ba\u03b5\u03c5\u03ae\u03c2","description":"\u039c\u03b7\u03c7\u03b1\u03bd\u03ad\u03c2 \u0395\u03c0\u03b5\u03be\u03b5\u03c1\u03b3\u03b1\u03c3\u03af\u03b1\u03c2 \u03a3\u03ba\u03c5\u03c1\u03bf\u03b4\u03ad\u03bc\u03b1\u03c4\u03bf\u03c2 &amp; \u03a0\u03c1\u03bf\u03ba\u03b1\u03c4\u03b1\u03c3\u03ba\u03b5\u03c5\u03ae\u03c2","publisher":{"@id":"https:\/\/abcon.gr\/fr\/#organization"},"potentialAction":[{"@type":"SearchAction","target":{"@type":"EntryPoint","urlTemplate":"https:\/\/abcon.gr\/fr\/?s={search_term_string}"},"query-input":{"@type":"PropertyValueSpecification","valueRequired":true,"valueName":"search_term_string"}}],"inLanguage":"fr-FR"},{"@type":"Organization","@id":"https:\/\/abcon.gr\/fr\/#organization","name":"A.B.CON. - \u039c\u03b7\u03c7\u03b1\u03bd\u03ad\u03c2 \u0395\u03c0\u03b5\u03be\u03b5\u03c1\u03b3\u03b1\u03c3\u03af\u03b1\u03c2 \u03a3\u03ba\u03c5\u03c1\u03bf\u03b4\u03ad\u03bc\u03b1\u03c4\u03bf\u03c2 & \u03a0\u03c1\u03bf\u03ba\u03b1\u03c4\u03b1\u03c3\u03ba\u03b5\u03c5\u03ae\u03c2","url":"https:\/\/abcon.gr\/fr\/","logo":{"@type":"ImageObject","inLanguage":"fr-FR","@id":"https:\/\/abcon.gr\/fr\/#\/schema\/logo\/image\/","url":"https:\/\/abcon.gr\/wp-content\/uploads\/2021\/04\/logo_150.png","contentUrl":"https:\/\/abcon.gr\/wp-content\/uploads\/2021\/04\/logo_150.png","width":150,"height":74,"caption":"A.B.CON. - \u039c\u03b7\u03c7\u03b1\u03bd\u03ad\u03c2 \u0395\u03c0\u03b5\u03be\u03b5\u03c1\u03b3\u03b1\u03c3\u03af\u03b1\u03c2 \u03a3\u03ba\u03c5\u03c1\u03bf\u03b4\u03ad\u03bc\u03b1\u03c4\u03bf\u03c2 & \u03a0\u03c1\u03bf\u03ba\u03b1\u03c4\u03b1\u03c3\u03ba\u03b5\u03c5\u03ae\u03c2"},"image":{"@id":"https:\/\/abcon.gr\/fr\/#\/schema\/logo\/image\/"},"sameAs":["https:\/\/www.facebook.com\/Steel.Precast.Solutions.ABCON\/"]}]}},"_links":{"self":[{"href":"https:\/\/abcon.gr\/fr\/wp-json\/wp\/v2\/product\/8830","targetHints":{"allow":["GET"]}}],"collection":[{"href":"https:\/\/abcon.gr\/fr\/wp-json\/wp\/v2\/product"}],"about":[{"href":"https:\/\/abcon.gr\/fr\/wp-json\/wp\/v2\/types\/product"}],"wp:featuredmedia":[{"embeddable":true,"href":"https:\/\/abcon.gr\/fr\/wp-json\/wp\/v2\/media\/6520"}],"wp:attachment":[{"href":"https:\/\/abcon.gr\/fr\/wp-json\/wp\/v2\/media?parent=8830"}],"wp:term":[{"taxonomy":"product_brand","embeddable":true,"href":"https:\/\/abcon.gr\/fr\/wp-json\/wp\/v2\/product_brand?post=8830"},{"taxonomy":"product_cat","embeddable":true,"href":"https:\/\/abcon.gr\/fr\/wp-json\/wp\/v2\/product_cat?post=8830"},{"taxonomy":"product_tag","embeddable":true,"href":"https:\/\/abcon.gr\/fr\/wp-json\/wp\/v2\/product_tag?post=8830"}],"curies":[{"name":"wp","href":"https:\/\/api.w.org\/{rel}","templated":true}]}}