{"id":8827,"date":"2018-04-03T10:46:37","date_gmt":"2018-04-03T07:46:37","guid":{"rendered":"http:\/\/test3.aenima.grproduct\/vibrateur-a-frequence-variable-avec-fixation-a-berceau-et-a-plaque\/"},"modified":"2018-04-03T10:46:37","modified_gmt":"2018-04-03T07:46:37","slug":"vibrateur-a-frequence-variable-avec-fixation-a-berceau-et-a-plaque","status":"publish","type":"product","link":"https:\/\/abcon.gr\/fr\/produit\/vibrateur-a-frequence-variable-avec-fixation-a-berceau-et-a-plaque\/","title":{"rendered":"Vibrateur \u00e0 frequence variable avec fixation \u00e0 berceau et \u00e0 plaque"},"content":{"rendered":"","protected":false},"excerpt":{"rendered":"<p>Les vibrateurs s\u00e9rie VFP\/VFC \u00e0 fr\u00e9quence variable sont utilis\u00e9s sur les coffrages ou sur les tables vibrantes pour la production d\u2019\u00e9l\u00e9ments pr\u00e9fabriqu\u00e9s, ayant des vibrations \u00e0 haute fr\u00e9quence perfectionn\u00e9es par un r\u00e9glage pr\u00e9cis de la vitesse.<br \/>\nCeci permet un rendement optimal de l\u2019installation et un abaissement remarquable du bruit par rapport aux syst\u00e8mes traditionnels.<br \/>\nLes vibrateurs s\u00e9rie VFP\/VFC peuvent \u00eatre produits avec des masses &lsquo;auto-d\u00e9phasantes&rsquo; pour une vibration dif\u00e9renci\u00e9e entre le remplissage du coffrage et la finition de l\u2019\u00e9l\u00e9ment pr\u00e9fabriqu\u00e9.<\/p>\n<p>ALIMENTATION TRIPHASEE<br \/>\nEn alimentation standard:<br \/>\n&#8211; 2 P\u00f4les &#8211; 42V &#8211; 0-100 Hz\u2013 0 &#8211; 6 000 rpm<br \/>\n&#8211; 4 P\u00f4les &#8211; 400V &#8211; 0-100 Hz \u2013 0 \u2013 6 000 rpm<\/p>\n<p>VARIATEUR DE FREQUENCE (INVERTISSEUR)<br \/>\nLes vibrateurs s\u00e9rie VFP\/VFC peuvent \u00eatre command\u00e9s par n\u2019importe quel type d\u2019invertisseur type PWM \u00e0 couple constant.<\/p>\n<p>Sur demande, Bianchi Casseforme est en mesure de fournir des installations de vibration informatis\u00e9es.<\/p>\n<p>&nbsp;<\/p>\n","protected":false},"featured_media":4547,"template":"","meta":{"_exactmetrics_skip_tracking":false,"_exactmetrics_sitenote_active":false,"_exactmetrics_sitenote_note":"","_exactmetrics_sitenote_category":0},"product_brand":[],"product_cat":[214,239,247],"product_tag":[325],"class_list":{"0":"post-8827","1":"product","2":"type-product","3":"status-publish","4":"has-post-thumbnail","6":"product_cat-equipement-precast","7":"product_cat-vibrateurs","8":"product_cat-vibrations-electiques","9":"product_tag-bianchi-fr","11":"first","12":"instock","13":"shipping-taxable","14":"product-type-simple"},"yoast_head":"<!-- This site is optimized with the Yoast SEO plugin v26.8 - https:\/\/yoast.com\/product\/yoast-seo-wordpress\/ -->\n<title>Vibrateur \u00e0 frequence variable avec fixation \u00e0 berceau et \u00e0 plaque - A.B.CON.<\/title>\n<meta name=\"robots\" content=\"index, follow, max-snippet:-1, max-image-preview:large, max-video-preview:-1\" \/>\n<link rel=\"canonical\" href=\"https:\/\/abcon.gr\/produit\/\u03b4\u03bf\u03bd\u03b7\u03c4\u03b5\u03c3-\u03bc\u03b5\u03c4\u03b1\u03b2\u03bb\u03b7\u03c4\u03b7\u03c3-\u03c3\u03c5\u03c7\u03bd\u03bf\u03c4\u03b7\u03c4\u03b1\u03c3-\u03bc\u03b5-\u03c3\u03c4\u03b5\/\" \/>\n<meta property=\"og:locale\" content=\"fr_FR\" \/>\n<meta property=\"og:type\" content=\"article\" \/>\n<meta property=\"og:title\" content=\"Vibrateur \u00e0 frequence variable avec fixation \u00e0 berceau et \u00e0 plaque - A.B.CON.\" \/>\n<meta property=\"og:description\" content=\"Les vibrateurs s\u00e9rie VFP\/VFC \u00e0 fr\u00e9quence variable sont utilis\u00e9s sur les coffrages ou sur les tables vibrantes pour la production d\u2019\u00e9l\u00e9ments pr\u00e9fabriqu\u00e9s, ayant des vibrations \u00e0 haute fr\u00e9quence perfectionn\u00e9es par un r\u00e9glage pr\u00e9cis de la vitesse. Ceci permet un rendement optimal de l\u2019installation et un abaissement remarquable du bruit par rapport aux syst\u00e8mes traditionnels. Les vibrateurs s\u00e9rie VFP\/VFC peuvent \u00eatre produits avec des masses &#039;auto-d\u00e9phasantes&#039; pour une vibration dif\u00e9renci\u00e9e entre le remplissage du coffrage et la finition de l\u2019\u00e9l\u00e9ment pr\u00e9fabriqu\u00e9.  ALIMENTATION TRIPHASEE En alimentation standard: - 2 P\u00f4les - 42V - 0-100 Hz\u2013 0 - 6 000 rpm - 4 P\u00f4les - 400V - 0-100 Hz \u2013 0 \u2013 6 000 rpm  VARIATEUR DE FREQUENCE (INVERTISSEUR) Les vibrateurs s\u00e9rie VFP\/VFC peuvent \u00eatre command\u00e9s par n\u2019importe quel type d\u2019invertisseur type PWM \u00e0 couple constant.  Sur demande, Bianchi Casseforme est en mesure de fournir des installations de vibration informatis\u00e9es.  &nbsp;\" \/>\n<meta property=\"og:url\" content=\"https:\/\/abcon.gr\/produit\/\u03b4\u03bf\u03bd\u03b7\u03c4\u03b5\u03c3-\u03bc\u03b5\u03c4\u03b1\u03b2\u03bb\u03b7\u03c4\u03b7\u03c3-\u03c3\u03c5\u03c7\u03bd\u03bf\u03c4\u03b7\u03c4\u03b1\u03c3-\u03bc\u03b5-\u03c3\u03c4\u03b5\/\" \/>\n<meta property=\"og:site_name\" content=\"A.B.CON.\" \/>\n<meta property=\"article:publisher\" content=\"https:\/\/www.facebook.com\/Steel.Precast.Solutions.ABCON\/\" \/>\n<meta property=\"og:image\" content=\"https:\/\/abcon.gr\/wp-content\/uploads\/2018\/04\/Variable-frequency-vibrators-with-cradle-and-plate-fixing-1.jpg\" \/>\n\t<meta property=\"og:image:width\" content=\"180\" \/>\n\t<meta property=\"og:image:height\" content=\"135\" \/>\n\t<meta property=\"og:image:type\" content=\"image\/jpeg\" \/>\n<meta name=\"twitter:card\" content=\"summary_large_image\" \/>\n<script type=\"application\/ld+json\" class=\"yoast-schema-graph\">{\"@context\":\"https:\/\/schema.org\",\"@graph\":[{\"@type\":\"WebPage\",\"@id\":\"https:\/\/abcon.gr\/produit\/%ce%b4%ce%bf%ce%bd%ce%b7%cf%84%ce%b5%cf%83-%ce%bc%ce%b5%cf%84%ce%b1%ce%b2%ce%bb%ce%b7%cf%84%ce%b7%cf%83-%cf%83%cf%85%cf%87%ce%bd%ce%bf%cf%84%ce%b7%cf%84%ce%b1%cf%83-%ce%bc%ce%b5-%cf%83%cf%84%ce%b5\/\",\"url\":\"https:\/\/abcon.gr\/produit\/%ce%b4%ce%bf%ce%bd%ce%b7%cf%84%ce%b5%cf%83-%ce%bc%ce%b5%cf%84%ce%b1%ce%b2%ce%bb%ce%b7%cf%84%ce%b7%cf%83-%cf%83%cf%85%cf%87%ce%bd%ce%bf%cf%84%ce%b7%cf%84%ce%b1%cf%83-%ce%bc%ce%b5-%cf%83%cf%84%ce%b5\/\",\"name\":\"Vibrateur \u00e0 frequence variable avec fixation \u00e0 berceau et \u00e0 plaque - A.B.CON.\",\"isPartOf\":{\"@id\":\"https:\/\/abcon.gr\/fr\/#website\"},\"primaryImageOfPage\":{\"@id\":\"https:\/\/abcon.gr\/produit\/%ce%b4%ce%bf%ce%bd%ce%b7%cf%84%ce%b5%cf%83-%ce%bc%ce%b5%cf%84%ce%b1%ce%b2%ce%bb%ce%b7%cf%84%ce%b7%cf%83-%cf%83%cf%85%cf%87%ce%bd%ce%bf%cf%84%ce%b7%cf%84%ce%b1%cf%83-%ce%bc%ce%b5-%cf%83%cf%84%ce%b5\/#primaryimage\"},\"image\":{\"@id\":\"https:\/\/abcon.gr\/produit\/%ce%b4%ce%bf%ce%bd%ce%b7%cf%84%ce%b5%cf%83-%ce%bc%ce%b5%cf%84%ce%b1%ce%b2%ce%bb%ce%b7%cf%84%ce%b7%cf%83-%cf%83%cf%85%cf%87%ce%bd%ce%bf%cf%84%ce%b7%cf%84%ce%b1%cf%83-%ce%bc%ce%b5-%cf%83%cf%84%ce%b5\/#primaryimage\"},\"thumbnailUrl\":\"https:\/\/abcon.gr\/wp-content\/uploads\/2018\/04\/Variable-frequency-vibrators-with-cradle-and-plate-fixing-1.jpg\",\"datePublished\":\"2018-04-03T07:46:37+00:00\",\"breadcrumb\":{\"@id\":\"https:\/\/abcon.gr\/produit\/%ce%b4%ce%bf%ce%bd%ce%b7%cf%84%ce%b5%cf%83-%ce%bc%ce%b5%cf%84%ce%b1%ce%b2%ce%bb%ce%b7%cf%84%ce%b7%cf%83-%cf%83%cf%85%cf%87%ce%bd%ce%bf%cf%84%ce%b7%cf%84%ce%b1%cf%83-%ce%bc%ce%b5-%cf%83%cf%84%ce%b5\/#breadcrumb\"},\"inLanguage\":\"fr-FR\",\"potentialAction\":[{\"@type\":\"ReadAction\",\"target\":[\"https:\/\/abcon.gr\/produit\/%ce%b4%ce%bf%ce%bd%ce%b7%cf%84%ce%b5%cf%83-%ce%bc%ce%b5%cf%84%ce%b1%ce%b2%ce%bb%ce%b7%cf%84%ce%b7%cf%83-%cf%83%cf%85%cf%87%ce%bd%ce%bf%cf%84%ce%b7%cf%84%ce%b1%cf%83-%ce%bc%ce%b5-%cf%83%cf%84%ce%b5\/\"]}]},{\"@type\":\"ImageObject\",\"inLanguage\":\"fr-FR\",\"@id\":\"https:\/\/abcon.gr\/produit\/%ce%b4%ce%bf%ce%bd%ce%b7%cf%84%ce%b5%cf%83-%ce%bc%ce%b5%cf%84%ce%b1%ce%b2%ce%bb%ce%b7%cf%84%ce%b7%cf%83-%cf%83%cf%85%cf%87%ce%bd%ce%bf%cf%84%ce%b7%cf%84%ce%b1%cf%83-%ce%bc%ce%b5-%cf%83%cf%84%ce%b5\/#primaryimage\",\"url\":\"https:\/\/abcon.gr\/wp-content\/uploads\/2018\/04\/Variable-frequency-vibrators-with-cradle-and-plate-fixing-1.jpg\",\"contentUrl\":\"https:\/\/abcon.gr\/wp-content\/uploads\/2018\/04\/Variable-frequency-vibrators-with-cradle-and-plate-fixing-1.jpg\",\"width\":180,\"height\":135,\"caption\":\"Variable frequency vibrators with cradle and plate fixing 1\"},{\"@type\":\"BreadcrumbList\",\"@id\":\"https:\/\/abcon.gr\/produit\/%ce%b4%ce%bf%ce%bd%ce%b7%cf%84%ce%b5%cf%83-%ce%bc%ce%b5%cf%84%ce%b1%ce%b2%ce%bb%ce%b7%cf%84%ce%b7%cf%83-%cf%83%cf%85%cf%87%ce%bd%ce%bf%cf%84%ce%b7%cf%84%ce%b1%cf%83-%ce%bc%ce%b5-%cf%83%cf%84%ce%b5\/#breadcrumb\",\"itemListElement\":[{\"@type\":\"ListItem\",\"position\":1,\"name\":\"\u0391\u03c1\u03c7\u03b9\u03ba\u03ae\",\"item\":\"https:\/\/abcon.gr\/fr\/\"},{\"@type\":\"ListItem\",\"position\":2,\"name\":\"\u039a\u03b1\u03c4\u03ac\u03c3\u03c4\u03b7\u03bc\u03b1\",\"item\":\"https:\/\/abcon.gr\/fr\/%ce%ba%ce%b1%cf%84%ce%ac%cf%83%cf%84%ce%b7%ce%bc%ce%b1\/\"},{\"@type\":\"ListItem\",\"position\":3,\"name\":\"Vibrateur \u00e0 frequence variable avec fixation \u00e0 berceau et \u00e0 plaque\"}]},{\"@type\":\"WebSite\",\"@id\":\"https:\/\/abcon.gr\/fr\/#website\",\"url\":\"https:\/\/abcon.gr\/fr\/\",\"name\":\"A.B.CON. - \u039c\u03b7\u03c7\u03b1\u03bd\u03ad\u03c2 \u0395\u03c0\u03b5\u03be\u03b5\u03c1\u03b3\u03b1\u03c3\u03af\u03b1\u03c2 \u03a3\u03ba\u03c5\u03c1\u03bf\u03b4\u03ad\u03bc\u03b1\u03c4\u03bf\u03c2 & \u03a0\u03c1\u03bf\u03ba\u03b1\u03c4\u03b1\u03c3\u03ba\u03b5\u03c5\u03ae\u03c2\",\"description\":\"\u039c\u03b7\u03c7\u03b1\u03bd\u03ad\u03c2 \u0395\u03c0\u03b5\u03be\u03b5\u03c1\u03b3\u03b1\u03c3\u03af\u03b1\u03c2 \u03a3\u03ba\u03c5\u03c1\u03bf\u03b4\u03ad\u03bc\u03b1\u03c4\u03bf\u03c2 &amp; \u03a0\u03c1\u03bf\u03ba\u03b1\u03c4\u03b1\u03c3\u03ba\u03b5\u03c5\u03ae\u03c2\",\"publisher\":{\"@id\":\"https:\/\/abcon.gr\/fr\/#organization\"},\"potentialAction\":[{\"@type\":\"SearchAction\",\"target\":{\"@type\":\"EntryPoint\",\"urlTemplate\":\"https:\/\/abcon.gr\/fr\/?s={search_term_string}\"},\"query-input\":{\"@type\":\"PropertyValueSpecification\",\"valueRequired\":true,\"valueName\":\"search_term_string\"}}],\"inLanguage\":\"fr-FR\"},{\"@type\":\"Organization\",\"@id\":\"https:\/\/abcon.gr\/fr\/#organization\",\"name\":\"A.B.CON. - \u039c\u03b7\u03c7\u03b1\u03bd\u03ad\u03c2 \u0395\u03c0\u03b5\u03be\u03b5\u03c1\u03b3\u03b1\u03c3\u03af\u03b1\u03c2 \u03a3\u03ba\u03c5\u03c1\u03bf\u03b4\u03ad\u03bc\u03b1\u03c4\u03bf\u03c2 & \u03a0\u03c1\u03bf\u03ba\u03b1\u03c4\u03b1\u03c3\u03ba\u03b5\u03c5\u03ae\u03c2\",\"url\":\"https:\/\/abcon.gr\/fr\/\",\"logo\":{\"@type\":\"ImageObject\",\"inLanguage\":\"fr-FR\",\"@id\":\"https:\/\/abcon.gr\/fr\/#\/schema\/logo\/image\/\",\"url\":\"https:\/\/abcon.gr\/wp-content\/uploads\/2021\/04\/logo_150.png\",\"contentUrl\":\"https:\/\/abcon.gr\/wp-content\/uploads\/2021\/04\/logo_150.png\",\"width\":150,\"height\":74,\"caption\":\"A.B.CON. - \u039c\u03b7\u03c7\u03b1\u03bd\u03ad\u03c2 \u0395\u03c0\u03b5\u03be\u03b5\u03c1\u03b3\u03b1\u03c3\u03af\u03b1\u03c2 \u03a3\u03ba\u03c5\u03c1\u03bf\u03b4\u03ad\u03bc\u03b1\u03c4\u03bf\u03c2 & \u03a0\u03c1\u03bf\u03ba\u03b1\u03c4\u03b1\u03c3\u03ba\u03b5\u03c5\u03ae\u03c2\"},\"image\":{\"@id\":\"https:\/\/abcon.gr\/fr\/#\/schema\/logo\/image\/\"},\"sameAs\":[\"https:\/\/www.facebook.com\/Steel.Precast.Solutions.ABCON\/\"]}]}<\/script>\n<!-- \/ Yoast SEO plugin. -->","yoast_head_json":{"title":"Vibrateur \u00e0 frequence variable avec fixation \u00e0 berceau et \u00e0 plaque - A.B.CON.","robots":{"index":"index","follow":"follow","max-snippet":"max-snippet:-1","max-image-preview":"max-image-preview:large","max-video-preview":"max-video-preview:-1"},"canonical":"https:\/\/abcon.gr\/produit\/\u03b4\u03bf\u03bd\u03b7\u03c4\u03b5\u03c3-\u03bc\u03b5\u03c4\u03b1\u03b2\u03bb\u03b7\u03c4\u03b7\u03c3-\u03c3\u03c5\u03c7\u03bd\u03bf\u03c4\u03b7\u03c4\u03b1\u03c3-\u03bc\u03b5-\u03c3\u03c4\u03b5\/","og_locale":"fr_FR","og_type":"article","og_title":"Vibrateur \u00e0 frequence variable avec fixation \u00e0 berceau et \u00e0 plaque - A.B.CON.","og_description":"Les vibrateurs s\u00e9rie VFP\/VFC \u00e0 fr\u00e9quence variable sont utilis\u00e9s sur les coffrages ou sur les tables vibrantes pour la production d\u2019\u00e9l\u00e9ments pr\u00e9fabriqu\u00e9s, ayant des vibrations \u00e0 haute fr\u00e9quence perfectionn\u00e9es par un r\u00e9glage pr\u00e9cis de la vitesse. Ceci permet un rendement optimal de l\u2019installation et un abaissement remarquable du bruit par rapport aux syst\u00e8mes traditionnels. Les vibrateurs s\u00e9rie VFP\/VFC peuvent \u00eatre produits avec des masses 'auto-d\u00e9phasantes' pour une vibration dif\u00e9renci\u00e9e entre le remplissage du coffrage et la finition de l\u2019\u00e9l\u00e9ment pr\u00e9fabriqu\u00e9.  ALIMENTATION TRIPHASEE En alimentation standard: - 2 P\u00f4les - 42V - 0-100 Hz\u2013 0 - 6 000 rpm - 4 P\u00f4les - 400V - 0-100 Hz \u2013 0 \u2013 6 000 rpm  VARIATEUR DE FREQUENCE (INVERTISSEUR) Les vibrateurs s\u00e9rie VFP\/VFC peuvent \u00eatre command\u00e9s par n\u2019importe quel type d\u2019invertisseur type PWM \u00e0 couple constant.  Sur demande, Bianchi Casseforme est en mesure de fournir des installations de vibration informatis\u00e9es.  &nbsp;","og_url":"https:\/\/abcon.gr\/produit\/\u03b4\u03bf\u03bd\u03b7\u03c4\u03b5\u03c3-\u03bc\u03b5\u03c4\u03b1\u03b2\u03bb\u03b7\u03c4\u03b7\u03c3-\u03c3\u03c5\u03c7\u03bd\u03bf\u03c4\u03b7\u03c4\u03b1\u03c3-\u03bc\u03b5-\u03c3\u03c4\u03b5\/","og_site_name":"A.B.CON.","article_publisher":"https:\/\/www.facebook.com\/Steel.Precast.Solutions.ABCON\/","og_image":[{"width":180,"height":135,"url":"https:\/\/abcon.gr\/wp-content\/uploads\/2018\/04\/Variable-frequency-vibrators-with-cradle-and-plate-fixing-1.jpg","type":"image\/jpeg"}],"twitter_card":"summary_large_image","schema":{"@context":"https:\/\/schema.org","@graph":[{"@type":"WebPage","@id":"https:\/\/abcon.gr\/produit\/%ce%b4%ce%bf%ce%bd%ce%b7%cf%84%ce%b5%cf%83-%ce%bc%ce%b5%cf%84%ce%b1%ce%b2%ce%bb%ce%b7%cf%84%ce%b7%cf%83-%cf%83%cf%85%cf%87%ce%bd%ce%bf%cf%84%ce%b7%cf%84%ce%b1%cf%83-%ce%bc%ce%b5-%cf%83%cf%84%ce%b5\/","url":"https:\/\/abcon.gr\/produit\/%ce%b4%ce%bf%ce%bd%ce%b7%cf%84%ce%b5%cf%83-%ce%bc%ce%b5%cf%84%ce%b1%ce%b2%ce%bb%ce%b7%cf%84%ce%b7%cf%83-%cf%83%cf%85%cf%87%ce%bd%ce%bf%cf%84%ce%b7%cf%84%ce%b1%cf%83-%ce%bc%ce%b5-%cf%83%cf%84%ce%b5\/","name":"Vibrateur \u00e0 frequence variable avec fixation \u00e0 berceau et \u00e0 plaque - A.B.CON.","isPartOf":{"@id":"https:\/\/abcon.gr\/fr\/#website"},"primaryImageOfPage":{"@id":"https:\/\/abcon.gr\/produit\/%ce%b4%ce%bf%ce%bd%ce%b7%cf%84%ce%b5%cf%83-%ce%bc%ce%b5%cf%84%ce%b1%ce%b2%ce%bb%ce%b7%cf%84%ce%b7%cf%83-%cf%83%cf%85%cf%87%ce%bd%ce%bf%cf%84%ce%b7%cf%84%ce%b1%cf%83-%ce%bc%ce%b5-%cf%83%cf%84%ce%b5\/#primaryimage"},"image":{"@id":"https:\/\/abcon.gr\/produit\/%ce%b4%ce%bf%ce%bd%ce%b7%cf%84%ce%b5%cf%83-%ce%bc%ce%b5%cf%84%ce%b1%ce%b2%ce%bb%ce%b7%cf%84%ce%b7%cf%83-%cf%83%cf%85%cf%87%ce%bd%ce%bf%cf%84%ce%b7%cf%84%ce%b1%cf%83-%ce%bc%ce%b5-%cf%83%cf%84%ce%b5\/#primaryimage"},"thumbnailUrl":"https:\/\/abcon.gr\/wp-content\/uploads\/2018\/04\/Variable-frequency-vibrators-with-cradle-and-plate-fixing-1.jpg","datePublished":"2018-04-03T07:46:37+00:00","breadcrumb":{"@id":"https:\/\/abcon.gr\/produit\/%ce%b4%ce%bf%ce%bd%ce%b7%cf%84%ce%b5%cf%83-%ce%bc%ce%b5%cf%84%ce%b1%ce%b2%ce%bb%ce%b7%cf%84%ce%b7%cf%83-%cf%83%cf%85%cf%87%ce%bd%ce%bf%cf%84%ce%b7%cf%84%ce%b1%cf%83-%ce%bc%ce%b5-%cf%83%cf%84%ce%b5\/#breadcrumb"},"inLanguage":"fr-FR","potentialAction":[{"@type":"ReadAction","target":["https:\/\/abcon.gr\/produit\/%ce%b4%ce%bf%ce%bd%ce%b7%cf%84%ce%b5%cf%83-%ce%bc%ce%b5%cf%84%ce%b1%ce%b2%ce%bb%ce%b7%cf%84%ce%b7%cf%83-%cf%83%cf%85%cf%87%ce%bd%ce%bf%cf%84%ce%b7%cf%84%ce%b1%cf%83-%ce%bc%ce%b5-%cf%83%cf%84%ce%b5\/"]}]},{"@type":"ImageObject","inLanguage":"fr-FR","@id":"https:\/\/abcon.gr\/produit\/%ce%b4%ce%bf%ce%bd%ce%b7%cf%84%ce%b5%cf%83-%ce%bc%ce%b5%cf%84%ce%b1%ce%b2%ce%bb%ce%b7%cf%84%ce%b7%cf%83-%cf%83%cf%85%cf%87%ce%bd%ce%bf%cf%84%ce%b7%cf%84%ce%b1%cf%83-%ce%bc%ce%b5-%cf%83%cf%84%ce%b5\/#primaryimage","url":"https:\/\/abcon.gr\/wp-content\/uploads\/2018\/04\/Variable-frequency-vibrators-with-cradle-and-plate-fixing-1.jpg","contentUrl":"https:\/\/abcon.gr\/wp-content\/uploads\/2018\/04\/Variable-frequency-vibrators-with-cradle-and-plate-fixing-1.jpg","width":180,"height":135,"caption":"Variable frequency vibrators with cradle and plate fixing 1"},{"@type":"BreadcrumbList","@id":"https:\/\/abcon.gr\/produit\/%ce%b4%ce%bf%ce%bd%ce%b7%cf%84%ce%b5%cf%83-%ce%bc%ce%b5%cf%84%ce%b1%ce%b2%ce%bb%ce%b7%cf%84%ce%b7%cf%83-%cf%83%cf%85%cf%87%ce%bd%ce%bf%cf%84%ce%b7%cf%84%ce%b1%cf%83-%ce%bc%ce%b5-%cf%83%cf%84%ce%b5\/#breadcrumb","itemListElement":[{"@type":"ListItem","position":1,"name":"\u0391\u03c1\u03c7\u03b9\u03ba\u03ae","item":"https:\/\/abcon.gr\/fr\/"},{"@type":"ListItem","position":2,"name":"\u039a\u03b1\u03c4\u03ac\u03c3\u03c4\u03b7\u03bc\u03b1","item":"https:\/\/abcon.gr\/fr\/%ce%ba%ce%b1%cf%84%ce%ac%cf%83%cf%84%ce%b7%ce%bc%ce%b1\/"},{"@type":"ListItem","position":3,"name":"Vibrateur \u00e0 frequence variable avec fixation \u00e0 berceau et \u00e0 plaque"}]},{"@type":"WebSite","@id":"https:\/\/abcon.gr\/fr\/#website","url":"https:\/\/abcon.gr\/fr\/","name":"A.B.CON. - \u039c\u03b7\u03c7\u03b1\u03bd\u03ad\u03c2 \u0395\u03c0\u03b5\u03be\u03b5\u03c1\u03b3\u03b1\u03c3\u03af\u03b1\u03c2 \u03a3\u03ba\u03c5\u03c1\u03bf\u03b4\u03ad\u03bc\u03b1\u03c4\u03bf\u03c2 & \u03a0\u03c1\u03bf\u03ba\u03b1\u03c4\u03b1\u03c3\u03ba\u03b5\u03c5\u03ae\u03c2","description":"\u039c\u03b7\u03c7\u03b1\u03bd\u03ad\u03c2 \u0395\u03c0\u03b5\u03be\u03b5\u03c1\u03b3\u03b1\u03c3\u03af\u03b1\u03c2 \u03a3\u03ba\u03c5\u03c1\u03bf\u03b4\u03ad\u03bc\u03b1\u03c4\u03bf\u03c2 &amp; \u03a0\u03c1\u03bf\u03ba\u03b1\u03c4\u03b1\u03c3\u03ba\u03b5\u03c5\u03ae\u03c2","publisher":{"@id":"https:\/\/abcon.gr\/fr\/#organization"},"potentialAction":[{"@type":"SearchAction","target":{"@type":"EntryPoint","urlTemplate":"https:\/\/abcon.gr\/fr\/?s={search_term_string}"},"query-input":{"@type":"PropertyValueSpecification","valueRequired":true,"valueName":"search_term_string"}}],"inLanguage":"fr-FR"},{"@type":"Organization","@id":"https:\/\/abcon.gr\/fr\/#organization","name":"A.B.CON. - \u039c\u03b7\u03c7\u03b1\u03bd\u03ad\u03c2 \u0395\u03c0\u03b5\u03be\u03b5\u03c1\u03b3\u03b1\u03c3\u03af\u03b1\u03c2 \u03a3\u03ba\u03c5\u03c1\u03bf\u03b4\u03ad\u03bc\u03b1\u03c4\u03bf\u03c2 & \u03a0\u03c1\u03bf\u03ba\u03b1\u03c4\u03b1\u03c3\u03ba\u03b5\u03c5\u03ae\u03c2","url":"https:\/\/abcon.gr\/fr\/","logo":{"@type":"ImageObject","inLanguage":"fr-FR","@id":"https:\/\/abcon.gr\/fr\/#\/schema\/logo\/image\/","url":"https:\/\/abcon.gr\/wp-content\/uploads\/2021\/04\/logo_150.png","contentUrl":"https:\/\/abcon.gr\/wp-content\/uploads\/2021\/04\/logo_150.png","width":150,"height":74,"caption":"A.B.CON. - \u039c\u03b7\u03c7\u03b1\u03bd\u03ad\u03c2 \u0395\u03c0\u03b5\u03be\u03b5\u03c1\u03b3\u03b1\u03c3\u03af\u03b1\u03c2 \u03a3\u03ba\u03c5\u03c1\u03bf\u03b4\u03ad\u03bc\u03b1\u03c4\u03bf\u03c2 & \u03a0\u03c1\u03bf\u03ba\u03b1\u03c4\u03b1\u03c3\u03ba\u03b5\u03c5\u03ae\u03c2"},"image":{"@id":"https:\/\/abcon.gr\/fr\/#\/schema\/logo\/image\/"},"sameAs":["https:\/\/www.facebook.com\/Steel.Precast.Solutions.ABCON\/"]}]}},"_links":{"self":[{"href":"https:\/\/abcon.gr\/fr\/wp-json\/wp\/v2\/product\/8827","targetHints":{"allow":["GET"]}}],"collection":[{"href":"https:\/\/abcon.gr\/fr\/wp-json\/wp\/v2\/product"}],"about":[{"href":"https:\/\/abcon.gr\/fr\/wp-json\/wp\/v2\/types\/product"}],"wp:featuredmedia":[{"embeddable":true,"href":"https:\/\/abcon.gr\/fr\/wp-json\/wp\/v2\/media\/4547"}],"wp:attachment":[{"href":"https:\/\/abcon.gr\/fr\/wp-json\/wp\/v2\/media?parent=8827"}],"wp:term":[{"taxonomy":"product_brand","embeddable":true,"href":"https:\/\/abcon.gr\/fr\/wp-json\/wp\/v2\/product_brand?post=8827"},{"taxonomy":"product_cat","embeddable":true,"href":"https:\/\/abcon.gr\/fr\/wp-json\/wp\/v2\/product_cat?post=8827"},{"taxonomy":"product_tag","embeddable":true,"href":"https:\/\/abcon.gr\/fr\/wp-json\/wp\/v2\/product_tag?post=8827"}],"curies":[{"name":"wp","href":"https:\/\/api.w.org\/{rel}","templated":true}]}}