{"id":8821,"date":"2018-04-03T11:46:05","date_gmt":"2018-04-03T08:46:05","guid":{"rendered":"http:\/\/test3.aenima.grproduct\/vibrateurs-pneumatiques-externes\/"},"modified":"2018-04-03T11:46:05","modified_gmt":"2018-04-03T08:46:05","slug":"vibrateurs-pneumatiques-externes","status":"publish","type":"product","link":"https:\/\/abcon.gr\/fr\/produit\/vibrateurs-pneumatiques-externes\/","title":{"rendered":"Vibrateurs pneumatiques externes"},"content":{"rendered":"","protected":false},"excerpt":{"rendered":"<p>Pour obtenir des surfaces parfaites, pour atteindre la plus haute r\u00e9sistance du b\u00e9ton, la vibration pneumatique est la solution la plus ad\u00e9quate.<br \/>\nLe champ d\u2019application recouvre aussi bien les chantiers de pr\u00e9fabrication que les chantiers en tunnel, garantissant toujours le plus haut niveau de pr\u00e9vention d\u2019accidents, fiabilit\u00e9 optimale, aucun entretien.<br \/>\nLe vibrateur pneumatique \u00e9limine le risque de la r\u00e9sonance en adaptant \u00e0 chaque instant son nombre de tours.<\/p>\n","protected":false},"featured_media":6536,"template":"","meta":{"_exactmetrics_skip_tracking":false,"_exactmetrics_sitenote_active":false,"_exactmetrics_sitenote_note":"","_exactmetrics_sitenote_category":0},"product_brand":[],"product_cat":[214,239,249],"product_tag":[325],"class_list":{"0":"post-8821","1":"product","2":"type-product","3":"status-publish","4":"has-post-thumbnail","6":"product_cat-equipement-precast","7":"product_cat-vibrateurs","8":"product_cat-vibration-pneumatique","9":"product_tag-bianchi-fr","11":"first","12":"instock","13":"shipping-taxable","14":"product-type-simple"},"yoast_head":"<!-- This site is optimized with the Yoast SEO plugin v26.8 - https:\/\/yoast.com\/product\/yoast-seo-wordpress\/ -->\n<title>Vibrateurs pneumatiques externes - A.B.CON.<\/title>\n<meta name=\"robots\" content=\"index, follow, max-snippet:-1, max-image-preview:large, max-video-preview:-1\" \/>\n<link rel=\"canonical\" href=\"https:\/\/abcon.gr\/produit\/\u03b5\u03be\u03c9\u03c4\u03b5\u03c1\u03b9\u03ba\u03bf\u03b9-\u03c0\u03bd\u03b5\u03c5\u03bc\u03b1\u03c4\u03b9\u03ba\u03bf\u03b9-\u03b4\u03bf\u03bd\u03b7\u03c4\u03b5\u03c3\/\" \/>\n<meta property=\"og:locale\" content=\"fr_FR\" \/>\n<meta property=\"og:type\" content=\"article\" \/>\n<meta property=\"og:title\" content=\"Vibrateurs pneumatiques externes - A.B.CON.\" \/>\n<meta property=\"og:description\" content=\"Pour obtenir des surfaces parfaites, pour atteindre la plus haute r\u00e9sistance du b\u00e9ton, la vibration pneumatique est la solution la plus ad\u00e9quate. Le champ d\u2019application recouvre aussi bien les chantiers de pr\u00e9fabrication que les chantiers en tunnel, garantissant toujours le plus haut niveau de pr\u00e9vention d\u2019accidents, fiabilit\u00e9 optimale, aucun entretien. Le vibrateur pneumatique \u00e9limine le risque de la r\u00e9sonance en adaptant \u00e0 chaque instant son nombre de tours.\" \/>\n<meta property=\"og:url\" content=\"https:\/\/abcon.gr\/produit\/\u03b5\u03be\u03c9\u03c4\u03b5\u03c1\u03b9\u03ba\u03bf\u03b9-\u03c0\u03bd\u03b5\u03c5\u03bc\u03b1\u03c4\u03b9\u03ba\u03bf\u03b9-\u03b4\u03bf\u03bd\u03b7\u03c4\u03b5\u03c3\/\" \/>\n<meta property=\"og:site_name\" content=\"A.B.CON.\" \/>\n<meta property=\"article:publisher\" content=\"https:\/\/www.facebook.com\/Steel.Precast.Solutions.ABCON\/\" \/>\n<meta property=\"og:image\" content=\"https:\/\/abcon.gr\/wp-content\/uploads\/2018\/04\/External-pneumatic-vibrators.jpg\" \/>\n\t<meta property=\"og:image:width\" content=\"180\" \/>\n\t<meta property=\"og:image:height\" content=\"146\" \/>\n\t<meta property=\"og:image:type\" content=\"image\/jpeg\" \/>\n<meta name=\"twitter:card\" content=\"summary_large_image\" \/>\n<script type=\"application\/ld+json\" class=\"yoast-schema-graph\">{\"@context\":\"https:\/\/schema.org\",\"@graph\":[{\"@type\":\"WebPage\",\"@id\":\"https:\/\/abcon.gr\/produit\/%ce%b5%ce%be%cf%89%cf%84%ce%b5%cf%81%ce%b9%ce%ba%ce%bf%ce%b9-%cf%80%ce%bd%ce%b5%cf%85%ce%bc%ce%b1%cf%84%ce%b9%ce%ba%ce%bf%ce%b9-%ce%b4%ce%bf%ce%bd%ce%b7%cf%84%ce%b5%cf%83\/\",\"url\":\"https:\/\/abcon.gr\/produit\/%ce%b5%ce%be%cf%89%cf%84%ce%b5%cf%81%ce%b9%ce%ba%ce%bf%ce%b9-%cf%80%ce%bd%ce%b5%cf%85%ce%bc%ce%b1%cf%84%ce%b9%ce%ba%ce%bf%ce%b9-%ce%b4%ce%bf%ce%bd%ce%b7%cf%84%ce%b5%cf%83\/\",\"name\":\"Vibrateurs pneumatiques externes - A.B.CON.\",\"isPartOf\":{\"@id\":\"https:\/\/abcon.gr\/fr\/#website\"},\"primaryImageOfPage\":{\"@id\":\"https:\/\/abcon.gr\/produit\/%ce%b5%ce%be%cf%89%cf%84%ce%b5%cf%81%ce%b9%ce%ba%ce%bf%ce%b9-%cf%80%ce%bd%ce%b5%cf%85%ce%bc%ce%b1%cf%84%ce%b9%ce%ba%ce%bf%ce%b9-%ce%b4%ce%bf%ce%bd%ce%b7%cf%84%ce%b5%cf%83\/#primaryimage\"},\"image\":{\"@id\":\"https:\/\/abcon.gr\/produit\/%ce%b5%ce%be%cf%89%cf%84%ce%b5%cf%81%ce%b9%ce%ba%ce%bf%ce%b9-%cf%80%ce%bd%ce%b5%cf%85%ce%bc%ce%b1%cf%84%ce%b9%ce%ba%ce%bf%ce%b9-%ce%b4%ce%bf%ce%bd%ce%b7%cf%84%ce%b5%cf%83\/#primaryimage\"},\"thumbnailUrl\":\"https:\/\/abcon.gr\/wp-content\/uploads\/2018\/04\/External-pneumatic-vibrators.jpg\",\"datePublished\":\"2018-04-03T08:46:05+00:00\",\"breadcrumb\":{\"@id\":\"https:\/\/abcon.gr\/produit\/%ce%b5%ce%be%cf%89%cf%84%ce%b5%cf%81%ce%b9%ce%ba%ce%bf%ce%b9-%cf%80%ce%bd%ce%b5%cf%85%ce%bc%ce%b1%cf%84%ce%b9%ce%ba%ce%bf%ce%b9-%ce%b4%ce%bf%ce%bd%ce%b7%cf%84%ce%b5%cf%83\/#breadcrumb\"},\"inLanguage\":\"fr-FR\",\"potentialAction\":[{\"@type\":\"ReadAction\",\"target\":[\"https:\/\/abcon.gr\/produit\/%ce%b5%ce%be%cf%89%cf%84%ce%b5%cf%81%ce%b9%ce%ba%ce%bf%ce%b9-%cf%80%ce%bd%ce%b5%cf%85%ce%bc%ce%b1%cf%84%ce%b9%ce%ba%ce%bf%ce%b9-%ce%b4%ce%bf%ce%bd%ce%b7%cf%84%ce%b5%cf%83\/\"]}]},{\"@type\":\"ImageObject\",\"inLanguage\":\"fr-FR\",\"@id\":\"https:\/\/abcon.gr\/produit\/%ce%b5%ce%be%cf%89%cf%84%ce%b5%cf%81%ce%b9%ce%ba%ce%bf%ce%b9-%cf%80%ce%bd%ce%b5%cf%85%ce%bc%ce%b1%cf%84%ce%b9%ce%ba%ce%bf%ce%b9-%ce%b4%ce%bf%ce%bd%ce%b7%cf%84%ce%b5%cf%83\/#primaryimage\",\"url\":\"https:\/\/abcon.gr\/wp-content\/uploads\/2018\/04\/External-pneumatic-vibrators.jpg\",\"contentUrl\":\"https:\/\/abcon.gr\/wp-content\/uploads\/2018\/04\/External-pneumatic-vibrators.jpg\",\"width\":180,\"height\":146,\"caption\":\"External pneumatic vibrators\"},{\"@type\":\"BreadcrumbList\",\"@id\":\"https:\/\/abcon.gr\/produit\/%ce%b5%ce%be%cf%89%cf%84%ce%b5%cf%81%ce%b9%ce%ba%ce%bf%ce%b9-%cf%80%ce%bd%ce%b5%cf%85%ce%bc%ce%b1%cf%84%ce%b9%ce%ba%ce%bf%ce%b9-%ce%b4%ce%bf%ce%bd%ce%b7%cf%84%ce%b5%cf%83\/#breadcrumb\",\"itemListElement\":[{\"@type\":\"ListItem\",\"position\":1,\"name\":\"\u0391\u03c1\u03c7\u03b9\u03ba\u03ae\",\"item\":\"https:\/\/abcon.gr\/fr\/\"},{\"@type\":\"ListItem\",\"position\":2,\"name\":\"\u039a\u03b1\u03c4\u03ac\u03c3\u03c4\u03b7\u03bc\u03b1\",\"item\":\"https:\/\/abcon.gr\/fr\/%ce%ba%ce%b1%cf%84%ce%ac%cf%83%cf%84%ce%b7%ce%bc%ce%b1\/\"},{\"@type\":\"ListItem\",\"position\":3,\"name\":\"Vibrateurs pneumatiques externes\"}]},{\"@type\":\"WebSite\",\"@id\":\"https:\/\/abcon.gr\/fr\/#website\",\"url\":\"https:\/\/abcon.gr\/fr\/\",\"name\":\"A.B.CON. - \u039c\u03b7\u03c7\u03b1\u03bd\u03ad\u03c2 \u0395\u03c0\u03b5\u03be\u03b5\u03c1\u03b3\u03b1\u03c3\u03af\u03b1\u03c2 \u03a3\u03ba\u03c5\u03c1\u03bf\u03b4\u03ad\u03bc\u03b1\u03c4\u03bf\u03c2 & \u03a0\u03c1\u03bf\u03ba\u03b1\u03c4\u03b1\u03c3\u03ba\u03b5\u03c5\u03ae\u03c2\",\"description\":\"\u039c\u03b7\u03c7\u03b1\u03bd\u03ad\u03c2 \u0395\u03c0\u03b5\u03be\u03b5\u03c1\u03b3\u03b1\u03c3\u03af\u03b1\u03c2 \u03a3\u03ba\u03c5\u03c1\u03bf\u03b4\u03ad\u03bc\u03b1\u03c4\u03bf\u03c2 &amp; \u03a0\u03c1\u03bf\u03ba\u03b1\u03c4\u03b1\u03c3\u03ba\u03b5\u03c5\u03ae\u03c2\",\"publisher\":{\"@id\":\"https:\/\/abcon.gr\/fr\/#organization\"},\"potentialAction\":[{\"@type\":\"SearchAction\",\"target\":{\"@type\":\"EntryPoint\",\"urlTemplate\":\"https:\/\/abcon.gr\/fr\/?s={search_term_string}\"},\"query-input\":{\"@type\":\"PropertyValueSpecification\",\"valueRequired\":true,\"valueName\":\"search_term_string\"}}],\"inLanguage\":\"fr-FR\"},{\"@type\":\"Organization\",\"@id\":\"https:\/\/abcon.gr\/fr\/#organization\",\"name\":\"A.B.CON. - \u039c\u03b7\u03c7\u03b1\u03bd\u03ad\u03c2 \u0395\u03c0\u03b5\u03be\u03b5\u03c1\u03b3\u03b1\u03c3\u03af\u03b1\u03c2 \u03a3\u03ba\u03c5\u03c1\u03bf\u03b4\u03ad\u03bc\u03b1\u03c4\u03bf\u03c2 & \u03a0\u03c1\u03bf\u03ba\u03b1\u03c4\u03b1\u03c3\u03ba\u03b5\u03c5\u03ae\u03c2\",\"url\":\"https:\/\/abcon.gr\/fr\/\",\"logo\":{\"@type\":\"ImageObject\",\"inLanguage\":\"fr-FR\",\"@id\":\"https:\/\/abcon.gr\/fr\/#\/schema\/logo\/image\/\",\"url\":\"https:\/\/abcon.gr\/wp-content\/uploads\/2021\/04\/logo_150.png\",\"contentUrl\":\"https:\/\/abcon.gr\/wp-content\/uploads\/2021\/04\/logo_150.png\",\"width\":150,\"height\":74,\"caption\":\"A.B.CON. - \u039c\u03b7\u03c7\u03b1\u03bd\u03ad\u03c2 \u0395\u03c0\u03b5\u03be\u03b5\u03c1\u03b3\u03b1\u03c3\u03af\u03b1\u03c2 \u03a3\u03ba\u03c5\u03c1\u03bf\u03b4\u03ad\u03bc\u03b1\u03c4\u03bf\u03c2 & \u03a0\u03c1\u03bf\u03ba\u03b1\u03c4\u03b1\u03c3\u03ba\u03b5\u03c5\u03ae\u03c2\"},\"image\":{\"@id\":\"https:\/\/abcon.gr\/fr\/#\/schema\/logo\/image\/\"},\"sameAs\":[\"https:\/\/www.facebook.com\/Steel.Precast.Solutions.ABCON\/\"]}]}<\/script>\n<!-- \/ Yoast SEO plugin. -->","yoast_head_json":{"title":"Vibrateurs pneumatiques externes - A.B.CON.","robots":{"index":"index","follow":"follow","max-snippet":"max-snippet:-1","max-image-preview":"max-image-preview:large","max-video-preview":"max-video-preview:-1"},"canonical":"https:\/\/abcon.gr\/produit\/\u03b5\u03be\u03c9\u03c4\u03b5\u03c1\u03b9\u03ba\u03bf\u03b9-\u03c0\u03bd\u03b5\u03c5\u03bc\u03b1\u03c4\u03b9\u03ba\u03bf\u03b9-\u03b4\u03bf\u03bd\u03b7\u03c4\u03b5\u03c3\/","og_locale":"fr_FR","og_type":"article","og_title":"Vibrateurs pneumatiques externes - A.B.CON.","og_description":"Pour obtenir des surfaces parfaites, pour atteindre la plus haute r\u00e9sistance du b\u00e9ton, la vibration pneumatique est la solution la plus ad\u00e9quate. Le champ d\u2019application recouvre aussi bien les chantiers de pr\u00e9fabrication que les chantiers en tunnel, garantissant toujours le plus haut niveau de pr\u00e9vention d\u2019accidents, fiabilit\u00e9 optimale, aucun entretien. Le vibrateur pneumatique \u00e9limine le risque de la r\u00e9sonance en adaptant \u00e0 chaque instant son nombre de tours.","og_url":"https:\/\/abcon.gr\/produit\/\u03b5\u03be\u03c9\u03c4\u03b5\u03c1\u03b9\u03ba\u03bf\u03b9-\u03c0\u03bd\u03b5\u03c5\u03bc\u03b1\u03c4\u03b9\u03ba\u03bf\u03b9-\u03b4\u03bf\u03bd\u03b7\u03c4\u03b5\u03c3\/","og_site_name":"A.B.CON.","article_publisher":"https:\/\/www.facebook.com\/Steel.Precast.Solutions.ABCON\/","og_image":[{"width":180,"height":146,"url":"https:\/\/abcon.gr\/wp-content\/uploads\/2018\/04\/External-pneumatic-vibrators.jpg","type":"image\/jpeg"}],"twitter_card":"summary_large_image","schema":{"@context":"https:\/\/schema.org","@graph":[{"@type":"WebPage","@id":"https:\/\/abcon.gr\/produit\/%ce%b5%ce%be%cf%89%cf%84%ce%b5%cf%81%ce%b9%ce%ba%ce%bf%ce%b9-%cf%80%ce%bd%ce%b5%cf%85%ce%bc%ce%b1%cf%84%ce%b9%ce%ba%ce%bf%ce%b9-%ce%b4%ce%bf%ce%bd%ce%b7%cf%84%ce%b5%cf%83\/","url":"https:\/\/abcon.gr\/produit\/%ce%b5%ce%be%cf%89%cf%84%ce%b5%cf%81%ce%b9%ce%ba%ce%bf%ce%b9-%cf%80%ce%bd%ce%b5%cf%85%ce%bc%ce%b1%cf%84%ce%b9%ce%ba%ce%bf%ce%b9-%ce%b4%ce%bf%ce%bd%ce%b7%cf%84%ce%b5%cf%83\/","name":"Vibrateurs pneumatiques externes - A.B.CON.","isPartOf":{"@id":"https:\/\/abcon.gr\/fr\/#website"},"primaryImageOfPage":{"@id":"https:\/\/abcon.gr\/produit\/%ce%b5%ce%be%cf%89%cf%84%ce%b5%cf%81%ce%b9%ce%ba%ce%bf%ce%b9-%cf%80%ce%bd%ce%b5%cf%85%ce%bc%ce%b1%cf%84%ce%b9%ce%ba%ce%bf%ce%b9-%ce%b4%ce%bf%ce%bd%ce%b7%cf%84%ce%b5%cf%83\/#primaryimage"},"image":{"@id":"https:\/\/abcon.gr\/produit\/%ce%b5%ce%be%cf%89%cf%84%ce%b5%cf%81%ce%b9%ce%ba%ce%bf%ce%b9-%cf%80%ce%bd%ce%b5%cf%85%ce%bc%ce%b1%cf%84%ce%b9%ce%ba%ce%bf%ce%b9-%ce%b4%ce%bf%ce%bd%ce%b7%cf%84%ce%b5%cf%83\/#primaryimage"},"thumbnailUrl":"https:\/\/abcon.gr\/wp-content\/uploads\/2018\/04\/External-pneumatic-vibrators.jpg","datePublished":"2018-04-03T08:46:05+00:00","breadcrumb":{"@id":"https:\/\/abcon.gr\/produit\/%ce%b5%ce%be%cf%89%cf%84%ce%b5%cf%81%ce%b9%ce%ba%ce%bf%ce%b9-%cf%80%ce%bd%ce%b5%cf%85%ce%bc%ce%b1%cf%84%ce%b9%ce%ba%ce%bf%ce%b9-%ce%b4%ce%bf%ce%bd%ce%b7%cf%84%ce%b5%cf%83\/#breadcrumb"},"inLanguage":"fr-FR","potentialAction":[{"@type":"ReadAction","target":["https:\/\/abcon.gr\/produit\/%ce%b5%ce%be%cf%89%cf%84%ce%b5%cf%81%ce%b9%ce%ba%ce%bf%ce%b9-%cf%80%ce%bd%ce%b5%cf%85%ce%bc%ce%b1%cf%84%ce%b9%ce%ba%ce%bf%ce%b9-%ce%b4%ce%bf%ce%bd%ce%b7%cf%84%ce%b5%cf%83\/"]}]},{"@type":"ImageObject","inLanguage":"fr-FR","@id":"https:\/\/abcon.gr\/produit\/%ce%b5%ce%be%cf%89%cf%84%ce%b5%cf%81%ce%b9%ce%ba%ce%bf%ce%b9-%cf%80%ce%bd%ce%b5%cf%85%ce%bc%ce%b1%cf%84%ce%b9%ce%ba%ce%bf%ce%b9-%ce%b4%ce%bf%ce%bd%ce%b7%cf%84%ce%b5%cf%83\/#primaryimage","url":"https:\/\/abcon.gr\/wp-content\/uploads\/2018\/04\/External-pneumatic-vibrators.jpg","contentUrl":"https:\/\/abcon.gr\/wp-content\/uploads\/2018\/04\/External-pneumatic-vibrators.jpg","width":180,"height":146,"caption":"External pneumatic vibrators"},{"@type":"BreadcrumbList","@id":"https:\/\/abcon.gr\/produit\/%ce%b5%ce%be%cf%89%cf%84%ce%b5%cf%81%ce%b9%ce%ba%ce%bf%ce%b9-%cf%80%ce%bd%ce%b5%cf%85%ce%bc%ce%b1%cf%84%ce%b9%ce%ba%ce%bf%ce%b9-%ce%b4%ce%bf%ce%bd%ce%b7%cf%84%ce%b5%cf%83\/#breadcrumb","itemListElement":[{"@type":"ListItem","position":1,"name":"\u0391\u03c1\u03c7\u03b9\u03ba\u03ae","item":"https:\/\/abcon.gr\/fr\/"},{"@type":"ListItem","position":2,"name":"\u039a\u03b1\u03c4\u03ac\u03c3\u03c4\u03b7\u03bc\u03b1","item":"https:\/\/abcon.gr\/fr\/%ce%ba%ce%b1%cf%84%ce%ac%cf%83%cf%84%ce%b7%ce%bc%ce%b1\/"},{"@type":"ListItem","position":3,"name":"Vibrateurs pneumatiques externes"}]},{"@type":"WebSite","@id":"https:\/\/abcon.gr\/fr\/#website","url":"https:\/\/abcon.gr\/fr\/","name":"A.B.CON. - \u039c\u03b7\u03c7\u03b1\u03bd\u03ad\u03c2 \u0395\u03c0\u03b5\u03be\u03b5\u03c1\u03b3\u03b1\u03c3\u03af\u03b1\u03c2 \u03a3\u03ba\u03c5\u03c1\u03bf\u03b4\u03ad\u03bc\u03b1\u03c4\u03bf\u03c2 & \u03a0\u03c1\u03bf\u03ba\u03b1\u03c4\u03b1\u03c3\u03ba\u03b5\u03c5\u03ae\u03c2","description":"\u039c\u03b7\u03c7\u03b1\u03bd\u03ad\u03c2 \u0395\u03c0\u03b5\u03be\u03b5\u03c1\u03b3\u03b1\u03c3\u03af\u03b1\u03c2 \u03a3\u03ba\u03c5\u03c1\u03bf\u03b4\u03ad\u03bc\u03b1\u03c4\u03bf\u03c2 &amp; \u03a0\u03c1\u03bf\u03ba\u03b1\u03c4\u03b1\u03c3\u03ba\u03b5\u03c5\u03ae\u03c2","publisher":{"@id":"https:\/\/abcon.gr\/fr\/#organization"},"potentialAction":[{"@type":"SearchAction","target":{"@type":"EntryPoint","urlTemplate":"https:\/\/abcon.gr\/fr\/?s={search_term_string}"},"query-input":{"@type":"PropertyValueSpecification","valueRequired":true,"valueName":"search_term_string"}}],"inLanguage":"fr-FR"},{"@type":"Organization","@id":"https:\/\/abcon.gr\/fr\/#organization","name":"A.B.CON. - \u039c\u03b7\u03c7\u03b1\u03bd\u03ad\u03c2 \u0395\u03c0\u03b5\u03be\u03b5\u03c1\u03b3\u03b1\u03c3\u03af\u03b1\u03c2 \u03a3\u03ba\u03c5\u03c1\u03bf\u03b4\u03ad\u03bc\u03b1\u03c4\u03bf\u03c2 & \u03a0\u03c1\u03bf\u03ba\u03b1\u03c4\u03b1\u03c3\u03ba\u03b5\u03c5\u03ae\u03c2","url":"https:\/\/abcon.gr\/fr\/","logo":{"@type":"ImageObject","inLanguage":"fr-FR","@id":"https:\/\/abcon.gr\/fr\/#\/schema\/logo\/image\/","url":"https:\/\/abcon.gr\/wp-content\/uploads\/2021\/04\/logo_150.png","contentUrl":"https:\/\/abcon.gr\/wp-content\/uploads\/2021\/04\/logo_150.png","width":150,"height":74,"caption":"A.B.CON. - \u039c\u03b7\u03c7\u03b1\u03bd\u03ad\u03c2 \u0395\u03c0\u03b5\u03be\u03b5\u03c1\u03b3\u03b1\u03c3\u03af\u03b1\u03c2 \u03a3\u03ba\u03c5\u03c1\u03bf\u03b4\u03ad\u03bc\u03b1\u03c4\u03bf\u03c2 & \u03a0\u03c1\u03bf\u03ba\u03b1\u03c4\u03b1\u03c3\u03ba\u03b5\u03c5\u03ae\u03c2"},"image":{"@id":"https:\/\/abcon.gr\/fr\/#\/schema\/logo\/image\/"},"sameAs":["https:\/\/www.facebook.com\/Steel.Precast.Solutions.ABCON\/"]}]}},"_links":{"self":[{"href":"https:\/\/abcon.gr\/fr\/wp-json\/wp\/v2\/product\/8821","targetHints":{"allow":["GET"]}}],"collection":[{"href":"https:\/\/abcon.gr\/fr\/wp-json\/wp\/v2\/product"}],"about":[{"href":"https:\/\/abcon.gr\/fr\/wp-json\/wp\/v2\/types\/product"}],"wp:featuredmedia":[{"embeddable":true,"href":"https:\/\/abcon.gr\/fr\/wp-json\/wp\/v2\/media\/6536"}],"wp:attachment":[{"href":"https:\/\/abcon.gr\/fr\/wp-json\/wp\/v2\/media?parent=8821"}],"wp:term":[{"taxonomy":"product_brand","embeddable":true,"href":"https:\/\/abcon.gr\/fr\/wp-json\/wp\/v2\/product_brand?post=8821"},{"taxonomy":"product_cat","embeddable":true,"href":"https:\/\/abcon.gr\/fr\/wp-json\/wp\/v2\/product_cat?post=8821"},{"taxonomy":"product_tag","embeddable":true,"href":"https:\/\/abcon.gr\/fr\/wp-json\/wp\/v2\/product_tag?post=8821"}],"curies":[{"name":"wp","href":"https:\/\/api.w.org\/{rel}","templated":true}]}}