{"id":8782,"date":"2019-12-20T12:25:52","date_gmt":"2018-06-11T08:05:52","guid":{"rendered":"http:\/\/test3.aenima.grproduct\/optibat-5\/"},"modified":"2018-08-28T10:22:53","modified_gmt":"2018-08-28T07:22:53","slug":"optibat-5","status":"publish","type":"product","link":"https:\/\/abcon.gr\/fr\/produit\/optibat-5\/","title":{"rendered":"OPTIBAT 5"},"content":{"rendered":"","protected":false},"excerpt":{"rendered":"<p>Banc de coupe automatique \u00e0 fonctionnement \u00e9lectrom\u00e9canique avec 5 voies de transport \u00e0 rouleaux et un canal auxiliaire de transport des barres.<\/p>\n<p>&nbsp;<\/p>\n<p>Gr\u00e2ce \u00e0 la pr\u00e9sence du deuxi\u00e8me canal de transport parall\u00e8le \u00e0 l&rsquo;unit\u00e9 de coupe, les barres pr\u00e9d\u00e9coup\u00e9es peuvent \u00eatre r\u00e9parties sur toute la longueur des voies \u00e0 rouleaux en optimisant l&rsquo;utilisation. Ainsi, il est possible d&rsquo;utiliser la m\u00eame voie \u00e0 rouleaux pour stocker des ordres diff\u00e9rents.<\/p>\n<p>C\u2019est comme avoir un plus grand nombre de voies \u00e0 rouleaux permettant une meilleure optimisation de coupe r\u00e9duisant ainsi la quantit\u00e9 de chutes.<\/p>\n<p>&nbsp;<\/p>\n<p>Le banc de coupe \u00ab\u00a0OPTIBAT 5\u00a0\u00bb repr\u00e9sente la solution id\u00e9ale pour la coupe des<\/p>\n<p>barres pour ceux qui effectuent un grand nombre de petites commandes et en<\/p>\n<p>particulier pour ceux qui produisent pour le r\u00e9sidentiel.<\/p>\n<p>&nbsp;<\/p>\n<p>Flexible et rapide il se distingue de par l&rsquo;adoption de la technologie \u00e9lectrom\u00e9canique, garantissant:<\/p>\n<p>&#8211; pr\u00e9cision \u00e9lev\u00e9e;<\/p>\n<p>&#8211; niveau de bruit extr\u00eamement contenu;<\/p>\n<p>&#8211; r\u00e9duction de la consommation;<\/p>\n<p>&#8211; \u00e9conomie de l&rsquo;entretien.<\/p>\n","protected":false},"featured_media":5127,"template":"","meta":{"_exactmetrics_skip_tracking":false,"_exactmetrics_sitenote_active":false,"_exactmetrics_sitenote_note":"","_exactmetrics_sitenote_category":0},"product_brand":[],"product_cat":[290,291,306],"product_tag":[321],"class_list":{"0":"post-8782","1":"product","2":"type-product","3":"status-publish","4":"has-post-thumbnail","6":"product_cat-machines-pour-le-travail-du-fer-a-beton","7":"product_cat-coupe-et-pliage","8":"product_cat-systemes-de-coupe","9":"product_tag-schnell-fr","11":"first","12":"instock","13":"shipping-taxable","14":"product-type-simple"},"yoast_head":"<!-- This site is optimized with the Yoast SEO plugin v26.8 - https:\/\/yoast.com\/product\/yoast-seo-wordpress\/ -->\n<title>OPTIBAT 5 - A.B.CON.<\/title>\n<meta name=\"robots\" content=\"index, follow, max-snippet:-1, max-image-preview:large, max-video-preview:-1\" \/>\n<link rel=\"canonical\" href=\"https:\/\/abcon.gr\/fr\/produit\/optibat-5\/\" \/>\n<meta property=\"og:locale\" content=\"fr_FR\" \/>\n<meta property=\"og:type\" content=\"article\" \/>\n<meta property=\"og:title\" content=\"OPTIBAT 5 - A.B.CON.\" \/>\n<meta property=\"og:description\" content=\"Banc de coupe automatique \u00e0 fonctionnement \u00e9lectrom\u00e9canique avec 5 voies de transport \u00e0 rouleaux et un canal auxiliaire de transport des barres.  &nbsp;  Gr\u00e2ce \u00e0 la pr\u00e9sence du deuxi\u00e8me canal de transport parall\u00e8le \u00e0 l&#039;unit\u00e9 de coupe, les barres pr\u00e9d\u00e9coup\u00e9es peuvent \u00eatre r\u00e9parties sur toute la longueur des voies \u00e0 rouleaux en optimisant l&#039;utilisation. Ainsi, il est possible d&#039;utiliser la m\u00eame voie \u00e0 rouleaux pour stocker des ordres diff\u00e9rents.  C\u2019est comme avoir un plus grand nombre de voies \u00e0 rouleaux permettant une meilleure optimisation de coupe r\u00e9duisant ainsi la quantit\u00e9 de chutes.  &nbsp;  Le banc de coupe &quot;OPTIBAT 5&quot; repr\u00e9sente la solution id\u00e9ale pour la coupe des  barres pour ceux qui effectuent un grand nombre de petites commandes et en  particulier pour ceux qui produisent pour le r\u00e9sidentiel.  &nbsp;  Flexible et rapide il se distingue de par l&#039;adoption de la technologie \u00e9lectrom\u00e9canique, garantissant:  - pr\u00e9cision \u00e9lev\u00e9e;  - niveau de bruit extr\u00eamement contenu;  - r\u00e9duction de la consommation;  - \u00e9conomie de l&#039;entretien.\" \/>\n<meta property=\"og:url\" content=\"https:\/\/abcon.gr\/fr\/produit\/optibat-5\/\" \/>\n<meta property=\"og:site_name\" content=\"A.B.CON.\" \/>\n<meta property=\"article:publisher\" content=\"https:\/\/www.facebook.com\/Steel.Precast.Solutions.ABCON\/\" \/>\n<meta property=\"article:modified_time\" content=\"2018-08-28T07:22:53+00:00\" \/>\n<meta property=\"og:image\" content=\"https:\/\/abcon.gr\/wp-content\/uploads\/2018\/06\/Optibat-5-1.jpg\" \/>\n\t<meta property=\"og:image:width\" content=\"750\" \/>\n\t<meta property=\"og:image:height\" content=\"500\" \/>\n\t<meta property=\"og:image:type\" content=\"image\/jpeg\" \/>\n<meta name=\"twitter:card\" content=\"summary_large_image\" \/>\n<script type=\"application\/ld+json\" class=\"yoast-schema-graph\">{\"@context\":\"https:\/\/schema.org\",\"@graph\":[{\"@type\":\"WebPage\",\"@id\":\"https:\/\/abcon.gr\/fr\/produit\/optibat-5\/\",\"url\":\"https:\/\/abcon.gr\/fr\/produit\/optibat-5\/\",\"name\":\"OPTIBAT 5 - A.B.CON.\",\"isPartOf\":{\"@id\":\"https:\/\/abcon.gr\/fr\/#website\"},\"primaryImageOfPage\":{\"@id\":\"https:\/\/abcon.gr\/fr\/produit\/optibat-5\/#primaryimage\"},\"image\":{\"@id\":\"https:\/\/abcon.gr\/fr\/produit\/optibat-5\/#primaryimage\"},\"thumbnailUrl\":\"https:\/\/abcon.gr\/wp-content\/uploads\/2018\/06\/Optibat-5-1.jpg\",\"datePublished\":\"2018-06-11T08:05:52+00:00\",\"dateModified\":\"2018-08-28T07:22:53+00:00\",\"breadcrumb\":{\"@id\":\"https:\/\/abcon.gr\/fr\/produit\/optibat-5\/#breadcrumb\"},\"inLanguage\":\"fr-FR\",\"potentialAction\":[{\"@type\":\"ReadAction\",\"target\":[\"https:\/\/abcon.gr\/fr\/produit\/optibat-5\/\"]}]},{\"@type\":\"ImageObject\",\"inLanguage\":\"fr-FR\",\"@id\":\"https:\/\/abcon.gr\/fr\/produit\/optibat-5\/#primaryimage\",\"url\":\"https:\/\/abcon.gr\/wp-content\/uploads\/2018\/06\/Optibat-5-1.jpg\",\"contentUrl\":\"https:\/\/abcon.gr\/wp-content\/uploads\/2018\/06\/Optibat-5-1.jpg\",\"width\":750,\"height\":500,\"caption\":\"Optibat 5 1\"},{\"@type\":\"BreadcrumbList\",\"@id\":\"https:\/\/abcon.gr\/fr\/produit\/optibat-5\/#breadcrumb\",\"itemListElement\":[{\"@type\":\"ListItem\",\"position\":1,\"name\":\"\u0391\u03c1\u03c7\u03b9\u03ba\u03ae\",\"item\":\"https:\/\/abcon.gr\/fr\/\"},{\"@type\":\"ListItem\",\"position\":2,\"name\":\"\u039a\u03b1\u03c4\u03ac\u03c3\u03c4\u03b7\u03bc\u03b1\",\"item\":\"https:\/\/abcon.gr\/fr\/%ce%ba%ce%b1%cf%84%ce%ac%cf%83%cf%84%ce%b7%ce%bc%ce%b1\/\"},{\"@type\":\"ListItem\",\"position\":3,\"name\":\"OPTIBAT 5\"}]},{\"@type\":\"WebSite\",\"@id\":\"https:\/\/abcon.gr\/fr\/#website\",\"url\":\"https:\/\/abcon.gr\/fr\/\",\"name\":\"A.B.CON. - \u039c\u03b7\u03c7\u03b1\u03bd\u03ad\u03c2 \u0395\u03c0\u03b5\u03be\u03b5\u03c1\u03b3\u03b1\u03c3\u03af\u03b1\u03c2 \u03a3\u03ba\u03c5\u03c1\u03bf\u03b4\u03ad\u03bc\u03b1\u03c4\u03bf\u03c2 & \u03a0\u03c1\u03bf\u03ba\u03b1\u03c4\u03b1\u03c3\u03ba\u03b5\u03c5\u03ae\u03c2\",\"description\":\"\u039c\u03b7\u03c7\u03b1\u03bd\u03ad\u03c2 \u0395\u03c0\u03b5\u03be\u03b5\u03c1\u03b3\u03b1\u03c3\u03af\u03b1\u03c2 \u03a3\u03ba\u03c5\u03c1\u03bf\u03b4\u03ad\u03bc\u03b1\u03c4\u03bf\u03c2 &amp; \u03a0\u03c1\u03bf\u03ba\u03b1\u03c4\u03b1\u03c3\u03ba\u03b5\u03c5\u03ae\u03c2\",\"publisher\":{\"@id\":\"https:\/\/abcon.gr\/fr\/#organization\"},\"potentialAction\":[{\"@type\":\"SearchAction\",\"target\":{\"@type\":\"EntryPoint\",\"urlTemplate\":\"https:\/\/abcon.gr\/fr\/?s={search_term_string}\"},\"query-input\":{\"@type\":\"PropertyValueSpecification\",\"valueRequired\":true,\"valueName\":\"search_term_string\"}}],\"inLanguage\":\"fr-FR\"},{\"@type\":\"Organization\",\"@id\":\"https:\/\/abcon.gr\/fr\/#organization\",\"name\":\"A.B.CON. - \u039c\u03b7\u03c7\u03b1\u03bd\u03ad\u03c2 \u0395\u03c0\u03b5\u03be\u03b5\u03c1\u03b3\u03b1\u03c3\u03af\u03b1\u03c2 \u03a3\u03ba\u03c5\u03c1\u03bf\u03b4\u03ad\u03bc\u03b1\u03c4\u03bf\u03c2 & \u03a0\u03c1\u03bf\u03ba\u03b1\u03c4\u03b1\u03c3\u03ba\u03b5\u03c5\u03ae\u03c2\",\"url\":\"https:\/\/abcon.gr\/fr\/\",\"logo\":{\"@type\":\"ImageObject\",\"inLanguage\":\"fr-FR\",\"@id\":\"https:\/\/abcon.gr\/fr\/#\/schema\/logo\/image\/\",\"url\":\"https:\/\/abcon.gr\/wp-content\/uploads\/2021\/04\/logo_150.png\",\"contentUrl\":\"https:\/\/abcon.gr\/wp-content\/uploads\/2021\/04\/logo_150.png\",\"width\":150,\"height\":74,\"caption\":\"A.B.CON. - \u039c\u03b7\u03c7\u03b1\u03bd\u03ad\u03c2 \u0395\u03c0\u03b5\u03be\u03b5\u03c1\u03b3\u03b1\u03c3\u03af\u03b1\u03c2 \u03a3\u03ba\u03c5\u03c1\u03bf\u03b4\u03ad\u03bc\u03b1\u03c4\u03bf\u03c2 & \u03a0\u03c1\u03bf\u03ba\u03b1\u03c4\u03b1\u03c3\u03ba\u03b5\u03c5\u03ae\u03c2\"},\"image\":{\"@id\":\"https:\/\/abcon.gr\/fr\/#\/schema\/logo\/image\/\"},\"sameAs\":[\"https:\/\/www.facebook.com\/Steel.Precast.Solutions.ABCON\/\"]}]}<\/script>\n<!-- \/ Yoast SEO plugin. -->","yoast_head_json":{"title":"OPTIBAT 5 - A.B.CON.","robots":{"index":"index","follow":"follow","max-snippet":"max-snippet:-1","max-image-preview":"max-image-preview:large","max-video-preview":"max-video-preview:-1"},"canonical":"https:\/\/abcon.gr\/fr\/produit\/optibat-5\/","og_locale":"fr_FR","og_type":"article","og_title":"OPTIBAT 5 - A.B.CON.","og_description":"Banc de coupe automatique \u00e0 fonctionnement \u00e9lectrom\u00e9canique avec 5 voies de transport \u00e0 rouleaux et un canal auxiliaire de transport des barres.  &nbsp;  Gr\u00e2ce \u00e0 la pr\u00e9sence du deuxi\u00e8me canal de transport parall\u00e8le \u00e0 l'unit\u00e9 de coupe, les barres pr\u00e9d\u00e9coup\u00e9es peuvent \u00eatre r\u00e9parties sur toute la longueur des voies \u00e0 rouleaux en optimisant l'utilisation. Ainsi, il est possible d'utiliser la m\u00eame voie \u00e0 rouleaux pour stocker des ordres diff\u00e9rents.  C\u2019est comme avoir un plus grand nombre de voies \u00e0 rouleaux permettant une meilleure optimisation de coupe r\u00e9duisant ainsi la quantit\u00e9 de chutes.  &nbsp;  Le banc de coupe \"OPTIBAT 5\" repr\u00e9sente la solution id\u00e9ale pour la coupe des  barres pour ceux qui effectuent un grand nombre de petites commandes et en  particulier pour ceux qui produisent pour le r\u00e9sidentiel.  &nbsp;  Flexible et rapide il se distingue de par l'adoption de la technologie \u00e9lectrom\u00e9canique, garantissant:  - pr\u00e9cision \u00e9lev\u00e9e;  - niveau de bruit extr\u00eamement contenu;  - r\u00e9duction de la consommation;  - \u00e9conomie de l'entretien.","og_url":"https:\/\/abcon.gr\/fr\/produit\/optibat-5\/","og_site_name":"A.B.CON.","article_publisher":"https:\/\/www.facebook.com\/Steel.Precast.Solutions.ABCON\/","article_modified_time":"2018-08-28T07:22:53+00:00","og_image":[{"width":750,"height":500,"url":"https:\/\/abcon.gr\/wp-content\/uploads\/2018\/06\/Optibat-5-1.jpg","type":"image\/jpeg"}],"twitter_card":"summary_large_image","schema":{"@context":"https:\/\/schema.org","@graph":[{"@type":"WebPage","@id":"https:\/\/abcon.gr\/fr\/produit\/optibat-5\/","url":"https:\/\/abcon.gr\/fr\/produit\/optibat-5\/","name":"OPTIBAT 5 - A.B.CON.","isPartOf":{"@id":"https:\/\/abcon.gr\/fr\/#website"},"primaryImageOfPage":{"@id":"https:\/\/abcon.gr\/fr\/produit\/optibat-5\/#primaryimage"},"image":{"@id":"https:\/\/abcon.gr\/fr\/produit\/optibat-5\/#primaryimage"},"thumbnailUrl":"https:\/\/abcon.gr\/wp-content\/uploads\/2018\/06\/Optibat-5-1.jpg","datePublished":"2018-06-11T08:05:52+00:00","dateModified":"2018-08-28T07:22:53+00:00","breadcrumb":{"@id":"https:\/\/abcon.gr\/fr\/produit\/optibat-5\/#breadcrumb"},"inLanguage":"fr-FR","potentialAction":[{"@type":"ReadAction","target":["https:\/\/abcon.gr\/fr\/produit\/optibat-5\/"]}]},{"@type":"ImageObject","inLanguage":"fr-FR","@id":"https:\/\/abcon.gr\/fr\/produit\/optibat-5\/#primaryimage","url":"https:\/\/abcon.gr\/wp-content\/uploads\/2018\/06\/Optibat-5-1.jpg","contentUrl":"https:\/\/abcon.gr\/wp-content\/uploads\/2018\/06\/Optibat-5-1.jpg","width":750,"height":500,"caption":"Optibat 5 1"},{"@type":"BreadcrumbList","@id":"https:\/\/abcon.gr\/fr\/produit\/optibat-5\/#breadcrumb","itemListElement":[{"@type":"ListItem","position":1,"name":"\u0391\u03c1\u03c7\u03b9\u03ba\u03ae","item":"https:\/\/abcon.gr\/fr\/"},{"@type":"ListItem","position":2,"name":"\u039a\u03b1\u03c4\u03ac\u03c3\u03c4\u03b7\u03bc\u03b1","item":"https:\/\/abcon.gr\/fr\/%ce%ba%ce%b1%cf%84%ce%ac%cf%83%cf%84%ce%b7%ce%bc%ce%b1\/"},{"@type":"ListItem","position":3,"name":"OPTIBAT 5"}]},{"@type":"WebSite","@id":"https:\/\/abcon.gr\/fr\/#website","url":"https:\/\/abcon.gr\/fr\/","name":"A.B.CON. - \u039c\u03b7\u03c7\u03b1\u03bd\u03ad\u03c2 \u0395\u03c0\u03b5\u03be\u03b5\u03c1\u03b3\u03b1\u03c3\u03af\u03b1\u03c2 \u03a3\u03ba\u03c5\u03c1\u03bf\u03b4\u03ad\u03bc\u03b1\u03c4\u03bf\u03c2 & \u03a0\u03c1\u03bf\u03ba\u03b1\u03c4\u03b1\u03c3\u03ba\u03b5\u03c5\u03ae\u03c2","description":"\u039c\u03b7\u03c7\u03b1\u03bd\u03ad\u03c2 \u0395\u03c0\u03b5\u03be\u03b5\u03c1\u03b3\u03b1\u03c3\u03af\u03b1\u03c2 \u03a3\u03ba\u03c5\u03c1\u03bf\u03b4\u03ad\u03bc\u03b1\u03c4\u03bf\u03c2 &amp; \u03a0\u03c1\u03bf\u03ba\u03b1\u03c4\u03b1\u03c3\u03ba\u03b5\u03c5\u03ae\u03c2","publisher":{"@id":"https:\/\/abcon.gr\/fr\/#organization"},"potentialAction":[{"@type":"SearchAction","target":{"@type":"EntryPoint","urlTemplate":"https:\/\/abcon.gr\/fr\/?s={search_term_string}"},"query-input":{"@type":"PropertyValueSpecification","valueRequired":true,"valueName":"search_term_string"}}],"inLanguage":"fr-FR"},{"@type":"Organization","@id":"https:\/\/abcon.gr\/fr\/#organization","name":"A.B.CON. - \u039c\u03b7\u03c7\u03b1\u03bd\u03ad\u03c2 \u0395\u03c0\u03b5\u03be\u03b5\u03c1\u03b3\u03b1\u03c3\u03af\u03b1\u03c2 \u03a3\u03ba\u03c5\u03c1\u03bf\u03b4\u03ad\u03bc\u03b1\u03c4\u03bf\u03c2 & \u03a0\u03c1\u03bf\u03ba\u03b1\u03c4\u03b1\u03c3\u03ba\u03b5\u03c5\u03ae\u03c2","url":"https:\/\/abcon.gr\/fr\/","logo":{"@type":"ImageObject","inLanguage":"fr-FR","@id":"https:\/\/abcon.gr\/fr\/#\/schema\/logo\/image\/","url":"https:\/\/abcon.gr\/wp-content\/uploads\/2021\/04\/logo_150.png","contentUrl":"https:\/\/abcon.gr\/wp-content\/uploads\/2021\/04\/logo_150.png","width":150,"height":74,"caption":"A.B.CON. - \u039c\u03b7\u03c7\u03b1\u03bd\u03ad\u03c2 \u0395\u03c0\u03b5\u03be\u03b5\u03c1\u03b3\u03b1\u03c3\u03af\u03b1\u03c2 \u03a3\u03ba\u03c5\u03c1\u03bf\u03b4\u03ad\u03bc\u03b1\u03c4\u03bf\u03c2 & \u03a0\u03c1\u03bf\u03ba\u03b1\u03c4\u03b1\u03c3\u03ba\u03b5\u03c5\u03ae\u03c2"},"image":{"@id":"https:\/\/abcon.gr\/fr\/#\/schema\/logo\/image\/"},"sameAs":["https:\/\/www.facebook.com\/Steel.Precast.Solutions.ABCON\/"]}]}},"_links":{"self":[{"href":"https:\/\/abcon.gr\/fr\/wp-json\/wp\/v2\/product\/8782","targetHints":{"allow":["GET"]}}],"collection":[{"href":"https:\/\/abcon.gr\/fr\/wp-json\/wp\/v2\/product"}],"about":[{"href":"https:\/\/abcon.gr\/fr\/wp-json\/wp\/v2\/types\/product"}],"wp:featuredmedia":[{"embeddable":true,"href":"https:\/\/abcon.gr\/fr\/wp-json\/wp\/v2\/media\/5127"}],"wp:attachment":[{"href":"https:\/\/abcon.gr\/fr\/wp-json\/wp\/v2\/media?parent=8782"}],"wp:term":[{"taxonomy":"product_brand","embeddable":true,"href":"https:\/\/abcon.gr\/fr\/wp-json\/wp\/v2\/product_brand?post=8782"},{"taxonomy":"product_cat","embeddable":true,"href":"https:\/\/abcon.gr\/fr\/wp-json\/wp\/v2\/product_cat?post=8782"},{"taxonomy":"product_tag","embeddable":true,"href":"https:\/\/abcon.gr\/fr\/wp-json\/wp\/v2\/product_tag?post=8782"}],"curies":[{"name":"wp","href":"https:\/\/api.w.org\/{rel}","templated":true}]}}