{"id":8774,"date":"2018-04-03T19:30:46","date_gmt":"2018-04-03T16:30:46","guid":{"rendered":"http:\/\/test3.aenima.grproduct\/ancres-de-levage\/"},"modified":"2018-04-03T19:30:46","modified_gmt":"2018-04-03T16:30:46","slug":"ancres-de-levage","status":"publish","type":"product","link":"https:\/\/abcon.gr\/fr\/produit\/ancres-de-levage\/","title":{"rendered":"Ancres de levage"},"content":{"rendered":"","protected":false},"excerpt":{"rendered":"<p>Le &lsquo;SYSTEME DE LEVAGE RAPIDE&rsquo; offre une m\u00e9thode rationnelle et s\u00fbre pour la manutention des \u00e9l\u00e9ments en b\u00e9ton.<br \/>\nLes op\u00e9rations d\u2019enclenchement et de d\u00e9clenchement de la main de levage sont instantan\u00e9es et permettent \u00e9galement le levage &lsquo;en couteau&rsquo; des panneaux produits en horizontal avec rapidit\u00e9, s\u00e9curit\u00e9 et \u00e9conomie.<br \/>\nLe syst\u00e8me ne pr\u00e9voit aucune pi\u00e8ce soud\u00e9e ou viss\u00e9e, ce qui r\u00e9duit donc les temps de pose au minimum et, surtout, tous les risques caus\u00e9s par un mauvais vissage ou par l\u2019usure du filetage qui sont donc exclus.<br \/>\nL\u2019efficacit\u00e9 du &lsquo;SYSTEME DE LEVAGE RAPIDE&rsquo; est t\u00e9moign\u00e9e par son large emploi sur les chantiers depuis des dizaines d\u2019ann\u00e9es.<br \/>\nLes composants du &lsquo;SYSTEME DE LEVAGE RAPIDE&rsquo; sont l\u2019ancre de levage, la main de levage et la r\u00e9servation en caoutchouc \u00e0 r\u00e9utiliser, laquelle, fix\u00e9e auparavant dans le moule, forme une cavit\u00e9 dans le coulage du b\u00e9ton permettant la prise de la t\u00eate de l\u2019ancre par la main de levage.<\/p>\n","protected":false},"featured_media":4493,"template":"","meta":{"_exactmetrics_skip_tracking":false,"_exactmetrics_sitenote_active":false,"_exactmetrics_sitenote_note":"","_exactmetrics_sitenote_category":0},"product_brand":[],"product_cat":[214,256],"product_tag":[325],"class_list":{"0":"post-8774","1":"product","2":"type-product","3":"status-publish","4":"has-post-thumbnail","6":"product_cat-equipement-precast","7":"product_cat-accessoires-de-levage","8":"product_tag-bianchi-fr","10":"first","11":"instock","12":"shipping-taxable","13":"product-type-simple"},"yoast_head":"<!-- This site is optimized with the Yoast SEO plugin v26.8 - https:\/\/yoast.com\/product\/yoast-seo-wordpress\/ -->\n<title>Ancres de levage - A.B.CON.<\/title>\n<meta name=\"robots\" content=\"index, follow, max-snippet:-1, max-image-preview:large, max-video-preview:-1\" \/>\n<link rel=\"canonical\" href=\"https:\/\/abcon.gr\/produit\/\u03b1\u03b3\u03ba\u03c5\u03c1\u03b9\u03b1-\u03b1\u03bd\u03c5\u03c8\u03c9\u03c3\u03b7\u03c3\/\" \/>\n<meta property=\"og:locale\" content=\"fr_FR\" \/>\n<meta property=\"og:type\" content=\"article\" \/>\n<meta property=\"og:title\" content=\"Ancres de levage - A.B.CON.\" \/>\n<meta property=\"og:description\" content=\"Le &#039;SYSTEME DE LEVAGE RAPIDE&#039; offre une m\u00e9thode rationnelle et s\u00fbre pour la manutention des \u00e9l\u00e9ments en b\u00e9ton. Les op\u00e9rations d\u2019enclenchement et de d\u00e9clenchement de la main de levage sont instantan\u00e9es et permettent \u00e9galement le levage &#039;en couteau&#039; des panneaux produits en horizontal avec rapidit\u00e9, s\u00e9curit\u00e9 et \u00e9conomie. Le syst\u00e8me ne pr\u00e9voit aucune pi\u00e8ce soud\u00e9e ou viss\u00e9e, ce qui r\u00e9duit donc les temps de pose au minimum et, surtout, tous les risques caus\u00e9s par un mauvais vissage ou par l\u2019usure du filetage qui sont donc exclus. L\u2019efficacit\u00e9 du &#039;SYSTEME DE LEVAGE RAPIDE&#039; est t\u00e9moign\u00e9e par son large emploi sur les chantiers depuis des dizaines d\u2019ann\u00e9es. Les composants du &#039;SYSTEME DE LEVAGE RAPIDE&#039; sont l\u2019ancre de levage, la main de levage et la r\u00e9servation en caoutchouc \u00e0 r\u00e9utiliser, laquelle, fix\u00e9e auparavant dans le moule, forme une cavit\u00e9 dans le coulage du b\u00e9ton permettant la prise de la t\u00eate de l\u2019ancre par la main de levage.\" \/>\n<meta property=\"og:url\" content=\"https:\/\/abcon.gr\/produit\/\u03b1\u03b3\u03ba\u03c5\u03c1\u03b9\u03b1-\u03b1\u03bd\u03c5\u03c8\u03c9\u03c3\u03b7\u03c3\/\" \/>\n<meta property=\"og:site_name\" content=\"A.B.CON.\" \/>\n<meta property=\"article:publisher\" content=\"https:\/\/www.facebook.com\/Steel.Precast.Solutions.ABCON\/\" \/>\n<meta property=\"og:image\" content=\"https:\/\/abcon.gr\/wp-content\/uploads\/2018\/04\/r_1ElPMqB1TphpUnFjgs.jpg\" \/>\n\t<meta property=\"og:image:width\" content=\"500\" \/>\n\t<meta property=\"og:image:height\" content=\"510\" \/>\n\t<meta property=\"og:image:type\" content=\"image\/jpeg\" \/>\n<meta name=\"twitter:card\" content=\"summary_large_image\" \/>\n<script type=\"application\/ld+json\" class=\"yoast-schema-graph\">{\"@context\":\"https:\/\/schema.org\",\"@graph\":[{\"@type\":\"WebPage\",\"@id\":\"https:\/\/abcon.gr\/produit\/%ce%b1%ce%b3%ce%ba%cf%85%cf%81%ce%b9%ce%b1-%ce%b1%ce%bd%cf%85%cf%88%cf%89%cf%83%ce%b7%cf%83\/\",\"url\":\"https:\/\/abcon.gr\/produit\/%ce%b1%ce%b3%ce%ba%cf%85%cf%81%ce%b9%ce%b1-%ce%b1%ce%bd%cf%85%cf%88%cf%89%cf%83%ce%b7%cf%83\/\",\"name\":\"Ancres de levage - A.B.CON.\",\"isPartOf\":{\"@id\":\"https:\/\/abcon.gr\/fr\/#website\"},\"primaryImageOfPage\":{\"@id\":\"https:\/\/abcon.gr\/produit\/%ce%b1%ce%b3%ce%ba%cf%85%cf%81%ce%b9%ce%b1-%ce%b1%ce%bd%cf%85%cf%88%cf%89%cf%83%ce%b7%cf%83\/#primaryimage\"},\"image\":{\"@id\":\"https:\/\/abcon.gr\/produit\/%ce%b1%ce%b3%ce%ba%cf%85%cf%81%ce%b9%ce%b1-%ce%b1%ce%bd%cf%85%cf%88%cf%89%cf%83%ce%b7%cf%83\/#primaryimage\"},\"thumbnailUrl\":\"https:\/\/abcon.gr\/wp-content\/uploads\/2018\/04\/r_1ElPMqB1TphpUnFjgs.jpg\",\"datePublished\":\"2018-04-03T16:30:46+00:00\",\"breadcrumb\":{\"@id\":\"https:\/\/abcon.gr\/produit\/%ce%b1%ce%b3%ce%ba%cf%85%cf%81%ce%b9%ce%b1-%ce%b1%ce%bd%cf%85%cf%88%cf%89%cf%83%ce%b7%cf%83\/#breadcrumb\"},\"inLanguage\":\"fr-FR\",\"potentialAction\":[{\"@type\":\"ReadAction\",\"target\":[\"https:\/\/abcon.gr\/produit\/%ce%b1%ce%b3%ce%ba%cf%85%cf%81%ce%b9%ce%b1-%ce%b1%ce%bd%cf%85%cf%88%cf%89%cf%83%ce%b7%cf%83\/\"]}]},{\"@type\":\"ImageObject\",\"inLanguage\":\"fr-FR\",\"@id\":\"https:\/\/abcon.gr\/produit\/%ce%b1%ce%b3%ce%ba%cf%85%cf%81%ce%b9%ce%b1-%ce%b1%ce%bd%cf%85%cf%88%cf%89%cf%83%ce%b7%cf%83\/#primaryimage\",\"url\":\"https:\/\/abcon.gr\/wp-content\/uploads\/2018\/04\/r_1ElPMqB1TphpUnFjgs.jpg\",\"contentUrl\":\"https:\/\/abcon.gr\/wp-content\/uploads\/2018\/04\/r_1ElPMqB1TphpUnFjgs.jpg\",\"width\":500,\"height\":510,\"caption\":\"r 1ElPMqB1TphpUnFjgs\"},{\"@type\":\"BreadcrumbList\",\"@id\":\"https:\/\/abcon.gr\/produit\/%ce%b1%ce%b3%ce%ba%cf%85%cf%81%ce%b9%ce%b1-%ce%b1%ce%bd%cf%85%cf%88%cf%89%cf%83%ce%b7%cf%83\/#breadcrumb\",\"itemListElement\":[{\"@type\":\"ListItem\",\"position\":1,\"name\":\"\u0391\u03c1\u03c7\u03b9\u03ba\u03ae\",\"item\":\"https:\/\/abcon.gr\/fr\/\"},{\"@type\":\"ListItem\",\"position\":2,\"name\":\"\u039a\u03b1\u03c4\u03ac\u03c3\u03c4\u03b7\u03bc\u03b1\",\"item\":\"https:\/\/abcon.gr\/fr\/%ce%ba%ce%b1%cf%84%ce%ac%cf%83%cf%84%ce%b7%ce%bc%ce%b1\/\"},{\"@type\":\"ListItem\",\"position\":3,\"name\":\"Ancres de levage\"}]},{\"@type\":\"WebSite\",\"@id\":\"https:\/\/abcon.gr\/fr\/#website\",\"url\":\"https:\/\/abcon.gr\/fr\/\",\"name\":\"A.B.CON. - \u039c\u03b7\u03c7\u03b1\u03bd\u03ad\u03c2 \u0395\u03c0\u03b5\u03be\u03b5\u03c1\u03b3\u03b1\u03c3\u03af\u03b1\u03c2 \u03a3\u03ba\u03c5\u03c1\u03bf\u03b4\u03ad\u03bc\u03b1\u03c4\u03bf\u03c2 & \u03a0\u03c1\u03bf\u03ba\u03b1\u03c4\u03b1\u03c3\u03ba\u03b5\u03c5\u03ae\u03c2\",\"description\":\"\u039c\u03b7\u03c7\u03b1\u03bd\u03ad\u03c2 \u0395\u03c0\u03b5\u03be\u03b5\u03c1\u03b3\u03b1\u03c3\u03af\u03b1\u03c2 \u03a3\u03ba\u03c5\u03c1\u03bf\u03b4\u03ad\u03bc\u03b1\u03c4\u03bf\u03c2 &amp; \u03a0\u03c1\u03bf\u03ba\u03b1\u03c4\u03b1\u03c3\u03ba\u03b5\u03c5\u03ae\u03c2\",\"publisher\":{\"@id\":\"https:\/\/abcon.gr\/fr\/#organization\"},\"potentialAction\":[{\"@type\":\"SearchAction\",\"target\":{\"@type\":\"EntryPoint\",\"urlTemplate\":\"https:\/\/abcon.gr\/fr\/?s={search_term_string}\"},\"query-input\":{\"@type\":\"PropertyValueSpecification\",\"valueRequired\":true,\"valueName\":\"search_term_string\"}}],\"inLanguage\":\"fr-FR\"},{\"@type\":\"Organization\",\"@id\":\"https:\/\/abcon.gr\/fr\/#organization\",\"name\":\"A.B.CON. - \u039c\u03b7\u03c7\u03b1\u03bd\u03ad\u03c2 \u0395\u03c0\u03b5\u03be\u03b5\u03c1\u03b3\u03b1\u03c3\u03af\u03b1\u03c2 \u03a3\u03ba\u03c5\u03c1\u03bf\u03b4\u03ad\u03bc\u03b1\u03c4\u03bf\u03c2 & \u03a0\u03c1\u03bf\u03ba\u03b1\u03c4\u03b1\u03c3\u03ba\u03b5\u03c5\u03ae\u03c2\",\"url\":\"https:\/\/abcon.gr\/fr\/\",\"logo\":{\"@type\":\"ImageObject\",\"inLanguage\":\"fr-FR\",\"@id\":\"https:\/\/abcon.gr\/fr\/#\/schema\/logo\/image\/\",\"url\":\"https:\/\/abcon.gr\/wp-content\/uploads\/2021\/04\/logo_150.png\",\"contentUrl\":\"https:\/\/abcon.gr\/wp-content\/uploads\/2021\/04\/logo_150.png\",\"width\":150,\"height\":74,\"caption\":\"A.B.CON. - \u039c\u03b7\u03c7\u03b1\u03bd\u03ad\u03c2 \u0395\u03c0\u03b5\u03be\u03b5\u03c1\u03b3\u03b1\u03c3\u03af\u03b1\u03c2 \u03a3\u03ba\u03c5\u03c1\u03bf\u03b4\u03ad\u03bc\u03b1\u03c4\u03bf\u03c2 & \u03a0\u03c1\u03bf\u03ba\u03b1\u03c4\u03b1\u03c3\u03ba\u03b5\u03c5\u03ae\u03c2\"},\"image\":{\"@id\":\"https:\/\/abcon.gr\/fr\/#\/schema\/logo\/image\/\"},\"sameAs\":[\"https:\/\/www.facebook.com\/Steel.Precast.Solutions.ABCON\/\"]}]}<\/script>\n<!-- \/ Yoast SEO plugin. -->","yoast_head_json":{"title":"Ancres de levage - A.B.CON.","robots":{"index":"index","follow":"follow","max-snippet":"max-snippet:-1","max-image-preview":"max-image-preview:large","max-video-preview":"max-video-preview:-1"},"canonical":"https:\/\/abcon.gr\/produit\/\u03b1\u03b3\u03ba\u03c5\u03c1\u03b9\u03b1-\u03b1\u03bd\u03c5\u03c8\u03c9\u03c3\u03b7\u03c3\/","og_locale":"fr_FR","og_type":"article","og_title":"Ancres de levage - A.B.CON.","og_description":"Le 'SYSTEME DE LEVAGE RAPIDE' offre une m\u00e9thode rationnelle et s\u00fbre pour la manutention des \u00e9l\u00e9ments en b\u00e9ton. Les op\u00e9rations d\u2019enclenchement et de d\u00e9clenchement de la main de levage sont instantan\u00e9es et permettent \u00e9galement le levage 'en couteau' des panneaux produits en horizontal avec rapidit\u00e9, s\u00e9curit\u00e9 et \u00e9conomie. Le syst\u00e8me ne pr\u00e9voit aucune pi\u00e8ce soud\u00e9e ou viss\u00e9e, ce qui r\u00e9duit donc les temps de pose au minimum et, surtout, tous les risques caus\u00e9s par un mauvais vissage ou par l\u2019usure du filetage qui sont donc exclus. L\u2019efficacit\u00e9 du 'SYSTEME DE LEVAGE RAPIDE' est t\u00e9moign\u00e9e par son large emploi sur les chantiers depuis des dizaines d\u2019ann\u00e9es. Les composants du 'SYSTEME DE LEVAGE RAPIDE' sont l\u2019ancre de levage, la main de levage et la r\u00e9servation en caoutchouc \u00e0 r\u00e9utiliser, laquelle, fix\u00e9e auparavant dans le moule, forme une cavit\u00e9 dans le coulage du b\u00e9ton permettant la prise de la t\u00eate de l\u2019ancre par la main de levage.","og_url":"https:\/\/abcon.gr\/produit\/\u03b1\u03b3\u03ba\u03c5\u03c1\u03b9\u03b1-\u03b1\u03bd\u03c5\u03c8\u03c9\u03c3\u03b7\u03c3\/","og_site_name":"A.B.CON.","article_publisher":"https:\/\/www.facebook.com\/Steel.Precast.Solutions.ABCON\/","og_image":[{"width":500,"height":510,"url":"https:\/\/abcon.gr\/wp-content\/uploads\/2018\/04\/r_1ElPMqB1TphpUnFjgs.jpg","type":"image\/jpeg"}],"twitter_card":"summary_large_image","schema":{"@context":"https:\/\/schema.org","@graph":[{"@type":"WebPage","@id":"https:\/\/abcon.gr\/produit\/%ce%b1%ce%b3%ce%ba%cf%85%cf%81%ce%b9%ce%b1-%ce%b1%ce%bd%cf%85%cf%88%cf%89%cf%83%ce%b7%cf%83\/","url":"https:\/\/abcon.gr\/produit\/%ce%b1%ce%b3%ce%ba%cf%85%cf%81%ce%b9%ce%b1-%ce%b1%ce%bd%cf%85%cf%88%cf%89%cf%83%ce%b7%cf%83\/","name":"Ancres de levage - A.B.CON.","isPartOf":{"@id":"https:\/\/abcon.gr\/fr\/#website"},"primaryImageOfPage":{"@id":"https:\/\/abcon.gr\/produit\/%ce%b1%ce%b3%ce%ba%cf%85%cf%81%ce%b9%ce%b1-%ce%b1%ce%bd%cf%85%cf%88%cf%89%cf%83%ce%b7%cf%83\/#primaryimage"},"image":{"@id":"https:\/\/abcon.gr\/produit\/%ce%b1%ce%b3%ce%ba%cf%85%cf%81%ce%b9%ce%b1-%ce%b1%ce%bd%cf%85%cf%88%cf%89%cf%83%ce%b7%cf%83\/#primaryimage"},"thumbnailUrl":"https:\/\/abcon.gr\/wp-content\/uploads\/2018\/04\/r_1ElPMqB1TphpUnFjgs.jpg","datePublished":"2018-04-03T16:30:46+00:00","breadcrumb":{"@id":"https:\/\/abcon.gr\/produit\/%ce%b1%ce%b3%ce%ba%cf%85%cf%81%ce%b9%ce%b1-%ce%b1%ce%bd%cf%85%cf%88%cf%89%cf%83%ce%b7%cf%83\/#breadcrumb"},"inLanguage":"fr-FR","potentialAction":[{"@type":"ReadAction","target":["https:\/\/abcon.gr\/produit\/%ce%b1%ce%b3%ce%ba%cf%85%cf%81%ce%b9%ce%b1-%ce%b1%ce%bd%cf%85%cf%88%cf%89%cf%83%ce%b7%cf%83\/"]}]},{"@type":"ImageObject","inLanguage":"fr-FR","@id":"https:\/\/abcon.gr\/produit\/%ce%b1%ce%b3%ce%ba%cf%85%cf%81%ce%b9%ce%b1-%ce%b1%ce%bd%cf%85%cf%88%cf%89%cf%83%ce%b7%cf%83\/#primaryimage","url":"https:\/\/abcon.gr\/wp-content\/uploads\/2018\/04\/r_1ElPMqB1TphpUnFjgs.jpg","contentUrl":"https:\/\/abcon.gr\/wp-content\/uploads\/2018\/04\/r_1ElPMqB1TphpUnFjgs.jpg","width":500,"height":510,"caption":"r 1ElPMqB1TphpUnFjgs"},{"@type":"BreadcrumbList","@id":"https:\/\/abcon.gr\/produit\/%ce%b1%ce%b3%ce%ba%cf%85%cf%81%ce%b9%ce%b1-%ce%b1%ce%bd%cf%85%cf%88%cf%89%cf%83%ce%b7%cf%83\/#breadcrumb","itemListElement":[{"@type":"ListItem","position":1,"name":"\u0391\u03c1\u03c7\u03b9\u03ba\u03ae","item":"https:\/\/abcon.gr\/fr\/"},{"@type":"ListItem","position":2,"name":"\u039a\u03b1\u03c4\u03ac\u03c3\u03c4\u03b7\u03bc\u03b1","item":"https:\/\/abcon.gr\/fr\/%ce%ba%ce%b1%cf%84%ce%ac%cf%83%cf%84%ce%b7%ce%bc%ce%b1\/"},{"@type":"ListItem","position":3,"name":"Ancres de levage"}]},{"@type":"WebSite","@id":"https:\/\/abcon.gr\/fr\/#website","url":"https:\/\/abcon.gr\/fr\/","name":"A.B.CON. - \u039c\u03b7\u03c7\u03b1\u03bd\u03ad\u03c2 \u0395\u03c0\u03b5\u03be\u03b5\u03c1\u03b3\u03b1\u03c3\u03af\u03b1\u03c2 \u03a3\u03ba\u03c5\u03c1\u03bf\u03b4\u03ad\u03bc\u03b1\u03c4\u03bf\u03c2 & \u03a0\u03c1\u03bf\u03ba\u03b1\u03c4\u03b1\u03c3\u03ba\u03b5\u03c5\u03ae\u03c2","description":"\u039c\u03b7\u03c7\u03b1\u03bd\u03ad\u03c2 \u0395\u03c0\u03b5\u03be\u03b5\u03c1\u03b3\u03b1\u03c3\u03af\u03b1\u03c2 \u03a3\u03ba\u03c5\u03c1\u03bf\u03b4\u03ad\u03bc\u03b1\u03c4\u03bf\u03c2 &amp; \u03a0\u03c1\u03bf\u03ba\u03b1\u03c4\u03b1\u03c3\u03ba\u03b5\u03c5\u03ae\u03c2","publisher":{"@id":"https:\/\/abcon.gr\/fr\/#organization"},"potentialAction":[{"@type":"SearchAction","target":{"@type":"EntryPoint","urlTemplate":"https:\/\/abcon.gr\/fr\/?s={search_term_string}"},"query-input":{"@type":"PropertyValueSpecification","valueRequired":true,"valueName":"search_term_string"}}],"inLanguage":"fr-FR"},{"@type":"Organization","@id":"https:\/\/abcon.gr\/fr\/#organization","name":"A.B.CON. - \u039c\u03b7\u03c7\u03b1\u03bd\u03ad\u03c2 \u0395\u03c0\u03b5\u03be\u03b5\u03c1\u03b3\u03b1\u03c3\u03af\u03b1\u03c2 \u03a3\u03ba\u03c5\u03c1\u03bf\u03b4\u03ad\u03bc\u03b1\u03c4\u03bf\u03c2 & \u03a0\u03c1\u03bf\u03ba\u03b1\u03c4\u03b1\u03c3\u03ba\u03b5\u03c5\u03ae\u03c2","url":"https:\/\/abcon.gr\/fr\/","logo":{"@type":"ImageObject","inLanguage":"fr-FR","@id":"https:\/\/abcon.gr\/fr\/#\/schema\/logo\/image\/","url":"https:\/\/abcon.gr\/wp-content\/uploads\/2021\/04\/logo_150.png","contentUrl":"https:\/\/abcon.gr\/wp-content\/uploads\/2021\/04\/logo_150.png","width":150,"height":74,"caption":"A.B.CON. - \u039c\u03b7\u03c7\u03b1\u03bd\u03ad\u03c2 \u0395\u03c0\u03b5\u03be\u03b5\u03c1\u03b3\u03b1\u03c3\u03af\u03b1\u03c2 \u03a3\u03ba\u03c5\u03c1\u03bf\u03b4\u03ad\u03bc\u03b1\u03c4\u03bf\u03c2 & \u03a0\u03c1\u03bf\u03ba\u03b1\u03c4\u03b1\u03c3\u03ba\u03b5\u03c5\u03ae\u03c2"},"image":{"@id":"https:\/\/abcon.gr\/fr\/#\/schema\/logo\/image\/"},"sameAs":["https:\/\/www.facebook.com\/Steel.Precast.Solutions.ABCON\/"]}]}},"_links":{"self":[{"href":"https:\/\/abcon.gr\/fr\/wp-json\/wp\/v2\/product\/8774","targetHints":{"allow":["GET"]}}],"collection":[{"href":"https:\/\/abcon.gr\/fr\/wp-json\/wp\/v2\/product"}],"about":[{"href":"https:\/\/abcon.gr\/fr\/wp-json\/wp\/v2\/types\/product"}],"wp:featuredmedia":[{"embeddable":true,"href":"https:\/\/abcon.gr\/fr\/wp-json\/wp\/v2\/media\/4493"}],"wp:attachment":[{"href":"https:\/\/abcon.gr\/fr\/wp-json\/wp\/v2\/media?parent=8774"}],"wp:term":[{"taxonomy":"product_brand","embeddable":true,"href":"https:\/\/abcon.gr\/fr\/wp-json\/wp\/v2\/product_brand?post=8774"},{"taxonomy":"product_cat","embeddable":true,"href":"https:\/\/abcon.gr\/fr\/wp-json\/wp\/v2\/product_cat?post=8774"},{"taxonomy":"product_tag","embeddable":true,"href":"https:\/\/abcon.gr\/fr\/wp-json\/wp\/v2\/product_tag?post=8774"}],"curies":[{"name":"wp","href":"https:\/\/api.w.org\/{rel}","templated":true}]}}