{"id":8772,"date":"2018-04-03T19:32:16","date_gmt":"2018-04-03T16:32:16","guid":{"rendered":"http:\/\/test3.aenima.grproduct\/main-de-levage\/"},"modified":"2018-08-27T15:55:12","modified_gmt":"2018-08-27T12:55:12","slug":"main-de-levage","status":"publish","type":"product","link":"https:\/\/abcon.gr\/fr\/produit\/main-de-levage\/","title":{"rendered":"Main de levage"},"content":{"rendered":"","protected":false},"excerpt":{"rendered":"<p>Il s\u2019agit du composant r\u00e9utilisable du &lsquo;SYSTEME DE LEVAGE&rsquo;, construit en acier \u00e0 haute r\u00e9sistance pour garantir une longue utilisation.<br \/>\nLa partie terminale inf\u00e9rieure sph\u00e9rique tourne dans la cavit\u00e9 qui a \u00e9t\u00e9 auparavant cr\u00e9\u00e9e dans l\u2019\u00e9l\u00e9ment et sa boucle conform\u00e9e en &lsquo;T&rsquo; s\u2019enclenche dans la t\u00eate sph\u00e9rique de l\u2019ancre.<br \/>\nLe contact avec la t\u00eate de l\u2019ancre s\u2019effectue uniquement durant la phase de levage : le bec de la t\u00eate sph\u00e9rique est appuy\u00e9 contre l\u2019\u00e9l\u00e9ment pr\u00e9fabriqu\u00e9.<\/p>\n","protected":false},"featured_media":4484,"template":"","meta":{"_exactmetrics_skip_tracking":false,"_exactmetrics_sitenote_active":false,"_exactmetrics_sitenote_note":"","_exactmetrics_sitenote_category":0},"product_brand":[],"product_cat":[214,256],"product_tag":[325],"class_list":{"0":"post-8772","1":"product","2":"type-product","3":"status-publish","4":"has-post-thumbnail","6":"product_cat-equipement-precast","7":"product_cat-accessoires-de-levage","8":"product_tag-bianchi-fr","10":"first","11":"instock","12":"shipping-taxable","13":"product-type-simple"},"yoast_head":"<!-- This site is optimized with the Yoast SEO plugin v26.8 - https:\/\/yoast.com\/product\/yoast-seo-wordpress\/ -->\n<title>Main de levage - A.B.CON.<\/title>\n<meta name=\"robots\" content=\"index, follow, max-snippet:-1, max-image-preview:large, max-video-preview:-1\" \/>\n<link rel=\"canonical\" href=\"https:\/\/abcon.gr\/produit\/\u03c3\u03c5\u03bc\u03c0\u03bb\u03b5\u03ba\u03c4\u03b7\u03c3-\u03b1\u03bd\u03c5\u03c8\u03c9\u03c3\u03b7\u03c3\/\" \/>\n<meta property=\"og:locale\" content=\"fr_FR\" \/>\n<meta property=\"og:type\" content=\"article\" \/>\n<meta property=\"og:title\" content=\"Main de levage - A.B.CON.\" \/>\n<meta property=\"og:description\" content=\"Il s\u2019agit du composant r\u00e9utilisable du &#039;SYSTEME DE LEVAGE&#039;, construit en acier \u00e0 haute r\u00e9sistance pour garantir une longue utilisation. La partie terminale inf\u00e9rieure sph\u00e9rique tourne dans la cavit\u00e9 qui a \u00e9t\u00e9 auparavant cr\u00e9\u00e9e dans l\u2019\u00e9l\u00e9ment et sa boucle conform\u00e9e en &#039;T&#039; s\u2019enclenche dans la t\u00eate sph\u00e9rique de l\u2019ancre. Le contact avec la t\u00eate de l\u2019ancre s\u2019effectue uniquement durant la phase de levage : le bec de la t\u00eate sph\u00e9rique est appuy\u00e9 contre l\u2019\u00e9l\u00e9ment pr\u00e9fabriqu\u00e9.\" \/>\n<meta property=\"og:url\" content=\"https:\/\/abcon.gr\/produit\/\u03c3\u03c5\u03bc\u03c0\u03bb\u03b5\u03ba\u03c4\u03b7\u03c3-\u03b1\u03bd\u03c5\u03c8\u03c9\u03c3\u03b7\u03c3\/\" \/>\n<meta property=\"og:site_name\" content=\"A.B.CON.\" \/>\n<meta property=\"article:publisher\" content=\"https:\/\/www.facebook.com\/Steel.Precast.Solutions.ABCON\/\" \/>\n<meta property=\"article:modified_time\" content=\"2018-08-27T12:55:12+00:00\" \/>\n<meta property=\"og:image\" content=\"https:\/\/abcon.gr\/wp-content\/uploads\/2018\/04\/Lifting-clutch-1.jpg\" \/>\n\t<meta property=\"og:image:width\" content=\"500\" \/>\n\t<meta property=\"og:image:height\" content=\"510\" \/>\n\t<meta property=\"og:image:type\" content=\"image\/jpeg\" \/>\n<meta name=\"twitter:card\" content=\"summary_large_image\" \/>\n<script type=\"application\/ld+json\" class=\"yoast-schema-graph\">{\"@context\":\"https:\/\/schema.org\",\"@graph\":[{\"@type\":\"WebPage\",\"@id\":\"https:\/\/abcon.gr\/produit\/%cf%83%cf%85%ce%bc%cf%80%ce%bb%ce%b5%ce%ba%cf%84%ce%b7%cf%83-%ce%b1%ce%bd%cf%85%cf%88%cf%89%cf%83%ce%b7%cf%83\/\",\"url\":\"https:\/\/abcon.gr\/produit\/%cf%83%cf%85%ce%bc%cf%80%ce%bb%ce%b5%ce%ba%cf%84%ce%b7%cf%83-%ce%b1%ce%bd%cf%85%cf%88%cf%89%cf%83%ce%b7%cf%83\/\",\"name\":\"Main de levage - A.B.CON.\",\"isPartOf\":{\"@id\":\"https:\/\/abcon.gr\/fr\/#website\"},\"primaryImageOfPage\":{\"@id\":\"https:\/\/abcon.gr\/produit\/%cf%83%cf%85%ce%bc%cf%80%ce%bb%ce%b5%ce%ba%cf%84%ce%b7%cf%83-%ce%b1%ce%bd%cf%85%cf%88%cf%89%cf%83%ce%b7%cf%83\/#primaryimage\"},\"image\":{\"@id\":\"https:\/\/abcon.gr\/produit\/%cf%83%cf%85%ce%bc%cf%80%ce%bb%ce%b5%ce%ba%cf%84%ce%b7%cf%83-%ce%b1%ce%bd%cf%85%cf%88%cf%89%cf%83%ce%b7%cf%83\/#primaryimage\"},\"thumbnailUrl\":\"https:\/\/abcon.gr\/wp-content\/uploads\/2018\/04\/Lifting-clutch-1.jpg\",\"datePublished\":\"2018-04-03T16:32:16+00:00\",\"dateModified\":\"2018-08-27T12:55:12+00:00\",\"breadcrumb\":{\"@id\":\"https:\/\/abcon.gr\/produit\/%cf%83%cf%85%ce%bc%cf%80%ce%bb%ce%b5%ce%ba%cf%84%ce%b7%cf%83-%ce%b1%ce%bd%cf%85%cf%88%cf%89%cf%83%ce%b7%cf%83\/#breadcrumb\"},\"inLanguage\":\"fr-FR\",\"potentialAction\":[{\"@type\":\"ReadAction\",\"target\":[\"https:\/\/abcon.gr\/produit\/%cf%83%cf%85%ce%bc%cf%80%ce%bb%ce%b5%ce%ba%cf%84%ce%b7%cf%83-%ce%b1%ce%bd%cf%85%cf%88%cf%89%cf%83%ce%b7%cf%83\/\"]}]},{\"@type\":\"ImageObject\",\"inLanguage\":\"fr-FR\",\"@id\":\"https:\/\/abcon.gr\/produit\/%cf%83%cf%85%ce%bc%cf%80%ce%bb%ce%b5%ce%ba%cf%84%ce%b7%cf%83-%ce%b1%ce%bd%cf%85%cf%88%cf%89%cf%83%ce%b7%cf%83\/#primaryimage\",\"url\":\"https:\/\/abcon.gr\/wp-content\/uploads\/2018\/04\/Lifting-clutch-1.jpg\",\"contentUrl\":\"https:\/\/abcon.gr\/wp-content\/uploads\/2018\/04\/Lifting-clutch-1.jpg\",\"width\":500,\"height\":510,\"caption\":\"Lifting clutch 1\"},{\"@type\":\"BreadcrumbList\",\"@id\":\"https:\/\/abcon.gr\/produit\/%cf%83%cf%85%ce%bc%cf%80%ce%bb%ce%b5%ce%ba%cf%84%ce%b7%cf%83-%ce%b1%ce%bd%cf%85%cf%88%cf%89%cf%83%ce%b7%cf%83\/#breadcrumb\",\"itemListElement\":[{\"@type\":\"ListItem\",\"position\":1,\"name\":\"\u0391\u03c1\u03c7\u03b9\u03ba\u03ae\",\"item\":\"https:\/\/abcon.gr\/fr\/\"},{\"@type\":\"ListItem\",\"position\":2,\"name\":\"\u039a\u03b1\u03c4\u03ac\u03c3\u03c4\u03b7\u03bc\u03b1\",\"item\":\"https:\/\/abcon.gr\/fr\/%ce%ba%ce%b1%cf%84%ce%ac%cf%83%cf%84%ce%b7%ce%bc%ce%b1\/\"},{\"@type\":\"ListItem\",\"position\":3,\"name\":\"Main de levage\"}]},{\"@type\":\"WebSite\",\"@id\":\"https:\/\/abcon.gr\/fr\/#website\",\"url\":\"https:\/\/abcon.gr\/fr\/\",\"name\":\"A.B.CON. - \u039c\u03b7\u03c7\u03b1\u03bd\u03ad\u03c2 \u0395\u03c0\u03b5\u03be\u03b5\u03c1\u03b3\u03b1\u03c3\u03af\u03b1\u03c2 \u03a3\u03ba\u03c5\u03c1\u03bf\u03b4\u03ad\u03bc\u03b1\u03c4\u03bf\u03c2 & \u03a0\u03c1\u03bf\u03ba\u03b1\u03c4\u03b1\u03c3\u03ba\u03b5\u03c5\u03ae\u03c2\",\"description\":\"\u039c\u03b7\u03c7\u03b1\u03bd\u03ad\u03c2 \u0395\u03c0\u03b5\u03be\u03b5\u03c1\u03b3\u03b1\u03c3\u03af\u03b1\u03c2 \u03a3\u03ba\u03c5\u03c1\u03bf\u03b4\u03ad\u03bc\u03b1\u03c4\u03bf\u03c2 &amp; \u03a0\u03c1\u03bf\u03ba\u03b1\u03c4\u03b1\u03c3\u03ba\u03b5\u03c5\u03ae\u03c2\",\"publisher\":{\"@id\":\"https:\/\/abcon.gr\/fr\/#organization\"},\"potentialAction\":[{\"@type\":\"SearchAction\",\"target\":{\"@type\":\"EntryPoint\",\"urlTemplate\":\"https:\/\/abcon.gr\/fr\/?s={search_term_string}\"},\"query-input\":{\"@type\":\"PropertyValueSpecification\",\"valueRequired\":true,\"valueName\":\"search_term_string\"}}],\"inLanguage\":\"fr-FR\"},{\"@type\":\"Organization\",\"@id\":\"https:\/\/abcon.gr\/fr\/#organization\",\"name\":\"A.B.CON. - \u039c\u03b7\u03c7\u03b1\u03bd\u03ad\u03c2 \u0395\u03c0\u03b5\u03be\u03b5\u03c1\u03b3\u03b1\u03c3\u03af\u03b1\u03c2 \u03a3\u03ba\u03c5\u03c1\u03bf\u03b4\u03ad\u03bc\u03b1\u03c4\u03bf\u03c2 & \u03a0\u03c1\u03bf\u03ba\u03b1\u03c4\u03b1\u03c3\u03ba\u03b5\u03c5\u03ae\u03c2\",\"url\":\"https:\/\/abcon.gr\/fr\/\",\"logo\":{\"@type\":\"ImageObject\",\"inLanguage\":\"fr-FR\",\"@id\":\"https:\/\/abcon.gr\/fr\/#\/schema\/logo\/image\/\",\"url\":\"https:\/\/abcon.gr\/wp-content\/uploads\/2021\/04\/logo_150.png\",\"contentUrl\":\"https:\/\/abcon.gr\/wp-content\/uploads\/2021\/04\/logo_150.png\",\"width\":150,\"height\":74,\"caption\":\"A.B.CON. - \u039c\u03b7\u03c7\u03b1\u03bd\u03ad\u03c2 \u0395\u03c0\u03b5\u03be\u03b5\u03c1\u03b3\u03b1\u03c3\u03af\u03b1\u03c2 \u03a3\u03ba\u03c5\u03c1\u03bf\u03b4\u03ad\u03bc\u03b1\u03c4\u03bf\u03c2 & \u03a0\u03c1\u03bf\u03ba\u03b1\u03c4\u03b1\u03c3\u03ba\u03b5\u03c5\u03ae\u03c2\"},\"image\":{\"@id\":\"https:\/\/abcon.gr\/fr\/#\/schema\/logo\/image\/\"},\"sameAs\":[\"https:\/\/www.facebook.com\/Steel.Precast.Solutions.ABCON\/\"]}]}<\/script>\n<!-- \/ Yoast SEO plugin. -->","yoast_head_json":{"title":"Main de levage - A.B.CON.","robots":{"index":"index","follow":"follow","max-snippet":"max-snippet:-1","max-image-preview":"max-image-preview:large","max-video-preview":"max-video-preview:-1"},"canonical":"https:\/\/abcon.gr\/produit\/\u03c3\u03c5\u03bc\u03c0\u03bb\u03b5\u03ba\u03c4\u03b7\u03c3-\u03b1\u03bd\u03c5\u03c8\u03c9\u03c3\u03b7\u03c3\/","og_locale":"fr_FR","og_type":"article","og_title":"Main de levage - A.B.CON.","og_description":"Il s\u2019agit du composant r\u00e9utilisable du 'SYSTEME DE LEVAGE', construit en acier \u00e0 haute r\u00e9sistance pour garantir une longue utilisation. La partie terminale inf\u00e9rieure sph\u00e9rique tourne dans la cavit\u00e9 qui a \u00e9t\u00e9 auparavant cr\u00e9\u00e9e dans l\u2019\u00e9l\u00e9ment et sa boucle conform\u00e9e en 'T' s\u2019enclenche dans la t\u00eate sph\u00e9rique de l\u2019ancre. Le contact avec la t\u00eate de l\u2019ancre s\u2019effectue uniquement durant la phase de levage : le bec de la t\u00eate sph\u00e9rique est appuy\u00e9 contre l\u2019\u00e9l\u00e9ment pr\u00e9fabriqu\u00e9.","og_url":"https:\/\/abcon.gr\/produit\/\u03c3\u03c5\u03bc\u03c0\u03bb\u03b5\u03ba\u03c4\u03b7\u03c3-\u03b1\u03bd\u03c5\u03c8\u03c9\u03c3\u03b7\u03c3\/","og_site_name":"A.B.CON.","article_publisher":"https:\/\/www.facebook.com\/Steel.Precast.Solutions.ABCON\/","article_modified_time":"2018-08-27T12:55:12+00:00","og_image":[{"width":500,"height":510,"url":"https:\/\/abcon.gr\/wp-content\/uploads\/2018\/04\/Lifting-clutch-1.jpg","type":"image\/jpeg"}],"twitter_card":"summary_large_image","schema":{"@context":"https:\/\/schema.org","@graph":[{"@type":"WebPage","@id":"https:\/\/abcon.gr\/produit\/%cf%83%cf%85%ce%bc%cf%80%ce%bb%ce%b5%ce%ba%cf%84%ce%b7%cf%83-%ce%b1%ce%bd%cf%85%cf%88%cf%89%cf%83%ce%b7%cf%83\/","url":"https:\/\/abcon.gr\/produit\/%cf%83%cf%85%ce%bc%cf%80%ce%bb%ce%b5%ce%ba%cf%84%ce%b7%cf%83-%ce%b1%ce%bd%cf%85%cf%88%cf%89%cf%83%ce%b7%cf%83\/","name":"Main de levage - A.B.CON.","isPartOf":{"@id":"https:\/\/abcon.gr\/fr\/#website"},"primaryImageOfPage":{"@id":"https:\/\/abcon.gr\/produit\/%cf%83%cf%85%ce%bc%cf%80%ce%bb%ce%b5%ce%ba%cf%84%ce%b7%cf%83-%ce%b1%ce%bd%cf%85%cf%88%cf%89%cf%83%ce%b7%cf%83\/#primaryimage"},"image":{"@id":"https:\/\/abcon.gr\/produit\/%cf%83%cf%85%ce%bc%cf%80%ce%bb%ce%b5%ce%ba%cf%84%ce%b7%cf%83-%ce%b1%ce%bd%cf%85%cf%88%cf%89%cf%83%ce%b7%cf%83\/#primaryimage"},"thumbnailUrl":"https:\/\/abcon.gr\/wp-content\/uploads\/2018\/04\/Lifting-clutch-1.jpg","datePublished":"2018-04-03T16:32:16+00:00","dateModified":"2018-08-27T12:55:12+00:00","breadcrumb":{"@id":"https:\/\/abcon.gr\/produit\/%cf%83%cf%85%ce%bc%cf%80%ce%bb%ce%b5%ce%ba%cf%84%ce%b7%cf%83-%ce%b1%ce%bd%cf%85%cf%88%cf%89%cf%83%ce%b7%cf%83\/#breadcrumb"},"inLanguage":"fr-FR","potentialAction":[{"@type":"ReadAction","target":["https:\/\/abcon.gr\/produit\/%cf%83%cf%85%ce%bc%cf%80%ce%bb%ce%b5%ce%ba%cf%84%ce%b7%cf%83-%ce%b1%ce%bd%cf%85%cf%88%cf%89%cf%83%ce%b7%cf%83\/"]}]},{"@type":"ImageObject","inLanguage":"fr-FR","@id":"https:\/\/abcon.gr\/produit\/%cf%83%cf%85%ce%bc%cf%80%ce%bb%ce%b5%ce%ba%cf%84%ce%b7%cf%83-%ce%b1%ce%bd%cf%85%cf%88%cf%89%cf%83%ce%b7%cf%83\/#primaryimage","url":"https:\/\/abcon.gr\/wp-content\/uploads\/2018\/04\/Lifting-clutch-1.jpg","contentUrl":"https:\/\/abcon.gr\/wp-content\/uploads\/2018\/04\/Lifting-clutch-1.jpg","width":500,"height":510,"caption":"Lifting clutch 1"},{"@type":"BreadcrumbList","@id":"https:\/\/abcon.gr\/produit\/%cf%83%cf%85%ce%bc%cf%80%ce%bb%ce%b5%ce%ba%cf%84%ce%b7%cf%83-%ce%b1%ce%bd%cf%85%cf%88%cf%89%cf%83%ce%b7%cf%83\/#breadcrumb","itemListElement":[{"@type":"ListItem","position":1,"name":"\u0391\u03c1\u03c7\u03b9\u03ba\u03ae","item":"https:\/\/abcon.gr\/fr\/"},{"@type":"ListItem","position":2,"name":"\u039a\u03b1\u03c4\u03ac\u03c3\u03c4\u03b7\u03bc\u03b1","item":"https:\/\/abcon.gr\/fr\/%ce%ba%ce%b1%cf%84%ce%ac%cf%83%cf%84%ce%b7%ce%bc%ce%b1\/"},{"@type":"ListItem","position":3,"name":"Main de levage"}]},{"@type":"WebSite","@id":"https:\/\/abcon.gr\/fr\/#website","url":"https:\/\/abcon.gr\/fr\/","name":"A.B.CON. - \u039c\u03b7\u03c7\u03b1\u03bd\u03ad\u03c2 \u0395\u03c0\u03b5\u03be\u03b5\u03c1\u03b3\u03b1\u03c3\u03af\u03b1\u03c2 \u03a3\u03ba\u03c5\u03c1\u03bf\u03b4\u03ad\u03bc\u03b1\u03c4\u03bf\u03c2 & \u03a0\u03c1\u03bf\u03ba\u03b1\u03c4\u03b1\u03c3\u03ba\u03b5\u03c5\u03ae\u03c2","description":"\u039c\u03b7\u03c7\u03b1\u03bd\u03ad\u03c2 \u0395\u03c0\u03b5\u03be\u03b5\u03c1\u03b3\u03b1\u03c3\u03af\u03b1\u03c2 \u03a3\u03ba\u03c5\u03c1\u03bf\u03b4\u03ad\u03bc\u03b1\u03c4\u03bf\u03c2 &amp; \u03a0\u03c1\u03bf\u03ba\u03b1\u03c4\u03b1\u03c3\u03ba\u03b5\u03c5\u03ae\u03c2","publisher":{"@id":"https:\/\/abcon.gr\/fr\/#organization"},"potentialAction":[{"@type":"SearchAction","target":{"@type":"EntryPoint","urlTemplate":"https:\/\/abcon.gr\/fr\/?s={search_term_string}"},"query-input":{"@type":"PropertyValueSpecification","valueRequired":true,"valueName":"search_term_string"}}],"inLanguage":"fr-FR"},{"@type":"Organization","@id":"https:\/\/abcon.gr\/fr\/#organization","name":"A.B.CON. - \u039c\u03b7\u03c7\u03b1\u03bd\u03ad\u03c2 \u0395\u03c0\u03b5\u03be\u03b5\u03c1\u03b3\u03b1\u03c3\u03af\u03b1\u03c2 \u03a3\u03ba\u03c5\u03c1\u03bf\u03b4\u03ad\u03bc\u03b1\u03c4\u03bf\u03c2 & \u03a0\u03c1\u03bf\u03ba\u03b1\u03c4\u03b1\u03c3\u03ba\u03b5\u03c5\u03ae\u03c2","url":"https:\/\/abcon.gr\/fr\/","logo":{"@type":"ImageObject","inLanguage":"fr-FR","@id":"https:\/\/abcon.gr\/fr\/#\/schema\/logo\/image\/","url":"https:\/\/abcon.gr\/wp-content\/uploads\/2021\/04\/logo_150.png","contentUrl":"https:\/\/abcon.gr\/wp-content\/uploads\/2021\/04\/logo_150.png","width":150,"height":74,"caption":"A.B.CON. - \u039c\u03b7\u03c7\u03b1\u03bd\u03ad\u03c2 \u0395\u03c0\u03b5\u03be\u03b5\u03c1\u03b3\u03b1\u03c3\u03af\u03b1\u03c2 \u03a3\u03ba\u03c5\u03c1\u03bf\u03b4\u03ad\u03bc\u03b1\u03c4\u03bf\u03c2 & \u03a0\u03c1\u03bf\u03ba\u03b1\u03c4\u03b1\u03c3\u03ba\u03b5\u03c5\u03ae\u03c2"},"image":{"@id":"https:\/\/abcon.gr\/fr\/#\/schema\/logo\/image\/"},"sameAs":["https:\/\/www.facebook.com\/Steel.Precast.Solutions.ABCON\/"]}]}},"_links":{"self":[{"href":"https:\/\/abcon.gr\/fr\/wp-json\/wp\/v2\/product\/8772","targetHints":{"allow":["GET"]}}],"collection":[{"href":"https:\/\/abcon.gr\/fr\/wp-json\/wp\/v2\/product"}],"about":[{"href":"https:\/\/abcon.gr\/fr\/wp-json\/wp\/v2\/types\/product"}],"wp:featuredmedia":[{"embeddable":true,"href":"https:\/\/abcon.gr\/fr\/wp-json\/wp\/v2\/media\/4484"}],"wp:attachment":[{"href":"https:\/\/abcon.gr\/fr\/wp-json\/wp\/v2\/media?parent=8772"}],"wp:term":[{"taxonomy":"product_brand","embeddable":true,"href":"https:\/\/abcon.gr\/fr\/wp-json\/wp\/v2\/product_brand?post=8772"},{"taxonomy":"product_cat","embeddable":true,"href":"https:\/\/abcon.gr\/fr\/wp-json\/wp\/v2\/product_cat?post=8772"},{"taxonomy":"product_tag","embeddable":true,"href":"https:\/\/abcon.gr\/fr\/wp-json\/wp\/v2\/product_tag?post=8772"}],"curies":[{"name":"wp","href":"https:\/\/api.w.org\/{rel}","templated":true}]}}