{"id":8746,"date":"2018-04-03T16:51:38","date_gmt":"2018-04-03T13:51:38","guid":{"rendered":"http:\/\/test3.aenima.grproduct\/etais-articules\/"},"modified":"2018-08-27T14:00:50","modified_gmt":"2018-08-27T11:00:50","slug":"etais-articules","status":"publish","type":"product","link":"https:\/\/abcon.gr\/fr\/produit\/etais-articules\/","title":{"rendered":"Etais articul\u00e9s"},"content":{"rendered":"<p><br data-mce-bogus=\"1\"><\/p>\n","protected":false},"excerpt":{"rendered":"<p>Pour la fermeture et le blocage des banches \u00e0 charni\u00e8re nous proposons nos \u00e9tais articul\u00e9s.<\/p>\n","protected":false},"featured_media":4445,"template":"","meta":{"_exactmetrics_skip_tracking":false,"_exactmetrics_sitenote_active":false,"_exactmetrics_sitenote_note":"","_exactmetrics_sitenote_category":0},"product_brand":[],"product_cat":[214,222],"product_tag":[325],"class_list":{"0":"post-8746","1":"product","2":"type-product","3":"status-publish","4":"has-post-thumbnail","6":"product_cat-equipement-precast","7":"product_cat-accessoires-pour-moules","8":"product_tag-bianchi-fr","10":"first","11":"instock","12":"shipping-taxable","13":"product-type-simple"},"yoast_head":"<!-- This site is optimized with the Yoast SEO plugin v26.8 - https:\/\/yoast.com\/product\/yoast-seo-wordpress\/ -->\n<title>Etais articul\u00e9s - A.B.CON.<\/title>\n<meta name=\"robots\" content=\"index, follow, max-snippet:-1, max-image-preview:large, max-video-preview:-1\" \/>\n<link rel=\"canonical\" href=\"https:\/\/abcon.gr\/produit\/\u03b1\u03c1\u03b8\u03c1\u03c9\u03c4\u03ae-\u03c1\u03ac\u03b2\u03b4\u03bf\u03c2\/\" \/>\n<meta property=\"og:locale\" content=\"fr_FR\" \/>\n<meta property=\"og:type\" content=\"article\" \/>\n<meta property=\"og:title\" content=\"Etais articul\u00e9s - A.B.CON.\" \/>\n<meta property=\"og:description\" content=\"Pour la fermeture et le blocage des banches \u00e0 charni\u00e8re nous proposons nos \u00e9tais articul\u00e9s.\" \/>\n<meta property=\"og:url\" content=\"https:\/\/abcon.gr\/produit\/\u03b1\u03c1\u03b8\u03c1\u03c9\u03c4\u03ae-\u03c1\u03ac\u03b2\u03b4\u03bf\u03c2\/\" \/>\n<meta property=\"og:site_name\" content=\"A.B.CON.\" \/>\n<meta property=\"article:publisher\" content=\"https:\/\/www.facebook.com\/Steel.Precast.Solutions.ABCON\/\" \/>\n<meta property=\"article:modified_time\" content=\"2018-08-27T11:00:50+00:00\" \/>\n<meta property=\"og:image\" content=\"https:\/\/abcon.gr\/wp-content\/uploads\/2018\/04\/ARTICULATED-STRUT-2.jpg\" \/>\n\t<meta property=\"og:image:width\" content=\"180\" \/>\n\t<meta property=\"og:image:height\" content=\"164\" \/>\n\t<meta property=\"og:image:type\" content=\"image\/jpeg\" \/>\n<meta name=\"twitter:card\" content=\"summary_large_image\" \/>\n<script type=\"application\/ld+json\" class=\"yoast-schema-graph\">{\"@context\":\"https:\/\/schema.org\",\"@graph\":[{\"@type\":\"WebPage\",\"@id\":\"https:\/\/abcon.gr\/produit\/%ce%b1%cf%81%ce%b8%cf%81%cf%89%cf%84%ce%ae-%cf%81%ce%ac%ce%b2%ce%b4%ce%bf%cf%82\/\",\"url\":\"https:\/\/abcon.gr\/produit\/%ce%b1%cf%81%ce%b8%cf%81%cf%89%cf%84%ce%ae-%cf%81%ce%ac%ce%b2%ce%b4%ce%bf%cf%82\/\",\"name\":\"Etais articul\u00e9s - A.B.CON.\",\"isPartOf\":{\"@id\":\"https:\/\/abcon.gr\/fr\/#website\"},\"primaryImageOfPage\":{\"@id\":\"https:\/\/abcon.gr\/produit\/%ce%b1%cf%81%ce%b8%cf%81%cf%89%cf%84%ce%ae-%cf%81%ce%ac%ce%b2%ce%b4%ce%bf%cf%82\/#primaryimage\"},\"image\":{\"@id\":\"https:\/\/abcon.gr\/produit\/%ce%b1%cf%81%ce%b8%cf%81%cf%89%cf%84%ce%ae-%cf%81%ce%ac%ce%b2%ce%b4%ce%bf%cf%82\/#primaryimage\"},\"thumbnailUrl\":\"https:\/\/abcon.gr\/wp-content\/uploads\/2018\/04\/ARTICULATED-STRUT-2.jpg\",\"datePublished\":\"2018-04-03T13:51:38+00:00\",\"dateModified\":\"2018-08-27T11:00:50+00:00\",\"breadcrumb\":{\"@id\":\"https:\/\/abcon.gr\/produit\/%ce%b1%cf%81%ce%b8%cf%81%cf%89%cf%84%ce%ae-%cf%81%ce%ac%ce%b2%ce%b4%ce%bf%cf%82\/#breadcrumb\"},\"inLanguage\":\"fr-FR\",\"potentialAction\":[{\"@type\":\"ReadAction\",\"target\":[\"https:\/\/abcon.gr\/produit\/%ce%b1%cf%81%ce%b8%cf%81%cf%89%cf%84%ce%ae-%cf%81%ce%ac%ce%b2%ce%b4%ce%bf%cf%82\/\"]}]},{\"@type\":\"ImageObject\",\"inLanguage\":\"fr-FR\",\"@id\":\"https:\/\/abcon.gr\/produit\/%ce%b1%cf%81%ce%b8%cf%81%cf%89%cf%84%ce%ae-%cf%81%ce%ac%ce%b2%ce%b4%ce%bf%cf%82\/#primaryimage\",\"url\":\"https:\/\/abcon.gr\/wp-content\/uploads\/2018\/04\/ARTICULATED-STRUT-2.jpg\",\"contentUrl\":\"https:\/\/abcon.gr\/wp-content\/uploads\/2018\/04\/ARTICULATED-STRUT-2.jpg\",\"width\":180,\"height\":164,\"caption\":\"ARTICULATED STRUT 2\"},{\"@type\":\"BreadcrumbList\",\"@id\":\"https:\/\/abcon.gr\/produit\/%ce%b1%cf%81%ce%b8%cf%81%cf%89%cf%84%ce%ae-%cf%81%ce%ac%ce%b2%ce%b4%ce%bf%cf%82\/#breadcrumb\",\"itemListElement\":[{\"@type\":\"ListItem\",\"position\":1,\"name\":\"\u0391\u03c1\u03c7\u03b9\u03ba\u03ae\",\"item\":\"https:\/\/abcon.gr\/fr\/\"},{\"@type\":\"ListItem\",\"position\":2,\"name\":\"\u039a\u03b1\u03c4\u03ac\u03c3\u03c4\u03b7\u03bc\u03b1\",\"item\":\"https:\/\/abcon.gr\/fr\/%ce%ba%ce%b1%cf%84%ce%ac%cf%83%cf%84%ce%b7%ce%bc%ce%b1\/\"},{\"@type\":\"ListItem\",\"position\":3,\"name\":\"Etais articul\u00e9s\"}]},{\"@type\":\"WebSite\",\"@id\":\"https:\/\/abcon.gr\/fr\/#website\",\"url\":\"https:\/\/abcon.gr\/fr\/\",\"name\":\"A.B.CON. - \u039c\u03b7\u03c7\u03b1\u03bd\u03ad\u03c2 \u0395\u03c0\u03b5\u03be\u03b5\u03c1\u03b3\u03b1\u03c3\u03af\u03b1\u03c2 \u03a3\u03ba\u03c5\u03c1\u03bf\u03b4\u03ad\u03bc\u03b1\u03c4\u03bf\u03c2 & \u03a0\u03c1\u03bf\u03ba\u03b1\u03c4\u03b1\u03c3\u03ba\u03b5\u03c5\u03ae\u03c2\",\"description\":\"\u039c\u03b7\u03c7\u03b1\u03bd\u03ad\u03c2 \u0395\u03c0\u03b5\u03be\u03b5\u03c1\u03b3\u03b1\u03c3\u03af\u03b1\u03c2 \u03a3\u03ba\u03c5\u03c1\u03bf\u03b4\u03ad\u03bc\u03b1\u03c4\u03bf\u03c2 &amp; \u03a0\u03c1\u03bf\u03ba\u03b1\u03c4\u03b1\u03c3\u03ba\u03b5\u03c5\u03ae\u03c2\",\"publisher\":{\"@id\":\"https:\/\/abcon.gr\/fr\/#organization\"},\"potentialAction\":[{\"@type\":\"SearchAction\",\"target\":{\"@type\":\"EntryPoint\",\"urlTemplate\":\"https:\/\/abcon.gr\/fr\/?s={search_term_string}\"},\"query-input\":{\"@type\":\"PropertyValueSpecification\",\"valueRequired\":true,\"valueName\":\"search_term_string\"}}],\"inLanguage\":\"fr-FR\"},{\"@type\":\"Organization\",\"@id\":\"https:\/\/abcon.gr\/fr\/#organization\",\"name\":\"A.B.CON. - \u039c\u03b7\u03c7\u03b1\u03bd\u03ad\u03c2 \u0395\u03c0\u03b5\u03be\u03b5\u03c1\u03b3\u03b1\u03c3\u03af\u03b1\u03c2 \u03a3\u03ba\u03c5\u03c1\u03bf\u03b4\u03ad\u03bc\u03b1\u03c4\u03bf\u03c2 & \u03a0\u03c1\u03bf\u03ba\u03b1\u03c4\u03b1\u03c3\u03ba\u03b5\u03c5\u03ae\u03c2\",\"url\":\"https:\/\/abcon.gr\/fr\/\",\"logo\":{\"@type\":\"ImageObject\",\"inLanguage\":\"fr-FR\",\"@id\":\"https:\/\/abcon.gr\/fr\/#\/schema\/logo\/image\/\",\"url\":\"https:\/\/abcon.gr\/wp-content\/uploads\/2021\/04\/logo_150.png\",\"contentUrl\":\"https:\/\/abcon.gr\/wp-content\/uploads\/2021\/04\/logo_150.png\",\"width\":150,\"height\":74,\"caption\":\"A.B.CON. - \u039c\u03b7\u03c7\u03b1\u03bd\u03ad\u03c2 \u0395\u03c0\u03b5\u03be\u03b5\u03c1\u03b3\u03b1\u03c3\u03af\u03b1\u03c2 \u03a3\u03ba\u03c5\u03c1\u03bf\u03b4\u03ad\u03bc\u03b1\u03c4\u03bf\u03c2 & \u03a0\u03c1\u03bf\u03ba\u03b1\u03c4\u03b1\u03c3\u03ba\u03b5\u03c5\u03ae\u03c2\"},\"image\":{\"@id\":\"https:\/\/abcon.gr\/fr\/#\/schema\/logo\/image\/\"},\"sameAs\":[\"https:\/\/www.facebook.com\/Steel.Precast.Solutions.ABCON\/\"]}]}<\/script>\n<!-- \/ Yoast SEO plugin. -->","yoast_head_json":{"title":"Etais articul\u00e9s - A.B.CON.","robots":{"index":"index","follow":"follow","max-snippet":"max-snippet:-1","max-image-preview":"max-image-preview:large","max-video-preview":"max-video-preview:-1"},"canonical":"https:\/\/abcon.gr\/produit\/\u03b1\u03c1\u03b8\u03c1\u03c9\u03c4\u03ae-\u03c1\u03ac\u03b2\u03b4\u03bf\u03c2\/","og_locale":"fr_FR","og_type":"article","og_title":"Etais articul\u00e9s - A.B.CON.","og_description":"Pour la fermeture et le blocage des banches \u00e0 charni\u00e8re nous proposons nos \u00e9tais articul\u00e9s.","og_url":"https:\/\/abcon.gr\/produit\/\u03b1\u03c1\u03b8\u03c1\u03c9\u03c4\u03ae-\u03c1\u03ac\u03b2\u03b4\u03bf\u03c2\/","og_site_name":"A.B.CON.","article_publisher":"https:\/\/www.facebook.com\/Steel.Precast.Solutions.ABCON\/","article_modified_time":"2018-08-27T11:00:50+00:00","og_image":[{"width":180,"height":164,"url":"https:\/\/abcon.gr\/wp-content\/uploads\/2018\/04\/ARTICULATED-STRUT-2.jpg","type":"image\/jpeg"}],"twitter_card":"summary_large_image","schema":{"@context":"https:\/\/schema.org","@graph":[{"@type":"WebPage","@id":"https:\/\/abcon.gr\/produit\/%ce%b1%cf%81%ce%b8%cf%81%cf%89%cf%84%ce%ae-%cf%81%ce%ac%ce%b2%ce%b4%ce%bf%cf%82\/","url":"https:\/\/abcon.gr\/produit\/%ce%b1%cf%81%ce%b8%cf%81%cf%89%cf%84%ce%ae-%cf%81%ce%ac%ce%b2%ce%b4%ce%bf%cf%82\/","name":"Etais articul\u00e9s - A.B.CON.","isPartOf":{"@id":"https:\/\/abcon.gr\/fr\/#website"},"primaryImageOfPage":{"@id":"https:\/\/abcon.gr\/produit\/%ce%b1%cf%81%ce%b8%cf%81%cf%89%cf%84%ce%ae-%cf%81%ce%ac%ce%b2%ce%b4%ce%bf%cf%82\/#primaryimage"},"image":{"@id":"https:\/\/abcon.gr\/produit\/%ce%b1%cf%81%ce%b8%cf%81%cf%89%cf%84%ce%ae-%cf%81%ce%ac%ce%b2%ce%b4%ce%bf%cf%82\/#primaryimage"},"thumbnailUrl":"https:\/\/abcon.gr\/wp-content\/uploads\/2018\/04\/ARTICULATED-STRUT-2.jpg","datePublished":"2018-04-03T13:51:38+00:00","dateModified":"2018-08-27T11:00:50+00:00","breadcrumb":{"@id":"https:\/\/abcon.gr\/produit\/%ce%b1%cf%81%ce%b8%cf%81%cf%89%cf%84%ce%ae-%cf%81%ce%ac%ce%b2%ce%b4%ce%bf%cf%82\/#breadcrumb"},"inLanguage":"fr-FR","potentialAction":[{"@type":"ReadAction","target":["https:\/\/abcon.gr\/produit\/%ce%b1%cf%81%ce%b8%cf%81%cf%89%cf%84%ce%ae-%cf%81%ce%ac%ce%b2%ce%b4%ce%bf%cf%82\/"]}]},{"@type":"ImageObject","inLanguage":"fr-FR","@id":"https:\/\/abcon.gr\/produit\/%ce%b1%cf%81%ce%b8%cf%81%cf%89%cf%84%ce%ae-%cf%81%ce%ac%ce%b2%ce%b4%ce%bf%cf%82\/#primaryimage","url":"https:\/\/abcon.gr\/wp-content\/uploads\/2018\/04\/ARTICULATED-STRUT-2.jpg","contentUrl":"https:\/\/abcon.gr\/wp-content\/uploads\/2018\/04\/ARTICULATED-STRUT-2.jpg","width":180,"height":164,"caption":"ARTICULATED STRUT 2"},{"@type":"BreadcrumbList","@id":"https:\/\/abcon.gr\/produit\/%ce%b1%cf%81%ce%b8%cf%81%cf%89%cf%84%ce%ae-%cf%81%ce%ac%ce%b2%ce%b4%ce%bf%cf%82\/#breadcrumb","itemListElement":[{"@type":"ListItem","position":1,"name":"\u0391\u03c1\u03c7\u03b9\u03ba\u03ae","item":"https:\/\/abcon.gr\/fr\/"},{"@type":"ListItem","position":2,"name":"\u039a\u03b1\u03c4\u03ac\u03c3\u03c4\u03b7\u03bc\u03b1","item":"https:\/\/abcon.gr\/fr\/%ce%ba%ce%b1%cf%84%ce%ac%cf%83%cf%84%ce%b7%ce%bc%ce%b1\/"},{"@type":"ListItem","position":3,"name":"Etais articul\u00e9s"}]},{"@type":"WebSite","@id":"https:\/\/abcon.gr\/fr\/#website","url":"https:\/\/abcon.gr\/fr\/","name":"A.B.CON. - \u039c\u03b7\u03c7\u03b1\u03bd\u03ad\u03c2 \u0395\u03c0\u03b5\u03be\u03b5\u03c1\u03b3\u03b1\u03c3\u03af\u03b1\u03c2 \u03a3\u03ba\u03c5\u03c1\u03bf\u03b4\u03ad\u03bc\u03b1\u03c4\u03bf\u03c2 & \u03a0\u03c1\u03bf\u03ba\u03b1\u03c4\u03b1\u03c3\u03ba\u03b5\u03c5\u03ae\u03c2","description":"\u039c\u03b7\u03c7\u03b1\u03bd\u03ad\u03c2 \u0395\u03c0\u03b5\u03be\u03b5\u03c1\u03b3\u03b1\u03c3\u03af\u03b1\u03c2 \u03a3\u03ba\u03c5\u03c1\u03bf\u03b4\u03ad\u03bc\u03b1\u03c4\u03bf\u03c2 &amp; \u03a0\u03c1\u03bf\u03ba\u03b1\u03c4\u03b1\u03c3\u03ba\u03b5\u03c5\u03ae\u03c2","publisher":{"@id":"https:\/\/abcon.gr\/fr\/#organization"},"potentialAction":[{"@type":"SearchAction","target":{"@type":"EntryPoint","urlTemplate":"https:\/\/abcon.gr\/fr\/?s={search_term_string}"},"query-input":{"@type":"PropertyValueSpecification","valueRequired":true,"valueName":"search_term_string"}}],"inLanguage":"fr-FR"},{"@type":"Organization","@id":"https:\/\/abcon.gr\/fr\/#organization","name":"A.B.CON. - \u039c\u03b7\u03c7\u03b1\u03bd\u03ad\u03c2 \u0395\u03c0\u03b5\u03be\u03b5\u03c1\u03b3\u03b1\u03c3\u03af\u03b1\u03c2 \u03a3\u03ba\u03c5\u03c1\u03bf\u03b4\u03ad\u03bc\u03b1\u03c4\u03bf\u03c2 & \u03a0\u03c1\u03bf\u03ba\u03b1\u03c4\u03b1\u03c3\u03ba\u03b5\u03c5\u03ae\u03c2","url":"https:\/\/abcon.gr\/fr\/","logo":{"@type":"ImageObject","inLanguage":"fr-FR","@id":"https:\/\/abcon.gr\/fr\/#\/schema\/logo\/image\/","url":"https:\/\/abcon.gr\/wp-content\/uploads\/2021\/04\/logo_150.png","contentUrl":"https:\/\/abcon.gr\/wp-content\/uploads\/2021\/04\/logo_150.png","width":150,"height":74,"caption":"A.B.CON. - \u039c\u03b7\u03c7\u03b1\u03bd\u03ad\u03c2 \u0395\u03c0\u03b5\u03be\u03b5\u03c1\u03b3\u03b1\u03c3\u03af\u03b1\u03c2 \u03a3\u03ba\u03c5\u03c1\u03bf\u03b4\u03ad\u03bc\u03b1\u03c4\u03bf\u03c2 & \u03a0\u03c1\u03bf\u03ba\u03b1\u03c4\u03b1\u03c3\u03ba\u03b5\u03c5\u03ae\u03c2"},"image":{"@id":"https:\/\/abcon.gr\/fr\/#\/schema\/logo\/image\/"},"sameAs":["https:\/\/www.facebook.com\/Steel.Precast.Solutions.ABCON\/"]}]}},"_links":{"self":[{"href":"https:\/\/abcon.gr\/fr\/wp-json\/wp\/v2\/product\/8746","targetHints":{"allow":["GET"]}}],"collection":[{"href":"https:\/\/abcon.gr\/fr\/wp-json\/wp\/v2\/product"}],"about":[{"href":"https:\/\/abcon.gr\/fr\/wp-json\/wp\/v2\/types\/product"}],"wp:featuredmedia":[{"embeddable":true,"href":"https:\/\/abcon.gr\/fr\/wp-json\/wp\/v2\/media\/4445"}],"wp:attachment":[{"href":"https:\/\/abcon.gr\/fr\/wp-json\/wp\/v2\/media?parent=8746"}],"wp:term":[{"taxonomy":"product_brand","embeddable":true,"href":"https:\/\/abcon.gr\/fr\/wp-json\/wp\/v2\/product_brand?post=8746"},{"taxonomy":"product_cat","embeddable":true,"href":"https:\/\/abcon.gr\/fr\/wp-json\/wp\/v2\/product_cat?post=8746"},{"taxonomy":"product_tag","embeddable":true,"href":"https:\/\/abcon.gr\/fr\/wp-json\/wp\/v2\/product_tag?post=8746"}],"curies":[{"name":"wp","href":"https:\/\/api.w.org\/{rel}","templated":true}]}}