{"id":8714,"date":"2018-06-21T12:43:28","date_gmt":"2018-06-21T09:43:28","guid":{"rendered":"http:\/\/test3.aenima.grproduct\/etaux-dancrage-des-torons\/"},"modified":"2018-06-21T12:43:28","modified_gmt":"2018-06-21T09:43:28","slug":"etaux-dancrage-des-torons","status":"publish","type":"product","link":"https:\/\/abcon.gr\/fr\/produit\/etaux-dancrage-des-torons\/","title":{"rendered":"Etaux d&rsquo;ancrage des torons"},"content":{"rendered":"","protected":false},"excerpt":{"rendered":"<p>Les \u00e9taux r\u00e9-utilisables de type ouvert sont les plus communs dans la pr\u00e9contrainte \u00e0 c\u00e2bles adh\u00e9rents, pour leur simplicit\u00e9 d\u2019utilisation, leur co\u00fbt r\u00e9duit, leur facilit\u00e9\u00a0 d\u2019inspection visuelle et d\u2019entretien.<br \/>\nIls sont r\u00e9alis\u00e9s en acier de qualit\u00e9 \u00e9lev\u00e9e et soumis \u00e0 de s\u00e9v\u00e8res traitements thermiques assurant un un nombre constant et \u00e9lev\u00e9 de r\u00e9emplois. .<\/p>\n<p>ENTRETIEN DES ETAUX<\/p>\n<ul>\n<li>D\u00e9monter l\u2019\u00e9tau et tremper dans un bain d\u2019huile pendant\u00a0 24 heures;<\/li>\n<li>Nettoyer ensuite \u00e0 l\u2019air comprim\u00e9 toutes les pi\u00e8ces;<\/li>\n<li>V\u00e9rifier l\u2019\u00e9tat de la cr\u00eate du moletage, si n\u00e9cessaire remplacer les clavettes;<\/li>\n<li>Remonter les clavettes avec la bague \u00e9lastique;<\/li>\n<li>Graisser les clavettes de graphite en poudre;<\/li>\n<li>V\u00e9rifier que la conicit\u00e9 des coins soit identique \u00e0 celle de la douille.<\/li>\n<\/ul>\n","protected":false},"featured_media":4409,"template":"","meta":{"_exactmetrics_skip_tracking":false,"_exactmetrics_sitenote_active":false,"_exactmetrics_sitenote_note":"","_exactmetrics_sitenote_category":0},"product_brand":[],"product_cat":[214,274,277],"product_tag":[325],"class_list":{"0":"post-8714","1":"product","2":"type-product","3":"status-publish","4":"has-post-thumbnail","6":"product_cat-equipement-precast","7":"product_cat-precontrainte","8":"product_cat-systemes-de-precontrainte","9":"product_tag-bianchi-fr","11":"first","12":"instock","13":"shipping-taxable","14":"product-type-simple"},"yoast_head":"<!-- This site is optimized with the Yoast SEO plugin v26.8 - https:\/\/yoast.com\/product\/yoast-seo-wordpress\/ -->\n<title>Etaux d&#039;ancrage des torons - A.B.CON.<\/title>\n<meta name=\"robots\" content=\"index, follow, max-snippet:-1, max-image-preview:large, max-video-preview:-1\" \/>\n<link rel=\"canonical\" href=\"https:\/\/abcon.gr\/produit\/\u03b1\u03c5\u03c4\u03bf\u03bc\u03b1\u03c4\u03bf\u03b9-\u03c3\u03c6\u03b9\u03b3\u03ba\u03c4\u03b7\u03c1\u03b5\u03c3-\u03b1\u03b3\u03ba\u03c5\u03c1\u03b9\u03c9\u03bd\/\" \/>\n<meta property=\"og:locale\" content=\"fr_FR\" \/>\n<meta property=\"og:type\" content=\"article\" \/>\n<meta property=\"og:title\" content=\"Etaux d&#039;ancrage des torons - A.B.CON.\" \/>\n<meta property=\"og:description\" content=\"Les \u00e9taux r\u00e9-utilisables de type ouvert sont les plus communs dans la pr\u00e9contrainte \u00e0 c\u00e2bles adh\u00e9rents, pour leur simplicit\u00e9 d\u2019utilisation, leur co\u00fbt r\u00e9duit, leur facilit\u00e9\u00a0 d\u2019inspection visuelle et d\u2019entretien. Ils sont r\u00e9alis\u00e9s en acier de qualit\u00e9 \u00e9lev\u00e9e et soumis \u00e0 de s\u00e9v\u00e8res traitements thermiques assurant un un nombre constant et \u00e9lev\u00e9 de r\u00e9emplois. .  ENTRETIEN DES ETAUX   D\u00e9monter l\u2019\u00e9tau et tremper dans un bain d\u2019huile pendant\u00a0 24 heures;  Nettoyer ensuite \u00e0 l\u2019air comprim\u00e9 toutes les pi\u00e8ces;  V\u00e9rifier l\u2019\u00e9tat de la cr\u00eate du moletage, si n\u00e9cessaire remplacer les clavettes;  Remonter les clavettes avec la bague \u00e9lastique;  Graisser les clavettes de graphite en poudre;  V\u00e9rifier que la conicit\u00e9 des coins soit identique \u00e0 celle de la douille.\" \/>\n<meta property=\"og:url\" content=\"https:\/\/abcon.gr\/produit\/\u03b1\u03c5\u03c4\u03bf\u03bc\u03b1\u03c4\u03bf\u03b9-\u03c3\u03c6\u03b9\u03b3\u03ba\u03c4\u03b7\u03c1\u03b5\u03c3-\u03b1\u03b3\u03ba\u03c5\u03c1\u03b9\u03c9\u03bd\/\" \/>\n<meta property=\"og:site_name\" content=\"A.B.CON.\" \/>\n<meta property=\"article:publisher\" content=\"https:\/\/www.facebook.com\/Steel.Precast.Solutions.ABCON\/\" \/>\n<meta property=\"og:image\" content=\"https:\/\/abcon.gr\/wp-content\/uploads\/2018\/06\/Automatic-strand-anchoring-clamps-1.jpg\" \/>\n\t<meta property=\"og:image:width\" content=\"400\" \/>\n\t<meta property=\"og:image:height\" content=\"300\" \/>\n\t<meta property=\"og:image:type\" content=\"image\/jpeg\" \/>\n<meta name=\"twitter:card\" content=\"summary_large_image\" \/>\n<script type=\"application\/ld+json\" class=\"yoast-schema-graph\">{\"@context\":\"https:\/\/schema.org\",\"@graph\":[{\"@type\":\"WebPage\",\"@id\":\"https:\/\/abcon.gr\/produit\/%ce%b1%cf%85%cf%84%ce%bf%ce%bc%ce%b1%cf%84%ce%bf%ce%b9-%cf%83%cf%86%ce%b9%ce%b3%ce%ba%cf%84%ce%b7%cf%81%ce%b5%cf%83-%ce%b1%ce%b3%ce%ba%cf%85%cf%81%ce%b9%cf%89%ce%bd\/\",\"url\":\"https:\/\/abcon.gr\/produit\/%ce%b1%cf%85%cf%84%ce%bf%ce%bc%ce%b1%cf%84%ce%bf%ce%b9-%cf%83%cf%86%ce%b9%ce%b3%ce%ba%cf%84%ce%b7%cf%81%ce%b5%cf%83-%ce%b1%ce%b3%ce%ba%cf%85%cf%81%ce%b9%cf%89%ce%bd\/\",\"name\":\"Etaux d'ancrage des torons - A.B.CON.\",\"isPartOf\":{\"@id\":\"https:\/\/abcon.gr\/fr\/#website\"},\"primaryImageOfPage\":{\"@id\":\"https:\/\/abcon.gr\/produit\/%ce%b1%cf%85%cf%84%ce%bf%ce%bc%ce%b1%cf%84%ce%bf%ce%b9-%cf%83%cf%86%ce%b9%ce%b3%ce%ba%cf%84%ce%b7%cf%81%ce%b5%cf%83-%ce%b1%ce%b3%ce%ba%cf%85%cf%81%ce%b9%cf%89%ce%bd\/#primaryimage\"},\"image\":{\"@id\":\"https:\/\/abcon.gr\/produit\/%ce%b1%cf%85%cf%84%ce%bf%ce%bc%ce%b1%cf%84%ce%bf%ce%b9-%cf%83%cf%86%ce%b9%ce%b3%ce%ba%cf%84%ce%b7%cf%81%ce%b5%cf%83-%ce%b1%ce%b3%ce%ba%cf%85%cf%81%ce%b9%cf%89%ce%bd\/#primaryimage\"},\"thumbnailUrl\":\"https:\/\/abcon.gr\/wp-content\/uploads\/2018\/06\/Automatic-strand-anchoring-clamps-1.jpg\",\"datePublished\":\"2018-06-21T09:43:28+00:00\",\"breadcrumb\":{\"@id\":\"https:\/\/abcon.gr\/produit\/%ce%b1%cf%85%cf%84%ce%bf%ce%bc%ce%b1%cf%84%ce%bf%ce%b9-%cf%83%cf%86%ce%b9%ce%b3%ce%ba%cf%84%ce%b7%cf%81%ce%b5%cf%83-%ce%b1%ce%b3%ce%ba%cf%85%cf%81%ce%b9%cf%89%ce%bd\/#breadcrumb\"},\"inLanguage\":\"fr-FR\",\"potentialAction\":[{\"@type\":\"ReadAction\",\"target\":[\"https:\/\/abcon.gr\/produit\/%ce%b1%cf%85%cf%84%ce%bf%ce%bc%ce%b1%cf%84%ce%bf%ce%b9-%cf%83%cf%86%ce%b9%ce%b3%ce%ba%cf%84%ce%b7%cf%81%ce%b5%cf%83-%ce%b1%ce%b3%ce%ba%cf%85%cf%81%ce%b9%cf%89%ce%bd\/\"]}]},{\"@type\":\"ImageObject\",\"inLanguage\":\"fr-FR\",\"@id\":\"https:\/\/abcon.gr\/produit\/%ce%b1%cf%85%cf%84%ce%bf%ce%bc%ce%b1%cf%84%ce%bf%ce%b9-%cf%83%cf%86%ce%b9%ce%b3%ce%ba%cf%84%ce%b7%cf%81%ce%b5%cf%83-%ce%b1%ce%b3%ce%ba%cf%85%cf%81%ce%b9%cf%89%ce%bd\/#primaryimage\",\"url\":\"https:\/\/abcon.gr\/wp-content\/uploads\/2018\/06\/Automatic-strand-anchoring-clamps-1.jpg\",\"contentUrl\":\"https:\/\/abcon.gr\/wp-content\/uploads\/2018\/06\/Automatic-strand-anchoring-clamps-1.jpg\",\"width\":400,\"height\":300,\"caption\":\"Automatic strand anchoring clamps 1\"},{\"@type\":\"BreadcrumbList\",\"@id\":\"https:\/\/abcon.gr\/produit\/%ce%b1%cf%85%cf%84%ce%bf%ce%bc%ce%b1%cf%84%ce%bf%ce%b9-%cf%83%cf%86%ce%b9%ce%b3%ce%ba%cf%84%ce%b7%cf%81%ce%b5%cf%83-%ce%b1%ce%b3%ce%ba%cf%85%cf%81%ce%b9%cf%89%ce%bd\/#breadcrumb\",\"itemListElement\":[{\"@type\":\"ListItem\",\"position\":1,\"name\":\"\u0391\u03c1\u03c7\u03b9\u03ba\u03ae\",\"item\":\"https:\/\/abcon.gr\/fr\/\"},{\"@type\":\"ListItem\",\"position\":2,\"name\":\"\u039a\u03b1\u03c4\u03ac\u03c3\u03c4\u03b7\u03bc\u03b1\",\"item\":\"https:\/\/abcon.gr\/fr\/%ce%ba%ce%b1%cf%84%ce%ac%cf%83%cf%84%ce%b7%ce%bc%ce%b1\/\"},{\"@type\":\"ListItem\",\"position\":3,\"name\":\"Etaux d&#8217;ancrage des torons\"}]},{\"@type\":\"WebSite\",\"@id\":\"https:\/\/abcon.gr\/fr\/#website\",\"url\":\"https:\/\/abcon.gr\/fr\/\",\"name\":\"A.B.CON. - \u039c\u03b7\u03c7\u03b1\u03bd\u03ad\u03c2 \u0395\u03c0\u03b5\u03be\u03b5\u03c1\u03b3\u03b1\u03c3\u03af\u03b1\u03c2 \u03a3\u03ba\u03c5\u03c1\u03bf\u03b4\u03ad\u03bc\u03b1\u03c4\u03bf\u03c2 & \u03a0\u03c1\u03bf\u03ba\u03b1\u03c4\u03b1\u03c3\u03ba\u03b5\u03c5\u03ae\u03c2\",\"description\":\"\u039c\u03b7\u03c7\u03b1\u03bd\u03ad\u03c2 \u0395\u03c0\u03b5\u03be\u03b5\u03c1\u03b3\u03b1\u03c3\u03af\u03b1\u03c2 \u03a3\u03ba\u03c5\u03c1\u03bf\u03b4\u03ad\u03bc\u03b1\u03c4\u03bf\u03c2 &amp; \u03a0\u03c1\u03bf\u03ba\u03b1\u03c4\u03b1\u03c3\u03ba\u03b5\u03c5\u03ae\u03c2\",\"publisher\":{\"@id\":\"https:\/\/abcon.gr\/fr\/#organization\"},\"potentialAction\":[{\"@type\":\"SearchAction\",\"target\":{\"@type\":\"EntryPoint\",\"urlTemplate\":\"https:\/\/abcon.gr\/fr\/?s={search_term_string}\"},\"query-input\":{\"@type\":\"PropertyValueSpecification\",\"valueRequired\":true,\"valueName\":\"search_term_string\"}}],\"inLanguage\":\"fr-FR\"},{\"@type\":\"Organization\",\"@id\":\"https:\/\/abcon.gr\/fr\/#organization\",\"name\":\"A.B.CON. - \u039c\u03b7\u03c7\u03b1\u03bd\u03ad\u03c2 \u0395\u03c0\u03b5\u03be\u03b5\u03c1\u03b3\u03b1\u03c3\u03af\u03b1\u03c2 \u03a3\u03ba\u03c5\u03c1\u03bf\u03b4\u03ad\u03bc\u03b1\u03c4\u03bf\u03c2 & \u03a0\u03c1\u03bf\u03ba\u03b1\u03c4\u03b1\u03c3\u03ba\u03b5\u03c5\u03ae\u03c2\",\"url\":\"https:\/\/abcon.gr\/fr\/\",\"logo\":{\"@type\":\"ImageObject\",\"inLanguage\":\"fr-FR\",\"@id\":\"https:\/\/abcon.gr\/fr\/#\/schema\/logo\/image\/\",\"url\":\"https:\/\/abcon.gr\/wp-content\/uploads\/2021\/04\/logo_150.png\",\"contentUrl\":\"https:\/\/abcon.gr\/wp-content\/uploads\/2021\/04\/logo_150.png\",\"width\":150,\"height\":74,\"caption\":\"A.B.CON. - \u039c\u03b7\u03c7\u03b1\u03bd\u03ad\u03c2 \u0395\u03c0\u03b5\u03be\u03b5\u03c1\u03b3\u03b1\u03c3\u03af\u03b1\u03c2 \u03a3\u03ba\u03c5\u03c1\u03bf\u03b4\u03ad\u03bc\u03b1\u03c4\u03bf\u03c2 & \u03a0\u03c1\u03bf\u03ba\u03b1\u03c4\u03b1\u03c3\u03ba\u03b5\u03c5\u03ae\u03c2\"},\"image\":{\"@id\":\"https:\/\/abcon.gr\/fr\/#\/schema\/logo\/image\/\"},\"sameAs\":[\"https:\/\/www.facebook.com\/Steel.Precast.Solutions.ABCON\/\"]}]}<\/script>\n<!-- \/ Yoast SEO plugin. -->","yoast_head_json":{"title":"Etaux d'ancrage des torons - A.B.CON.","robots":{"index":"index","follow":"follow","max-snippet":"max-snippet:-1","max-image-preview":"max-image-preview:large","max-video-preview":"max-video-preview:-1"},"canonical":"https:\/\/abcon.gr\/produit\/\u03b1\u03c5\u03c4\u03bf\u03bc\u03b1\u03c4\u03bf\u03b9-\u03c3\u03c6\u03b9\u03b3\u03ba\u03c4\u03b7\u03c1\u03b5\u03c3-\u03b1\u03b3\u03ba\u03c5\u03c1\u03b9\u03c9\u03bd\/","og_locale":"fr_FR","og_type":"article","og_title":"Etaux d'ancrage des torons - A.B.CON.","og_description":"Les \u00e9taux r\u00e9-utilisables de type ouvert sont les plus communs dans la pr\u00e9contrainte \u00e0 c\u00e2bles adh\u00e9rents, pour leur simplicit\u00e9 d\u2019utilisation, leur co\u00fbt r\u00e9duit, leur facilit\u00e9\u00a0 d\u2019inspection visuelle et d\u2019entretien. Ils sont r\u00e9alis\u00e9s en acier de qualit\u00e9 \u00e9lev\u00e9e et soumis \u00e0 de s\u00e9v\u00e8res traitements thermiques assurant un un nombre constant et \u00e9lev\u00e9 de r\u00e9emplois. .  ENTRETIEN DES ETAUX   D\u00e9monter l\u2019\u00e9tau et tremper dans un bain d\u2019huile pendant\u00a0 24 heures;  Nettoyer ensuite \u00e0 l\u2019air comprim\u00e9 toutes les pi\u00e8ces;  V\u00e9rifier l\u2019\u00e9tat de la cr\u00eate du moletage, si n\u00e9cessaire remplacer les clavettes;  Remonter les clavettes avec la bague \u00e9lastique;  Graisser les clavettes de graphite en poudre;  V\u00e9rifier que la conicit\u00e9 des coins soit identique \u00e0 celle de la douille.","og_url":"https:\/\/abcon.gr\/produit\/\u03b1\u03c5\u03c4\u03bf\u03bc\u03b1\u03c4\u03bf\u03b9-\u03c3\u03c6\u03b9\u03b3\u03ba\u03c4\u03b7\u03c1\u03b5\u03c3-\u03b1\u03b3\u03ba\u03c5\u03c1\u03b9\u03c9\u03bd\/","og_site_name":"A.B.CON.","article_publisher":"https:\/\/www.facebook.com\/Steel.Precast.Solutions.ABCON\/","og_image":[{"width":400,"height":300,"url":"https:\/\/abcon.gr\/wp-content\/uploads\/2018\/06\/Automatic-strand-anchoring-clamps-1.jpg","type":"image\/jpeg"}],"twitter_card":"summary_large_image","schema":{"@context":"https:\/\/schema.org","@graph":[{"@type":"WebPage","@id":"https:\/\/abcon.gr\/produit\/%ce%b1%cf%85%cf%84%ce%bf%ce%bc%ce%b1%cf%84%ce%bf%ce%b9-%cf%83%cf%86%ce%b9%ce%b3%ce%ba%cf%84%ce%b7%cf%81%ce%b5%cf%83-%ce%b1%ce%b3%ce%ba%cf%85%cf%81%ce%b9%cf%89%ce%bd\/","url":"https:\/\/abcon.gr\/produit\/%ce%b1%cf%85%cf%84%ce%bf%ce%bc%ce%b1%cf%84%ce%bf%ce%b9-%cf%83%cf%86%ce%b9%ce%b3%ce%ba%cf%84%ce%b7%cf%81%ce%b5%cf%83-%ce%b1%ce%b3%ce%ba%cf%85%cf%81%ce%b9%cf%89%ce%bd\/","name":"Etaux d'ancrage des torons - A.B.CON.","isPartOf":{"@id":"https:\/\/abcon.gr\/fr\/#website"},"primaryImageOfPage":{"@id":"https:\/\/abcon.gr\/produit\/%ce%b1%cf%85%cf%84%ce%bf%ce%bc%ce%b1%cf%84%ce%bf%ce%b9-%cf%83%cf%86%ce%b9%ce%b3%ce%ba%cf%84%ce%b7%cf%81%ce%b5%cf%83-%ce%b1%ce%b3%ce%ba%cf%85%cf%81%ce%b9%cf%89%ce%bd\/#primaryimage"},"image":{"@id":"https:\/\/abcon.gr\/produit\/%ce%b1%cf%85%cf%84%ce%bf%ce%bc%ce%b1%cf%84%ce%bf%ce%b9-%cf%83%cf%86%ce%b9%ce%b3%ce%ba%cf%84%ce%b7%cf%81%ce%b5%cf%83-%ce%b1%ce%b3%ce%ba%cf%85%cf%81%ce%b9%cf%89%ce%bd\/#primaryimage"},"thumbnailUrl":"https:\/\/abcon.gr\/wp-content\/uploads\/2018\/06\/Automatic-strand-anchoring-clamps-1.jpg","datePublished":"2018-06-21T09:43:28+00:00","breadcrumb":{"@id":"https:\/\/abcon.gr\/produit\/%ce%b1%cf%85%cf%84%ce%bf%ce%bc%ce%b1%cf%84%ce%bf%ce%b9-%cf%83%cf%86%ce%b9%ce%b3%ce%ba%cf%84%ce%b7%cf%81%ce%b5%cf%83-%ce%b1%ce%b3%ce%ba%cf%85%cf%81%ce%b9%cf%89%ce%bd\/#breadcrumb"},"inLanguage":"fr-FR","potentialAction":[{"@type":"ReadAction","target":["https:\/\/abcon.gr\/produit\/%ce%b1%cf%85%cf%84%ce%bf%ce%bc%ce%b1%cf%84%ce%bf%ce%b9-%cf%83%cf%86%ce%b9%ce%b3%ce%ba%cf%84%ce%b7%cf%81%ce%b5%cf%83-%ce%b1%ce%b3%ce%ba%cf%85%cf%81%ce%b9%cf%89%ce%bd\/"]}]},{"@type":"ImageObject","inLanguage":"fr-FR","@id":"https:\/\/abcon.gr\/produit\/%ce%b1%cf%85%cf%84%ce%bf%ce%bc%ce%b1%cf%84%ce%bf%ce%b9-%cf%83%cf%86%ce%b9%ce%b3%ce%ba%cf%84%ce%b7%cf%81%ce%b5%cf%83-%ce%b1%ce%b3%ce%ba%cf%85%cf%81%ce%b9%cf%89%ce%bd\/#primaryimage","url":"https:\/\/abcon.gr\/wp-content\/uploads\/2018\/06\/Automatic-strand-anchoring-clamps-1.jpg","contentUrl":"https:\/\/abcon.gr\/wp-content\/uploads\/2018\/06\/Automatic-strand-anchoring-clamps-1.jpg","width":400,"height":300,"caption":"Automatic strand anchoring clamps 1"},{"@type":"BreadcrumbList","@id":"https:\/\/abcon.gr\/produit\/%ce%b1%cf%85%cf%84%ce%bf%ce%bc%ce%b1%cf%84%ce%bf%ce%b9-%cf%83%cf%86%ce%b9%ce%b3%ce%ba%cf%84%ce%b7%cf%81%ce%b5%cf%83-%ce%b1%ce%b3%ce%ba%cf%85%cf%81%ce%b9%cf%89%ce%bd\/#breadcrumb","itemListElement":[{"@type":"ListItem","position":1,"name":"\u0391\u03c1\u03c7\u03b9\u03ba\u03ae","item":"https:\/\/abcon.gr\/fr\/"},{"@type":"ListItem","position":2,"name":"\u039a\u03b1\u03c4\u03ac\u03c3\u03c4\u03b7\u03bc\u03b1","item":"https:\/\/abcon.gr\/fr\/%ce%ba%ce%b1%cf%84%ce%ac%cf%83%cf%84%ce%b7%ce%bc%ce%b1\/"},{"@type":"ListItem","position":3,"name":"Etaux d&#8217;ancrage des torons"}]},{"@type":"WebSite","@id":"https:\/\/abcon.gr\/fr\/#website","url":"https:\/\/abcon.gr\/fr\/","name":"A.B.CON. - \u039c\u03b7\u03c7\u03b1\u03bd\u03ad\u03c2 \u0395\u03c0\u03b5\u03be\u03b5\u03c1\u03b3\u03b1\u03c3\u03af\u03b1\u03c2 \u03a3\u03ba\u03c5\u03c1\u03bf\u03b4\u03ad\u03bc\u03b1\u03c4\u03bf\u03c2 & \u03a0\u03c1\u03bf\u03ba\u03b1\u03c4\u03b1\u03c3\u03ba\u03b5\u03c5\u03ae\u03c2","description":"\u039c\u03b7\u03c7\u03b1\u03bd\u03ad\u03c2 \u0395\u03c0\u03b5\u03be\u03b5\u03c1\u03b3\u03b1\u03c3\u03af\u03b1\u03c2 \u03a3\u03ba\u03c5\u03c1\u03bf\u03b4\u03ad\u03bc\u03b1\u03c4\u03bf\u03c2 &amp; \u03a0\u03c1\u03bf\u03ba\u03b1\u03c4\u03b1\u03c3\u03ba\u03b5\u03c5\u03ae\u03c2","publisher":{"@id":"https:\/\/abcon.gr\/fr\/#organization"},"potentialAction":[{"@type":"SearchAction","target":{"@type":"EntryPoint","urlTemplate":"https:\/\/abcon.gr\/fr\/?s={search_term_string}"},"query-input":{"@type":"PropertyValueSpecification","valueRequired":true,"valueName":"search_term_string"}}],"inLanguage":"fr-FR"},{"@type":"Organization","@id":"https:\/\/abcon.gr\/fr\/#organization","name":"A.B.CON. - \u039c\u03b7\u03c7\u03b1\u03bd\u03ad\u03c2 \u0395\u03c0\u03b5\u03be\u03b5\u03c1\u03b3\u03b1\u03c3\u03af\u03b1\u03c2 \u03a3\u03ba\u03c5\u03c1\u03bf\u03b4\u03ad\u03bc\u03b1\u03c4\u03bf\u03c2 & \u03a0\u03c1\u03bf\u03ba\u03b1\u03c4\u03b1\u03c3\u03ba\u03b5\u03c5\u03ae\u03c2","url":"https:\/\/abcon.gr\/fr\/","logo":{"@type":"ImageObject","inLanguage":"fr-FR","@id":"https:\/\/abcon.gr\/fr\/#\/schema\/logo\/image\/","url":"https:\/\/abcon.gr\/wp-content\/uploads\/2021\/04\/logo_150.png","contentUrl":"https:\/\/abcon.gr\/wp-content\/uploads\/2021\/04\/logo_150.png","width":150,"height":74,"caption":"A.B.CON. - \u039c\u03b7\u03c7\u03b1\u03bd\u03ad\u03c2 \u0395\u03c0\u03b5\u03be\u03b5\u03c1\u03b3\u03b1\u03c3\u03af\u03b1\u03c2 \u03a3\u03ba\u03c5\u03c1\u03bf\u03b4\u03ad\u03bc\u03b1\u03c4\u03bf\u03c2 & \u03a0\u03c1\u03bf\u03ba\u03b1\u03c4\u03b1\u03c3\u03ba\u03b5\u03c5\u03ae\u03c2"},"image":{"@id":"https:\/\/abcon.gr\/fr\/#\/schema\/logo\/image\/"},"sameAs":["https:\/\/www.facebook.com\/Steel.Precast.Solutions.ABCON\/"]}]}},"_links":{"self":[{"href":"https:\/\/abcon.gr\/fr\/wp-json\/wp\/v2\/product\/8714","targetHints":{"allow":["GET"]}}],"collection":[{"href":"https:\/\/abcon.gr\/fr\/wp-json\/wp\/v2\/product"}],"about":[{"href":"https:\/\/abcon.gr\/fr\/wp-json\/wp\/v2\/types\/product"}],"wp:featuredmedia":[{"embeddable":true,"href":"https:\/\/abcon.gr\/fr\/wp-json\/wp\/v2\/media\/4409"}],"wp:attachment":[{"href":"https:\/\/abcon.gr\/fr\/wp-json\/wp\/v2\/media?parent=8714"}],"wp:term":[{"taxonomy":"product_brand","embeddable":true,"href":"https:\/\/abcon.gr\/fr\/wp-json\/wp\/v2\/product_brand?post=8714"},{"taxonomy":"product_cat","embeddable":true,"href":"https:\/\/abcon.gr\/fr\/wp-json\/wp\/v2\/product_cat?post=8714"},{"taxonomy":"product_tag","embeddable":true,"href":"https:\/\/abcon.gr\/fr\/wp-json\/wp\/v2\/product_tag?post=8714"}],"curies":[{"name":"wp","href":"https:\/\/api.w.org\/{rel}","templated":true}]}}