{"id":8710,"date":"2018-06-21T12:50:55","date_gmt":"2018-06-21T09:50:55","guid":{"rendered":"http:\/\/test3.aenima.grproduct\/joints-pour-tresses-et-torons\/"},"modified":"2018-06-21T12:50:55","modified_gmt":"2018-06-21T09:50:55","slug":"joints-pour-tresses-et-torons","status":"publish","type":"product","link":"https:\/\/abcon.gr\/fr\/produit\/joints-pour-tresses-et-torons\/","title":{"rendered":"Joints pour tresses et torons"},"content":{"rendered":"","protected":false},"excerpt":{"rendered":"<p>Pour r\u00e9duire le plus possible les d\u00e9chets de torons, la solution id\u00e9ale pour r\u00e9cup\u00e9rer les tron\u00e7ons assez longs est certainement le joint pour les tresses et les torons.<br \/>\nIl est compos\u00e9 par deux \u00e9taux, m\u00eame de diam\u00e8tres diff\u00e9rents, reli\u00e9s par un raccord.<br \/>\nIls sont r\u00e9alis\u00e9s en acier de qualit\u00e9 \u00e9lev\u00e9e et soumis \u00e0 de s\u00e9v\u00e8res traitements thermiques assurant un nombre constant et \u00e9lev\u00e9 de r\u00e9emplois.<\/p>\n<p>ENTRETIEN DES COUPLEURS<\/p>\n<ul>\n<li>D\u00e9monter l\u2019\u00e9tau et tremper toutes les pi\u00e8ces dans un bain d\u2019huile pendant 24 heures;<\/li>\n<li>Nettoyer ensuite \u00e0 l\u2019air comprim\u00e9 toutes les pi\u00e8ces;<\/li>\n<li>V\u00e9rifier l\u2019\u00e9tat de la cr\u00eate du moletage, si n\u00e9cessaire remplacer les clavettes;<\/li>\n<li>Remonter les clavettes avec la bague \u00e9lastique;<\/li>\n<li>Graisser les clavettes de graphite en poudre;<\/li>\n<li>V\u00e9rifier que la conicit\u00e9 des clavettes soit identique \u00e0 celle de la douille<\/li>\n<\/ul>\n","protected":false},"featured_media":4438,"template":"","meta":{"_exactmetrics_skip_tracking":false,"_exactmetrics_sitenote_active":false,"_exactmetrics_sitenote_note":"","_exactmetrics_sitenote_category":0},"product_brand":[],"product_cat":[214,274,277],"product_tag":[325],"class_list":{"0":"post-8710","1":"product","2":"type-product","3":"status-publish","4":"has-post-thumbnail","6":"product_cat-equipement-precast","7":"product_cat-precontrainte","8":"product_cat-systemes-de-precontrainte","9":"product_tag-bianchi-fr","11":"first","12":"instock","13":"shipping-taxable","14":"product-type-simple"},"yoast_head":"<!-- This site is optimized with the Yoast SEO plugin v26.8 - https:\/\/yoast.com\/product\/yoast-seo-wordpress\/ -->\n<title>Joints pour tresses et torons - A.B.CON.<\/title>\n<meta name=\"robots\" content=\"index, follow, max-snippet:-1, max-image-preview:large, max-video-preview:-1\" \/>\n<link rel=\"canonical\" href=\"https:\/\/abcon.gr\/produit\/\u03c3\u03c5\u03bd\u03b4\u03b5\u03c3\u03bc\u03bf\u03b9-\u03b3\u03b9\u03b1-\u03c3\u03c5\u03c1\u03bc\u03b1\u03c4\u03bf\u03c3\u03c7\u03bf\u03b9\u03bd\u03b1\/\" \/>\n<meta property=\"og:locale\" content=\"fr_FR\" \/>\n<meta property=\"og:type\" content=\"article\" \/>\n<meta property=\"og:title\" content=\"Joints pour tresses et torons - A.B.CON.\" \/>\n<meta property=\"og:description\" content=\"Pour r\u00e9duire le plus possible les d\u00e9chets de torons, la solution id\u00e9ale pour r\u00e9cup\u00e9rer les tron\u00e7ons assez longs est certainement le joint pour les tresses et les torons. Il est compos\u00e9 par deux \u00e9taux, m\u00eame de diam\u00e8tres diff\u00e9rents, reli\u00e9s par un raccord. Ils sont r\u00e9alis\u00e9s en acier de qualit\u00e9 \u00e9lev\u00e9e et soumis \u00e0 de s\u00e9v\u00e8res traitements thermiques assurant un nombre constant et \u00e9lev\u00e9 de r\u00e9emplois.  ENTRETIEN DES COUPLEURS   D\u00e9monter l\u2019\u00e9tau et tremper toutes les pi\u00e8ces dans un bain d\u2019huile pendant 24 heures;  Nettoyer ensuite \u00e0 l\u2019air comprim\u00e9 toutes les pi\u00e8ces;  V\u00e9rifier l\u2019\u00e9tat de la cr\u00eate du moletage, si n\u00e9cessaire remplacer les clavettes;  Remonter les clavettes avec la bague \u00e9lastique;  Graisser les clavettes de graphite en poudre;  V\u00e9rifier que la conicit\u00e9 des clavettes soit identique \u00e0 celle de la douille\" \/>\n<meta property=\"og:url\" content=\"https:\/\/abcon.gr\/produit\/\u03c3\u03c5\u03bd\u03b4\u03b5\u03c3\u03bc\u03bf\u03b9-\u03b3\u03b9\u03b1-\u03c3\u03c5\u03c1\u03bc\u03b1\u03c4\u03bf\u03c3\u03c7\u03bf\u03b9\u03bd\u03b1\/\" \/>\n<meta property=\"og:site_name\" content=\"A.B.CON.\" \/>\n<meta property=\"article:publisher\" content=\"https:\/\/www.facebook.com\/Steel.Precast.Solutions.ABCON\/\" \/>\n<meta property=\"og:image\" content=\"https:\/\/abcon.gr\/wp-content\/uploads\/2018\/06\/Joint-for-plaits-and-strands-1.jpg\" \/>\n\t<meta property=\"og:image:width\" content=\"180\" \/>\n\t<meta property=\"og:image:height\" content=\"135\" \/>\n\t<meta property=\"og:image:type\" content=\"image\/jpeg\" \/>\n<meta name=\"twitter:card\" content=\"summary_large_image\" \/>\n<script type=\"application\/ld+json\" class=\"yoast-schema-graph\">{\"@context\":\"https:\/\/schema.org\",\"@graph\":[{\"@type\":\"WebPage\",\"@id\":\"https:\/\/abcon.gr\/produit\/%cf%83%cf%85%ce%bd%ce%b4%ce%b5%cf%83%ce%bc%ce%bf%ce%b9-%ce%b3%ce%b9%ce%b1-%cf%83%cf%85%cf%81%ce%bc%ce%b1%cf%84%ce%bf%cf%83%cf%87%ce%bf%ce%b9%ce%bd%ce%b1\/\",\"url\":\"https:\/\/abcon.gr\/produit\/%cf%83%cf%85%ce%bd%ce%b4%ce%b5%cf%83%ce%bc%ce%bf%ce%b9-%ce%b3%ce%b9%ce%b1-%cf%83%cf%85%cf%81%ce%bc%ce%b1%cf%84%ce%bf%cf%83%cf%87%ce%bf%ce%b9%ce%bd%ce%b1\/\",\"name\":\"Joints pour tresses et torons - A.B.CON.\",\"isPartOf\":{\"@id\":\"https:\/\/abcon.gr\/fr\/#website\"},\"primaryImageOfPage\":{\"@id\":\"https:\/\/abcon.gr\/produit\/%cf%83%cf%85%ce%bd%ce%b4%ce%b5%cf%83%ce%bc%ce%bf%ce%b9-%ce%b3%ce%b9%ce%b1-%cf%83%cf%85%cf%81%ce%bc%ce%b1%cf%84%ce%bf%cf%83%cf%87%ce%bf%ce%b9%ce%bd%ce%b1\/#primaryimage\"},\"image\":{\"@id\":\"https:\/\/abcon.gr\/produit\/%cf%83%cf%85%ce%bd%ce%b4%ce%b5%cf%83%ce%bc%ce%bf%ce%b9-%ce%b3%ce%b9%ce%b1-%cf%83%cf%85%cf%81%ce%bc%ce%b1%cf%84%ce%bf%cf%83%cf%87%ce%bf%ce%b9%ce%bd%ce%b1\/#primaryimage\"},\"thumbnailUrl\":\"https:\/\/abcon.gr\/wp-content\/uploads\/2018\/06\/Joint-for-plaits-and-strands-1.jpg\",\"datePublished\":\"2018-06-21T09:50:55+00:00\",\"breadcrumb\":{\"@id\":\"https:\/\/abcon.gr\/produit\/%cf%83%cf%85%ce%bd%ce%b4%ce%b5%cf%83%ce%bc%ce%bf%ce%b9-%ce%b3%ce%b9%ce%b1-%cf%83%cf%85%cf%81%ce%bc%ce%b1%cf%84%ce%bf%cf%83%cf%87%ce%bf%ce%b9%ce%bd%ce%b1\/#breadcrumb\"},\"inLanguage\":\"fr-FR\",\"potentialAction\":[{\"@type\":\"ReadAction\",\"target\":[\"https:\/\/abcon.gr\/produit\/%cf%83%cf%85%ce%bd%ce%b4%ce%b5%cf%83%ce%bc%ce%bf%ce%b9-%ce%b3%ce%b9%ce%b1-%cf%83%cf%85%cf%81%ce%bc%ce%b1%cf%84%ce%bf%cf%83%cf%87%ce%bf%ce%b9%ce%bd%ce%b1\/\"]}]},{\"@type\":\"ImageObject\",\"inLanguage\":\"fr-FR\",\"@id\":\"https:\/\/abcon.gr\/produit\/%cf%83%cf%85%ce%bd%ce%b4%ce%b5%cf%83%ce%bc%ce%bf%ce%b9-%ce%b3%ce%b9%ce%b1-%cf%83%cf%85%cf%81%ce%bc%ce%b1%cf%84%ce%bf%cf%83%cf%87%ce%bf%ce%b9%ce%bd%ce%b1\/#primaryimage\",\"url\":\"https:\/\/abcon.gr\/wp-content\/uploads\/2018\/06\/Joint-for-plaits-and-strands-1.jpg\",\"contentUrl\":\"https:\/\/abcon.gr\/wp-content\/uploads\/2018\/06\/Joint-for-plaits-and-strands-1.jpg\",\"width\":180,\"height\":135,\"caption\":\"Joint for plaits and strands 1\"},{\"@type\":\"BreadcrumbList\",\"@id\":\"https:\/\/abcon.gr\/produit\/%cf%83%cf%85%ce%bd%ce%b4%ce%b5%cf%83%ce%bc%ce%bf%ce%b9-%ce%b3%ce%b9%ce%b1-%cf%83%cf%85%cf%81%ce%bc%ce%b1%cf%84%ce%bf%cf%83%cf%87%ce%bf%ce%b9%ce%bd%ce%b1\/#breadcrumb\",\"itemListElement\":[{\"@type\":\"ListItem\",\"position\":1,\"name\":\"\u0391\u03c1\u03c7\u03b9\u03ba\u03ae\",\"item\":\"https:\/\/abcon.gr\/fr\/\"},{\"@type\":\"ListItem\",\"position\":2,\"name\":\"\u039a\u03b1\u03c4\u03ac\u03c3\u03c4\u03b7\u03bc\u03b1\",\"item\":\"https:\/\/abcon.gr\/fr\/%ce%ba%ce%b1%cf%84%ce%ac%cf%83%cf%84%ce%b7%ce%bc%ce%b1\/\"},{\"@type\":\"ListItem\",\"position\":3,\"name\":\"Joints pour tresses et torons\"}]},{\"@type\":\"WebSite\",\"@id\":\"https:\/\/abcon.gr\/fr\/#website\",\"url\":\"https:\/\/abcon.gr\/fr\/\",\"name\":\"A.B.CON. - \u039c\u03b7\u03c7\u03b1\u03bd\u03ad\u03c2 \u0395\u03c0\u03b5\u03be\u03b5\u03c1\u03b3\u03b1\u03c3\u03af\u03b1\u03c2 \u03a3\u03ba\u03c5\u03c1\u03bf\u03b4\u03ad\u03bc\u03b1\u03c4\u03bf\u03c2 & \u03a0\u03c1\u03bf\u03ba\u03b1\u03c4\u03b1\u03c3\u03ba\u03b5\u03c5\u03ae\u03c2\",\"description\":\"\u039c\u03b7\u03c7\u03b1\u03bd\u03ad\u03c2 \u0395\u03c0\u03b5\u03be\u03b5\u03c1\u03b3\u03b1\u03c3\u03af\u03b1\u03c2 \u03a3\u03ba\u03c5\u03c1\u03bf\u03b4\u03ad\u03bc\u03b1\u03c4\u03bf\u03c2 &amp; \u03a0\u03c1\u03bf\u03ba\u03b1\u03c4\u03b1\u03c3\u03ba\u03b5\u03c5\u03ae\u03c2\",\"publisher\":{\"@id\":\"https:\/\/abcon.gr\/fr\/#organization\"},\"potentialAction\":[{\"@type\":\"SearchAction\",\"target\":{\"@type\":\"EntryPoint\",\"urlTemplate\":\"https:\/\/abcon.gr\/fr\/?s={search_term_string}\"},\"query-input\":{\"@type\":\"PropertyValueSpecification\",\"valueRequired\":true,\"valueName\":\"search_term_string\"}}],\"inLanguage\":\"fr-FR\"},{\"@type\":\"Organization\",\"@id\":\"https:\/\/abcon.gr\/fr\/#organization\",\"name\":\"A.B.CON. - \u039c\u03b7\u03c7\u03b1\u03bd\u03ad\u03c2 \u0395\u03c0\u03b5\u03be\u03b5\u03c1\u03b3\u03b1\u03c3\u03af\u03b1\u03c2 \u03a3\u03ba\u03c5\u03c1\u03bf\u03b4\u03ad\u03bc\u03b1\u03c4\u03bf\u03c2 & \u03a0\u03c1\u03bf\u03ba\u03b1\u03c4\u03b1\u03c3\u03ba\u03b5\u03c5\u03ae\u03c2\",\"url\":\"https:\/\/abcon.gr\/fr\/\",\"logo\":{\"@type\":\"ImageObject\",\"inLanguage\":\"fr-FR\",\"@id\":\"https:\/\/abcon.gr\/fr\/#\/schema\/logo\/image\/\",\"url\":\"https:\/\/abcon.gr\/wp-content\/uploads\/2021\/04\/logo_150.png\",\"contentUrl\":\"https:\/\/abcon.gr\/wp-content\/uploads\/2021\/04\/logo_150.png\",\"width\":150,\"height\":74,\"caption\":\"A.B.CON. - \u039c\u03b7\u03c7\u03b1\u03bd\u03ad\u03c2 \u0395\u03c0\u03b5\u03be\u03b5\u03c1\u03b3\u03b1\u03c3\u03af\u03b1\u03c2 \u03a3\u03ba\u03c5\u03c1\u03bf\u03b4\u03ad\u03bc\u03b1\u03c4\u03bf\u03c2 & \u03a0\u03c1\u03bf\u03ba\u03b1\u03c4\u03b1\u03c3\u03ba\u03b5\u03c5\u03ae\u03c2\"},\"image\":{\"@id\":\"https:\/\/abcon.gr\/fr\/#\/schema\/logo\/image\/\"},\"sameAs\":[\"https:\/\/www.facebook.com\/Steel.Precast.Solutions.ABCON\/\"]}]}<\/script>\n<!-- \/ Yoast SEO plugin. -->","yoast_head_json":{"title":"Joints pour tresses et torons - A.B.CON.","robots":{"index":"index","follow":"follow","max-snippet":"max-snippet:-1","max-image-preview":"max-image-preview:large","max-video-preview":"max-video-preview:-1"},"canonical":"https:\/\/abcon.gr\/produit\/\u03c3\u03c5\u03bd\u03b4\u03b5\u03c3\u03bc\u03bf\u03b9-\u03b3\u03b9\u03b1-\u03c3\u03c5\u03c1\u03bc\u03b1\u03c4\u03bf\u03c3\u03c7\u03bf\u03b9\u03bd\u03b1\/","og_locale":"fr_FR","og_type":"article","og_title":"Joints pour tresses et torons - A.B.CON.","og_description":"Pour r\u00e9duire le plus possible les d\u00e9chets de torons, la solution id\u00e9ale pour r\u00e9cup\u00e9rer les tron\u00e7ons assez longs est certainement le joint pour les tresses et les torons. Il est compos\u00e9 par deux \u00e9taux, m\u00eame de diam\u00e8tres diff\u00e9rents, reli\u00e9s par un raccord. Ils sont r\u00e9alis\u00e9s en acier de qualit\u00e9 \u00e9lev\u00e9e et soumis \u00e0 de s\u00e9v\u00e8res traitements thermiques assurant un nombre constant et \u00e9lev\u00e9 de r\u00e9emplois.  ENTRETIEN DES COUPLEURS   D\u00e9monter l\u2019\u00e9tau et tremper toutes les pi\u00e8ces dans un bain d\u2019huile pendant 24 heures;  Nettoyer ensuite \u00e0 l\u2019air comprim\u00e9 toutes les pi\u00e8ces;  V\u00e9rifier l\u2019\u00e9tat de la cr\u00eate du moletage, si n\u00e9cessaire remplacer les clavettes;  Remonter les clavettes avec la bague \u00e9lastique;  Graisser les clavettes de graphite en poudre;  V\u00e9rifier que la conicit\u00e9 des clavettes soit identique \u00e0 celle de la douille","og_url":"https:\/\/abcon.gr\/produit\/\u03c3\u03c5\u03bd\u03b4\u03b5\u03c3\u03bc\u03bf\u03b9-\u03b3\u03b9\u03b1-\u03c3\u03c5\u03c1\u03bc\u03b1\u03c4\u03bf\u03c3\u03c7\u03bf\u03b9\u03bd\u03b1\/","og_site_name":"A.B.CON.","article_publisher":"https:\/\/www.facebook.com\/Steel.Precast.Solutions.ABCON\/","og_image":[{"width":180,"height":135,"url":"https:\/\/abcon.gr\/wp-content\/uploads\/2018\/06\/Joint-for-plaits-and-strands-1.jpg","type":"image\/jpeg"}],"twitter_card":"summary_large_image","schema":{"@context":"https:\/\/schema.org","@graph":[{"@type":"WebPage","@id":"https:\/\/abcon.gr\/produit\/%cf%83%cf%85%ce%bd%ce%b4%ce%b5%cf%83%ce%bc%ce%bf%ce%b9-%ce%b3%ce%b9%ce%b1-%cf%83%cf%85%cf%81%ce%bc%ce%b1%cf%84%ce%bf%cf%83%cf%87%ce%bf%ce%b9%ce%bd%ce%b1\/","url":"https:\/\/abcon.gr\/produit\/%cf%83%cf%85%ce%bd%ce%b4%ce%b5%cf%83%ce%bc%ce%bf%ce%b9-%ce%b3%ce%b9%ce%b1-%cf%83%cf%85%cf%81%ce%bc%ce%b1%cf%84%ce%bf%cf%83%cf%87%ce%bf%ce%b9%ce%bd%ce%b1\/","name":"Joints pour tresses et torons - A.B.CON.","isPartOf":{"@id":"https:\/\/abcon.gr\/fr\/#website"},"primaryImageOfPage":{"@id":"https:\/\/abcon.gr\/produit\/%cf%83%cf%85%ce%bd%ce%b4%ce%b5%cf%83%ce%bc%ce%bf%ce%b9-%ce%b3%ce%b9%ce%b1-%cf%83%cf%85%cf%81%ce%bc%ce%b1%cf%84%ce%bf%cf%83%cf%87%ce%bf%ce%b9%ce%bd%ce%b1\/#primaryimage"},"image":{"@id":"https:\/\/abcon.gr\/produit\/%cf%83%cf%85%ce%bd%ce%b4%ce%b5%cf%83%ce%bc%ce%bf%ce%b9-%ce%b3%ce%b9%ce%b1-%cf%83%cf%85%cf%81%ce%bc%ce%b1%cf%84%ce%bf%cf%83%cf%87%ce%bf%ce%b9%ce%bd%ce%b1\/#primaryimage"},"thumbnailUrl":"https:\/\/abcon.gr\/wp-content\/uploads\/2018\/06\/Joint-for-plaits-and-strands-1.jpg","datePublished":"2018-06-21T09:50:55+00:00","breadcrumb":{"@id":"https:\/\/abcon.gr\/produit\/%cf%83%cf%85%ce%bd%ce%b4%ce%b5%cf%83%ce%bc%ce%bf%ce%b9-%ce%b3%ce%b9%ce%b1-%cf%83%cf%85%cf%81%ce%bc%ce%b1%cf%84%ce%bf%cf%83%cf%87%ce%bf%ce%b9%ce%bd%ce%b1\/#breadcrumb"},"inLanguage":"fr-FR","potentialAction":[{"@type":"ReadAction","target":["https:\/\/abcon.gr\/produit\/%cf%83%cf%85%ce%bd%ce%b4%ce%b5%cf%83%ce%bc%ce%bf%ce%b9-%ce%b3%ce%b9%ce%b1-%cf%83%cf%85%cf%81%ce%bc%ce%b1%cf%84%ce%bf%cf%83%cf%87%ce%bf%ce%b9%ce%bd%ce%b1\/"]}]},{"@type":"ImageObject","inLanguage":"fr-FR","@id":"https:\/\/abcon.gr\/produit\/%cf%83%cf%85%ce%bd%ce%b4%ce%b5%cf%83%ce%bc%ce%bf%ce%b9-%ce%b3%ce%b9%ce%b1-%cf%83%cf%85%cf%81%ce%bc%ce%b1%cf%84%ce%bf%cf%83%cf%87%ce%bf%ce%b9%ce%bd%ce%b1\/#primaryimage","url":"https:\/\/abcon.gr\/wp-content\/uploads\/2018\/06\/Joint-for-plaits-and-strands-1.jpg","contentUrl":"https:\/\/abcon.gr\/wp-content\/uploads\/2018\/06\/Joint-for-plaits-and-strands-1.jpg","width":180,"height":135,"caption":"Joint for plaits and strands 1"},{"@type":"BreadcrumbList","@id":"https:\/\/abcon.gr\/produit\/%cf%83%cf%85%ce%bd%ce%b4%ce%b5%cf%83%ce%bc%ce%bf%ce%b9-%ce%b3%ce%b9%ce%b1-%cf%83%cf%85%cf%81%ce%bc%ce%b1%cf%84%ce%bf%cf%83%cf%87%ce%bf%ce%b9%ce%bd%ce%b1\/#breadcrumb","itemListElement":[{"@type":"ListItem","position":1,"name":"\u0391\u03c1\u03c7\u03b9\u03ba\u03ae","item":"https:\/\/abcon.gr\/fr\/"},{"@type":"ListItem","position":2,"name":"\u039a\u03b1\u03c4\u03ac\u03c3\u03c4\u03b7\u03bc\u03b1","item":"https:\/\/abcon.gr\/fr\/%ce%ba%ce%b1%cf%84%ce%ac%cf%83%cf%84%ce%b7%ce%bc%ce%b1\/"},{"@type":"ListItem","position":3,"name":"Joints pour tresses et torons"}]},{"@type":"WebSite","@id":"https:\/\/abcon.gr\/fr\/#website","url":"https:\/\/abcon.gr\/fr\/","name":"A.B.CON. - \u039c\u03b7\u03c7\u03b1\u03bd\u03ad\u03c2 \u0395\u03c0\u03b5\u03be\u03b5\u03c1\u03b3\u03b1\u03c3\u03af\u03b1\u03c2 \u03a3\u03ba\u03c5\u03c1\u03bf\u03b4\u03ad\u03bc\u03b1\u03c4\u03bf\u03c2 & \u03a0\u03c1\u03bf\u03ba\u03b1\u03c4\u03b1\u03c3\u03ba\u03b5\u03c5\u03ae\u03c2","description":"\u039c\u03b7\u03c7\u03b1\u03bd\u03ad\u03c2 \u0395\u03c0\u03b5\u03be\u03b5\u03c1\u03b3\u03b1\u03c3\u03af\u03b1\u03c2 \u03a3\u03ba\u03c5\u03c1\u03bf\u03b4\u03ad\u03bc\u03b1\u03c4\u03bf\u03c2 &amp; \u03a0\u03c1\u03bf\u03ba\u03b1\u03c4\u03b1\u03c3\u03ba\u03b5\u03c5\u03ae\u03c2","publisher":{"@id":"https:\/\/abcon.gr\/fr\/#organization"},"potentialAction":[{"@type":"SearchAction","target":{"@type":"EntryPoint","urlTemplate":"https:\/\/abcon.gr\/fr\/?s={search_term_string}"},"query-input":{"@type":"PropertyValueSpecification","valueRequired":true,"valueName":"search_term_string"}}],"inLanguage":"fr-FR"},{"@type":"Organization","@id":"https:\/\/abcon.gr\/fr\/#organization","name":"A.B.CON. - \u039c\u03b7\u03c7\u03b1\u03bd\u03ad\u03c2 \u0395\u03c0\u03b5\u03be\u03b5\u03c1\u03b3\u03b1\u03c3\u03af\u03b1\u03c2 \u03a3\u03ba\u03c5\u03c1\u03bf\u03b4\u03ad\u03bc\u03b1\u03c4\u03bf\u03c2 & \u03a0\u03c1\u03bf\u03ba\u03b1\u03c4\u03b1\u03c3\u03ba\u03b5\u03c5\u03ae\u03c2","url":"https:\/\/abcon.gr\/fr\/","logo":{"@type":"ImageObject","inLanguage":"fr-FR","@id":"https:\/\/abcon.gr\/fr\/#\/schema\/logo\/image\/","url":"https:\/\/abcon.gr\/wp-content\/uploads\/2021\/04\/logo_150.png","contentUrl":"https:\/\/abcon.gr\/wp-content\/uploads\/2021\/04\/logo_150.png","width":150,"height":74,"caption":"A.B.CON. - \u039c\u03b7\u03c7\u03b1\u03bd\u03ad\u03c2 \u0395\u03c0\u03b5\u03be\u03b5\u03c1\u03b3\u03b1\u03c3\u03af\u03b1\u03c2 \u03a3\u03ba\u03c5\u03c1\u03bf\u03b4\u03ad\u03bc\u03b1\u03c4\u03bf\u03c2 & \u03a0\u03c1\u03bf\u03ba\u03b1\u03c4\u03b1\u03c3\u03ba\u03b5\u03c5\u03ae\u03c2"},"image":{"@id":"https:\/\/abcon.gr\/fr\/#\/schema\/logo\/image\/"},"sameAs":["https:\/\/www.facebook.com\/Steel.Precast.Solutions.ABCON\/"]}]}},"_links":{"self":[{"href":"https:\/\/abcon.gr\/fr\/wp-json\/wp\/v2\/product\/8710","targetHints":{"allow":["GET"]}}],"collection":[{"href":"https:\/\/abcon.gr\/fr\/wp-json\/wp\/v2\/product"}],"about":[{"href":"https:\/\/abcon.gr\/fr\/wp-json\/wp\/v2\/types\/product"}],"wp:featuredmedia":[{"embeddable":true,"href":"https:\/\/abcon.gr\/fr\/wp-json\/wp\/v2\/media\/4438"}],"wp:attachment":[{"href":"https:\/\/abcon.gr\/fr\/wp-json\/wp\/v2\/media?parent=8710"}],"wp:term":[{"taxonomy":"product_brand","embeddable":true,"href":"https:\/\/abcon.gr\/fr\/wp-json\/wp\/v2\/product_brand?post=8710"},{"taxonomy":"product_cat","embeddable":true,"href":"https:\/\/abcon.gr\/fr\/wp-json\/wp\/v2\/product_cat?post=8710"},{"taxonomy":"product_tag","embeddable":true,"href":"https:\/\/abcon.gr\/fr\/wp-json\/wp\/v2\/product_tag?post=8710"}],"curies":[{"name":"wp","href":"https:\/\/api.w.org\/{rel}","templated":true}]}}