{"id":8706,"date":"2018-06-21T13:01:22","date_gmt":"2018-06-21T10:01:22","guid":{"rendered":"http:\/\/test3.aenima.grproduct\/gaine-pour-toron\/"},"modified":"2018-06-21T13:01:22","modified_gmt":"2018-06-21T10:01:22","slug":"gaine-pour-toron","status":"publish","type":"product","link":"https:\/\/abcon.gr\/fr\/produit\/gaine-pour-toron\/","title":{"rendered":"Gaine pour toron"},"content":{"rendered":"","protected":false},"excerpt":{"rendered":"<p>Pour \u00e9liminer l\u2019effet des torons l\u00e0 o\u00f9 une moindre contrainte est requise, la meilleure solution aux difficult\u00e9s op\u00e9ratives des torons d\u00e9vi\u00e9s est la gaine souple pour la neutralisation des torons.<br \/>\nApplication simple, disponible pour diff\u00e9rents types de torons et de tresses, antioxydante.<\/p>\n<p>Packs :<\/p>\n<ul>\n<li>Gaine souple de couleur jaune pour torons 0.6\u00a0\u00bb seulement, fournie en paquets de 3 m de long, pour une longueur totale de 300 m.<\/li>\n<li>Gaine de couleur rouge pour torons de 3\/8\u00a0\u00bb,1\/2\u00a0\u00bb,0.6\u00a0\u00bb, fournie en paquets de 3 m de long, pour une longueur totale de 600 m.<\/li>\n<li>Gaine pour tresse 3 x 3, fournie en paquets de 3 m de long, pour une longueur totale de 1 500 m.<\/li>\n<\/ul>\n","protected":false},"featured_media":8496,"template":"","meta":{"_exactmetrics_skip_tracking":false,"_exactmetrics_sitenote_active":false,"_exactmetrics_sitenote_note":"","_exactmetrics_sitenote_category":0},"product_brand":[],"product_cat":[214,274,277],"product_tag":[325],"class_list":{"0":"post-8706","1":"product","2":"type-product","3":"status-publish","4":"has-post-thumbnail","6":"product_cat-equipement-precast","7":"product_cat-precontrainte","8":"product_cat-systemes-de-precontrainte","9":"product_tag-bianchi-fr","11":"first","12":"instock","13":"shipping-taxable","14":"product-type-simple"},"yoast_head":"<!-- This site is optimized with the Yoast SEO plugin v26.8 - https:\/\/yoast.com\/product\/yoast-seo-wordpress\/ -->\n<title>Gaine pour toron - A.B.CON.<\/title>\n<meta name=\"robots\" content=\"index, follow, max-snippet:-1, max-image-preview:large, max-video-preview:-1\" \/>\n<link rel=\"canonical\" href=\"https:\/\/abcon.gr\/produit\/\u03c0\u03b5\u03c1\u03b9\u03b2\u03bb\u03b7\u03bc\u03b1-\u03c3\u03c5\u03c1\u03bc\u03b1\u03c4\u03bf\u03c3\u03c7\u03bf\u03b9\u03bd\u03bf\u03c5\/\" \/>\n<meta property=\"og:locale\" content=\"fr_FR\" \/>\n<meta property=\"og:type\" content=\"article\" \/>\n<meta property=\"og:title\" content=\"Gaine pour toron - A.B.CON.\" \/>\n<meta property=\"og:description\" content=\"Pour \u00e9liminer l\u2019effet des torons l\u00e0 o\u00f9 une moindre contrainte est requise, la meilleure solution aux difficult\u00e9s op\u00e9ratives des torons d\u00e9vi\u00e9s est la gaine souple pour la neutralisation des torons. Application simple, disponible pour diff\u00e9rents types de torons et de tresses, antioxydante.  Packs :   Gaine souple de couleur jaune pour torons 0.6&#039;&#039; seulement, fournie en paquets de 3 m de long, pour une longueur totale de 300 m.  Gaine de couleur rouge pour torons de 3\/8&#039;&#039;,1\/2&#039;&#039;,0.6&#039;&#039;, fournie en paquets de 3 m de long, pour une longueur totale de 600 m.  Gaine pour tresse 3 x 3, fournie en paquets de 3 m de long, pour une longueur totale de 1 500 m.\" \/>\n<meta property=\"og:url\" content=\"https:\/\/abcon.gr\/produit\/\u03c0\u03b5\u03c1\u03b9\u03b2\u03bb\u03b7\u03bc\u03b1-\u03c3\u03c5\u03c1\u03bc\u03b1\u03c4\u03bf\u03c3\u03c7\u03bf\u03b9\u03bd\u03bf\u03c5\/\" \/>\n<meta property=\"og:site_name\" content=\"A.B.CON.\" \/>\n<meta property=\"article:publisher\" content=\"https:\/\/www.facebook.com\/Steel.Precast.Solutions.ABCON\/\" \/>\n<meta property=\"og:image\" content=\"https:\/\/abcon.gr\/wp-content\/uploads\/2018\/06\/Strand-sheat.jpg\" \/>\n\t<meta property=\"og:image:width\" content=\"180\" \/>\n\t<meta property=\"og:image:height\" content=\"135\" \/>\n\t<meta property=\"og:image:type\" content=\"image\/jpeg\" \/>\n<meta name=\"twitter:card\" content=\"summary_large_image\" \/>\n<script type=\"application\/ld+json\" class=\"yoast-schema-graph\">{\"@context\":\"https:\/\/schema.org\",\"@graph\":[{\"@type\":\"WebPage\",\"@id\":\"https:\/\/abcon.gr\/produit\/%cf%80%ce%b5%cf%81%ce%b9%ce%b2%ce%bb%ce%b7%ce%bc%ce%b1-%cf%83%cf%85%cf%81%ce%bc%ce%b1%cf%84%ce%bf%cf%83%cf%87%ce%bf%ce%b9%ce%bd%ce%bf%cf%85\/\",\"url\":\"https:\/\/abcon.gr\/produit\/%cf%80%ce%b5%cf%81%ce%b9%ce%b2%ce%bb%ce%b7%ce%bc%ce%b1-%cf%83%cf%85%cf%81%ce%bc%ce%b1%cf%84%ce%bf%cf%83%cf%87%ce%bf%ce%b9%ce%bd%ce%bf%cf%85\/\",\"name\":\"Gaine pour toron - A.B.CON.\",\"isPartOf\":{\"@id\":\"https:\/\/abcon.gr\/fr\/#website\"},\"primaryImageOfPage\":{\"@id\":\"https:\/\/abcon.gr\/produit\/%cf%80%ce%b5%cf%81%ce%b9%ce%b2%ce%bb%ce%b7%ce%bc%ce%b1-%cf%83%cf%85%cf%81%ce%bc%ce%b1%cf%84%ce%bf%cf%83%cf%87%ce%bf%ce%b9%ce%bd%ce%bf%cf%85\/#primaryimage\"},\"image\":{\"@id\":\"https:\/\/abcon.gr\/produit\/%cf%80%ce%b5%cf%81%ce%b9%ce%b2%ce%bb%ce%b7%ce%bc%ce%b1-%cf%83%cf%85%cf%81%ce%bc%ce%b1%cf%84%ce%bf%cf%83%cf%87%ce%bf%ce%b9%ce%bd%ce%bf%cf%85\/#primaryimage\"},\"thumbnailUrl\":\"https:\/\/abcon.gr\/wp-content\/uploads\/2018\/06\/Strand-sheat.jpg\",\"datePublished\":\"2018-06-21T10:01:22+00:00\",\"breadcrumb\":{\"@id\":\"https:\/\/abcon.gr\/produit\/%cf%80%ce%b5%cf%81%ce%b9%ce%b2%ce%bb%ce%b7%ce%bc%ce%b1-%cf%83%cf%85%cf%81%ce%bc%ce%b1%cf%84%ce%bf%cf%83%cf%87%ce%bf%ce%b9%ce%bd%ce%bf%cf%85\/#breadcrumb\"},\"inLanguage\":\"fr-FR\",\"potentialAction\":[{\"@type\":\"ReadAction\",\"target\":[\"https:\/\/abcon.gr\/produit\/%cf%80%ce%b5%cf%81%ce%b9%ce%b2%ce%bb%ce%b7%ce%bc%ce%b1-%cf%83%cf%85%cf%81%ce%bc%ce%b1%cf%84%ce%bf%cf%83%cf%87%ce%bf%ce%b9%ce%bd%ce%bf%cf%85\/\"]}]},{\"@type\":\"ImageObject\",\"inLanguage\":\"fr-FR\",\"@id\":\"https:\/\/abcon.gr\/produit\/%cf%80%ce%b5%cf%81%ce%b9%ce%b2%ce%bb%ce%b7%ce%bc%ce%b1-%cf%83%cf%85%cf%81%ce%bc%ce%b1%cf%84%ce%bf%cf%83%cf%87%ce%bf%ce%b9%ce%bd%ce%bf%cf%85\/#primaryimage\",\"url\":\"https:\/\/abcon.gr\/wp-content\/uploads\/2018\/06\/Strand-sheat.jpg\",\"contentUrl\":\"https:\/\/abcon.gr\/wp-content\/uploads\/2018\/06\/Strand-sheat.jpg\",\"width\":180,\"height\":135,\"caption\":\"Strand sheat\"},{\"@type\":\"BreadcrumbList\",\"@id\":\"https:\/\/abcon.gr\/produit\/%cf%80%ce%b5%cf%81%ce%b9%ce%b2%ce%bb%ce%b7%ce%bc%ce%b1-%cf%83%cf%85%cf%81%ce%bc%ce%b1%cf%84%ce%bf%cf%83%cf%87%ce%bf%ce%b9%ce%bd%ce%bf%cf%85\/#breadcrumb\",\"itemListElement\":[{\"@type\":\"ListItem\",\"position\":1,\"name\":\"\u0391\u03c1\u03c7\u03b9\u03ba\u03ae\",\"item\":\"https:\/\/abcon.gr\/fr\/\"},{\"@type\":\"ListItem\",\"position\":2,\"name\":\"\u039a\u03b1\u03c4\u03ac\u03c3\u03c4\u03b7\u03bc\u03b1\",\"item\":\"https:\/\/abcon.gr\/fr\/%ce%ba%ce%b1%cf%84%ce%ac%cf%83%cf%84%ce%b7%ce%bc%ce%b1\/\"},{\"@type\":\"ListItem\",\"position\":3,\"name\":\"Gaine pour toron\"}]},{\"@type\":\"WebSite\",\"@id\":\"https:\/\/abcon.gr\/fr\/#website\",\"url\":\"https:\/\/abcon.gr\/fr\/\",\"name\":\"A.B.CON. - \u039c\u03b7\u03c7\u03b1\u03bd\u03ad\u03c2 \u0395\u03c0\u03b5\u03be\u03b5\u03c1\u03b3\u03b1\u03c3\u03af\u03b1\u03c2 \u03a3\u03ba\u03c5\u03c1\u03bf\u03b4\u03ad\u03bc\u03b1\u03c4\u03bf\u03c2 & \u03a0\u03c1\u03bf\u03ba\u03b1\u03c4\u03b1\u03c3\u03ba\u03b5\u03c5\u03ae\u03c2\",\"description\":\"\u039c\u03b7\u03c7\u03b1\u03bd\u03ad\u03c2 \u0395\u03c0\u03b5\u03be\u03b5\u03c1\u03b3\u03b1\u03c3\u03af\u03b1\u03c2 \u03a3\u03ba\u03c5\u03c1\u03bf\u03b4\u03ad\u03bc\u03b1\u03c4\u03bf\u03c2 &amp; \u03a0\u03c1\u03bf\u03ba\u03b1\u03c4\u03b1\u03c3\u03ba\u03b5\u03c5\u03ae\u03c2\",\"publisher\":{\"@id\":\"https:\/\/abcon.gr\/fr\/#organization\"},\"potentialAction\":[{\"@type\":\"SearchAction\",\"target\":{\"@type\":\"EntryPoint\",\"urlTemplate\":\"https:\/\/abcon.gr\/fr\/?s={search_term_string}\"},\"query-input\":{\"@type\":\"PropertyValueSpecification\",\"valueRequired\":true,\"valueName\":\"search_term_string\"}}],\"inLanguage\":\"fr-FR\"},{\"@type\":\"Organization\",\"@id\":\"https:\/\/abcon.gr\/fr\/#organization\",\"name\":\"A.B.CON. - \u039c\u03b7\u03c7\u03b1\u03bd\u03ad\u03c2 \u0395\u03c0\u03b5\u03be\u03b5\u03c1\u03b3\u03b1\u03c3\u03af\u03b1\u03c2 \u03a3\u03ba\u03c5\u03c1\u03bf\u03b4\u03ad\u03bc\u03b1\u03c4\u03bf\u03c2 & \u03a0\u03c1\u03bf\u03ba\u03b1\u03c4\u03b1\u03c3\u03ba\u03b5\u03c5\u03ae\u03c2\",\"url\":\"https:\/\/abcon.gr\/fr\/\",\"logo\":{\"@type\":\"ImageObject\",\"inLanguage\":\"fr-FR\",\"@id\":\"https:\/\/abcon.gr\/fr\/#\/schema\/logo\/image\/\",\"url\":\"https:\/\/abcon.gr\/wp-content\/uploads\/2021\/04\/logo_150.png\",\"contentUrl\":\"https:\/\/abcon.gr\/wp-content\/uploads\/2021\/04\/logo_150.png\",\"width\":150,\"height\":74,\"caption\":\"A.B.CON. - \u039c\u03b7\u03c7\u03b1\u03bd\u03ad\u03c2 \u0395\u03c0\u03b5\u03be\u03b5\u03c1\u03b3\u03b1\u03c3\u03af\u03b1\u03c2 \u03a3\u03ba\u03c5\u03c1\u03bf\u03b4\u03ad\u03bc\u03b1\u03c4\u03bf\u03c2 & \u03a0\u03c1\u03bf\u03ba\u03b1\u03c4\u03b1\u03c3\u03ba\u03b5\u03c5\u03ae\u03c2\"},\"image\":{\"@id\":\"https:\/\/abcon.gr\/fr\/#\/schema\/logo\/image\/\"},\"sameAs\":[\"https:\/\/www.facebook.com\/Steel.Precast.Solutions.ABCON\/\"]}]}<\/script>\n<!-- \/ Yoast SEO plugin. -->","yoast_head_json":{"title":"Gaine pour toron - A.B.CON.","robots":{"index":"index","follow":"follow","max-snippet":"max-snippet:-1","max-image-preview":"max-image-preview:large","max-video-preview":"max-video-preview:-1"},"canonical":"https:\/\/abcon.gr\/produit\/\u03c0\u03b5\u03c1\u03b9\u03b2\u03bb\u03b7\u03bc\u03b1-\u03c3\u03c5\u03c1\u03bc\u03b1\u03c4\u03bf\u03c3\u03c7\u03bf\u03b9\u03bd\u03bf\u03c5\/","og_locale":"fr_FR","og_type":"article","og_title":"Gaine pour toron - A.B.CON.","og_description":"Pour \u00e9liminer l\u2019effet des torons l\u00e0 o\u00f9 une moindre contrainte est requise, la meilleure solution aux difficult\u00e9s op\u00e9ratives des torons d\u00e9vi\u00e9s est la gaine souple pour la neutralisation des torons. Application simple, disponible pour diff\u00e9rents types de torons et de tresses, antioxydante.  Packs :   Gaine souple de couleur jaune pour torons 0.6'' seulement, fournie en paquets de 3 m de long, pour une longueur totale de 300 m.  Gaine de couleur rouge pour torons de 3\/8'',1\/2'',0.6'', fournie en paquets de 3 m de long, pour une longueur totale de 600 m.  Gaine pour tresse 3 x 3, fournie en paquets de 3 m de long, pour une longueur totale de 1 500 m.","og_url":"https:\/\/abcon.gr\/produit\/\u03c0\u03b5\u03c1\u03b9\u03b2\u03bb\u03b7\u03bc\u03b1-\u03c3\u03c5\u03c1\u03bc\u03b1\u03c4\u03bf\u03c3\u03c7\u03bf\u03b9\u03bd\u03bf\u03c5\/","og_site_name":"A.B.CON.","article_publisher":"https:\/\/www.facebook.com\/Steel.Precast.Solutions.ABCON\/","og_image":[{"width":180,"height":135,"url":"https:\/\/abcon.gr\/wp-content\/uploads\/2018\/06\/Strand-sheat.jpg","type":"image\/jpeg"}],"twitter_card":"summary_large_image","schema":{"@context":"https:\/\/schema.org","@graph":[{"@type":"WebPage","@id":"https:\/\/abcon.gr\/produit\/%cf%80%ce%b5%cf%81%ce%b9%ce%b2%ce%bb%ce%b7%ce%bc%ce%b1-%cf%83%cf%85%cf%81%ce%bc%ce%b1%cf%84%ce%bf%cf%83%cf%87%ce%bf%ce%b9%ce%bd%ce%bf%cf%85\/","url":"https:\/\/abcon.gr\/produit\/%cf%80%ce%b5%cf%81%ce%b9%ce%b2%ce%bb%ce%b7%ce%bc%ce%b1-%cf%83%cf%85%cf%81%ce%bc%ce%b1%cf%84%ce%bf%cf%83%cf%87%ce%bf%ce%b9%ce%bd%ce%bf%cf%85\/","name":"Gaine pour toron - A.B.CON.","isPartOf":{"@id":"https:\/\/abcon.gr\/fr\/#website"},"primaryImageOfPage":{"@id":"https:\/\/abcon.gr\/produit\/%cf%80%ce%b5%cf%81%ce%b9%ce%b2%ce%bb%ce%b7%ce%bc%ce%b1-%cf%83%cf%85%cf%81%ce%bc%ce%b1%cf%84%ce%bf%cf%83%cf%87%ce%bf%ce%b9%ce%bd%ce%bf%cf%85\/#primaryimage"},"image":{"@id":"https:\/\/abcon.gr\/produit\/%cf%80%ce%b5%cf%81%ce%b9%ce%b2%ce%bb%ce%b7%ce%bc%ce%b1-%cf%83%cf%85%cf%81%ce%bc%ce%b1%cf%84%ce%bf%cf%83%cf%87%ce%bf%ce%b9%ce%bd%ce%bf%cf%85\/#primaryimage"},"thumbnailUrl":"https:\/\/abcon.gr\/wp-content\/uploads\/2018\/06\/Strand-sheat.jpg","datePublished":"2018-06-21T10:01:22+00:00","breadcrumb":{"@id":"https:\/\/abcon.gr\/produit\/%cf%80%ce%b5%cf%81%ce%b9%ce%b2%ce%bb%ce%b7%ce%bc%ce%b1-%cf%83%cf%85%cf%81%ce%bc%ce%b1%cf%84%ce%bf%cf%83%cf%87%ce%bf%ce%b9%ce%bd%ce%bf%cf%85\/#breadcrumb"},"inLanguage":"fr-FR","potentialAction":[{"@type":"ReadAction","target":["https:\/\/abcon.gr\/produit\/%cf%80%ce%b5%cf%81%ce%b9%ce%b2%ce%bb%ce%b7%ce%bc%ce%b1-%cf%83%cf%85%cf%81%ce%bc%ce%b1%cf%84%ce%bf%cf%83%cf%87%ce%bf%ce%b9%ce%bd%ce%bf%cf%85\/"]}]},{"@type":"ImageObject","inLanguage":"fr-FR","@id":"https:\/\/abcon.gr\/produit\/%cf%80%ce%b5%cf%81%ce%b9%ce%b2%ce%bb%ce%b7%ce%bc%ce%b1-%cf%83%cf%85%cf%81%ce%bc%ce%b1%cf%84%ce%bf%cf%83%cf%87%ce%bf%ce%b9%ce%bd%ce%bf%cf%85\/#primaryimage","url":"https:\/\/abcon.gr\/wp-content\/uploads\/2018\/06\/Strand-sheat.jpg","contentUrl":"https:\/\/abcon.gr\/wp-content\/uploads\/2018\/06\/Strand-sheat.jpg","width":180,"height":135,"caption":"Strand sheat"},{"@type":"BreadcrumbList","@id":"https:\/\/abcon.gr\/produit\/%cf%80%ce%b5%cf%81%ce%b9%ce%b2%ce%bb%ce%b7%ce%bc%ce%b1-%cf%83%cf%85%cf%81%ce%bc%ce%b1%cf%84%ce%bf%cf%83%cf%87%ce%bf%ce%b9%ce%bd%ce%bf%cf%85\/#breadcrumb","itemListElement":[{"@type":"ListItem","position":1,"name":"\u0391\u03c1\u03c7\u03b9\u03ba\u03ae","item":"https:\/\/abcon.gr\/fr\/"},{"@type":"ListItem","position":2,"name":"\u039a\u03b1\u03c4\u03ac\u03c3\u03c4\u03b7\u03bc\u03b1","item":"https:\/\/abcon.gr\/fr\/%ce%ba%ce%b1%cf%84%ce%ac%cf%83%cf%84%ce%b7%ce%bc%ce%b1\/"},{"@type":"ListItem","position":3,"name":"Gaine pour toron"}]},{"@type":"WebSite","@id":"https:\/\/abcon.gr\/fr\/#website","url":"https:\/\/abcon.gr\/fr\/","name":"A.B.CON. - \u039c\u03b7\u03c7\u03b1\u03bd\u03ad\u03c2 \u0395\u03c0\u03b5\u03be\u03b5\u03c1\u03b3\u03b1\u03c3\u03af\u03b1\u03c2 \u03a3\u03ba\u03c5\u03c1\u03bf\u03b4\u03ad\u03bc\u03b1\u03c4\u03bf\u03c2 & \u03a0\u03c1\u03bf\u03ba\u03b1\u03c4\u03b1\u03c3\u03ba\u03b5\u03c5\u03ae\u03c2","description":"\u039c\u03b7\u03c7\u03b1\u03bd\u03ad\u03c2 \u0395\u03c0\u03b5\u03be\u03b5\u03c1\u03b3\u03b1\u03c3\u03af\u03b1\u03c2 \u03a3\u03ba\u03c5\u03c1\u03bf\u03b4\u03ad\u03bc\u03b1\u03c4\u03bf\u03c2 &amp; \u03a0\u03c1\u03bf\u03ba\u03b1\u03c4\u03b1\u03c3\u03ba\u03b5\u03c5\u03ae\u03c2","publisher":{"@id":"https:\/\/abcon.gr\/fr\/#organization"},"potentialAction":[{"@type":"SearchAction","target":{"@type":"EntryPoint","urlTemplate":"https:\/\/abcon.gr\/fr\/?s={search_term_string}"},"query-input":{"@type":"PropertyValueSpecification","valueRequired":true,"valueName":"search_term_string"}}],"inLanguage":"fr-FR"},{"@type":"Organization","@id":"https:\/\/abcon.gr\/fr\/#organization","name":"A.B.CON. - \u039c\u03b7\u03c7\u03b1\u03bd\u03ad\u03c2 \u0395\u03c0\u03b5\u03be\u03b5\u03c1\u03b3\u03b1\u03c3\u03af\u03b1\u03c2 \u03a3\u03ba\u03c5\u03c1\u03bf\u03b4\u03ad\u03bc\u03b1\u03c4\u03bf\u03c2 & \u03a0\u03c1\u03bf\u03ba\u03b1\u03c4\u03b1\u03c3\u03ba\u03b5\u03c5\u03ae\u03c2","url":"https:\/\/abcon.gr\/fr\/","logo":{"@type":"ImageObject","inLanguage":"fr-FR","@id":"https:\/\/abcon.gr\/fr\/#\/schema\/logo\/image\/","url":"https:\/\/abcon.gr\/wp-content\/uploads\/2021\/04\/logo_150.png","contentUrl":"https:\/\/abcon.gr\/wp-content\/uploads\/2021\/04\/logo_150.png","width":150,"height":74,"caption":"A.B.CON. - \u039c\u03b7\u03c7\u03b1\u03bd\u03ad\u03c2 \u0395\u03c0\u03b5\u03be\u03b5\u03c1\u03b3\u03b1\u03c3\u03af\u03b1\u03c2 \u03a3\u03ba\u03c5\u03c1\u03bf\u03b4\u03ad\u03bc\u03b1\u03c4\u03bf\u03c2 & \u03a0\u03c1\u03bf\u03ba\u03b1\u03c4\u03b1\u03c3\u03ba\u03b5\u03c5\u03ae\u03c2"},"image":{"@id":"https:\/\/abcon.gr\/fr\/#\/schema\/logo\/image\/"},"sameAs":["https:\/\/www.facebook.com\/Steel.Precast.Solutions.ABCON\/"]}]}},"_links":{"self":[{"href":"https:\/\/abcon.gr\/fr\/wp-json\/wp\/v2\/product\/8706","targetHints":{"allow":["GET"]}}],"collection":[{"href":"https:\/\/abcon.gr\/fr\/wp-json\/wp\/v2\/product"}],"about":[{"href":"https:\/\/abcon.gr\/fr\/wp-json\/wp\/v2\/types\/product"}],"wp:featuredmedia":[{"embeddable":true,"href":"https:\/\/abcon.gr\/fr\/wp-json\/wp\/v2\/media\/8496"}],"wp:attachment":[{"href":"https:\/\/abcon.gr\/fr\/wp-json\/wp\/v2\/media?parent=8706"}],"wp:term":[{"taxonomy":"product_brand","embeddable":true,"href":"https:\/\/abcon.gr\/fr\/wp-json\/wp\/v2\/product_brand?post=8706"},{"taxonomy":"product_cat","embeddable":true,"href":"https:\/\/abcon.gr\/fr\/wp-json\/wp\/v2\/product_cat?post=8706"},{"taxonomy":"product_tag","embeddable":true,"href":"https:\/\/abcon.gr\/fr\/wp-json\/wp\/v2\/product_tag?post=8706"}],"curies":[{"name":"wp","href":"https:\/\/api.w.org\/{rel}","templated":true}]}}