{"id":8704,"date":"2018-06-21T13:06:08","date_gmt":"2018-06-21T10:06:08","guid":{"rendered":"http:\/\/test3.aenima.grproduct\/centrale-hydraulique-automatique-double-de-precontrainte\/"},"modified":"2018-06-21T13:06:08","modified_gmt":"2018-06-21T10:06:08","slug":"centrale-hydraulique-automatique-double-de-precontrainte","status":"publish","type":"product","link":"https:\/\/abcon.gr\/fr\/produit\/centrale-hydraulique-automatique-double-de-precontrainte\/","title":{"rendered":"Centrale hydraulique automatique double de pr\u00e9contrainte"},"content":{"rendered":"","protected":false},"excerpt":{"rendered":"<p>Centrale ad\u00e9quate pour 2 v\u00e9rins de pr\u00e9contrainte, ayant un double circuit hydraulique pour l\u2019utilisation de 2 v\u00e9rins diff\u00e9rents, mais non simultan\u00e9ment.<\/p>\n","protected":false},"featured_media":4432,"template":"","meta":{"_exactmetrics_skip_tracking":false,"_exactmetrics_sitenote_active":false,"_exactmetrics_sitenote_note":"","_exactmetrics_sitenote_category":0},"product_brand":[],"product_cat":[214,274,277],"product_tag":[325],"class_list":{"0":"post-8704","1":"product","2":"type-product","3":"status-publish","4":"has-post-thumbnail","6":"product_cat-equipement-precast","7":"product_cat-precontrainte","8":"product_cat-systemes-de-precontrainte","9":"product_tag-bianchi-fr","11":"first","12":"instock","13":"shipping-taxable","14":"product-type-simple"},"yoast_head":"<!-- This site is optimized with the Yoast SEO plugin v26.8 - https:\/\/yoast.com\/product\/yoast-seo-wordpress\/ -->\n<title>Centrale hydraulique automatique double de pr\u00e9contrainte - A.B.CON.<\/title>\n<meta name=\"robots\" content=\"index, follow, max-snippet:-1, max-image-preview:large, max-video-preview:-1\" \/>\n<link rel=\"canonical\" href=\"https:\/\/abcon.gr\/produit\/\u03b1\u03c5\u03c4\u03bf\u03bc\u03b1\u03c4\u03b7-\u03b4\u03b9\u03c0\u03bb\u03b7-\u03b1\u03bd\u03c4\u03bb\u03b9\u03b1-\u03c0\u03c1\u03bf\u03b5\u03bd\u03c4\u03b1\u03c3\u03b7\u03c3\/\" \/>\n<meta property=\"og:locale\" content=\"fr_FR\" \/>\n<meta property=\"og:type\" content=\"article\" \/>\n<meta property=\"og:title\" content=\"Centrale hydraulique automatique double de pr\u00e9contrainte - A.B.CON.\" \/>\n<meta property=\"og:description\" content=\"Centrale ad\u00e9quate pour 2 v\u00e9rins de pr\u00e9contrainte, ayant un double circuit hydraulique pour l\u2019utilisation de 2 v\u00e9rins diff\u00e9rents, mais non simultan\u00e9ment.\" \/>\n<meta property=\"og:url\" content=\"https:\/\/abcon.gr\/produit\/\u03b1\u03c5\u03c4\u03bf\u03bc\u03b1\u03c4\u03b7-\u03b4\u03b9\u03c0\u03bb\u03b7-\u03b1\u03bd\u03c4\u03bb\u03b9\u03b1-\u03c0\u03c1\u03bf\u03b5\u03bd\u03c4\u03b1\u03c3\u03b7\u03c3\/\" \/>\n<meta property=\"og:site_name\" content=\"A.B.CON.\" \/>\n<meta property=\"article:publisher\" content=\"https:\/\/www.facebook.com\/Steel.Precast.Solutions.ABCON\/\" \/>\n<meta property=\"og:image\" content=\"https:\/\/abcon.gr\/wp-content\/uploads\/2018\/06\/Automatic-double-prestressing-pump-3.jpg\" \/>\n\t<meta property=\"og:image:width\" content=\"180\" \/>\n\t<meta property=\"og:image:height\" content=\"135\" \/>\n\t<meta property=\"og:image:type\" content=\"image\/jpeg\" \/>\n<meta name=\"twitter:card\" content=\"summary_large_image\" \/>\n<script type=\"application\/ld+json\" class=\"yoast-schema-graph\">{\"@context\":\"https:\/\/schema.org\",\"@graph\":[{\"@type\":\"WebPage\",\"@id\":\"https:\/\/abcon.gr\/produit\/%ce%b1%cf%85%cf%84%ce%bf%ce%bc%ce%b1%cf%84%ce%b7-%ce%b4%ce%b9%cf%80%ce%bb%ce%b7-%ce%b1%ce%bd%cf%84%ce%bb%ce%b9%ce%b1-%cf%80%cf%81%ce%bf%ce%b5%ce%bd%cf%84%ce%b1%cf%83%ce%b7%cf%83\/\",\"url\":\"https:\/\/abcon.gr\/produit\/%ce%b1%cf%85%cf%84%ce%bf%ce%bc%ce%b1%cf%84%ce%b7-%ce%b4%ce%b9%cf%80%ce%bb%ce%b7-%ce%b1%ce%bd%cf%84%ce%bb%ce%b9%ce%b1-%cf%80%cf%81%ce%bf%ce%b5%ce%bd%cf%84%ce%b1%cf%83%ce%b7%cf%83\/\",\"name\":\"Centrale hydraulique automatique double de pr\u00e9contrainte - A.B.CON.\",\"isPartOf\":{\"@id\":\"https:\/\/abcon.gr\/fr\/#website\"},\"primaryImageOfPage\":{\"@id\":\"https:\/\/abcon.gr\/produit\/%ce%b1%cf%85%cf%84%ce%bf%ce%bc%ce%b1%cf%84%ce%b7-%ce%b4%ce%b9%cf%80%ce%bb%ce%b7-%ce%b1%ce%bd%cf%84%ce%bb%ce%b9%ce%b1-%cf%80%cf%81%ce%bf%ce%b5%ce%bd%cf%84%ce%b1%cf%83%ce%b7%cf%83\/#primaryimage\"},\"image\":{\"@id\":\"https:\/\/abcon.gr\/produit\/%ce%b1%cf%85%cf%84%ce%bf%ce%bc%ce%b1%cf%84%ce%b7-%ce%b4%ce%b9%cf%80%ce%bb%ce%b7-%ce%b1%ce%bd%cf%84%ce%bb%ce%b9%ce%b1-%cf%80%cf%81%ce%bf%ce%b5%ce%bd%cf%84%ce%b1%cf%83%ce%b7%cf%83\/#primaryimage\"},\"thumbnailUrl\":\"https:\/\/abcon.gr\/wp-content\/uploads\/2018\/06\/Automatic-double-prestressing-pump-3.jpg\",\"datePublished\":\"2018-06-21T10:06:08+00:00\",\"breadcrumb\":{\"@id\":\"https:\/\/abcon.gr\/produit\/%ce%b1%cf%85%cf%84%ce%bf%ce%bc%ce%b1%cf%84%ce%b7-%ce%b4%ce%b9%cf%80%ce%bb%ce%b7-%ce%b1%ce%bd%cf%84%ce%bb%ce%b9%ce%b1-%cf%80%cf%81%ce%bf%ce%b5%ce%bd%cf%84%ce%b1%cf%83%ce%b7%cf%83\/#breadcrumb\"},\"inLanguage\":\"fr-FR\",\"potentialAction\":[{\"@type\":\"ReadAction\",\"target\":[\"https:\/\/abcon.gr\/produit\/%ce%b1%cf%85%cf%84%ce%bf%ce%bc%ce%b1%cf%84%ce%b7-%ce%b4%ce%b9%cf%80%ce%bb%ce%b7-%ce%b1%ce%bd%cf%84%ce%bb%ce%b9%ce%b1-%cf%80%cf%81%ce%bf%ce%b5%ce%bd%cf%84%ce%b1%cf%83%ce%b7%cf%83\/\"]}]},{\"@type\":\"ImageObject\",\"inLanguage\":\"fr-FR\",\"@id\":\"https:\/\/abcon.gr\/produit\/%ce%b1%cf%85%cf%84%ce%bf%ce%bc%ce%b1%cf%84%ce%b7-%ce%b4%ce%b9%cf%80%ce%bb%ce%b7-%ce%b1%ce%bd%cf%84%ce%bb%ce%b9%ce%b1-%cf%80%cf%81%ce%bf%ce%b5%ce%bd%cf%84%ce%b1%cf%83%ce%b7%cf%83\/#primaryimage\",\"url\":\"https:\/\/abcon.gr\/wp-content\/uploads\/2018\/06\/Automatic-double-prestressing-pump-3.jpg\",\"contentUrl\":\"https:\/\/abcon.gr\/wp-content\/uploads\/2018\/06\/Automatic-double-prestressing-pump-3.jpg\",\"width\":180,\"height\":135,\"caption\":\"Automatic double prestressing pump 3\"},{\"@type\":\"BreadcrumbList\",\"@id\":\"https:\/\/abcon.gr\/produit\/%ce%b1%cf%85%cf%84%ce%bf%ce%bc%ce%b1%cf%84%ce%b7-%ce%b4%ce%b9%cf%80%ce%bb%ce%b7-%ce%b1%ce%bd%cf%84%ce%bb%ce%b9%ce%b1-%cf%80%cf%81%ce%bf%ce%b5%ce%bd%cf%84%ce%b1%cf%83%ce%b7%cf%83\/#breadcrumb\",\"itemListElement\":[{\"@type\":\"ListItem\",\"position\":1,\"name\":\"\u0391\u03c1\u03c7\u03b9\u03ba\u03ae\",\"item\":\"https:\/\/abcon.gr\/fr\/\"},{\"@type\":\"ListItem\",\"position\":2,\"name\":\"\u039a\u03b1\u03c4\u03ac\u03c3\u03c4\u03b7\u03bc\u03b1\",\"item\":\"https:\/\/abcon.gr\/fr\/%ce%ba%ce%b1%cf%84%ce%ac%cf%83%cf%84%ce%b7%ce%bc%ce%b1\/\"},{\"@type\":\"ListItem\",\"position\":3,\"name\":\"Centrale hydraulique automatique double de pr\u00e9contrainte\"}]},{\"@type\":\"WebSite\",\"@id\":\"https:\/\/abcon.gr\/fr\/#website\",\"url\":\"https:\/\/abcon.gr\/fr\/\",\"name\":\"A.B.CON. - \u039c\u03b7\u03c7\u03b1\u03bd\u03ad\u03c2 \u0395\u03c0\u03b5\u03be\u03b5\u03c1\u03b3\u03b1\u03c3\u03af\u03b1\u03c2 \u03a3\u03ba\u03c5\u03c1\u03bf\u03b4\u03ad\u03bc\u03b1\u03c4\u03bf\u03c2 & \u03a0\u03c1\u03bf\u03ba\u03b1\u03c4\u03b1\u03c3\u03ba\u03b5\u03c5\u03ae\u03c2\",\"description\":\"\u039c\u03b7\u03c7\u03b1\u03bd\u03ad\u03c2 \u0395\u03c0\u03b5\u03be\u03b5\u03c1\u03b3\u03b1\u03c3\u03af\u03b1\u03c2 \u03a3\u03ba\u03c5\u03c1\u03bf\u03b4\u03ad\u03bc\u03b1\u03c4\u03bf\u03c2 &amp; \u03a0\u03c1\u03bf\u03ba\u03b1\u03c4\u03b1\u03c3\u03ba\u03b5\u03c5\u03ae\u03c2\",\"publisher\":{\"@id\":\"https:\/\/abcon.gr\/fr\/#organization\"},\"potentialAction\":[{\"@type\":\"SearchAction\",\"target\":{\"@type\":\"EntryPoint\",\"urlTemplate\":\"https:\/\/abcon.gr\/fr\/?s={search_term_string}\"},\"query-input\":{\"@type\":\"PropertyValueSpecification\",\"valueRequired\":true,\"valueName\":\"search_term_string\"}}],\"inLanguage\":\"fr-FR\"},{\"@type\":\"Organization\",\"@id\":\"https:\/\/abcon.gr\/fr\/#organization\",\"name\":\"A.B.CON. - \u039c\u03b7\u03c7\u03b1\u03bd\u03ad\u03c2 \u0395\u03c0\u03b5\u03be\u03b5\u03c1\u03b3\u03b1\u03c3\u03af\u03b1\u03c2 \u03a3\u03ba\u03c5\u03c1\u03bf\u03b4\u03ad\u03bc\u03b1\u03c4\u03bf\u03c2 & \u03a0\u03c1\u03bf\u03ba\u03b1\u03c4\u03b1\u03c3\u03ba\u03b5\u03c5\u03ae\u03c2\",\"url\":\"https:\/\/abcon.gr\/fr\/\",\"logo\":{\"@type\":\"ImageObject\",\"inLanguage\":\"fr-FR\",\"@id\":\"https:\/\/abcon.gr\/fr\/#\/schema\/logo\/image\/\",\"url\":\"https:\/\/abcon.gr\/wp-content\/uploads\/2021\/04\/logo_150.png\",\"contentUrl\":\"https:\/\/abcon.gr\/wp-content\/uploads\/2021\/04\/logo_150.png\",\"width\":150,\"height\":74,\"caption\":\"A.B.CON. - \u039c\u03b7\u03c7\u03b1\u03bd\u03ad\u03c2 \u0395\u03c0\u03b5\u03be\u03b5\u03c1\u03b3\u03b1\u03c3\u03af\u03b1\u03c2 \u03a3\u03ba\u03c5\u03c1\u03bf\u03b4\u03ad\u03bc\u03b1\u03c4\u03bf\u03c2 & \u03a0\u03c1\u03bf\u03ba\u03b1\u03c4\u03b1\u03c3\u03ba\u03b5\u03c5\u03ae\u03c2\"},\"image\":{\"@id\":\"https:\/\/abcon.gr\/fr\/#\/schema\/logo\/image\/\"},\"sameAs\":[\"https:\/\/www.facebook.com\/Steel.Precast.Solutions.ABCON\/\"]}]}<\/script>\n<!-- \/ Yoast SEO plugin. -->","yoast_head_json":{"title":"Centrale hydraulique automatique double de pr\u00e9contrainte - A.B.CON.","robots":{"index":"index","follow":"follow","max-snippet":"max-snippet:-1","max-image-preview":"max-image-preview:large","max-video-preview":"max-video-preview:-1"},"canonical":"https:\/\/abcon.gr\/produit\/\u03b1\u03c5\u03c4\u03bf\u03bc\u03b1\u03c4\u03b7-\u03b4\u03b9\u03c0\u03bb\u03b7-\u03b1\u03bd\u03c4\u03bb\u03b9\u03b1-\u03c0\u03c1\u03bf\u03b5\u03bd\u03c4\u03b1\u03c3\u03b7\u03c3\/","og_locale":"fr_FR","og_type":"article","og_title":"Centrale hydraulique automatique double de pr\u00e9contrainte - A.B.CON.","og_description":"Centrale ad\u00e9quate pour 2 v\u00e9rins de pr\u00e9contrainte, ayant un double circuit hydraulique pour l\u2019utilisation de 2 v\u00e9rins diff\u00e9rents, mais non simultan\u00e9ment.","og_url":"https:\/\/abcon.gr\/produit\/\u03b1\u03c5\u03c4\u03bf\u03bc\u03b1\u03c4\u03b7-\u03b4\u03b9\u03c0\u03bb\u03b7-\u03b1\u03bd\u03c4\u03bb\u03b9\u03b1-\u03c0\u03c1\u03bf\u03b5\u03bd\u03c4\u03b1\u03c3\u03b7\u03c3\/","og_site_name":"A.B.CON.","article_publisher":"https:\/\/www.facebook.com\/Steel.Precast.Solutions.ABCON\/","og_image":[{"width":180,"height":135,"url":"https:\/\/abcon.gr\/wp-content\/uploads\/2018\/06\/Automatic-double-prestressing-pump-3.jpg","type":"image\/jpeg"}],"twitter_card":"summary_large_image","schema":{"@context":"https:\/\/schema.org","@graph":[{"@type":"WebPage","@id":"https:\/\/abcon.gr\/produit\/%ce%b1%cf%85%cf%84%ce%bf%ce%bc%ce%b1%cf%84%ce%b7-%ce%b4%ce%b9%cf%80%ce%bb%ce%b7-%ce%b1%ce%bd%cf%84%ce%bb%ce%b9%ce%b1-%cf%80%cf%81%ce%bf%ce%b5%ce%bd%cf%84%ce%b1%cf%83%ce%b7%cf%83\/","url":"https:\/\/abcon.gr\/produit\/%ce%b1%cf%85%cf%84%ce%bf%ce%bc%ce%b1%cf%84%ce%b7-%ce%b4%ce%b9%cf%80%ce%bb%ce%b7-%ce%b1%ce%bd%cf%84%ce%bb%ce%b9%ce%b1-%cf%80%cf%81%ce%bf%ce%b5%ce%bd%cf%84%ce%b1%cf%83%ce%b7%cf%83\/","name":"Centrale hydraulique automatique double de pr\u00e9contrainte - A.B.CON.","isPartOf":{"@id":"https:\/\/abcon.gr\/fr\/#website"},"primaryImageOfPage":{"@id":"https:\/\/abcon.gr\/produit\/%ce%b1%cf%85%cf%84%ce%bf%ce%bc%ce%b1%cf%84%ce%b7-%ce%b4%ce%b9%cf%80%ce%bb%ce%b7-%ce%b1%ce%bd%cf%84%ce%bb%ce%b9%ce%b1-%cf%80%cf%81%ce%bf%ce%b5%ce%bd%cf%84%ce%b1%cf%83%ce%b7%cf%83\/#primaryimage"},"image":{"@id":"https:\/\/abcon.gr\/produit\/%ce%b1%cf%85%cf%84%ce%bf%ce%bc%ce%b1%cf%84%ce%b7-%ce%b4%ce%b9%cf%80%ce%bb%ce%b7-%ce%b1%ce%bd%cf%84%ce%bb%ce%b9%ce%b1-%cf%80%cf%81%ce%bf%ce%b5%ce%bd%cf%84%ce%b1%cf%83%ce%b7%cf%83\/#primaryimage"},"thumbnailUrl":"https:\/\/abcon.gr\/wp-content\/uploads\/2018\/06\/Automatic-double-prestressing-pump-3.jpg","datePublished":"2018-06-21T10:06:08+00:00","breadcrumb":{"@id":"https:\/\/abcon.gr\/produit\/%ce%b1%cf%85%cf%84%ce%bf%ce%bc%ce%b1%cf%84%ce%b7-%ce%b4%ce%b9%cf%80%ce%bb%ce%b7-%ce%b1%ce%bd%cf%84%ce%bb%ce%b9%ce%b1-%cf%80%cf%81%ce%bf%ce%b5%ce%bd%cf%84%ce%b1%cf%83%ce%b7%cf%83\/#breadcrumb"},"inLanguage":"fr-FR","potentialAction":[{"@type":"ReadAction","target":["https:\/\/abcon.gr\/produit\/%ce%b1%cf%85%cf%84%ce%bf%ce%bc%ce%b1%cf%84%ce%b7-%ce%b4%ce%b9%cf%80%ce%bb%ce%b7-%ce%b1%ce%bd%cf%84%ce%bb%ce%b9%ce%b1-%cf%80%cf%81%ce%bf%ce%b5%ce%bd%cf%84%ce%b1%cf%83%ce%b7%cf%83\/"]}]},{"@type":"ImageObject","inLanguage":"fr-FR","@id":"https:\/\/abcon.gr\/produit\/%ce%b1%cf%85%cf%84%ce%bf%ce%bc%ce%b1%cf%84%ce%b7-%ce%b4%ce%b9%cf%80%ce%bb%ce%b7-%ce%b1%ce%bd%cf%84%ce%bb%ce%b9%ce%b1-%cf%80%cf%81%ce%bf%ce%b5%ce%bd%cf%84%ce%b1%cf%83%ce%b7%cf%83\/#primaryimage","url":"https:\/\/abcon.gr\/wp-content\/uploads\/2018\/06\/Automatic-double-prestressing-pump-3.jpg","contentUrl":"https:\/\/abcon.gr\/wp-content\/uploads\/2018\/06\/Automatic-double-prestressing-pump-3.jpg","width":180,"height":135,"caption":"Automatic double prestressing pump 3"},{"@type":"BreadcrumbList","@id":"https:\/\/abcon.gr\/produit\/%ce%b1%cf%85%cf%84%ce%bf%ce%bc%ce%b1%cf%84%ce%b7-%ce%b4%ce%b9%cf%80%ce%bb%ce%b7-%ce%b1%ce%bd%cf%84%ce%bb%ce%b9%ce%b1-%cf%80%cf%81%ce%bf%ce%b5%ce%bd%cf%84%ce%b1%cf%83%ce%b7%cf%83\/#breadcrumb","itemListElement":[{"@type":"ListItem","position":1,"name":"\u0391\u03c1\u03c7\u03b9\u03ba\u03ae","item":"https:\/\/abcon.gr\/fr\/"},{"@type":"ListItem","position":2,"name":"\u039a\u03b1\u03c4\u03ac\u03c3\u03c4\u03b7\u03bc\u03b1","item":"https:\/\/abcon.gr\/fr\/%ce%ba%ce%b1%cf%84%ce%ac%cf%83%cf%84%ce%b7%ce%bc%ce%b1\/"},{"@type":"ListItem","position":3,"name":"Centrale hydraulique automatique double de pr\u00e9contrainte"}]},{"@type":"WebSite","@id":"https:\/\/abcon.gr\/fr\/#website","url":"https:\/\/abcon.gr\/fr\/","name":"A.B.CON. - \u039c\u03b7\u03c7\u03b1\u03bd\u03ad\u03c2 \u0395\u03c0\u03b5\u03be\u03b5\u03c1\u03b3\u03b1\u03c3\u03af\u03b1\u03c2 \u03a3\u03ba\u03c5\u03c1\u03bf\u03b4\u03ad\u03bc\u03b1\u03c4\u03bf\u03c2 & \u03a0\u03c1\u03bf\u03ba\u03b1\u03c4\u03b1\u03c3\u03ba\u03b5\u03c5\u03ae\u03c2","description":"\u039c\u03b7\u03c7\u03b1\u03bd\u03ad\u03c2 \u0395\u03c0\u03b5\u03be\u03b5\u03c1\u03b3\u03b1\u03c3\u03af\u03b1\u03c2 \u03a3\u03ba\u03c5\u03c1\u03bf\u03b4\u03ad\u03bc\u03b1\u03c4\u03bf\u03c2 &amp; \u03a0\u03c1\u03bf\u03ba\u03b1\u03c4\u03b1\u03c3\u03ba\u03b5\u03c5\u03ae\u03c2","publisher":{"@id":"https:\/\/abcon.gr\/fr\/#organization"},"potentialAction":[{"@type":"SearchAction","target":{"@type":"EntryPoint","urlTemplate":"https:\/\/abcon.gr\/fr\/?s={search_term_string}"},"query-input":{"@type":"PropertyValueSpecification","valueRequired":true,"valueName":"search_term_string"}}],"inLanguage":"fr-FR"},{"@type":"Organization","@id":"https:\/\/abcon.gr\/fr\/#organization","name":"A.B.CON. - \u039c\u03b7\u03c7\u03b1\u03bd\u03ad\u03c2 \u0395\u03c0\u03b5\u03be\u03b5\u03c1\u03b3\u03b1\u03c3\u03af\u03b1\u03c2 \u03a3\u03ba\u03c5\u03c1\u03bf\u03b4\u03ad\u03bc\u03b1\u03c4\u03bf\u03c2 & \u03a0\u03c1\u03bf\u03ba\u03b1\u03c4\u03b1\u03c3\u03ba\u03b5\u03c5\u03ae\u03c2","url":"https:\/\/abcon.gr\/fr\/","logo":{"@type":"ImageObject","inLanguage":"fr-FR","@id":"https:\/\/abcon.gr\/fr\/#\/schema\/logo\/image\/","url":"https:\/\/abcon.gr\/wp-content\/uploads\/2021\/04\/logo_150.png","contentUrl":"https:\/\/abcon.gr\/wp-content\/uploads\/2021\/04\/logo_150.png","width":150,"height":74,"caption":"A.B.CON. - \u039c\u03b7\u03c7\u03b1\u03bd\u03ad\u03c2 \u0395\u03c0\u03b5\u03be\u03b5\u03c1\u03b3\u03b1\u03c3\u03af\u03b1\u03c2 \u03a3\u03ba\u03c5\u03c1\u03bf\u03b4\u03ad\u03bc\u03b1\u03c4\u03bf\u03c2 & \u03a0\u03c1\u03bf\u03ba\u03b1\u03c4\u03b1\u03c3\u03ba\u03b5\u03c5\u03ae\u03c2"},"image":{"@id":"https:\/\/abcon.gr\/fr\/#\/schema\/logo\/image\/"},"sameAs":["https:\/\/www.facebook.com\/Steel.Precast.Solutions.ABCON\/"]}]}},"_links":{"self":[{"href":"https:\/\/abcon.gr\/fr\/wp-json\/wp\/v2\/product\/8704","targetHints":{"allow":["GET"]}}],"collection":[{"href":"https:\/\/abcon.gr\/fr\/wp-json\/wp\/v2\/product"}],"about":[{"href":"https:\/\/abcon.gr\/fr\/wp-json\/wp\/v2\/types\/product"}],"wp:featuredmedia":[{"embeddable":true,"href":"https:\/\/abcon.gr\/fr\/wp-json\/wp\/v2\/media\/4432"}],"wp:attachment":[{"href":"https:\/\/abcon.gr\/fr\/wp-json\/wp\/v2\/media?parent=8704"}],"wp:term":[{"taxonomy":"product_brand","embeddable":true,"href":"https:\/\/abcon.gr\/fr\/wp-json\/wp\/v2\/product_brand?post=8704"},{"taxonomy":"product_cat","embeddable":true,"href":"https:\/\/abcon.gr\/fr\/wp-json\/wp\/v2\/product_cat?post=8704"},{"taxonomy":"product_tag","embeddable":true,"href":"https:\/\/abcon.gr\/fr\/wp-json\/wp\/v2\/product_tag?post=8704"}],"curies":[{"name":"wp","href":"https:\/\/api.w.org\/{rel}","templated":true}]}}