{"id":8697,"date":"2019-12-31T09:11:37","date_gmt":"2018-04-04T09:44:37","guid":{"rendered":"http:\/\/test3.aenima.grproduct\/lista-bar-20-r\/"},"modified":"2018-08-08T16:05:54","modified_gmt":"2018-08-08T13:05:54","slug":"lista-bar-20-r","status":"publish","type":"product","link":"https:\/\/abcon.gr\/fr\/produit\/lista-bar-20-r\/","title":{"rendered":"LISTA BAR 20 R"},"content":{"rendered":"","protected":false},"excerpt":{"rendered":"<p>Redresseuse multi rotor pour la production de barres droites utilisant fers en bobine jusqu\u2019\u00e0 20mm.<\/p>\n<p>&#8211; Groupe d&rsquo;entra\u00eenement \u00e0 4 roues actionn\u00e9 par servomoteurs pour une plus grande vitesse d\u2019usinage;<\/p>\n<p>&#8211; Vitesse maximale d&rsquo;entra\u00eenement: 140 m\/min;<\/p>\n<p>&#8211; Redresser aves des rotors d\u00e9di\u00e9s, chacun travaillant un diam\u00e8tre diff\u00e9rent, permet une qualit\u00e9 parfaite de redressage et le changement du fil en cours en quelques secondes;<\/p>\n<p>&#8211; Unit\u00e9 de coupe actionn\u00e9e par servomoteur qui permet un temps de coupe r\u00e9duite et haute pr\u00e9cision;<\/p>\n<p>&nbsp;<\/p>\n<p>&#8211; Version Twin (Optionnel) avec 2\u00b0 coupe, 2\u00b0 cannellette; 2\u00b0 entrainement: permet le travail de deux barres en m\u00eame temps, en doublant la productivit\u00e9 de la machine.<\/p>\n<p>&nbsp;<\/p>\n<p>La machine peut \u00eatre \u00e9quip\u00e9e de:<\/p>\n<p>&#8211; Ent\u00eateur de barres (Optionnel);<\/p>\n<p>&#8211; Chariot mobile pour collecter et classifier de fa\u00e7on automatique les pi\u00e8ces produites (Optionnel);<\/p>\n<p>&#8211; Rack de stockage actionn\u00e9s pneumatiquement (Optionnel).<\/p>\n","protected":false},"featured_media":5236,"template":"","meta":{"_exactmetrics_skip_tracking":false,"_exactmetrics_sitenote_active":false,"_exactmetrics_sitenote_note":"","_exactmetrics_sitenote_category":0},"product_brand":[],"product_cat":[290,291,297],"product_tag":[321],"class_list":{"0":"post-8697","1":"product","2":"type-product","3":"status-publish","4":"has-post-thumbnail","6":"product_cat-machines-pour-le-travail-du-fer-a-beton","7":"product_cat-coupe-et-pliage","8":"product_cat-redressage","9":"product_tag-schnell-fr","11":"first","12":"instock","13":"shipping-taxable","14":"product-type-simple"},"yoast_head":"<!-- This site is optimized with the Yoast SEO plugin v26.8 - https:\/\/yoast.com\/product\/yoast-seo-wordpress\/ -->\n<title>LISTA BAR 20 R - A.B.CON.<\/title>\n<meta name=\"robots\" content=\"index, follow, max-snippet:-1, max-image-preview:large, max-video-preview:-1\" \/>\n<link rel=\"canonical\" href=\"https:\/\/abcon.gr\/fr\/produit\/lista-bar-20-r\/\" \/>\n<meta property=\"og:locale\" content=\"fr_FR\" \/>\n<meta property=\"og:type\" content=\"article\" \/>\n<meta property=\"og:title\" content=\"LISTA BAR 20 R - A.B.CON.\" \/>\n<meta property=\"og:description\" content=\"Redresseuse multi rotor pour la production de barres droites utilisant fers en bobine jusqu\u2019\u00e0 20mm.  - Groupe d&#039;entra\u00eenement \u00e0 4 roues actionn\u00e9 par servomoteurs pour une plus grande vitesse d\u2019usinage;  - Vitesse maximale d&#039;entra\u00eenement: 140 m\/min;  - Redresser aves des rotors d\u00e9di\u00e9s, chacun travaillant un diam\u00e8tre diff\u00e9rent, permet une qualit\u00e9 parfaite de redressage et le changement du fil en cours en quelques secondes;  - Unit\u00e9 de coupe actionn\u00e9e par servomoteur qui permet un temps de coupe r\u00e9duite et haute pr\u00e9cision;  &nbsp;  - Version Twin (Optionnel) avec 2\u00b0 coupe, 2\u00b0 cannellette; 2\u00b0 entrainement: permet le travail de deux barres en m\u00eame temps, en doublant la productivit\u00e9 de la machine.  &nbsp;  La machine peut \u00eatre \u00e9quip\u00e9e de:  - Ent\u00eateur de barres (Optionnel);  - Chariot mobile pour collecter et classifier de fa\u00e7on automatique les pi\u00e8ces produites (Optionnel);  - Rack de stockage actionn\u00e9s pneumatiquement (Optionnel).\" \/>\n<meta property=\"og:url\" content=\"https:\/\/abcon.gr\/fr\/produit\/lista-bar-20-r\/\" \/>\n<meta property=\"og:site_name\" content=\"A.B.CON.\" \/>\n<meta property=\"article:publisher\" content=\"https:\/\/www.facebook.com\/Steel.Precast.Solutions.ABCON\/\" \/>\n<meta property=\"article:modified_time\" content=\"2018-08-08T13:05:54+00:00\" \/>\n<meta property=\"og:image\" content=\"https:\/\/abcon.gr\/wp-content\/uploads\/2018\/04\/Lista-Bar.jpg\" \/>\n\t<meta property=\"og:image:width\" content=\"750\" \/>\n\t<meta property=\"og:image:height\" content=\"500\" \/>\n\t<meta property=\"og:image:type\" content=\"image\/jpeg\" \/>\n<meta name=\"twitter:card\" content=\"summary_large_image\" \/>\n<script type=\"application\/ld+json\" class=\"yoast-schema-graph\">{\"@context\":\"https:\/\/schema.org\",\"@graph\":[{\"@type\":\"WebPage\",\"@id\":\"https:\/\/abcon.gr\/fr\/produit\/lista-bar-20-r\/\",\"url\":\"https:\/\/abcon.gr\/fr\/produit\/lista-bar-20-r\/\",\"name\":\"LISTA BAR 20 R - A.B.CON.\",\"isPartOf\":{\"@id\":\"https:\/\/abcon.gr\/fr\/#website\"},\"primaryImageOfPage\":{\"@id\":\"https:\/\/abcon.gr\/fr\/produit\/lista-bar-20-r\/#primaryimage\"},\"image\":{\"@id\":\"https:\/\/abcon.gr\/fr\/produit\/lista-bar-20-r\/#primaryimage\"},\"thumbnailUrl\":\"https:\/\/abcon.gr\/wp-content\/uploads\/2018\/04\/Lista-Bar.jpg\",\"datePublished\":\"2018-04-04T09:44:37+00:00\",\"dateModified\":\"2018-08-08T13:05:54+00:00\",\"breadcrumb\":{\"@id\":\"https:\/\/abcon.gr\/fr\/produit\/lista-bar-20-r\/#breadcrumb\"},\"inLanguage\":\"fr-FR\",\"potentialAction\":[{\"@type\":\"ReadAction\",\"target\":[\"https:\/\/abcon.gr\/fr\/produit\/lista-bar-20-r\/\"]}]},{\"@type\":\"ImageObject\",\"inLanguage\":\"fr-FR\",\"@id\":\"https:\/\/abcon.gr\/fr\/produit\/lista-bar-20-r\/#primaryimage\",\"url\":\"https:\/\/abcon.gr\/wp-content\/uploads\/2018\/04\/Lista-Bar.jpg\",\"contentUrl\":\"https:\/\/abcon.gr\/wp-content\/uploads\/2018\/04\/Lista-Bar.jpg\",\"width\":750,\"height\":500,\"caption\":\"Lista Bar\"},{\"@type\":\"BreadcrumbList\",\"@id\":\"https:\/\/abcon.gr\/fr\/produit\/lista-bar-20-r\/#breadcrumb\",\"itemListElement\":[{\"@type\":\"ListItem\",\"position\":1,\"name\":\"\u0391\u03c1\u03c7\u03b9\u03ba\u03ae\",\"item\":\"https:\/\/abcon.gr\/fr\/\"},{\"@type\":\"ListItem\",\"position\":2,\"name\":\"\u039a\u03b1\u03c4\u03ac\u03c3\u03c4\u03b7\u03bc\u03b1\",\"item\":\"https:\/\/abcon.gr\/fr\/%ce%ba%ce%b1%cf%84%ce%ac%cf%83%cf%84%ce%b7%ce%bc%ce%b1\/\"},{\"@type\":\"ListItem\",\"position\":3,\"name\":\"LISTA BAR 20 R\"}]},{\"@type\":\"WebSite\",\"@id\":\"https:\/\/abcon.gr\/fr\/#website\",\"url\":\"https:\/\/abcon.gr\/fr\/\",\"name\":\"A.B.CON. - \u039c\u03b7\u03c7\u03b1\u03bd\u03ad\u03c2 \u0395\u03c0\u03b5\u03be\u03b5\u03c1\u03b3\u03b1\u03c3\u03af\u03b1\u03c2 \u03a3\u03ba\u03c5\u03c1\u03bf\u03b4\u03ad\u03bc\u03b1\u03c4\u03bf\u03c2 & \u03a0\u03c1\u03bf\u03ba\u03b1\u03c4\u03b1\u03c3\u03ba\u03b5\u03c5\u03ae\u03c2\",\"description\":\"\u039c\u03b7\u03c7\u03b1\u03bd\u03ad\u03c2 \u0395\u03c0\u03b5\u03be\u03b5\u03c1\u03b3\u03b1\u03c3\u03af\u03b1\u03c2 \u03a3\u03ba\u03c5\u03c1\u03bf\u03b4\u03ad\u03bc\u03b1\u03c4\u03bf\u03c2 &amp; \u03a0\u03c1\u03bf\u03ba\u03b1\u03c4\u03b1\u03c3\u03ba\u03b5\u03c5\u03ae\u03c2\",\"publisher\":{\"@id\":\"https:\/\/abcon.gr\/fr\/#organization\"},\"potentialAction\":[{\"@type\":\"SearchAction\",\"target\":{\"@type\":\"EntryPoint\",\"urlTemplate\":\"https:\/\/abcon.gr\/fr\/?s={search_term_string}\"},\"query-input\":{\"@type\":\"PropertyValueSpecification\",\"valueRequired\":true,\"valueName\":\"search_term_string\"}}],\"inLanguage\":\"fr-FR\"},{\"@type\":\"Organization\",\"@id\":\"https:\/\/abcon.gr\/fr\/#organization\",\"name\":\"A.B.CON. - \u039c\u03b7\u03c7\u03b1\u03bd\u03ad\u03c2 \u0395\u03c0\u03b5\u03be\u03b5\u03c1\u03b3\u03b1\u03c3\u03af\u03b1\u03c2 \u03a3\u03ba\u03c5\u03c1\u03bf\u03b4\u03ad\u03bc\u03b1\u03c4\u03bf\u03c2 & \u03a0\u03c1\u03bf\u03ba\u03b1\u03c4\u03b1\u03c3\u03ba\u03b5\u03c5\u03ae\u03c2\",\"url\":\"https:\/\/abcon.gr\/fr\/\",\"logo\":{\"@type\":\"ImageObject\",\"inLanguage\":\"fr-FR\",\"@id\":\"https:\/\/abcon.gr\/fr\/#\/schema\/logo\/image\/\",\"url\":\"https:\/\/abcon.gr\/wp-content\/uploads\/2021\/04\/logo_150.png\",\"contentUrl\":\"https:\/\/abcon.gr\/wp-content\/uploads\/2021\/04\/logo_150.png\",\"width\":150,\"height\":74,\"caption\":\"A.B.CON. - \u039c\u03b7\u03c7\u03b1\u03bd\u03ad\u03c2 \u0395\u03c0\u03b5\u03be\u03b5\u03c1\u03b3\u03b1\u03c3\u03af\u03b1\u03c2 \u03a3\u03ba\u03c5\u03c1\u03bf\u03b4\u03ad\u03bc\u03b1\u03c4\u03bf\u03c2 & \u03a0\u03c1\u03bf\u03ba\u03b1\u03c4\u03b1\u03c3\u03ba\u03b5\u03c5\u03ae\u03c2\"},\"image\":{\"@id\":\"https:\/\/abcon.gr\/fr\/#\/schema\/logo\/image\/\"},\"sameAs\":[\"https:\/\/www.facebook.com\/Steel.Precast.Solutions.ABCON\/\"]}]}<\/script>\n<!-- \/ Yoast SEO plugin. -->","yoast_head_json":{"title":"LISTA BAR 20 R - A.B.CON.","robots":{"index":"index","follow":"follow","max-snippet":"max-snippet:-1","max-image-preview":"max-image-preview:large","max-video-preview":"max-video-preview:-1"},"canonical":"https:\/\/abcon.gr\/fr\/produit\/lista-bar-20-r\/","og_locale":"fr_FR","og_type":"article","og_title":"LISTA BAR 20 R - A.B.CON.","og_description":"Redresseuse multi rotor pour la production de barres droites utilisant fers en bobine jusqu\u2019\u00e0 20mm.  - Groupe d'entra\u00eenement \u00e0 4 roues actionn\u00e9 par servomoteurs pour une plus grande vitesse d\u2019usinage;  - Vitesse maximale d'entra\u00eenement: 140 m\/min;  - Redresser aves des rotors d\u00e9di\u00e9s, chacun travaillant un diam\u00e8tre diff\u00e9rent, permet une qualit\u00e9 parfaite de redressage et le changement du fil en cours en quelques secondes;  - Unit\u00e9 de coupe actionn\u00e9e par servomoteur qui permet un temps de coupe r\u00e9duite et haute pr\u00e9cision;  &nbsp;  - Version Twin (Optionnel) avec 2\u00b0 coupe, 2\u00b0 cannellette; 2\u00b0 entrainement: permet le travail de deux barres en m\u00eame temps, en doublant la productivit\u00e9 de la machine.  &nbsp;  La machine peut \u00eatre \u00e9quip\u00e9e de:  - Ent\u00eateur de barres (Optionnel);  - Chariot mobile pour collecter et classifier de fa\u00e7on automatique les pi\u00e8ces produites (Optionnel);  - Rack de stockage actionn\u00e9s pneumatiquement (Optionnel).","og_url":"https:\/\/abcon.gr\/fr\/produit\/lista-bar-20-r\/","og_site_name":"A.B.CON.","article_publisher":"https:\/\/www.facebook.com\/Steel.Precast.Solutions.ABCON\/","article_modified_time":"2018-08-08T13:05:54+00:00","og_image":[{"width":750,"height":500,"url":"https:\/\/abcon.gr\/wp-content\/uploads\/2018\/04\/Lista-Bar.jpg","type":"image\/jpeg"}],"twitter_card":"summary_large_image","schema":{"@context":"https:\/\/schema.org","@graph":[{"@type":"WebPage","@id":"https:\/\/abcon.gr\/fr\/produit\/lista-bar-20-r\/","url":"https:\/\/abcon.gr\/fr\/produit\/lista-bar-20-r\/","name":"LISTA BAR 20 R - A.B.CON.","isPartOf":{"@id":"https:\/\/abcon.gr\/fr\/#website"},"primaryImageOfPage":{"@id":"https:\/\/abcon.gr\/fr\/produit\/lista-bar-20-r\/#primaryimage"},"image":{"@id":"https:\/\/abcon.gr\/fr\/produit\/lista-bar-20-r\/#primaryimage"},"thumbnailUrl":"https:\/\/abcon.gr\/wp-content\/uploads\/2018\/04\/Lista-Bar.jpg","datePublished":"2018-04-04T09:44:37+00:00","dateModified":"2018-08-08T13:05:54+00:00","breadcrumb":{"@id":"https:\/\/abcon.gr\/fr\/produit\/lista-bar-20-r\/#breadcrumb"},"inLanguage":"fr-FR","potentialAction":[{"@type":"ReadAction","target":["https:\/\/abcon.gr\/fr\/produit\/lista-bar-20-r\/"]}]},{"@type":"ImageObject","inLanguage":"fr-FR","@id":"https:\/\/abcon.gr\/fr\/produit\/lista-bar-20-r\/#primaryimage","url":"https:\/\/abcon.gr\/wp-content\/uploads\/2018\/04\/Lista-Bar.jpg","contentUrl":"https:\/\/abcon.gr\/wp-content\/uploads\/2018\/04\/Lista-Bar.jpg","width":750,"height":500,"caption":"Lista Bar"},{"@type":"BreadcrumbList","@id":"https:\/\/abcon.gr\/fr\/produit\/lista-bar-20-r\/#breadcrumb","itemListElement":[{"@type":"ListItem","position":1,"name":"\u0391\u03c1\u03c7\u03b9\u03ba\u03ae","item":"https:\/\/abcon.gr\/fr\/"},{"@type":"ListItem","position":2,"name":"\u039a\u03b1\u03c4\u03ac\u03c3\u03c4\u03b7\u03bc\u03b1","item":"https:\/\/abcon.gr\/fr\/%ce%ba%ce%b1%cf%84%ce%ac%cf%83%cf%84%ce%b7%ce%bc%ce%b1\/"},{"@type":"ListItem","position":3,"name":"LISTA BAR 20 R"}]},{"@type":"WebSite","@id":"https:\/\/abcon.gr\/fr\/#website","url":"https:\/\/abcon.gr\/fr\/","name":"A.B.CON. - \u039c\u03b7\u03c7\u03b1\u03bd\u03ad\u03c2 \u0395\u03c0\u03b5\u03be\u03b5\u03c1\u03b3\u03b1\u03c3\u03af\u03b1\u03c2 \u03a3\u03ba\u03c5\u03c1\u03bf\u03b4\u03ad\u03bc\u03b1\u03c4\u03bf\u03c2 & \u03a0\u03c1\u03bf\u03ba\u03b1\u03c4\u03b1\u03c3\u03ba\u03b5\u03c5\u03ae\u03c2","description":"\u039c\u03b7\u03c7\u03b1\u03bd\u03ad\u03c2 \u0395\u03c0\u03b5\u03be\u03b5\u03c1\u03b3\u03b1\u03c3\u03af\u03b1\u03c2 \u03a3\u03ba\u03c5\u03c1\u03bf\u03b4\u03ad\u03bc\u03b1\u03c4\u03bf\u03c2 &amp; \u03a0\u03c1\u03bf\u03ba\u03b1\u03c4\u03b1\u03c3\u03ba\u03b5\u03c5\u03ae\u03c2","publisher":{"@id":"https:\/\/abcon.gr\/fr\/#organization"},"potentialAction":[{"@type":"SearchAction","target":{"@type":"EntryPoint","urlTemplate":"https:\/\/abcon.gr\/fr\/?s={search_term_string}"},"query-input":{"@type":"PropertyValueSpecification","valueRequired":true,"valueName":"search_term_string"}}],"inLanguage":"fr-FR"},{"@type":"Organization","@id":"https:\/\/abcon.gr\/fr\/#organization","name":"A.B.CON. - \u039c\u03b7\u03c7\u03b1\u03bd\u03ad\u03c2 \u0395\u03c0\u03b5\u03be\u03b5\u03c1\u03b3\u03b1\u03c3\u03af\u03b1\u03c2 \u03a3\u03ba\u03c5\u03c1\u03bf\u03b4\u03ad\u03bc\u03b1\u03c4\u03bf\u03c2 & \u03a0\u03c1\u03bf\u03ba\u03b1\u03c4\u03b1\u03c3\u03ba\u03b5\u03c5\u03ae\u03c2","url":"https:\/\/abcon.gr\/fr\/","logo":{"@type":"ImageObject","inLanguage":"fr-FR","@id":"https:\/\/abcon.gr\/fr\/#\/schema\/logo\/image\/","url":"https:\/\/abcon.gr\/wp-content\/uploads\/2021\/04\/logo_150.png","contentUrl":"https:\/\/abcon.gr\/wp-content\/uploads\/2021\/04\/logo_150.png","width":150,"height":74,"caption":"A.B.CON. - \u039c\u03b7\u03c7\u03b1\u03bd\u03ad\u03c2 \u0395\u03c0\u03b5\u03be\u03b5\u03c1\u03b3\u03b1\u03c3\u03af\u03b1\u03c2 \u03a3\u03ba\u03c5\u03c1\u03bf\u03b4\u03ad\u03bc\u03b1\u03c4\u03bf\u03c2 & \u03a0\u03c1\u03bf\u03ba\u03b1\u03c4\u03b1\u03c3\u03ba\u03b5\u03c5\u03ae\u03c2"},"image":{"@id":"https:\/\/abcon.gr\/fr\/#\/schema\/logo\/image\/"},"sameAs":["https:\/\/www.facebook.com\/Steel.Precast.Solutions.ABCON\/"]}]}},"_links":{"self":[{"href":"https:\/\/abcon.gr\/fr\/wp-json\/wp\/v2\/product\/8697","targetHints":{"allow":["GET"]}}],"collection":[{"href":"https:\/\/abcon.gr\/fr\/wp-json\/wp\/v2\/product"}],"about":[{"href":"https:\/\/abcon.gr\/fr\/wp-json\/wp\/v2\/types\/product"}],"wp:featuredmedia":[{"embeddable":true,"href":"https:\/\/abcon.gr\/fr\/wp-json\/wp\/v2\/media\/5236"}],"wp:attachment":[{"href":"https:\/\/abcon.gr\/fr\/wp-json\/wp\/v2\/media?parent=8697"}],"wp:term":[{"taxonomy":"product_brand","embeddable":true,"href":"https:\/\/abcon.gr\/fr\/wp-json\/wp\/v2\/product_brand?post=8697"},{"taxonomy":"product_cat","embeddable":true,"href":"https:\/\/abcon.gr\/fr\/wp-json\/wp\/v2\/product_cat?post=8697"},{"taxonomy":"product_tag","embeddable":true,"href":"https:\/\/abcon.gr\/fr\/wp-json\/wp\/v2\/product_tag?post=8697"}],"curies":[{"name":"wp","href":"https:\/\/api.w.org\/{rel}","templated":true}]}}