{"id":8661,"date":"2019-12-20T10:46:54","date_gmt":"2018-04-04T15:39:54","guid":{"rendered":"http:\/\/test3.aenima.grproduct\/bar-wiser-28\/"},"modified":"2018-08-08T14:24:08","modified_gmt":"2018-08-08T11:24:08","slug":"bar-wiser-28","status":"publish","type":"product","link":"https:\/\/abcon.gr\/fr\/produit\/bar-wiser-28\/","title":{"rendered":"BAR WISER 28"},"content":{"rendered":"","protected":false},"excerpt":{"rendered":"<p>Fa\u00e7onneuse automatique bidirectionnelle pour fers en barres, avec 2 t\u00eates de pliage, qui permet la production des fa\u00e7onn\u00e9s \u00e9galement et barres pr\u00e9d\u00e9coup\u00e9es en utilisant des barres jusqu\u2019\u00e0 \u00d8 28 mm. Actionn\u00e9e au moyen de servomoteurs \u00e9lectriques digitaux.<\/p>\n<p>&#8211;\u00a0\u00a0\u00a0\u00a0\u00a0\u00a0\u00a0\u00a0\u00a0\u00a0\u00a0\u00a0\u00a0 Vitesse d&rsquo;entra\u00eenement max. 180 m\/min.<\/p>\n<p>&#8211;\u00a0\u00a0\u00a0\u00a0\u00a0\u00a0\u00a0\u00a0\u00a0\u00a0\u00a0\u00a0\u00a0 2 groups de pliage (sup\u00e9rieur et inf\u00e9rieur)<\/p>\n<p>&#8211;\u00a0\u00a0\u00a0\u00a0\u00a0\u00a0\u00a0\u00a0\u00a0\u00a0\u00a0\u00a0\u00a0 Pince pour extraction de la partie finale des barres<\/p>\n<p>&#8211;\u00a0\u00a0\u00a0\u00a0\u00a0\u00a0\u00a0\u00a0\u00a0\u00a0\u00a0\u00a0\u00a0 Mandrin virtuel<\/p>\n<p>&#8211;\u00a0\u00a0\u00a0\u00a0\u00a0\u00a0\u00a0\u00a0\u00a0\u00a0\u00a0\u00a0\u00a0 T\u00e9l\u00e9-assistance<\/p>\n<p>&#8211; Chargeur automatique Genius (Optionnel)<\/p>\n<p>Bar Wiser 28 Pack 0: Rack de stockage actionn\u00e9s pneumatiquement.<\/p>\n<p>Bar Wiser 28 Pack 1: Chariot motoris\u00e9, permet la classification automatique des barres et des barres profil\u00e9es.<\/p>\n<p>Bar Wiser 28 Pack 2: Chariot d&rsquo;\u00e9vacuation, caract\u00e9ris\u00e9 par des alimentateurs \u00e0 cha\u00eene et rack de stockage.<\/p>\n","protected":false},"featured_media":7038,"template":"","meta":{"_exactmetrics_skip_tracking":false,"_exactmetrics_sitenote_active":false,"_exactmetrics_sitenote_note":"","_exactmetrics_sitenote_category":0},"product_brand":[],"product_cat":[290,291,301],"product_tag":[321],"class_list":{"0":"post-8661","1":"product","2":"type-product","3":"status-publish","4":"has-post-thumbnail","6":"product_cat-machines-pour-le-travail-du-fer-a-beton","7":"product_cat-coupe-et-pliage","8":"product_cat-coupe-et-faconnage","9":"product_tag-schnell-fr","11":"first","12":"instock","13":"shipping-taxable","14":"product-type-simple"},"yoast_head":"<!-- This site is optimized with the Yoast SEO plugin v26.8 - https:\/\/yoast.com\/product\/yoast-seo-wordpress\/ -->\n<title>BAR WISER 28 - A.B.CON.<\/title>\n<meta name=\"robots\" content=\"index, follow, max-snippet:-1, max-image-preview:large, max-video-preview:-1\" \/>\n<link rel=\"canonical\" href=\"https:\/\/abcon.gr\/fr\/produit\/bar-wiser-28\/\" \/>\n<meta property=\"og:locale\" content=\"fr_FR\" \/>\n<meta property=\"og:type\" content=\"article\" \/>\n<meta property=\"og:title\" content=\"BAR WISER 28 - A.B.CON.\" \/>\n<meta property=\"og:description\" content=\"Fa\u00e7onneuse automatique bidirectionnelle pour fers en barres, avec 2 t\u00eates de pliage, qui permet la production des fa\u00e7onn\u00e9s \u00e9galement et barres pr\u00e9d\u00e9coup\u00e9es en utilisant des barres jusqu\u2019\u00e0 \u00d8 28 mm. Actionn\u00e9e au moyen de servomoteurs \u00e9lectriques digitaux.  -\u00a0\u00a0\u00a0\u00a0\u00a0\u00a0\u00a0\u00a0\u00a0\u00a0\u00a0\u00a0\u00a0 Vitesse d&#039;entra\u00eenement max. 180 m\/min.  -\u00a0\u00a0\u00a0\u00a0\u00a0\u00a0\u00a0\u00a0\u00a0\u00a0\u00a0\u00a0\u00a0 2 groups de pliage (sup\u00e9rieur et inf\u00e9rieur)  -\u00a0\u00a0\u00a0\u00a0\u00a0\u00a0\u00a0\u00a0\u00a0\u00a0\u00a0\u00a0\u00a0 Pince pour extraction de la partie finale des barres  -\u00a0\u00a0\u00a0\u00a0\u00a0\u00a0\u00a0\u00a0\u00a0\u00a0\u00a0\u00a0\u00a0 Mandrin virtuel  -\u00a0\u00a0\u00a0\u00a0\u00a0\u00a0\u00a0\u00a0\u00a0\u00a0\u00a0\u00a0\u00a0 T\u00e9l\u00e9-assistance  - Chargeur automatique Genius (Optionnel)  Bar Wiser 28 Pack 0: Rack de stockage actionn\u00e9s pneumatiquement.  Bar Wiser 28 Pack 1: Chariot motoris\u00e9, permet la classification automatique des barres et des barres profil\u00e9es.  Bar Wiser 28 Pack 2: Chariot d&#039;\u00e9vacuation, caract\u00e9ris\u00e9 par des alimentateurs \u00e0 cha\u00eene et rack de stockage.\" \/>\n<meta property=\"og:url\" content=\"https:\/\/abcon.gr\/fr\/produit\/bar-wiser-28\/\" \/>\n<meta property=\"og:site_name\" content=\"A.B.CON.\" \/>\n<meta property=\"article:publisher\" content=\"https:\/\/www.facebook.com\/Steel.Precast.Solutions.ABCON\/\" \/>\n<meta property=\"article:modified_time\" content=\"2018-08-08T11:24:08+00:00\" \/>\n<meta property=\"og:image\" content=\"https:\/\/abcon.gr\/wp-content\/uploads\/2018\/04\/BWpack0_dett_1.jpg\" \/>\n\t<meta property=\"og:image:width\" content=\"1067\" \/>\n\t<meta property=\"og:image:height\" content=\"600\" \/>\n\t<meta property=\"og:image:type\" content=\"image\/jpeg\" \/>\n<meta name=\"twitter:card\" content=\"summary_large_image\" \/>\n<script type=\"application\/ld+json\" class=\"yoast-schema-graph\">{\"@context\":\"https:\/\/schema.org\",\"@graph\":[{\"@type\":\"WebPage\",\"@id\":\"https:\/\/abcon.gr\/fr\/produit\/bar-wiser-28\/\",\"url\":\"https:\/\/abcon.gr\/fr\/produit\/bar-wiser-28\/\",\"name\":\"BAR WISER 28 - A.B.CON.\",\"isPartOf\":{\"@id\":\"https:\/\/abcon.gr\/fr\/#website\"},\"primaryImageOfPage\":{\"@id\":\"https:\/\/abcon.gr\/fr\/produit\/bar-wiser-28\/#primaryimage\"},\"image\":{\"@id\":\"https:\/\/abcon.gr\/fr\/produit\/bar-wiser-28\/#primaryimage\"},\"thumbnailUrl\":\"https:\/\/abcon.gr\/wp-content\/uploads\/2018\/04\/BWpack0_dett_1.jpg\",\"datePublished\":\"2018-04-04T15:39:54+00:00\",\"dateModified\":\"2018-08-08T11:24:08+00:00\",\"breadcrumb\":{\"@id\":\"https:\/\/abcon.gr\/fr\/produit\/bar-wiser-28\/#breadcrumb\"},\"inLanguage\":\"fr-FR\",\"potentialAction\":[{\"@type\":\"ReadAction\",\"target\":[\"https:\/\/abcon.gr\/fr\/produit\/bar-wiser-28\/\"]}]},{\"@type\":\"ImageObject\",\"inLanguage\":\"fr-FR\",\"@id\":\"https:\/\/abcon.gr\/fr\/produit\/bar-wiser-28\/#primaryimage\",\"url\":\"https:\/\/abcon.gr\/wp-content\/uploads\/2018\/04\/BWpack0_dett_1.jpg\",\"contentUrl\":\"https:\/\/abcon.gr\/wp-content\/uploads\/2018\/04\/BWpack0_dett_1.jpg\",\"width\":1067,\"height\":600,\"caption\":\"BWpack0 dett 1\"},{\"@type\":\"BreadcrumbList\",\"@id\":\"https:\/\/abcon.gr\/fr\/produit\/bar-wiser-28\/#breadcrumb\",\"itemListElement\":[{\"@type\":\"ListItem\",\"position\":1,\"name\":\"\u0391\u03c1\u03c7\u03b9\u03ba\u03ae\",\"item\":\"https:\/\/abcon.gr\/fr\/\"},{\"@type\":\"ListItem\",\"position\":2,\"name\":\"\u039a\u03b1\u03c4\u03ac\u03c3\u03c4\u03b7\u03bc\u03b1\",\"item\":\"https:\/\/abcon.gr\/fr\/%ce%ba%ce%b1%cf%84%ce%ac%cf%83%cf%84%ce%b7%ce%bc%ce%b1\/\"},{\"@type\":\"ListItem\",\"position\":3,\"name\":\"BAR WISER 28\"}]},{\"@type\":\"WebSite\",\"@id\":\"https:\/\/abcon.gr\/fr\/#website\",\"url\":\"https:\/\/abcon.gr\/fr\/\",\"name\":\"A.B.CON. - \u039c\u03b7\u03c7\u03b1\u03bd\u03ad\u03c2 \u0395\u03c0\u03b5\u03be\u03b5\u03c1\u03b3\u03b1\u03c3\u03af\u03b1\u03c2 \u03a3\u03ba\u03c5\u03c1\u03bf\u03b4\u03ad\u03bc\u03b1\u03c4\u03bf\u03c2 & \u03a0\u03c1\u03bf\u03ba\u03b1\u03c4\u03b1\u03c3\u03ba\u03b5\u03c5\u03ae\u03c2\",\"description\":\"\u039c\u03b7\u03c7\u03b1\u03bd\u03ad\u03c2 \u0395\u03c0\u03b5\u03be\u03b5\u03c1\u03b3\u03b1\u03c3\u03af\u03b1\u03c2 \u03a3\u03ba\u03c5\u03c1\u03bf\u03b4\u03ad\u03bc\u03b1\u03c4\u03bf\u03c2 &amp; \u03a0\u03c1\u03bf\u03ba\u03b1\u03c4\u03b1\u03c3\u03ba\u03b5\u03c5\u03ae\u03c2\",\"publisher\":{\"@id\":\"https:\/\/abcon.gr\/fr\/#organization\"},\"potentialAction\":[{\"@type\":\"SearchAction\",\"target\":{\"@type\":\"EntryPoint\",\"urlTemplate\":\"https:\/\/abcon.gr\/fr\/?s={search_term_string}\"},\"query-input\":{\"@type\":\"PropertyValueSpecification\",\"valueRequired\":true,\"valueName\":\"search_term_string\"}}],\"inLanguage\":\"fr-FR\"},{\"@type\":\"Organization\",\"@id\":\"https:\/\/abcon.gr\/fr\/#organization\",\"name\":\"A.B.CON. - \u039c\u03b7\u03c7\u03b1\u03bd\u03ad\u03c2 \u0395\u03c0\u03b5\u03be\u03b5\u03c1\u03b3\u03b1\u03c3\u03af\u03b1\u03c2 \u03a3\u03ba\u03c5\u03c1\u03bf\u03b4\u03ad\u03bc\u03b1\u03c4\u03bf\u03c2 & \u03a0\u03c1\u03bf\u03ba\u03b1\u03c4\u03b1\u03c3\u03ba\u03b5\u03c5\u03ae\u03c2\",\"url\":\"https:\/\/abcon.gr\/fr\/\",\"logo\":{\"@type\":\"ImageObject\",\"inLanguage\":\"fr-FR\",\"@id\":\"https:\/\/abcon.gr\/fr\/#\/schema\/logo\/image\/\",\"url\":\"https:\/\/abcon.gr\/wp-content\/uploads\/2021\/04\/logo_150.png\",\"contentUrl\":\"https:\/\/abcon.gr\/wp-content\/uploads\/2021\/04\/logo_150.png\",\"width\":150,\"height\":74,\"caption\":\"A.B.CON. - \u039c\u03b7\u03c7\u03b1\u03bd\u03ad\u03c2 \u0395\u03c0\u03b5\u03be\u03b5\u03c1\u03b3\u03b1\u03c3\u03af\u03b1\u03c2 \u03a3\u03ba\u03c5\u03c1\u03bf\u03b4\u03ad\u03bc\u03b1\u03c4\u03bf\u03c2 & \u03a0\u03c1\u03bf\u03ba\u03b1\u03c4\u03b1\u03c3\u03ba\u03b5\u03c5\u03ae\u03c2\"},\"image\":{\"@id\":\"https:\/\/abcon.gr\/fr\/#\/schema\/logo\/image\/\"},\"sameAs\":[\"https:\/\/www.facebook.com\/Steel.Precast.Solutions.ABCON\/\"]}]}<\/script>\n<!-- \/ Yoast SEO plugin. -->","yoast_head_json":{"title":"BAR WISER 28 - A.B.CON.","robots":{"index":"index","follow":"follow","max-snippet":"max-snippet:-1","max-image-preview":"max-image-preview:large","max-video-preview":"max-video-preview:-1"},"canonical":"https:\/\/abcon.gr\/fr\/produit\/bar-wiser-28\/","og_locale":"fr_FR","og_type":"article","og_title":"BAR WISER 28 - A.B.CON.","og_description":"Fa\u00e7onneuse automatique bidirectionnelle pour fers en barres, avec 2 t\u00eates de pliage, qui permet la production des fa\u00e7onn\u00e9s \u00e9galement et barres pr\u00e9d\u00e9coup\u00e9es en utilisant des barres jusqu\u2019\u00e0 \u00d8 28 mm. Actionn\u00e9e au moyen de servomoteurs \u00e9lectriques digitaux.  -\u00a0\u00a0\u00a0\u00a0\u00a0\u00a0\u00a0\u00a0\u00a0\u00a0\u00a0\u00a0\u00a0 Vitesse d'entra\u00eenement max. 180 m\/min.  -\u00a0\u00a0\u00a0\u00a0\u00a0\u00a0\u00a0\u00a0\u00a0\u00a0\u00a0\u00a0\u00a0 2 groups de pliage (sup\u00e9rieur et inf\u00e9rieur)  -\u00a0\u00a0\u00a0\u00a0\u00a0\u00a0\u00a0\u00a0\u00a0\u00a0\u00a0\u00a0\u00a0 Pince pour extraction de la partie finale des barres  -\u00a0\u00a0\u00a0\u00a0\u00a0\u00a0\u00a0\u00a0\u00a0\u00a0\u00a0\u00a0\u00a0 Mandrin virtuel  -\u00a0\u00a0\u00a0\u00a0\u00a0\u00a0\u00a0\u00a0\u00a0\u00a0\u00a0\u00a0\u00a0 T\u00e9l\u00e9-assistance  - Chargeur automatique Genius (Optionnel)  Bar Wiser 28 Pack 0: Rack de stockage actionn\u00e9s pneumatiquement.  Bar Wiser 28 Pack 1: Chariot motoris\u00e9, permet la classification automatique des barres et des barres profil\u00e9es.  Bar Wiser 28 Pack 2: Chariot d'\u00e9vacuation, caract\u00e9ris\u00e9 par des alimentateurs \u00e0 cha\u00eene et rack de stockage.","og_url":"https:\/\/abcon.gr\/fr\/produit\/bar-wiser-28\/","og_site_name":"A.B.CON.","article_publisher":"https:\/\/www.facebook.com\/Steel.Precast.Solutions.ABCON\/","article_modified_time":"2018-08-08T11:24:08+00:00","og_image":[{"width":1067,"height":600,"url":"https:\/\/abcon.gr\/wp-content\/uploads\/2018\/04\/BWpack0_dett_1.jpg","type":"image\/jpeg"}],"twitter_card":"summary_large_image","schema":{"@context":"https:\/\/schema.org","@graph":[{"@type":"WebPage","@id":"https:\/\/abcon.gr\/fr\/produit\/bar-wiser-28\/","url":"https:\/\/abcon.gr\/fr\/produit\/bar-wiser-28\/","name":"BAR WISER 28 - A.B.CON.","isPartOf":{"@id":"https:\/\/abcon.gr\/fr\/#website"},"primaryImageOfPage":{"@id":"https:\/\/abcon.gr\/fr\/produit\/bar-wiser-28\/#primaryimage"},"image":{"@id":"https:\/\/abcon.gr\/fr\/produit\/bar-wiser-28\/#primaryimage"},"thumbnailUrl":"https:\/\/abcon.gr\/wp-content\/uploads\/2018\/04\/BWpack0_dett_1.jpg","datePublished":"2018-04-04T15:39:54+00:00","dateModified":"2018-08-08T11:24:08+00:00","breadcrumb":{"@id":"https:\/\/abcon.gr\/fr\/produit\/bar-wiser-28\/#breadcrumb"},"inLanguage":"fr-FR","potentialAction":[{"@type":"ReadAction","target":["https:\/\/abcon.gr\/fr\/produit\/bar-wiser-28\/"]}]},{"@type":"ImageObject","inLanguage":"fr-FR","@id":"https:\/\/abcon.gr\/fr\/produit\/bar-wiser-28\/#primaryimage","url":"https:\/\/abcon.gr\/wp-content\/uploads\/2018\/04\/BWpack0_dett_1.jpg","contentUrl":"https:\/\/abcon.gr\/wp-content\/uploads\/2018\/04\/BWpack0_dett_1.jpg","width":1067,"height":600,"caption":"BWpack0 dett 1"},{"@type":"BreadcrumbList","@id":"https:\/\/abcon.gr\/fr\/produit\/bar-wiser-28\/#breadcrumb","itemListElement":[{"@type":"ListItem","position":1,"name":"\u0391\u03c1\u03c7\u03b9\u03ba\u03ae","item":"https:\/\/abcon.gr\/fr\/"},{"@type":"ListItem","position":2,"name":"\u039a\u03b1\u03c4\u03ac\u03c3\u03c4\u03b7\u03bc\u03b1","item":"https:\/\/abcon.gr\/fr\/%ce%ba%ce%b1%cf%84%ce%ac%cf%83%cf%84%ce%b7%ce%bc%ce%b1\/"},{"@type":"ListItem","position":3,"name":"BAR WISER 28"}]},{"@type":"WebSite","@id":"https:\/\/abcon.gr\/fr\/#website","url":"https:\/\/abcon.gr\/fr\/","name":"A.B.CON. - \u039c\u03b7\u03c7\u03b1\u03bd\u03ad\u03c2 \u0395\u03c0\u03b5\u03be\u03b5\u03c1\u03b3\u03b1\u03c3\u03af\u03b1\u03c2 \u03a3\u03ba\u03c5\u03c1\u03bf\u03b4\u03ad\u03bc\u03b1\u03c4\u03bf\u03c2 & \u03a0\u03c1\u03bf\u03ba\u03b1\u03c4\u03b1\u03c3\u03ba\u03b5\u03c5\u03ae\u03c2","description":"\u039c\u03b7\u03c7\u03b1\u03bd\u03ad\u03c2 \u0395\u03c0\u03b5\u03be\u03b5\u03c1\u03b3\u03b1\u03c3\u03af\u03b1\u03c2 \u03a3\u03ba\u03c5\u03c1\u03bf\u03b4\u03ad\u03bc\u03b1\u03c4\u03bf\u03c2 &amp; \u03a0\u03c1\u03bf\u03ba\u03b1\u03c4\u03b1\u03c3\u03ba\u03b5\u03c5\u03ae\u03c2","publisher":{"@id":"https:\/\/abcon.gr\/fr\/#organization"},"potentialAction":[{"@type":"SearchAction","target":{"@type":"EntryPoint","urlTemplate":"https:\/\/abcon.gr\/fr\/?s={search_term_string}"},"query-input":{"@type":"PropertyValueSpecification","valueRequired":true,"valueName":"search_term_string"}}],"inLanguage":"fr-FR"},{"@type":"Organization","@id":"https:\/\/abcon.gr\/fr\/#organization","name":"A.B.CON. - \u039c\u03b7\u03c7\u03b1\u03bd\u03ad\u03c2 \u0395\u03c0\u03b5\u03be\u03b5\u03c1\u03b3\u03b1\u03c3\u03af\u03b1\u03c2 \u03a3\u03ba\u03c5\u03c1\u03bf\u03b4\u03ad\u03bc\u03b1\u03c4\u03bf\u03c2 & \u03a0\u03c1\u03bf\u03ba\u03b1\u03c4\u03b1\u03c3\u03ba\u03b5\u03c5\u03ae\u03c2","url":"https:\/\/abcon.gr\/fr\/","logo":{"@type":"ImageObject","inLanguage":"fr-FR","@id":"https:\/\/abcon.gr\/fr\/#\/schema\/logo\/image\/","url":"https:\/\/abcon.gr\/wp-content\/uploads\/2021\/04\/logo_150.png","contentUrl":"https:\/\/abcon.gr\/wp-content\/uploads\/2021\/04\/logo_150.png","width":150,"height":74,"caption":"A.B.CON. - \u039c\u03b7\u03c7\u03b1\u03bd\u03ad\u03c2 \u0395\u03c0\u03b5\u03be\u03b5\u03c1\u03b3\u03b1\u03c3\u03af\u03b1\u03c2 \u03a3\u03ba\u03c5\u03c1\u03bf\u03b4\u03ad\u03bc\u03b1\u03c4\u03bf\u03c2 & \u03a0\u03c1\u03bf\u03ba\u03b1\u03c4\u03b1\u03c3\u03ba\u03b5\u03c5\u03ae\u03c2"},"image":{"@id":"https:\/\/abcon.gr\/fr\/#\/schema\/logo\/image\/"},"sameAs":["https:\/\/www.facebook.com\/Steel.Precast.Solutions.ABCON\/"]}]}},"_links":{"self":[{"href":"https:\/\/abcon.gr\/fr\/wp-json\/wp\/v2\/product\/8661","targetHints":{"allow":["GET"]}}],"collection":[{"href":"https:\/\/abcon.gr\/fr\/wp-json\/wp\/v2\/product"}],"about":[{"href":"https:\/\/abcon.gr\/fr\/wp-json\/wp\/v2\/types\/product"}],"wp:featuredmedia":[{"embeddable":true,"href":"https:\/\/abcon.gr\/fr\/wp-json\/wp\/v2\/media\/7038"}],"wp:attachment":[{"href":"https:\/\/abcon.gr\/fr\/wp-json\/wp\/v2\/media?parent=8661"}],"wp:term":[{"taxonomy":"product_brand","embeddable":true,"href":"https:\/\/abcon.gr\/fr\/wp-json\/wp\/v2\/product_brand?post=8661"},{"taxonomy":"product_cat","embeddable":true,"href":"https:\/\/abcon.gr\/fr\/wp-json\/wp\/v2\/product_cat?post=8661"},{"taxonomy":"product_tag","embeddable":true,"href":"https:\/\/abcon.gr\/fr\/wp-json\/wp\/v2\/product_tag?post=8661"}],"curies":[{"name":"wp","href":"https:\/\/api.w.org\/{rel}","templated":true}]}}