{"id":8611,"date":"2018-06-13T13:55:18","date_gmt":"2018-06-13T10:55:18","guid":{"rendered":"http:\/\/test3.aenima.grproduct\/schnell-cad\/"},"modified":"2018-06-13T13:55:18","modified_gmt":"2018-06-13T10:55:18","slug":"schnell-cad","status":"publish","type":"product","link":"https:\/\/abcon.gr\/fr\/produit\/schnell-cad\/","title":{"rendered":"SCHNELL CAD"},"content":{"rendered":"","protected":false},"excerpt":{"rendered":"<p>Le logiciel fonctionne sur AutoCAD et\u00a0<b>calcule la quantit\u00e9 de main-d&rsquo;\u0153uvre et les mat\u00e9riaux n\u00e9cessaires<\/b>\u00a0\u00e0 la production de la structure.<\/p>\n<div>\u00c0 partir de ce logiciel,\u00a0<b>on peut importer directement<\/b>\u00a0les projets calcul\u00e9s pr\u00e9alablement avec d&rsquo;autres programmes.<\/p>\n<div>Les quantit\u00e9s n\u00e9cessaires pour les diff\u00e9rents types de panneaux sont calcul\u00e9es automatiquement. Les modules pour l&rsquo;<b>estimation des co\u00fbts\u00a0<\/b>et pour la\u00a0<b>gestion de la production<\/b>\u00a0sont inclus.<\/div>\n<\/div>\n","protected":false},"featured_media":8160,"template":"","meta":{"_exactmetrics_skip_tracking":false,"_exactmetrics_sitenote_active":false,"_exactmetrics_sitenote_note":"","_exactmetrics_sitenote_category":0},"product_brand":[],"product_cat":[152,150],"product_tag":[321],"class_list":{"0":"post-8611","1":"product","2":"type-product","3":"status-publish","4":"has-post-thumbnail","6":"product_cat-schnell-home-panneaux-prefabrique","7":"product_cat-schnell-cad-fr","8":"product_tag-schnell-fr","10":"first","11":"instock","12":"shipping-taxable","13":"product-type-simple"},"yoast_head":"<!-- This site is optimized with the Yoast SEO plugin v26.8 - https:\/\/yoast.com\/product\/yoast-seo-wordpress\/ -->\n<title>SCHNELL CAD - A.B.CON.<\/title>\n<meta name=\"robots\" content=\"index, follow, max-snippet:-1, max-image-preview:large, max-video-preview:-1\" \/>\n<link rel=\"canonical\" href=\"https:\/\/abcon.gr\/produit\/schnell-cad\/\" \/>\n<meta property=\"og:locale\" content=\"fr_FR\" \/>\n<meta property=\"og:type\" content=\"article\" \/>\n<meta property=\"og:title\" content=\"SCHNELL CAD - A.B.CON.\" \/>\n<meta property=\"og:description\" content=\"Le logiciel fonctionne sur AutoCAD et\u00a0calcule la quantit\u00e9 de main-d&#039;\u0153uvre et les mat\u00e9riaux n\u00e9cessaires\u00a0\u00e0 la production de la structure. \u00c0 partir de ce logiciel,\u00a0on peut importer directement\u00a0les projets calcul\u00e9s pr\u00e9alablement avec d&#039;autres programmes. Les quantit\u00e9s n\u00e9cessaires pour les diff\u00e9rents types de panneaux sont calcul\u00e9es automatiquement. Les modules pour l&#039;estimation des co\u00fbts\u00a0et pour la\u00a0gestion de la production\u00a0sont inclus.\" \/>\n<meta property=\"og:url\" content=\"https:\/\/abcon.gr\/produit\/schnell-cad\/\" \/>\n<meta property=\"og:site_name\" content=\"A.B.CON.\" \/>\n<meta property=\"article:publisher\" content=\"https:\/\/www.facebook.com\/Steel.Precast.Solutions.ABCON\/\" \/>\n<meta property=\"og:image\" content=\"https:\/\/abcon.gr\/wp-content\/uploads\/2018\/06\/02-SCOMPOSIZIONE-PANNELLI.jpg\" \/>\n\t<meta property=\"og:image:width\" content=\"1066\" \/>\n\t<meta property=\"og:image:height\" content=\"600\" \/>\n\t<meta property=\"og:image:type\" content=\"image\/jpeg\" \/>\n<meta name=\"twitter:card\" content=\"summary_large_image\" \/>\n<script type=\"application\/ld+json\" class=\"yoast-schema-graph\">{\"@context\":\"https:\/\/schema.org\",\"@graph\":[{\"@type\":\"WebPage\",\"@id\":\"https:\/\/abcon.gr\/produit\/schnell-cad\/\",\"url\":\"https:\/\/abcon.gr\/produit\/schnell-cad\/\",\"name\":\"SCHNELL CAD - A.B.CON.\",\"isPartOf\":{\"@id\":\"https:\/\/abcon.gr\/fr\/#website\"},\"primaryImageOfPage\":{\"@id\":\"https:\/\/abcon.gr\/produit\/schnell-cad\/#primaryimage\"},\"image\":{\"@id\":\"https:\/\/abcon.gr\/produit\/schnell-cad\/#primaryimage\"},\"thumbnailUrl\":\"https:\/\/abcon.gr\/wp-content\/uploads\/2018\/06\/02-SCOMPOSIZIONE-PANNELLI.jpg\",\"datePublished\":\"2018-06-13T10:55:18+00:00\",\"breadcrumb\":{\"@id\":\"https:\/\/abcon.gr\/produit\/schnell-cad\/#breadcrumb\"},\"inLanguage\":\"fr-FR\",\"potentialAction\":[{\"@type\":\"ReadAction\",\"target\":[\"https:\/\/abcon.gr\/produit\/schnell-cad\/\"]}]},{\"@type\":\"ImageObject\",\"inLanguage\":\"fr-FR\",\"@id\":\"https:\/\/abcon.gr\/produit\/schnell-cad\/#primaryimage\",\"url\":\"https:\/\/abcon.gr\/wp-content\/uploads\/2018\/06\/02-SCOMPOSIZIONE-PANNELLI.jpg\",\"contentUrl\":\"https:\/\/abcon.gr\/wp-content\/uploads\/2018\/06\/02-SCOMPOSIZIONE-PANNELLI.jpg\",\"width\":1066,\"height\":600,\"caption\":\"02 SCOMPOSIZIONE PANNELLI\"},{\"@type\":\"BreadcrumbList\",\"@id\":\"https:\/\/abcon.gr\/produit\/schnell-cad\/#breadcrumb\",\"itemListElement\":[{\"@type\":\"ListItem\",\"position\":1,\"name\":\"\u0391\u03c1\u03c7\u03b9\u03ba\u03ae\",\"item\":\"https:\/\/abcon.gr\/fr\/\"},{\"@type\":\"ListItem\",\"position\":2,\"name\":\"\u039a\u03b1\u03c4\u03ac\u03c3\u03c4\u03b7\u03bc\u03b1\",\"item\":\"https:\/\/abcon.gr\/fr\/%ce%ba%ce%b1%cf%84%ce%ac%cf%83%cf%84%ce%b7%ce%bc%ce%b1\/\"},{\"@type\":\"ListItem\",\"position\":3,\"name\":\"SCHNELL CAD\"}]},{\"@type\":\"WebSite\",\"@id\":\"https:\/\/abcon.gr\/fr\/#website\",\"url\":\"https:\/\/abcon.gr\/fr\/\",\"name\":\"A.B.CON. - \u039c\u03b7\u03c7\u03b1\u03bd\u03ad\u03c2 \u0395\u03c0\u03b5\u03be\u03b5\u03c1\u03b3\u03b1\u03c3\u03af\u03b1\u03c2 \u03a3\u03ba\u03c5\u03c1\u03bf\u03b4\u03ad\u03bc\u03b1\u03c4\u03bf\u03c2 & \u03a0\u03c1\u03bf\u03ba\u03b1\u03c4\u03b1\u03c3\u03ba\u03b5\u03c5\u03ae\u03c2\",\"description\":\"\u039c\u03b7\u03c7\u03b1\u03bd\u03ad\u03c2 \u0395\u03c0\u03b5\u03be\u03b5\u03c1\u03b3\u03b1\u03c3\u03af\u03b1\u03c2 \u03a3\u03ba\u03c5\u03c1\u03bf\u03b4\u03ad\u03bc\u03b1\u03c4\u03bf\u03c2 &amp; \u03a0\u03c1\u03bf\u03ba\u03b1\u03c4\u03b1\u03c3\u03ba\u03b5\u03c5\u03ae\u03c2\",\"publisher\":{\"@id\":\"https:\/\/abcon.gr\/fr\/#organization\"},\"potentialAction\":[{\"@type\":\"SearchAction\",\"target\":{\"@type\":\"EntryPoint\",\"urlTemplate\":\"https:\/\/abcon.gr\/fr\/?s={search_term_string}\"},\"query-input\":{\"@type\":\"PropertyValueSpecification\",\"valueRequired\":true,\"valueName\":\"search_term_string\"}}],\"inLanguage\":\"fr-FR\"},{\"@type\":\"Organization\",\"@id\":\"https:\/\/abcon.gr\/fr\/#organization\",\"name\":\"A.B.CON. - \u039c\u03b7\u03c7\u03b1\u03bd\u03ad\u03c2 \u0395\u03c0\u03b5\u03be\u03b5\u03c1\u03b3\u03b1\u03c3\u03af\u03b1\u03c2 \u03a3\u03ba\u03c5\u03c1\u03bf\u03b4\u03ad\u03bc\u03b1\u03c4\u03bf\u03c2 & \u03a0\u03c1\u03bf\u03ba\u03b1\u03c4\u03b1\u03c3\u03ba\u03b5\u03c5\u03ae\u03c2\",\"url\":\"https:\/\/abcon.gr\/fr\/\",\"logo\":{\"@type\":\"ImageObject\",\"inLanguage\":\"fr-FR\",\"@id\":\"https:\/\/abcon.gr\/fr\/#\/schema\/logo\/image\/\",\"url\":\"https:\/\/abcon.gr\/wp-content\/uploads\/2021\/04\/logo_150.png\",\"contentUrl\":\"https:\/\/abcon.gr\/wp-content\/uploads\/2021\/04\/logo_150.png\",\"width\":150,\"height\":74,\"caption\":\"A.B.CON. - \u039c\u03b7\u03c7\u03b1\u03bd\u03ad\u03c2 \u0395\u03c0\u03b5\u03be\u03b5\u03c1\u03b3\u03b1\u03c3\u03af\u03b1\u03c2 \u03a3\u03ba\u03c5\u03c1\u03bf\u03b4\u03ad\u03bc\u03b1\u03c4\u03bf\u03c2 & \u03a0\u03c1\u03bf\u03ba\u03b1\u03c4\u03b1\u03c3\u03ba\u03b5\u03c5\u03ae\u03c2\"},\"image\":{\"@id\":\"https:\/\/abcon.gr\/fr\/#\/schema\/logo\/image\/\"},\"sameAs\":[\"https:\/\/www.facebook.com\/Steel.Precast.Solutions.ABCON\/\"]}]}<\/script>\n<!-- \/ Yoast SEO plugin. -->","yoast_head_json":{"title":"SCHNELL CAD - A.B.CON.","robots":{"index":"index","follow":"follow","max-snippet":"max-snippet:-1","max-image-preview":"max-image-preview:large","max-video-preview":"max-video-preview:-1"},"canonical":"https:\/\/abcon.gr\/produit\/schnell-cad\/","og_locale":"fr_FR","og_type":"article","og_title":"SCHNELL CAD - A.B.CON.","og_description":"Le logiciel fonctionne sur AutoCAD et\u00a0calcule la quantit\u00e9 de main-d'\u0153uvre et les mat\u00e9riaux n\u00e9cessaires\u00a0\u00e0 la production de la structure. \u00c0 partir de ce logiciel,\u00a0on peut importer directement\u00a0les projets calcul\u00e9s pr\u00e9alablement avec d'autres programmes. Les quantit\u00e9s n\u00e9cessaires pour les diff\u00e9rents types de panneaux sont calcul\u00e9es automatiquement. Les modules pour l'estimation des co\u00fbts\u00a0et pour la\u00a0gestion de la production\u00a0sont inclus.","og_url":"https:\/\/abcon.gr\/produit\/schnell-cad\/","og_site_name":"A.B.CON.","article_publisher":"https:\/\/www.facebook.com\/Steel.Precast.Solutions.ABCON\/","og_image":[{"width":1066,"height":600,"url":"https:\/\/abcon.gr\/wp-content\/uploads\/2018\/06\/02-SCOMPOSIZIONE-PANNELLI.jpg","type":"image\/jpeg"}],"twitter_card":"summary_large_image","schema":{"@context":"https:\/\/schema.org","@graph":[{"@type":"WebPage","@id":"https:\/\/abcon.gr\/produit\/schnell-cad\/","url":"https:\/\/abcon.gr\/produit\/schnell-cad\/","name":"SCHNELL CAD - A.B.CON.","isPartOf":{"@id":"https:\/\/abcon.gr\/fr\/#website"},"primaryImageOfPage":{"@id":"https:\/\/abcon.gr\/produit\/schnell-cad\/#primaryimage"},"image":{"@id":"https:\/\/abcon.gr\/produit\/schnell-cad\/#primaryimage"},"thumbnailUrl":"https:\/\/abcon.gr\/wp-content\/uploads\/2018\/06\/02-SCOMPOSIZIONE-PANNELLI.jpg","datePublished":"2018-06-13T10:55:18+00:00","breadcrumb":{"@id":"https:\/\/abcon.gr\/produit\/schnell-cad\/#breadcrumb"},"inLanguage":"fr-FR","potentialAction":[{"@type":"ReadAction","target":["https:\/\/abcon.gr\/produit\/schnell-cad\/"]}]},{"@type":"ImageObject","inLanguage":"fr-FR","@id":"https:\/\/abcon.gr\/produit\/schnell-cad\/#primaryimage","url":"https:\/\/abcon.gr\/wp-content\/uploads\/2018\/06\/02-SCOMPOSIZIONE-PANNELLI.jpg","contentUrl":"https:\/\/abcon.gr\/wp-content\/uploads\/2018\/06\/02-SCOMPOSIZIONE-PANNELLI.jpg","width":1066,"height":600,"caption":"02 SCOMPOSIZIONE PANNELLI"},{"@type":"BreadcrumbList","@id":"https:\/\/abcon.gr\/produit\/schnell-cad\/#breadcrumb","itemListElement":[{"@type":"ListItem","position":1,"name":"\u0391\u03c1\u03c7\u03b9\u03ba\u03ae","item":"https:\/\/abcon.gr\/fr\/"},{"@type":"ListItem","position":2,"name":"\u039a\u03b1\u03c4\u03ac\u03c3\u03c4\u03b7\u03bc\u03b1","item":"https:\/\/abcon.gr\/fr\/%ce%ba%ce%b1%cf%84%ce%ac%cf%83%cf%84%ce%b7%ce%bc%ce%b1\/"},{"@type":"ListItem","position":3,"name":"SCHNELL CAD"}]},{"@type":"WebSite","@id":"https:\/\/abcon.gr\/fr\/#website","url":"https:\/\/abcon.gr\/fr\/","name":"A.B.CON. - \u039c\u03b7\u03c7\u03b1\u03bd\u03ad\u03c2 \u0395\u03c0\u03b5\u03be\u03b5\u03c1\u03b3\u03b1\u03c3\u03af\u03b1\u03c2 \u03a3\u03ba\u03c5\u03c1\u03bf\u03b4\u03ad\u03bc\u03b1\u03c4\u03bf\u03c2 & \u03a0\u03c1\u03bf\u03ba\u03b1\u03c4\u03b1\u03c3\u03ba\u03b5\u03c5\u03ae\u03c2","description":"\u039c\u03b7\u03c7\u03b1\u03bd\u03ad\u03c2 \u0395\u03c0\u03b5\u03be\u03b5\u03c1\u03b3\u03b1\u03c3\u03af\u03b1\u03c2 \u03a3\u03ba\u03c5\u03c1\u03bf\u03b4\u03ad\u03bc\u03b1\u03c4\u03bf\u03c2 &amp; \u03a0\u03c1\u03bf\u03ba\u03b1\u03c4\u03b1\u03c3\u03ba\u03b5\u03c5\u03ae\u03c2","publisher":{"@id":"https:\/\/abcon.gr\/fr\/#organization"},"potentialAction":[{"@type":"SearchAction","target":{"@type":"EntryPoint","urlTemplate":"https:\/\/abcon.gr\/fr\/?s={search_term_string}"},"query-input":{"@type":"PropertyValueSpecification","valueRequired":true,"valueName":"search_term_string"}}],"inLanguage":"fr-FR"},{"@type":"Organization","@id":"https:\/\/abcon.gr\/fr\/#organization","name":"A.B.CON. - \u039c\u03b7\u03c7\u03b1\u03bd\u03ad\u03c2 \u0395\u03c0\u03b5\u03be\u03b5\u03c1\u03b3\u03b1\u03c3\u03af\u03b1\u03c2 \u03a3\u03ba\u03c5\u03c1\u03bf\u03b4\u03ad\u03bc\u03b1\u03c4\u03bf\u03c2 & \u03a0\u03c1\u03bf\u03ba\u03b1\u03c4\u03b1\u03c3\u03ba\u03b5\u03c5\u03ae\u03c2","url":"https:\/\/abcon.gr\/fr\/","logo":{"@type":"ImageObject","inLanguage":"fr-FR","@id":"https:\/\/abcon.gr\/fr\/#\/schema\/logo\/image\/","url":"https:\/\/abcon.gr\/wp-content\/uploads\/2021\/04\/logo_150.png","contentUrl":"https:\/\/abcon.gr\/wp-content\/uploads\/2021\/04\/logo_150.png","width":150,"height":74,"caption":"A.B.CON. - \u039c\u03b7\u03c7\u03b1\u03bd\u03ad\u03c2 \u0395\u03c0\u03b5\u03be\u03b5\u03c1\u03b3\u03b1\u03c3\u03af\u03b1\u03c2 \u03a3\u03ba\u03c5\u03c1\u03bf\u03b4\u03ad\u03bc\u03b1\u03c4\u03bf\u03c2 & \u03a0\u03c1\u03bf\u03ba\u03b1\u03c4\u03b1\u03c3\u03ba\u03b5\u03c5\u03ae\u03c2"},"image":{"@id":"https:\/\/abcon.gr\/fr\/#\/schema\/logo\/image\/"},"sameAs":["https:\/\/www.facebook.com\/Steel.Precast.Solutions.ABCON\/"]}]}},"_links":{"self":[{"href":"https:\/\/abcon.gr\/fr\/wp-json\/wp\/v2\/product\/8611","targetHints":{"allow":["GET"]}}],"collection":[{"href":"https:\/\/abcon.gr\/fr\/wp-json\/wp\/v2\/product"}],"about":[{"href":"https:\/\/abcon.gr\/fr\/wp-json\/wp\/v2\/types\/product"}],"wp:featuredmedia":[{"embeddable":true,"href":"https:\/\/abcon.gr\/fr\/wp-json\/wp\/v2\/media\/8160"}],"wp:attachment":[{"href":"https:\/\/abcon.gr\/fr\/wp-json\/wp\/v2\/media?parent=8611"}],"wp:term":[{"taxonomy":"product_brand","embeddable":true,"href":"https:\/\/abcon.gr\/fr\/wp-json\/wp\/v2\/product_brand?post=8611"},{"taxonomy":"product_cat","embeddable":true,"href":"https:\/\/abcon.gr\/fr\/wp-json\/wp\/v2\/product_cat?post=8611"},{"taxonomy":"product_tag","embeddable":true,"href":"https:\/\/abcon.gr\/fr\/wp-json\/wp\/v2\/product_tag?post=8611"}],"curies":[{"name":"wp","href":"https:\/\/api.w.org\/{rel}","templated":true}]}}