{"id":8587,"date":"2018-02-01T22:48:46","date_gmt":"2018-02-01T19:48:46","guid":{"rendered":"http:\/\/test3.aenima.grproduct\/single-panel\/"},"modified":"2018-02-01T22:48:46","modified_gmt":"2018-02-01T19:48:46","slug":"single-panel","status":"publish","type":"product","link":"https:\/\/abcon.gr\/fr\/produit\/single-panel\/","title":{"rendered":"SINGLE PANEL"},"content":{"rendered":"","protected":false},"excerpt":{"rendered":"<p>Le panneau simple se compose de deux treillis \u00e9lectro soud\u00e9s li\u00e9s entre eux par des connecteurs Au milieu des treillis il y a une plaque de polystyr\u00e8ne de forme opportune et d\u2019\u00e9paisseur variable selon les exigences. Avec ce panneau, compl\u00e9t\u00e9 au chantier, on peut construire des b\u00e2timents jusqu\u2019\u00e0 trois niveaux d\u2019hauteur, en accord aux v\u00e9rifications structurelles et aux Normes techniques de r\u00e9f\u00e9rence.<\/p>\n","protected":false},"featured_media":8272,"template":"","meta":{"_exactmetrics_skip_tracking":false,"_exactmetrics_sitenote_active":false,"_exactmetrics_sitenote_note":"","_exactmetrics_sitenote_category":0},"product_brand":[],"product_cat":[152,154],"product_tag":[321],"class_list":{"0":"post-8587","1":"product","2":"type-product","3":"status-publish","4":"has-post-thumbnail","6":"product_cat-schnell-home-panneaux-prefabrique","7":"product_cat-panneaux","8":"product_tag-schnell-fr","10":"first","11":"instock","12":"shipping-taxable","13":"product-type-simple"},"yoast_head":"<!-- This site is optimized with the Yoast SEO plugin v26.8 - https:\/\/yoast.com\/product\/yoast-seo-wordpress\/ -->\n<title>SINGLE PANEL - A.B.CON.<\/title>\n<meta name=\"robots\" content=\"index, follow, max-snippet:-1, max-image-preview:large, max-video-preview:-1\" \/>\n<link rel=\"canonical\" href=\"https:\/\/abcon.gr\/produit\/single-panel\/\" \/>\n<meta property=\"og:locale\" content=\"fr_FR\" \/>\n<meta property=\"og:type\" content=\"article\" \/>\n<meta property=\"og:title\" content=\"SINGLE PANEL - A.B.CON.\" \/>\n<meta property=\"og:description\" content=\"Le panneau simple se compose de deux treillis \u00e9lectro soud\u00e9s li\u00e9s entre eux par des connecteurs Au milieu des treillis il y a une plaque de polystyr\u00e8ne de forme opportune et d\u2019\u00e9paisseur variable selon les exigences. Avec ce panneau, compl\u00e9t\u00e9 au chantier, on peut construire des b\u00e2timents jusqu\u2019\u00e0 trois niveaux d\u2019hauteur, en accord aux v\u00e9rifications structurelles et aux Normes techniques de r\u00e9f\u00e9rence.\" \/>\n<meta property=\"og:url\" content=\"https:\/\/abcon.gr\/produit\/single-panel\/\" \/>\n<meta property=\"og:site_name\" content=\"A.B.CON.\" \/>\n<meta property=\"article:publisher\" content=\"https:\/\/www.facebook.com\/Steel.Precast.Solutions.ABCON\/\" \/>\n<meta property=\"og:image\" content=\"https:\/\/abcon.gr\/wp-content\/uploads\/2018\/02\/Single-Panel.jpg\" \/>\n\t<meta property=\"og:image:width\" content=\"750\" \/>\n\t<meta property=\"og:image:height\" content=\"500\" \/>\n\t<meta property=\"og:image:type\" content=\"image\/jpeg\" \/>\n<meta name=\"twitter:card\" content=\"summary_large_image\" \/>\n<script type=\"application\/ld+json\" class=\"yoast-schema-graph\">{\"@context\":\"https:\/\/schema.org\",\"@graph\":[{\"@type\":\"WebPage\",\"@id\":\"https:\/\/abcon.gr\/produit\/single-panel\/\",\"url\":\"https:\/\/abcon.gr\/produit\/single-panel\/\",\"name\":\"SINGLE PANEL - A.B.CON.\",\"isPartOf\":{\"@id\":\"https:\/\/abcon.gr\/fr\/#website\"},\"primaryImageOfPage\":{\"@id\":\"https:\/\/abcon.gr\/produit\/single-panel\/#primaryimage\"},\"image\":{\"@id\":\"https:\/\/abcon.gr\/produit\/single-panel\/#primaryimage\"},\"thumbnailUrl\":\"https:\/\/abcon.gr\/wp-content\/uploads\/2018\/02\/Single-Panel.jpg\",\"datePublished\":\"2018-02-01T19:48:46+00:00\",\"breadcrumb\":{\"@id\":\"https:\/\/abcon.gr\/produit\/single-panel\/#breadcrumb\"},\"inLanguage\":\"fr-FR\",\"potentialAction\":[{\"@type\":\"ReadAction\",\"target\":[\"https:\/\/abcon.gr\/produit\/single-panel\/\"]}]},{\"@type\":\"ImageObject\",\"inLanguage\":\"fr-FR\",\"@id\":\"https:\/\/abcon.gr\/produit\/single-panel\/#primaryimage\",\"url\":\"https:\/\/abcon.gr\/wp-content\/uploads\/2018\/02\/Single-Panel.jpg\",\"contentUrl\":\"https:\/\/abcon.gr\/wp-content\/uploads\/2018\/02\/Single-Panel.jpg\",\"width\":750,\"height\":500,\"caption\":\"Single Panel\"},{\"@type\":\"BreadcrumbList\",\"@id\":\"https:\/\/abcon.gr\/produit\/single-panel\/#breadcrumb\",\"itemListElement\":[{\"@type\":\"ListItem\",\"position\":1,\"name\":\"\u0391\u03c1\u03c7\u03b9\u03ba\u03ae\",\"item\":\"https:\/\/abcon.gr\/fr\/\"},{\"@type\":\"ListItem\",\"position\":2,\"name\":\"\u039a\u03b1\u03c4\u03ac\u03c3\u03c4\u03b7\u03bc\u03b1\",\"item\":\"https:\/\/abcon.gr\/fr\/%ce%ba%ce%b1%cf%84%ce%ac%cf%83%cf%84%ce%b7%ce%bc%ce%b1\/\"},{\"@type\":\"ListItem\",\"position\":3,\"name\":\"SINGLE PANEL\"}]},{\"@type\":\"WebSite\",\"@id\":\"https:\/\/abcon.gr\/fr\/#website\",\"url\":\"https:\/\/abcon.gr\/fr\/\",\"name\":\"A.B.CON. - \u039c\u03b7\u03c7\u03b1\u03bd\u03ad\u03c2 \u0395\u03c0\u03b5\u03be\u03b5\u03c1\u03b3\u03b1\u03c3\u03af\u03b1\u03c2 \u03a3\u03ba\u03c5\u03c1\u03bf\u03b4\u03ad\u03bc\u03b1\u03c4\u03bf\u03c2 & \u03a0\u03c1\u03bf\u03ba\u03b1\u03c4\u03b1\u03c3\u03ba\u03b5\u03c5\u03ae\u03c2\",\"description\":\"\u039c\u03b7\u03c7\u03b1\u03bd\u03ad\u03c2 \u0395\u03c0\u03b5\u03be\u03b5\u03c1\u03b3\u03b1\u03c3\u03af\u03b1\u03c2 \u03a3\u03ba\u03c5\u03c1\u03bf\u03b4\u03ad\u03bc\u03b1\u03c4\u03bf\u03c2 &amp; \u03a0\u03c1\u03bf\u03ba\u03b1\u03c4\u03b1\u03c3\u03ba\u03b5\u03c5\u03ae\u03c2\",\"publisher\":{\"@id\":\"https:\/\/abcon.gr\/fr\/#organization\"},\"potentialAction\":[{\"@type\":\"SearchAction\",\"target\":{\"@type\":\"EntryPoint\",\"urlTemplate\":\"https:\/\/abcon.gr\/fr\/?s={search_term_string}\"},\"query-input\":{\"@type\":\"PropertyValueSpecification\",\"valueRequired\":true,\"valueName\":\"search_term_string\"}}],\"inLanguage\":\"fr-FR\"},{\"@type\":\"Organization\",\"@id\":\"https:\/\/abcon.gr\/fr\/#organization\",\"name\":\"A.B.CON. - \u039c\u03b7\u03c7\u03b1\u03bd\u03ad\u03c2 \u0395\u03c0\u03b5\u03be\u03b5\u03c1\u03b3\u03b1\u03c3\u03af\u03b1\u03c2 \u03a3\u03ba\u03c5\u03c1\u03bf\u03b4\u03ad\u03bc\u03b1\u03c4\u03bf\u03c2 & \u03a0\u03c1\u03bf\u03ba\u03b1\u03c4\u03b1\u03c3\u03ba\u03b5\u03c5\u03ae\u03c2\",\"url\":\"https:\/\/abcon.gr\/fr\/\",\"logo\":{\"@type\":\"ImageObject\",\"inLanguage\":\"fr-FR\",\"@id\":\"https:\/\/abcon.gr\/fr\/#\/schema\/logo\/image\/\",\"url\":\"https:\/\/abcon.gr\/wp-content\/uploads\/2021\/04\/logo_150.png\",\"contentUrl\":\"https:\/\/abcon.gr\/wp-content\/uploads\/2021\/04\/logo_150.png\",\"width\":150,\"height\":74,\"caption\":\"A.B.CON. - \u039c\u03b7\u03c7\u03b1\u03bd\u03ad\u03c2 \u0395\u03c0\u03b5\u03be\u03b5\u03c1\u03b3\u03b1\u03c3\u03af\u03b1\u03c2 \u03a3\u03ba\u03c5\u03c1\u03bf\u03b4\u03ad\u03bc\u03b1\u03c4\u03bf\u03c2 & \u03a0\u03c1\u03bf\u03ba\u03b1\u03c4\u03b1\u03c3\u03ba\u03b5\u03c5\u03ae\u03c2\"},\"image\":{\"@id\":\"https:\/\/abcon.gr\/fr\/#\/schema\/logo\/image\/\"},\"sameAs\":[\"https:\/\/www.facebook.com\/Steel.Precast.Solutions.ABCON\/\"]}]}<\/script>\n<!-- \/ Yoast SEO plugin. -->","yoast_head_json":{"title":"SINGLE PANEL - A.B.CON.","robots":{"index":"index","follow":"follow","max-snippet":"max-snippet:-1","max-image-preview":"max-image-preview:large","max-video-preview":"max-video-preview:-1"},"canonical":"https:\/\/abcon.gr\/produit\/single-panel\/","og_locale":"fr_FR","og_type":"article","og_title":"SINGLE PANEL - A.B.CON.","og_description":"Le panneau simple se compose de deux treillis \u00e9lectro soud\u00e9s li\u00e9s entre eux par des connecteurs Au milieu des treillis il y a une plaque de polystyr\u00e8ne de forme opportune et d\u2019\u00e9paisseur variable selon les exigences. Avec ce panneau, compl\u00e9t\u00e9 au chantier, on peut construire des b\u00e2timents jusqu\u2019\u00e0 trois niveaux d\u2019hauteur, en accord aux v\u00e9rifications structurelles et aux Normes techniques de r\u00e9f\u00e9rence.","og_url":"https:\/\/abcon.gr\/produit\/single-panel\/","og_site_name":"A.B.CON.","article_publisher":"https:\/\/www.facebook.com\/Steel.Precast.Solutions.ABCON\/","og_image":[{"width":750,"height":500,"url":"https:\/\/abcon.gr\/wp-content\/uploads\/2018\/02\/Single-Panel.jpg","type":"image\/jpeg"}],"twitter_card":"summary_large_image","schema":{"@context":"https:\/\/schema.org","@graph":[{"@type":"WebPage","@id":"https:\/\/abcon.gr\/produit\/single-panel\/","url":"https:\/\/abcon.gr\/produit\/single-panel\/","name":"SINGLE PANEL - A.B.CON.","isPartOf":{"@id":"https:\/\/abcon.gr\/fr\/#website"},"primaryImageOfPage":{"@id":"https:\/\/abcon.gr\/produit\/single-panel\/#primaryimage"},"image":{"@id":"https:\/\/abcon.gr\/produit\/single-panel\/#primaryimage"},"thumbnailUrl":"https:\/\/abcon.gr\/wp-content\/uploads\/2018\/02\/Single-Panel.jpg","datePublished":"2018-02-01T19:48:46+00:00","breadcrumb":{"@id":"https:\/\/abcon.gr\/produit\/single-panel\/#breadcrumb"},"inLanguage":"fr-FR","potentialAction":[{"@type":"ReadAction","target":["https:\/\/abcon.gr\/produit\/single-panel\/"]}]},{"@type":"ImageObject","inLanguage":"fr-FR","@id":"https:\/\/abcon.gr\/produit\/single-panel\/#primaryimage","url":"https:\/\/abcon.gr\/wp-content\/uploads\/2018\/02\/Single-Panel.jpg","contentUrl":"https:\/\/abcon.gr\/wp-content\/uploads\/2018\/02\/Single-Panel.jpg","width":750,"height":500,"caption":"Single Panel"},{"@type":"BreadcrumbList","@id":"https:\/\/abcon.gr\/produit\/single-panel\/#breadcrumb","itemListElement":[{"@type":"ListItem","position":1,"name":"\u0391\u03c1\u03c7\u03b9\u03ba\u03ae","item":"https:\/\/abcon.gr\/fr\/"},{"@type":"ListItem","position":2,"name":"\u039a\u03b1\u03c4\u03ac\u03c3\u03c4\u03b7\u03bc\u03b1","item":"https:\/\/abcon.gr\/fr\/%ce%ba%ce%b1%cf%84%ce%ac%cf%83%cf%84%ce%b7%ce%bc%ce%b1\/"},{"@type":"ListItem","position":3,"name":"SINGLE PANEL"}]},{"@type":"WebSite","@id":"https:\/\/abcon.gr\/fr\/#website","url":"https:\/\/abcon.gr\/fr\/","name":"A.B.CON. - \u039c\u03b7\u03c7\u03b1\u03bd\u03ad\u03c2 \u0395\u03c0\u03b5\u03be\u03b5\u03c1\u03b3\u03b1\u03c3\u03af\u03b1\u03c2 \u03a3\u03ba\u03c5\u03c1\u03bf\u03b4\u03ad\u03bc\u03b1\u03c4\u03bf\u03c2 & \u03a0\u03c1\u03bf\u03ba\u03b1\u03c4\u03b1\u03c3\u03ba\u03b5\u03c5\u03ae\u03c2","description":"\u039c\u03b7\u03c7\u03b1\u03bd\u03ad\u03c2 \u0395\u03c0\u03b5\u03be\u03b5\u03c1\u03b3\u03b1\u03c3\u03af\u03b1\u03c2 \u03a3\u03ba\u03c5\u03c1\u03bf\u03b4\u03ad\u03bc\u03b1\u03c4\u03bf\u03c2 &amp; \u03a0\u03c1\u03bf\u03ba\u03b1\u03c4\u03b1\u03c3\u03ba\u03b5\u03c5\u03ae\u03c2","publisher":{"@id":"https:\/\/abcon.gr\/fr\/#organization"},"potentialAction":[{"@type":"SearchAction","target":{"@type":"EntryPoint","urlTemplate":"https:\/\/abcon.gr\/fr\/?s={search_term_string}"},"query-input":{"@type":"PropertyValueSpecification","valueRequired":true,"valueName":"search_term_string"}}],"inLanguage":"fr-FR"},{"@type":"Organization","@id":"https:\/\/abcon.gr\/fr\/#organization","name":"A.B.CON. - \u039c\u03b7\u03c7\u03b1\u03bd\u03ad\u03c2 \u0395\u03c0\u03b5\u03be\u03b5\u03c1\u03b3\u03b1\u03c3\u03af\u03b1\u03c2 \u03a3\u03ba\u03c5\u03c1\u03bf\u03b4\u03ad\u03bc\u03b1\u03c4\u03bf\u03c2 & \u03a0\u03c1\u03bf\u03ba\u03b1\u03c4\u03b1\u03c3\u03ba\u03b5\u03c5\u03ae\u03c2","url":"https:\/\/abcon.gr\/fr\/","logo":{"@type":"ImageObject","inLanguage":"fr-FR","@id":"https:\/\/abcon.gr\/fr\/#\/schema\/logo\/image\/","url":"https:\/\/abcon.gr\/wp-content\/uploads\/2021\/04\/logo_150.png","contentUrl":"https:\/\/abcon.gr\/wp-content\/uploads\/2021\/04\/logo_150.png","width":150,"height":74,"caption":"A.B.CON. - \u039c\u03b7\u03c7\u03b1\u03bd\u03ad\u03c2 \u0395\u03c0\u03b5\u03be\u03b5\u03c1\u03b3\u03b1\u03c3\u03af\u03b1\u03c2 \u03a3\u03ba\u03c5\u03c1\u03bf\u03b4\u03ad\u03bc\u03b1\u03c4\u03bf\u03c2 & \u03a0\u03c1\u03bf\u03ba\u03b1\u03c4\u03b1\u03c3\u03ba\u03b5\u03c5\u03ae\u03c2"},"image":{"@id":"https:\/\/abcon.gr\/fr\/#\/schema\/logo\/image\/"},"sameAs":["https:\/\/www.facebook.com\/Steel.Precast.Solutions.ABCON\/"]}]}},"_links":{"self":[{"href":"https:\/\/abcon.gr\/fr\/wp-json\/wp\/v2\/product\/8587","targetHints":{"allow":["GET"]}}],"collection":[{"href":"https:\/\/abcon.gr\/fr\/wp-json\/wp\/v2\/product"}],"about":[{"href":"https:\/\/abcon.gr\/fr\/wp-json\/wp\/v2\/types\/product"}],"wp:featuredmedia":[{"embeddable":true,"href":"https:\/\/abcon.gr\/fr\/wp-json\/wp\/v2\/media\/8272"}],"wp:attachment":[{"href":"https:\/\/abcon.gr\/fr\/wp-json\/wp\/v2\/media?parent=8587"}],"wp:term":[{"taxonomy":"product_brand","embeddable":true,"href":"https:\/\/abcon.gr\/fr\/wp-json\/wp\/v2\/product_brand?post=8587"},{"taxonomy":"product_cat","embeddable":true,"href":"https:\/\/abcon.gr\/fr\/wp-json\/wp\/v2\/product_cat?post=8587"},{"taxonomy":"product_tag","embeddable":true,"href":"https:\/\/abcon.gr\/fr\/wp-json\/wp\/v2\/product_tag?post=8587"}],"curies":[{"name":"wp","href":"https:\/\/api.w.org\/{rel}","templated":true}]}}