{"id":2180,"date":"2019-12-20T09:00:24","date_gmt":"2019-12-20T06:00:24","guid":{"rendered":"http:\/\/test3.aenima.gr?post_type=product&#038;p=2180"},"modified":"2021-04-26T22:13:48","modified_gmt":"2021-04-26T19:13:48","slug":"bar-wiser-22-n-multifeed","status":"publish","type":"product","link":"https:\/\/abcon.gr\/fr\/produit\/bar-wiser-22-n-multifeed\/","title":{"rendered":"BAR WISER 22 N MULTIFEED"},"content":{"rendered":"","protected":false},"excerpt":{"rendered":"<p>\u0391\u03c5\u03c4\u03cc\u03bc\u03b1\u03c4\u03bf\u03c2 \u03c4\u03c3\u03b5\u03c1\u03ba\u03b1\u03b4\u03cc\u03c1\u03bf\u03c2 \u03b4\u03b9\u03c0\u03bb\u03ae\u03c2 \u03ba\u03b1\u03c4\u03b5\u03cd\u03b8\u03c5\u03bd\u03c3\u03b7\u03c2 \u03b1\u03c0\u03cc \u03c1\u03ac\u03b2\u03b4\u03bf\u03c5\u03c2 \u03c3\u03b9\u03b4\u03ae\u03c1\u03bf\u03c5 \u03ba\u03b1\u03b9 \u03ba\u03bf\u03c5\u03bb\u03bf\u03cd\u03c1\u03b1\u03c2 \u03c3\u03b9\u03b4\u03ae\u03c1\u03bf\u03c5 \u03b3\u03b9\u03b1 \u03c4\u03b7\u03bd \u03c0\u03b1\u03c1\u03b1\u03b3\u03c9\u03b3\u03ae \u03c3\u03c5\u03bd\u03b4\u03b5\u03c4\u03ae\u03c1\u03c9\u03bd \u03ba\u03b1\u03b9 \u03c1\u03ac\u03b2\u03b4\u03c9\u03bd \u03ba\u03bf\u03c0\u03ae\u03c2.<\/p>\n<p>\u2013 \u0394\u03b9\u03ac\u03bc\u03b5\u03c4\u03c1\u03bf\u03c2 \u03c1\u03ac\u03b2\u03b4\u03c9\u03bd \u03c3\u03b9\u03b4\u03ae\u03c1\u03bf\u03c5:<\/p>\n<ul>\n<li>1 \u00d8 8 \u00f7 22 mm<\/li>\n<li>2 \u00d8 8 \u00f7 16 mm<\/li>\n<\/ul>\n<p>\u2013 \u0394\u03b9\u03ac\u03bc\u03b5\u03c4\u03c1\u03bf\u03c2 \u03ba\u03bf\u03c5\u03bb\u03bf\u03cd\u03c1\u03b1\u03c2 \u03c3\u03b9\u03b4\u03ae\u03c1\u03bf\u03c5:<\/p>\n<ul>\n<li>1 \u00d8 8 \u00f7 16 mm<\/li>\n<li>2 \u00d8 6 \u00f7 13 mm<\/li>\n<\/ul>\n<p>\u2013 \u03a3\u03cd\u03c3\u03c4\u03b7\u03bc\u03b1 \u03c0\u03c1\u03bf\u03ce\u03b8\u03b7\u03c3\u03b7\u03c2 \u03bc\u03b5 \u03b7\u03bb\u03b5\u03ba\u03c4\u03c1\u03b9\u03ba\u03bf\u03cd\u03c2 \u03c3\u03b5\u03c1\u03b2\u03bf\u03ba\u03b9\u03bd\u03b7\u03c4\u03ae\u03c1\u03b5\u03c2<\/p>\n<p>\u2013 \u039c\u03ad\u03b3\u03b9\u03c3\u03c4\u03b7 \u03c4\u03b1\u03c7\u03cd\u03c4\u03b7\u03c4\u03b1 \u03ad\u03bb\u03be\u03b7\u03c2: 100 m \/ min<\/p>\n<p>\u2013 \u0395\u03be\u03c9\u03c4\u03b5\u03c1\u03b9\u03ba\u03ae \u03ba\u03b1\u03b9 \u03b5\u03c3\u03c9\u03c4\u03b5\u03c1\u03b9\u03ba\u03ae \u03bc\u03bf\u03bd\u03ac\u03b4\u03b1 \u03b5\u03c5\u03b8\u03c5\u03b3\u03c1\u03ac\u03bc\u03bc\u03b9\u03c3\u03b7\u03c2<\/p>\n<p>\u2013 \u0394\u03c5\u03bd\u03b1\u03c4\u03cc\u03c4\u03b7\u03c4\u03b1 \u03b5\u03b9\u03ba\u03bf\u03bd\u03b9\u03ba\u03ae\u03c2 \u03ba\u03ac\u03bc\u03c8\u03b7\u03c2 (Virtual Bending)<\/p>\n<p>\u2013 \u03a4\u03b5\u03c7\u03bd\u03b9\u03ba\u03ae \u03c5\u03c0\u03bf\u03c3\u03c4\u03ae\u03c1\u03b9\u03be\u03b7<\/p>\n","protected":false},"featured_media":5031,"template":"","meta":{"_exactmetrics_skip_tracking":false,"_exactmetrics_sitenote_active":false,"_exactmetrics_sitenote_note":"","_exactmetrics_sitenote_category":0},"product_brand":[],"product_cat":[43,44,45],"product_tag":[],"class_list":{"0":"post-2180","1":"product","2":"type-product","3":"status-publish","4":"has-post-thumbnail","6":"product_cat-mihanimata-epeksergasias-sidirou","7":"product_cat-kopi-kai-kampsi","8":"product_cat-tserkadoroi","10":"first","11":"instock","12":"shipping-taxable","13":"product-type-simple"},"yoast_head":"<!-- This site is optimized with the Yoast SEO plugin v26.8 - https:\/\/yoast.com\/product\/yoast-seo-wordpress\/ -->\n<title>BAR WISER 22 N MULTIFEED - A.B.CON.<\/title>\n<meta name=\"robots\" content=\"index, follow, max-snippet:-1, max-image-preview:large, max-video-preview:-1\" \/>\n<link rel=\"canonical\" href=\"https:\/\/abcon.gr\/product\/bar-wiser-22-n-multifeed\/\" \/>\n<meta property=\"og:locale\" content=\"fr_FR\" \/>\n<meta property=\"og:type\" content=\"article\" \/>\n<meta property=\"og:title\" content=\"BAR WISER 22 N MULTIFEED - A.B.CON.\" \/>\n<meta property=\"og:description\" content=\"\u0391\u03c5\u03c4\u03cc\u03bc\u03b1\u03c4\u03bf\u03c2 \u03c4\u03c3\u03b5\u03c1\u03ba\u03b1\u03b4\u03cc\u03c1\u03bf\u03c2 \u03b4\u03b9\u03c0\u03bb\u03ae\u03c2 \u03ba\u03b1\u03c4\u03b5\u03cd\u03b8\u03c5\u03bd\u03c3\u03b7\u03c2 \u03b1\u03c0\u03cc \u03c1\u03ac\u03b2\u03b4\u03bf\u03c5\u03c2 \u03c3\u03b9\u03b4\u03ae\u03c1\u03bf\u03c5 \u03ba\u03b1\u03b9 \u03ba\u03bf\u03c5\u03bb\u03bf\u03cd\u03c1\u03b1\u03c2 \u03c3\u03b9\u03b4\u03ae\u03c1\u03bf\u03c5 \u03b3\u03b9\u03b1 \u03c4\u03b7\u03bd \u03c0\u03b1\u03c1\u03b1\u03b3\u03c9\u03b3\u03ae \u03c3\u03c5\u03bd\u03b4\u03b5\u03c4\u03ae\u03c1\u03c9\u03bd \u03ba\u03b1\u03b9 \u03c1\u03ac\u03b2\u03b4\u03c9\u03bd \u03ba\u03bf\u03c0\u03ae\u03c2.  \u2013 \u0394\u03b9\u03ac\u03bc\u03b5\u03c4\u03c1\u03bf\u03c2 \u03c1\u03ac\u03b2\u03b4\u03c9\u03bd \u03c3\u03b9\u03b4\u03ae\u03c1\u03bf\u03c5:   1 \u00d8 8 \u00f7 22 mm  2 \u00d8 8 \u00f7 16 mm  \u2013 \u0394\u03b9\u03ac\u03bc\u03b5\u03c4\u03c1\u03bf\u03c2 \u03ba\u03bf\u03c5\u03bb\u03bf\u03cd\u03c1\u03b1\u03c2 \u03c3\u03b9\u03b4\u03ae\u03c1\u03bf\u03c5:   1 \u00d8 8 \u00f7 16 mm  2 \u00d8 6 \u00f7 13 mm  \u2013 \u03a3\u03cd\u03c3\u03c4\u03b7\u03bc\u03b1 \u03c0\u03c1\u03bf\u03ce\u03b8\u03b7\u03c3\u03b7\u03c2 \u03bc\u03b5 \u03b7\u03bb\u03b5\u03ba\u03c4\u03c1\u03b9\u03ba\u03bf\u03cd\u03c2 \u03c3\u03b5\u03c1\u03b2\u03bf\u03ba\u03b9\u03bd\u03b7\u03c4\u03ae\u03c1\u03b5\u03c2  \u2013 \u039c\u03ad\u03b3\u03b9\u03c3\u03c4\u03b7 \u03c4\u03b1\u03c7\u03cd\u03c4\u03b7\u03c4\u03b1 \u03ad\u03bb\u03be\u03b7\u03c2: 100 m \/ min  \u2013 \u0395\u03be\u03c9\u03c4\u03b5\u03c1\u03b9\u03ba\u03ae \u03ba\u03b1\u03b9 \u03b5\u03c3\u03c9\u03c4\u03b5\u03c1\u03b9\u03ba\u03ae \u03bc\u03bf\u03bd\u03ac\u03b4\u03b1 \u03b5\u03c5\u03b8\u03c5\u03b3\u03c1\u03ac\u03bc\u03bc\u03b9\u03c3\u03b7\u03c2  \u2013 \u0394\u03c5\u03bd\u03b1\u03c4\u03cc\u03c4\u03b7\u03c4\u03b1 \u03b5\u03b9\u03ba\u03bf\u03bd\u03b9\u03ba\u03ae\u03c2 \u03ba\u03ac\u03bc\u03c8\u03b7\u03c2 (Virtual Bending)  \u2013 \u03a4\u03b5\u03c7\u03bd\u03b9\u03ba\u03ae \u03c5\u03c0\u03bf\u03c3\u03c4\u03ae\u03c1\u03b9\u03be\u03b7\" \/>\n<meta property=\"og:url\" content=\"https:\/\/abcon.gr\/product\/bar-wiser-22-n-multifeed\/\" \/>\n<meta property=\"og:site_name\" content=\"A.B.CON.\" \/>\n<meta property=\"article:publisher\" content=\"https:\/\/www.facebook.com\/Steel.Precast.Solutions.ABCON\/\" \/>\n<meta property=\"article:modified_time\" content=\"2021-04-26T19:13:48+00:00\" \/>\n<meta property=\"og:image\" content=\"https:\/\/abcon.gr\/wp-content\/uploads\/2018\/04\/BW-22N-MF-scaled.jpg\" \/>\n\t<meta property=\"og:image:width\" content=\"2560\" \/>\n\t<meta property=\"og:image:height\" content=\"1707\" \/>\n\t<meta property=\"og:image:type\" content=\"image\/jpeg\" \/>\n<meta name=\"twitter:card\" content=\"summary_large_image\" \/>\n<script type=\"application\/ld+json\" class=\"yoast-schema-graph\">{\"@context\":\"https:\/\/schema.org\",\"@graph\":[{\"@type\":\"WebPage\",\"@id\":\"https:\/\/abcon.gr\/product\/bar-wiser-22-n-multifeed\/\",\"url\":\"https:\/\/abcon.gr\/product\/bar-wiser-22-n-multifeed\/\",\"name\":\"BAR WISER 22 N MULTIFEED - A.B.CON.\",\"isPartOf\":{\"@id\":\"https:\/\/abcon.gr\/fr\/#website\"},\"primaryImageOfPage\":{\"@id\":\"https:\/\/abcon.gr\/product\/bar-wiser-22-n-multifeed\/#primaryimage\"},\"image\":{\"@id\":\"https:\/\/abcon.gr\/product\/bar-wiser-22-n-multifeed\/#primaryimage\"},\"thumbnailUrl\":\"https:\/\/abcon.gr\/wp-content\/uploads\/2018\/04\/BW-22N-MF-scaled.jpg\",\"datePublished\":\"2019-12-20T06:00:24+00:00\",\"dateModified\":\"2021-04-26T19:13:48+00:00\",\"breadcrumb\":{\"@id\":\"https:\/\/abcon.gr\/product\/bar-wiser-22-n-multifeed\/#breadcrumb\"},\"inLanguage\":\"fr-FR\",\"potentialAction\":[{\"@type\":\"ReadAction\",\"target\":[\"https:\/\/abcon.gr\/product\/bar-wiser-22-n-multifeed\/\"]}]},{\"@type\":\"ImageObject\",\"inLanguage\":\"fr-FR\",\"@id\":\"https:\/\/abcon.gr\/product\/bar-wiser-22-n-multifeed\/#primaryimage\",\"url\":\"https:\/\/abcon.gr\/wp-content\/uploads\/2018\/04\/BW-22N-MF-scaled.jpg\",\"contentUrl\":\"https:\/\/abcon.gr\/wp-content\/uploads\/2018\/04\/BW-22N-MF-scaled.jpg\",\"width\":2560,\"height\":1707,\"caption\":\"BW 22N MF scaled\"},{\"@type\":\"BreadcrumbList\",\"@id\":\"https:\/\/abcon.gr\/product\/bar-wiser-22-n-multifeed\/#breadcrumb\",\"itemListElement\":[{\"@type\":\"ListItem\",\"position\":1,\"name\":\"\u0391\u03c1\u03c7\u03b9\u03ba\u03ae\",\"item\":\"https:\/\/abcon.gr\/fr\/\"},{\"@type\":\"ListItem\",\"position\":2,\"name\":\"\u039a\u03b1\u03c4\u03ac\u03c3\u03c4\u03b7\u03bc\u03b1\",\"item\":\"https:\/\/abcon.gr\/fr\/%ce%ba%ce%b1%cf%84%ce%ac%cf%83%cf%84%ce%b7%ce%bc%ce%b1\/\"},{\"@type\":\"ListItem\",\"position\":3,\"name\":\"BAR WISER 22 N MULTIFEED\"}]},{\"@type\":\"WebSite\",\"@id\":\"https:\/\/abcon.gr\/fr\/#website\",\"url\":\"https:\/\/abcon.gr\/fr\/\",\"name\":\"A.B.CON. - \u039c\u03b7\u03c7\u03b1\u03bd\u03ad\u03c2 \u0395\u03c0\u03b5\u03be\u03b5\u03c1\u03b3\u03b1\u03c3\u03af\u03b1\u03c2 \u03a3\u03ba\u03c5\u03c1\u03bf\u03b4\u03ad\u03bc\u03b1\u03c4\u03bf\u03c2 & \u03a0\u03c1\u03bf\u03ba\u03b1\u03c4\u03b1\u03c3\u03ba\u03b5\u03c5\u03ae\u03c2\",\"description\":\"\u039c\u03b7\u03c7\u03b1\u03bd\u03ad\u03c2 \u0395\u03c0\u03b5\u03be\u03b5\u03c1\u03b3\u03b1\u03c3\u03af\u03b1\u03c2 \u03a3\u03ba\u03c5\u03c1\u03bf\u03b4\u03ad\u03bc\u03b1\u03c4\u03bf\u03c2 &amp; \u03a0\u03c1\u03bf\u03ba\u03b1\u03c4\u03b1\u03c3\u03ba\u03b5\u03c5\u03ae\u03c2\",\"publisher\":{\"@id\":\"https:\/\/abcon.gr\/fr\/#organization\"},\"potentialAction\":[{\"@type\":\"SearchAction\",\"target\":{\"@type\":\"EntryPoint\",\"urlTemplate\":\"https:\/\/abcon.gr\/fr\/?s={search_term_string}\"},\"query-input\":{\"@type\":\"PropertyValueSpecification\",\"valueRequired\":true,\"valueName\":\"search_term_string\"}}],\"inLanguage\":\"fr-FR\"},{\"@type\":\"Organization\",\"@id\":\"https:\/\/abcon.gr\/fr\/#organization\",\"name\":\"A.B.CON. - \u039c\u03b7\u03c7\u03b1\u03bd\u03ad\u03c2 \u0395\u03c0\u03b5\u03be\u03b5\u03c1\u03b3\u03b1\u03c3\u03af\u03b1\u03c2 \u03a3\u03ba\u03c5\u03c1\u03bf\u03b4\u03ad\u03bc\u03b1\u03c4\u03bf\u03c2 & \u03a0\u03c1\u03bf\u03ba\u03b1\u03c4\u03b1\u03c3\u03ba\u03b5\u03c5\u03ae\u03c2\",\"url\":\"https:\/\/abcon.gr\/fr\/\",\"logo\":{\"@type\":\"ImageObject\",\"inLanguage\":\"fr-FR\",\"@id\":\"https:\/\/abcon.gr\/fr\/#\/schema\/logo\/image\/\",\"url\":\"https:\/\/abcon.gr\/wp-content\/uploads\/2021\/04\/logo_150.png\",\"contentUrl\":\"https:\/\/abcon.gr\/wp-content\/uploads\/2021\/04\/logo_150.png\",\"width\":150,\"height\":74,\"caption\":\"A.B.CON. - \u039c\u03b7\u03c7\u03b1\u03bd\u03ad\u03c2 \u0395\u03c0\u03b5\u03be\u03b5\u03c1\u03b3\u03b1\u03c3\u03af\u03b1\u03c2 \u03a3\u03ba\u03c5\u03c1\u03bf\u03b4\u03ad\u03bc\u03b1\u03c4\u03bf\u03c2 & \u03a0\u03c1\u03bf\u03ba\u03b1\u03c4\u03b1\u03c3\u03ba\u03b5\u03c5\u03ae\u03c2\"},\"image\":{\"@id\":\"https:\/\/abcon.gr\/fr\/#\/schema\/logo\/image\/\"},\"sameAs\":[\"https:\/\/www.facebook.com\/Steel.Precast.Solutions.ABCON\/\"]}]}<\/script>\n<!-- \/ Yoast SEO plugin. -->","yoast_head_json":{"title":"BAR WISER 22 N MULTIFEED - A.B.CON.","robots":{"index":"index","follow":"follow","max-snippet":"max-snippet:-1","max-image-preview":"max-image-preview:large","max-video-preview":"max-video-preview:-1"},"canonical":"https:\/\/abcon.gr\/product\/bar-wiser-22-n-multifeed\/","og_locale":"fr_FR","og_type":"article","og_title":"BAR WISER 22 N MULTIFEED - A.B.CON.","og_description":"\u0391\u03c5\u03c4\u03cc\u03bc\u03b1\u03c4\u03bf\u03c2 \u03c4\u03c3\u03b5\u03c1\u03ba\u03b1\u03b4\u03cc\u03c1\u03bf\u03c2 \u03b4\u03b9\u03c0\u03bb\u03ae\u03c2 \u03ba\u03b1\u03c4\u03b5\u03cd\u03b8\u03c5\u03bd\u03c3\u03b7\u03c2 \u03b1\u03c0\u03cc \u03c1\u03ac\u03b2\u03b4\u03bf\u03c5\u03c2 \u03c3\u03b9\u03b4\u03ae\u03c1\u03bf\u03c5 \u03ba\u03b1\u03b9 \u03ba\u03bf\u03c5\u03bb\u03bf\u03cd\u03c1\u03b1\u03c2 \u03c3\u03b9\u03b4\u03ae\u03c1\u03bf\u03c5 \u03b3\u03b9\u03b1 \u03c4\u03b7\u03bd \u03c0\u03b1\u03c1\u03b1\u03b3\u03c9\u03b3\u03ae \u03c3\u03c5\u03bd\u03b4\u03b5\u03c4\u03ae\u03c1\u03c9\u03bd \u03ba\u03b1\u03b9 \u03c1\u03ac\u03b2\u03b4\u03c9\u03bd \u03ba\u03bf\u03c0\u03ae\u03c2.  \u2013 \u0394\u03b9\u03ac\u03bc\u03b5\u03c4\u03c1\u03bf\u03c2 \u03c1\u03ac\u03b2\u03b4\u03c9\u03bd \u03c3\u03b9\u03b4\u03ae\u03c1\u03bf\u03c5:   1 \u00d8 8 \u00f7 22 mm  2 \u00d8 8 \u00f7 16 mm  \u2013 \u0394\u03b9\u03ac\u03bc\u03b5\u03c4\u03c1\u03bf\u03c2 \u03ba\u03bf\u03c5\u03bb\u03bf\u03cd\u03c1\u03b1\u03c2 \u03c3\u03b9\u03b4\u03ae\u03c1\u03bf\u03c5:   1 \u00d8 8 \u00f7 16 mm  2 \u00d8 6 \u00f7 13 mm  \u2013 \u03a3\u03cd\u03c3\u03c4\u03b7\u03bc\u03b1 \u03c0\u03c1\u03bf\u03ce\u03b8\u03b7\u03c3\u03b7\u03c2 \u03bc\u03b5 \u03b7\u03bb\u03b5\u03ba\u03c4\u03c1\u03b9\u03ba\u03bf\u03cd\u03c2 \u03c3\u03b5\u03c1\u03b2\u03bf\u03ba\u03b9\u03bd\u03b7\u03c4\u03ae\u03c1\u03b5\u03c2  \u2013 \u039c\u03ad\u03b3\u03b9\u03c3\u03c4\u03b7 \u03c4\u03b1\u03c7\u03cd\u03c4\u03b7\u03c4\u03b1 \u03ad\u03bb\u03be\u03b7\u03c2: 100 m \/ min  \u2013 \u0395\u03be\u03c9\u03c4\u03b5\u03c1\u03b9\u03ba\u03ae \u03ba\u03b1\u03b9 \u03b5\u03c3\u03c9\u03c4\u03b5\u03c1\u03b9\u03ba\u03ae \u03bc\u03bf\u03bd\u03ac\u03b4\u03b1 \u03b5\u03c5\u03b8\u03c5\u03b3\u03c1\u03ac\u03bc\u03bc\u03b9\u03c3\u03b7\u03c2  \u2013 \u0394\u03c5\u03bd\u03b1\u03c4\u03cc\u03c4\u03b7\u03c4\u03b1 \u03b5\u03b9\u03ba\u03bf\u03bd\u03b9\u03ba\u03ae\u03c2 \u03ba\u03ac\u03bc\u03c8\u03b7\u03c2 (Virtual Bending)  \u2013 \u03a4\u03b5\u03c7\u03bd\u03b9\u03ba\u03ae \u03c5\u03c0\u03bf\u03c3\u03c4\u03ae\u03c1\u03b9\u03be\u03b7","og_url":"https:\/\/abcon.gr\/product\/bar-wiser-22-n-multifeed\/","og_site_name":"A.B.CON.","article_publisher":"https:\/\/www.facebook.com\/Steel.Precast.Solutions.ABCON\/","article_modified_time":"2021-04-26T19:13:48+00:00","og_image":[{"width":2560,"height":1707,"url":"https:\/\/abcon.gr\/wp-content\/uploads\/2018\/04\/BW-22N-MF-scaled.jpg","type":"image\/jpeg"}],"twitter_card":"summary_large_image","schema":{"@context":"https:\/\/schema.org","@graph":[{"@type":"WebPage","@id":"https:\/\/abcon.gr\/product\/bar-wiser-22-n-multifeed\/","url":"https:\/\/abcon.gr\/product\/bar-wiser-22-n-multifeed\/","name":"BAR WISER 22 N MULTIFEED - A.B.CON.","isPartOf":{"@id":"https:\/\/abcon.gr\/fr\/#website"},"primaryImageOfPage":{"@id":"https:\/\/abcon.gr\/product\/bar-wiser-22-n-multifeed\/#primaryimage"},"image":{"@id":"https:\/\/abcon.gr\/product\/bar-wiser-22-n-multifeed\/#primaryimage"},"thumbnailUrl":"https:\/\/abcon.gr\/wp-content\/uploads\/2018\/04\/BW-22N-MF-scaled.jpg","datePublished":"2019-12-20T06:00:24+00:00","dateModified":"2021-04-26T19:13:48+00:00","breadcrumb":{"@id":"https:\/\/abcon.gr\/product\/bar-wiser-22-n-multifeed\/#breadcrumb"},"inLanguage":"fr-FR","potentialAction":[{"@type":"ReadAction","target":["https:\/\/abcon.gr\/product\/bar-wiser-22-n-multifeed\/"]}]},{"@type":"ImageObject","inLanguage":"fr-FR","@id":"https:\/\/abcon.gr\/product\/bar-wiser-22-n-multifeed\/#primaryimage","url":"https:\/\/abcon.gr\/wp-content\/uploads\/2018\/04\/BW-22N-MF-scaled.jpg","contentUrl":"https:\/\/abcon.gr\/wp-content\/uploads\/2018\/04\/BW-22N-MF-scaled.jpg","width":2560,"height":1707,"caption":"BW 22N MF scaled"},{"@type":"BreadcrumbList","@id":"https:\/\/abcon.gr\/product\/bar-wiser-22-n-multifeed\/#breadcrumb","itemListElement":[{"@type":"ListItem","position":1,"name":"\u0391\u03c1\u03c7\u03b9\u03ba\u03ae","item":"https:\/\/abcon.gr\/fr\/"},{"@type":"ListItem","position":2,"name":"\u039a\u03b1\u03c4\u03ac\u03c3\u03c4\u03b7\u03bc\u03b1","item":"https:\/\/abcon.gr\/fr\/%ce%ba%ce%b1%cf%84%ce%ac%cf%83%cf%84%ce%b7%ce%bc%ce%b1\/"},{"@type":"ListItem","position":3,"name":"BAR WISER 22 N MULTIFEED"}]},{"@type":"WebSite","@id":"https:\/\/abcon.gr\/fr\/#website","url":"https:\/\/abcon.gr\/fr\/","name":"A.B.CON. - \u039c\u03b7\u03c7\u03b1\u03bd\u03ad\u03c2 \u0395\u03c0\u03b5\u03be\u03b5\u03c1\u03b3\u03b1\u03c3\u03af\u03b1\u03c2 \u03a3\u03ba\u03c5\u03c1\u03bf\u03b4\u03ad\u03bc\u03b1\u03c4\u03bf\u03c2 & \u03a0\u03c1\u03bf\u03ba\u03b1\u03c4\u03b1\u03c3\u03ba\u03b5\u03c5\u03ae\u03c2","description":"\u039c\u03b7\u03c7\u03b1\u03bd\u03ad\u03c2 \u0395\u03c0\u03b5\u03be\u03b5\u03c1\u03b3\u03b1\u03c3\u03af\u03b1\u03c2 \u03a3\u03ba\u03c5\u03c1\u03bf\u03b4\u03ad\u03bc\u03b1\u03c4\u03bf\u03c2 &amp; \u03a0\u03c1\u03bf\u03ba\u03b1\u03c4\u03b1\u03c3\u03ba\u03b5\u03c5\u03ae\u03c2","publisher":{"@id":"https:\/\/abcon.gr\/fr\/#organization"},"potentialAction":[{"@type":"SearchAction","target":{"@type":"EntryPoint","urlTemplate":"https:\/\/abcon.gr\/fr\/?s={search_term_string}"},"query-input":{"@type":"PropertyValueSpecification","valueRequired":true,"valueName":"search_term_string"}}],"inLanguage":"fr-FR"},{"@type":"Organization","@id":"https:\/\/abcon.gr\/fr\/#organization","name":"A.B.CON. - \u039c\u03b7\u03c7\u03b1\u03bd\u03ad\u03c2 \u0395\u03c0\u03b5\u03be\u03b5\u03c1\u03b3\u03b1\u03c3\u03af\u03b1\u03c2 \u03a3\u03ba\u03c5\u03c1\u03bf\u03b4\u03ad\u03bc\u03b1\u03c4\u03bf\u03c2 & \u03a0\u03c1\u03bf\u03ba\u03b1\u03c4\u03b1\u03c3\u03ba\u03b5\u03c5\u03ae\u03c2","url":"https:\/\/abcon.gr\/fr\/","logo":{"@type":"ImageObject","inLanguage":"fr-FR","@id":"https:\/\/abcon.gr\/fr\/#\/schema\/logo\/image\/","url":"https:\/\/abcon.gr\/wp-content\/uploads\/2021\/04\/logo_150.png","contentUrl":"https:\/\/abcon.gr\/wp-content\/uploads\/2021\/04\/logo_150.png","width":150,"height":74,"caption":"A.B.CON. - \u039c\u03b7\u03c7\u03b1\u03bd\u03ad\u03c2 \u0395\u03c0\u03b5\u03be\u03b5\u03c1\u03b3\u03b1\u03c3\u03af\u03b1\u03c2 \u03a3\u03ba\u03c5\u03c1\u03bf\u03b4\u03ad\u03bc\u03b1\u03c4\u03bf\u03c2 & \u03a0\u03c1\u03bf\u03ba\u03b1\u03c4\u03b1\u03c3\u03ba\u03b5\u03c5\u03ae\u03c2"},"image":{"@id":"https:\/\/abcon.gr\/fr\/#\/schema\/logo\/image\/"},"sameAs":["https:\/\/www.facebook.com\/Steel.Precast.Solutions.ABCON\/"]}]}},"_links":{"self":[{"href":"https:\/\/abcon.gr\/fr\/wp-json\/wp\/v2\/product\/2180","targetHints":{"allow":["GET"]}}],"collection":[{"href":"https:\/\/abcon.gr\/fr\/wp-json\/wp\/v2\/product"}],"about":[{"href":"https:\/\/abcon.gr\/fr\/wp-json\/wp\/v2\/types\/product"}],"wp:featuredmedia":[{"embeddable":true,"href":"https:\/\/abcon.gr\/fr\/wp-json\/wp\/v2\/media\/5031"}],"wp:attachment":[{"href":"https:\/\/abcon.gr\/fr\/wp-json\/wp\/v2\/media?parent=2180"}],"wp:term":[{"taxonomy":"product_brand","embeddable":true,"href":"https:\/\/abcon.gr\/fr\/wp-json\/wp\/v2\/product_brand?post=2180"},{"taxonomy":"product_cat","embeddable":true,"href":"https:\/\/abcon.gr\/fr\/wp-json\/wp\/v2\/product_cat?post=2180"},{"taxonomy":"product_tag","embeddable":true,"href":"https:\/\/abcon.gr\/fr\/wp-json\/wp\/v2\/product_tag?post=2180"}],"curies":[{"name":"wp","href":"https:\/\/api.w.org\/{rel}","templated":true}]}}