{"id":10424,"date":"2019-12-19T14:00:02","date_gmt":"2019-12-19T11:00:02","guid":{"rendered":"https:\/\/test3.aenima.gr\/product\/coil-16\/"},"modified":"2021-03-21T02:29:05","modified_gmt":"2021-03-20T23:29:05","slug":"coil-16","status":"publish","type":"product","link":"https:\/\/abcon.gr\/fr\/produit\/coil-16\/","title":{"rendered":"COIL 16"},"content":{"rendered":"","protected":false},"excerpt":{"rendered":"<p>Cadreuse automatique\u00a0bidirectionnelle pour fers en bobines, qui permet la production des \u00e9triers et barres pr\u00e9d\u00e9coup\u00e9es en utilisant des fers\u00a0jusqu&rsquo;\u00e0\u00a0\u00d8\u00a016 mm.<\/p>\n<p>Actionnement par\u00a0servomoteurs \u00e9lectriques digitaux.\u00a0 Machine \u00e9galement disponible dans une version \u00e0\u00a0HS.<\/p>\n<p>&#8211; Vitesse d&rsquo;entra\u00eenement max.:\u00a0140 m\/min (Version HS : 200 m\/min)<\/p>\n<p>&#8211; Dispositif\u00a0Anti-Twist\u00a0(Optionnel)<\/p>\n<p>&#8211; Entra\u00eenement \u00e0 4 galettes motrices<\/p>\n<p>&#8211; Coupe avec\u00a0moteurs Brushless\u00a0avec guide-fil r\u00e9glable, couteaux de coupe fixe et mobile r\u00e9versibles<\/p>\n<p>&#8211; Flap pneumatique<\/p>\n<p>&#8211; T\u00e9l\u00e9-assistance<\/p>\n<p>La\u00a0version 3D\u00a0peut produire des pi\u00e8ces tridimensionnelles.<\/p>\n<p><strong>\u00a0<\/strong><\/p>\n<p><u>COIL 16 Pack 1:<\/u><\/p>\n<p>&#8211; N.2 groupes de redressage (horizontal et vertical) avec visualisation \u00e9lectronique et r\u00e9glage ind\u00e9pendant sur les deux fers.<\/p>\n<p><strong>\u00a0<\/strong><\/p>\n<p><u>COIL 16 Pack 2:<\/u><\/p>\n<p>&#8211;\u00a0N.2 groupes de redressage (horizontal et vertical) avec\u00a0r\u00e9glage \u00e9lectronique\u00a0et ind\u00e9pendant sur les deux fers au moyen de\u00a0Joystick.<\/p>\n<p>&#8211; Changement de fil motoris\u00e9 automatique (Optionnel).<\/p>\n","protected":false},"featured_media":5096,"template":"","meta":{"_exactmetrics_skip_tracking":false,"_exactmetrics_sitenote_active":false,"_exactmetrics_sitenote_note":"","_exactmetrics_sitenote_category":0},"product_brand":[],"product_cat":[290,291,307],"product_tag":[321],"class_list":{"0":"post-10424","1":"product","2":"type-product","3":"status-publish","4":"has-post-thumbnail","6":"product_cat-machines-pour-le-travail-du-fer-a-beton","7":"product_cat-coupe-et-pliage","8":"product_cat-etriers","9":"product_tag-schnell-fr","11":"first","12":"instock","13":"shipping-taxable","14":"product-type-simple"},"yoast_head":"<!-- This site is optimized with the Yoast SEO plugin v26.8 - https:\/\/yoast.com\/product\/yoast-seo-wordpress\/ -->\n<title>COIL 16 - A.B.CON.<\/title>\n<meta name=\"robots\" content=\"index, follow, max-snippet:-1, max-image-preview:large, max-video-preview:-1\" \/>\n<link rel=\"canonical\" href=\"https:\/\/abcon.gr\/fr\/produit\/coil-16\/\" \/>\n<meta property=\"og:locale\" content=\"fr_FR\" \/>\n<meta property=\"og:type\" content=\"article\" \/>\n<meta property=\"og:title\" content=\"COIL 16 - A.B.CON.\" \/>\n<meta property=\"og:description\" content=\"Cadreuse automatique\u00a0bidirectionnelle pour fers en bobines, qui permet la production des \u00e9triers et barres pr\u00e9d\u00e9coup\u00e9es en utilisant des fers\u00a0jusqu&#039;\u00e0\u00a0\u00d8\u00a016 mm.  Actionnement par\u00a0servomoteurs \u00e9lectriques digitaux.\u00a0 Machine \u00e9galement disponible dans une version \u00e0\u00a0HS.  - Vitesse d&#039;entra\u00eenement max.:\u00a0140 m\/min (Version HS : 200 m\/min)  - Dispositif\u00a0Anti-Twist\u00a0(Optionnel)  - Entra\u00eenement \u00e0 4 galettes motrices  - Coupe avec\u00a0moteurs Brushless\u00a0avec guide-fil r\u00e9glable, couteaux de coupe fixe et mobile r\u00e9versibles  - Flap pneumatique  - T\u00e9l\u00e9-assistance  La\u00a0version 3D\u00a0peut produire des pi\u00e8ces tridimensionnelles.  \u00a0  COIL 16 Pack 1:  - N.2 groupes de redressage (horizontal et vertical) avec visualisation \u00e9lectronique et r\u00e9glage ind\u00e9pendant sur les deux fers.  \u00a0  COIL 16 Pack 2:  -\u00a0N.2 groupes de redressage (horizontal et vertical) avec\u00a0r\u00e9glage \u00e9lectronique\u00a0et ind\u00e9pendant sur les deux fers au moyen de\u00a0Joystick.  - Changement de fil motoris\u00e9 automatique (Optionnel).\" \/>\n<meta property=\"og:url\" content=\"https:\/\/abcon.gr\/fr\/produit\/coil-16\/\" \/>\n<meta property=\"og:site_name\" content=\"A.B.CON.\" \/>\n<meta property=\"article:publisher\" content=\"https:\/\/www.facebook.com\/Steel.Precast.Solutions.ABCON\/\" \/>\n<meta property=\"article:modified_time\" content=\"2021-03-20T23:29:05+00:00\" \/>\n<meta property=\"og:image\" content=\"https:\/\/abcon.gr\/wp-content\/uploads\/2018\/04\/Coil-16aaaaaaaa.jpg\" \/>\n\t<meta property=\"og:image:width\" content=\"750\" \/>\n\t<meta property=\"og:image:height\" content=\"500\" \/>\n\t<meta property=\"og:image:type\" content=\"image\/jpeg\" \/>\n<meta name=\"twitter:card\" content=\"summary_large_image\" \/>\n<script type=\"application\/ld+json\" class=\"yoast-schema-graph\">{\"@context\":\"https:\/\/schema.org\",\"@graph\":[{\"@type\":\"WebPage\",\"@id\":\"https:\/\/abcon.gr\/fr\/produit\/coil-16\/\",\"url\":\"https:\/\/abcon.gr\/fr\/produit\/coil-16\/\",\"name\":\"COIL 16 - A.B.CON.\",\"isPartOf\":{\"@id\":\"https:\/\/abcon.gr\/fr\/#website\"},\"primaryImageOfPage\":{\"@id\":\"https:\/\/abcon.gr\/fr\/produit\/coil-16\/#primaryimage\"},\"image\":{\"@id\":\"https:\/\/abcon.gr\/fr\/produit\/coil-16\/#primaryimage\"},\"thumbnailUrl\":\"https:\/\/abcon.gr\/wp-content\/uploads\/2018\/04\/Coil-16aaaaaaaa.jpg\",\"datePublished\":\"2019-12-19T11:00:02+00:00\",\"dateModified\":\"2021-03-20T23:29:05+00:00\",\"breadcrumb\":{\"@id\":\"https:\/\/abcon.gr\/fr\/produit\/coil-16\/#breadcrumb\"},\"inLanguage\":\"fr-FR\",\"potentialAction\":[{\"@type\":\"ReadAction\",\"target\":[\"https:\/\/abcon.gr\/fr\/produit\/coil-16\/\"]}]},{\"@type\":\"ImageObject\",\"inLanguage\":\"fr-FR\",\"@id\":\"https:\/\/abcon.gr\/fr\/produit\/coil-16\/#primaryimage\",\"url\":\"https:\/\/abcon.gr\/wp-content\/uploads\/2018\/04\/Coil-16aaaaaaaa.jpg\",\"contentUrl\":\"https:\/\/abcon.gr\/wp-content\/uploads\/2018\/04\/Coil-16aaaaaaaa.jpg\",\"width\":750,\"height\":500,\"caption\":\"Coil 16aaaaaaaa\"},{\"@type\":\"BreadcrumbList\",\"@id\":\"https:\/\/abcon.gr\/fr\/produit\/coil-16\/#breadcrumb\",\"itemListElement\":[{\"@type\":\"ListItem\",\"position\":1,\"name\":\"\u0391\u03c1\u03c7\u03b9\u03ba\u03ae\",\"item\":\"https:\/\/abcon.gr\/fr\/\"},{\"@type\":\"ListItem\",\"position\":2,\"name\":\"\u039a\u03b1\u03c4\u03ac\u03c3\u03c4\u03b7\u03bc\u03b1\",\"item\":\"https:\/\/abcon.gr\/fr\/%ce%ba%ce%b1%cf%84%ce%ac%cf%83%cf%84%ce%b7%ce%bc%ce%b1\/\"},{\"@type\":\"ListItem\",\"position\":3,\"name\":\"COIL 16\"}]},{\"@type\":\"WebSite\",\"@id\":\"https:\/\/abcon.gr\/fr\/#website\",\"url\":\"https:\/\/abcon.gr\/fr\/\",\"name\":\"A.B.CON. - \u039c\u03b7\u03c7\u03b1\u03bd\u03ad\u03c2 \u0395\u03c0\u03b5\u03be\u03b5\u03c1\u03b3\u03b1\u03c3\u03af\u03b1\u03c2 \u03a3\u03ba\u03c5\u03c1\u03bf\u03b4\u03ad\u03bc\u03b1\u03c4\u03bf\u03c2 & \u03a0\u03c1\u03bf\u03ba\u03b1\u03c4\u03b1\u03c3\u03ba\u03b5\u03c5\u03ae\u03c2\",\"description\":\"\u039c\u03b7\u03c7\u03b1\u03bd\u03ad\u03c2 \u0395\u03c0\u03b5\u03be\u03b5\u03c1\u03b3\u03b1\u03c3\u03af\u03b1\u03c2 \u03a3\u03ba\u03c5\u03c1\u03bf\u03b4\u03ad\u03bc\u03b1\u03c4\u03bf\u03c2 &amp; \u03a0\u03c1\u03bf\u03ba\u03b1\u03c4\u03b1\u03c3\u03ba\u03b5\u03c5\u03ae\u03c2\",\"publisher\":{\"@id\":\"https:\/\/abcon.gr\/fr\/#organization\"},\"potentialAction\":[{\"@type\":\"SearchAction\",\"target\":{\"@type\":\"EntryPoint\",\"urlTemplate\":\"https:\/\/abcon.gr\/fr\/?s={search_term_string}\"},\"query-input\":{\"@type\":\"PropertyValueSpecification\",\"valueRequired\":true,\"valueName\":\"search_term_string\"}}],\"inLanguage\":\"fr-FR\"},{\"@type\":\"Organization\",\"@id\":\"https:\/\/abcon.gr\/fr\/#organization\",\"name\":\"A.B.CON. - \u039c\u03b7\u03c7\u03b1\u03bd\u03ad\u03c2 \u0395\u03c0\u03b5\u03be\u03b5\u03c1\u03b3\u03b1\u03c3\u03af\u03b1\u03c2 \u03a3\u03ba\u03c5\u03c1\u03bf\u03b4\u03ad\u03bc\u03b1\u03c4\u03bf\u03c2 & \u03a0\u03c1\u03bf\u03ba\u03b1\u03c4\u03b1\u03c3\u03ba\u03b5\u03c5\u03ae\u03c2\",\"url\":\"https:\/\/abcon.gr\/fr\/\",\"logo\":{\"@type\":\"ImageObject\",\"inLanguage\":\"fr-FR\",\"@id\":\"https:\/\/abcon.gr\/fr\/#\/schema\/logo\/image\/\",\"url\":\"https:\/\/abcon.gr\/wp-content\/uploads\/2021\/04\/logo_150.png\",\"contentUrl\":\"https:\/\/abcon.gr\/wp-content\/uploads\/2021\/04\/logo_150.png\",\"width\":150,\"height\":74,\"caption\":\"A.B.CON. - \u039c\u03b7\u03c7\u03b1\u03bd\u03ad\u03c2 \u0395\u03c0\u03b5\u03be\u03b5\u03c1\u03b3\u03b1\u03c3\u03af\u03b1\u03c2 \u03a3\u03ba\u03c5\u03c1\u03bf\u03b4\u03ad\u03bc\u03b1\u03c4\u03bf\u03c2 & \u03a0\u03c1\u03bf\u03ba\u03b1\u03c4\u03b1\u03c3\u03ba\u03b5\u03c5\u03ae\u03c2\"},\"image\":{\"@id\":\"https:\/\/abcon.gr\/fr\/#\/schema\/logo\/image\/\"},\"sameAs\":[\"https:\/\/www.facebook.com\/Steel.Precast.Solutions.ABCON\/\"]}]}<\/script>\n<!-- \/ Yoast SEO plugin. -->","yoast_head_json":{"title":"COIL 16 - A.B.CON.","robots":{"index":"index","follow":"follow","max-snippet":"max-snippet:-1","max-image-preview":"max-image-preview:large","max-video-preview":"max-video-preview:-1"},"canonical":"https:\/\/abcon.gr\/fr\/produit\/coil-16\/","og_locale":"fr_FR","og_type":"article","og_title":"COIL 16 - A.B.CON.","og_description":"Cadreuse automatique\u00a0bidirectionnelle pour fers en bobines, qui permet la production des \u00e9triers et barres pr\u00e9d\u00e9coup\u00e9es en utilisant des fers\u00a0jusqu'\u00e0\u00a0\u00d8\u00a016 mm.  Actionnement par\u00a0servomoteurs \u00e9lectriques digitaux.\u00a0 Machine \u00e9galement disponible dans une version \u00e0\u00a0HS.  - Vitesse d'entra\u00eenement max.:\u00a0140 m\/min (Version HS : 200 m\/min)  - Dispositif\u00a0Anti-Twist\u00a0(Optionnel)  - Entra\u00eenement \u00e0 4 galettes motrices  - Coupe avec\u00a0moteurs Brushless\u00a0avec guide-fil r\u00e9glable, couteaux de coupe fixe et mobile r\u00e9versibles  - Flap pneumatique  - T\u00e9l\u00e9-assistance  La\u00a0version 3D\u00a0peut produire des pi\u00e8ces tridimensionnelles.  \u00a0  COIL 16 Pack 1:  - N.2 groupes de redressage (horizontal et vertical) avec visualisation \u00e9lectronique et r\u00e9glage ind\u00e9pendant sur les deux fers.  \u00a0  COIL 16 Pack 2:  -\u00a0N.2 groupes de redressage (horizontal et vertical) avec\u00a0r\u00e9glage \u00e9lectronique\u00a0et ind\u00e9pendant sur les deux fers au moyen de\u00a0Joystick.  - Changement de fil motoris\u00e9 automatique (Optionnel).","og_url":"https:\/\/abcon.gr\/fr\/produit\/coil-16\/","og_site_name":"A.B.CON.","article_publisher":"https:\/\/www.facebook.com\/Steel.Precast.Solutions.ABCON\/","article_modified_time":"2021-03-20T23:29:05+00:00","og_image":[{"width":750,"height":500,"url":"https:\/\/abcon.gr\/wp-content\/uploads\/2018\/04\/Coil-16aaaaaaaa.jpg","type":"image\/jpeg"}],"twitter_card":"summary_large_image","schema":{"@context":"https:\/\/schema.org","@graph":[{"@type":"WebPage","@id":"https:\/\/abcon.gr\/fr\/produit\/coil-16\/","url":"https:\/\/abcon.gr\/fr\/produit\/coil-16\/","name":"COIL 16 - A.B.CON.","isPartOf":{"@id":"https:\/\/abcon.gr\/fr\/#website"},"primaryImageOfPage":{"@id":"https:\/\/abcon.gr\/fr\/produit\/coil-16\/#primaryimage"},"image":{"@id":"https:\/\/abcon.gr\/fr\/produit\/coil-16\/#primaryimage"},"thumbnailUrl":"https:\/\/abcon.gr\/wp-content\/uploads\/2018\/04\/Coil-16aaaaaaaa.jpg","datePublished":"2019-12-19T11:00:02+00:00","dateModified":"2021-03-20T23:29:05+00:00","breadcrumb":{"@id":"https:\/\/abcon.gr\/fr\/produit\/coil-16\/#breadcrumb"},"inLanguage":"fr-FR","potentialAction":[{"@type":"ReadAction","target":["https:\/\/abcon.gr\/fr\/produit\/coil-16\/"]}]},{"@type":"ImageObject","inLanguage":"fr-FR","@id":"https:\/\/abcon.gr\/fr\/produit\/coil-16\/#primaryimage","url":"https:\/\/abcon.gr\/wp-content\/uploads\/2018\/04\/Coil-16aaaaaaaa.jpg","contentUrl":"https:\/\/abcon.gr\/wp-content\/uploads\/2018\/04\/Coil-16aaaaaaaa.jpg","width":750,"height":500,"caption":"Coil 16aaaaaaaa"},{"@type":"BreadcrumbList","@id":"https:\/\/abcon.gr\/fr\/produit\/coil-16\/#breadcrumb","itemListElement":[{"@type":"ListItem","position":1,"name":"\u0391\u03c1\u03c7\u03b9\u03ba\u03ae","item":"https:\/\/abcon.gr\/fr\/"},{"@type":"ListItem","position":2,"name":"\u039a\u03b1\u03c4\u03ac\u03c3\u03c4\u03b7\u03bc\u03b1","item":"https:\/\/abcon.gr\/fr\/%ce%ba%ce%b1%cf%84%ce%ac%cf%83%cf%84%ce%b7%ce%bc%ce%b1\/"},{"@type":"ListItem","position":3,"name":"COIL 16"}]},{"@type":"WebSite","@id":"https:\/\/abcon.gr\/fr\/#website","url":"https:\/\/abcon.gr\/fr\/","name":"A.B.CON. - \u039c\u03b7\u03c7\u03b1\u03bd\u03ad\u03c2 \u0395\u03c0\u03b5\u03be\u03b5\u03c1\u03b3\u03b1\u03c3\u03af\u03b1\u03c2 \u03a3\u03ba\u03c5\u03c1\u03bf\u03b4\u03ad\u03bc\u03b1\u03c4\u03bf\u03c2 & \u03a0\u03c1\u03bf\u03ba\u03b1\u03c4\u03b1\u03c3\u03ba\u03b5\u03c5\u03ae\u03c2","description":"\u039c\u03b7\u03c7\u03b1\u03bd\u03ad\u03c2 \u0395\u03c0\u03b5\u03be\u03b5\u03c1\u03b3\u03b1\u03c3\u03af\u03b1\u03c2 \u03a3\u03ba\u03c5\u03c1\u03bf\u03b4\u03ad\u03bc\u03b1\u03c4\u03bf\u03c2 &amp; \u03a0\u03c1\u03bf\u03ba\u03b1\u03c4\u03b1\u03c3\u03ba\u03b5\u03c5\u03ae\u03c2","publisher":{"@id":"https:\/\/abcon.gr\/fr\/#organization"},"potentialAction":[{"@type":"SearchAction","target":{"@type":"EntryPoint","urlTemplate":"https:\/\/abcon.gr\/fr\/?s={search_term_string}"},"query-input":{"@type":"PropertyValueSpecification","valueRequired":true,"valueName":"search_term_string"}}],"inLanguage":"fr-FR"},{"@type":"Organization","@id":"https:\/\/abcon.gr\/fr\/#organization","name":"A.B.CON. - \u039c\u03b7\u03c7\u03b1\u03bd\u03ad\u03c2 \u0395\u03c0\u03b5\u03be\u03b5\u03c1\u03b3\u03b1\u03c3\u03af\u03b1\u03c2 \u03a3\u03ba\u03c5\u03c1\u03bf\u03b4\u03ad\u03bc\u03b1\u03c4\u03bf\u03c2 & \u03a0\u03c1\u03bf\u03ba\u03b1\u03c4\u03b1\u03c3\u03ba\u03b5\u03c5\u03ae\u03c2","url":"https:\/\/abcon.gr\/fr\/","logo":{"@type":"ImageObject","inLanguage":"fr-FR","@id":"https:\/\/abcon.gr\/fr\/#\/schema\/logo\/image\/","url":"https:\/\/abcon.gr\/wp-content\/uploads\/2021\/04\/logo_150.png","contentUrl":"https:\/\/abcon.gr\/wp-content\/uploads\/2021\/04\/logo_150.png","width":150,"height":74,"caption":"A.B.CON. - \u039c\u03b7\u03c7\u03b1\u03bd\u03ad\u03c2 \u0395\u03c0\u03b5\u03be\u03b5\u03c1\u03b3\u03b1\u03c3\u03af\u03b1\u03c2 \u03a3\u03ba\u03c5\u03c1\u03bf\u03b4\u03ad\u03bc\u03b1\u03c4\u03bf\u03c2 & \u03a0\u03c1\u03bf\u03ba\u03b1\u03c4\u03b1\u03c3\u03ba\u03b5\u03c5\u03ae\u03c2"},"image":{"@id":"https:\/\/abcon.gr\/fr\/#\/schema\/logo\/image\/"},"sameAs":["https:\/\/www.facebook.com\/Steel.Precast.Solutions.ABCON\/"]}]}},"_links":{"self":[{"href":"https:\/\/abcon.gr\/fr\/wp-json\/wp\/v2\/product\/10424","targetHints":{"allow":["GET"]}}],"collection":[{"href":"https:\/\/abcon.gr\/fr\/wp-json\/wp\/v2\/product"}],"about":[{"href":"https:\/\/abcon.gr\/fr\/wp-json\/wp\/v2\/types\/product"}],"wp:featuredmedia":[{"embeddable":true,"href":"https:\/\/abcon.gr\/fr\/wp-json\/wp\/v2\/media\/5096"}],"wp:attachment":[{"href":"https:\/\/abcon.gr\/fr\/wp-json\/wp\/v2\/media?parent=10424"}],"wp:term":[{"taxonomy":"product_brand","embeddable":true,"href":"https:\/\/abcon.gr\/fr\/wp-json\/wp\/v2\/product_brand?post=10424"},{"taxonomy":"product_cat","embeddable":true,"href":"https:\/\/abcon.gr\/fr\/wp-json\/wp\/v2\/product_cat?post=10424"},{"taxonomy":"product_tag","embeddable":true,"href":"https:\/\/abcon.gr\/fr\/wp-json\/wp\/v2\/product_tag?post=10424"}],"curies":[{"name":"wp","href":"https:\/\/api.w.org\/{rel}","templated":true}]}}