{"id":3852,"date":"2018-07-09T17:22:32","date_gmt":"2018-07-09T14:22:32","guid":{"rendered":"http:\/\/test3.aenima.gr?page_id=3852"},"modified":"2018-11-05T19:56:14","modified_gmt":"2018-11-05T16:56:14","slug":"support-conseil","status":"publish","type":"page","link":"https:\/\/abcon.gr\/fr\/support-conseil\/","title":{"rendered":"Support conseil"},"content":{"rendered":"<div class=\"fusion-fullwidth fullwidth-box fusion-builder-row-1 nonhundred-percent-fullwidth non-hundred-percent-height-scrolling\" style=\"--awb-border-radius-top-left:0px;--awb-border-radius-top-right:0px;--awb-border-radius-bottom-right:0px;--awb-border-radius-bottom-left:0px;--awb-flex-wrap:wrap;\" ><div class=\"fusion-builder-row fusion-row\"><div class=\"fusion-layout-column fusion_builder_column fusion-builder-column-0 fusion_builder_column_1_1 1_1 fusion-one-full fusion-column-first fusion-column-last\" style=\"--awb-bg-size:cover;\"><div class=\"fusion-column-wrapper fusion-flex-column-wrapper-legacy\"><div class=\"fusion-text fusion-text-1\"><p><img decoding=\"async\" class=\"alignnone size-large wp-image-1822\" src=\"http:\/\/test3.aenima.gr\/wp-content\/uploads\/2018\/02\/ABCON-Services-3-1.png\" alt=\"\" width=\"1024\" height=\"382\" srcset=\"https:\/\/abcon.gr\/wp-content\/uploads\/2018\/02\/ABCON-Services-3-1-200x75.png 200w, https:\/\/abcon.gr\/wp-content\/uploads\/2018\/02\/ABCON-Services-3-1-300x112.png 300w, https:\/\/abcon.gr\/wp-content\/uploads\/2018\/02\/ABCON-Services-3-1-400x149.png 400w, https:\/\/abcon.gr\/wp-content\/uploads\/2018\/02\/ABCON-Services-3-1-500x187.png 500w, https:\/\/abcon.gr\/wp-content\/uploads\/2018\/02\/ABCON-Services-3-1-600x224.png 600w, https:\/\/abcon.gr\/wp-content\/uploads\/2018\/02\/ABCON-Services-3-1-700x261.png 700w, https:\/\/abcon.gr\/wp-content\/uploads\/2018\/02\/ABCON-Services-3-1-768x287.png 768w, https:\/\/abcon.gr\/wp-content\/uploads\/2018\/02\/ABCON-Services-3-1-800x299.png 800w, https:\/\/abcon.gr\/wp-content\/uploads\/2018\/02\/ABCON-Services-3-1-1024x382.png 1024w, https:\/\/abcon.gr\/wp-content\/uploads\/2018\/02\/ABCON-Services-3-1-1200x448.png 1200w, https:\/\/abcon.gr\/wp-content\/uploads\/2018\/02\/ABCON-Services-3-1.png 1500w\" sizes=\"(max-width: 1024px) 100vw, 1024px\" \/><\/p>\n<\/div><div class=\"accordian fusion-accordian\" style=\"--awb-border-size:1px;--awb-icon-size:13px;--awb-content-font-size:16px;--awb-icon-alignment:left;--awb-hover-color:#f9f9f9;--awb-border-color:#cccccc;--awb-background-color:#ffffff;--awb-divider-color:#eae8e8;--awb-divider-hover-color:#eae8e8;--awb-icon-color:#ffffff;--awb-title-color:#333333;--awb-content-color:#747474;--awb-icon-box-color:#333333;--awb-toggle-hover-accent-color:#217c73;--awb-title-font-family:&quot;Open Sans&quot;;--awb-title-font-weight:regular;--awb-title-font-style:normal;--awb-title-font-size:18px;--awb-content-font-family:&quot;Open Sans&quot;;--awb-content-font-style:normal;--awb-content-font-weight:regular;\"><div class=\"panel-group fusion-toggle-icon-boxed\" id=\"accordion-3852-1\"><div class=\"fusion-panel panel-default panel-7d54b13e4218be088 fusion-toggle-has-divider\"><div class=\"panel-heading\"><h4 class=\"panel-title toggle\" id=\"toggle_7d54b13e4218be088\"><a aria-expanded=\"false\" aria-controls=\"7d54b13e4218be088\" role=\"button\" data-toggle=\"collapse\" data-parent=\"#accordion-3852-1\" data-target=\"#7d54b13e4218be088\" href=\"#7d54b13e4218be088\"><span class=\"fusion-toggle-icon-wrapper\" aria-hidden=\"true\"><i class=\"fa-fusion-box active-icon awb-icon-minus\" aria-hidden=\"true\"><\/i><i class=\"fa-fusion-box inactive-icon awb-icon-plus\" aria-hidden=\"true\"><\/i><\/span><span class=\"fusion-toggle-heading\">Identification et sp\u00e9cification des besoins du client<\/span><\/a><\/h4><\/div><div id=\"7d54b13e4218be088\" class=\"panel-collapse collapse \" aria-labelledby=\"toggle_7d54b13e4218be088\"><div class=\"panel-body toggle-content fusion-clearfix\">\n<p align=\"justify\"><span lang=\"fr-FR\">Nous discutons, analysons et proposons au client l&rsquo;\u00e9quipement appropri\u00e9, en fonction de ses besoins et de ses donn\u00e9es financi\u00e8res.<\/span><\/p>\n<\/div><\/div><\/div><div class=\"fusion-panel panel-default panel-f422069afb847bb70 fusion-toggle-has-divider\"><div class=\"panel-heading\"><h4 class=\"panel-title toggle\" id=\"toggle_f422069afb847bb70\"><a aria-expanded=\"false\" aria-controls=\"f422069afb847bb70\" role=\"button\" data-toggle=\"collapse\" data-parent=\"#accordion-3852-1\" data-target=\"#f422069afb847bb70\" href=\"#f422069afb847bb70\"><span class=\"fusion-toggle-icon-wrapper\" aria-hidden=\"true\"><i class=\"fa-fusion-box active-icon awb-icon-minus\" aria-hidden=\"true\"><\/i><i class=\"fa-fusion-box inactive-icon awb-icon-plus\" aria-hidden=\"true\"><\/i><\/span><span class=\"fusion-toggle-heading\">Estimation de l'investissement des co\u00fbts<\/span><\/a><\/h4><\/div><div id=\"f422069afb847bb70\" class=\"panel-collapse collapse \" aria-labelledby=\"toggle_f422069afb847bb70\"><div class=\"panel-body toggle-content fusion-clearfix\">\n<p align=\"justify\"><span lang=\"fr-FR\">Nous pr\u00e9parons des offres financi\u00e8res et des \u00e9tudes de faisabilit\u00e9 sur les investissements possibles. Nous analysons et pr\u00e9sentons au client l&rsquo;estimation du co\u00fbt de l&rsquo;investissement et la p\u00e9riode de retour sur investissement.<\/span><\/p>\n<\/div><\/div><\/div><div class=\"fusion-panel panel-default panel-df1e90f91696bf801 fusion-toggle-has-divider\"><div class=\"panel-heading\"><h4 class=\"panel-title toggle\" id=\"toggle_df1e90f91696bf801\"><a aria-expanded=\"false\" aria-controls=\"df1e90f91696bf801\" role=\"button\" data-toggle=\"collapse\" data-parent=\"#accordion-3852-1\" data-target=\"#df1e90f91696bf801\" href=\"#df1e90f91696bf801\"><span class=\"fusion-toggle-icon-wrapper\" aria-hidden=\"true\"><i class=\"fa-fusion-box active-icon awb-icon-minus\" aria-hidden=\"true\"><\/i><i class=\"fa-fusion-box inactive-icon awb-icon-plus\" aria-hidden=\"true\"><\/i><\/span><span class=\"fusion-toggle-heading\">Layout des machines<\/span><\/a><\/h4><\/div><div id=\"df1e90f91696bf801\" class=\"panel-collapse collapse \" aria-labelledby=\"toggle_df1e90f91696bf801\"><div class=\"panel-body toggle-content fusion-clearfix\">\n<p align=\"justify\"><span lang=\"fr-FR\">Nous fournissons des propositions alternatives pour l&rsquo;agencement des machines dans l&rsquo;espace et nous concevons le plan d&rsquo;\u00e9tage id\u00e9al en fonction du flux de production optimal.<\/span><\/p>\n<\/div><\/div><\/div><\/div><\/div><div class=\"fusion-clearfix\"><\/div><\/div><\/div><\/div><\/div>\n","protected":false},"excerpt":{"rendered":"","protected":false},"author":1,"featured_media":0,"parent":0,"menu_order":0,"comment_status":"closed","ping_status":"closed","template":"","meta":{"_exactmetrics_skip_tracking":false,"_exactmetrics_sitenote_active":false,"_exactmetrics_sitenote_note":"","_exactmetrics_sitenote_category":0,"footnotes":""},"class_list":["post-3852","page","type-page","status-publish","hentry"],"yoast_head":"<!-- This site is optimized with the Yoast SEO plugin v26.8 - https:\/\/yoast.com\/product\/yoast-seo-wordpress\/ -->\n<title>Support conseil - A.B.CON.<\/title>\n<meta name=\"robots\" content=\"index, follow, max-snippet:-1, max-image-preview:large, max-video-preview:-1\" \/>\n<link rel=\"canonical\" href=\"https:\/\/abcon.gr\/advisory-support\/\" \/>\n<meta property=\"og:locale\" content=\"fr_FR\" \/>\n<meta property=\"og:type\" content=\"article\" \/>\n<meta property=\"og:title\" content=\"Support conseil - A.B.CON.\" \/>\n<meta property=\"og:url\" content=\"https:\/\/abcon.gr\/advisory-support\/\" \/>\n<meta property=\"og:site_name\" content=\"A.B.CON.\" \/>\n<meta property=\"article:publisher\" content=\"https:\/\/www.facebook.com\/Steel.Precast.Solutions.ABCON\/\" \/>\n<meta property=\"article:modified_time\" content=\"2018-11-05T16:56:14+00:00\" \/>\n<meta property=\"og:image\" content=\"http:\/\/test3.aenima.gr\/wp-content\/uploads\/2018\/02\/ABCON-Services-3-1.png\" \/>\n<meta name=\"twitter:card\" content=\"summary_large_image\" \/>\n<meta name=\"twitter:label1\" content=\"Dur\u00e9e de lecture estim\u00e9e\" \/>\n\t<meta name=\"twitter:data1\" content=\"2 minutes\" \/>\n<script type=\"application\/ld+json\" class=\"yoast-schema-graph\">{\"@context\":\"https:\/\/schema.org\",\"@graph\":[{\"@type\":\"WebPage\",\"@id\":\"https:\/\/abcon.gr\/advisory-support\/\",\"url\":\"https:\/\/abcon.gr\/advisory-support\/\",\"name\":\"Support conseil - A.B.CON.\",\"isPartOf\":{\"@id\":\"https:\/\/abcon.gr\/fr\/#website\"},\"primaryImageOfPage\":{\"@id\":\"https:\/\/abcon.gr\/advisory-support\/#primaryimage\"},\"image\":{\"@id\":\"https:\/\/abcon.gr\/advisory-support\/#primaryimage\"},\"thumbnailUrl\":\"http:\/\/test3.aenima.gr\/wp-content\/uploads\/2018\/02\/ABCON-Services-3-1.png\",\"datePublished\":\"2018-07-09T14:22:32+00:00\",\"dateModified\":\"2018-11-05T16:56:14+00:00\",\"breadcrumb\":{\"@id\":\"https:\/\/abcon.gr\/advisory-support\/#breadcrumb\"},\"inLanguage\":\"fr-FR\",\"potentialAction\":[{\"@type\":\"ReadAction\",\"target\":[\"https:\/\/abcon.gr\/advisory-support\/\"]}]},{\"@type\":\"ImageObject\",\"inLanguage\":\"fr-FR\",\"@id\":\"https:\/\/abcon.gr\/advisory-support\/#primaryimage\",\"url\":\"http:\/\/test3.aenima.gr\/wp-content\/uploads\/2018\/02\/ABCON-Services-3-1.png\",\"contentUrl\":\"http:\/\/test3.aenima.gr\/wp-content\/uploads\/2018\/02\/ABCON-Services-3-1.png\"},{\"@type\":\"BreadcrumbList\",\"@id\":\"https:\/\/abcon.gr\/advisory-support\/#breadcrumb\",\"itemListElement\":[{\"@type\":\"ListItem\",\"position\":1,\"name\":\"\u0391\u03c1\u03c7\u03b9\u03ba\u03ae\",\"item\":\"https:\/\/abcon.gr\/fr\/\"},{\"@type\":\"ListItem\",\"position\":2,\"name\":\"Support conseil\"}]},{\"@type\":\"WebSite\",\"@id\":\"https:\/\/abcon.gr\/fr\/#website\",\"url\":\"https:\/\/abcon.gr\/fr\/\",\"name\":\"A.B.CON. - \u039c\u03b7\u03c7\u03b1\u03bd\u03ad\u03c2 \u0395\u03c0\u03b5\u03be\u03b5\u03c1\u03b3\u03b1\u03c3\u03af\u03b1\u03c2 \u03a3\u03ba\u03c5\u03c1\u03bf\u03b4\u03ad\u03bc\u03b1\u03c4\u03bf\u03c2 & \u03a0\u03c1\u03bf\u03ba\u03b1\u03c4\u03b1\u03c3\u03ba\u03b5\u03c5\u03ae\u03c2\",\"description\":\"\u039c\u03b7\u03c7\u03b1\u03bd\u03ad\u03c2 \u0395\u03c0\u03b5\u03be\u03b5\u03c1\u03b3\u03b1\u03c3\u03af\u03b1\u03c2 \u03a3\u03ba\u03c5\u03c1\u03bf\u03b4\u03ad\u03bc\u03b1\u03c4\u03bf\u03c2 &amp; \u03a0\u03c1\u03bf\u03ba\u03b1\u03c4\u03b1\u03c3\u03ba\u03b5\u03c5\u03ae\u03c2\",\"publisher\":{\"@id\":\"https:\/\/abcon.gr\/fr\/#organization\"},\"potentialAction\":[{\"@type\":\"SearchAction\",\"target\":{\"@type\":\"EntryPoint\",\"urlTemplate\":\"https:\/\/abcon.gr\/fr\/?s={search_term_string}\"},\"query-input\":{\"@type\":\"PropertyValueSpecification\",\"valueRequired\":true,\"valueName\":\"search_term_string\"}}],\"inLanguage\":\"fr-FR\"},{\"@type\":\"Organization\",\"@id\":\"https:\/\/abcon.gr\/fr\/#organization\",\"name\":\"A.B.CON. - \u039c\u03b7\u03c7\u03b1\u03bd\u03ad\u03c2 \u0395\u03c0\u03b5\u03be\u03b5\u03c1\u03b3\u03b1\u03c3\u03af\u03b1\u03c2 \u03a3\u03ba\u03c5\u03c1\u03bf\u03b4\u03ad\u03bc\u03b1\u03c4\u03bf\u03c2 & \u03a0\u03c1\u03bf\u03ba\u03b1\u03c4\u03b1\u03c3\u03ba\u03b5\u03c5\u03ae\u03c2\",\"url\":\"https:\/\/abcon.gr\/fr\/\",\"logo\":{\"@type\":\"ImageObject\",\"inLanguage\":\"fr-FR\",\"@id\":\"https:\/\/abcon.gr\/fr\/#\/schema\/logo\/image\/\",\"url\":\"https:\/\/abcon.gr\/wp-content\/uploads\/2021\/04\/logo_150.png\",\"contentUrl\":\"https:\/\/abcon.gr\/wp-content\/uploads\/2021\/04\/logo_150.png\",\"width\":150,\"height\":74,\"caption\":\"A.B.CON. - \u039c\u03b7\u03c7\u03b1\u03bd\u03ad\u03c2 \u0395\u03c0\u03b5\u03be\u03b5\u03c1\u03b3\u03b1\u03c3\u03af\u03b1\u03c2 \u03a3\u03ba\u03c5\u03c1\u03bf\u03b4\u03ad\u03bc\u03b1\u03c4\u03bf\u03c2 & \u03a0\u03c1\u03bf\u03ba\u03b1\u03c4\u03b1\u03c3\u03ba\u03b5\u03c5\u03ae\u03c2\"},\"image\":{\"@id\":\"https:\/\/abcon.gr\/fr\/#\/schema\/logo\/image\/\"},\"sameAs\":[\"https:\/\/www.facebook.com\/Steel.Precast.Solutions.ABCON\/\"]}]}<\/script>\n<!-- \/ Yoast SEO plugin. -->","yoast_head_json":{"title":"Support conseil - A.B.CON.","robots":{"index":"index","follow":"follow","max-snippet":"max-snippet:-1","max-image-preview":"max-image-preview:large","max-video-preview":"max-video-preview:-1"},"canonical":"https:\/\/abcon.gr\/advisory-support\/","og_locale":"fr_FR","og_type":"article","og_title":"Support conseil - A.B.CON.","og_url":"https:\/\/abcon.gr\/advisory-support\/","og_site_name":"A.B.CON.","article_publisher":"https:\/\/www.facebook.com\/Steel.Precast.Solutions.ABCON\/","article_modified_time":"2018-11-05T16:56:14+00:00","og_image":[{"url":"http:\/\/test3.aenima.gr\/wp-content\/uploads\/2018\/02\/ABCON-Services-3-1.png","type":"","width":"","height":""}],"twitter_card":"summary_large_image","twitter_misc":{"Dur\u00e9e de lecture estim\u00e9e":"2 minutes"},"schema":{"@context":"https:\/\/schema.org","@graph":[{"@type":"WebPage","@id":"https:\/\/abcon.gr\/advisory-support\/","url":"https:\/\/abcon.gr\/advisory-support\/","name":"Support conseil - A.B.CON.","isPartOf":{"@id":"https:\/\/abcon.gr\/fr\/#website"},"primaryImageOfPage":{"@id":"https:\/\/abcon.gr\/advisory-support\/#primaryimage"},"image":{"@id":"https:\/\/abcon.gr\/advisory-support\/#primaryimage"},"thumbnailUrl":"http:\/\/test3.aenima.gr\/wp-content\/uploads\/2018\/02\/ABCON-Services-3-1.png","datePublished":"2018-07-09T14:22:32+00:00","dateModified":"2018-11-05T16:56:14+00:00","breadcrumb":{"@id":"https:\/\/abcon.gr\/advisory-support\/#breadcrumb"},"inLanguage":"fr-FR","potentialAction":[{"@type":"ReadAction","target":["https:\/\/abcon.gr\/advisory-support\/"]}]},{"@type":"ImageObject","inLanguage":"fr-FR","@id":"https:\/\/abcon.gr\/advisory-support\/#primaryimage","url":"http:\/\/test3.aenima.gr\/wp-content\/uploads\/2018\/02\/ABCON-Services-3-1.png","contentUrl":"http:\/\/test3.aenima.gr\/wp-content\/uploads\/2018\/02\/ABCON-Services-3-1.png"},{"@type":"BreadcrumbList","@id":"https:\/\/abcon.gr\/advisory-support\/#breadcrumb","itemListElement":[{"@type":"ListItem","position":1,"name":"\u0391\u03c1\u03c7\u03b9\u03ba\u03ae","item":"https:\/\/abcon.gr\/fr\/"},{"@type":"ListItem","position":2,"name":"Support conseil"}]},{"@type":"WebSite","@id":"https:\/\/abcon.gr\/fr\/#website","url":"https:\/\/abcon.gr\/fr\/","name":"A.B.CON. - \u039c\u03b7\u03c7\u03b1\u03bd\u03ad\u03c2 \u0395\u03c0\u03b5\u03be\u03b5\u03c1\u03b3\u03b1\u03c3\u03af\u03b1\u03c2 \u03a3\u03ba\u03c5\u03c1\u03bf\u03b4\u03ad\u03bc\u03b1\u03c4\u03bf\u03c2 & \u03a0\u03c1\u03bf\u03ba\u03b1\u03c4\u03b1\u03c3\u03ba\u03b5\u03c5\u03ae\u03c2","description":"\u039c\u03b7\u03c7\u03b1\u03bd\u03ad\u03c2 \u0395\u03c0\u03b5\u03be\u03b5\u03c1\u03b3\u03b1\u03c3\u03af\u03b1\u03c2 \u03a3\u03ba\u03c5\u03c1\u03bf\u03b4\u03ad\u03bc\u03b1\u03c4\u03bf\u03c2 &amp; \u03a0\u03c1\u03bf\u03ba\u03b1\u03c4\u03b1\u03c3\u03ba\u03b5\u03c5\u03ae\u03c2","publisher":{"@id":"https:\/\/abcon.gr\/fr\/#organization"},"potentialAction":[{"@type":"SearchAction","target":{"@type":"EntryPoint","urlTemplate":"https:\/\/abcon.gr\/fr\/?s={search_term_string}"},"query-input":{"@type":"PropertyValueSpecification","valueRequired":true,"valueName":"search_term_string"}}],"inLanguage":"fr-FR"},{"@type":"Organization","@id":"https:\/\/abcon.gr\/fr\/#organization","name":"A.B.CON. - \u039c\u03b7\u03c7\u03b1\u03bd\u03ad\u03c2 \u0395\u03c0\u03b5\u03be\u03b5\u03c1\u03b3\u03b1\u03c3\u03af\u03b1\u03c2 \u03a3\u03ba\u03c5\u03c1\u03bf\u03b4\u03ad\u03bc\u03b1\u03c4\u03bf\u03c2 & \u03a0\u03c1\u03bf\u03ba\u03b1\u03c4\u03b1\u03c3\u03ba\u03b5\u03c5\u03ae\u03c2","url":"https:\/\/abcon.gr\/fr\/","logo":{"@type":"ImageObject","inLanguage":"fr-FR","@id":"https:\/\/abcon.gr\/fr\/#\/schema\/logo\/image\/","url":"https:\/\/abcon.gr\/wp-content\/uploads\/2021\/04\/logo_150.png","contentUrl":"https:\/\/abcon.gr\/wp-content\/uploads\/2021\/04\/logo_150.png","width":150,"height":74,"caption":"A.B.CON. - \u039c\u03b7\u03c7\u03b1\u03bd\u03ad\u03c2 \u0395\u03c0\u03b5\u03be\u03b5\u03c1\u03b3\u03b1\u03c3\u03af\u03b1\u03c2 \u03a3\u03ba\u03c5\u03c1\u03bf\u03b4\u03ad\u03bc\u03b1\u03c4\u03bf\u03c2 & \u03a0\u03c1\u03bf\u03ba\u03b1\u03c4\u03b1\u03c3\u03ba\u03b5\u03c5\u03ae\u03c2"},"image":{"@id":"https:\/\/abcon.gr\/fr\/#\/schema\/logo\/image\/"},"sameAs":["https:\/\/www.facebook.com\/Steel.Precast.Solutions.ABCON\/"]}]}},"_links":{"self":[{"href":"https:\/\/abcon.gr\/fr\/wp-json\/wp\/v2\/pages\/3852","targetHints":{"allow":["GET"]}}],"collection":[{"href":"https:\/\/abcon.gr\/fr\/wp-json\/wp\/v2\/pages"}],"about":[{"href":"https:\/\/abcon.gr\/fr\/wp-json\/wp\/v2\/types\/page"}],"author":[{"embeddable":true,"href":"https:\/\/abcon.gr\/fr\/wp-json\/wp\/v2\/users\/1"}],"replies":[{"embeddable":true,"href":"https:\/\/abcon.gr\/fr\/wp-json\/wp\/v2\/comments?post=3852"}],"version-history":[{"count":0,"href":"https:\/\/abcon.gr\/fr\/wp-json\/wp\/v2\/pages\/3852\/revisions"}],"wp:attachment":[{"href":"https:\/\/abcon.gr\/fr\/wp-json\/wp\/v2\/media?parent=3852"}],"curies":[{"name":"wp","href":"https:\/\/api.w.org\/{rel}","templated":true}]}}