{"id":3844,"date":"2018-07-09T17:06:42","date_gmt":"2018-07-09T14:06:42","guid":{"rendered":"http:\/\/test3.aenima.gr?page_id=3844"},"modified":"2018-11-05T19:55:51","modified_gmt":"2018-11-05T16:55:51","slug":"pieces-de-rechange","status":"publish","type":"page","link":"https:\/\/abcon.gr\/fr\/pieces-de-rechange\/","title":{"rendered":"Pi\u00e8ces de rechange"},"content":{"rendered":"<div class=\"fusion-fullwidth fullwidth-box fusion-builder-row-1 nonhundred-percent-fullwidth non-hundred-percent-height-scrolling\" style=\"--awb-border-radius-top-left:0px;--awb-border-radius-top-right:0px;--awb-border-radius-bottom-right:0px;--awb-border-radius-bottom-left:0px;--awb-flex-wrap:wrap;\" ><div class=\"fusion-builder-row fusion-row\"><div class=\"fusion-layout-column fusion_builder_column fusion-builder-column-0 fusion_builder_column_1_1 1_1 fusion-one-full fusion-column-first fusion-column-last\" style=\"--awb-bg-size:cover;\"><div class=\"fusion-column-wrapper fusion-flex-column-wrapper-legacy\"><div class=\"fusion-text fusion-text-1\"><p><img decoding=\"async\" class=\"alignnone wp-image-2798 size-full\" src=\"http:\/\/test3.aenima.gr\/wp-content\/uploads\/2018\/04\/ABCON-Services-2-Antallaktika-NEW-1.jpg\" alt=\"\" width=\"1096\" height=\"492\" srcset=\"https:\/\/abcon.gr\/wp-content\/uploads\/2018\/04\/ABCON-Services-2-Antallaktika-NEW-1-200x90.jpg 200w, https:\/\/abcon.gr\/wp-content\/uploads\/2018\/04\/ABCON-Services-2-Antallaktika-NEW-1-300x135.jpg 300w, https:\/\/abcon.gr\/wp-content\/uploads\/2018\/04\/ABCON-Services-2-Antallaktika-NEW-1-400x180.jpg 400w, https:\/\/abcon.gr\/wp-content\/uploads\/2018\/04\/ABCON-Services-2-Antallaktika-NEW-1-500x224.jpg 500w, https:\/\/abcon.gr\/wp-content\/uploads\/2018\/04\/ABCON-Services-2-Antallaktika-NEW-1-600x269.jpg 600w, https:\/\/abcon.gr\/wp-content\/uploads\/2018\/04\/ABCON-Services-2-Antallaktika-NEW-1-700x314.jpg 700w, https:\/\/abcon.gr\/wp-content\/uploads\/2018\/04\/ABCON-Services-2-Antallaktika-NEW-1-768x345.jpg 768w, https:\/\/abcon.gr\/wp-content\/uploads\/2018\/04\/ABCON-Services-2-Antallaktika-NEW-1-800x359.jpg 800w, https:\/\/abcon.gr\/wp-content\/uploads\/2018\/04\/ABCON-Services-2-Antallaktika-NEW-1-1024x460.jpg 1024w, https:\/\/abcon.gr\/wp-content\/uploads\/2018\/04\/ABCON-Services-2-Antallaktika-NEW-1.jpg 1096w\" sizes=\"(max-width: 1096px) 100vw, 1096px\" \/><\/p>\n<\/div><div class=\"accordian fusion-accordian\" style=\"--awb-border-size:1px;--awb-icon-size:13px;--awb-content-font-size:16px;--awb-icon-alignment:left;--awb-hover-color:#f9f9f9;--awb-border-color:#cccccc;--awb-background-color:#ffffff;--awb-divider-color:#eae8e8;--awb-divider-hover-color:#eae8e8;--awb-icon-color:#ffffff;--awb-title-color:#333333;--awb-content-color:#747474;--awb-icon-box-color:#333333;--awb-toggle-hover-accent-color:#217c73;--awb-title-font-family:&quot;Open Sans&quot;;--awb-title-font-weight:regular;--awb-title-font-style:normal;--awb-title-font-size:18px;--awb-content-font-family:&quot;Open Sans&quot;;--awb-content-font-style:normal;--awb-content-font-weight:regular;\"><div class=\"panel-group fusion-toggle-icon-boxed\" id=\"accordion-3844-1\"><div class=\"fusion-panel panel-default panel-b6b0794ee511f22b1 fusion-toggle-has-divider\"><div class=\"panel-heading\"><h4 class=\"panel-title toggle\" id=\"toggle_b6b0794ee511f22b1\"><a aria-expanded=\"false\" aria-controls=\"b6b0794ee511f22b1\" role=\"button\" data-toggle=\"collapse\" data-parent=\"#accordion-3844-1\" data-target=\"#b6b0794ee511f22b1\" href=\"#b6b0794ee511f22b1\"><span class=\"fusion-toggle-icon-wrapper\" aria-hidden=\"true\"><i class=\"fa-fusion-box active-icon awb-icon-minus\" aria-hidden=\"true\"><\/i><i class=\"fa-fusion-box inactive-icon awb-icon-plus\" aria-hidden=\"true\"><\/i><\/span><span class=\"fusion-toggle-heading\">Ventes de pi\u00e8ces de rechange<\/span><\/a><\/h4><\/div><div id=\"b6b0794ee511f22b1\" class=\"panel-collapse collapse \" aria-labelledby=\"toggle_b6b0794ee511f22b1\"><div class=\"panel-body toggle-content fusion-clearfix\">\n<p align=\"justify\"><span lang=\"fr-FR\">Fourniture de pi\u00e8ces de rechange dans toute la Gr\u00e8ce dans les 24 heures (envoi express) vers les centres villes ou dans les 48 heures (Express) dans les zones recul\u00e9es.<\/span><\/p>\n<\/div><\/div><\/div><div class=\"fusion-panel panel-default panel-c7087f8061952e570 fusion-toggle-has-divider\"><div class=\"panel-heading\"><h4 class=\"panel-title toggle\" id=\"toggle_c7087f8061952e570\"><a aria-expanded=\"false\" aria-controls=\"c7087f8061952e570\" role=\"button\" data-toggle=\"collapse\" data-parent=\"#accordion-3844-1\" data-target=\"#c7087f8061952e570\" href=\"#c7087f8061952e570\"><span class=\"fusion-toggle-icon-wrapper\" aria-hidden=\"true\"><i class=\"fa-fusion-box active-icon awb-icon-minus\" aria-hidden=\"true\"><\/i><i class=\"fa-fusion-box inactive-icon awb-icon-plus\" aria-hidden=\"true\"><\/i><\/span><span class=\"fusion-toggle-heading\">Manuels - Fiche technique<\/span><\/a><\/h4><\/div><div id=\"c7087f8061952e570\" class=\"panel-collapse collapse \" aria-labelledby=\"toggle_c7087f8061952e570\"><div class=\"panel-body toggle-content fusion-clearfix\">\n<p align=\"justify\"><span lang=\"fr-FR\">Nous fournissons une gamme compl\u00e8te de manuels techniques pour les pi\u00e8ces de rechange et les consommables.<\/span><\/p>\n<\/div><\/div><\/div><div class=\"fusion-panel panel-default panel-a21c11393907ad6ef fusion-toggle-has-divider\"><div class=\"panel-heading\"><h4 class=\"panel-title toggle\" id=\"toggle_a21c11393907ad6ef\"><a aria-expanded=\"false\" aria-controls=\"a21c11393907ad6ef\" role=\"button\" data-toggle=\"collapse\" data-parent=\"#accordion-3844-1\" data-target=\"#a21c11393907ad6ef\" href=\"#a21c11393907ad6ef\"><span class=\"fusion-toggle-icon-wrapper\" aria-hidden=\"true\"><i class=\"fa-fusion-box active-icon awb-icon-minus\" aria-hidden=\"true\"><\/i><i class=\"fa-fusion-box inactive-icon awb-icon-plus\" aria-hidden=\"true\"><\/i><\/span><span class=\"fusion-toggle-heading\">Suivi des exp\u00e9dition des pi\u00e8ces de rechange<\/span><\/a><\/h4><\/div><div id=\"a21c11393907ad6ef\" class=\"panel-collapse collapse \" aria-labelledby=\"toggle_a21c11393907ad6ef\"><div class=\"panel-body toggle-content fusion-clearfix\">\n<p align=\"justify\"><span lang=\"fr-FR\">En coop\u00e9ration avec DHL et UPS, nous surveillons et informons le client de l&rsquo;\u00e9tat d&rsquo;avancement de la commande et du d\u00e9lai de livraison des pi\u00e8ces de rechange.<\/span><\/p>\n<\/div><\/div><\/div><\/div><\/div><div class=\"fusion-clearfix\"><\/div><\/div><\/div><\/div><\/div>\n","protected":false},"excerpt":{"rendered":"","protected":false},"author":1,"featured_media":0,"parent":0,"menu_order":0,"comment_status":"closed","ping_status":"closed","template":"","meta":{"_exactmetrics_skip_tracking":false,"_exactmetrics_sitenote_active":false,"_exactmetrics_sitenote_note":"","_exactmetrics_sitenote_category":0,"footnotes":""},"class_list":["post-3844","page","type-page","status-publish","hentry"],"yoast_head":"<!-- This site is optimized with the Yoast SEO plugin v26.8 - https:\/\/yoast.com\/product\/yoast-seo-wordpress\/ -->\n<title>Pi\u00e8ces de rechange - A.B.CON.<\/title>\n<meta name=\"robots\" content=\"index, follow, max-snippet:-1, max-image-preview:large, max-video-preview:-1\" \/>\n<link rel=\"canonical\" href=\"https:\/\/abcon.gr\/spare-parts\/\" \/>\n<meta property=\"og:locale\" content=\"fr_FR\" \/>\n<meta property=\"og:type\" content=\"article\" \/>\n<meta property=\"og:title\" content=\"Pi\u00e8ces de rechange - A.B.CON.\" \/>\n<meta property=\"og:url\" content=\"https:\/\/abcon.gr\/spare-parts\/\" \/>\n<meta property=\"og:site_name\" content=\"A.B.CON.\" \/>\n<meta property=\"article:publisher\" content=\"https:\/\/www.facebook.com\/Steel.Precast.Solutions.ABCON\/\" \/>\n<meta property=\"article:modified_time\" content=\"2018-11-05T16:55:51+00:00\" \/>\n<meta property=\"og:image\" content=\"http:\/\/test3.aenima.gr\/wp-content\/uploads\/2018\/04\/ABCON-Services-2-Antallaktika-NEW-1.jpg\" \/>\n<meta name=\"twitter:card\" content=\"summary_large_image\" \/>\n<meta name=\"twitter:label1\" content=\"Dur\u00e9e de lecture estim\u00e9e\" \/>\n\t<meta name=\"twitter:data1\" content=\"2 minutes\" \/>\n<script type=\"application\/ld+json\" class=\"yoast-schema-graph\">{\"@context\":\"https:\/\/schema.org\",\"@graph\":[{\"@type\":\"WebPage\",\"@id\":\"https:\/\/abcon.gr\/spare-parts\/\",\"url\":\"https:\/\/abcon.gr\/spare-parts\/\",\"name\":\"Pi\u00e8ces de rechange - A.B.CON.\",\"isPartOf\":{\"@id\":\"https:\/\/abcon.gr\/fr\/#website\"},\"primaryImageOfPage\":{\"@id\":\"https:\/\/abcon.gr\/spare-parts\/#primaryimage\"},\"image\":{\"@id\":\"https:\/\/abcon.gr\/spare-parts\/#primaryimage\"},\"thumbnailUrl\":\"http:\/\/test3.aenima.gr\/wp-content\/uploads\/2018\/04\/ABCON-Services-2-Antallaktika-NEW-1.jpg\",\"datePublished\":\"2018-07-09T14:06:42+00:00\",\"dateModified\":\"2018-11-05T16:55:51+00:00\",\"breadcrumb\":{\"@id\":\"https:\/\/abcon.gr\/spare-parts\/#breadcrumb\"},\"inLanguage\":\"fr-FR\",\"potentialAction\":[{\"@type\":\"ReadAction\",\"target\":[\"https:\/\/abcon.gr\/spare-parts\/\"]}]},{\"@type\":\"ImageObject\",\"inLanguage\":\"fr-FR\",\"@id\":\"https:\/\/abcon.gr\/spare-parts\/#primaryimage\",\"url\":\"http:\/\/test3.aenima.gr\/wp-content\/uploads\/2018\/04\/ABCON-Services-2-Antallaktika-NEW-1.jpg\",\"contentUrl\":\"http:\/\/test3.aenima.gr\/wp-content\/uploads\/2018\/04\/ABCON-Services-2-Antallaktika-NEW-1.jpg\"},{\"@type\":\"BreadcrumbList\",\"@id\":\"https:\/\/abcon.gr\/spare-parts\/#breadcrumb\",\"itemListElement\":[{\"@type\":\"ListItem\",\"position\":1,\"name\":\"\u0391\u03c1\u03c7\u03b9\u03ba\u03ae\",\"item\":\"https:\/\/abcon.gr\/fr\/\"},{\"@type\":\"ListItem\",\"position\":2,\"name\":\"Pi\u00e8ces de rechange\"}]},{\"@type\":\"WebSite\",\"@id\":\"https:\/\/abcon.gr\/fr\/#website\",\"url\":\"https:\/\/abcon.gr\/fr\/\",\"name\":\"A.B.CON. - \u039c\u03b7\u03c7\u03b1\u03bd\u03ad\u03c2 \u0395\u03c0\u03b5\u03be\u03b5\u03c1\u03b3\u03b1\u03c3\u03af\u03b1\u03c2 \u03a3\u03ba\u03c5\u03c1\u03bf\u03b4\u03ad\u03bc\u03b1\u03c4\u03bf\u03c2 & \u03a0\u03c1\u03bf\u03ba\u03b1\u03c4\u03b1\u03c3\u03ba\u03b5\u03c5\u03ae\u03c2\",\"description\":\"\u039c\u03b7\u03c7\u03b1\u03bd\u03ad\u03c2 \u0395\u03c0\u03b5\u03be\u03b5\u03c1\u03b3\u03b1\u03c3\u03af\u03b1\u03c2 \u03a3\u03ba\u03c5\u03c1\u03bf\u03b4\u03ad\u03bc\u03b1\u03c4\u03bf\u03c2 &amp; \u03a0\u03c1\u03bf\u03ba\u03b1\u03c4\u03b1\u03c3\u03ba\u03b5\u03c5\u03ae\u03c2\",\"publisher\":{\"@id\":\"https:\/\/abcon.gr\/fr\/#organization\"},\"potentialAction\":[{\"@type\":\"SearchAction\",\"target\":{\"@type\":\"EntryPoint\",\"urlTemplate\":\"https:\/\/abcon.gr\/fr\/?s={search_term_string}\"},\"query-input\":{\"@type\":\"PropertyValueSpecification\",\"valueRequired\":true,\"valueName\":\"search_term_string\"}}],\"inLanguage\":\"fr-FR\"},{\"@type\":\"Organization\",\"@id\":\"https:\/\/abcon.gr\/fr\/#organization\",\"name\":\"A.B.CON. - \u039c\u03b7\u03c7\u03b1\u03bd\u03ad\u03c2 \u0395\u03c0\u03b5\u03be\u03b5\u03c1\u03b3\u03b1\u03c3\u03af\u03b1\u03c2 \u03a3\u03ba\u03c5\u03c1\u03bf\u03b4\u03ad\u03bc\u03b1\u03c4\u03bf\u03c2 & \u03a0\u03c1\u03bf\u03ba\u03b1\u03c4\u03b1\u03c3\u03ba\u03b5\u03c5\u03ae\u03c2\",\"url\":\"https:\/\/abcon.gr\/fr\/\",\"logo\":{\"@type\":\"ImageObject\",\"inLanguage\":\"fr-FR\",\"@id\":\"https:\/\/abcon.gr\/fr\/#\/schema\/logo\/image\/\",\"url\":\"https:\/\/abcon.gr\/wp-content\/uploads\/2021\/04\/logo_150.png\",\"contentUrl\":\"https:\/\/abcon.gr\/wp-content\/uploads\/2021\/04\/logo_150.png\",\"width\":150,\"height\":74,\"caption\":\"A.B.CON. - \u039c\u03b7\u03c7\u03b1\u03bd\u03ad\u03c2 \u0395\u03c0\u03b5\u03be\u03b5\u03c1\u03b3\u03b1\u03c3\u03af\u03b1\u03c2 \u03a3\u03ba\u03c5\u03c1\u03bf\u03b4\u03ad\u03bc\u03b1\u03c4\u03bf\u03c2 & \u03a0\u03c1\u03bf\u03ba\u03b1\u03c4\u03b1\u03c3\u03ba\u03b5\u03c5\u03ae\u03c2\"},\"image\":{\"@id\":\"https:\/\/abcon.gr\/fr\/#\/schema\/logo\/image\/\"},\"sameAs\":[\"https:\/\/www.facebook.com\/Steel.Precast.Solutions.ABCON\/\"]}]}<\/script>\n<!-- \/ Yoast SEO plugin. -->","yoast_head_json":{"title":"Pi\u00e8ces de rechange - A.B.CON.","robots":{"index":"index","follow":"follow","max-snippet":"max-snippet:-1","max-image-preview":"max-image-preview:large","max-video-preview":"max-video-preview:-1"},"canonical":"https:\/\/abcon.gr\/spare-parts\/","og_locale":"fr_FR","og_type":"article","og_title":"Pi\u00e8ces de rechange - A.B.CON.","og_url":"https:\/\/abcon.gr\/spare-parts\/","og_site_name":"A.B.CON.","article_publisher":"https:\/\/www.facebook.com\/Steel.Precast.Solutions.ABCON\/","article_modified_time":"2018-11-05T16:55:51+00:00","og_image":[{"url":"http:\/\/test3.aenima.gr\/wp-content\/uploads\/2018\/04\/ABCON-Services-2-Antallaktika-NEW-1.jpg","type":"","width":"","height":""}],"twitter_card":"summary_large_image","twitter_misc":{"Dur\u00e9e de lecture estim\u00e9e":"2 minutes"},"schema":{"@context":"https:\/\/schema.org","@graph":[{"@type":"WebPage","@id":"https:\/\/abcon.gr\/spare-parts\/","url":"https:\/\/abcon.gr\/spare-parts\/","name":"Pi\u00e8ces de rechange - A.B.CON.","isPartOf":{"@id":"https:\/\/abcon.gr\/fr\/#website"},"primaryImageOfPage":{"@id":"https:\/\/abcon.gr\/spare-parts\/#primaryimage"},"image":{"@id":"https:\/\/abcon.gr\/spare-parts\/#primaryimage"},"thumbnailUrl":"http:\/\/test3.aenima.gr\/wp-content\/uploads\/2018\/04\/ABCON-Services-2-Antallaktika-NEW-1.jpg","datePublished":"2018-07-09T14:06:42+00:00","dateModified":"2018-11-05T16:55:51+00:00","breadcrumb":{"@id":"https:\/\/abcon.gr\/spare-parts\/#breadcrumb"},"inLanguage":"fr-FR","potentialAction":[{"@type":"ReadAction","target":["https:\/\/abcon.gr\/spare-parts\/"]}]},{"@type":"ImageObject","inLanguage":"fr-FR","@id":"https:\/\/abcon.gr\/spare-parts\/#primaryimage","url":"http:\/\/test3.aenima.gr\/wp-content\/uploads\/2018\/04\/ABCON-Services-2-Antallaktika-NEW-1.jpg","contentUrl":"http:\/\/test3.aenima.gr\/wp-content\/uploads\/2018\/04\/ABCON-Services-2-Antallaktika-NEW-1.jpg"},{"@type":"BreadcrumbList","@id":"https:\/\/abcon.gr\/spare-parts\/#breadcrumb","itemListElement":[{"@type":"ListItem","position":1,"name":"\u0391\u03c1\u03c7\u03b9\u03ba\u03ae","item":"https:\/\/abcon.gr\/fr\/"},{"@type":"ListItem","position":2,"name":"Pi\u00e8ces de rechange"}]},{"@type":"WebSite","@id":"https:\/\/abcon.gr\/fr\/#website","url":"https:\/\/abcon.gr\/fr\/","name":"A.B.CON. - \u039c\u03b7\u03c7\u03b1\u03bd\u03ad\u03c2 \u0395\u03c0\u03b5\u03be\u03b5\u03c1\u03b3\u03b1\u03c3\u03af\u03b1\u03c2 \u03a3\u03ba\u03c5\u03c1\u03bf\u03b4\u03ad\u03bc\u03b1\u03c4\u03bf\u03c2 & \u03a0\u03c1\u03bf\u03ba\u03b1\u03c4\u03b1\u03c3\u03ba\u03b5\u03c5\u03ae\u03c2","description":"\u039c\u03b7\u03c7\u03b1\u03bd\u03ad\u03c2 \u0395\u03c0\u03b5\u03be\u03b5\u03c1\u03b3\u03b1\u03c3\u03af\u03b1\u03c2 \u03a3\u03ba\u03c5\u03c1\u03bf\u03b4\u03ad\u03bc\u03b1\u03c4\u03bf\u03c2 &amp; \u03a0\u03c1\u03bf\u03ba\u03b1\u03c4\u03b1\u03c3\u03ba\u03b5\u03c5\u03ae\u03c2","publisher":{"@id":"https:\/\/abcon.gr\/fr\/#organization"},"potentialAction":[{"@type":"SearchAction","target":{"@type":"EntryPoint","urlTemplate":"https:\/\/abcon.gr\/fr\/?s={search_term_string}"},"query-input":{"@type":"PropertyValueSpecification","valueRequired":true,"valueName":"search_term_string"}}],"inLanguage":"fr-FR"},{"@type":"Organization","@id":"https:\/\/abcon.gr\/fr\/#organization","name":"A.B.CON. - \u039c\u03b7\u03c7\u03b1\u03bd\u03ad\u03c2 \u0395\u03c0\u03b5\u03be\u03b5\u03c1\u03b3\u03b1\u03c3\u03af\u03b1\u03c2 \u03a3\u03ba\u03c5\u03c1\u03bf\u03b4\u03ad\u03bc\u03b1\u03c4\u03bf\u03c2 & \u03a0\u03c1\u03bf\u03ba\u03b1\u03c4\u03b1\u03c3\u03ba\u03b5\u03c5\u03ae\u03c2","url":"https:\/\/abcon.gr\/fr\/","logo":{"@type":"ImageObject","inLanguage":"fr-FR","@id":"https:\/\/abcon.gr\/fr\/#\/schema\/logo\/image\/","url":"https:\/\/abcon.gr\/wp-content\/uploads\/2021\/04\/logo_150.png","contentUrl":"https:\/\/abcon.gr\/wp-content\/uploads\/2021\/04\/logo_150.png","width":150,"height":74,"caption":"A.B.CON. - \u039c\u03b7\u03c7\u03b1\u03bd\u03ad\u03c2 \u0395\u03c0\u03b5\u03be\u03b5\u03c1\u03b3\u03b1\u03c3\u03af\u03b1\u03c2 \u03a3\u03ba\u03c5\u03c1\u03bf\u03b4\u03ad\u03bc\u03b1\u03c4\u03bf\u03c2 & \u03a0\u03c1\u03bf\u03ba\u03b1\u03c4\u03b1\u03c3\u03ba\u03b5\u03c5\u03ae\u03c2"},"image":{"@id":"https:\/\/abcon.gr\/fr\/#\/schema\/logo\/image\/"},"sameAs":["https:\/\/www.facebook.com\/Steel.Precast.Solutions.ABCON\/"]}]}},"_links":{"self":[{"href":"https:\/\/abcon.gr\/fr\/wp-json\/wp\/v2\/pages\/3844","targetHints":{"allow":["GET"]}}],"collection":[{"href":"https:\/\/abcon.gr\/fr\/wp-json\/wp\/v2\/pages"}],"about":[{"href":"https:\/\/abcon.gr\/fr\/wp-json\/wp\/v2\/types\/page"}],"author":[{"embeddable":true,"href":"https:\/\/abcon.gr\/fr\/wp-json\/wp\/v2\/users\/1"}],"replies":[{"embeddable":true,"href":"https:\/\/abcon.gr\/fr\/wp-json\/wp\/v2\/comments?post=3844"}],"version-history":[{"count":0,"href":"https:\/\/abcon.gr\/fr\/wp-json\/wp\/v2\/pages\/3844\/revisions"}],"wp:attachment":[{"href":"https:\/\/abcon.gr\/fr\/wp-json\/wp\/v2\/media?parent=3844"}],"curies":[{"name":"wp","href":"https:\/\/api.w.org\/{rel}","templated":true}]}}