{"id":3832,"date":"2018-07-09T16:57:25","date_gmt":"2018-07-09T13:57:25","guid":{"rendered":"http:\/\/test3.aenima.gr?page_id=3832"},"modified":"2018-11-05T19:55:11","modified_gmt":"2018-11-05T16:55:11","slug":"support-technique","status":"publish","type":"page","link":"https:\/\/abcon.gr\/fr\/support-technique\/","title":{"rendered":"Support technique"},"content":{"rendered":"<div class=\"fusion-fullwidth fullwidth-box fusion-builder-row-1 nonhundred-percent-fullwidth non-hundred-percent-height-scrolling\" style=\"--awb-border-radius-top-left:0px;--awb-border-radius-top-right:0px;--awb-border-radius-bottom-right:0px;--awb-border-radius-bottom-left:0px;--awb-flex-wrap:wrap;\" ><div class=\"fusion-builder-row fusion-row\"><div class=\"fusion-layout-column fusion_builder_column fusion-builder-column-0 fusion_builder_column_1_1 1_1 fusion-one-full fusion-column-first fusion-column-last\" style=\"--awb-bg-size:cover;\"><div class=\"fusion-column-wrapper fusion-flex-column-wrapper-legacy\"><div class=\"fusion-text fusion-text-1\"><p><img decoding=\"async\" class=\"alignnone size-large wp-image-1810\" src=\"http:\/\/test3.aenima.gr\/wp-content\/uploads\/2018\/02\/ABCON-Services-1.jpg\" alt=\"\" width=\"1024\" height=\"224\" srcset=\"https:\/\/abcon.gr\/wp-content\/uploads\/2018\/02\/ABCON-Services-1-200x44.jpg 200w, https:\/\/abcon.gr\/wp-content\/uploads\/2018\/02\/ABCON-Services-1-300x66.jpg 300w, https:\/\/abcon.gr\/wp-content\/uploads\/2018\/02\/ABCON-Services-1-400x88.jpg 400w, https:\/\/abcon.gr\/wp-content\/uploads\/2018\/02\/ABCON-Services-1-500x109.jpg 500w, https:\/\/abcon.gr\/wp-content\/uploads\/2018\/02\/ABCON-Services-1-600x131.jpg 600w, https:\/\/abcon.gr\/wp-content\/uploads\/2018\/02\/ABCON-Services-1-700x153.jpg 700w, https:\/\/abcon.gr\/wp-content\/uploads\/2018\/02\/ABCON-Services-1-768x168.jpg 768w, https:\/\/abcon.gr\/wp-content\/uploads\/2018\/02\/ABCON-Services-1-800x175.jpg 800w, https:\/\/abcon.gr\/wp-content\/uploads\/2018\/02\/ABCON-Services-1-1024x224.jpg 1024w, https:\/\/abcon.gr\/wp-content\/uploads\/2018\/02\/ABCON-Services-1-1200x263.jpg 1200w, https:\/\/abcon.gr\/wp-content\/uploads\/2018\/02\/ABCON-Services-1.jpg 1920w\" sizes=\"(max-width: 1024px) 100vw, 1024px\" \/><\/p>\n<\/div><div class=\"accordian fusion-accordian\" style=\"--awb-border-size:1px;--awb-icon-size:13px;--awb-content-font-size:16px;--awb-icon-alignment:left;--awb-hover-color:#f9f9f9;--awb-border-color:#cccccc;--awb-background-color:#ffffff;--awb-divider-color:#eae8e8;--awb-divider-hover-color:#eae8e8;--awb-icon-color:#ffffff;--awb-title-color:#333333;--awb-content-color:#747474;--awb-icon-box-color:#333333;--awb-toggle-hover-accent-color:#217c73;--awb-title-font-family:&quot;Open Sans&quot;;--awb-title-font-weight:regular;--awb-title-font-style:normal;--awb-title-font-size:18px;--awb-content-font-family:&quot;Open Sans&quot;;--awb-content-font-style:normal;--awb-content-font-weight:regular;\"><div class=\"panel-group fusion-toggle-icon-boxed\" id=\"accordion-3832-1\"><div class=\"fusion-panel panel-default panel-4e364ac5167e95726 fusion-toggle-has-divider\"><div class=\"panel-heading\"><h4 class=\"panel-title toggle\" id=\"toggle_4e364ac5167e95726\"><a aria-expanded=\"false\" aria-controls=\"4e364ac5167e95726\" role=\"button\" data-toggle=\"collapse\" data-parent=\"#accordion-3832-1\" data-target=\"#4e364ac5167e95726\" href=\"#4e364ac5167e95726\"><span class=\"fusion-toggle-icon-wrapper\" aria-hidden=\"true\"><i class=\"fa-fusion-box active-icon awb-icon-minus\" aria-hidden=\"true\"><\/i><i class=\"fa-fusion-box inactive-icon awb-icon-plus\" aria-hidden=\"true\"><\/i><\/span><span class=\"fusion-toggle-heading\">Assistance technique t\u00e9l\u00e9phonique<\/span><\/a><\/h4><\/div><div id=\"4e364ac5167e95726\" class=\"panel-collapse collapse \" aria-labelledby=\"toggle_4e364ac5167e95726\"><div class=\"panel-body toggle-content fusion-clearfix\">\n<p align=\"justify\"><span lang=\"fr-FR\">A.B.CON fournit une assistance t\u00e9l\u00e9phonique gratuite sept jours par semaine.<\/span><\/p>\n<\/div><\/div><\/div><div class=\"fusion-panel panel-default panel-14c4218f4c3d13c36 fusion-toggle-has-divider\"><div class=\"panel-heading\"><h4 class=\"panel-title toggle\" id=\"toggle_14c4218f4c3d13c36\"><a aria-expanded=\"false\" aria-controls=\"14c4218f4c3d13c36\" role=\"button\" data-toggle=\"collapse\" data-parent=\"#accordion-3832-1\" data-target=\"#14c4218f4c3d13c36\" href=\"#14c4218f4c3d13c36\"><span class=\"fusion-toggle-icon-wrapper\" aria-hidden=\"true\"><i class=\"fa-fusion-box active-icon awb-icon-minus\" aria-hidden=\"true\"><\/i><i class=\"fa-fusion-box inactive-icon awb-icon-plus\" aria-hidden=\"true\"><\/i><\/span><span class=\"fusion-toggle-heading\">D\u00e9tection de fautes et r\u00e9cup\u00e9ration<\/span><\/a><\/h4><\/div><div id=\"14c4218f4c3d13c36\" class=\"panel-collapse collapse \" aria-labelledby=\"toggle_14c4218f4c3d13c36\"><div class=\"panel-body toggle-content fusion-clearfix\">\n<p align=\"justify\"><span lang=\"fr-FR\">La connaissance de la n\u00e9cessit\u00e9 de la restauration imm\u00e9diate des \u00e9ventuels dommages, nous nous occupons de la disponibilit\u00e9 imm\u00e9diate de nos techniciens.<\/span><\/p>\n<\/div><\/div><\/div><div class=\"fusion-panel panel-default panel-364cc9341b7845c36 fusion-toggle-has-divider\"><div class=\"panel-heading\"><h4 class=\"panel-title toggle\" id=\"toggle_364cc9341b7845c36\"><a aria-expanded=\"false\" aria-controls=\"364cc9341b7845c36\" role=\"button\" data-toggle=\"collapse\" data-parent=\"#accordion-3832-1\" data-target=\"#364cc9341b7845c36\" href=\"#364cc9341b7845c36\"><span class=\"fusion-toggle-icon-wrapper\" aria-hidden=\"true\"><i class=\"fa-fusion-box active-icon awb-icon-minus\" aria-hidden=\"true\"><\/i><i class=\"fa-fusion-box inactive-icon awb-icon-plus\" aria-hidden=\"true\"><\/i><\/span><span class=\"fusion-toggle-heading\">Installation \/ remplacement de consommables \/ pi\u00e8ces de rechange<\/span><\/a><\/h4><\/div><div id=\"364cc9341b7845c36\" class=\"panel-collapse collapse \" aria-labelledby=\"toggle_364cc9341b7845c36\"><div class=\"panel-body toggle-content fusion-clearfix\">\n<p align=\"justify\"><span lang=\"fr-FR\">Le personnel sp\u00e9cialement form\u00e9 de A.B.CON se charge, avec le support technique des soci\u00e9t\u00e9s partenaires \u00e0 l&rsquo;\u00e9tranger, de r\u00e9parer les d\u00e9fauts.<\/span><\/p>\n<\/div><\/div><\/div><div class=\"fusion-panel panel-default panel-36f9e905a54405c61 fusion-toggle-has-divider\"><div class=\"panel-heading\"><h4 class=\"panel-title toggle\" id=\"toggle_36f9e905a54405c61\"><a aria-expanded=\"false\" aria-controls=\"36f9e905a54405c61\" role=\"button\" data-toggle=\"collapse\" data-parent=\"#accordion-3832-1\" data-target=\"#36f9e905a54405c61\" href=\"#36f9e905a54405c61\"><span class=\"fusion-toggle-icon-wrapper\" aria-hidden=\"true\"><i class=\"fa-fusion-box active-icon awb-icon-minus\" aria-hidden=\"true\"><\/i><i class=\"fa-fusion-box inactive-icon awb-icon-plus\" aria-hidden=\"true\"><\/i><\/span><span class=\"fusion-toggle-heading\">Maintenance planifi\u00e9e avec un contrat annuel<\/span><\/a><\/h4><\/div><div id=\"36f9e905a54405c61\" class=\"panel-collapse collapse \" aria-labelledby=\"toggle_36f9e905a54405c61\"><div class=\"panel-body toggle-content fusion-clearfix\">\n<p align=\"justify\"><span lang=\"fr-FR\">En consultation avec les clients, un contrat annuel pour la maintenance programm\u00e9e est propos\u00e9 par les techniciens de A.B.CON.<\/span><\/p>\n<\/div><\/div><\/div><div class=\"fusion-panel panel-default panel-9b84110e17d9e6677 fusion-toggle-has-divider\"><div class=\"panel-heading\"><h4 class=\"panel-title toggle\" id=\"toggle_9b84110e17d9e6677\"><a aria-expanded=\"false\" aria-controls=\"9b84110e17d9e6677\" role=\"button\" data-toggle=\"collapse\" data-parent=\"#accordion-3832-1\" data-target=\"#9b84110e17d9e6677\" href=\"#9b84110e17d9e6677\"><span class=\"fusion-toggle-icon-wrapper\" aria-hidden=\"true\"><i class=\"fa-fusion-box active-icon awb-icon-minus\" aria-hidden=\"true\"><\/i><i class=\"fa-fusion-box inactive-icon awb-icon-plus\" aria-hidden=\"true\"><\/i><\/span><span class=\"fusion-toggle-heading\">Installation de machines <\/span><\/a><\/h4><\/div><div id=\"9b84110e17d9e6677\" class=\"panel-collapse collapse \" aria-labelledby=\"toggle_9b84110e17d9e6677\"><div class=\"panel-body toggle-content fusion-clearfix\">\n<p align=\"justify\"><span lang=\"fr-FR\">L&rsquo;installation de machines neuves ou d&rsquo;occasion est effectu\u00e9e par le personnel technique exp\u00e9riment\u00e9 de notre soci\u00e9t\u00e9 ou de soci\u00e9t\u00e9s \u00e9trang\u00e8res<\/span><span lang=\"fr-FR\"><b>.<\/b><\/span><\/p>\n<\/div><\/div><\/div><div class=\"fusion-panel panel-default panel-b2d08bb037e00b9c7 fusion-toggle-has-divider\"><div class=\"panel-heading\"><h4 class=\"panel-title toggle\" id=\"toggle_b2d08bb037e00b9c7\"><a aria-expanded=\"false\" aria-controls=\"b2d08bb037e00b9c7\" role=\"button\" data-toggle=\"collapse\" data-parent=\"#accordion-3832-1\" data-target=\"#b2d08bb037e00b9c7\" href=\"#b2d08bb037e00b9c7\"><span class=\"fusion-toggle-icon-wrapper\" aria-hidden=\"true\"><i class=\"fa-fusion-box active-icon awb-icon-minus\" aria-hidden=\"true\"><\/i><i class=\"fa-fusion-box inactive-icon awb-icon-plus\" aria-hidden=\"true\"><\/i><\/span><span class=\"fusion-toggle-heading\">Am\u00e9lioration - reconstruction de machines<\/span><\/a><\/h4><\/div><div id=\"b2d08bb037e00b9c7\" class=\"panel-collapse collapse \" aria-labelledby=\"toggle_b2d08bb037e00b9c7\"><div class=\"panel-body toggle-content fusion-clearfix\">\n<p align=\"justify\"><span lang=\"fr-FR\">A.B.CON entreprend des t\u00e2ches sp\u00e9cifiques de mise \u00e0 niveau, de modification et de reconstruction des machines<\/span><span lang=\"fr-FR\"><b>.<\/b><\/span><\/p>\n<\/div><\/div><\/div><div class=\"fusion-panel panel-default panel-c1564160d0aae7d44 fusion-toggle-has-divider\"><div class=\"panel-heading\"><h4 class=\"panel-title toggle\" id=\"toggle_c1564160d0aae7d44\"><a aria-expanded=\"false\" aria-controls=\"c1564160d0aae7d44\" role=\"button\" data-toggle=\"collapse\" data-parent=\"#accordion-3832-1\" data-target=\"#c1564160d0aae7d44\" href=\"#c1564160d0aae7d44\"><span class=\"fusion-toggle-icon-wrapper\" aria-hidden=\"true\"><i class=\"fa-fusion-box active-icon awb-icon-minus\" aria-hidden=\"true\"><\/i><i class=\"fa-fusion-box inactive-icon awb-icon-plus\" aria-hidden=\"true\"><\/i><\/span><span class=\"fusion-toggle-heading\">Conception et installation d'unit\u00e9s<\/span><\/a><\/h4><\/div><div id=\"c1564160d0aae7d44\" class=\"panel-collapse collapse \" aria-labelledby=\"toggle_c1564160d0aae7d44\"><div class=\"panel-body toggle-content fusion-clearfix\">\n<p align=\"justify\"><span lang=\"fr-FR\">Nous \u00e9tudions et concevons des unit\u00e9s pour le traitement de l&rsquo;acier et du b\u00e9ton pr\u00e9fabriqu\u00e9, en tenant compte des besoins des clients et des syst\u00e8mes de production les plus modernes.<\/span><\/p>\n<\/div><\/div><\/div><div class=\"fusion-panel panel-default panel-5436fd9fff60ff53a fusion-toggle-has-divider\"><div class=\"panel-heading\"><h4 class=\"panel-title toggle\" id=\"toggle_5436fd9fff60ff53a\"><a aria-expanded=\"false\" aria-controls=\"5436fd9fff60ff53a\" role=\"button\" data-toggle=\"collapse\" data-parent=\"#accordion-3832-1\" data-target=\"#5436fd9fff60ff53a\" href=\"#5436fd9fff60ff53a\"><span class=\"fusion-toggle-icon-wrapper\" aria-hidden=\"true\"><i class=\"fa-fusion-box active-icon awb-icon-minus\" aria-hidden=\"true\"><\/i><i class=\"fa-fusion-box inactive-icon awb-icon-plus\" aria-hidden=\"true\"><\/i><\/span><span class=\"fusion-toggle-heading\">D\u00e9mant\u00e8lement - D\u00e9sinstallation des unit\u00e9s<\/span><\/a><\/h4><\/div><div id=\"5436fd9fff60ff53a\" class=\"panel-collapse collapse \" aria-labelledby=\"toggle_5436fd9fff60ff53a\"><div class=\"panel-body toggle-content fusion-clearfix\">\n<p align=\"justify\"><span lang=\"fr-FR\">A.B.CON fournit des services de d\u00e9mant\u00e8lement et de relocalisation de machines ou d\u2019installations compl\u00e8tes<\/span><span lang=\"fr-FR\"><b>.<\/b><\/span><\/p>\n<\/div><\/div><\/div><\/div><\/div><div class=\"fusion-clearfix\"><\/div><\/div><\/div><\/div><\/div>\n","protected":false},"excerpt":{"rendered":"","protected":false},"author":1,"featured_media":0,"parent":0,"menu_order":0,"comment_status":"closed","ping_status":"closed","template":"100-width.php","meta":{"_exactmetrics_skip_tracking":false,"_exactmetrics_sitenote_active":false,"_exactmetrics_sitenote_note":"","_exactmetrics_sitenote_category":0,"footnotes":""},"class_list":["post-3832","page","type-page","status-publish","hentry"],"yoast_head":"<!-- This site is optimized with the Yoast SEO plugin v26.8 - https:\/\/yoast.com\/product\/yoast-seo-wordpress\/ -->\n<title>Support technique - A.B.CON.<\/title>\n<meta name=\"robots\" content=\"index, follow, max-snippet:-1, max-image-preview:large, max-video-preview:-1\" \/>\n<link rel=\"canonical\" href=\"https:\/\/abcon.gr\/technical-support\/\" \/>\n<meta property=\"og:locale\" content=\"fr_FR\" \/>\n<meta property=\"og:type\" content=\"article\" \/>\n<meta property=\"og:title\" content=\"Support technique - A.B.CON.\" \/>\n<meta property=\"og:url\" content=\"https:\/\/abcon.gr\/technical-support\/\" \/>\n<meta property=\"og:site_name\" content=\"A.B.CON.\" \/>\n<meta property=\"article:publisher\" content=\"https:\/\/www.facebook.com\/Steel.Precast.Solutions.ABCON\/\" \/>\n<meta property=\"article:modified_time\" content=\"2018-11-05T16:55:11+00:00\" \/>\n<meta property=\"og:image\" content=\"http:\/\/test3.aenima.gr\/wp-content\/uploads\/2018\/02\/ABCON-Services-1.jpg\" \/>\n<meta name=\"twitter:card\" content=\"summary_large_image\" \/>\n<meta name=\"twitter:label1\" content=\"Dur\u00e9e de lecture estim\u00e9e\" \/>\n\t<meta name=\"twitter:data1\" content=\"3 minutes\" \/>\n<script type=\"application\/ld+json\" class=\"yoast-schema-graph\">{\"@context\":\"https:\/\/schema.org\",\"@graph\":[{\"@type\":\"WebPage\",\"@id\":\"https:\/\/abcon.gr\/technical-support\/\",\"url\":\"https:\/\/abcon.gr\/technical-support\/\",\"name\":\"Support technique - A.B.CON.\",\"isPartOf\":{\"@id\":\"https:\/\/abcon.gr\/fr\/#website\"},\"primaryImageOfPage\":{\"@id\":\"https:\/\/abcon.gr\/technical-support\/#primaryimage\"},\"image\":{\"@id\":\"https:\/\/abcon.gr\/technical-support\/#primaryimage\"},\"thumbnailUrl\":\"http:\/\/test3.aenima.gr\/wp-content\/uploads\/2018\/02\/ABCON-Services-1.jpg\",\"datePublished\":\"2018-07-09T13:57:25+00:00\",\"dateModified\":\"2018-11-05T16:55:11+00:00\",\"breadcrumb\":{\"@id\":\"https:\/\/abcon.gr\/technical-support\/#breadcrumb\"},\"inLanguage\":\"fr-FR\",\"potentialAction\":[{\"@type\":\"ReadAction\",\"target\":[\"https:\/\/abcon.gr\/technical-support\/\"]}]},{\"@type\":\"ImageObject\",\"inLanguage\":\"fr-FR\",\"@id\":\"https:\/\/abcon.gr\/technical-support\/#primaryimage\",\"url\":\"http:\/\/test3.aenima.gr\/wp-content\/uploads\/2018\/02\/ABCON-Services-1.jpg\",\"contentUrl\":\"http:\/\/test3.aenima.gr\/wp-content\/uploads\/2018\/02\/ABCON-Services-1.jpg\"},{\"@type\":\"BreadcrumbList\",\"@id\":\"https:\/\/abcon.gr\/technical-support\/#breadcrumb\",\"itemListElement\":[{\"@type\":\"ListItem\",\"position\":1,\"name\":\"\u0391\u03c1\u03c7\u03b9\u03ba\u03ae\",\"item\":\"https:\/\/abcon.gr\/fr\/\"},{\"@type\":\"ListItem\",\"position\":2,\"name\":\"Support technique\"}]},{\"@type\":\"WebSite\",\"@id\":\"https:\/\/abcon.gr\/fr\/#website\",\"url\":\"https:\/\/abcon.gr\/fr\/\",\"name\":\"A.B.CON. - \u039c\u03b7\u03c7\u03b1\u03bd\u03ad\u03c2 \u0395\u03c0\u03b5\u03be\u03b5\u03c1\u03b3\u03b1\u03c3\u03af\u03b1\u03c2 \u03a3\u03ba\u03c5\u03c1\u03bf\u03b4\u03ad\u03bc\u03b1\u03c4\u03bf\u03c2 & \u03a0\u03c1\u03bf\u03ba\u03b1\u03c4\u03b1\u03c3\u03ba\u03b5\u03c5\u03ae\u03c2\",\"description\":\"\u039c\u03b7\u03c7\u03b1\u03bd\u03ad\u03c2 \u0395\u03c0\u03b5\u03be\u03b5\u03c1\u03b3\u03b1\u03c3\u03af\u03b1\u03c2 \u03a3\u03ba\u03c5\u03c1\u03bf\u03b4\u03ad\u03bc\u03b1\u03c4\u03bf\u03c2 &amp; \u03a0\u03c1\u03bf\u03ba\u03b1\u03c4\u03b1\u03c3\u03ba\u03b5\u03c5\u03ae\u03c2\",\"publisher\":{\"@id\":\"https:\/\/abcon.gr\/fr\/#organization\"},\"potentialAction\":[{\"@type\":\"SearchAction\",\"target\":{\"@type\":\"EntryPoint\",\"urlTemplate\":\"https:\/\/abcon.gr\/fr\/?s={search_term_string}\"},\"query-input\":{\"@type\":\"PropertyValueSpecification\",\"valueRequired\":true,\"valueName\":\"search_term_string\"}}],\"inLanguage\":\"fr-FR\"},{\"@type\":\"Organization\",\"@id\":\"https:\/\/abcon.gr\/fr\/#organization\",\"name\":\"A.B.CON. - \u039c\u03b7\u03c7\u03b1\u03bd\u03ad\u03c2 \u0395\u03c0\u03b5\u03be\u03b5\u03c1\u03b3\u03b1\u03c3\u03af\u03b1\u03c2 \u03a3\u03ba\u03c5\u03c1\u03bf\u03b4\u03ad\u03bc\u03b1\u03c4\u03bf\u03c2 & \u03a0\u03c1\u03bf\u03ba\u03b1\u03c4\u03b1\u03c3\u03ba\u03b5\u03c5\u03ae\u03c2\",\"url\":\"https:\/\/abcon.gr\/fr\/\",\"logo\":{\"@type\":\"ImageObject\",\"inLanguage\":\"fr-FR\",\"@id\":\"https:\/\/abcon.gr\/fr\/#\/schema\/logo\/image\/\",\"url\":\"https:\/\/abcon.gr\/wp-content\/uploads\/2021\/04\/logo_150.png\",\"contentUrl\":\"https:\/\/abcon.gr\/wp-content\/uploads\/2021\/04\/logo_150.png\",\"width\":150,\"height\":74,\"caption\":\"A.B.CON. - \u039c\u03b7\u03c7\u03b1\u03bd\u03ad\u03c2 \u0395\u03c0\u03b5\u03be\u03b5\u03c1\u03b3\u03b1\u03c3\u03af\u03b1\u03c2 \u03a3\u03ba\u03c5\u03c1\u03bf\u03b4\u03ad\u03bc\u03b1\u03c4\u03bf\u03c2 & \u03a0\u03c1\u03bf\u03ba\u03b1\u03c4\u03b1\u03c3\u03ba\u03b5\u03c5\u03ae\u03c2\"},\"image\":{\"@id\":\"https:\/\/abcon.gr\/fr\/#\/schema\/logo\/image\/\"},\"sameAs\":[\"https:\/\/www.facebook.com\/Steel.Precast.Solutions.ABCON\/\"]}]}<\/script>\n<!-- \/ Yoast SEO plugin. -->","yoast_head_json":{"title":"Support technique - A.B.CON.","robots":{"index":"index","follow":"follow","max-snippet":"max-snippet:-1","max-image-preview":"max-image-preview:large","max-video-preview":"max-video-preview:-1"},"canonical":"https:\/\/abcon.gr\/technical-support\/","og_locale":"fr_FR","og_type":"article","og_title":"Support technique - A.B.CON.","og_url":"https:\/\/abcon.gr\/technical-support\/","og_site_name":"A.B.CON.","article_publisher":"https:\/\/www.facebook.com\/Steel.Precast.Solutions.ABCON\/","article_modified_time":"2018-11-05T16:55:11+00:00","og_image":[{"url":"http:\/\/test3.aenima.gr\/wp-content\/uploads\/2018\/02\/ABCON-Services-1.jpg","type":"","width":"","height":""}],"twitter_card":"summary_large_image","twitter_misc":{"Dur\u00e9e de lecture estim\u00e9e":"3 minutes"},"schema":{"@context":"https:\/\/schema.org","@graph":[{"@type":"WebPage","@id":"https:\/\/abcon.gr\/technical-support\/","url":"https:\/\/abcon.gr\/technical-support\/","name":"Support technique - A.B.CON.","isPartOf":{"@id":"https:\/\/abcon.gr\/fr\/#website"},"primaryImageOfPage":{"@id":"https:\/\/abcon.gr\/technical-support\/#primaryimage"},"image":{"@id":"https:\/\/abcon.gr\/technical-support\/#primaryimage"},"thumbnailUrl":"http:\/\/test3.aenima.gr\/wp-content\/uploads\/2018\/02\/ABCON-Services-1.jpg","datePublished":"2018-07-09T13:57:25+00:00","dateModified":"2018-11-05T16:55:11+00:00","breadcrumb":{"@id":"https:\/\/abcon.gr\/technical-support\/#breadcrumb"},"inLanguage":"fr-FR","potentialAction":[{"@type":"ReadAction","target":["https:\/\/abcon.gr\/technical-support\/"]}]},{"@type":"ImageObject","inLanguage":"fr-FR","@id":"https:\/\/abcon.gr\/technical-support\/#primaryimage","url":"http:\/\/test3.aenima.gr\/wp-content\/uploads\/2018\/02\/ABCON-Services-1.jpg","contentUrl":"http:\/\/test3.aenima.gr\/wp-content\/uploads\/2018\/02\/ABCON-Services-1.jpg"},{"@type":"BreadcrumbList","@id":"https:\/\/abcon.gr\/technical-support\/#breadcrumb","itemListElement":[{"@type":"ListItem","position":1,"name":"\u0391\u03c1\u03c7\u03b9\u03ba\u03ae","item":"https:\/\/abcon.gr\/fr\/"},{"@type":"ListItem","position":2,"name":"Support technique"}]},{"@type":"WebSite","@id":"https:\/\/abcon.gr\/fr\/#website","url":"https:\/\/abcon.gr\/fr\/","name":"A.B.CON. - \u039c\u03b7\u03c7\u03b1\u03bd\u03ad\u03c2 \u0395\u03c0\u03b5\u03be\u03b5\u03c1\u03b3\u03b1\u03c3\u03af\u03b1\u03c2 \u03a3\u03ba\u03c5\u03c1\u03bf\u03b4\u03ad\u03bc\u03b1\u03c4\u03bf\u03c2 & \u03a0\u03c1\u03bf\u03ba\u03b1\u03c4\u03b1\u03c3\u03ba\u03b5\u03c5\u03ae\u03c2","description":"\u039c\u03b7\u03c7\u03b1\u03bd\u03ad\u03c2 \u0395\u03c0\u03b5\u03be\u03b5\u03c1\u03b3\u03b1\u03c3\u03af\u03b1\u03c2 \u03a3\u03ba\u03c5\u03c1\u03bf\u03b4\u03ad\u03bc\u03b1\u03c4\u03bf\u03c2 &amp; \u03a0\u03c1\u03bf\u03ba\u03b1\u03c4\u03b1\u03c3\u03ba\u03b5\u03c5\u03ae\u03c2","publisher":{"@id":"https:\/\/abcon.gr\/fr\/#organization"},"potentialAction":[{"@type":"SearchAction","target":{"@type":"EntryPoint","urlTemplate":"https:\/\/abcon.gr\/fr\/?s={search_term_string}"},"query-input":{"@type":"PropertyValueSpecification","valueRequired":true,"valueName":"search_term_string"}}],"inLanguage":"fr-FR"},{"@type":"Organization","@id":"https:\/\/abcon.gr\/fr\/#organization","name":"A.B.CON. - \u039c\u03b7\u03c7\u03b1\u03bd\u03ad\u03c2 \u0395\u03c0\u03b5\u03be\u03b5\u03c1\u03b3\u03b1\u03c3\u03af\u03b1\u03c2 \u03a3\u03ba\u03c5\u03c1\u03bf\u03b4\u03ad\u03bc\u03b1\u03c4\u03bf\u03c2 & \u03a0\u03c1\u03bf\u03ba\u03b1\u03c4\u03b1\u03c3\u03ba\u03b5\u03c5\u03ae\u03c2","url":"https:\/\/abcon.gr\/fr\/","logo":{"@type":"ImageObject","inLanguage":"fr-FR","@id":"https:\/\/abcon.gr\/fr\/#\/schema\/logo\/image\/","url":"https:\/\/abcon.gr\/wp-content\/uploads\/2021\/04\/logo_150.png","contentUrl":"https:\/\/abcon.gr\/wp-content\/uploads\/2021\/04\/logo_150.png","width":150,"height":74,"caption":"A.B.CON. - \u039c\u03b7\u03c7\u03b1\u03bd\u03ad\u03c2 \u0395\u03c0\u03b5\u03be\u03b5\u03c1\u03b3\u03b1\u03c3\u03af\u03b1\u03c2 \u03a3\u03ba\u03c5\u03c1\u03bf\u03b4\u03ad\u03bc\u03b1\u03c4\u03bf\u03c2 & \u03a0\u03c1\u03bf\u03ba\u03b1\u03c4\u03b1\u03c3\u03ba\u03b5\u03c5\u03ae\u03c2"},"image":{"@id":"https:\/\/abcon.gr\/fr\/#\/schema\/logo\/image\/"},"sameAs":["https:\/\/www.facebook.com\/Steel.Precast.Solutions.ABCON\/"]}]}},"_links":{"self":[{"href":"https:\/\/abcon.gr\/fr\/wp-json\/wp\/v2\/pages\/3832","targetHints":{"allow":["GET"]}}],"collection":[{"href":"https:\/\/abcon.gr\/fr\/wp-json\/wp\/v2\/pages"}],"about":[{"href":"https:\/\/abcon.gr\/fr\/wp-json\/wp\/v2\/types\/page"}],"author":[{"embeddable":true,"href":"https:\/\/abcon.gr\/fr\/wp-json\/wp\/v2\/users\/1"}],"replies":[{"embeddable":true,"href":"https:\/\/abcon.gr\/fr\/wp-json\/wp\/v2\/comments?post=3832"}],"version-history":[{"count":0,"href":"https:\/\/abcon.gr\/fr\/wp-json\/wp\/v2\/pages\/3832\/revisions"}],"wp:attachment":[{"href":"https:\/\/abcon.gr\/fr\/wp-json\/wp\/v2\/media?parent=3832"}],"curies":[{"name":"wp","href":"https:\/\/api.w.org\/{rel}","templated":true}]}}