{"id":3739,"date":"2018-07-07T17:59:19","date_gmt":"2018-07-07T14:59:19","guid":{"rendered":"http:\/\/test3.aenima.gr?page_id=3739"},"modified":"2022-02-02T12:10:45","modified_gmt":"2022-02-02T09:10:45","slug":"societe","status":"publish","type":"page","link":"https:\/\/abcon.gr\/fr\/societe\/","title":{"rendered":"Soci\u00e9t\u00e9"},"content":{"rendered":"<p><div class=\"fusion-fullwidth fullwidth-box fusion-builder-row-1 nonhundred-percent-fullwidth non-hundred-percent-height-scrolling\" style=\"--awb-border-radius-top-left:0px;--awb-border-radius-top-right:0px;--awb-border-radius-bottom-right:0px;--awb-border-radius-bottom-left:0px;--awb-flex-wrap:wrap;\" ><div class=\"fusion-builder-row fusion-row\"><div class=\"fusion-layout-column fusion_builder_column fusion-builder-column-0 fusion_builder_column_1_1 1_1 fusion-one-full fusion-column-first fusion-column-last\" style=\"--awb-bg-size:cover;\"><div class=\"fusion-column-wrapper fusion-flex-column-wrapper-legacy\"><div class=\"fusion-title title fusion-title-1 fusion-sep-none fusion-title-center fusion-title-text fusion-title-size-four\"><h4 class=\"fusion-title-heading title-heading-center fusion-responsive-typography-calculated\" style=\"margin:0;--fontSize:18;--minFontSize:18;line-height:1.52;\"><span style=\"font-weight: 400;\">La soci\u00e9t\u00e9 A.B.CON. op\u00e8re depuis 2006 dans le domaine de la construction en acier et en b\u00e9ton pr\u00e9fabriqu\u00e9, offrant une gamme de produits et services tels que:<\/span><\/h4><\/div><div class=\"fusion-clearfix\"><\/div><\/div><\/div><\/div><\/div><div class=\"fusion-fullwidth fullwidth-box fusion-builder-row-2 nonhundred-percent-fullwidth non-hundred-percent-height-scrolling\" style=\"--awb-border-radius-top-left:0px;--awb-border-radius-top-right:0px;--awb-border-radius-bottom-right:0px;--awb-border-radius-bottom-left:0px;--awb-flex-wrap:wrap;\" ><div class=\"fusion-builder-row fusion-row\"><div class=\"fusion-layout-column fusion_builder_column fusion-builder-column-1 fusion_builder_column_2_3 2_3 fusion-two-third fusion-column-first\" style=\"--awb-bg-size:cover;width:66.666666666667%;width:calc(66.666666666667% - ( ( 4% ) * 0.66666666666667 ) );margin-right: 4%;\"><div class=\"fusion-column-wrapper fusion-flex-column-wrapper-legacy\"><div class=\"accordian fusion-accordian\" style=\"--awb-border-size:1px;--awb-icon-size:13px;--awb-content-font-size:16px;--awb-icon-alignment:left;--awb-hover-color:#f9f9f9;--awb-border-color:#cccccc;--awb-background-color:#ffffff;--awb-divider-color:#eae8e8;--awb-divider-hover-color:#eae8e8;--awb-icon-color:#ffffff;--awb-title-color:#333333;--awb-content-color:#747474;--awb-icon-box-color:#333333;--awb-toggle-hover-accent-color:#217c73;--awb-title-font-family:&quot;Open Sans&quot;;--awb-title-font-weight:regular;--awb-title-font-style:normal;--awb-title-font-size:18px;--awb-content-font-family:&quot;Open Sans&quot;;--awb-content-font-style:normal;--awb-content-font-weight:regular;\"><div class=\"panel-group fusion-toggle-icon-boxed\" id=\"accordion-3739-1\"><div class=\"fusion-panel panel-default panel-dde9816cf6c9af662 fusion-toggle-has-divider\"><div class=\"panel-heading\"><h4 class=\"panel-title toggle\" id=\"toggle_dde9816cf6c9af662\"><a aria-expanded=\"false\" aria-controls=\"dde9816cf6c9af662\" role=\"button\" data-toggle=\"collapse\" data-parent=\"#accordion-3739-1\" data-target=\"#dde9816cf6c9af662\" href=\"#dde9816cf6c9af662\"><span class=\"fusion-toggle-icon-wrapper\" aria-hidden=\"true\"><i class=\"fa-fusion-box active-icon awb-icon-minus\" aria-hidden=\"true\"><\/i><i class=\"fa-fusion-box inactive-icon awb-icon-plus\" aria-hidden=\"true\"><\/i><\/span><span class=\"fusion-toggle-heading\">Des machines pour le travail du fer de construction<\/span><\/a><\/h4><\/div><div id=\"dde9816cf6c9af662\" class=\"panel-collapse collapse \" aria-labelledby=\"toggle_dde9816cf6c9af662\"><div class=\"panel-body toggle-content fusion-clearfix\">\n<p align=\"justify\"><span lang=\"fr-FR\">A.B.CON, distributeur exclusif de Schnell et de Tecmor en Gr\u00e8ce et \u00e0 Chypre, propose une gamme compl\u00e8te de machines d&rsquo;usinage pour l&rsquo;acier de construction.<\/span><\/p>\n<\/div><\/div><\/div><div class=\"fusion-panel panel-default panel-3ed7030b8f8596bb2 fusion-toggle-has-divider\"><div class=\"panel-heading\"><h4 class=\"panel-title toggle\" id=\"toggle_3ed7030b8f8596bb2\"><a aria-expanded=\"false\" aria-controls=\"3ed7030b8f8596bb2\" role=\"button\" data-toggle=\"collapse\" data-parent=\"#accordion-3739-1\" data-target=\"#3ed7030b8f8596bb2\" href=\"#3ed7030b8f8596bb2\"><span class=\"fusion-toggle-icon-wrapper\" aria-hidden=\"true\"><i class=\"fa-fusion-box active-icon awb-icon-minus\" aria-hidden=\"true\"><\/i><i class=\"fa-fusion-box inactive-icon awb-icon-plus\" aria-hidden=\"true\"><\/i><\/span><span class=\"fusion-toggle-heading\">Des machines pour la construction d'armatures sp\u00e9ciales (cages, tunnels, etc)<\/span><\/a><\/h4><\/div><div id=\"3ed7030b8f8596bb2\" class=\"panel-collapse collapse \" aria-labelledby=\"toggle_3ed7030b8f8596bb2\"><div class=\"panel-body toggle-content fusion-clearfix\">\n<p align=\"justify\"><span lang=\"fr-FR\">La large gamme de machines comprend des machines pour la construction de renforcements sp\u00e9ciaux pour des projets tels que des ponts, des tunnels, etc.<\/span><\/p>\n<\/div><\/div><\/div><div class=\"fusion-panel panel-default panel-7d1b6fc44eb474dc1 fusion-toggle-has-divider\"><div class=\"panel-heading\"><h4 class=\"panel-title toggle\" id=\"toggle_7d1b6fc44eb474dc1\"><a aria-expanded=\"false\" aria-controls=\"7d1b6fc44eb474dc1\" role=\"button\" data-toggle=\"collapse\" data-parent=\"#accordion-3739-1\" data-target=\"#7d1b6fc44eb474dc1\" href=\"#7d1b6fc44eb474dc1\"><span class=\"fusion-toggle-icon-wrapper\" aria-hidden=\"true\"><i class=\"fa-fusion-box active-icon awb-icon-minus\" aria-hidden=\"true\"><\/i><i class=\"fa-fusion-box inactive-icon awb-icon-plus\" aria-hidden=\"true\"><\/i><\/span><span class=\"fusion-toggle-heading\">Des machines pour la production d'\u00e9l\u00e9ments pr\u00e9fabriqu\u00e9s en b\u00e9ton<\/span><\/a><\/h4><\/div><div id=\"7d1b6fc44eb474dc1\" class=\"panel-collapse collapse \" aria-labelledby=\"toggle_7d1b6fc44eb474dc1\"><div class=\"panel-body toggle-content fusion-clearfix\">\n<p align=\"justify\"><span lang=\"fr-FR\">Collaboration exclusive avec Bianchi Casseforme Srl fournit une gamme compl\u00e8te de machines et d&rsquo;\u00e9quipements pour les \u00e9l\u00e9ments pr\u00e9fabriqu\u00e9s en b\u00e9ton (moules, carrousel, aimants, \u00e9quipements de pr\u00e9contrainte, etc.)<\/span><\/p>\n<\/div><\/div><\/div><div class=\"fusion-panel panel-default panel-b2b320c5c17159946 fusion-toggle-has-divider\"><div class=\"panel-heading\"><h4 class=\"panel-title toggle\" id=\"toggle_b2b320c5c17159946\"><a aria-expanded=\"false\" aria-controls=\"b2b320c5c17159946\" role=\"button\" data-toggle=\"collapse\" data-parent=\"#accordion-3739-1\" data-target=\"#b2b320c5c17159946\" href=\"#b2b320c5c17159946\"><span class=\"fusion-toggle-icon-wrapper\" aria-hidden=\"true\"><i class=\"fa-fusion-box active-icon awb-icon-minus\" aria-hidden=\"true\"><\/i><i class=\"fa-fusion-box inactive-icon awb-icon-plus\" aria-hidden=\"true\"><\/i><\/span><span class=\"fusion-toggle-heading\">Un logiciel sp\u00e9cial et des programmes pour l'organisation de la fabrication<\/span><\/a><\/h4><\/div><div id=\"b2b320c5c17159946\" class=\"panel-collapse collapse \" aria-labelledby=\"toggle_b2b320c5c17159946\"><div class=\"panel-body toggle-content fusion-clearfix\">\n<p align=\"justify\"><span lang=\"fr-FR\">En collaboration avec de grandes entreprises europ\u00e9ennes, A.B.CON a d\u00e9velopp\u00e9 un logiciel d\u00e9di\u00e9 \u00e0 la conception, \u00e0 l\u2019organisation et au contr\u00f4le de la production dans l\u2019industrie.<\/span><\/p>\n<\/div><\/div><\/div><div class=\"fusion-panel panel-default panel-3138687f858dd4e1b fusion-toggle-has-divider\"><div class=\"panel-heading\"><h4 class=\"panel-title toggle\" id=\"toggle_3138687f858dd4e1b\"><a aria-expanded=\"false\" aria-controls=\"3138687f858dd4e1b\" role=\"button\" data-toggle=\"collapse\" data-parent=\"#accordion-3739-1\" data-target=\"#3138687f858dd4e1b\" href=\"#3138687f858dd4e1b\"><span class=\"fusion-toggle-icon-wrapper\" aria-hidden=\"true\"><i class=\"fa-fusion-box active-icon awb-icon-minus\" aria-hidden=\"true\"><\/i><i class=\"fa-fusion-box inactive-icon awb-icon-plus\" aria-hidden=\"true\"><\/i><\/span><span class=\"fusion-toggle-heading\">Assistance technique, installation, maintenance planifi\u00e9e, etc<\/span><\/a><\/h4><\/div><div id=\"3138687f858dd4e1b\" class=\"panel-collapse collapse \" aria-labelledby=\"toggle_3138687f858dd4e1b\"><div class=\"panel-body toggle-content fusion-clearfix\">\n<p align=\"justify\"><span lang=\"fr-FR\">Avec la contribution du personnel technique qualifi\u00e9, une gamme compl\u00e8te de services apr\u00e8s-vente est fournie.<\/span><\/p>\n<\/div><\/div><\/div><\/div><\/div><div class=\"fusion-clearfix\"><\/div><\/div><\/div><div class=\"fusion-layout-column fusion_builder_column fusion-builder-column-2 fusion_builder_column_1_3 1_3 fusion-one-third fusion-column-last\" style=\"--awb-bg-size:cover;width:33.333333333333%;width:calc(33.333333333333% - ( ( 4% ) * 0.33333333333333 ) );\"><div class=\"fusion-column-wrapper fusion-flex-column-wrapper-legacy\"><div class=\"fusion-image-element in-legacy-container\" style=\"--awb-caption-title-font-family:var(--h2_typography-font-family);--awb-caption-title-font-weight:var(--h2_typography-font-weight);--awb-caption-title-font-style:var(--h2_typography-font-style);--awb-caption-title-size:var(--h2_typography-font-size);--awb-caption-title-transform:var(--h2_typography-text-transform);--awb-caption-title-line-height:var(--h2_typography-line-height);--awb-caption-title-letter-spacing:var(--h2_typography-letter-spacing);\"><span class=\" fusion-imageframe imageframe-none imageframe-1 hover-type-none\"><img decoding=\"async\" width=\"900\" height=\"901\" alt=\"ABCONCompany\" title=\"ABCONCompany\" src=\"http:\/\/test3.aenima.gr\/wp-content\/uploads\/2018\/02\/ABCONCompany.jpg\" class=\"img-responsive wp-image-3741\" srcset=\"https:\/\/abcon.gr\/wp-content\/uploads\/2018\/02\/ABCONCompany-200x200.jpg 200w, https:\/\/abcon.gr\/wp-content\/uploads\/2018\/02\/ABCONCompany-400x400.jpg 400w, https:\/\/abcon.gr\/wp-content\/uploads\/2018\/02\/ABCONCompany-600x601.jpg 600w, https:\/\/abcon.gr\/wp-content\/uploads\/2018\/02\/ABCONCompany-800x801.jpg 800w, https:\/\/abcon.gr\/wp-content\/uploads\/2018\/02\/ABCONCompany.jpg 900w\" sizes=\"(max-width: 800px) 100vw, 400px\" \/><\/span><\/div><div class=\"fusion-clearfix\"><\/div><\/div><\/div><\/div><\/div><div class=\"fusion-fullwidth fullwidth-box fusion-builder-row-3 nonhundred-percent-fullwidth non-hundred-percent-height-scrolling\" style=\"--awb-border-radius-top-left:0px;--awb-border-radius-top-right:0px;--awb-border-radius-bottom-right:0px;--awb-border-radius-bottom-left:0px;--awb-padding-top:30px;--awb-flex-wrap:wrap;\" ><div class=\"fusion-builder-row fusion-row\"><div class=\"fusion-layout-column fusion_builder_column fusion-builder-column-3 fusion_builder_column_1_1 1_1 fusion-one-full fusion-column-first fusion-column-last\" style=\"--awb-bg-size:cover;\"><div class=\"fusion-column-wrapper fusion-flex-column-wrapper-legacy\"><div class=\"fusion-reading-box-container reading-box-container-1\" style=\"--awb-title-color:#303030;--awb-margin-top:0px;--awb-margin-bottom:84px;\"><div class=\"reading-box reading-box-center\" style=\"background-color:#f5f5f5;border-width:1px;border-color:#f5f5f5;border-left-width:3px;border-left-color:var(--primary_color);border-style:solid;\"><h2>Sa t\u00e2che principale est de promouvoir les produits innovants et les syst\u00e8mes technologiques avanc\u00e9s, afin d'optimiser la productivit\u00e9 dans l'industrie.\nL\u2019A.B.CON. est le repr\u00e9sentant exclusif de grandes entreprises internationales, telles que la Schnell SpA (Italie), la Bianchi Casseforme S.r.L. (Italie), la 3R (France) et la Tecmor (Italie). <\/h2><div class=\"reading-box-additional fusion-reading-box-additional\">\n<p>A.B.CON. repr\u00e9sente en Gr\u00e8ce et \u00e0 Chypre de grandes soci\u00e9t\u00e9s \u00e9trang\u00e8res, toujours sous la forme de repr\u00e9sentations exclusives. Depuis 2010, A.B.CON. est \u00e9galement actif sur les march\u00e9s alg\u00e9rien, tunisien, libyen et libanais, avec des agents locaux.<\/p>\n<\/div><div class=\"fusion-clearfix\"><\/div><\/div><\/div><div class=\"fusion-clearfix\"><\/div><\/div><\/div><\/div><\/div><\/p>\n","protected":false},"excerpt":{"rendered":"","protected":false},"author":1,"featured_media":0,"parent":0,"menu_order":0,"comment_status":"closed","ping_status":"closed","template":"","meta":{"_exactmetrics_skip_tracking":false,"_exactmetrics_sitenote_active":false,"_exactmetrics_sitenote_note":"","_exactmetrics_sitenote_category":0,"footnotes":""},"class_list":["post-3739","page","type-page","status-publish","hentry"],"yoast_head":"<!-- This site is optimized with the Yoast SEO plugin v26.8 - https:\/\/yoast.com\/product\/yoast-seo-wordpress\/ -->\n<title>Soci\u00e9t\u00e9 - A.B.CON.<\/title>\n<meta name=\"robots\" content=\"index, follow, max-snippet:-1, max-image-preview:large, max-video-preview:-1\" \/>\n<link rel=\"canonical\" href=\"https:\/\/abcon.gr\/company\/\" \/>\n<meta property=\"og:locale\" content=\"fr_FR\" \/>\n<meta property=\"og:type\" content=\"article\" \/>\n<meta property=\"og:title\" content=\"Soci\u00e9t\u00e9 - A.B.CON.\" \/>\n<meta property=\"og:url\" content=\"https:\/\/abcon.gr\/company\/\" \/>\n<meta property=\"og:site_name\" content=\"A.B.CON.\" \/>\n<meta property=\"article:publisher\" content=\"https:\/\/www.facebook.com\/Steel.Precast.Solutions.ABCON\/\" \/>\n<meta property=\"article:modified_time\" content=\"2022-02-02T09:10:45+00:00\" \/>\n<meta property=\"og:image\" content=\"https:\/\/abcon.gr\/wp-content\/uploads\/2022\/01\/2.jpg\" \/>\n\t<meta property=\"og:image:width\" content=\"2117\" \/>\n\t<meta property=\"og:image:height\" content=\"1416\" \/>\n\t<meta property=\"og:image:type\" content=\"image\/jpeg\" \/>\n<meta name=\"twitter:card\" content=\"summary_large_image\" \/>\n<meta name=\"twitter:label1\" content=\"Dur\u00e9e de lecture estim\u00e9e\" \/>\n\t<meta name=\"twitter:data1\" content=\"6 minutes\" \/>\n<script type=\"application\/ld+json\" class=\"yoast-schema-graph\">{\"@context\":\"https:\/\/schema.org\",\"@graph\":[{\"@type\":\"WebPage\",\"@id\":\"https:\/\/abcon.gr\/company\/\",\"url\":\"https:\/\/abcon.gr\/company\/\",\"name\":\"Soci\u00e9t\u00e9 - A.B.CON.\",\"isPartOf\":{\"@id\":\"https:\/\/abcon.gr\/fr\/#website\"},\"datePublished\":\"2018-07-07T14:59:19+00:00\",\"dateModified\":\"2022-02-02T09:10:45+00:00\",\"breadcrumb\":{\"@id\":\"https:\/\/abcon.gr\/company\/#breadcrumb\"},\"inLanguage\":\"fr-FR\",\"potentialAction\":[{\"@type\":\"ReadAction\",\"target\":[\"https:\/\/abcon.gr\/company\/\"]}]},{\"@type\":\"BreadcrumbList\",\"@id\":\"https:\/\/abcon.gr\/company\/#breadcrumb\",\"itemListElement\":[{\"@type\":\"ListItem\",\"position\":1,\"name\":\"\u0391\u03c1\u03c7\u03b9\u03ba\u03ae\",\"item\":\"https:\/\/abcon.gr\/fr\/\"},{\"@type\":\"ListItem\",\"position\":2,\"name\":\"Soci\u00e9t\u00e9\"}]},{\"@type\":\"WebSite\",\"@id\":\"https:\/\/abcon.gr\/fr\/#website\",\"url\":\"https:\/\/abcon.gr\/fr\/\",\"name\":\"A.B.CON. - \u039c\u03b7\u03c7\u03b1\u03bd\u03ad\u03c2 \u0395\u03c0\u03b5\u03be\u03b5\u03c1\u03b3\u03b1\u03c3\u03af\u03b1\u03c2 \u03a3\u03ba\u03c5\u03c1\u03bf\u03b4\u03ad\u03bc\u03b1\u03c4\u03bf\u03c2 & \u03a0\u03c1\u03bf\u03ba\u03b1\u03c4\u03b1\u03c3\u03ba\u03b5\u03c5\u03ae\u03c2\",\"description\":\"\u039c\u03b7\u03c7\u03b1\u03bd\u03ad\u03c2 \u0395\u03c0\u03b5\u03be\u03b5\u03c1\u03b3\u03b1\u03c3\u03af\u03b1\u03c2 \u03a3\u03ba\u03c5\u03c1\u03bf\u03b4\u03ad\u03bc\u03b1\u03c4\u03bf\u03c2 &amp; \u03a0\u03c1\u03bf\u03ba\u03b1\u03c4\u03b1\u03c3\u03ba\u03b5\u03c5\u03ae\u03c2\",\"publisher\":{\"@id\":\"https:\/\/abcon.gr\/fr\/#organization\"},\"potentialAction\":[{\"@type\":\"SearchAction\",\"target\":{\"@type\":\"EntryPoint\",\"urlTemplate\":\"https:\/\/abcon.gr\/fr\/?s={search_term_string}\"},\"query-input\":{\"@type\":\"PropertyValueSpecification\",\"valueRequired\":true,\"valueName\":\"search_term_string\"}}],\"inLanguage\":\"fr-FR\"},{\"@type\":\"Organization\",\"@id\":\"https:\/\/abcon.gr\/fr\/#organization\",\"name\":\"A.B.CON. - \u039c\u03b7\u03c7\u03b1\u03bd\u03ad\u03c2 \u0395\u03c0\u03b5\u03be\u03b5\u03c1\u03b3\u03b1\u03c3\u03af\u03b1\u03c2 \u03a3\u03ba\u03c5\u03c1\u03bf\u03b4\u03ad\u03bc\u03b1\u03c4\u03bf\u03c2 & \u03a0\u03c1\u03bf\u03ba\u03b1\u03c4\u03b1\u03c3\u03ba\u03b5\u03c5\u03ae\u03c2\",\"url\":\"https:\/\/abcon.gr\/fr\/\",\"logo\":{\"@type\":\"ImageObject\",\"inLanguage\":\"fr-FR\",\"@id\":\"https:\/\/abcon.gr\/fr\/#\/schema\/logo\/image\/\",\"url\":\"https:\/\/abcon.gr\/wp-content\/uploads\/2021\/04\/logo_150.png\",\"contentUrl\":\"https:\/\/abcon.gr\/wp-content\/uploads\/2021\/04\/logo_150.png\",\"width\":150,\"height\":74,\"caption\":\"A.B.CON. - \u039c\u03b7\u03c7\u03b1\u03bd\u03ad\u03c2 \u0395\u03c0\u03b5\u03be\u03b5\u03c1\u03b3\u03b1\u03c3\u03af\u03b1\u03c2 \u03a3\u03ba\u03c5\u03c1\u03bf\u03b4\u03ad\u03bc\u03b1\u03c4\u03bf\u03c2 & \u03a0\u03c1\u03bf\u03ba\u03b1\u03c4\u03b1\u03c3\u03ba\u03b5\u03c5\u03ae\u03c2\"},\"image\":{\"@id\":\"https:\/\/abcon.gr\/fr\/#\/schema\/logo\/image\/\"},\"sameAs\":[\"https:\/\/www.facebook.com\/Steel.Precast.Solutions.ABCON\/\"]}]}<\/script>\n<!-- \/ Yoast SEO plugin. -->","yoast_head_json":{"title":"Soci\u00e9t\u00e9 - A.B.CON.","robots":{"index":"index","follow":"follow","max-snippet":"max-snippet:-1","max-image-preview":"max-image-preview:large","max-video-preview":"max-video-preview:-1"},"canonical":"https:\/\/abcon.gr\/company\/","og_locale":"fr_FR","og_type":"article","og_title":"Soci\u00e9t\u00e9 - A.B.CON.","og_url":"https:\/\/abcon.gr\/company\/","og_site_name":"A.B.CON.","article_publisher":"https:\/\/www.facebook.com\/Steel.Precast.Solutions.ABCON\/","article_modified_time":"2022-02-02T09:10:45+00:00","og_image":[{"width":2117,"height":1416,"url":"https:\/\/abcon.gr\/wp-content\/uploads\/2022\/01\/2.jpg","type":"image\/jpeg"}],"twitter_card":"summary_large_image","twitter_misc":{"Dur\u00e9e de lecture estim\u00e9e":"6 minutes"},"schema":{"@context":"https:\/\/schema.org","@graph":[{"@type":"WebPage","@id":"https:\/\/abcon.gr\/company\/","url":"https:\/\/abcon.gr\/company\/","name":"Soci\u00e9t\u00e9 - A.B.CON.","isPartOf":{"@id":"https:\/\/abcon.gr\/fr\/#website"},"datePublished":"2018-07-07T14:59:19+00:00","dateModified":"2022-02-02T09:10:45+00:00","breadcrumb":{"@id":"https:\/\/abcon.gr\/company\/#breadcrumb"},"inLanguage":"fr-FR","potentialAction":[{"@type":"ReadAction","target":["https:\/\/abcon.gr\/company\/"]}]},{"@type":"BreadcrumbList","@id":"https:\/\/abcon.gr\/company\/#breadcrumb","itemListElement":[{"@type":"ListItem","position":1,"name":"\u0391\u03c1\u03c7\u03b9\u03ba\u03ae","item":"https:\/\/abcon.gr\/fr\/"},{"@type":"ListItem","position":2,"name":"Soci\u00e9t\u00e9"}]},{"@type":"WebSite","@id":"https:\/\/abcon.gr\/fr\/#website","url":"https:\/\/abcon.gr\/fr\/","name":"A.B.CON. - \u039c\u03b7\u03c7\u03b1\u03bd\u03ad\u03c2 \u0395\u03c0\u03b5\u03be\u03b5\u03c1\u03b3\u03b1\u03c3\u03af\u03b1\u03c2 \u03a3\u03ba\u03c5\u03c1\u03bf\u03b4\u03ad\u03bc\u03b1\u03c4\u03bf\u03c2 & \u03a0\u03c1\u03bf\u03ba\u03b1\u03c4\u03b1\u03c3\u03ba\u03b5\u03c5\u03ae\u03c2","description":"\u039c\u03b7\u03c7\u03b1\u03bd\u03ad\u03c2 \u0395\u03c0\u03b5\u03be\u03b5\u03c1\u03b3\u03b1\u03c3\u03af\u03b1\u03c2 \u03a3\u03ba\u03c5\u03c1\u03bf\u03b4\u03ad\u03bc\u03b1\u03c4\u03bf\u03c2 &amp; \u03a0\u03c1\u03bf\u03ba\u03b1\u03c4\u03b1\u03c3\u03ba\u03b5\u03c5\u03ae\u03c2","publisher":{"@id":"https:\/\/abcon.gr\/fr\/#organization"},"potentialAction":[{"@type":"SearchAction","target":{"@type":"EntryPoint","urlTemplate":"https:\/\/abcon.gr\/fr\/?s={search_term_string}"},"query-input":{"@type":"PropertyValueSpecification","valueRequired":true,"valueName":"search_term_string"}}],"inLanguage":"fr-FR"},{"@type":"Organization","@id":"https:\/\/abcon.gr\/fr\/#organization","name":"A.B.CON. - \u039c\u03b7\u03c7\u03b1\u03bd\u03ad\u03c2 \u0395\u03c0\u03b5\u03be\u03b5\u03c1\u03b3\u03b1\u03c3\u03af\u03b1\u03c2 \u03a3\u03ba\u03c5\u03c1\u03bf\u03b4\u03ad\u03bc\u03b1\u03c4\u03bf\u03c2 & \u03a0\u03c1\u03bf\u03ba\u03b1\u03c4\u03b1\u03c3\u03ba\u03b5\u03c5\u03ae\u03c2","url":"https:\/\/abcon.gr\/fr\/","logo":{"@type":"ImageObject","inLanguage":"fr-FR","@id":"https:\/\/abcon.gr\/fr\/#\/schema\/logo\/image\/","url":"https:\/\/abcon.gr\/wp-content\/uploads\/2021\/04\/logo_150.png","contentUrl":"https:\/\/abcon.gr\/wp-content\/uploads\/2021\/04\/logo_150.png","width":150,"height":74,"caption":"A.B.CON. - \u039c\u03b7\u03c7\u03b1\u03bd\u03ad\u03c2 \u0395\u03c0\u03b5\u03be\u03b5\u03c1\u03b3\u03b1\u03c3\u03af\u03b1\u03c2 \u03a3\u03ba\u03c5\u03c1\u03bf\u03b4\u03ad\u03bc\u03b1\u03c4\u03bf\u03c2 & \u03a0\u03c1\u03bf\u03ba\u03b1\u03c4\u03b1\u03c3\u03ba\u03b5\u03c5\u03ae\u03c2"},"image":{"@id":"https:\/\/abcon.gr\/fr\/#\/schema\/logo\/image\/"},"sameAs":["https:\/\/www.facebook.com\/Steel.Precast.Solutions.ABCON\/"]}]}},"_links":{"self":[{"href":"https:\/\/abcon.gr\/fr\/wp-json\/wp\/v2\/pages\/3739","targetHints":{"allow":["GET"]}}],"collection":[{"href":"https:\/\/abcon.gr\/fr\/wp-json\/wp\/v2\/pages"}],"about":[{"href":"https:\/\/abcon.gr\/fr\/wp-json\/wp\/v2\/types\/page"}],"author":[{"embeddable":true,"href":"https:\/\/abcon.gr\/fr\/wp-json\/wp\/v2\/users\/1"}],"replies":[{"embeddable":true,"href":"https:\/\/abcon.gr\/fr\/wp-json\/wp\/v2\/comments?post=3739"}],"version-history":[{"count":4,"href":"https:\/\/abcon.gr\/fr\/wp-json\/wp\/v2\/pages\/3739\/revisions"}],"predecessor-version":[{"id":10684,"href":"https:\/\/abcon.gr\/fr\/wp-json\/wp\/v2\/pages\/3739\/revisions\/10684"}],"wp:attachment":[{"href":"https:\/\/abcon.gr\/fr\/wp-json\/wp\/v2\/media?parent=3739"}],"curies":[{"name":"wp","href":"https:\/\/api.w.org\/{rel}","templated":true}]}}