{"id":10836,"date":"2024-03-01T02:36:43","date_gmt":"2024-02-29T23:36:43","guid":{"rendered":"https:\/\/abcon.gr\/%ce%b4%ce%ae%ce%bb%cf%89%cf%83%ce%b7-%ce%b1%cf%80%ce%bf%cf%81%cf%81%ce%ae%cf%84%ce%bf%cf%85-%ce%b7%cf%80%ce%b1\/"},"modified":"2024-03-01T02:50:55","modified_gmt":"2024-02-29T23:50:55","slug":"%ce%b4%ce%ae%ce%bb%cf%89%cf%83%ce%b7-%ce%b1%cf%80%ce%bf%cf%81%cf%81%ce%ae%cf%84%ce%bf%cf%85-%ce%b7%cf%80%ce%b1","status":"publish","type":"page","link":"https:\/\/abcon.gr\/fr\/%ce%b4%ce%ae%ce%bb%cf%89%cf%83%ce%b7-%ce%b1%cf%80%ce%bf%cf%81%cf%81%ce%ae%cf%84%ce%bf%cf%85-%ce%b7%cf%80%ce%b1\/","title":{"rendered":"\u0394\u03ae\u03bb\u03c9\u03c3\u03b7 \u0391\u03c0\u03bf\u03c1\u03c1\u03ae\u03c4\u03bf\u03c5 (\u0397\u03a0\u0391)"},"content":{"rendered":"<div class=\"fusion-fullwidth fullwidth-box fusion-builder-row-1 fusion-flex-container nonhundred-percent-fullwidth non-hundred-percent-height-scrolling\" style=\"--awb-border-radius-top-left:0px;--awb-border-radius-top-right:0px;--awb-border-radius-bottom-right:0px;--awb-border-radius-bottom-left:0px;--awb-flex-wrap:wrap;\" ><div class=\"fusion-builder-row fusion-row fusion-flex-align-items-flex-start fusion-flex-content-wrap\" style=\"max-width:1216.8px;margin-left: calc(-4% \/ 2 );margin-right: calc(-4% \/ 2 );\"><div class=\"fusion-layout-column fusion_builder_column fusion-builder-column-0 fusion_builder_column_1_1 1_1 fusion-flex-column\" style=\"--awb-bg-size:cover;--awb-width-large:100%;--awb-margin-top-large:0px;--awb-spacing-right-large:1.92%;--awb-margin-bottom-large:0px;--awb-spacing-left-large:1.92%;--awb-width-medium:100%;--awb-spacing-right-medium:1.92%;--awb-spacing-left-medium:1.92%;--awb-width-small:100%;--awb-spacing-right-small:1.92%;--awb-spacing-left-small:1.92%;\"><div class=\"fusion-column-wrapper fusion-flex-justify-content-flex-start fusion-content-layout-column\"><div class=\"fusion-text fusion-text-1\"><p><!-- Legal document generated by Complianz | GDPR\/CCPA Cookie Consent https:\/\/wordpress.org\/plugins\/complianz-gdpr --><\/p>\n<div id=\"cmplz-document\" class=\"cmplz-document privacy-statement cmplz-document-us\">\n<p><i>This privacy statement was last changed on 01\/03\/2025, last checked on 01\/03\/2025, and applies to citizens and legal permanent residents of the United States.<\/i><\/p>\n<p>In this privacy statement, we explain what we do with the data we obtain about you via <a href=\"https:\/\/abcon.gr\/fr\/\">https:\/\/abcon.gr\/fr\/<\/a>. We recommend you carefully read this statement. In our processing we comply with the requirements of privacy legislation. That means, among other things, that:<\/p>\n<ul>\n<li>we clearly state the purposes for which we process personal data. We do this by means of this privacy statement;<\/li>\n<li>we aim to limit our collection of personal data to only the personal data required for legitimate purposes;<\/li>\n<li>we first request your explicit consent to process your personal data in cases requiring your consent;<\/li>\n<li>we take appropriate security measures to protect your personal data and also require this from parties that process personal data on our behalf;<\/li>\n<li>we respect your right to access your personal data or have it corrected or deleted, at your request.<\/li>\n<\/ul>\n<p>If you have any questions, or want to know exactly what data we keep of you, please contact us.<\/p>\n<h2>1. Finalit\u00e9 et cat\u00e9gories de donn\u00e9es<\/h2>\n<p>Nous pouvons collecter ou recevoir des informations personnelles pour un certain nombre de raisons li\u00e9es \u00e0 nos activit\u00e9s commerciales, notamment les suivantes\u00a0: (cliquez pour d\u00e9plier)<\/b><\/p>\n<details class=\"cmplz-dropdown dropdown-privacy-statement\">\n<summary>\n<div>\n<h3>1.1 Contact &#8211; Par t\u00e9l\u00e9phone, courrier, e-mail et\/ou formulaires web<\/h3>\n<\/div>\n<\/summary>\n<p class=\"cmplz-subtitle\">Les cat\u00e9gories de donn\u00e9es suivantes sont collect\u00e9es<\/p>\n<ul>\n<li>Un pr\u00e9nom et un nom de famille<\/li>\n<li>Une adresse e-mail<\/li>\n<\/ul>\n<p class=\"cmplz-subtitle\">Dur\u00e9e de conservation<\/p>\n<p>Nous conservons ces donn\u00e9es \u00e0 la fin du service pendant le nombre de mois suivant\u00a0: 12<\/p>\n<\/details>\n<details class=\"cmplz-dropdown dropdown-privacy-statement\">\n<summary>\n<div>\n<h3>1.2 Compiler et analyser des statistiques pour l\u2019am\u00e9lioration du site web.<\/h3>\n<\/div>\n<\/summary>\n<p class=\"cmplz-subtitle\">Les cat\u00e9gories de donn\u00e9es suivantes sont collect\u00e9es<\/p>\n<ul>\n<li>Informations sur l\u2019activit\u00e9 internet, y compris, mais sans s\u2019y limiter, l\u2019historique de navigation, l\u2019historique de recherche et les informations concernant l\u2019interaction d\u2019un consommateur avec un site web, une application ou une publicit\u00e9 internet<\/li>\n<li>Donn\u00e9es de g\u00e9olocalisation<\/li>\n<\/ul>\n<p class=\"cmplz-subtitle\">Dur\u00e9e de conservation<\/p>\n<p>Nous conservons ces donn\u00e9es \u00e0 la fin du service pendant le nombre de mois suivant\u00a0: 12<\/p>\n<\/details>\n<h2>2. Disclosure practices<\/h2>\n<p><p>Nous divulguons des informations personnelles si nous y sommes tenus par la loi ou par une ordonnance du tribunal, en r\u00e9ponse \u00e0 un organisme d\u2019application de la loi, dans la mesure permise par d\u2019autres dispositions de la loi, pour fournir des informations, ou pour une enqu\u00eate sur une question li\u00e9e \u00e0 la s\u00e9curit\u00e9 publique.<\/p>\n<p>Si notre site web ou notre organisation est repris, vendu ou impliqu\u00e9 dans une fusion ou une acquisition, vos donn\u00e9es peuvent \u00eatre divulgu\u00e9es \u00e0 nos conseillers et \u00e0 tout acheteur potentiel et seront transmises aux nouveaux propri\u00e9taires.<\/p>\n<\/p>\n<h2>3. How we respond to Do Not Track signals &amp; Global Privacy Control <\/h2>\n<p>Our website does not respond to and does not support the Do Not Track (DNT) header request field.<\/p>\n<h2>4. Cookies<\/h2>\n<p>Our website uses cookies. For more information about cookies, please refer to our Cookie Policy on our <a href=\"https:\/\/abcon.gr\/fr\/opt-out-preferences\/\">Opt-out preferences<\/a> webpage.&nbsp;<\/p>\n<p>We have concluded a data processing agreement with Google.<\/p>\n<p>Google may not use the data for any other Google services.<\/p>\n<p>The inclusion of full IP addresses is blocked by us.<\/p>\n<h2>5. Security<\/h2>\n<p>We are committed to the security of personal data. We take appropriate security measures to limit abuse of and unauthorized access to personal data. This ensures that only the necessary persons have access to your data, that access to the data is protected, and that our security measures are regularly reviewed.<\/p>\n<h2>6. Third-party websites<\/h2>\n<p>This privacy statement does not apply to third-party websites connected by links on our website. We cannot guarantee that these third parties handle your personal data in a reliable or secure manner. We recommend you read the privacy statements of these websites prior to making use of these websites.<\/p>\n<h2>7. Amendments to this privacy statement<\/h2>\n<p>We reserve the right to make amendments to this privacy statement. It is recommended that you consult this privacy statement regularly in order to be aware of any changes. In addition, we will actively inform you wherever possible.<\/p>\n<h2>8. Accessing and modifying your data<\/h2>\n<p>If you have any questions or want to know which personal data we have about you, please contact us. Please make sure to always clearly state who you are, so that we can be certain that we do not modify or delete any data of the wrong person. We shall provide the requested information only upon receipt of a verifiable consumer request. You can contact us by using the information below. You have the following rights:<\/p>\n<p class=\"cmplz-subtitle\">8.1 You have the following rights with respect to your personal data<\/p>\n<ol class=\"alphabetic\">\n<li>You may submit a request for access to the data we process about you.<\/li>\n<li>You may object to the processing.<\/li>\n<li>You may request an overview, in a commonly used format, of the data we process about you.<\/li>\n<li>You may request correction or deletion of the data if it is incorrect or not or no longer relevant, or to ask to restrict the processing of the data.<\/li>\n<li>You may appeal our decision whenever we refuse to take action on a request and submit a complaint with the competent authority if your appeal is denied.<\/li>\n<\/ol>\n<h2>9. Children<\/h2>\n<p>Our website is not designed to attract children and it is not our intent to collect personal data from children under the age of consent in their country of residence. We therefore request that children under the age of consent do not submit any personal data to us.<\/p>\n<h2>10. Contact details<\/h2>\n<p>A.B.Con.<br \/>\n        3\u03bf \u03a7\u039b\u039c. \u03a0.\u0395.\u039f \u039b\u03ac\u03c1\u03b9\u03c3\u03b1\u03c2 \u2013 \u0398\u03b5\u03c3\u03c3\u03b1\u03bb\u03bf\u03bd\u03af\u03ba\u03b7\u03c2, \u039b\u03ac\u03c1\u03b9\u03c3\u03b1<br \/>\n        Gr\u00e8ce<br \/>\n        Website: <a href=\"https:\/\/abcon.gr\/fr\/\">https:\/\/abcon.gr\/fr\/<\/a> <br \/>\n        Email: <span class=\"cmplz-obfuscate\">i&#110;&#102;&#111;@<span class=\"cmplz-fmail-domain\">e&#120;&#046;co&#109;<\/span>ab&#099;&#111;&#110;.&#103;r<\/span> <\/p>\n<p>        Num\u00e9ro de t\u00e9l\u00e9phone\u00a0: +30 2410 611163<\/p>\n<\/div>\n<\/div><\/div><\/div><\/div><\/div>","protected":false},"excerpt":{"rendered":"","protected":false},"author":5,"featured_media":0,"parent":0,"menu_order":0,"comment_status":"closed","ping_status":"closed","template":"","meta":{"_exactmetrics_skip_tracking":false,"_exactmetrics_sitenote_active":false,"_exactmetrics_sitenote_note":"","_exactmetrics_sitenote_category":0,"footnotes":""},"class_list":["post-10836","page","type-page","status-publish","hentry"],"yoast_head":"<!-- This site is optimized with the Yoast SEO plugin v26.8 - https:\/\/yoast.com\/product\/yoast-seo-wordpress\/ -->\n<title>\u0394\u03ae\u03bb\u03c9\u03c3\u03b7 \u0391\u03c0\u03bf\u03c1\u03c1\u03ae\u03c4\u03bf\u03c5 (\u0397\u03a0\u0391) - A.B.CON.<\/title>\n<meta name=\"robots\" content=\"index, follow, max-snippet:-1, max-image-preview:large, max-video-preview:-1\" \/>\n<link rel=\"canonical\" href=\"https:\/\/abcon.gr\/fr\/\u03b4\u03ae\u03bb\u03c9\u03c3\u03b7-\u03b1\u03c0\u03bf\u03c1\u03c1\u03ae\u03c4\u03bf\u03c5-\u03b7\u03c0\u03b1\/\" \/>\n<meta property=\"og:locale\" content=\"fr_FR\" \/>\n<meta property=\"og:type\" content=\"article\" \/>\n<meta property=\"og:title\" content=\"\u0394\u03ae\u03bb\u03c9\u03c3\u03b7 \u0391\u03c0\u03bf\u03c1\u03c1\u03ae\u03c4\u03bf\u03c5 (\u0397\u03a0\u0391) - A.B.CON.\" \/>\n<meta property=\"og:url\" content=\"https:\/\/abcon.gr\/fr\/\u03b4\u03ae\u03bb\u03c9\u03c3\u03b7-\u03b1\u03c0\u03bf\u03c1\u03c1\u03ae\u03c4\u03bf\u03c5-\u03b7\u03c0\u03b1\/\" \/>\n<meta property=\"og:site_name\" content=\"A.B.CON.\" \/>\n<meta property=\"article:publisher\" content=\"https:\/\/www.facebook.com\/Steel.Precast.Solutions.ABCON\/\" \/>\n<meta property=\"article:modified_time\" content=\"2024-02-29T23:50:55+00:00\" \/>\n<meta property=\"og:image\" content=\"https:\/\/abcon.gr\/wp-content\/uploads\/2022\/01\/2.jpg\" \/>\n\t<meta property=\"og:image:width\" content=\"2117\" \/>\n\t<meta property=\"og:image:height\" content=\"1416\" \/>\n\t<meta property=\"og:image:type\" content=\"image\/jpeg\" \/>\n<meta name=\"twitter:card\" content=\"summary_large_image\" \/>\n<meta name=\"twitter:label1\" content=\"Dur\u00e9e de lecture estim\u00e9e\" \/>\n\t<meta name=\"twitter:data1\" content=\"1 minute\" \/>\n<script type=\"application\/ld+json\" class=\"yoast-schema-graph\">{\"@context\":\"https:\/\/schema.org\",\"@graph\":[{\"@type\":\"WebPage\",\"@id\":\"https:\/\/abcon.gr\/fr\/%ce%b4%ce%ae%ce%bb%cf%89%cf%83%ce%b7-%ce%b1%cf%80%ce%bf%cf%81%cf%81%ce%ae%cf%84%ce%bf%cf%85-%ce%b7%cf%80%ce%b1\/\",\"url\":\"https:\/\/abcon.gr\/fr\/%ce%b4%ce%ae%ce%bb%cf%89%cf%83%ce%b7-%ce%b1%cf%80%ce%bf%cf%81%cf%81%ce%ae%cf%84%ce%bf%cf%85-%ce%b7%cf%80%ce%b1\/\",\"name\":\"\u0394\u03ae\u03bb\u03c9\u03c3\u03b7 \u0391\u03c0\u03bf\u03c1\u03c1\u03ae\u03c4\u03bf\u03c5 (\u0397\u03a0\u0391) - A.B.CON.\",\"isPartOf\":{\"@id\":\"https:\/\/abcon.gr\/fr\/#website\"},\"datePublished\":\"2024-02-29T23:36:43+00:00\",\"dateModified\":\"2024-02-29T23:50:55+00:00\",\"breadcrumb\":{\"@id\":\"https:\/\/abcon.gr\/fr\/%ce%b4%ce%ae%ce%bb%cf%89%cf%83%ce%b7-%ce%b1%cf%80%ce%bf%cf%81%cf%81%ce%ae%cf%84%ce%bf%cf%85-%ce%b7%cf%80%ce%b1\/#breadcrumb\"},\"inLanguage\":\"fr-FR\",\"potentialAction\":[{\"@type\":\"ReadAction\",\"target\":[\"https:\/\/abcon.gr\/fr\/%ce%b4%ce%ae%ce%bb%cf%89%cf%83%ce%b7-%ce%b1%cf%80%ce%bf%cf%81%cf%81%ce%ae%cf%84%ce%bf%cf%85-%ce%b7%cf%80%ce%b1\/\"]}]},{\"@type\":\"BreadcrumbList\",\"@id\":\"https:\/\/abcon.gr\/fr\/%ce%b4%ce%ae%ce%bb%cf%89%cf%83%ce%b7-%ce%b1%cf%80%ce%bf%cf%81%cf%81%ce%ae%cf%84%ce%bf%cf%85-%ce%b7%cf%80%ce%b1\/#breadcrumb\",\"itemListElement\":[{\"@type\":\"ListItem\",\"position\":1,\"name\":\"\u0391\u03c1\u03c7\u03b9\u03ba\u03ae\",\"item\":\"https:\/\/abcon.gr\/fr\/\"},{\"@type\":\"ListItem\",\"position\":2,\"name\":\"\u0394\u03ae\u03bb\u03c9\u03c3\u03b7 \u0391\u03c0\u03bf\u03c1\u03c1\u03ae\u03c4\u03bf\u03c5 (\u0397\u03a0\u0391)\"}]},{\"@type\":\"WebSite\",\"@id\":\"https:\/\/abcon.gr\/fr\/#website\",\"url\":\"https:\/\/abcon.gr\/fr\/\",\"name\":\"A.B.CON. - \u039c\u03b7\u03c7\u03b1\u03bd\u03ad\u03c2 \u0395\u03c0\u03b5\u03be\u03b5\u03c1\u03b3\u03b1\u03c3\u03af\u03b1\u03c2 \u03a3\u03ba\u03c5\u03c1\u03bf\u03b4\u03ad\u03bc\u03b1\u03c4\u03bf\u03c2 & \u03a0\u03c1\u03bf\u03ba\u03b1\u03c4\u03b1\u03c3\u03ba\u03b5\u03c5\u03ae\u03c2\",\"description\":\"\u039c\u03b7\u03c7\u03b1\u03bd\u03ad\u03c2 \u0395\u03c0\u03b5\u03be\u03b5\u03c1\u03b3\u03b1\u03c3\u03af\u03b1\u03c2 \u03a3\u03ba\u03c5\u03c1\u03bf\u03b4\u03ad\u03bc\u03b1\u03c4\u03bf\u03c2 &amp; \u03a0\u03c1\u03bf\u03ba\u03b1\u03c4\u03b1\u03c3\u03ba\u03b5\u03c5\u03ae\u03c2\",\"publisher\":{\"@id\":\"https:\/\/abcon.gr\/fr\/#organization\"},\"potentialAction\":[{\"@type\":\"SearchAction\",\"target\":{\"@type\":\"EntryPoint\",\"urlTemplate\":\"https:\/\/abcon.gr\/fr\/?s={search_term_string}\"},\"query-input\":{\"@type\":\"PropertyValueSpecification\",\"valueRequired\":true,\"valueName\":\"search_term_string\"}}],\"inLanguage\":\"fr-FR\"},{\"@type\":\"Organization\",\"@id\":\"https:\/\/abcon.gr\/fr\/#organization\",\"name\":\"A.B.CON. - \u039c\u03b7\u03c7\u03b1\u03bd\u03ad\u03c2 \u0395\u03c0\u03b5\u03be\u03b5\u03c1\u03b3\u03b1\u03c3\u03af\u03b1\u03c2 \u03a3\u03ba\u03c5\u03c1\u03bf\u03b4\u03ad\u03bc\u03b1\u03c4\u03bf\u03c2 & \u03a0\u03c1\u03bf\u03ba\u03b1\u03c4\u03b1\u03c3\u03ba\u03b5\u03c5\u03ae\u03c2\",\"url\":\"https:\/\/abcon.gr\/fr\/\",\"logo\":{\"@type\":\"ImageObject\",\"inLanguage\":\"fr-FR\",\"@id\":\"https:\/\/abcon.gr\/fr\/#\/schema\/logo\/image\/\",\"url\":\"https:\/\/abcon.gr\/wp-content\/uploads\/2021\/04\/logo_150.png\",\"contentUrl\":\"https:\/\/abcon.gr\/wp-content\/uploads\/2021\/04\/logo_150.png\",\"width\":150,\"height\":74,\"caption\":\"A.B.CON. - \u039c\u03b7\u03c7\u03b1\u03bd\u03ad\u03c2 \u0395\u03c0\u03b5\u03be\u03b5\u03c1\u03b3\u03b1\u03c3\u03af\u03b1\u03c2 \u03a3\u03ba\u03c5\u03c1\u03bf\u03b4\u03ad\u03bc\u03b1\u03c4\u03bf\u03c2 & \u03a0\u03c1\u03bf\u03ba\u03b1\u03c4\u03b1\u03c3\u03ba\u03b5\u03c5\u03ae\u03c2\"},\"image\":{\"@id\":\"https:\/\/abcon.gr\/fr\/#\/schema\/logo\/image\/\"},\"sameAs\":[\"https:\/\/www.facebook.com\/Steel.Precast.Solutions.ABCON\/\"]}]}<\/script>\n<!-- \/ Yoast SEO plugin. -->","yoast_head_json":{"title":"\u0394\u03ae\u03bb\u03c9\u03c3\u03b7 \u0391\u03c0\u03bf\u03c1\u03c1\u03ae\u03c4\u03bf\u03c5 (\u0397\u03a0\u0391) - A.B.CON.","robots":{"index":"index","follow":"follow","max-snippet":"max-snippet:-1","max-image-preview":"max-image-preview:large","max-video-preview":"max-video-preview:-1"},"canonical":"https:\/\/abcon.gr\/fr\/\u03b4\u03ae\u03bb\u03c9\u03c3\u03b7-\u03b1\u03c0\u03bf\u03c1\u03c1\u03ae\u03c4\u03bf\u03c5-\u03b7\u03c0\u03b1\/","og_locale":"fr_FR","og_type":"article","og_title":"\u0394\u03ae\u03bb\u03c9\u03c3\u03b7 \u0391\u03c0\u03bf\u03c1\u03c1\u03ae\u03c4\u03bf\u03c5 (\u0397\u03a0\u0391) - A.B.CON.","og_url":"https:\/\/abcon.gr\/fr\/\u03b4\u03ae\u03bb\u03c9\u03c3\u03b7-\u03b1\u03c0\u03bf\u03c1\u03c1\u03ae\u03c4\u03bf\u03c5-\u03b7\u03c0\u03b1\/","og_site_name":"A.B.CON.","article_publisher":"https:\/\/www.facebook.com\/Steel.Precast.Solutions.ABCON\/","article_modified_time":"2024-02-29T23:50:55+00:00","og_image":[{"width":2117,"height":1416,"url":"https:\/\/abcon.gr\/wp-content\/uploads\/2022\/01\/2.jpg","type":"image\/jpeg"}],"twitter_card":"summary_large_image","twitter_misc":{"Dur\u00e9e de lecture estim\u00e9e":"1 minute"},"schema":{"@context":"https:\/\/schema.org","@graph":[{"@type":"WebPage","@id":"https:\/\/abcon.gr\/fr\/%ce%b4%ce%ae%ce%bb%cf%89%cf%83%ce%b7-%ce%b1%cf%80%ce%bf%cf%81%cf%81%ce%ae%cf%84%ce%bf%cf%85-%ce%b7%cf%80%ce%b1\/","url":"https:\/\/abcon.gr\/fr\/%ce%b4%ce%ae%ce%bb%cf%89%cf%83%ce%b7-%ce%b1%cf%80%ce%bf%cf%81%cf%81%ce%ae%cf%84%ce%bf%cf%85-%ce%b7%cf%80%ce%b1\/","name":"\u0394\u03ae\u03bb\u03c9\u03c3\u03b7 \u0391\u03c0\u03bf\u03c1\u03c1\u03ae\u03c4\u03bf\u03c5 (\u0397\u03a0\u0391) - A.B.CON.","isPartOf":{"@id":"https:\/\/abcon.gr\/fr\/#website"},"datePublished":"2024-02-29T23:36:43+00:00","dateModified":"2024-02-29T23:50:55+00:00","breadcrumb":{"@id":"https:\/\/abcon.gr\/fr\/%ce%b4%ce%ae%ce%bb%cf%89%cf%83%ce%b7-%ce%b1%cf%80%ce%bf%cf%81%cf%81%ce%ae%cf%84%ce%bf%cf%85-%ce%b7%cf%80%ce%b1\/#breadcrumb"},"inLanguage":"fr-FR","potentialAction":[{"@type":"ReadAction","target":["https:\/\/abcon.gr\/fr\/%ce%b4%ce%ae%ce%bb%cf%89%cf%83%ce%b7-%ce%b1%cf%80%ce%bf%cf%81%cf%81%ce%ae%cf%84%ce%bf%cf%85-%ce%b7%cf%80%ce%b1\/"]}]},{"@type":"BreadcrumbList","@id":"https:\/\/abcon.gr\/fr\/%ce%b4%ce%ae%ce%bb%cf%89%cf%83%ce%b7-%ce%b1%cf%80%ce%bf%cf%81%cf%81%ce%ae%cf%84%ce%bf%cf%85-%ce%b7%cf%80%ce%b1\/#breadcrumb","itemListElement":[{"@type":"ListItem","position":1,"name":"\u0391\u03c1\u03c7\u03b9\u03ba\u03ae","item":"https:\/\/abcon.gr\/fr\/"},{"@type":"ListItem","position":2,"name":"\u0394\u03ae\u03bb\u03c9\u03c3\u03b7 \u0391\u03c0\u03bf\u03c1\u03c1\u03ae\u03c4\u03bf\u03c5 (\u0397\u03a0\u0391)"}]},{"@type":"WebSite","@id":"https:\/\/abcon.gr\/fr\/#website","url":"https:\/\/abcon.gr\/fr\/","name":"A.B.CON. - \u039c\u03b7\u03c7\u03b1\u03bd\u03ad\u03c2 \u0395\u03c0\u03b5\u03be\u03b5\u03c1\u03b3\u03b1\u03c3\u03af\u03b1\u03c2 \u03a3\u03ba\u03c5\u03c1\u03bf\u03b4\u03ad\u03bc\u03b1\u03c4\u03bf\u03c2 & \u03a0\u03c1\u03bf\u03ba\u03b1\u03c4\u03b1\u03c3\u03ba\u03b5\u03c5\u03ae\u03c2","description":"\u039c\u03b7\u03c7\u03b1\u03bd\u03ad\u03c2 \u0395\u03c0\u03b5\u03be\u03b5\u03c1\u03b3\u03b1\u03c3\u03af\u03b1\u03c2 \u03a3\u03ba\u03c5\u03c1\u03bf\u03b4\u03ad\u03bc\u03b1\u03c4\u03bf\u03c2 &amp; \u03a0\u03c1\u03bf\u03ba\u03b1\u03c4\u03b1\u03c3\u03ba\u03b5\u03c5\u03ae\u03c2","publisher":{"@id":"https:\/\/abcon.gr\/fr\/#organization"},"potentialAction":[{"@type":"SearchAction","target":{"@type":"EntryPoint","urlTemplate":"https:\/\/abcon.gr\/fr\/?s={search_term_string}"},"query-input":{"@type":"PropertyValueSpecification","valueRequired":true,"valueName":"search_term_string"}}],"inLanguage":"fr-FR"},{"@type":"Organization","@id":"https:\/\/abcon.gr\/fr\/#organization","name":"A.B.CON. - \u039c\u03b7\u03c7\u03b1\u03bd\u03ad\u03c2 \u0395\u03c0\u03b5\u03be\u03b5\u03c1\u03b3\u03b1\u03c3\u03af\u03b1\u03c2 \u03a3\u03ba\u03c5\u03c1\u03bf\u03b4\u03ad\u03bc\u03b1\u03c4\u03bf\u03c2 & \u03a0\u03c1\u03bf\u03ba\u03b1\u03c4\u03b1\u03c3\u03ba\u03b5\u03c5\u03ae\u03c2","url":"https:\/\/abcon.gr\/fr\/","logo":{"@type":"ImageObject","inLanguage":"fr-FR","@id":"https:\/\/abcon.gr\/fr\/#\/schema\/logo\/image\/","url":"https:\/\/abcon.gr\/wp-content\/uploads\/2021\/04\/logo_150.png","contentUrl":"https:\/\/abcon.gr\/wp-content\/uploads\/2021\/04\/logo_150.png","width":150,"height":74,"caption":"A.B.CON. - \u039c\u03b7\u03c7\u03b1\u03bd\u03ad\u03c2 \u0395\u03c0\u03b5\u03be\u03b5\u03c1\u03b3\u03b1\u03c3\u03af\u03b1\u03c2 \u03a3\u03ba\u03c5\u03c1\u03bf\u03b4\u03ad\u03bc\u03b1\u03c4\u03bf\u03c2 & \u03a0\u03c1\u03bf\u03ba\u03b1\u03c4\u03b1\u03c3\u03ba\u03b5\u03c5\u03ae\u03c2"},"image":{"@id":"https:\/\/abcon.gr\/fr\/#\/schema\/logo\/image\/"},"sameAs":["https:\/\/www.facebook.com\/Steel.Precast.Solutions.ABCON\/"]}]}},"_links":{"self":[{"href":"https:\/\/abcon.gr\/fr\/wp-json\/wp\/v2\/pages\/10836","targetHints":{"allow":["GET"]}}],"collection":[{"href":"https:\/\/abcon.gr\/fr\/wp-json\/wp\/v2\/pages"}],"about":[{"href":"https:\/\/abcon.gr\/fr\/wp-json\/wp\/v2\/types\/page"}],"author":[{"embeddable":true,"href":"https:\/\/abcon.gr\/fr\/wp-json\/wp\/v2\/users\/5"}],"replies":[{"embeddable":true,"href":"https:\/\/abcon.gr\/fr\/wp-json\/wp\/v2\/comments?post=10836"}],"version-history":[{"count":1,"href":"https:\/\/abcon.gr\/fr\/wp-json\/wp\/v2\/pages\/10836\/revisions"}],"predecessor-version":[{"id":10849,"href":"https:\/\/abcon.gr\/fr\/wp-json\/wp\/v2\/pages\/10836\/revisions\/10849"}],"wp:attachment":[{"href":"https:\/\/abcon.gr\/fr\/wp-json\/wp\/v2\/media?parent=10836"}],"curies":[{"name":"wp","href":"https:\/\/api.w.org\/{rel}","templated":true}]}}