{"id":9872,"date":"2019-12-20T09:15:48","date_gmt":"2019-12-20T06:15:48","guid":{"rendered":"https:\/\/test3.aenima.gr\/product\/seim-es-20-st-%cf%84%cf%83%ce%b5%cf%81%ce%ba%ce%b1%ce%b4%ce%bf%cf%81%ce%bf%cf%83-%ce%bc%ce%b5-%ce%ba%ce%b1%ce%b9-%cf%87%cf%89%cf%81%ce%b9%cf%83-%cf%81%cf%85%ce%b8%ce%bc%ce%b9%cf%83%cf%84%ce%b7-%cf%84\/"},"modified":"2021-02-11T22:46:00","modified_gmt":"2021-02-11T19:46:00","slug":"seim-es-20-st-stirrup-bender-with-and-without-speed-variator-%e2%88%85-16","status":"publish","type":"product","link":"https:\/\/abcon.gr\/en\/product\/seim-es-20-st-stirrup-bender-with-and-without-speed-variator-%e2%88%85-16\/","title":{"rendered":"SEIM ES 20 ST STIRRUP BENDER &#8211; WITH AND WITHOUT SPEED VARIATOR \u2205 16"},"content":{"rendered":"","protected":false},"excerpt":{"rendered":"<p>This machine can produce a large quantity of stirrups with extreme precision thanks to the standard dedicated stirrup equipment.<\/p>\n<p>&nbsp;<\/p>\n<table width=\"460\">\n<tbody>\n<tr>\n<td colspan=\"2\" width=\"401\"><strong>GENERAL FEATURES<\/strong><\/td>\n<\/tr>\n<tr>\n<td>RPM per 1&#8242;<\/td>\n<td>9 &#8211; 18<\/td>\n<\/tr>\n<tr>\n<td>Power Kw<\/td>\n<td>0,75<\/td>\n<\/tr>\n<tr>\n<td>Weight Kg<\/td>\n<td>230<\/td>\n<\/tr>\n<tr>\n<td>Dimensions (LxLxH)<\/td>\n<td>70x80x86<\/td>\n<\/tr>\n<\/tbody>\n<\/table>\n<p>&nbsp;<\/p>\n<table width=\"460\">\n<tbody>\n<tr>\n<td width=\"116\">&nbsp;<\/td>\n<td colspan=\"5\" width=\"373\"><strong>BENDING CAPACITY AT 9 RPM PER 1&#8242;<\/strong><\/td>\n<\/tr>\n<tr>\n<td rowspan=\"2\">Bar<\/td>\n<td width=\"75\">No.bars<\/td>\n<td width=\"75\">No.bars<\/td>\n<td width=\"75\">No.bars<\/td>\n<td width=\"75\">No.bars<\/td>\n<td width=\"75\">No.bars<\/td>\n<\/tr>\n<tr>\n<td>1<\/td>\n<td>2<\/td>\n<td>3<\/td>\n<td>4<\/td>\n<td>5<\/td>\n<\/tr>\n<tr>\n<td width=\"116\">Res.650N\/mm\u00b2<\/td>\n<td>\u00d8 max 18<\/td>\n<td>\u00d8 max 16<\/td>\n<td>\u00d8 max 14<\/td>\n<td>\u00d8 max 12<\/td>\n<td>\u00d8 max 10<\/td>\n<\/tr>\n<tr>\n<td width=\"116\">Res.850N\/mm\u00b2<\/td>\n<td>\u00d8 max 16<\/td>\n<td>\u00d8 max 14<\/td>\n<td>\u00d8 max 12<\/td>\n<td>\u00d8 max 10<\/td>\n<td>\u00d8 max 10<\/td>\n<\/tr>\n<\/tbody>\n<\/table>\n<p><strong>\u00a0<\/strong><\/p>\n<table width=\"460\">\n<tbody>\n<tr>\n<td width=\"108\">&nbsp;<\/td>\n<td colspan=\"5\" width=\"352\"><strong>BENDING CAPACITY AT 18 RPM PER 1&#8242;<\/strong><\/td>\n<\/tr>\n<tr>\n<td rowspan=\"2\">Bar<\/td>\n<td width=\"70\">No.bars<\/td>\n<td width=\"70\">No.bars<\/td>\n<td width=\"70\">No.bars<\/td>\n<td width=\"70\">No.bars<\/td>\n<td width=\"70\">No.bars<\/td>\n<\/tr>\n<tr>\n<td>1<\/td>\n<td>2<\/td>\n<td>3<\/td>\n<td>4<\/td>\n<td>5<\/td>\n<\/tr>\n<tr>\n<td width=\"108\">Res.650N\/mm\u00b2<\/td>\n<td>\u00d8 max 14<\/td>\n<td>\u00d8 max 12<\/td>\n<td>\u00d8 max 10<\/td>\n<td>\u00d8 max 10<\/td>\n<td>\u00d8 max 8<\/td>\n<\/tr>\n<tr>\n<td width=\"108\">Res.850N\/mm\u00b2<\/td>\n<td>\u00d8 max 12<\/td>\n<td>\u00d8 max 10<\/td>\n<td>\u00d8 max 8<\/td>\n<td>\u00d8 max 8<\/td>\n<td>\u00d8 max 6<\/td>\n<\/tr>\n<\/tbody>\n<\/table>\n","protected":false},"featured_media":4390,"template":"","meta":{"_exactmetrics_skip_tracking":false,"_exactmetrics_sitenote_active":false,"_exactmetrics_sitenote_note":"","_exactmetrics_sitenote_category":0},"product_brand":[],"product_cat":[289,292,308],"product_tag":[326],"class_list":{"0":"post-9872","1":"product","2":"type-product","3":"status-publish","4":"has-post-thumbnail","6":"product_cat-reinforcement-processing-machines","7":"product_cat-cut-and-bend","8":"product_cat-stirrups","9":"product_tag-tecmor-en","11":"first","12":"instock","13":"shipping-taxable","14":"product-type-simple"},"yoast_head":"<!-- This site is optimized with the Yoast SEO plugin v26.8 - https:\/\/yoast.com\/product\/yoast-seo-wordpress\/ -->\n<title>SEIM ES 20 ST STIRRUP BENDER - WITH AND WITHOUT SPEED VARIATOR \u2205 16 - A.B.CON.<\/title>\n<meta name=\"robots\" content=\"index, follow, max-snippet:-1, max-image-preview:large, max-video-preview:-1\" \/>\n<link rel=\"canonical\" href=\"https:\/\/abcon.gr\/en\/product\/seim-es-20-st-stirrup-bender-with-and-without-speed-variator-\u2205-16\/\" \/>\n<meta property=\"og:locale\" content=\"en_US\" \/>\n<meta property=\"og:type\" content=\"article\" \/>\n<meta property=\"og:title\" content=\"SEIM ES 20 ST STIRRUP BENDER - WITH AND WITHOUT SPEED VARIATOR \u2205 16 - A.B.CON.\" \/>\n<meta property=\"og:description\" content=\"This machine can produce a large quantity of stirrups with extreme precision thanks to the standard dedicated stirrup equipment.  &nbsp;    GENERAL FEATURES   RPM per 1&#039; 9 - 18   Power Kw 0,75   Weight Kg 230   Dimensions (LxLxH) 70x80x86    &nbsp;    &nbsp; BENDING CAPACITY AT 9 RPM PER 1&#039;   Bar No.bars No.bars No.bars No.bars No.bars   1 2 3 4 5   Res.650N\/mm\u00b2 \u00d8 max 18 \u00d8 max 16 \u00d8 max 14 \u00d8 max 12 \u00d8 max 10   Res.850N\/mm\u00b2 \u00d8 max 16 \u00d8 max 14 \u00d8 max 12 \u00d8 max 10 \u00d8 max 10    \u00a0    &nbsp; BENDING CAPACITY AT 18 RPM PER 1&#039;   Bar No.bars No.bars No.bars No.bars No.bars   1 2 3 4 5   Res.650N\/mm\u00b2 \u00d8 max 14 \u00d8 max 12 \u00d8 max 10 \u00d8 max 10 \u00d8 max 8   Res.850N\/mm\u00b2 \u00d8 max 12 \u00d8 max 10 \u00d8 max 8 \u00d8 max 8 \u00d8 max 6\" \/>\n<meta property=\"og:url\" content=\"https:\/\/abcon.gr\/en\/product\/seim-es-20-st-stirrup-bender-with-and-without-speed-variator-\u2205-16\/\" \/>\n<meta property=\"og:site_name\" content=\"A.B.CON.\" \/>\n<meta property=\"article:publisher\" content=\"https:\/\/www.facebook.com\/Steel.Precast.Solutions.ABCON\/\" \/>\n<meta property=\"article:modified_time\" content=\"2021-02-11T19:46:00+00:00\" \/>\n<meta property=\"og:image\" content=\"https:\/\/abcon.gr\/wp-content\/uploads\/2018\/04\/Untitled-1-copy-3-1.jpg\" \/>\n\t<meta property=\"og:image:width\" content=\"750\" \/>\n\t<meta property=\"og:image:height\" content=\"500\" \/>\n\t<meta property=\"og:image:type\" content=\"image\/jpeg\" \/>\n<meta name=\"twitter:card\" content=\"summary_large_image\" \/>\n<script type=\"application\/ld+json\" class=\"yoast-schema-graph\">{\"@context\":\"https:\/\/schema.org\",\"@graph\":[{\"@type\":\"WebPage\",\"@id\":\"https:\/\/abcon.gr\/en\/product\/seim-es-20-st-stirrup-bender-with-and-without-speed-variator-%e2%88%85-16\/\",\"url\":\"https:\/\/abcon.gr\/en\/product\/seim-es-20-st-stirrup-bender-with-and-without-speed-variator-%e2%88%85-16\/\",\"name\":\"SEIM ES 20 ST STIRRUP BENDER - WITH AND WITHOUT SPEED VARIATOR \u2205 16 - A.B.CON.\",\"isPartOf\":{\"@id\":\"https:\/\/abcon.gr\/fr\/#website\"},\"primaryImageOfPage\":{\"@id\":\"https:\/\/abcon.gr\/en\/product\/seim-es-20-st-stirrup-bender-with-and-without-speed-variator-%e2%88%85-16\/#primaryimage\"},\"image\":{\"@id\":\"https:\/\/abcon.gr\/en\/product\/seim-es-20-st-stirrup-bender-with-and-without-speed-variator-%e2%88%85-16\/#primaryimage\"},\"thumbnailUrl\":\"https:\/\/abcon.gr\/wp-content\/uploads\/2018\/04\/Untitled-1-copy-3-1.jpg\",\"datePublished\":\"2019-12-20T06:15:48+00:00\",\"dateModified\":\"2021-02-11T19:46:00+00:00\",\"breadcrumb\":{\"@id\":\"https:\/\/abcon.gr\/en\/product\/seim-es-20-st-stirrup-bender-with-and-without-speed-variator-%e2%88%85-16\/#breadcrumb\"},\"inLanguage\":\"en-US\",\"potentialAction\":[{\"@type\":\"ReadAction\",\"target\":[\"https:\/\/abcon.gr\/en\/product\/seim-es-20-st-stirrup-bender-with-and-without-speed-variator-%e2%88%85-16\/\"]}]},{\"@type\":\"ImageObject\",\"inLanguage\":\"en-US\",\"@id\":\"https:\/\/abcon.gr\/en\/product\/seim-es-20-st-stirrup-bender-with-and-without-speed-variator-%e2%88%85-16\/#primaryimage\",\"url\":\"https:\/\/abcon.gr\/wp-content\/uploads\/2018\/04\/Untitled-1-copy-3-1.jpg\",\"contentUrl\":\"https:\/\/abcon.gr\/wp-content\/uploads\/2018\/04\/Untitled-1-copy-3-1.jpg\",\"width\":750,\"height\":500,\"caption\":\"Untitled 1 copy 3 1\"},{\"@type\":\"BreadcrumbList\",\"@id\":\"https:\/\/abcon.gr\/en\/product\/seim-es-20-st-stirrup-bender-with-and-without-speed-variator-%e2%88%85-16\/#breadcrumb\",\"itemListElement\":[{\"@type\":\"ListItem\",\"position\":1,\"name\":\"\u0391\u03c1\u03c7\u03b9\u03ba\u03ae\",\"item\":\"https:\/\/abcon.gr\/en\/\"},{\"@type\":\"ListItem\",\"position\":2,\"name\":\"Shop\",\"item\":\"https:\/\/abcon.gr\/en\/shop\/\"},{\"@type\":\"ListItem\",\"position\":3,\"name\":\"SEIM ES 20 ST STIRRUP BENDER &#8211; WITH AND WITHOUT SPEED VARIATOR \u2205 16\"}]},{\"@type\":\"WebSite\",\"@id\":\"https:\/\/abcon.gr\/fr\/#website\",\"url\":\"https:\/\/abcon.gr\/fr\/\",\"name\":\"A.B.CON. - \u039c\u03b7\u03c7\u03b1\u03bd\u03ad\u03c2 \u0395\u03c0\u03b5\u03be\u03b5\u03c1\u03b3\u03b1\u03c3\u03af\u03b1\u03c2 \u03a3\u03ba\u03c5\u03c1\u03bf\u03b4\u03ad\u03bc\u03b1\u03c4\u03bf\u03c2 & \u03a0\u03c1\u03bf\u03ba\u03b1\u03c4\u03b1\u03c3\u03ba\u03b5\u03c5\u03ae\u03c2\",\"description\":\"Reinforcement &amp; Concrete Machinery\",\"publisher\":{\"@id\":\"https:\/\/abcon.gr\/fr\/#organization\"},\"potentialAction\":[{\"@type\":\"SearchAction\",\"target\":{\"@type\":\"EntryPoint\",\"urlTemplate\":\"https:\/\/abcon.gr\/fr\/?s={search_term_string}\"},\"query-input\":{\"@type\":\"PropertyValueSpecification\",\"valueRequired\":true,\"valueName\":\"search_term_string\"}}],\"inLanguage\":\"en-US\"},{\"@type\":\"Organization\",\"@id\":\"https:\/\/abcon.gr\/fr\/#organization\",\"name\":\"A.B.CON. - \u039c\u03b7\u03c7\u03b1\u03bd\u03ad\u03c2 \u0395\u03c0\u03b5\u03be\u03b5\u03c1\u03b3\u03b1\u03c3\u03af\u03b1\u03c2 \u03a3\u03ba\u03c5\u03c1\u03bf\u03b4\u03ad\u03bc\u03b1\u03c4\u03bf\u03c2 & \u03a0\u03c1\u03bf\u03ba\u03b1\u03c4\u03b1\u03c3\u03ba\u03b5\u03c5\u03ae\u03c2\",\"url\":\"https:\/\/abcon.gr\/fr\/\",\"logo\":{\"@type\":\"ImageObject\",\"inLanguage\":\"en-US\",\"@id\":\"https:\/\/abcon.gr\/fr\/#\/schema\/logo\/image\/\",\"url\":\"https:\/\/abcon.gr\/wp-content\/uploads\/2021\/04\/logo_150.png\",\"contentUrl\":\"https:\/\/abcon.gr\/wp-content\/uploads\/2021\/04\/logo_150.png\",\"width\":150,\"height\":74,\"caption\":\"A.B.CON. - \u039c\u03b7\u03c7\u03b1\u03bd\u03ad\u03c2 \u0395\u03c0\u03b5\u03be\u03b5\u03c1\u03b3\u03b1\u03c3\u03af\u03b1\u03c2 \u03a3\u03ba\u03c5\u03c1\u03bf\u03b4\u03ad\u03bc\u03b1\u03c4\u03bf\u03c2 & \u03a0\u03c1\u03bf\u03ba\u03b1\u03c4\u03b1\u03c3\u03ba\u03b5\u03c5\u03ae\u03c2\"},\"image\":{\"@id\":\"https:\/\/abcon.gr\/fr\/#\/schema\/logo\/image\/\"},\"sameAs\":[\"https:\/\/www.facebook.com\/Steel.Precast.Solutions.ABCON\/\"]}]}<\/script>\n<!-- \/ Yoast SEO plugin. -->","yoast_head_json":{"title":"SEIM ES 20 ST STIRRUP BENDER - WITH AND WITHOUT SPEED VARIATOR \u2205 16 - A.B.CON.","robots":{"index":"index","follow":"follow","max-snippet":"max-snippet:-1","max-image-preview":"max-image-preview:large","max-video-preview":"max-video-preview:-1"},"canonical":"https:\/\/abcon.gr\/en\/product\/seim-es-20-st-stirrup-bender-with-and-without-speed-variator-\u2205-16\/","og_locale":"en_US","og_type":"article","og_title":"SEIM ES 20 ST STIRRUP BENDER - WITH AND WITHOUT SPEED VARIATOR \u2205 16 - A.B.CON.","og_description":"This machine can produce a large quantity of stirrups with extreme precision thanks to the standard dedicated stirrup equipment.  &nbsp;    GENERAL FEATURES   RPM per 1' 9 - 18   Power Kw 0,75   Weight Kg 230   Dimensions (LxLxH) 70x80x86    &nbsp;    &nbsp; BENDING CAPACITY AT 9 RPM PER 1'   Bar No.bars No.bars No.bars No.bars No.bars   1 2 3 4 5   Res.650N\/mm\u00b2 \u00d8 max 18 \u00d8 max 16 \u00d8 max 14 \u00d8 max 12 \u00d8 max 10   Res.850N\/mm\u00b2 \u00d8 max 16 \u00d8 max 14 \u00d8 max 12 \u00d8 max 10 \u00d8 max 10    \u00a0    &nbsp; BENDING CAPACITY AT 18 RPM PER 1'   Bar No.bars No.bars No.bars No.bars No.bars   1 2 3 4 5   Res.650N\/mm\u00b2 \u00d8 max 14 \u00d8 max 12 \u00d8 max 10 \u00d8 max 10 \u00d8 max 8   Res.850N\/mm\u00b2 \u00d8 max 12 \u00d8 max 10 \u00d8 max 8 \u00d8 max 8 \u00d8 max 6","og_url":"https:\/\/abcon.gr\/en\/product\/seim-es-20-st-stirrup-bender-with-and-without-speed-variator-\u2205-16\/","og_site_name":"A.B.CON.","article_publisher":"https:\/\/www.facebook.com\/Steel.Precast.Solutions.ABCON\/","article_modified_time":"2021-02-11T19:46:00+00:00","og_image":[{"width":750,"height":500,"url":"https:\/\/abcon.gr\/wp-content\/uploads\/2018\/04\/Untitled-1-copy-3-1.jpg","type":"image\/jpeg"}],"twitter_card":"summary_large_image","schema":{"@context":"https:\/\/schema.org","@graph":[{"@type":"WebPage","@id":"https:\/\/abcon.gr\/en\/product\/seim-es-20-st-stirrup-bender-with-and-without-speed-variator-%e2%88%85-16\/","url":"https:\/\/abcon.gr\/en\/product\/seim-es-20-st-stirrup-bender-with-and-without-speed-variator-%e2%88%85-16\/","name":"SEIM ES 20 ST STIRRUP BENDER - WITH AND WITHOUT SPEED VARIATOR \u2205 16 - A.B.CON.","isPartOf":{"@id":"https:\/\/abcon.gr\/fr\/#website"},"primaryImageOfPage":{"@id":"https:\/\/abcon.gr\/en\/product\/seim-es-20-st-stirrup-bender-with-and-without-speed-variator-%e2%88%85-16\/#primaryimage"},"image":{"@id":"https:\/\/abcon.gr\/en\/product\/seim-es-20-st-stirrup-bender-with-and-without-speed-variator-%e2%88%85-16\/#primaryimage"},"thumbnailUrl":"https:\/\/abcon.gr\/wp-content\/uploads\/2018\/04\/Untitled-1-copy-3-1.jpg","datePublished":"2019-12-20T06:15:48+00:00","dateModified":"2021-02-11T19:46:00+00:00","breadcrumb":{"@id":"https:\/\/abcon.gr\/en\/product\/seim-es-20-st-stirrup-bender-with-and-without-speed-variator-%e2%88%85-16\/#breadcrumb"},"inLanguage":"en-US","potentialAction":[{"@type":"ReadAction","target":["https:\/\/abcon.gr\/en\/product\/seim-es-20-st-stirrup-bender-with-and-without-speed-variator-%e2%88%85-16\/"]}]},{"@type":"ImageObject","inLanguage":"en-US","@id":"https:\/\/abcon.gr\/en\/product\/seim-es-20-st-stirrup-bender-with-and-without-speed-variator-%e2%88%85-16\/#primaryimage","url":"https:\/\/abcon.gr\/wp-content\/uploads\/2018\/04\/Untitled-1-copy-3-1.jpg","contentUrl":"https:\/\/abcon.gr\/wp-content\/uploads\/2018\/04\/Untitled-1-copy-3-1.jpg","width":750,"height":500,"caption":"Untitled 1 copy 3 1"},{"@type":"BreadcrumbList","@id":"https:\/\/abcon.gr\/en\/product\/seim-es-20-st-stirrup-bender-with-and-without-speed-variator-%e2%88%85-16\/#breadcrumb","itemListElement":[{"@type":"ListItem","position":1,"name":"\u0391\u03c1\u03c7\u03b9\u03ba\u03ae","item":"https:\/\/abcon.gr\/en\/"},{"@type":"ListItem","position":2,"name":"Shop","item":"https:\/\/abcon.gr\/en\/shop\/"},{"@type":"ListItem","position":3,"name":"SEIM ES 20 ST STIRRUP BENDER &#8211; WITH AND WITHOUT SPEED VARIATOR \u2205 16"}]},{"@type":"WebSite","@id":"https:\/\/abcon.gr\/fr\/#website","url":"https:\/\/abcon.gr\/fr\/","name":"A.B.CON. - \u039c\u03b7\u03c7\u03b1\u03bd\u03ad\u03c2 \u0395\u03c0\u03b5\u03be\u03b5\u03c1\u03b3\u03b1\u03c3\u03af\u03b1\u03c2 \u03a3\u03ba\u03c5\u03c1\u03bf\u03b4\u03ad\u03bc\u03b1\u03c4\u03bf\u03c2 & \u03a0\u03c1\u03bf\u03ba\u03b1\u03c4\u03b1\u03c3\u03ba\u03b5\u03c5\u03ae\u03c2","description":"Reinforcement &amp; Concrete Machinery","publisher":{"@id":"https:\/\/abcon.gr\/fr\/#organization"},"potentialAction":[{"@type":"SearchAction","target":{"@type":"EntryPoint","urlTemplate":"https:\/\/abcon.gr\/fr\/?s={search_term_string}"},"query-input":{"@type":"PropertyValueSpecification","valueRequired":true,"valueName":"search_term_string"}}],"inLanguage":"en-US"},{"@type":"Organization","@id":"https:\/\/abcon.gr\/fr\/#organization","name":"A.B.CON. - \u039c\u03b7\u03c7\u03b1\u03bd\u03ad\u03c2 \u0395\u03c0\u03b5\u03be\u03b5\u03c1\u03b3\u03b1\u03c3\u03af\u03b1\u03c2 \u03a3\u03ba\u03c5\u03c1\u03bf\u03b4\u03ad\u03bc\u03b1\u03c4\u03bf\u03c2 & \u03a0\u03c1\u03bf\u03ba\u03b1\u03c4\u03b1\u03c3\u03ba\u03b5\u03c5\u03ae\u03c2","url":"https:\/\/abcon.gr\/fr\/","logo":{"@type":"ImageObject","inLanguage":"en-US","@id":"https:\/\/abcon.gr\/fr\/#\/schema\/logo\/image\/","url":"https:\/\/abcon.gr\/wp-content\/uploads\/2021\/04\/logo_150.png","contentUrl":"https:\/\/abcon.gr\/wp-content\/uploads\/2021\/04\/logo_150.png","width":150,"height":74,"caption":"A.B.CON. - \u039c\u03b7\u03c7\u03b1\u03bd\u03ad\u03c2 \u0395\u03c0\u03b5\u03be\u03b5\u03c1\u03b3\u03b1\u03c3\u03af\u03b1\u03c2 \u03a3\u03ba\u03c5\u03c1\u03bf\u03b4\u03ad\u03bc\u03b1\u03c4\u03bf\u03c2 & \u03a0\u03c1\u03bf\u03ba\u03b1\u03c4\u03b1\u03c3\u03ba\u03b5\u03c5\u03ae\u03c2"},"image":{"@id":"https:\/\/abcon.gr\/fr\/#\/schema\/logo\/image\/"},"sameAs":["https:\/\/www.facebook.com\/Steel.Precast.Solutions.ABCON\/"]}]}},"_links":{"self":[{"href":"https:\/\/abcon.gr\/en\/wp-json\/wp\/v2\/product\/9872","targetHints":{"allow":["GET"]}}],"collection":[{"href":"https:\/\/abcon.gr\/en\/wp-json\/wp\/v2\/product"}],"about":[{"href":"https:\/\/abcon.gr\/en\/wp-json\/wp\/v2\/types\/product"}],"wp:featuredmedia":[{"embeddable":true,"href":"https:\/\/abcon.gr\/en\/wp-json\/wp\/v2\/media\/4390"}],"wp:attachment":[{"href":"https:\/\/abcon.gr\/en\/wp-json\/wp\/v2\/media?parent=9872"}],"wp:term":[{"taxonomy":"product_brand","embeddable":true,"href":"https:\/\/abcon.gr\/en\/wp-json\/wp\/v2\/product_brand?post=9872"},{"taxonomy":"product_cat","embeddable":true,"href":"https:\/\/abcon.gr\/en\/wp-json\/wp\/v2\/product_cat?post=9872"},{"taxonomy":"product_tag","embeddable":true,"href":"https:\/\/abcon.gr\/en\/wp-json\/wp\/v2\/product_tag?post=9872"}],"curies":[{"name":"wp","href":"https:\/\/api.w.org\/{rel}","templated":true}]}}