{"id":9007,"date":"2018-04-04T09:33:43","date_gmt":"2018-04-04T06:33:43","guid":{"rendered":"http:\/\/test3.aenima.grproduct\/pf-45-s-%cf%84%cf%81%ce%b9%cf%86%ce%b1%cf%83%ce%b9%ce%ba%ce%bf-%ce%bc%ce%b5-%cf%81%cf%85%ce%b8%ce%bc%ce%b9%cf%83%cf%84%ce%b7-%cf%84%ce%b1%cf%87%cf%85%cf%84%ce%b7%cf%84%ce%b1%cf%83-%e2%88%85-38\/"},"modified":"2018-04-04T09:33:43","modified_gmt":"2018-04-04T06:33:43","slug":"pf-45-s-%cf%84%cf%81%ce%b9%cf%86%ce%b1%cf%83%ce%b9%ce%ba%ce%bf-%ce%bc%ce%b5-%cf%81%cf%85%ce%b8%ce%bc%ce%b9%cf%83%cf%84%ce%b7-%cf%84%ce%b1%cf%87%cf%85%cf%84%ce%b7%cf%84%ce%b1%cf%83-%e2%88%85-38","status":"publish","type":"product","link":"https:\/\/abcon.gr\/en\/product\/pf-45-s-%cf%84%cf%81%ce%b9%cf%86%ce%b1%cf%83%ce%b9%ce%ba%ce%bf-%ce%bc%ce%b5-%cf%81%cf%85%ce%b8%ce%bc%ce%b9%cf%83%cf%84%ce%b7-%cf%84%ce%b1%cf%87%cf%85%cf%84%ce%b7%cf%84%ce%b1%cf%83-%e2%88%85-38\/","title":{"rendered":"PF 45 S THREE-PHASE &#8211; WITH SPEED VARIATOR \u2205 38"},"content":{"rendered":"","protected":false},"excerpt":{"rendered":"<p>The bending machines S type are called in this way because of the different layout of the working table, which is equipped with a bending disc for ambivalent processing, with two saddles that crossing the whole working table allow the processing in four different positions. Moreover, everything is ready for the bending of big radius, as foreseen by the bending norms which require mandrels with diameters 10 -12 times the iron diameter. This is not possible with machines of other type.<\/p>\n<table width=\"0\">\n<tbody>\n<tr>\n<td colspan=\"2\" width=\"459\"><strong>GENERAL FEATURES<\/strong><\/td>\n<\/tr>\n<tr>\n<td width=\"347\">RPM per 1&#8242;<\/td>\n<td>7-14<\/td>\n<\/tr>\n<tr>\n<td>Power Kw<\/td>\n<td>4<\/td>\n<\/tr>\n<tr>\n<td>Weight Kg<\/td>\n<td>680<\/td>\n<\/tr>\n<tr>\n<td>Dimensions (LxLxH)<\/td>\n<td>114x90x88<\/td>\n<\/tr>\n<\/tbody>\n<\/table>\n<p>&nbsp;<\/p>\n<table width=\"0\">\n<tbody>\n<tr>\n<td width=\"111\">&nbsp;<\/td>\n<td colspan=\"5\" width=\"349\"><strong>BENDING CAPACITY AT 7 RPM PER 1&#8242;<\/strong><\/td>\n<\/tr>\n<tr>\n<td rowspan=\"2\">Bar<\/td>\n<td width=\"70\">No.bars<\/td>\n<td width=\"70\">No.bars<\/td>\n<td width=\"70\">No.bars<\/td>\n<td width=\"70\">No.bars<\/td>\n<td width=\"70\">No.bars<\/td>\n<\/tr>\n<tr>\n<td>1<\/td>\n<td>2<\/td>\n<td>3<\/td>\n<td>4<\/td>\n<td>5<\/td>\n<\/tr>\n<tr>\n<td width=\"111\">Res.650N\/mm\u00b2<\/td>\n<td>\u00d8 max 38<\/td>\n<td>\u00d8 max 26<\/td>\n<td>\u00d8 max 22<\/td>\n<td>\u00d8 max 18<\/td>\n<td>\u00d8 max 16<\/td>\n<\/tr>\n<tr>\n<td width=\"111\">Res.850N\/mm\u00b2<\/td>\n<td>\u00d8 max 34<\/td>\n<td>\u00d8 max 24<\/td>\n<td>\u00d8 max 20<\/td>\n<td>\u00d8 max 16<\/td>\n<td>\u00d8 max 14<\/td>\n<\/tr>\n<\/tbody>\n<\/table>\n<p>&nbsp;<\/p>\n<p>&nbsp;<\/p>\n","protected":false},"featured_media":5313,"template":"","meta":{"_exactmetrics_skip_tracking":false,"_exactmetrics_sitenote_active":false,"_exactmetrics_sitenote_note":"","_exactmetrics_sitenote_category":0},"product_brand":[],"product_cat":[289,292,303],"product_tag":[326],"class_list":{"0":"post-9007","1":"product","2":"type-product","3":"status-publish","4":"has-post-thumbnail","6":"product_cat-reinforcement-processing-machines","7":"product_cat-cut-and-bend","8":"product_cat-benders-shears-radious-benders","9":"product_tag-tecmor-en","11":"first","12":"instock","13":"shipping-taxable","14":"product-type-simple"},"yoast_head":"<!-- This site is optimized with the Yoast SEO plugin v26.8 - https:\/\/yoast.com\/product\/yoast-seo-wordpress\/ -->\n<title>PF 45 S THREE-PHASE - WITH SPEED VARIATOR \u2205 38 - A.B.CON.<\/title>\n<meta name=\"robots\" content=\"index, follow, max-snippet:-1, max-image-preview:large, max-video-preview:-1\" \/>\n<link rel=\"canonical\" href=\"https:\/\/abcon.gr\/product\/pf-45-s-\u03c4\u03c1\u03b9\u03c6\u03b1\u03c3\u03b9\u03ba\u03bf-\u03bc\u03b5-\u03c1\u03c5\u03b8\u03bc\u03b9\u03c3\u03c4\u03b7-\u03c4\u03b1\u03c7\u03c5\u03c4\u03b7\u03c4\u03b1\u03c3-\u2205-38\/\" \/>\n<meta property=\"og:locale\" content=\"en_US\" \/>\n<meta property=\"og:type\" content=\"article\" \/>\n<meta property=\"og:title\" content=\"PF 45 S THREE-PHASE - WITH SPEED VARIATOR \u2205 38 - A.B.CON.\" \/>\n<meta property=\"og:description\" content=\"The bending machines S type are called in this way because of the different layout of the working table, which is equipped with a bending disc for ambivalent processing, with two saddles that crossing the whole working table allow the processing in four different positions. Moreover, everything is ready for the bending of big radius, as foreseen by the bending norms which require mandrels with diameters 10 -12 times the iron diameter. This is not possible with machines of other type.    GENERAL FEATURES   RPM per 1&#039; 7-14   Power Kw 4   Weight Kg 680   Dimensions (LxLxH) 114x90x88    &nbsp;    &nbsp; BENDING CAPACITY AT 7 RPM PER 1&#039;   Bar No.bars No.bars No.bars No.bars No.bars   1 2 3 4 5   Res.650N\/mm\u00b2 \u00d8 max 38 \u00d8 max 26 \u00d8 max 22 \u00d8 max 18 \u00d8 max 16   Res.850N\/mm\u00b2 \u00d8 max 34 \u00d8 max 24 \u00d8 max 20 \u00d8 max 16 \u00d8 max 14    &nbsp;  &nbsp;\" \/>\n<meta property=\"og:url\" content=\"https:\/\/abcon.gr\/product\/pf-45-s-\u03c4\u03c1\u03b9\u03c6\u03b1\u03c3\u03b9\u03ba\u03bf-\u03bc\u03b5-\u03c1\u03c5\u03b8\u03bc\u03b9\u03c3\u03c4\u03b7-\u03c4\u03b1\u03c7\u03c5\u03c4\u03b7\u03c4\u03b1\u03c3-\u2205-38\/\" \/>\n<meta property=\"og:site_name\" content=\"A.B.CON.\" \/>\n<meta property=\"article:publisher\" content=\"https:\/\/www.facebook.com\/Steel.Precast.Solutions.ABCON\/\" \/>\n<meta property=\"og:image\" content=\"https:\/\/abcon.gr\/wp-content\/uploads\/2018\/04\/286926620_PF34S-9x9.jpg\" \/>\n\t<meta property=\"og:image:width\" content=\"780\" \/>\n\t<meta property=\"og:image:height\" content=\"838\" \/>\n\t<meta property=\"og:image:type\" content=\"image\/jpeg\" \/>\n<meta name=\"twitter:card\" content=\"summary_large_image\" \/>\n<script type=\"application\/ld+json\" class=\"yoast-schema-graph\">{\"@context\":\"https:\/\/schema.org\",\"@graph\":[{\"@type\":\"WebPage\",\"@id\":\"https:\/\/abcon.gr\/product\/pf-45-s-%cf%84%cf%81%ce%b9%cf%86%ce%b1%cf%83%ce%b9%ce%ba%ce%bf-%ce%bc%ce%b5-%cf%81%cf%85%ce%b8%ce%bc%ce%b9%cf%83%cf%84%ce%b7-%cf%84%ce%b1%cf%87%cf%85%cf%84%ce%b7%cf%84%ce%b1%cf%83-%e2%88%85-38\/\",\"url\":\"https:\/\/abcon.gr\/product\/pf-45-s-%cf%84%cf%81%ce%b9%cf%86%ce%b1%cf%83%ce%b9%ce%ba%ce%bf-%ce%bc%ce%b5-%cf%81%cf%85%ce%b8%ce%bc%ce%b9%cf%83%cf%84%ce%b7-%cf%84%ce%b1%cf%87%cf%85%cf%84%ce%b7%cf%84%ce%b1%cf%83-%e2%88%85-38\/\",\"name\":\"PF 45 S THREE-PHASE - WITH SPEED VARIATOR \u2205 38 - A.B.CON.\",\"isPartOf\":{\"@id\":\"https:\/\/abcon.gr\/fr\/#website\"},\"primaryImageOfPage\":{\"@id\":\"https:\/\/abcon.gr\/product\/pf-45-s-%cf%84%cf%81%ce%b9%cf%86%ce%b1%cf%83%ce%b9%ce%ba%ce%bf-%ce%bc%ce%b5-%cf%81%cf%85%ce%b8%ce%bc%ce%b9%cf%83%cf%84%ce%b7-%cf%84%ce%b1%cf%87%cf%85%cf%84%ce%b7%cf%84%ce%b1%cf%83-%e2%88%85-38\/#primaryimage\"},\"image\":{\"@id\":\"https:\/\/abcon.gr\/product\/pf-45-s-%cf%84%cf%81%ce%b9%cf%86%ce%b1%cf%83%ce%b9%ce%ba%ce%bf-%ce%bc%ce%b5-%cf%81%cf%85%ce%b8%ce%bc%ce%b9%cf%83%cf%84%ce%b7-%cf%84%ce%b1%cf%87%cf%85%cf%84%ce%b7%cf%84%ce%b1%cf%83-%e2%88%85-38\/#primaryimage\"},\"thumbnailUrl\":\"https:\/\/abcon.gr\/wp-content\/uploads\/2018\/04\/286926620_PF34S-9x9.jpg\",\"datePublished\":\"2018-04-04T06:33:43+00:00\",\"breadcrumb\":{\"@id\":\"https:\/\/abcon.gr\/product\/pf-45-s-%cf%84%cf%81%ce%b9%cf%86%ce%b1%cf%83%ce%b9%ce%ba%ce%bf-%ce%bc%ce%b5-%cf%81%cf%85%ce%b8%ce%bc%ce%b9%cf%83%cf%84%ce%b7-%cf%84%ce%b1%cf%87%cf%85%cf%84%ce%b7%cf%84%ce%b1%cf%83-%e2%88%85-38\/#breadcrumb\"},\"inLanguage\":\"en-US\",\"potentialAction\":[{\"@type\":\"ReadAction\",\"target\":[\"https:\/\/abcon.gr\/product\/pf-45-s-%cf%84%cf%81%ce%b9%cf%86%ce%b1%cf%83%ce%b9%ce%ba%ce%bf-%ce%bc%ce%b5-%cf%81%cf%85%ce%b8%ce%bc%ce%b9%cf%83%cf%84%ce%b7-%cf%84%ce%b1%cf%87%cf%85%cf%84%ce%b7%cf%84%ce%b1%cf%83-%e2%88%85-38\/\"]}]},{\"@type\":\"ImageObject\",\"inLanguage\":\"en-US\",\"@id\":\"https:\/\/abcon.gr\/product\/pf-45-s-%cf%84%cf%81%ce%b9%cf%86%ce%b1%cf%83%ce%b9%ce%ba%ce%bf-%ce%bc%ce%b5-%cf%81%cf%85%ce%b8%ce%bc%ce%b9%cf%83%cf%84%ce%b7-%cf%84%ce%b1%cf%87%cf%85%cf%84%ce%b7%cf%84%ce%b1%cf%83-%e2%88%85-38\/#primaryimage\",\"url\":\"https:\/\/abcon.gr\/wp-content\/uploads\/2018\/04\/286926620_PF34S-9x9.jpg\",\"contentUrl\":\"https:\/\/abcon.gr\/wp-content\/uploads\/2018\/04\/286926620_PF34S-9x9.jpg\",\"width\":780,\"height\":838,\"caption\":\"286926620 PF34S 9x9\"},{\"@type\":\"BreadcrumbList\",\"@id\":\"https:\/\/abcon.gr\/product\/pf-45-s-%cf%84%cf%81%ce%b9%cf%86%ce%b1%cf%83%ce%b9%ce%ba%ce%bf-%ce%bc%ce%b5-%cf%81%cf%85%ce%b8%ce%bc%ce%b9%cf%83%cf%84%ce%b7-%cf%84%ce%b1%cf%87%cf%85%cf%84%ce%b7%cf%84%ce%b1%cf%83-%e2%88%85-38\/#breadcrumb\",\"itemListElement\":[{\"@type\":\"ListItem\",\"position\":1,\"name\":\"\u0391\u03c1\u03c7\u03b9\u03ba\u03ae\",\"item\":\"https:\/\/abcon.gr\/en\/\"},{\"@type\":\"ListItem\",\"position\":2,\"name\":\"Shop\",\"item\":\"https:\/\/abcon.gr\/en\/shop\/\"},{\"@type\":\"ListItem\",\"position\":3,\"name\":\"PF 45 S THREE-PHASE &#8211; WITH SPEED VARIATOR \u2205 38\"}]},{\"@type\":\"WebSite\",\"@id\":\"https:\/\/abcon.gr\/fr\/#website\",\"url\":\"https:\/\/abcon.gr\/fr\/\",\"name\":\"A.B.CON. - \u039c\u03b7\u03c7\u03b1\u03bd\u03ad\u03c2 \u0395\u03c0\u03b5\u03be\u03b5\u03c1\u03b3\u03b1\u03c3\u03af\u03b1\u03c2 \u03a3\u03ba\u03c5\u03c1\u03bf\u03b4\u03ad\u03bc\u03b1\u03c4\u03bf\u03c2 & \u03a0\u03c1\u03bf\u03ba\u03b1\u03c4\u03b1\u03c3\u03ba\u03b5\u03c5\u03ae\u03c2\",\"description\":\"Reinforcement &amp; Concrete Machinery\",\"publisher\":{\"@id\":\"https:\/\/abcon.gr\/fr\/#organization\"},\"potentialAction\":[{\"@type\":\"SearchAction\",\"target\":{\"@type\":\"EntryPoint\",\"urlTemplate\":\"https:\/\/abcon.gr\/fr\/?s={search_term_string}\"},\"query-input\":{\"@type\":\"PropertyValueSpecification\",\"valueRequired\":true,\"valueName\":\"search_term_string\"}}],\"inLanguage\":\"en-US\"},{\"@type\":\"Organization\",\"@id\":\"https:\/\/abcon.gr\/fr\/#organization\",\"name\":\"A.B.CON. - \u039c\u03b7\u03c7\u03b1\u03bd\u03ad\u03c2 \u0395\u03c0\u03b5\u03be\u03b5\u03c1\u03b3\u03b1\u03c3\u03af\u03b1\u03c2 \u03a3\u03ba\u03c5\u03c1\u03bf\u03b4\u03ad\u03bc\u03b1\u03c4\u03bf\u03c2 & \u03a0\u03c1\u03bf\u03ba\u03b1\u03c4\u03b1\u03c3\u03ba\u03b5\u03c5\u03ae\u03c2\",\"url\":\"https:\/\/abcon.gr\/fr\/\",\"logo\":{\"@type\":\"ImageObject\",\"inLanguage\":\"en-US\",\"@id\":\"https:\/\/abcon.gr\/fr\/#\/schema\/logo\/image\/\",\"url\":\"https:\/\/abcon.gr\/wp-content\/uploads\/2021\/04\/logo_150.png\",\"contentUrl\":\"https:\/\/abcon.gr\/wp-content\/uploads\/2021\/04\/logo_150.png\",\"width\":150,\"height\":74,\"caption\":\"A.B.CON. - \u039c\u03b7\u03c7\u03b1\u03bd\u03ad\u03c2 \u0395\u03c0\u03b5\u03be\u03b5\u03c1\u03b3\u03b1\u03c3\u03af\u03b1\u03c2 \u03a3\u03ba\u03c5\u03c1\u03bf\u03b4\u03ad\u03bc\u03b1\u03c4\u03bf\u03c2 & \u03a0\u03c1\u03bf\u03ba\u03b1\u03c4\u03b1\u03c3\u03ba\u03b5\u03c5\u03ae\u03c2\"},\"image\":{\"@id\":\"https:\/\/abcon.gr\/fr\/#\/schema\/logo\/image\/\"},\"sameAs\":[\"https:\/\/www.facebook.com\/Steel.Precast.Solutions.ABCON\/\"]}]}<\/script>\n<!-- \/ Yoast SEO plugin. -->","yoast_head_json":{"title":"PF 45 S THREE-PHASE - WITH SPEED VARIATOR \u2205 38 - A.B.CON.","robots":{"index":"index","follow":"follow","max-snippet":"max-snippet:-1","max-image-preview":"max-image-preview:large","max-video-preview":"max-video-preview:-1"},"canonical":"https:\/\/abcon.gr\/product\/pf-45-s-\u03c4\u03c1\u03b9\u03c6\u03b1\u03c3\u03b9\u03ba\u03bf-\u03bc\u03b5-\u03c1\u03c5\u03b8\u03bc\u03b9\u03c3\u03c4\u03b7-\u03c4\u03b1\u03c7\u03c5\u03c4\u03b7\u03c4\u03b1\u03c3-\u2205-38\/","og_locale":"en_US","og_type":"article","og_title":"PF 45 S THREE-PHASE - WITH SPEED VARIATOR \u2205 38 - A.B.CON.","og_description":"The bending machines S type are called in this way because of the different layout of the working table, which is equipped with a bending disc for ambivalent processing, with two saddles that crossing the whole working table allow the processing in four different positions. Moreover, everything is ready for the bending of big radius, as foreseen by the bending norms which require mandrels with diameters 10 -12 times the iron diameter. This is not possible with machines of other type.    GENERAL FEATURES   RPM per 1' 7-14   Power Kw 4   Weight Kg 680   Dimensions (LxLxH) 114x90x88    &nbsp;    &nbsp; BENDING CAPACITY AT 7 RPM PER 1'   Bar No.bars No.bars No.bars No.bars No.bars   1 2 3 4 5   Res.650N\/mm\u00b2 \u00d8 max 38 \u00d8 max 26 \u00d8 max 22 \u00d8 max 18 \u00d8 max 16   Res.850N\/mm\u00b2 \u00d8 max 34 \u00d8 max 24 \u00d8 max 20 \u00d8 max 16 \u00d8 max 14    &nbsp;  &nbsp;","og_url":"https:\/\/abcon.gr\/product\/pf-45-s-\u03c4\u03c1\u03b9\u03c6\u03b1\u03c3\u03b9\u03ba\u03bf-\u03bc\u03b5-\u03c1\u03c5\u03b8\u03bc\u03b9\u03c3\u03c4\u03b7-\u03c4\u03b1\u03c7\u03c5\u03c4\u03b7\u03c4\u03b1\u03c3-\u2205-38\/","og_site_name":"A.B.CON.","article_publisher":"https:\/\/www.facebook.com\/Steel.Precast.Solutions.ABCON\/","og_image":[{"width":780,"height":838,"url":"https:\/\/abcon.gr\/wp-content\/uploads\/2018\/04\/286926620_PF34S-9x9.jpg","type":"image\/jpeg"}],"twitter_card":"summary_large_image","schema":{"@context":"https:\/\/schema.org","@graph":[{"@type":"WebPage","@id":"https:\/\/abcon.gr\/product\/pf-45-s-%cf%84%cf%81%ce%b9%cf%86%ce%b1%cf%83%ce%b9%ce%ba%ce%bf-%ce%bc%ce%b5-%cf%81%cf%85%ce%b8%ce%bc%ce%b9%cf%83%cf%84%ce%b7-%cf%84%ce%b1%cf%87%cf%85%cf%84%ce%b7%cf%84%ce%b1%cf%83-%e2%88%85-38\/","url":"https:\/\/abcon.gr\/product\/pf-45-s-%cf%84%cf%81%ce%b9%cf%86%ce%b1%cf%83%ce%b9%ce%ba%ce%bf-%ce%bc%ce%b5-%cf%81%cf%85%ce%b8%ce%bc%ce%b9%cf%83%cf%84%ce%b7-%cf%84%ce%b1%cf%87%cf%85%cf%84%ce%b7%cf%84%ce%b1%cf%83-%e2%88%85-38\/","name":"PF 45 S THREE-PHASE - WITH SPEED VARIATOR \u2205 38 - A.B.CON.","isPartOf":{"@id":"https:\/\/abcon.gr\/fr\/#website"},"primaryImageOfPage":{"@id":"https:\/\/abcon.gr\/product\/pf-45-s-%cf%84%cf%81%ce%b9%cf%86%ce%b1%cf%83%ce%b9%ce%ba%ce%bf-%ce%bc%ce%b5-%cf%81%cf%85%ce%b8%ce%bc%ce%b9%cf%83%cf%84%ce%b7-%cf%84%ce%b1%cf%87%cf%85%cf%84%ce%b7%cf%84%ce%b1%cf%83-%e2%88%85-38\/#primaryimage"},"image":{"@id":"https:\/\/abcon.gr\/product\/pf-45-s-%cf%84%cf%81%ce%b9%cf%86%ce%b1%cf%83%ce%b9%ce%ba%ce%bf-%ce%bc%ce%b5-%cf%81%cf%85%ce%b8%ce%bc%ce%b9%cf%83%cf%84%ce%b7-%cf%84%ce%b1%cf%87%cf%85%cf%84%ce%b7%cf%84%ce%b1%cf%83-%e2%88%85-38\/#primaryimage"},"thumbnailUrl":"https:\/\/abcon.gr\/wp-content\/uploads\/2018\/04\/286926620_PF34S-9x9.jpg","datePublished":"2018-04-04T06:33:43+00:00","breadcrumb":{"@id":"https:\/\/abcon.gr\/product\/pf-45-s-%cf%84%cf%81%ce%b9%cf%86%ce%b1%cf%83%ce%b9%ce%ba%ce%bf-%ce%bc%ce%b5-%cf%81%cf%85%ce%b8%ce%bc%ce%b9%cf%83%cf%84%ce%b7-%cf%84%ce%b1%cf%87%cf%85%cf%84%ce%b7%cf%84%ce%b1%cf%83-%e2%88%85-38\/#breadcrumb"},"inLanguage":"en-US","potentialAction":[{"@type":"ReadAction","target":["https:\/\/abcon.gr\/product\/pf-45-s-%cf%84%cf%81%ce%b9%cf%86%ce%b1%cf%83%ce%b9%ce%ba%ce%bf-%ce%bc%ce%b5-%cf%81%cf%85%ce%b8%ce%bc%ce%b9%cf%83%cf%84%ce%b7-%cf%84%ce%b1%cf%87%cf%85%cf%84%ce%b7%cf%84%ce%b1%cf%83-%e2%88%85-38\/"]}]},{"@type":"ImageObject","inLanguage":"en-US","@id":"https:\/\/abcon.gr\/product\/pf-45-s-%cf%84%cf%81%ce%b9%cf%86%ce%b1%cf%83%ce%b9%ce%ba%ce%bf-%ce%bc%ce%b5-%cf%81%cf%85%ce%b8%ce%bc%ce%b9%cf%83%cf%84%ce%b7-%cf%84%ce%b1%cf%87%cf%85%cf%84%ce%b7%cf%84%ce%b1%cf%83-%e2%88%85-38\/#primaryimage","url":"https:\/\/abcon.gr\/wp-content\/uploads\/2018\/04\/286926620_PF34S-9x9.jpg","contentUrl":"https:\/\/abcon.gr\/wp-content\/uploads\/2018\/04\/286926620_PF34S-9x9.jpg","width":780,"height":838,"caption":"286926620 PF34S 9x9"},{"@type":"BreadcrumbList","@id":"https:\/\/abcon.gr\/product\/pf-45-s-%cf%84%cf%81%ce%b9%cf%86%ce%b1%cf%83%ce%b9%ce%ba%ce%bf-%ce%bc%ce%b5-%cf%81%cf%85%ce%b8%ce%bc%ce%b9%cf%83%cf%84%ce%b7-%cf%84%ce%b1%cf%87%cf%85%cf%84%ce%b7%cf%84%ce%b1%cf%83-%e2%88%85-38\/#breadcrumb","itemListElement":[{"@type":"ListItem","position":1,"name":"\u0391\u03c1\u03c7\u03b9\u03ba\u03ae","item":"https:\/\/abcon.gr\/en\/"},{"@type":"ListItem","position":2,"name":"Shop","item":"https:\/\/abcon.gr\/en\/shop\/"},{"@type":"ListItem","position":3,"name":"PF 45 S THREE-PHASE &#8211; WITH SPEED VARIATOR \u2205 38"}]},{"@type":"WebSite","@id":"https:\/\/abcon.gr\/fr\/#website","url":"https:\/\/abcon.gr\/fr\/","name":"A.B.CON. - \u039c\u03b7\u03c7\u03b1\u03bd\u03ad\u03c2 \u0395\u03c0\u03b5\u03be\u03b5\u03c1\u03b3\u03b1\u03c3\u03af\u03b1\u03c2 \u03a3\u03ba\u03c5\u03c1\u03bf\u03b4\u03ad\u03bc\u03b1\u03c4\u03bf\u03c2 & \u03a0\u03c1\u03bf\u03ba\u03b1\u03c4\u03b1\u03c3\u03ba\u03b5\u03c5\u03ae\u03c2","description":"Reinforcement &amp; Concrete Machinery","publisher":{"@id":"https:\/\/abcon.gr\/fr\/#organization"},"potentialAction":[{"@type":"SearchAction","target":{"@type":"EntryPoint","urlTemplate":"https:\/\/abcon.gr\/fr\/?s={search_term_string}"},"query-input":{"@type":"PropertyValueSpecification","valueRequired":true,"valueName":"search_term_string"}}],"inLanguage":"en-US"},{"@type":"Organization","@id":"https:\/\/abcon.gr\/fr\/#organization","name":"A.B.CON. - \u039c\u03b7\u03c7\u03b1\u03bd\u03ad\u03c2 \u0395\u03c0\u03b5\u03be\u03b5\u03c1\u03b3\u03b1\u03c3\u03af\u03b1\u03c2 \u03a3\u03ba\u03c5\u03c1\u03bf\u03b4\u03ad\u03bc\u03b1\u03c4\u03bf\u03c2 & \u03a0\u03c1\u03bf\u03ba\u03b1\u03c4\u03b1\u03c3\u03ba\u03b5\u03c5\u03ae\u03c2","url":"https:\/\/abcon.gr\/fr\/","logo":{"@type":"ImageObject","inLanguage":"en-US","@id":"https:\/\/abcon.gr\/fr\/#\/schema\/logo\/image\/","url":"https:\/\/abcon.gr\/wp-content\/uploads\/2021\/04\/logo_150.png","contentUrl":"https:\/\/abcon.gr\/wp-content\/uploads\/2021\/04\/logo_150.png","width":150,"height":74,"caption":"A.B.CON. - \u039c\u03b7\u03c7\u03b1\u03bd\u03ad\u03c2 \u0395\u03c0\u03b5\u03be\u03b5\u03c1\u03b3\u03b1\u03c3\u03af\u03b1\u03c2 \u03a3\u03ba\u03c5\u03c1\u03bf\u03b4\u03ad\u03bc\u03b1\u03c4\u03bf\u03c2 & \u03a0\u03c1\u03bf\u03ba\u03b1\u03c4\u03b1\u03c3\u03ba\u03b5\u03c5\u03ae\u03c2"},"image":{"@id":"https:\/\/abcon.gr\/fr\/#\/schema\/logo\/image\/"},"sameAs":["https:\/\/www.facebook.com\/Steel.Precast.Solutions.ABCON\/"]}]}},"_links":{"self":[{"href":"https:\/\/abcon.gr\/en\/wp-json\/wp\/v2\/product\/9007","targetHints":{"allow":["GET"]}}],"collection":[{"href":"https:\/\/abcon.gr\/en\/wp-json\/wp\/v2\/product"}],"about":[{"href":"https:\/\/abcon.gr\/en\/wp-json\/wp\/v2\/types\/product"}],"wp:featuredmedia":[{"embeddable":true,"href":"https:\/\/abcon.gr\/en\/wp-json\/wp\/v2\/media\/5313"}],"wp:attachment":[{"href":"https:\/\/abcon.gr\/en\/wp-json\/wp\/v2\/media?parent=9007"}],"wp:term":[{"taxonomy":"product_brand","embeddable":true,"href":"https:\/\/abcon.gr\/en\/wp-json\/wp\/v2\/product_brand?post=9007"},{"taxonomy":"product_cat","embeddable":true,"href":"https:\/\/abcon.gr\/en\/wp-json\/wp\/v2\/product_cat?post=9007"},{"taxonomy":"product_tag","embeddable":true,"href":"https:\/\/abcon.gr\/en\/wp-json\/wp\/v2\/product_tag?post=9007"}],"curies":[{"name":"wp","href":"https:\/\/api.w.org\/{rel}","templated":true}]}}