{"id":8992,"date":"2018-04-04T10:05:35","date_gmt":"2018-04-04T07:05:35","guid":{"rendered":"http:\/\/test3.aenima.grproduct\/sp-22-%ce%bc%ce%b7%cf%87%ce%b1%ce%bd%ce%b7-%ce%b3%ce%b9%ce%b1-%cf%83%cf%80%ce%b9%cf%81%ce%b1%ce%bb-%e2%88%85-22\/"},"modified":"2018-08-29T15:06:09","modified_gmt":"2018-08-29T12:06:09","slug":"sp-22-%ce%bc%ce%b7%cf%87%ce%b1%ce%bd%ce%b7-%ce%b3%ce%b9%ce%b1-%cf%83%cf%80%ce%b9%cf%81%ce%b1%ce%bb-%e2%88%85-22","status":"publish","type":"product","link":"https:\/\/abcon.gr\/en\/product\/sp-22-%ce%bc%ce%b7%cf%87%ce%b1%ce%bd%ce%b7-%ce%b3%ce%b9%ce%b1-%cf%83%cf%80%ce%b9%cf%81%ce%b1%ce%bb-%e2%88%85-22\/","title":{"rendered":"SP 22 SPiRAL MACHINE \u2205 22"},"content":{"rendered":"","protected":false},"excerpt":{"rendered":"<p>Machine purposely designed for the formation of circles and spirals with boundless maximum diameter.<\/p>\n<table width=\"0\">\n<tbody>\n<tr>\n<td colspan=\"2\" width=\"460\"><strong>GENERAL FEATURES<\/strong><\/td>\n<\/tr>\n<tr>\n<td width=\"397\">RPM per 1&#8242;<\/td>\n<td>22<\/td>\n<\/tr>\n<tr>\n<td>Power Kw<\/td>\n<td>0,75<\/td>\n<\/tr>\n<tr>\n<td>Weight Kg<\/td>\n<td>200<\/td>\n<\/tr>\n<tr>\n<td>Dimensions (LxLxH)<\/td>\n<td>76x62x94<\/td>\n<\/tr>\n<\/tbody>\n<\/table>\n<p>&nbsp;<\/p>\n<table width=\"0\">\n<tbody>\n<tr>\n<td width=\"99\">&nbsp;<\/td>\n<td colspan=\"10\" width=\"361\"><strong>BENDING CAPACITY<\/strong><\/td>\n<\/tr>\n<tr>\n<td rowspan=\"2\">Bar<\/td>\n<td width=\"60\">\u00d8 max 6<\/td>\n<td width=\"60\">\u00d8 max 8<\/td>\n<td width=\"60\">\u00d8 max 10<\/td>\n<td width=\"60\">\u00d8 max 12<\/td>\n<td width=\"60\">\u00d8 max 18<\/td>\n<td width=\"60\">\u00d8 max 22<\/td>\n<td><\/td>\n<td><\/td>\n<td><\/td>\n<td><\/td>\n<\/tr>\n<tr>\n<td>\u00f8 min. spiral<\/td>\n<td>\u00f8 min. spiral<\/td>\n<td>\u00f8 min. spiral<\/td>\n<td>\u00f8 min. spiral<\/td>\n<td>\u00f8 min. spiral<\/td>\n<td>\u00f8 min. spiral<\/td>\n<td><\/td>\n<td><\/td>\n<td><\/td>\n<td><\/td>\n<\/tr>\n<tr>\n<td width=\"99\">Res.650N\/mm\u00b2<\/td>\n<td>120<\/td>\n<td>120<\/td>\n<td>140<\/td>\n<td>150<\/td>\n<td>600<\/td>\n<td>900<\/td>\n<td><\/td>\n<td><\/td>\n<td><\/td>\n<td><\/td>\n<\/tr>\n<tr>\n<td width=\"99\">Res.850N\/mm\u00b2<\/td>\n<td>120<\/td>\n<td>120<\/td>\n<td>140<\/td>\n<td>150<\/td>\n<td>600<\/td>\n<td>900<\/td>\n<td><\/td>\n<td><\/td>\n<td><\/td>\n<td><\/td>\n<\/tr>\n<\/tbody>\n<\/table>\n<p>&nbsp;<\/p>\n","protected":false},"featured_media":5333,"template":"","meta":{"_exactmetrics_skip_tracking":false,"_exactmetrics_sitenote_active":false,"_exactmetrics_sitenote_note":"","_exactmetrics_sitenote_category":0},"product_brand":[],"product_cat":[289,292,303],"product_tag":[326],"class_list":{"0":"post-8992","1":"product","2":"type-product","3":"status-publish","4":"has-post-thumbnail","6":"product_cat-reinforcement-processing-machines","7":"product_cat-cut-and-bend","8":"product_cat-benders-shears-radious-benders","9":"product_tag-tecmor-en","11":"first","12":"instock","13":"shipping-taxable","14":"product-type-simple"},"yoast_head":"<!-- This site is optimized with the Yoast SEO plugin v26.8 - https:\/\/yoast.com\/product\/yoast-seo-wordpress\/ -->\n<title>SP 22 SPiRAL MACHINE \u2205 22 - A.B.CON.<\/title>\n<meta name=\"robots\" content=\"index, follow, max-snippet:-1, max-image-preview:large, max-video-preview:-1\" \/>\n<link rel=\"canonical\" href=\"https:\/\/abcon.gr\/product\/sp-22-\u03bc\u03b7\u03c7\u03b1\u03bd\u03b7-\u03b3\u03b9\u03b1-\u03c3\u03c0\u03b9\u03c1\u03b1\u03bb-\u2205-22\/\" \/>\n<meta property=\"og:locale\" content=\"en_US\" \/>\n<meta property=\"og:type\" content=\"article\" \/>\n<meta property=\"og:title\" content=\"SP 22 SPiRAL MACHINE \u2205 22 - A.B.CON.\" \/>\n<meta property=\"og:description\" content=\"Machine purposely designed for the formation of circles and spirals with boundless maximum diameter.    GENERAL FEATURES   RPM per 1&#039; 22   Power Kw 0,75   Weight Kg 200   Dimensions (LxLxH) 76x62x94    &nbsp;    &nbsp; BENDING CAPACITY   Bar \u00d8 max 6 \u00d8 max 8 \u00d8 max 10 \u00d8 max 12 \u00d8 max 18 \u00d8 max 22       \u00f8 min. spiral \u00f8 min. spiral \u00f8 min. spiral \u00f8 min. spiral \u00f8 min. spiral \u00f8 min. spiral       Res.650N\/mm\u00b2 120 120 140 150 600 900       Res.850N\/mm\u00b2 120 120 140 150 600 900        &nbsp;\" \/>\n<meta property=\"og:url\" content=\"https:\/\/abcon.gr\/product\/sp-22-\u03bc\u03b7\u03c7\u03b1\u03bd\u03b7-\u03b3\u03b9\u03b1-\u03c3\u03c0\u03b9\u03c1\u03b1\u03bb-\u2205-22\/\" \/>\n<meta property=\"og:site_name\" content=\"A.B.CON.\" \/>\n<meta property=\"article:publisher\" content=\"https:\/\/www.facebook.com\/Steel.Precast.Solutions.ABCON\/\" \/>\n<meta property=\"article:modified_time\" content=\"2018-08-29T12:06:09+00:00\" \/>\n<meta property=\"og:image\" content=\"https:\/\/abcon.gr\/wp-content\/uploads\/2018\/04\/small_66131348_SP30-New.jpg\" \/>\n\t<meta property=\"og:image:width\" content=\"200\" \/>\n\t<meta property=\"og:image:height\" content=\"200\" \/>\n\t<meta property=\"og:image:type\" content=\"image\/jpeg\" \/>\n<meta name=\"twitter:card\" content=\"summary_large_image\" \/>\n<script type=\"application\/ld+json\" class=\"yoast-schema-graph\">{\"@context\":\"https:\/\/schema.org\",\"@graph\":[{\"@type\":\"WebPage\",\"@id\":\"https:\/\/abcon.gr\/product\/sp-22-%ce%bc%ce%b7%cf%87%ce%b1%ce%bd%ce%b7-%ce%b3%ce%b9%ce%b1-%cf%83%cf%80%ce%b9%cf%81%ce%b1%ce%bb-%e2%88%85-22\/\",\"url\":\"https:\/\/abcon.gr\/product\/sp-22-%ce%bc%ce%b7%cf%87%ce%b1%ce%bd%ce%b7-%ce%b3%ce%b9%ce%b1-%cf%83%cf%80%ce%b9%cf%81%ce%b1%ce%bb-%e2%88%85-22\/\",\"name\":\"SP 22 SPiRAL MACHINE \u2205 22 - A.B.CON.\",\"isPartOf\":{\"@id\":\"https:\/\/abcon.gr\/fr\/#website\"},\"primaryImageOfPage\":{\"@id\":\"https:\/\/abcon.gr\/product\/sp-22-%ce%bc%ce%b7%cf%87%ce%b1%ce%bd%ce%b7-%ce%b3%ce%b9%ce%b1-%cf%83%cf%80%ce%b9%cf%81%ce%b1%ce%bb-%e2%88%85-22\/#primaryimage\"},\"image\":{\"@id\":\"https:\/\/abcon.gr\/product\/sp-22-%ce%bc%ce%b7%cf%87%ce%b1%ce%bd%ce%b7-%ce%b3%ce%b9%ce%b1-%cf%83%cf%80%ce%b9%cf%81%ce%b1%ce%bb-%e2%88%85-22\/#primaryimage\"},\"thumbnailUrl\":\"https:\/\/abcon.gr\/wp-content\/uploads\/2018\/04\/small_66131348_SP30-New.jpg\",\"datePublished\":\"2018-04-04T07:05:35+00:00\",\"dateModified\":\"2018-08-29T12:06:09+00:00\",\"breadcrumb\":{\"@id\":\"https:\/\/abcon.gr\/product\/sp-22-%ce%bc%ce%b7%cf%87%ce%b1%ce%bd%ce%b7-%ce%b3%ce%b9%ce%b1-%cf%83%cf%80%ce%b9%cf%81%ce%b1%ce%bb-%e2%88%85-22\/#breadcrumb\"},\"inLanguage\":\"en-US\",\"potentialAction\":[{\"@type\":\"ReadAction\",\"target\":[\"https:\/\/abcon.gr\/product\/sp-22-%ce%bc%ce%b7%cf%87%ce%b1%ce%bd%ce%b7-%ce%b3%ce%b9%ce%b1-%cf%83%cf%80%ce%b9%cf%81%ce%b1%ce%bb-%e2%88%85-22\/\"]}]},{\"@type\":\"ImageObject\",\"inLanguage\":\"en-US\",\"@id\":\"https:\/\/abcon.gr\/product\/sp-22-%ce%bc%ce%b7%cf%87%ce%b1%ce%bd%ce%b7-%ce%b3%ce%b9%ce%b1-%cf%83%cf%80%ce%b9%cf%81%ce%b1%ce%bb-%e2%88%85-22\/#primaryimage\",\"url\":\"https:\/\/abcon.gr\/wp-content\/uploads\/2018\/04\/small_66131348_SP30-New.jpg\",\"contentUrl\":\"https:\/\/abcon.gr\/wp-content\/uploads\/2018\/04\/small_66131348_SP30-New.jpg\",\"width\":200,\"height\":200,\"caption\":\"small 66131348 SP30 New\"},{\"@type\":\"BreadcrumbList\",\"@id\":\"https:\/\/abcon.gr\/product\/sp-22-%ce%bc%ce%b7%cf%87%ce%b1%ce%bd%ce%b7-%ce%b3%ce%b9%ce%b1-%cf%83%cf%80%ce%b9%cf%81%ce%b1%ce%bb-%e2%88%85-22\/#breadcrumb\",\"itemListElement\":[{\"@type\":\"ListItem\",\"position\":1,\"name\":\"\u0391\u03c1\u03c7\u03b9\u03ba\u03ae\",\"item\":\"https:\/\/abcon.gr\/en\/\"},{\"@type\":\"ListItem\",\"position\":2,\"name\":\"Shop\",\"item\":\"https:\/\/abcon.gr\/en\/shop\/\"},{\"@type\":\"ListItem\",\"position\":3,\"name\":\"SP 22 SPiRAL MACHINE \u2205 22\"}]},{\"@type\":\"WebSite\",\"@id\":\"https:\/\/abcon.gr\/fr\/#website\",\"url\":\"https:\/\/abcon.gr\/fr\/\",\"name\":\"A.B.CON. - \u039c\u03b7\u03c7\u03b1\u03bd\u03ad\u03c2 \u0395\u03c0\u03b5\u03be\u03b5\u03c1\u03b3\u03b1\u03c3\u03af\u03b1\u03c2 \u03a3\u03ba\u03c5\u03c1\u03bf\u03b4\u03ad\u03bc\u03b1\u03c4\u03bf\u03c2 & \u03a0\u03c1\u03bf\u03ba\u03b1\u03c4\u03b1\u03c3\u03ba\u03b5\u03c5\u03ae\u03c2\",\"description\":\"Reinforcement &amp; Concrete Machinery\",\"publisher\":{\"@id\":\"https:\/\/abcon.gr\/fr\/#organization\"},\"potentialAction\":[{\"@type\":\"SearchAction\",\"target\":{\"@type\":\"EntryPoint\",\"urlTemplate\":\"https:\/\/abcon.gr\/fr\/?s={search_term_string}\"},\"query-input\":{\"@type\":\"PropertyValueSpecification\",\"valueRequired\":true,\"valueName\":\"search_term_string\"}}],\"inLanguage\":\"en-US\"},{\"@type\":\"Organization\",\"@id\":\"https:\/\/abcon.gr\/fr\/#organization\",\"name\":\"A.B.CON. - \u039c\u03b7\u03c7\u03b1\u03bd\u03ad\u03c2 \u0395\u03c0\u03b5\u03be\u03b5\u03c1\u03b3\u03b1\u03c3\u03af\u03b1\u03c2 \u03a3\u03ba\u03c5\u03c1\u03bf\u03b4\u03ad\u03bc\u03b1\u03c4\u03bf\u03c2 & \u03a0\u03c1\u03bf\u03ba\u03b1\u03c4\u03b1\u03c3\u03ba\u03b5\u03c5\u03ae\u03c2\",\"url\":\"https:\/\/abcon.gr\/fr\/\",\"logo\":{\"@type\":\"ImageObject\",\"inLanguage\":\"en-US\",\"@id\":\"https:\/\/abcon.gr\/fr\/#\/schema\/logo\/image\/\",\"url\":\"https:\/\/abcon.gr\/wp-content\/uploads\/2021\/04\/logo_150.png\",\"contentUrl\":\"https:\/\/abcon.gr\/wp-content\/uploads\/2021\/04\/logo_150.png\",\"width\":150,\"height\":74,\"caption\":\"A.B.CON. - \u039c\u03b7\u03c7\u03b1\u03bd\u03ad\u03c2 \u0395\u03c0\u03b5\u03be\u03b5\u03c1\u03b3\u03b1\u03c3\u03af\u03b1\u03c2 \u03a3\u03ba\u03c5\u03c1\u03bf\u03b4\u03ad\u03bc\u03b1\u03c4\u03bf\u03c2 & \u03a0\u03c1\u03bf\u03ba\u03b1\u03c4\u03b1\u03c3\u03ba\u03b5\u03c5\u03ae\u03c2\"},\"image\":{\"@id\":\"https:\/\/abcon.gr\/fr\/#\/schema\/logo\/image\/\"},\"sameAs\":[\"https:\/\/www.facebook.com\/Steel.Precast.Solutions.ABCON\/\"]}]}<\/script>\n<!-- \/ Yoast SEO plugin. -->","yoast_head_json":{"title":"SP 22 SPiRAL MACHINE \u2205 22 - A.B.CON.","robots":{"index":"index","follow":"follow","max-snippet":"max-snippet:-1","max-image-preview":"max-image-preview:large","max-video-preview":"max-video-preview:-1"},"canonical":"https:\/\/abcon.gr\/product\/sp-22-\u03bc\u03b7\u03c7\u03b1\u03bd\u03b7-\u03b3\u03b9\u03b1-\u03c3\u03c0\u03b9\u03c1\u03b1\u03bb-\u2205-22\/","og_locale":"en_US","og_type":"article","og_title":"SP 22 SPiRAL MACHINE \u2205 22 - A.B.CON.","og_description":"Machine purposely designed for the formation of circles and spirals with boundless maximum diameter.    GENERAL FEATURES   RPM per 1' 22   Power Kw 0,75   Weight Kg 200   Dimensions (LxLxH) 76x62x94    &nbsp;    &nbsp; BENDING CAPACITY   Bar \u00d8 max 6 \u00d8 max 8 \u00d8 max 10 \u00d8 max 12 \u00d8 max 18 \u00d8 max 22       \u00f8 min. spiral \u00f8 min. spiral \u00f8 min. spiral \u00f8 min. spiral \u00f8 min. spiral \u00f8 min. spiral       Res.650N\/mm\u00b2 120 120 140 150 600 900       Res.850N\/mm\u00b2 120 120 140 150 600 900        &nbsp;","og_url":"https:\/\/abcon.gr\/product\/sp-22-\u03bc\u03b7\u03c7\u03b1\u03bd\u03b7-\u03b3\u03b9\u03b1-\u03c3\u03c0\u03b9\u03c1\u03b1\u03bb-\u2205-22\/","og_site_name":"A.B.CON.","article_publisher":"https:\/\/www.facebook.com\/Steel.Precast.Solutions.ABCON\/","article_modified_time":"2018-08-29T12:06:09+00:00","og_image":[{"width":200,"height":200,"url":"https:\/\/abcon.gr\/wp-content\/uploads\/2018\/04\/small_66131348_SP30-New.jpg","type":"image\/jpeg"}],"twitter_card":"summary_large_image","schema":{"@context":"https:\/\/schema.org","@graph":[{"@type":"WebPage","@id":"https:\/\/abcon.gr\/product\/sp-22-%ce%bc%ce%b7%cf%87%ce%b1%ce%bd%ce%b7-%ce%b3%ce%b9%ce%b1-%cf%83%cf%80%ce%b9%cf%81%ce%b1%ce%bb-%e2%88%85-22\/","url":"https:\/\/abcon.gr\/product\/sp-22-%ce%bc%ce%b7%cf%87%ce%b1%ce%bd%ce%b7-%ce%b3%ce%b9%ce%b1-%cf%83%cf%80%ce%b9%cf%81%ce%b1%ce%bb-%e2%88%85-22\/","name":"SP 22 SPiRAL MACHINE \u2205 22 - A.B.CON.","isPartOf":{"@id":"https:\/\/abcon.gr\/fr\/#website"},"primaryImageOfPage":{"@id":"https:\/\/abcon.gr\/product\/sp-22-%ce%bc%ce%b7%cf%87%ce%b1%ce%bd%ce%b7-%ce%b3%ce%b9%ce%b1-%cf%83%cf%80%ce%b9%cf%81%ce%b1%ce%bb-%e2%88%85-22\/#primaryimage"},"image":{"@id":"https:\/\/abcon.gr\/product\/sp-22-%ce%bc%ce%b7%cf%87%ce%b1%ce%bd%ce%b7-%ce%b3%ce%b9%ce%b1-%cf%83%cf%80%ce%b9%cf%81%ce%b1%ce%bb-%e2%88%85-22\/#primaryimage"},"thumbnailUrl":"https:\/\/abcon.gr\/wp-content\/uploads\/2018\/04\/small_66131348_SP30-New.jpg","datePublished":"2018-04-04T07:05:35+00:00","dateModified":"2018-08-29T12:06:09+00:00","breadcrumb":{"@id":"https:\/\/abcon.gr\/product\/sp-22-%ce%bc%ce%b7%cf%87%ce%b1%ce%bd%ce%b7-%ce%b3%ce%b9%ce%b1-%cf%83%cf%80%ce%b9%cf%81%ce%b1%ce%bb-%e2%88%85-22\/#breadcrumb"},"inLanguage":"en-US","potentialAction":[{"@type":"ReadAction","target":["https:\/\/abcon.gr\/product\/sp-22-%ce%bc%ce%b7%cf%87%ce%b1%ce%bd%ce%b7-%ce%b3%ce%b9%ce%b1-%cf%83%cf%80%ce%b9%cf%81%ce%b1%ce%bb-%e2%88%85-22\/"]}]},{"@type":"ImageObject","inLanguage":"en-US","@id":"https:\/\/abcon.gr\/product\/sp-22-%ce%bc%ce%b7%cf%87%ce%b1%ce%bd%ce%b7-%ce%b3%ce%b9%ce%b1-%cf%83%cf%80%ce%b9%cf%81%ce%b1%ce%bb-%e2%88%85-22\/#primaryimage","url":"https:\/\/abcon.gr\/wp-content\/uploads\/2018\/04\/small_66131348_SP30-New.jpg","contentUrl":"https:\/\/abcon.gr\/wp-content\/uploads\/2018\/04\/small_66131348_SP30-New.jpg","width":200,"height":200,"caption":"small 66131348 SP30 New"},{"@type":"BreadcrumbList","@id":"https:\/\/abcon.gr\/product\/sp-22-%ce%bc%ce%b7%cf%87%ce%b1%ce%bd%ce%b7-%ce%b3%ce%b9%ce%b1-%cf%83%cf%80%ce%b9%cf%81%ce%b1%ce%bb-%e2%88%85-22\/#breadcrumb","itemListElement":[{"@type":"ListItem","position":1,"name":"\u0391\u03c1\u03c7\u03b9\u03ba\u03ae","item":"https:\/\/abcon.gr\/en\/"},{"@type":"ListItem","position":2,"name":"Shop","item":"https:\/\/abcon.gr\/en\/shop\/"},{"@type":"ListItem","position":3,"name":"SP 22 SPiRAL MACHINE \u2205 22"}]},{"@type":"WebSite","@id":"https:\/\/abcon.gr\/fr\/#website","url":"https:\/\/abcon.gr\/fr\/","name":"A.B.CON. - \u039c\u03b7\u03c7\u03b1\u03bd\u03ad\u03c2 \u0395\u03c0\u03b5\u03be\u03b5\u03c1\u03b3\u03b1\u03c3\u03af\u03b1\u03c2 \u03a3\u03ba\u03c5\u03c1\u03bf\u03b4\u03ad\u03bc\u03b1\u03c4\u03bf\u03c2 & \u03a0\u03c1\u03bf\u03ba\u03b1\u03c4\u03b1\u03c3\u03ba\u03b5\u03c5\u03ae\u03c2","description":"Reinforcement &amp; Concrete Machinery","publisher":{"@id":"https:\/\/abcon.gr\/fr\/#organization"},"potentialAction":[{"@type":"SearchAction","target":{"@type":"EntryPoint","urlTemplate":"https:\/\/abcon.gr\/fr\/?s={search_term_string}"},"query-input":{"@type":"PropertyValueSpecification","valueRequired":true,"valueName":"search_term_string"}}],"inLanguage":"en-US"},{"@type":"Organization","@id":"https:\/\/abcon.gr\/fr\/#organization","name":"A.B.CON. - \u039c\u03b7\u03c7\u03b1\u03bd\u03ad\u03c2 \u0395\u03c0\u03b5\u03be\u03b5\u03c1\u03b3\u03b1\u03c3\u03af\u03b1\u03c2 \u03a3\u03ba\u03c5\u03c1\u03bf\u03b4\u03ad\u03bc\u03b1\u03c4\u03bf\u03c2 & \u03a0\u03c1\u03bf\u03ba\u03b1\u03c4\u03b1\u03c3\u03ba\u03b5\u03c5\u03ae\u03c2","url":"https:\/\/abcon.gr\/fr\/","logo":{"@type":"ImageObject","inLanguage":"en-US","@id":"https:\/\/abcon.gr\/fr\/#\/schema\/logo\/image\/","url":"https:\/\/abcon.gr\/wp-content\/uploads\/2021\/04\/logo_150.png","contentUrl":"https:\/\/abcon.gr\/wp-content\/uploads\/2021\/04\/logo_150.png","width":150,"height":74,"caption":"A.B.CON. - \u039c\u03b7\u03c7\u03b1\u03bd\u03ad\u03c2 \u0395\u03c0\u03b5\u03be\u03b5\u03c1\u03b3\u03b1\u03c3\u03af\u03b1\u03c2 \u03a3\u03ba\u03c5\u03c1\u03bf\u03b4\u03ad\u03bc\u03b1\u03c4\u03bf\u03c2 & \u03a0\u03c1\u03bf\u03ba\u03b1\u03c4\u03b1\u03c3\u03ba\u03b5\u03c5\u03ae\u03c2"},"image":{"@id":"https:\/\/abcon.gr\/fr\/#\/schema\/logo\/image\/"},"sameAs":["https:\/\/www.facebook.com\/Steel.Precast.Solutions.ABCON\/"]}]}},"_links":{"self":[{"href":"https:\/\/abcon.gr\/en\/wp-json\/wp\/v2\/product\/8992","targetHints":{"allow":["GET"]}}],"collection":[{"href":"https:\/\/abcon.gr\/en\/wp-json\/wp\/v2\/product"}],"about":[{"href":"https:\/\/abcon.gr\/en\/wp-json\/wp\/v2\/types\/product"}],"wp:featuredmedia":[{"embeddable":true,"href":"https:\/\/abcon.gr\/en\/wp-json\/wp\/v2\/media\/5333"}],"wp:attachment":[{"href":"https:\/\/abcon.gr\/en\/wp-json\/wp\/v2\/media?parent=8992"}],"wp:term":[{"taxonomy":"product_brand","embeddable":true,"href":"https:\/\/abcon.gr\/en\/wp-json\/wp\/v2\/product_brand?post=8992"},{"taxonomy":"product_cat","embeddable":true,"href":"https:\/\/abcon.gr\/en\/wp-json\/wp\/v2\/product_cat?post=8992"},{"taxonomy":"product_tag","embeddable":true,"href":"https:\/\/abcon.gr\/en\/wp-json\/wp\/v2\/product_tag?post=8992"}],"curies":[{"name":"wp","href":"https:\/\/api.w.org\/{rel}","templated":true}]}}