{"id":8962,"date":"2018-04-04T10:48:22","date_gmt":"2018-04-04T07:48:22","guid":{"rendered":"http:\/\/test3.aenima.grproduct\/c-30-%cf%84%cf%81%ce%b9%cf%86%ce%b1%cf%83%ce%b9%ce%ba%ce%bf-%ce%ba%ce%b1%ce%b9-%ce%bc%ce%bf%ce%bd%ce%bf%cf%86%ce%b1%cf%83%ce%b9%ce%ba%ce%bf-%e2%88%85-26\/"},"modified":"2018-08-29T13:38:34","modified_gmt":"2018-08-29T10:38:34","slug":"c-30-%cf%84%cf%81%ce%b9%cf%86%ce%b1%cf%83%ce%b9%ce%ba%ce%bf-%ce%ba%ce%b1%ce%b9-%ce%bc%ce%bf%ce%bd%ce%bf%cf%86%ce%b1%cf%83%ce%b9%ce%ba%ce%bf-%e2%88%85-26","status":"publish","type":"product","link":"https:\/\/abcon.gr\/en\/product\/c-30-%cf%84%cf%81%ce%b9%cf%86%ce%b1%cf%83%ce%b9%ce%ba%ce%bf-%ce%ba%ce%b1%ce%b9-%ce%bc%ce%bf%ce%bd%ce%bf%cf%86%ce%b1%cf%83%ce%b9%ce%ba%ce%bf-%e2%88%85-26\/","title":{"rendered":"C 30 THREE-PHASE AND MONOPHASE \u2205 26"},"content":{"rendered":"","protected":false},"excerpt":{"rendered":"<p>The main body is one-block in high-quality cast steel, reinforced in the points where the stress is higher, without any welded plate. The cutting blades, made in special hardened steel, are designed to cut both small and big diameter iron. Gears are in wear-resistant steel, continuously lubricated, and the moving parts are in hardened and rectified steel.<\/p>\n<table width=\"0\">\n<tbody>\n<tr>\n<td colspan=\"2\" width=\"460\"><strong>GENERAL FEATURES<\/strong><\/td>\n<\/tr>\n<tr>\n<td width=\"397\">RPM per 1&#8242;<\/td>\n<td>110<\/td>\n<\/tr>\n<tr>\n<td>Power Kw<\/td>\n<td>2,2<\/td>\n<\/tr>\n<tr>\n<td>Weight Kg<\/td>\n<td>240<\/td>\n<\/tr>\n<tr>\n<td>Dimensions (LxLxH)<\/td>\n<td>45x85x70<\/td>\n<\/tr>\n<\/tbody>\n<\/table>\n<p>&nbsp;<\/p>\n<table width=\"0\">\n<tbody>\n<tr>\n<td width=\"111\">&nbsp;<\/td>\n<td colspan=\"5\" width=\"349\"><strong>CUTTING CAPACITY<\/strong><\/td>\n<\/tr>\n<tr>\n<td rowspan=\"2\">Bar<\/td>\n<td width=\"70\">No.bars<\/td>\n<td width=\"70\">No.bars<\/td>\n<td width=\"70\">No.bars<\/td>\n<td width=\"70\">No.bars<\/td>\n<td width=\"70\">No.bars<\/td>\n<\/tr>\n<tr>\n<td>1<\/td>\n<td>2<\/td>\n<td>3<\/td>\n<td>4<\/td>\n<td>5<\/td>\n<\/tr>\n<tr>\n<td width=\"111\">Res.650N\/mm\u00b2<\/td>\n<td>\u00d8 max 26<\/td>\n<td>\u00d8 max 18<\/td>\n<td>\u00d8 max 14<\/td>\n<td>\u00d8 max 12<\/td>\n<td>\u00d8 max 10<\/td>\n<\/tr>\n<tr>\n<td width=\"111\">Res.850N\/mm\u00b2<\/td>\n<td>\u00d8 max 22<\/td>\n<td>\u00d8 max 16<\/td>\n<td>\u00d8 max 12<\/td>\n<td>\u00d8 max 10<\/td>\n<td>\u00d8 max 10<\/td>\n<\/tr>\n<\/tbody>\n<\/table>\n<p>&nbsp;<\/p>\n","protected":false},"featured_media":6814,"template":"","meta":{"_exactmetrics_skip_tracking":false,"_exactmetrics_sitenote_active":false,"_exactmetrics_sitenote_note":"","_exactmetrics_sitenote_category":0},"product_brand":[],"product_cat":[289,292,303],"product_tag":[326],"class_list":{"0":"post-8962","1":"product","2":"type-product","3":"status-publish","4":"has-post-thumbnail","6":"product_cat-reinforcement-processing-machines","7":"product_cat-cut-and-bend","8":"product_cat-benders-shears-radious-benders","9":"product_tag-tecmor-en","11":"first","12":"instock","13":"shipping-taxable","14":"product-type-simple"},"yoast_head":"<!-- This site is optimized with the Yoast SEO plugin v26.8 - https:\/\/yoast.com\/product\/yoast-seo-wordpress\/ -->\n<title>C 30 THREE-PHASE AND MONOPHASE \u2205 26 - A.B.CON.<\/title>\n<meta name=\"robots\" content=\"index, follow, max-snippet:-1, max-image-preview:large, max-video-preview:-1\" \/>\n<link rel=\"canonical\" href=\"https:\/\/abcon.gr\/product\/c-30-\u03c4\u03c1\u03b9\u03c6\u03b1\u03c3\u03b9\u03ba\u03bf-\u03ba\u03b1\u03b9-\u03bc\u03bf\u03bd\u03bf\u03c6\u03b1\u03c3\u03b9\u03ba\u03bf-\u2205-26\/\" \/>\n<meta property=\"og:locale\" content=\"en_US\" \/>\n<meta property=\"og:type\" content=\"article\" \/>\n<meta property=\"og:title\" content=\"C 30 THREE-PHASE AND MONOPHASE \u2205 26 - A.B.CON.\" \/>\n<meta property=\"og:description\" content=\"The main body is one-block in high-quality cast steel, reinforced in the points where the stress is higher, without any welded plate. The cutting blades, made in special hardened steel, are designed to cut both small and big diameter iron. Gears are in wear-resistant steel, continuously lubricated, and the moving parts are in hardened and rectified steel.    GENERAL FEATURES   RPM per 1&#039; 110   Power Kw 2,2   Weight Kg 240   Dimensions (LxLxH) 45x85x70    &nbsp;    &nbsp; CUTTING CAPACITY   Bar No.bars No.bars No.bars No.bars No.bars   1 2 3 4 5   Res.650N\/mm\u00b2 \u00d8 max 26 \u00d8 max 18 \u00d8 max 14 \u00d8 max 12 \u00d8 max 10   Res.850N\/mm\u00b2 \u00d8 max 22 \u00d8 max 16 \u00d8 max 12 \u00d8 max 10 \u00d8 max 10    &nbsp;\" \/>\n<meta property=\"og:url\" content=\"https:\/\/abcon.gr\/product\/c-30-\u03c4\u03c1\u03b9\u03c6\u03b1\u03c3\u03b9\u03ba\u03bf-\u03ba\u03b1\u03b9-\u03bc\u03bf\u03bd\u03bf\u03c6\u03b1\u03c3\u03b9\u03ba\u03bf-\u2205-26\/\" \/>\n<meta property=\"og:site_name\" content=\"A.B.CON.\" \/>\n<meta property=\"article:publisher\" content=\"https:\/\/www.facebook.com\/Steel.Precast.Solutions.ABCON\/\" \/>\n<meta property=\"article:modified_time\" content=\"2018-08-29T10:38:34+00:00\" \/>\n<meta property=\"og:image\" content=\"https:\/\/abcon.gr\/wp-content\/uploads\/2018\/04\/C-30-THREE-PHASE-AND-MONOPHASE-\u2205-26.jpg\" \/>\n\t<meta property=\"og:image:width\" content=\"780\" \/>\n\t<meta property=\"og:image:height\" content=\"780\" \/>\n\t<meta property=\"og:image:type\" content=\"image\/jpeg\" \/>\n<meta name=\"twitter:card\" content=\"summary_large_image\" \/>\n<script type=\"application\/ld+json\" class=\"yoast-schema-graph\">{\"@context\":\"https:\/\/schema.org\",\"@graph\":[{\"@type\":\"WebPage\",\"@id\":\"https:\/\/abcon.gr\/product\/c-30-%cf%84%cf%81%ce%b9%cf%86%ce%b1%cf%83%ce%b9%ce%ba%ce%bf-%ce%ba%ce%b1%ce%b9-%ce%bc%ce%bf%ce%bd%ce%bf%cf%86%ce%b1%cf%83%ce%b9%ce%ba%ce%bf-%e2%88%85-26\/\",\"url\":\"https:\/\/abcon.gr\/product\/c-30-%cf%84%cf%81%ce%b9%cf%86%ce%b1%cf%83%ce%b9%ce%ba%ce%bf-%ce%ba%ce%b1%ce%b9-%ce%bc%ce%bf%ce%bd%ce%bf%cf%86%ce%b1%cf%83%ce%b9%ce%ba%ce%bf-%e2%88%85-26\/\",\"name\":\"C 30 THREE-PHASE AND MONOPHASE \u2205 26 - A.B.CON.\",\"isPartOf\":{\"@id\":\"https:\/\/abcon.gr\/fr\/#website\"},\"primaryImageOfPage\":{\"@id\":\"https:\/\/abcon.gr\/product\/c-30-%cf%84%cf%81%ce%b9%cf%86%ce%b1%cf%83%ce%b9%ce%ba%ce%bf-%ce%ba%ce%b1%ce%b9-%ce%bc%ce%bf%ce%bd%ce%bf%cf%86%ce%b1%cf%83%ce%b9%ce%ba%ce%bf-%e2%88%85-26\/#primaryimage\"},\"image\":{\"@id\":\"https:\/\/abcon.gr\/product\/c-30-%cf%84%cf%81%ce%b9%cf%86%ce%b1%cf%83%ce%b9%ce%ba%ce%bf-%ce%ba%ce%b1%ce%b9-%ce%bc%ce%bf%ce%bd%ce%bf%cf%86%ce%b1%cf%83%ce%b9%ce%ba%ce%bf-%e2%88%85-26\/#primaryimage\"},\"thumbnailUrl\":\"https:\/\/abcon.gr\/wp-content\/uploads\/2018\/04\/C-30-THREE-PHASE-AND-MONOPHASE-\u2205-26.jpg\",\"datePublished\":\"2018-04-04T07:48:22+00:00\",\"dateModified\":\"2018-08-29T10:38:34+00:00\",\"breadcrumb\":{\"@id\":\"https:\/\/abcon.gr\/product\/c-30-%cf%84%cf%81%ce%b9%cf%86%ce%b1%cf%83%ce%b9%ce%ba%ce%bf-%ce%ba%ce%b1%ce%b9-%ce%bc%ce%bf%ce%bd%ce%bf%cf%86%ce%b1%cf%83%ce%b9%ce%ba%ce%bf-%e2%88%85-26\/#breadcrumb\"},\"inLanguage\":\"en-US\",\"potentialAction\":[{\"@type\":\"ReadAction\",\"target\":[\"https:\/\/abcon.gr\/product\/c-30-%cf%84%cf%81%ce%b9%cf%86%ce%b1%cf%83%ce%b9%ce%ba%ce%bf-%ce%ba%ce%b1%ce%b9-%ce%bc%ce%bf%ce%bd%ce%bf%cf%86%ce%b1%cf%83%ce%b9%ce%ba%ce%bf-%e2%88%85-26\/\"]}]},{\"@type\":\"ImageObject\",\"inLanguage\":\"en-US\",\"@id\":\"https:\/\/abcon.gr\/product\/c-30-%cf%84%cf%81%ce%b9%cf%86%ce%b1%cf%83%ce%b9%ce%ba%ce%bf-%ce%ba%ce%b1%ce%b9-%ce%bc%ce%bf%ce%bd%ce%bf%cf%86%ce%b1%cf%83%ce%b9%ce%ba%ce%bf-%e2%88%85-26\/#primaryimage\",\"url\":\"https:\/\/abcon.gr\/wp-content\/uploads\/2018\/04\/C-30-THREE-PHASE-AND-MONOPHASE-\u2205-26.jpg\",\"contentUrl\":\"https:\/\/abcon.gr\/wp-content\/uploads\/2018\/04\/C-30-THREE-PHASE-AND-MONOPHASE-\u2205-26.jpg\",\"width\":780,\"height\":780,\"caption\":\"C 30 THREE PHASE AND MONOPHASE \u2205 26\"},{\"@type\":\"BreadcrumbList\",\"@id\":\"https:\/\/abcon.gr\/product\/c-30-%cf%84%cf%81%ce%b9%cf%86%ce%b1%cf%83%ce%b9%ce%ba%ce%bf-%ce%ba%ce%b1%ce%b9-%ce%bc%ce%bf%ce%bd%ce%bf%cf%86%ce%b1%cf%83%ce%b9%ce%ba%ce%bf-%e2%88%85-26\/#breadcrumb\",\"itemListElement\":[{\"@type\":\"ListItem\",\"position\":1,\"name\":\"\u0391\u03c1\u03c7\u03b9\u03ba\u03ae\",\"item\":\"https:\/\/abcon.gr\/en\/\"},{\"@type\":\"ListItem\",\"position\":2,\"name\":\"Shop\",\"item\":\"https:\/\/abcon.gr\/en\/shop\/\"},{\"@type\":\"ListItem\",\"position\":3,\"name\":\"C 30 THREE-PHASE AND MONOPHASE \u2205 26\"}]},{\"@type\":\"WebSite\",\"@id\":\"https:\/\/abcon.gr\/fr\/#website\",\"url\":\"https:\/\/abcon.gr\/fr\/\",\"name\":\"A.B.CON. - \u039c\u03b7\u03c7\u03b1\u03bd\u03ad\u03c2 \u0395\u03c0\u03b5\u03be\u03b5\u03c1\u03b3\u03b1\u03c3\u03af\u03b1\u03c2 \u03a3\u03ba\u03c5\u03c1\u03bf\u03b4\u03ad\u03bc\u03b1\u03c4\u03bf\u03c2 & \u03a0\u03c1\u03bf\u03ba\u03b1\u03c4\u03b1\u03c3\u03ba\u03b5\u03c5\u03ae\u03c2\",\"description\":\"Reinforcement &amp; Concrete Machinery\",\"publisher\":{\"@id\":\"https:\/\/abcon.gr\/fr\/#organization\"},\"potentialAction\":[{\"@type\":\"SearchAction\",\"target\":{\"@type\":\"EntryPoint\",\"urlTemplate\":\"https:\/\/abcon.gr\/fr\/?s={search_term_string}\"},\"query-input\":{\"@type\":\"PropertyValueSpecification\",\"valueRequired\":true,\"valueName\":\"search_term_string\"}}],\"inLanguage\":\"en-US\"},{\"@type\":\"Organization\",\"@id\":\"https:\/\/abcon.gr\/fr\/#organization\",\"name\":\"A.B.CON. - \u039c\u03b7\u03c7\u03b1\u03bd\u03ad\u03c2 \u0395\u03c0\u03b5\u03be\u03b5\u03c1\u03b3\u03b1\u03c3\u03af\u03b1\u03c2 \u03a3\u03ba\u03c5\u03c1\u03bf\u03b4\u03ad\u03bc\u03b1\u03c4\u03bf\u03c2 & \u03a0\u03c1\u03bf\u03ba\u03b1\u03c4\u03b1\u03c3\u03ba\u03b5\u03c5\u03ae\u03c2\",\"url\":\"https:\/\/abcon.gr\/fr\/\",\"logo\":{\"@type\":\"ImageObject\",\"inLanguage\":\"en-US\",\"@id\":\"https:\/\/abcon.gr\/fr\/#\/schema\/logo\/image\/\",\"url\":\"https:\/\/abcon.gr\/wp-content\/uploads\/2021\/04\/logo_150.png\",\"contentUrl\":\"https:\/\/abcon.gr\/wp-content\/uploads\/2021\/04\/logo_150.png\",\"width\":150,\"height\":74,\"caption\":\"A.B.CON. - \u039c\u03b7\u03c7\u03b1\u03bd\u03ad\u03c2 \u0395\u03c0\u03b5\u03be\u03b5\u03c1\u03b3\u03b1\u03c3\u03af\u03b1\u03c2 \u03a3\u03ba\u03c5\u03c1\u03bf\u03b4\u03ad\u03bc\u03b1\u03c4\u03bf\u03c2 & \u03a0\u03c1\u03bf\u03ba\u03b1\u03c4\u03b1\u03c3\u03ba\u03b5\u03c5\u03ae\u03c2\"},\"image\":{\"@id\":\"https:\/\/abcon.gr\/fr\/#\/schema\/logo\/image\/\"},\"sameAs\":[\"https:\/\/www.facebook.com\/Steel.Precast.Solutions.ABCON\/\"]}]}<\/script>\n<!-- \/ Yoast SEO plugin. -->","yoast_head_json":{"title":"C 30 THREE-PHASE AND MONOPHASE \u2205 26 - A.B.CON.","robots":{"index":"index","follow":"follow","max-snippet":"max-snippet:-1","max-image-preview":"max-image-preview:large","max-video-preview":"max-video-preview:-1"},"canonical":"https:\/\/abcon.gr\/product\/c-30-\u03c4\u03c1\u03b9\u03c6\u03b1\u03c3\u03b9\u03ba\u03bf-\u03ba\u03b1\u03b9-\u03bc\u03bf\u03bd\u03bf\u03c6\u03b1\u03c3\u03b9\u03ba\u03bf-\u2205-26\/","og_locale":"en_US","og_type":"article","og_title":"C 30 THREE-PHASE AND MONOPHASE \u2205 26 - A.B.CON.","og_description":"The main body is one-block in high-quality cast steel, reinforced in the points where the stress is higher, without any welded plate. The cutting blades, made in special hardened steel, are designed to cut both small and big diameter iron. Gears are in wear-resistant steel, continuously lubricated, and the moving parts are in hardened and rectified steel.    GENERAL FEATURES   RPM per 1' 110   Power Kw 2,2   Weight Kg 240   Dimensions (LxLxH) 45x85x70    &nbsp;    &nbsp; CUTTING CAPACITY   Bar No.bars No.bars No.bars No.bars No.bars   1 2 3 4 5   Res.650N\/mm\u00b2 \u00d8 max 26 \u00d8 max 18 \u00d8 max 14 \u00d8 max 12 \u00d8 max 10   Res.850N\/mm\u00b2 \u00d8 max 22 \u00d8 max 16 \u00d8 max 12 \u00d8 max 10 \u00d8 max 10    &nbsp;","og_url":"https:\/\/abcon.gr\/product\/c-30-\u03c4\u03c1\u03b9\u03c6\u03b1\u03c3\u03b9\u03ba\u03bf-\u03ba\u03b1\u03b9-\u03bc\u03bf\u03bd\u03bf\u03c6\u03b1\u03c3\u03b9\u03ba\u03bf-\u2205-26\/","og_site_name":"A.B.CON.","article_publisher":"https:\/\/www.facebook.com\/Steel.Precast.Solutions.ABCON\/","article_modified_time":"2018-08-29T10:38:34+00:00","og_image":[{"width":780,"height":780,"url":"https:\/\/abcon.gr\/wp-content\/uploads\/2018\/04\/C-30-THREE-PHASE-AND-MONOPHASE-\u2205-26.jpg","type":"image\/jpeg"}],"twitter_card":"summary_large_image","schema":{"@context":"https:\/\/schema.org","@graph":[{"@type":"WebPage","@id":"https:\/\/abcon.gr\/product\/c-30-%cf%84%cf%81%ce%b9%cf%86%ce%b1%cf%83%ce%b9%ce%ba%ce%bf-%ce%ba%ce%b1%ce%b9-%ce%bc%ce%bf%ce%bd%ce%bf%cf%86%ce%b1%cf%83%ce%b9%ce%ba%ce%bf-%e2%88%85-26\/","url":"https:\/\/abcon.gr\/product\/c-30-%cf%84%cf%81%ce%b9%cf%86%ce%b1%cf%83%ce%b9%ce%ba%ce%bf-%ce%ba%ce%b1%ce%b9-%ce%bc%ce%bf%ce%bd%ce%bf%cf%86%ce%b1%cf%83%ce%b9%ce%ba%ce%bf-%e2%88%85-26\/","name":"C 30 THREE-PHASE AND MONOPHASE \u2205 26 - A.B.CON.","isPartOf":{"@id":"https:\/\/abcon.gr\/fr\/#website"},"primaryImageOfPage":{"@id":"https:\/\/abcon.gr\/product\/c-30-%cf%84%cf%81%ce%b9%cf%86%ce%b1%cf%83%ce%b9%ce%ba%ce%bf-%ce%ba%ce%b1%ce%b9-%ce%bc%ce%bf%ce%bd%ce%bf%cf%86%ce%b1%cf%83%ce%b9%ce%ba%ce%bf-%e2%88%85-26\/#primaryimage"},"image":{"@id":"https:\/\/abcon.gr\/product\/c-30-%cf%84%cf%81%ce%b9%cf%86%ce%b1%cf%83%ce%b9%ce%ba%ce%bf-%ce%ba%ce%b1%ce%b9-%ce%bc%ce%bf%ce%bd%ce%bf%cf%86%ce%b1%cf%83%ce%b9%ce%ba%ce%bf-%e2%88%85-26\/#primaryimage"},"thumbnailUrl":"https:\/\/abcon.gr\/wp-content\/uploads\/2018\/04\/C-30-THREE-PHASE-AND-MONOPHASE-\u2205-26.jpg","datePublished":"2018-04-04T07:48:22+00:00","dateModified":"2018-08-29T10:38:34+00:00","breadcrumb":{"@id":"https:\/\/abcon.gr\/product\/c-30-%cf%84%cf%81%ce%b9%cf%86%ce%b1%cf%83%ce%b9%ce%ba%ce%bf-%ce%ba%ce%b1%ce%b9-%ce%bc%ce%bf%ce%bd%ce%bf%cf%86%ce%b1%cf%83%ce%b9%ce%ba%ce%bf-%e2%88%85-26\/#breadcrumb"},"inLanguage":"en-US","potentialAction":[{"@type":"ReadAction","target":["https:\/\/abcon.gr\/product\/c-30-%cf%84%cf%81%ce%b9%cf%86%ce%b1%cf%83%ce%b9%ce%ba%ce%bf-%ce%ba%ce%b1%ce%b9-%ce%bc%ce%bf%ce%bd%ce%bf%cf%86%ce%b1%cf%83%ce%b9%ce%ba%ce%bf-%e2%88%85-26\/"]}]},{"@type":"ImageObject","inLanguage":"en-US","@id":"https:\/\/abcon.gr\/product\/c-30-%cf%84%cf%81%ce%b9%cf%86%ce%b1%cf%83%ce%b9%ce%ba%ce%bf-%ce%ba%ce%b1%ce%b9-%ce%bc%ce%bf%ce%bd%ce%bf%cf%86%ce%b1%cf%83%ce%b9%ce%ba%ce%bf-%e2%88%85-26\/#primaryimage","url":"https:\/\/abcon.gr\/wp-content\/uploads\/2018\/04\/C-30-THREE-PHASE-AND-MONOPHASE-\u2205-26.jpg","contentUrl":"https:\/\/abcon.gr\/wp-content\/uploads\/2018\/04\/C-30-THREE-PHASE-AND-MONOPHASE-\u2205-26.jpg","width":780,"height":780,"caption":"C 30 THREE PHASE AND MONOPHASE \u2205 26"},{"@type":"BreadcrumbList","@id":"https:\/\/abcon.gr\/product\/c-30-%cf%84%cf%81%ce%b9%cf%86%ce%b1%cf%83%ce%b9%ce%ba%ce%bf-%ce%ba%ce%b1%ce%b9-%ce%bc%ce%bf%ce%bd%ce%bf%cf%86%ce%b1%cf%83%ce%b9%ce%ba%ce%bf-%e2%88%85-26\/#breadcrumb","itemListElement":[{"@type":"ListItem","position":1,"name":"\u0391\u03c1\u03c7\u03b9\u03ba\u03ae","item":"https:\/\/abcon.gr\/en\/"},{"@type":"ListItem","position":2,"name":"Shop","item":"https:\/\/abcon.gr\/en\/shop\/"},{"@type":"ListItem","position":3,"name":"C 30 THREE-PHASE AND MONOPHASE \u2205 26"}]},{"@type":"WebSite","@id":"https:\/\/abcon.gr\/fr\/#website","url":"https:\/\/abcon.gr\/fr\/","name":"A.B.CON. - \u039c\u03b7\u03c7\u03b1\u03bd\u03ad\u03c2 \u0395\u03c0\u03b5\u03be\u03b5\u03c1\u03b3\u03b1\u03c3\u03af\u03b1\u03c2 \u03a3\u03ba\u03c5\u03c1\u03bf\u03b4\u03ad\u03bc\u03b1\u03c4\u03bf\u03c2 & \u03a0\u03c1\u03bf\u03ba\u03b1\u03c4\u03b1\u03c3\u03ba\u03b5\u03c5\u03ae\u03c2","description":"Reinforcement &amp; Concrete Machinery","publisher":{"@id":"https:\/\/abcon.gr\/fr\/#organization"},"potentialAction":[{"@type":"SearchAction","target":{"@type":"EntryPoint","urlTemplate":"https:\/\/abcon.gr\/fr\/?s={search_term_string}"},"query-input":{"@type":"PropertyValueSpecification","valueRequired":true,"valueName":"search_term_string"}}],"inLanguage":"en-US"},{"@type":"Organization","@id":"https:\/\/abcon.gr\/fr\/#organization","name":"A.B.CON. - \u039c\u03b7\u03c7\u03b1\u03bd\u03ad\u03c2 \u0395\u03c0\u03b5\u03be\u03b5\u03c1\u03b3\u03b1\u03c3\u03af\u03b1\u03c2 \u03a3\u03ba\u03c5\u03c1\u03bf\u03b4\u03ad\u03bc\u03b1\u03c4\u03bf\u03c2 & \u03a0\u03c1\u03bf\u03ba\u03b1\u03c4\u03b1\u03c3\u03ba\u03b5\u03c5\u03ae\u03c2","url":"https:\/\/abcon.gr\/fr\/","logo":{"@type":"ImageObject","inLanguage":"en-US","@id":"https:\/\/abcon.gr\/fr\/#\/schema\/logo\/image\/","url":"https:\/\/abcon.gr\/wp-content\/uploads\/2021\/04\/logo_150.png","contentUrl":"https:\/\/abcon.gr\/wp-content\/uploads\/2021\/04\/logo_150.png","width":150,"height":74,"caption":"A.B.CON. - \u039c\u03b7\u03c7\u03b1\u03bd\u03ad\u03c2 \u0395\u03c0\u03b5\u03be\u03b5\u03c1\u03b3\u03b1\u03c3\u03af\u03b1\u03c2 \u03a3\u03ba\u03c5\u03c1\u03bf\u03b4\u03ad\u03bc\u03b1\u03c4\u03bf\u03c2 & \u03a0\u03c1\u03bf\u03ba\u03b1\u03c4\u03b1\u03c3\u03ba\u03b5\u03c5\u03ae\u03c2"},"image":{"@id":"https:\/\/abcon.gr\/fr\/#\/schema\/logo\/image\/"},"sameAs":["https:\/\/www.facebook.com\/Steel.Precast.Solutions.ABCON\/"]}]}},"_links":{"self":[{"href":"https:\/\/abcon.gr\/en\/wp-json\/wp\/v2\/product\/8962","targetHints":{"allow":["GET"]}}],"collection":[{"href":"https:\/\/abcon.gr\/en\/wp-json\/wp\/v2\/product"}],"about":[{"href":"https:\/\/abcon.gr\/en\/wp-json\/wp\/v2\/types\/product"}],"wp:featuredmedia":[{"embeddable":true,"href":"https:\/\/abcon.gr\/en\/wp-json\/wp\/v2\/media\/6814"}],"wp:attachment":[{"href":"https:\/\/abcon.gr\/en\/wp-json\/wp\/v2\/media?parent=8962"}],"wp:term":[{"taxonomy":"product_brand","embeddable":true,"href":"https:\/\/abcon.gr\/en\/wp-json\/wp\/v2\/product_brand?post=8962"},{"taxonomy":"product_cat","embeddable":true,"href":"https:\/\/abcon.gr\/en\/wp-json\/wp\/v2\/product_cat?post=8962"},{"taxonomy":"product_tag","embeddable":true,"href":"https:\/\/abcon.gr\/en\/wp-json\/wp\/v2\/product_tag?post=8962"}],"curies":[{"name":"wp","href":"https:\/\/api.w.org\/{rel}","templated":true}]}}