{"id":8927,"date":"2018-06-11T11:47:07","date_gmt":"2018-06-11T08:47:07","guid":{"rendered":"http:\/\/test3.aenima.grproduct\/pf-40-s-three-phase-with-and-without-speed-variator-%e2%88%85-34\/"},"modified":"2018-08-29T12:46:02","modified_gmt":"2018-08-29T09:46:02","slug":"pf-40-s-three-phase-with-and-without-speed-variator-%e2%88%85-34","status":"publish","type":"product","link":"https:\/\/abcon.gr\/en\/product\/pf-40-s-three-phase-with-and-without-speed-variator-%e2%88%85-34\/","title":{"rendered":"PF 40 S THREE-PHASE &#8211; WITH and WITHOUT SPEED VARIATOR \u2205 34"},"content":{"rendered":"","protected":false},"excerpt":{"rendered":"<table width=\"0\">\n<tbody>\n<tr>\n<td colspan=\"2\" width=\"460\"><strong>GENERAL FEATURES<\/strong><\/td>\n<\/tr>\n<tr>\n<td width=\"348\">RPM per 1&#8242;<\/td>\n<td>8<\/td>\n<\/tr>\n<tr>\n<td>Power Kw<\/td>\n<td>2,2<\/td>\n<\/tr>\n<tr>\n<td>Weight Kg<\/td>\n<td>380<\/td>\n<\/tr>\n<tr>\n<td>Dimensions (LxLxH)<\/td>\n<td>107x76x86<\/td>\n<\/tr>\n<\/tbody>\n<\/table>\n<p>&nbsp;<\/p>\n<table width=\"0\">\n<tbody>\n<tr>\n<td width=\"111\">&nbsp;<\/td>\n<td colspan=\"5\" width=\"349\"><strong>BENDING CAPACITY AT 8 RPM PER 1&#8242;<\/strong><\/td>\n<\/tr>\n<tr>\n<td rowspan=\"2\">Bar<\/td>\n<td width=\"70\">No.bars<\/td>\n<td width=\"70\">No.bars<\/td>\n<td width=\"70\">No.bars<\/td>\n<td width=\"70\">No.bars<\/td>\n<td width=\"70\">No.bars<\/td>\n<\/tr>\n<tr>\n<td>1<\/td>\n<td>2<\/td>\n<td>3<\/td>\n<td>4<\/td>\n<td>5<\/td>\n<\/tr>\n<tr>\n<td width=\"111\">Res.650N\/mm\u00b2<\/td>\n<td>\u00d8 max 34<\/td>\n<td>\u00d8 max 27<\/td>\n<td>\u00d8 max 18<\/td>\n<td>\u00d8 max 14<\/td>\n<td>\u00d8 max 12<\/td>\n<\/tr>\n<tr>\n<td width=\"111\">Res.850N\/mm\u00b2<\/td>\n<td>\u00d8 max 30<\/td>\n<td>\u00d8 max 20<\/td>\n<td>\u00d8 max 16<\/td>\n<td>\u00d8 max 12<\/td>\n<td>\u00d8 max 10<\/td>\n<\/tr>\n<\/tbody>\n<\/table>\n","protected":false},"featured_media":7639,"template":"","meta":{"_exactmetrics_skip_tracking":false,"_exactmetrics_sitenote_active":false,"_exactmetrics_sitenote_note":"","_exactmetrics_sitenote_category":0},"product_brand":[],"product_cat":[289,292,303],"product_tag":[326],"class_list":{"0":"post-8927","1":"product","2":"type-product","3":"status-publish","4":"has-post-thumbnail","6":"product_cat-reinforcement-processing-machines","7":"product_cat-cut-and-bend","8":"product_cat-benders-shears-radious-benders","9":"product_tag-tecmor-en","11":"first","12":"instock","13":"shipping-taxable","14":"product-type-simple"},"yoast_head":"<!-- This site is optimized with the Yoast SEO plugin v26.8 - https:\/\/yoast.com\/product\/yoast-seo-wordpress\/ -->\n<title>PF 40 S THREE-PHASE - WITH and WITHOUT SPEED VARIATOR \u2205 34 - A.B.CON.<\/title>\n<meta name=\"robots\" content=\"index, follow, max-snippet:-1, max-image-preview:large, max-video-preview:-1\" \/>\n<link rel=\"canonical\" href=\"https:\/\/abcon.gr\/product\/pf-40-s-three-phase-with-and-without-speed-variator-\u2205-34\/\" \/>\n<meta property=\"og:locale\" content=\"en_US\" \/>\n<meta property=\"og:type\" content=\"article\" \/>\n<meta property=\"og:title\" content=\"PF 40 S THREE-PHASE - WITH and WITHOUT SPEED VARIATOR \u2205 34 - A.B.CON.\" \/>\n<meta property=\"og:description\" content=\"GENERAL FEATURES   RPM per 1&#039; 8   Power Kw 2,2   Weight Kg 380   Dimensions (LxLxH) 107x76x86    &nbsp;    &nbsp; BENDING CAPACITY AT 8 RPM PER 1&#039;   Bar No.bars No.bars No.bars No.bars No.bars   1 2 3 4 5   Res.650N\/mm\u00b2 \u00d8 max 34 \u00d8 max 27 \u00d8 max 18 \u00d8 max 14 \u00d8 max 12   Res.850N\/mm\u00b2 \u00d8 max 30 \u00d8 max 20 \u00d8 max 16 \u00d8 max 12 \u00d8 max 10\" \/>\n<meta property=\"og:url\" content=\"https:\/\/abcon.gr\/product\/pf-40-s-three-phase-with-and-without-speed-variator-\u2205-34\/\" \/>\n<meta property=\"og:site_name\" content=\"A.B.CON.\" \/>\n<meta property=\"article:publisher\" content=\"https:\/\/www.facebook.com\/Steel.Precast.Solutions.ABCON\/\" \/>\n<meta property=\"article:modified_time\" content=\"2018-08-29T09:46:02+00:00\" \/>\n<meta property=\"og:image\" content=\"https:\/\/abcon.gr\/wp-content\/uploads\/2018\/06\/PF-40-S-THREE-PHASE-WITH-and-WITHOUT-SPEED-VARIATOR-\u2205-34.jpg\" \/>\n\t<meta property=\"og:image:width\" content=\"780\" \/>\n\t<meta property=\"og:image:height\" content=\"838\" \/>\n\t<meta property=\"og:image:type\" content=\"image\/jpeg\" \/>\n<meta name=\"twitter:card\" content=\"summary_large_image\" \/>\n<script type=\"application\/ld+json\" class=\"yoast-schema-graph\">{\"@context\":\"https:\/\/schema.org\",\"@graph\":[{\"@type\":\"WebPage\",\"@id\":\"https:\/\/abcon.gr\/product\/pf-40-s-three-phase-with-and-without-speed-variator-%e2%88%85-34\/\",\"url\":\"https:\/\/abcon.gr\/product\/pf-40-s-three-phase-with-and-without-speed-variator-%e2%88%85-34\/\",\"name\":\"PF 40 S THREE-PHASE - WITH and WITHOUT SPEED VARIATOR \u2205 34 - A.B.CON.\",\"isPartOf\":{\"@id\":\"https:\/\/abcon.gr\/fr\/#website\"},\"primaryImageOfPage\":{\"@id\":\"https:\/\/abcon.gr\/product\/pf-40-s-three-phase-with-and-without-speed-variator-%e2%88%85-34\/#primaryimage\"},\"image\":{\"@id\":\"https:\/\/abcon.gr\/product\/pf-40-s-three-phase-with-and-without-speed-variator-%e2%88%85-34\/#primaryimage\"},\"thumbnailUrl\":\"https:\/\/abcon.gr\/wp-content\/uploads\/2018\/06\/PF-40-S-THREE-PHASE-WITH-and-WITHOUT-SPEED-VARIATOR-\u2205-34.jpg\",\"datePublished\":\"2018-06-11T08:47:07+00:00\",\"dateModified\":\"2018-08-29T09:46:02+00:00\",\"breadcrumb\":{\"@id\":\"https:\/\/abcon.gr\/product\/pf-40-s-three-phase-with-and-without-speed-variator-%e2%88%85-34\/#breadcrumb\"},\"inLanguage\":\"en-US\",\"potentialAction\":[{\"@type\":\"ReadAction\",\"target\":[\"https:\/\/abcon.gr\/product\/pf-40-s-three-phase-with-and-without-speed-variator-%e2%88%85-34\/\"]}]},{\"@type\":\"ImageObject\",\"inLanguage\":\"en-US\",\"@id\":\"https:\/\/abcon.gr\/product\/pf-40-s-three-phase-with-and-without-speed-variator-%e2%88%85-34\/#primaryimage\",\"url\":\"https:\/\/abcon.gr\/wp-content\/uploads\/2018\/06\/PF-40-S-THREE-PHASE-WITH-and-WITHOUT-SPEED-VARIATOR-\u2205-34.jpg\",\"contentUrl\":\"https:\/\/abcon.gr\/wp-content\/uploads\/2018\/06\/PF-40-S-THREE-PHASE-WITH-and-WITHOUT-SPEED-VARIATOR-\u2205-34.jpg\",\"width\":780,\"height\":838,\"caption\":\"PF 40 S THREE PHASE WITH and WITHOUT SPEED VARIATOR \u2205 34\"},{\"@type\":\"BreadcrumbList\",\"@id\":\"https:\/\/abcon.gr\/product\/pf-40-s-three-phase-with-and-without-speed-variator-%e2%88%85-34\/#breadcrumb\",\"itemListElement\":[{\"@type\":\"ListItem\",\"position\":1,\"name\":\"\u0391\u03c1\u03c7\u03b9\u03ba\u03ae\",\"item\":\"https:\/\/abcon.gr\/en\/\"},{\"@type\":\"ListItem\",\"position\":2,\"name\":\"Shop\",\"item\":\"https:\/\/abcon.gr\/en\/shop\/\"},{\"@type\":\"ListItem\",\"position\":3,\"name\":\"PF 40 S THREE-PHASE &#8211; WITH and WITHOUT SPEED VARIATOR \u2205 34\"}]},{\"@type\":\"WebSite\",\"@id\":\"https:\/\/abcon.gr\/fr\/#website\",\"url\":\"https:\/\/abcon.gr\/fr\/\",\"name\":\"A.B.CON. - \u039c\u03b7\u03c7\u03b1\u03bd\u03ad\u03c2 \u0395\u03c0\u03b5\u03be\u03b5\u03c1\u03b3\u03b1\u03c3\u03af\u03b1\u03c2 \u03a3\u03ba\u03c5\u03c1\u03bf\u03b4\u03ad\u03bc\u03b1\u03c4\u03bf\u03c2 & \u03a0\u03c1\u03bf\u03ba\u03b1\u03c4\u03b1\u03c3\u03ba\u03b5\u03c5\u03ae\u03c2\",\"description\":\"Reinforcement &amp; Concrete Machinery\",\"publisher\":{\"@id\":\"https:\/\/abcon.gr\/fr\/#organization\"},\"potentialAction\":[{\"@type\":\"SearchAction\",\"target\":{\"@type\":\"EntryPoint\",\"urlTemplate\":\"https:\/\/abcon.gr\/fr\/?s={search_term_string}\"},\"query-input\":{\"@type\":\"PropertyValueSpecification\",\"valueRequired\":true,\"valueName\":\"search_term_string\"}}],\"inLanguage\":\"en-US\"},{\"@type\":\"Organization\",\"@id\":\"https:\/\/abcon.gr\/fr\/#organization\",\"name\":\"A.B.CON. - \u039c\u03b7\u03c7\u03b1\u03bd\u03ad\u03c2 \u0395\u03c0\u03b5\u03be\u03b5\u03c1\u03b3\u03b1\u03c3\u03af\u03b1\u03c2 \u03a3\u03ba\u03c5\u03c1\u03bf\u03b4\u03ad\u03bc\u03b1\u03c4\u03bf\u03c2 & \u03a0\u03c1\u03bf\u03ba\u03b1\u03c4\u03b1\u03c3\u03ba\u03b5\u03c5\u03ae\u03c2\",\"url\":\"https:\/\/abcon.gr\/fr\/\",\"logo\":{\"@type\":\"ImageObject\",\"inLanguage\":\"en-US\",\"@id\":\"https:\/\/abcon.gr\/fr\/#\/schema\/logo\/image\/\",\"url\":\"https:\/\/abcon.gr\/wp-content\/uploads\/2021\/04\/logo_150.png\",\"contentUrl\":\"https:\/\/abcon.gr\/wp-content\/uploads\/2021\/04\/logo_150.png\",\"width\":150,\"height\":74,\"caption\":\"A.B.CON. - \u039c\u03b7\u03c7\u03b1\u03bd\u03ad\u03c2 \u0395\u03c0\u03b5\u03be\u03b5\u03c1\u03b3\u03b1\u03c3\u03af\u03b1\u03c2 \u03a3\u03ba\u03c5\u03c1\u03bf\u03b4\u03ad\u03bc\u03b1\u03c4\u03bf\u03c2 & \u03a0\u03c1\u03bf\u03ba\u03b1\u03c4\u03b1\u03c3\u03ba\u03b5\u03c5\u03ae\u03c2\"},\"image\":{\"@id\":\"https:\/\/abcon.gr\/fr\/#\/schema\/logo\/image\/\"},\"sameAs\":[\"https:\/\/www.facebook.com\/Steel.Precast.Solutions.ABCON\/\"]}]}<\/script>\n<!-- \/ Yoast SEO plugin. -->","yoast_head_json":{"title":"PF 40 S THREE-PHASE - WITH and WITHOUT SPEED VARIATOR \u2205 34 - A.B.CON.","robots":{"index":"index","follow":"follow","max-snippet":"max-snippet:-1","max-image-preview":"max-image-preview:large","max-video-preview":"max-video-preview:-1"},"canonical":"https:\/\/abcon.gr\/product\/pf-40-s-three-phase-with-and-without-speed-variator-\u2205-34\/","og_locale":"en_US","og_type":"article","og_title":"PF 40 S THREE-PHASE - WITH and WITHOUT SPEED VARIATOR \u2205 34 - A.B.CON.","og_description":"GENERAL FEATURES   RPM per 1' 8   Power Kw 2,2   Weight Kg 380   Dimensions (LxLxH) 107x76x86    &nbsp;    &nbsp; BENDING CAPACITY AT 8 RPM PER 1'   Bar No.bars No.bars No.bars No.bars No.bars   1 2 3 4 5   Res.650N\/mm\u00b2 \u00d8 max 34 \u00d8 max 27 \u00d8 max 18 \u00d8 max 14 \u00d8 max 12   Res.850N\/mm\u00b2 \u00d8 max 30 \u00d8 max 20 \u00d8 max 16 \u00d8 max 12 \u00d8 max 10","og_url":"https:\/\/abcon.gr\/product\/pf-40-s-three-phase-with-and-without-speed-variator-\u2205-34\/","og_site_name":"A.B.CON.","article_publisher":"https:\/\/www.facebook.com\/Steel.Precast.Solutions.ABCON\/","article_modified_time":"2018-08-29T09:46:02+00:00","og_image":[{"width":780,"height":838,"url":"https:\/\/abcon.gr\/wp-content\/uploads\/2018\/06\/PF-40-S-THREE-PHASE-WITH-and-WITHOUT-SPEED-VARIATOR-\u2205-34.jpg","type":"image\/jpeg"}],"twitter_card":"summary_large_image","schema":{"@context":"https:\/\/schema.org","@graph":[{"@type":"WebPage","@id":"https:\/\/abcon.gr\/product\/pf-40-s-three-phase-with-and-without-speed-variator-%e2%88%85-34\/","url":"https:\/\/abcon.gr\/product\/pf-40-s-three-phase-with-and-without-speed-variator-%e2%88%85-34\/","name":"PF 40 S THREE-PHASE - WITH and WITHOUT SPEED VARIATOR \u2205 34 - A.B.CON.","isPartOf":{"@id":"https:\/\/abcon.gr\/fr\/#website"},"primaryImageOfPage":{"@id":"https:\/\/abcon.gr\/product\/pf-40-s-three-phase-with-and-without-speed-variator-%e2%88%85-34\/#primaryimage"},"image":{"@id":"https:\/\/abcon.gr\/product\/pf-40-s-three-phase-with-and-without-speed-variator-%e2%88%85-34\/#primaryimage"},"thumbnailUrl":"https:\/\/abcon.gr\/wp-content\/uploads\/2018\/06\/PF-40-S-THREE-PHASE-WITH-and-WITHOUT-SPEED-VARIATOR-\u2205-34.jpg","datePublished":"2018-06-11T08:47:07+00:00","dateModified":"2018-08-29T09:46:02+00:00","breadcrumb":{"@id":"https:\/\/abcon.gr\/product\/pf-40-s-three-phase-with-and-without-speed-variator-%e2%88%85-34\/#breadcrumb"},"inLanguage":"en-US","potentialAction":[{"@type":"ReadAction","target":["https:\/\/abcon.gr\/product\/pf-40-s-three-phase-with-and-without-speed-variator-%e2%88%85-34\/"]}]},{"@type":"ImageObject","inLanguage":"en-US","@id":"https:\/\/abcon.gr\/product\/pf-40-s-three-phase-with-and-without-speed-variator-%e2%88%85-34\/#primaryimage","url":"https:\/\/abcon.gr\/wp-content\/uploads\/2018\/06\/PF-40-S-THREE-PHASE-WITH-and-WITHOUT-SPEED-VARIATOR-\u2205-34.jpg","contentUrl":"https:\/\/abcon.gr\/wp-content\/uploads\/2018\/06\/PF-40-S-THREE-PHASE-WITH-and-WITHOUT-SPEED-VARIATOR-\u2205-34.jpg","width":780,"height":838,"caption":"PF 40 S THREE PHASE WITH and WITHOUT SPEED VARIATOR \u2205 34"},{"@type":"BreadcrumbList","@id":"https:\/\/abcon.gr\/product\/pf-40-s-three-phase-with-and-without-speed-variator-%e2%88%85-34\/#breadcrumb","itemListElement":[{"@type":"ListItem","position":1,"name":"\u0391\u03c1\u03c7\u03b9\u03ba\u03ae","item":"https:\/\/abcon.gr\/en\/"},{"@type":"ListItem","position":2,"name":"Shop","item":"https:\/\/abcon.gr\/en\/shop\/"},{"@type":"ListItem","position":3,"name":"PF 40 S THREE-PHASE &#8211; WITH and WITHOUT SPEED VARIATOR \u2205 34"}]},{"@type":"WebSite","@id":"https:\/\/abcon.gr\/fr\/#website","url":"https:\/\/abcon.gr\/fr\/","name":"A.B.CON. - \u039c\u03b7\u03c7\u03b1\u03bd\u03ad\u03c2 \u0395\u03c0\u03b5\u03be\u03b5\u03c1\u03b3\u03b1\u03c3\u03af\u03b1\u03c2 \u03a3\u03ba\u03c5\u03c1\u03bf\u03b4\u03ad\u03bc\u03b1\u03c4\u03bf\u03c2 & \u03a0\u03c1\u03bf\u03ba\u03b1\u03c4\u03b1\u03c3\u03ba\u03b5\u03c5\u03ae\u03c2","description":"Reinforcement &amp; Concrete Machinery","publisher":{"@id":"https:\/\/abcon.gr\/fr\/#organization"},"potentialAction":[{"@type":"SearchAction","target":{"@type":"EntryPoint","urlTemplate":"https:\/\/abcon.gr\/fr\/?s={search_term_string}"},"query-input":{"@type":"PropertyValueSpecification","valueRequired":true,"valueName":"search_term_string"}}],"inLanguage":"en-US"},{"@type":"Organization","@id":"https:\/\/abcon.gr\/fr\/#organization","name":"A.B.CON. - \u039c\u03b7\u03c7\u03b1\u03bd\u03ad\u03c2 \u0395\u03c0\u03b5\u03be\u03b5\u03c1\u03b3\u03b1\u03c3\u03af\u03b1\u03c2 \u03a3\u03ba\u03c5\u03c1\u03bf\u03b4\u03ad\u03bc\u03b1\u03c4\u03bf\u03c2 & \u03a0\u03c1\u03bf\u03ba\u03b1\u03c4\u03b1\u03c3\u03ba\u03b5\u03c5\u03ae\u03c2","url":"https:\/\/abcon.gr\/fr\/","logo":{"@type":"ImageObject","inLanguage":"en-US","@id":"https:\/\/abcon.gr\/fr\/#\/schema\/logo\/image\/","url":"https:\/\/abcon.gr\/wp-content\/uploads\/2021\/04\/logo_150.png","contentUrl":"https:\/\/abcon.gr\/wp-content\/uploads\/2021\/04\/logo_150.png","width":150,"height":74,"caption":"A.B.CON. - \u039c\u03b7\u03c7\u03b1\u03bd\u03ad\u03c2 \u0395\u03c0\u03b5\u03be\u03b5\u03c1\u03b3\u03b1\u03c3\u03af\u03b1\u03c2 \u03a3\u03ba\u03c5\u03c1\u03bf\u03b4\u03ad\u03bc\u03b1\u03c4\u03bf\u03c2 & \u03a0\u03c1\u03bf\u03ba\u03b1\u03c4\u03b1\u03c3\u03ba\u03b5\u03c5\u03ae\u03c2"},"image":{"@id":"https:\/\/abcon.gr\/fr\/#\/schema\/logo\/image\/"},"sameAs":["https:\/\/www.facebook.com\/Steel.Precast.Solutions.ABCON\/"]}]}},"_links":{"self":[{"href":"https:\/\/abcon.gr\/en\/wp-json\/wp\/v2\/product\/8927","targetHints":{"allow":["GET"]}}],"collection":[{"href":"https:\/\/abcon.gr\/en\/wp-json\/wp\/v2\/product"}],"about":[{"href":"https:\/\/abcon.gr\/en\/wp-json\/wp\/v2\/types\/product"}],"wp:featuredmedia":[{"embeddable":true,"href":"https:\/\/abcon.gr\/en\/wp-json\/wp\/v2\/media\/7639"}],"wp:attachment":[{"href":"https:\/\/abcon.gr\/en\/wp-json\/wp\/v2\/media?parent=8927"}],"wp:term":[{"taxonomy":"product_brand","embeddable":true,"href":"https:\/\/abcon.gr\/en\/wp-json\/wp\/v2\/product_brand?post=8927"},{"taxonomy":"product_cat","embeddable":true,"href":"https:\/\/abcon.gr\/en\/wp-json\/wp\/v2\/product_cat?post=8927"},{"taxonomy":"product_tag","embeddable":true,"href":"https:\/\/abcon.gr\/en\/wp-json\/wp\/v2\/product_tag?post=8927"}],"curies":[{"name":"wp","href":"https:\/\/api.w.org\/{rel}","templated":true}]}}